





{"id":61865,"date":"2023-08-01T11:29:21","date_gmt":"2023-08-01T09:29:21","guid":{"rendered":"https:\/\/repliquemangacine.fr\/?post_type=product&#038;p=61865"},"modified":"2026-04-25T09:17:09","modified_gmt":"2026-04-25T07:17:09","slug":"dague-hugues-de-payns","status":"publish","type":"product","link":"https:\/\/repliquemangacine.fr\/en\/dagues-medievales\/dague-hugues-de-payns\/","title":{"rendered":"Dague Hugues de Payns"},"content":{"rendered":"<h2>Black Hugues de Payns dagger.<\/h2>\n<p>To begin with, the Hugues de Payns Dagger, a must-have collector's item. <a href=\"https:\/\/huguesdepayns.fr\/\" target=\"_blank\" rel=\"noopener noreferrer\">Hugues II de Payns<\/a> was a knight from Champagne, founder and first master of the Order of the Temple.<\/p>\n<p>The Order of the Temple, a religious and military order born of Christian chivalry in the Middle Ages. The vocation of the Order of the Temple was to protect Christian pilgrims on their way to the Holy Land. This pilgrimage was one of the three most important in medieval Christianity.<\/p>\n<p>The seal, a personal seal that authenticates an act and attests to a signature. In fact, some twenty Templar seals are known to exist. They belonged to masters, high dignitaries, commanders or knights of the order in the 13th century.<\/p>\n<p>It's worth pointing out that the cross patt\u00e9e indicates the Templars' membership of Christianity, and the color red recalls the blood shed by Christ.<\/p>\n<h2>Your Dague Hugues de Payns at the best price.<\/h2>\n<p>We offer a wide range of medieval replicas.<\/p>\n<p>First and foremost,<\/p>\n<ul>\n<li>L'<a href=\"https:\/\/repliquemangacine.fr\/en\/medieval-templar-sword\/knights-templar-sword\/\">fighting sword<\/a> from the Middle Ages in carbon steel.<\/li>\n<li>There is also the <a href=\"https:\/\/repliquemangacine.fr\/en\/shield-and-armor\/medieval-shield-of-the-templars\/\">Templar Shield<\/a> with its sumptuous backdrops.<\/li>\n<li>And many more to discover in our online store!<\/li>\n<\/ul>\n<p>A great gift idea for all medieval enthusiasts.<\/p>\n<p>In conclusion, you can also use this Hugues de Payns Templar Dagger for your historical re-enactments or interior decoration. But above all, it's a collector's item and a decorative piece.<\/p>\n<h2>How to maintain your Dagger blade<\/h2>\n<p>Collector's and decorative daggers are made and assembled in a simplified way. As their use is decorative, they lack the safety features required of a Japanese saber intended for training.<\/p>\n<p>However, your Dague Hugues de Payns has a steel blade that needs to be maintained to avoid damage over time. You'll be exposing your dagger, and your friends will be curious to see the blade and touch it. This is where you need to be careful, as the acidity of your fingers is very harmful to steel, whatever its quality.<\/p>\n<p>However, if this does happen, don't panic - all you need is a cloth dampened with a little oil and a wipe of fingerprints. By doing so, you'll be able to keep your dagger for a very long time.<\/p>","protected":false},"excerpt":{"rendered":"<p>Reproduction of the dagger of 1\u1d49\u02b3 Templar Hugues de Payns.<\/p>\n<ul>\n<li>Stainless steel blade.<\/li>\n<li>All-antique metal guard, handle and pommel.<\/li>\n<li>Black ABS sheath.<\/li>\n<li>Gift box.<\/li>\n<li>Blade length: 24 cm - Total length: 40 cm - Weight:250 grs<\/li>\n<\/ul>\n<p>&nbsp;<\/p>","protected":false},"featured_media":61866,"template":"","meta":[],"product_brand":[896],"product_cat":[25,93,43],"product_tag":[],"class_list":{"0":"post-61865","1":"product","2":"type-product","3":"status-publish","4":"has-post-thumbnail","6":"product_brand-replique-manga-cine","7":"product_cat-armes-historiques","8":"product_cat-dagues-medievales","9":"product_cat-reproductions-d-armes-et-accessoires-medievales","11":"first","12":"outofstock","13":"taxable","14":"shipping-taxable","15":"purchasable","16":"product-type-simple"},"yoast_head":"<!-- This site is optimized with the Yoast SEO plugin v27.5 - https:\/\/yoast.com\/product\/yoast-seo-wordpress\/ -->\n<title>Dague Hugues de Payns - Reproduction m\u00e9di\u00e9vale - R\u00e9plique Manga Cin\u00e9<\/title>\n<meta name=\"description\" content=\"D\u00e9couvrez cette superbe Dague Hugues de Payns au meilleur prix. Lame en acier inox. Garde, poign\u00e9e et pommeau en acier vieilli. Fourreau ABS. 40 cm\" \/>\n<meta name=\"robots\" content=\"index, follow, max-snippet:-1, max-image-preview:large, max-video-preview:-1\" \/>\n<link rel=\"canonical\" href=\"https:\/\/repliquemangacine.fr\/en\/medieval-daggers\/dague-hugues-de-payns\/\" \/>\n<meta property=\"og:locale\" content=\"en_US\" \/>\n<meta property=\"og:type\" content=\"article\" \/>\n<meta property=\"og:title\" content=\"Dague Hugues de Payns - Reproduction m\u00e9di\u00e9vale - R\u00e9plique Manga Cin\u00e9\" \/>\n<meta property=\"og:description\" content=\"D\u00e9couvrez cette superbe Dague Hugues de Payns au meilleur prix. Lame en acier inox. Garde, poign\u00e9e et pommeau en acier vieilli. Fourreau ABS. 40 cm\" \/>\n<meta property=\"og:url\" content=\"https:\/\/repliquemangacine.fr\/en\/medieval-daggers\/dague-hugues-de-payns\/\" \/>\n<meta property=\"og:site_name\" content=\"R\u00e9plique Manga Cin\u00e9\" \/>\n<meta property=\"article:publisher\" content=\"https:\/\/www.facebook.com\/RepliqueMangaCine\" \/>\n<meta property=\"article:modified_time\" content=\"2026-04-25T07:17:09+00:00\" \/>\n<meta property=\"og:image\" content=\"https:\/\/repliquemangacine.fr\/wp-content\/uploads\/2023\/10\/Dague-Hugues-de-Payns.jpg\" \/>\n\t<meta property=\"og:image:width\" content=\"500\" \/>\n\t<meta property=\"og:image:height\" content=\"500\" \/>\n\t<meta property=\"og:image:type\" content=\"image\/jpeg\" \/>\n<meta name=\"twitter:card\" content=\"summary_large_image\" \/>\n<meta name=\"twitter:label1\" content=\"Est. reading time\" \/>\n\t<meta name=\"twitter:data1\" content=\"3 minutes\" \/>\n<script type=\"application\/ld+json\" class=\"yoast-schema-graph\">{\"@context\":\"https:\\\/\\\/schema.org\",\"@graph\":[{\"@type\":\"WebPage\",\"@id\":\"https:\\\/\\\/repliquemangacine.fr\\\/dagues-medievales\\\/dague-hugues-de-payns\\\/\",\"url\":\"https:\\\/\\\/repliquemangacine.fr\\\/dagues-medievales\\\/dague-hugues-de-payns\\\/\",\"name\":\"Dague Hugues de Payns - Reproduction m\u00e9di\u00e9vale - R\u00e9plique Manga Cin\u00e9\",\"isPartOf\":{\"@id\":\"https:\\\/\\\/repliquemangacine.fr\\\/#website\"},\"primaryImageOfPage\":{\"@id\":\"https:\\\/\\\/repliquemangacine.fr\\\/dagues-medievales\\\/dague-hugues-de-payns\\\/#primaryimage\"},\"image\":{\"@id\":\"https:\\\/\\\/repliquemangacine.fr\\\/dagues-medievales\\\/dague-hugues-de-payns\\\/#primaryimage\"},\"thumbnailUrl\":\"https:\\\/\\\/repliquemangacine.fr\\\/wp-content\\\/uploads\\\/2023\\\/10\\\/Dague-Hugues-de-Payns.jpg\",\"datePublished\":\"2023-08-01T09:29:21+00:00\",\"dateModified\":\"2026-04-25T07:17:09+00:00\",\"description\":\"D\u00e9couvrez cette superbe Dague Hugues de Payns au meilleur prix. Lame en acier inox. Garde, poign\u00e9e et pommeau en acier vieilli. Fourreau ABS. 40 cm\",\"breadcrumb\":{\"@id\":\"https:\\\/\\\/repliquemangacine.fr\\\/dagues-medievales\\\/dague-hugues-de-payns\\\/#breadcrumb\"},\"inLanguage\":\"en-US\",\"potentialAction\":[{\"@type\":\"ReadAction\",\"target\":[\"https:\\\/\\\/repliquemangacine.fr\\\/dagues-medievales\\\/dague-hugues-de-payns\\\/\"]}]},{\"@type\":\"ImageObject\",\"inLanguage\":\"en-US\",\"@id\":\"https:\\\/\\\/repliquemangacine.fr\\\/dagues-medievales\\\/dague-hugues-de-payns\\\/#primaryimage\",\"url\":\"https:\\\/\\\/repliquemangacine.fr\\\/wp-content\\\/uploads\\\/2023\\\/10\\\/Dague-Hugues-de-Payns.jpg\",\"contentUrl\":\"https:\\\/\\\/repliquemangacine.fr\\\/wp-content\\\/uploads\\\/2023\\\/10\\\/Dague-Hugues-de-Payns.jpg\",\"width\":500,\"height\":500,\"caption\":\"Dague Hugues de Payns\"},{\"@type\":\"BreadcrumbList\",\"@id\":\"https:\\\/\\\/repliquemangacine.fr\\\/dagues-medievales\\\/dague-hugues-de-payns\\\/#breadcrumb\",\"itemListElement\":[{\"@type\":\"ListItem\",\"position\":1,\"name\":\"Accueil\",\"item\":\"https:\\\/\\\/repliquemangacine.fr\\\/\"},{\"@type\":\"ListItem\",\"position\":2,\"name\":\"Produits\",\"item\":\"https:\\\/\\\/repliquemangacine.fr\\\/boutique\\\/\"},{\"@type\":\"ListItem\",\"position\":3,\"name\":\"Dague Hugues de Payns\"}]},{\"@type\":\"WebSite\",\"@id\":\"https:\\\/\\\/repliquemangacine.fr\\\/#website\",\"url\":\"https:\\\/\\\/repliquemangacine.fr\\\/\",\"name\":\"R\u00e9plique Manga Cin\u00e9\",\"description\":\"\",\"publisher\":{\"@id\":\"https:\\\/\\\/repliquemangacine.fr\\\/#organization\"},\"potentialAction\":[{\"@type\":\"SearchAction\",\"target\":{\"@type\":\"EntryPoint\",\"urlTemplate\":\"https:\\\/\\\/repliquemangacine.fr\\\/?s={search_term_string}\"},\"query-input\":{\"@type\":\"PropertyValueSpecification\",\"valueRequired\":true,\"valueName\":\"search_term_string\"}}],\"inLanguage\":\"en-US\"},{\"@type\":\"Organization\",\"@id\":\"https:\\\/\\\/repliquemangacine.fr\\\/#organization\",\"name\":\"R\u00e9plique Manga Cin\u00e9\",\"url\":\"https:\\\/\\\/repliquemangacine.fr\\\/\",\"logo\":{\"@type\":\"ImageObject\",\"inLanguage\":\"en-US\",\"@id\":\"https:\\\/\\\/repliquemangacine.fr\\\/#\\\/schema\\\/logo\\\/image\\\/\",\"url\":\"https:\\\/\\\/repliquemangacine.fr\\\/wp-content\\\/uploads\\\/2023\\\/10\\\/RMC-500250.png\",\"contentUrl\":\"https:\\\/\\\/repliquemangacine.fr\\\/wp-content\\\/uploads\\\/2023\\\/10\\\/RMC-500250.png\",\"width\":500,\"height\":250,\"caption\":\"R\u00e9plique Manga Cin\u00e9\"},\"image\":{\"@id\":\"https:\\\/\\\/repliquemangacine.fr\\\/#\\\/schema\\\/logo\\\/image\\\/\"},\"sameAs\":[\"https:\\\/\\\/www.facebook.com\\\/RepliqueMangaCine\",\"https:\\\/\\\/www.instagram.com\\\/repliquemangacine.fr\\\/\"]}]}<\/script>\n<!-- \/ Yoast SEO plugin. -->","yoast_head_json":{"title":"Dagger Hugues de Payns - Medieval reproduction - R\u00e9plique Manga Cin\u00e9","description":"Discover this superb Dague Hugues de Payns at the best price. Stainless steel blade. Guard, handle and pommel in aged steel. ABS sheath. 40 cm long","robots":{"index":"index","follow":"follow","max-snippet":"max-snippet:-1","max-image-preview":"max-image-preview:large","max-video-preview":"max-video-preview:-1"},"canonical":"https:\/\/repliquemangacine.fr\/en\/medieval-daggers\/dague-hugues-de-payns\/","og_locale":"en_US","og_type":"article","og_title":"Dague Hugues de Payns - Reproduction m\u00e9di\u00e9vale - R\u00e9plique Manga Cin\u00e9","og_description":"D\u00e9couvrez cette superbe Dague Hugues de Payns au meilleur prix. Lame en acier inox. Garde, poign\u00e9e et pommeau en acier vieilli. Fourreau ABS. 40 cm","og_url":"https:\/\/repliquemangacine.fr\/en\/medieval-daggers\/dague-hugues-de-payns\/","og_site_name":"R\u00e9plique Manga Cin\u00e9","article_publisher":"https:\/\/www.facebook.com\/RepliqueMangaCine","article_modified_time":"2026-04-25T07:17:09+00:00","og_image":[{"width":500,"height":500,"url":"https:\/\/repliquemangacine.fr\/wp-content\/uploads\/2023\/10\/Dague-Hugues-de-Payns.jpg","type":"image\/jpeg"}],"twitter_card":"summary_large_image","twitter_misc":{"Est. reading time":"3 minutes"},"schema":{"@context":"https:\/\/schema.org","@graph":[{"@type":"WebPage","@id":"https:\/\/repliquemangacine.fr\/dagues-medievales\/dague-hugues-de-payns\/","url":"https:\/\/repliquemangacine.fr\/dagues-medievales\/dague-hugues-de-payns\/","name":"Dagger Hugues de Payns - Medieval reproduction - R\u00e9plique Manga Cin\u00e9","isPartOf":{"@id":"https:\/\/repliquemangacine.fr\/#website"},"primaryImageOfPage":{"@id":"https:\/\/repliquemangacine.fr\/dagues-medievales\/dague-hugues-de-payns\/#primaryimage"},"image":{"@id":"https:\/\/repliquemangacine.fr\/dagues-medievales\/dague-hugues-de-payns\/#primaryimage"},"thumbnailUrl":"https:\/\/repliquemangacine.fr\/wp-content\/uploads\/2023\/10\/Dague-Hugues-de-Payns.jpg","datePublished":"2023-08-01T09:29:21+00:00","dateModified":"2026-04-25T07:17:09+00:00","description":"Discover this superb Dague Hugues de Payns at the best price. Stainless steel blade. Guard, handle and pommel in aged steel. ABS sheath. 40 cm long","breadcrumb":{"@id":"https:\/\/repliquemangacine.fr\/dagues-medievales\/dague-hugues-de-payns\/#breadcrumb"},"inLanguage":"en-US","potentialAction":[{"@type":"ReadAction","target":["https:\/\/repliquemangacine.fr\/dagues-medievales\/dague-hugues-de-payns\/"]}]},{"@type":"ImageObject","inLanguage":"en-US","@id":"https:\/\/repliquemangacine.fr\/dagues-medievales\/dague-hugues-de-payns\/#primaryimage","url":"https:\/\/repliquemangacine.fr\/wp-content\/uploads\/2023\/10\/Dague-Hugues-de-Payns.jpg","contentUrl":"https:\/\/repliquemangacine.fr\/wp-content\/uploads\/2023\/10\/Dague-Hugues-de-Payns.jpg","width":500,"height":500,"caption":"Dague Hugues de Payns"},{"@type":"BreadcrumbList","@id":"https:\/\/repliquemangacine.fr\/dagues-medievales\/dague-hugues-de-payns\/#breadcrumb","itemListElement":[{"@type":"ListItem","position":1,"name":"Accueil","item":"https:\/\/repliquemangacine.fr\/"},{"@type":"ListItem","position":2,"name":"Produits","item":"https:\/\/repliquemangacine.fr\/boutique\/"},{"@type":"ListItem","position":3,"name":"Dague Hugues de Payns"}]},{"@type":"WebSite","@id":"https:\/\/repliquemangacine.fr\/#website","url":"https:\/\/repliquemangacine.fr\/","name":"R\u00e9plique Manga Cin\u00e9","description":"","publisher":{"@id":"https:\/\/repliquemangacine.fr\/#organization"},"potentialAction":[{"@type":"SearchAction","target":{"@type":"EntryPoint","urlTemplate":"https:\/\/repliquemangacine.fr\/?s={search_term_string}"},"query-input":{"@type":"PropertyValueSpecification","valueRequired":true,"valueName":"search_term_string"}}],"inLanguage":"en-US"},{"@type":"Organization","@id":"https:\/\/repliquemangacine.fr\/#organization","name":"R\u00e9plique Manga Cin\u00e9","url":"https:\/\/repliquemangacine.fr\/","logo":{"@type":"ImageObject","inLanguage":"en-US","@id":"https:\/\/repliquemangacine.fr\/#\/schema\/logo\/image\/","url":"https:\/\/repliquemangacine.fr\/wp-content\/uploads\/2023\/10\/RMC-500250.png","contentUrl":"https:\/\/repliquemangacine.fr\/wp-content\/uploads\/2023\/10\/RMC-500250.png","width":500,"height":250,"caption":"R\u00e9plique Manga Cin\u00e9"},"image":{"@id":"https:\/\/repliquemangacine.fr\/#\/schema\/logo\/image\/"},"sameAs":["https:\/\/www.facebook.com\/RepliqueMangaCine","https:\/\/www.instagram.com\/repliquemangacine.fr\/"]}]}},"_links":{"self":[{"href":"https:\/\/repliquemangacine.fr\/en\/wp-json\/wp\/v2\/product\/61865","targetHints":{"allow":["GET"]}}],"collection":[{"href":"https:\/\/repliquemangacine.fr\/en\/wp-json\/wp\/v2\/product"}],"about":[{"href":"https:\/\/repliquemangacine.fr\/en\/wp-json\/wp\/v2\/types\/product"}],"wp:featuredmedia":[{"embeddable":true,"href":"https:\/\/repliquemangacine.fr\/en\/wp-json\/wp\/v2\/media\/61866"}],"wp:attachment":[{"href":"https:\/\/repliquemangacine.fr\/en\/wp-json\/wp\/v2\/media?parent=61865"}],"wp:term":[{"taxonomy":"product_brand","embeddable":true,"href":"https:\/\/repliquemangacine.fr\/en\/wp-json\/wp\/v2\/product_brand?post=61865"},{"taxonomy":"product_cat","embeddable":true,"href":"https:\/\/repliquemangacine.fr\/en\/wp-json\/wp\/v2\/product_cat?post=61865"},{"taxonomy":"product_tag","embeddable":true,"href":"https:\/\/repliquemangacine.fr\/en\/wp-json\/wp\/v2\/product_tag?post=61865"}],"curies":[{"name":"wp","href":"https:\/\/api.w.org\/{rel}","templated":true}]}}