





{"id":61842,"date":"2023-07-31T19:06:39","date_gmt":"2023-07-31T17:06:39","guid":{"rendered":"https:\/\/repliquemangacine.fr\/?post_type=product&#038;p=61842"},"modified":"2025-11-18T21:37:33","modified_gmt":"2025-11-18T20:37:33","slug":"viking-axe-type-m","status":"publish","type":"product","link":"https:\/\/repliquemangacine.fr\/en\/haches-serie-vikings\/hache-viking-type-m\/","title":{"rendered":"Viking axe type M"},"content":{"rendered":"<h2>Viking axe type M<\/h2>\n<p>To begin with, the <strong>Viking axe type M<\/strong> proposed here corresponds to Petersen's M type.<\/p>\n<p>Axes were important tools and weapons in the daily lives of the local people. <a href=\"https:\/\/www.futura-sciences.com\/sciences\/questions-reponses\/histoire-histoire-vikings-leur-epopee-13777\/\" target=\"_blank\" rel=\"noopener noreferrer\">Vikings<\/a>. Used for felling trees, woodworking or fighting. Axe heads were made from a variety of materials. Like stone, bone or metal, and came in different shapes and sizes depending on their use.<\/p>\n<p>Many Viking axes were artistically decorated and served not only as practical tools, but also as status symbols. Highly prized by collectors, they were also used in films, TV series and video games. Conveying the image of wild, intrepid Vikings.<\/p>\n<h2>Your Viking Axe type M at the best price.<\/h2>\n<p>We offer a wide selection of swords, as well as helmets and shields from the Viking era.<\/p>\n<p>First and foremost,<\/p>\n<ul>\n<li>Visit <a href=\"https:\/\/repliquemangacine.fr\/en\/assassins-creed-swords-assassins-creed-weapons\/axes-assassins-creed-valhalla\/\">two Eivor axes<\/a> in Assassin's Creed Valhalla.<\/li>\n<li>There is also the<a href=\"https:\/\/repliquemangacine.fr\/en\/swords-tv-series-vikings\/replica-of-king-ragnar-lothbroks-sword-from-the-tv-series-vikings\/\">King Ragnar's sword<\/a> Lothbrok, recreated from the series' prop.<\/li>\n<li>And many more to discover in our online store!<\/li>\n<\/ul>\n<p>That's why this is a great gift idea for fans of the Viking era, as well as fans of the famous series.<\/p>\n<p>You can also use this <strong>Viking axe type M<\/strong> for your cosplay parades, themed evenings and historical re-enactments. But above all, the Viking Axe is a collector's item, and a decorative one at that.<\/p>\n<h2>How to maintain your axe blade<\/h2>\n<p>Collector and decorative axes, made and assembled in a simplified manner. As their use is decorative, they lack the safety features required of an axe intended for cutting.<\/p>\n<p>However, your <strong>Viking axe type M<\/strong> to a steel blade that needs to be maintained to prevent damage over time. You'll be exposing your weapon, and your friends will be curious to see the blade and touch it. This is where you need to be careful, as the acidity of your fingers is very harmful to steel, whatever its quality.<\/p>\n<p>However, if this does happen, don't panic - all you need is a cloth dampened with a little oil and a wipe of fingerprints. By doing so, you'll keep your axe looking great for a long time to come.<\/p>","protected":false},"excerpt":{"rendered":"<p>Replica of Petersen's M-type Viking axe<\/p>\n<ul>\n<li>Axe head in cast EN45 carbon steel.<\/li>\n<li>Engraving of a Nordic-inspired motif.<\/li>\n<li>Ash wood handle, surrounded by twisted leather.<\/li>\n<li>Leather handle.<\/li>\n<li>Handle length: 73 cm - Total length: 82 cm<\/li>\n<li>Head size: 16.5 X 15 cm<\/li>\n<li>Weight: 1410 g<\/li>\n<\/ul>","protected":false},"featured_media":61843,"template":"","meta":[],"product_brand":[896],"product_cat":[25,24,111,103,57],"product_tag":[],"class_list":{"0":"post-61842","1":"product","2":"type-product","3":"status-publish","4":"has-post-thumbnail","6":"product_brand-replique-manga-cine","7":"product_cat-armes-historiques","8":"product_cat-films-series-tv-vente-de-katana-epee-et-produits-derives","9":"product_cat-haches-serie-vikings","10":"product_cat-armes-et-accessoires-vikings","11":"product_cat-armes-vikings","13":"first","14":"instock","15":"taxable","16":"shipping-taxable","17":"purchasable","18":"product-type-simple"},"yoast_head":"<!-- This site is optimized with the Yoast SEO plugin v27.5 - https:\/\/yoast.com\/product\/yoast-seo-wordpress\/ -->\n<title>Hache Viking type M - Boutique en ligne accessoires Viking - R\u00e9plique Manga Cin\u00e9<\/title>\n<meta name=\"description\" content=\"D\u00e9couvrez cette superbe Hache Viking type M au meilleur prix. T\u00eate en acier au carbone EN45. Manche bois de fr\u00eane. Longueur totale : 82 cm\" \/>\n<meta name=\"robots\" content=\"index, follow, max-snippet:-1, max-image-preview:large, max-video-preview:-1\" \/>\n<link rel=\"canonical\" href=\"https:\/\/repliquemangacine.fr\/en\/vikings-series-axes\/viking-axe-type-m\/\" \/>\n<meta property=\"og:locale\" content=\"en_US\" \/>\n<meta property=\"og:type\" content=\"article\" \/>\n<meta property=\"og:title\" content=\"Hache Viking type M - Boutique en ligne accessoires Viking - R\u00e9plique Manga Cin\u00e9\" \/>\n<meta property=\"og:description\" content=\"D\u00e9couvrez cette superbe Hache Viking type M au meilleur prix. T\u00eate en acier au carbone EN45. Manche bois de fr\u00eane. Longueur totale : 82 cm\" \/>\n<meta property=\"og:url\" content=\"https:\/\/repliquemangacine.fr\/en\/vikings-series-axes\/viking-axe-type-m\/\" \/>\n<meta property=\"og:site_name\" content=\"R\u00e9plique Manga Cin\u00e9\" \/>\n<meta property=\"article:publisher\" content=\"https:\/\/www.facebook.com\/RepliqueMangaCine\" \/>\n<meta property=\"article:modified_time\" content=\"2025-11-18T20:37:33+00:00\" \/>\n<meta property=\"og:image\" content=\"https:\/\/repliquemangacine.fr\/wp-content\/uploads\/2023\/10\/hache-viking-type-M.jpg\" \/>\n\t<meta property=\"og:image:width\" content=\"500\" \/>\n\t<meta property=\"og:image:height\" content=\"500\" \/>\n\t<meta property=\"og:image:type\" content=\"image\/jpeg\" \/>\n<meta name=\"twitter:card\" content=\"summary_large_image\" \/>\n<meta name=\"twitter:label1\" content=\"Est. reading time\" \/>\n\t<meta name=\"twitter:data1\" content=\"3 minutes\" \/>\n<script type=\"application\/ld+json\" class=\"yoast-schema-graph\">{\"@context\":\"https:\\\/\\\/schema.org\",\"@graph\":[{\"@type\":\"WebPage\",\"@id\":\"https:\\\/\\\/repliquemangacine.fr\\\/haches-serie-vikings\\\/hache-viking-type-m\\\/\",\"url\":\"https:\\\/\\\/repliquemangacine.fr\\\/haches-serie-vikings\\\/hache-viking-type-m\\\/\",\"name\":\"Hache Viking type M - Boutique en ligne accessoires Viking - R\u00e9plique Manga Cin\u00e9\",\"isPartOf\":{\"@id\":\"https:\\\/\\\/repliquemangacine.fr\\\/#website\"},\"primaryImageOfPage\":{\"@id\":\"https:\\\/\\\/repliquemangacine.fr\\\/haches-serie-vikings\\\/hache-viking-type-m\\\/#primaryimage\"},\"image\":{\"@id\":\"https:\\\/\\\/repliquemangacine.fr\\\/haches-serie-vikings\\\/hache-viking-type-m\\\/#primaryimage\"},\"thumbnailUrl\":\"https:\\\/\\\/repliquemangacine.fr\\\/wp-content\\\/uploads\\\/2023\\\/10\\\/hache-viking-type-M.jpg\",\"datePublished\":\"2023-07-31T17:06:39+00:00\",\"dateModified\":\"2025-11-18T20:37:33+00:00\",\"description\":\"D\u00e9couvrez cette superbe Hache Viking type M au meilleur prix. T\u00eate en acier au carbone EN45. Manche bois de fr\u00eane. Longueur totale : 82 cm\",\"breadcrumb\":{\"@id\":\"https:\\\/\\\/repliquemangacine.fr\\\/haches-serie-vikings\\\/hache-viking-type-m\\\/#breadcrumb\"},\"inLanguage\":\"en-US\",\"potentialAction\":[{\"@type\":\"ReadAction\",\"target\":[\"https:\\\/\\\/repliquemangacine.fr\\\/haches-serie-vikings\\\/hache-viking-type-m\\\/\"]}]},{\"@type\":\"ImageObject\",\"inLanguage\":\"en-US\",\"@id\":\"https:\\\/\\\/repliquemangacine.fr\\\/haches-serie-vikings\\\/hache-viking-type-m\\\/#primaryimage\",\"url\":\"https:\\\/\\\/repliquemangacine.fr\\\/wp-content\\\/uploads\\\/2023\\\/10\\\/hache-viking-type-M.jpg\",\"contentUrl\":\"https:\\\/\\\/repliquemangacine.fr\\\/wp-content\\\/uploads\\\/2023\\\/10\\\/hache-viking-type-M.jpg\",\"width\":500,\"height\":500,\"caption\":\"Hache Viking type M\"},{\"@type\":\"BreadcrumbList\",\"@id\":\"https:\\\/\\\/repliquemangacine.fr\\\/haches-serie-vikings\\\/hache-viking-type-m\\\/#breadcrumb\",\"itemListElement\":[{\"@type\":\"ListItem\",\"position\":1,\"name\":\"Accueil\",\"item\":\"https:\\\/\\\/repliquemangacine.fr\\\/\"},{\"@type\":\"ListItem\",\"position\":2,\"name\":\"Produits\",\"item\":\"https:\\\/\\\/repliquemangacine.fr\\\/boutique\\\/\"},{\"@type\":\"ListItem\",\"position\":3,\"name\":\"Hache Viking type M\"}]},{\"@type\":\"WebSite\",\"@id\":\"https:\\\/\\\/repliquemangacine.fr\\\/#website\",\"url\":\"https:\\\/\\\/repliquemangacine.fr\\\/\",\"name\":\"R\u00e9plique Manga Cin\u00e9\",\"description\":\"\",\"publisher\":{\"@id\":\"https:\\\/\\\/repliquemangacine.fr\\\/#organization\"},\"potentialAction\":[{\"@type\":\"SearchAction\",\"target\":{\"@type\":\"EntryPoint\",\"urlTemplate\":\"https:\\\/\\\/repliquemangacine.fr\\\/?s={search_term_string}\"},\"query-input\":{\"@type\":\"PropertyValueSpecification\",\"valueRequired\":true,\"valueName\":\"search_term_string\"}}],\"inLanguage\":\"en-US\"},{\"@type\":\"Organization\",\"@id\":\"https:\\\/\\\/repliquemangacine.fr\\\/#organization\",\"name\":\"R\u00e9plique Manga Cin\u00e9\",\"url\":\"https:\\\/\\\/repliquemangacine.fr\\\/\",\"logo\":{\"@type\":\"ImageObject\",\"inLanguage\":\"en-US\",\"@id\":\"https:\\\/\\\/repliquemangacine.fr\\\/#\\\/schema\\\/logo\\\/image\\\/\",\"url\":\"https:\\\/\\\/repliquemangacine.fr\\\/wp-content\\\/uploads\\\/2023\\\/10\\\/RMC-500250.png\",\"contentUrl\":\"https:\\\/\\\/repliquemangacine.fr\\\/wp-content\\\/uploads\\\/2023\\\/10\\\/RMC-500250.png\",\"width\":500,\"height\":250,\"caption\":\"R\u00e9plique Manga Cin\u00e9\"},\"image\":{\"@id\":\"https:\\\/\\\/repliquemangacine.fr\\\/#\\\/schema\\\/logo\\\/image\\\/\"},\"sameAs\":[\"https:\\\/\\\/www.facebook.com\\\/RepliqueMangaCine\",\"https:\\\/\\\/www.instagram.com\\\/repliquemangacine.fr\\\/\"]}]}<\/script>\n<!-- \/ Yoast SEO plugin. -->","yoast_head_json":{"title":"Viking Axe type M - Viking accessories online store - R\u00e9plique Manga Cin\u00e9","description":"Discover this superb M-type Viking Axe at the best price. EN45 carbon steel head. Ash wood handle. Total length: 82 cm","robots":{"index":"index","follow":"follow","max-snippet":"max-snippet:-1","max-image-preview":"max-image-preview:large","max-video-preview":"max-video-preview:-1"},"canonical":"https:\/\/repliquemangacine.fr\/en\/vikings-series-axes\/viking-axe-type-m\/","og_locale":"en_US","og_type":"article","og_title":"Hache Viking type M - Boutique en ligne accessoires Viking - R\u00e9plique Manga Cin\u00e9","og_description":"D\u00e9couvrez cette superbe Hache Viking type M au meilleur prix. T\u00eate en acier au carbone EN45. Manche bois de fr\u00eane. Longueur totale : 82 cm","og_url":"https:\/\/repliquemangacine.fr\/en\/vikings-series-axes\/viking-axe-type-m\/","og_site_name":"R\u00e9plique Manga Cin\u00e9","article_publisher":"https:\/\/www.facebook.com\/RepliqueMangaCine","article_modified_time":"2025-11-18T20:37:33+00:00","og_image":[{"width":500,"height":500,"url":"https:\/\/repliquemangacine.fr\/wp-content\/uploads\/2023\/10\/hache-viking-type-M.jpg","type":"image\/jpeg"}],"twitter_card":"summary_large_image","twitter_misc":{"Est. reading time":"3 minutes"},"schema":{"@context":"https:\/\/schema.org","@graph":[{"@type":"WebPage","@id":"https:\/\/repliquemangacine.fr\/haches-serie-vikings\/hache-viking-type-m\/","url":"https:\/\/repliquemangacine.fr\/haches-serie-vikings\/hache-viking-type-m\/","name":"Viking Axe type M - Viking accessories online store - R\u00e9plique Manga Cin\u00e9","isPartOf":{"@id":"https:\/\/repliquemangacine.fr\/#website"},"primaryImageOfPage":{"@id":"https:\/\/repliquemangacine.fr\/haches-serie-vikings\/hache-viking-type-m\/#primaryimage"},"image":{"@id":"https:\/\/repliquemangacine.fr\/haches-serie-vikings\/hache-viking-type-m\/#primaryimage"},"thumbnailUrl":"https:\/\/repliquemangacine.fr\/wp-content\/uploads\/2023\/10\/hache-viking-type-M.jpg","datePublished":"2023-07-31T17:06:39+00:00","dateModified":"2025-11-18T20:37:33+00:00","description":"Discover this superb M-type Viking Axe at the best price. EN45 carbon steel head. Ash wood handle. Total length: 82 cm","breadcrumb":{"@id":"https:\/\/repliquemangacine.fr\/haches-serie-vikings\/hache-viking-type-m\/#breadcrumb"},"inLanguage":"en-US","potentialAction":[{"@type":"ReadAction","target":["https:\/\/repliquemangacine.fr\/haches-serie-vikings\/hache-viking-type-m\/"]}]},{"@type":"ImageObject","inLanguage":"en-US","@id":"https:\/\/repliquemangacine.fr\/haches-serie-vikings\/hache-viking-type-m\/#primaryimage","url":"https:\/\/repliquemangacine.fr\/wp-content\/uploads\/2023\/10\/hache-viking-type-M.jpg","contentUrl":"https:\/\/repliquemangacine.fr\/wp-content\/uploads\/2023\/10\/hache-viking-type-M.jpg","width":500,"height":500,"caption":"Hache Viking type M"},{"@type":"BreadcrumbList","@id":"https:\/\/repliquemangacine.fr\/haches-serie-vikings\/hache-viking-type-m\/#breadcrumb","itemListElement":[{"@type":"ListItem","position":1,"name":"Accueil","item":"https:\/\/repliquemangacine.fr\/"},{"@type":"ListItem","position":2,"name":"Produits","item":"https:\/\/repliquemangacine.fr\/boutique\/"},{"@type":"ListItem","position":3,"name":"Hache Viking type M"}]},{"@type":"WebSite","@id":"https:\/\/repliquemangacine.fr\/#website","url":"https:\/\/repliquemangacine.fr\/","name":"R\u00e9plique Manga Cin\u00e9","description":"","publisher":{"@id":"https:\/\/repliquemangacine.fr\/#organization"},"potentialAction":[{"@type":"SearchAction","target":{"@type":"EntryPoint","urlTemplate":"https:\/\/repliquemangacine.fr\/?s={search_term_string}"},"query-input":{"@type":"PropertyValueSpecification","valueRequired":true,"valueName":"search_term_string"}}],"inLanguage":"en-US"},{"@type":"Organization","@id":"https:\/\/repliquemangacine.fr\/#organization","name":"R\u00e9plique Manga Cin\u00e9","url":"https:\/\/repliquemangacine.fr\/","logo":{"@type":"ImageObject","inLanguage":"en-US","@id":"https:\/\/repliquemangacine.fr\/#\/schema\/logo\/image\/","url":"https:\/\/repliquemangacine.fr\/wp-content\/uploads\/2023\/10\/RMC-500250.png","contentUrl":"https:\/\/repliquemangacine.fr\/wp-content\/uploads\/2023\/10\/RMC-500250.png","width":500,"height":250,"caption":"R\u00e9plique Manga Cin\u00e9"},"image":{"@id":"https:\/\/repliquemangacine.fr\/#\/schema\/logo\/image\/"},"sameAs":["https:\/\/www.facebook.com\/RepliqueMangaCine","https:\/\/www.instagram.com\/repliquemangacine.fr\/"]}]}},"_links":{"self":[{"href":"https:\/\/repliquemangacine.fr\/en\/wp-json\/wp\/v2\/product\/61842","targetHints":{"allow":["GET"]}}],"collection":[{"href":"https:\/\/repliquemangacine.fr\/en\/wp-json\/wp\/v2\/product"}],"about":[{"href":"https:\/\/repliquemangacine.fr\/en\/wp-json\/wp\/v2\/types\/product"}],"wp:featuredmedia":[{"embeddable":true,"href":"https:\/\/repliquemangacine.fr\/en\/wp-json\/wp\/v2\/media\/61843"}],"wp:attachment":[{"href":"https:\/\/repliquemangacine.fr\/en\/wp-json\/wp\/v2\/media?parent=61842"}],"wp:term":[{"taxonomy":"product_brand","embeddable":true,"href":"https:\/\/repliquemangacine.fr\/en\/wp-json\/wp\/v2\/product_brand?post=61842"},{"taxonomy":"product_cat","embeddable":true,"href":"https:\/\/repliquemangacine.fr\/en\/wp-json\/wp\/v2\/product_cat?post=61842"},{"taxonomy":"product_tag","embeddable":true,"href":"https:\/\/repliquemangacine.fr\/en\/wp-json\/wp\/v2\/product_tag?post=61842"}],"curies":[{"name":"wp","href":"https:\/\/api.w.org\/{rel}","templated":true}]}}