





{"id":61815,"date":"2023-07-31T16:42:04","date_gmt":"2023-07-31T14:42:04","guid":{"rendered":"https:\/\/repliquemangacine.fr\/?post_type=product&#038;p=61815"},"modified":"2025-11-18T21:47:08","modified_gmt":"2025-11-18T20:47:08","slug":"rapiere-classique-17%e1%b5%89-corbiere-lame-large","status":"publish","type":"product","link":"https:\/\/repliquemangacine.fr\/en\/epee-templier-medievale\/rapiere-classique-17%e1%b5%89-corbiere-lame-large\/","title":{"rendered":"Classic rapier 17\u1d49"},"content":{"rendered":"<h2>Classic rapier 17\u1d49 wide blade<\/h2>\n<p>To begin with, this <strong>Classic rapier 17\u1d49<\/strong> is inspired by the classic Corbi\u00e8res of the great century, but is distinguished by its wide blade. The blade is unsharpened, made of carbon steel and integrated into the handle's intricate basket.<\/p>\n<p>The rapier is a long, slender sword with an elaborate hilt and flexible blade, designed primarily for thrusting. It was a very common weapon from the end of the 15th to the end of the 17th century.<\/p>\n<p>From the end of the 16th century, Italian techniques increasingly included the left-hand dagger. And it was around this Italian school that French and English masters of arms settled.<\/p>\n<p>The early 17th century saw the supremacy of the Italian style, with the importance of masters of arms such as <a href=\"https:\/\/www.escrimeurs-libres.fr\/salvator-fabris\/\" target=\"_blank\" rel=\"noopener noreferrer\">Salvator Fabris<\/a>.<\/p>\n<h2>Your 17\u1d49 Classic Rapier at the best price.<\/h2>\n<p>We offer a wide selection of historical replicas.<\/p>\n<p>First and foremost,<\/p>\n<ul>\n<li>L'<a href=\"https:\/\/repliquemangacine.fr\/en\/medieval-templar-sword\/jacques-de-molay-templar-sword\/\">Jacques de Molay sword<\/a>last Grand Master of the Knights Templar.<\/li>\n<li>There is also the<a href=\"https:\/\/repliquemangacine.fr\/en\/reproductions-of-medieval-weapons-and-accessories\/excalibur-king-arthur-legendary-sword\/\">legendary sword Excalibur<\/a> of King Arthur.<\/li>\n<li>As well as the<a href=\"https:\/\/repliquemangacine.fr\/en\/reproductions-of-medieval-weapons-and-accessories\/epee-richard-coeur-de-lion-coeur\/\">Richard the Lionheart's sword<\/a>king of England<\/li>\n<li>And many more to discover in our online store.<\/li>\n<\/ul>\n<p>That's why this is a great gift idea for all history buffs.<\/p>\n<p>In conclusion, you can also use the <strong>Classic rapier 17\u1d49<\/strong> for your historical re-enactments and performances.<\/p>\n<p>But above all, this sword is also a collector's item and a decorative piece.<\/p>\n<p>R\u00e9plique Manga Cin\u00e9 is a family-owned French distributor of the Denix and Kolser brands.<\/p>\n<h2>How to care for your sword blade<\/h2>\n<p>Collector's and decorative swords are made and assembled in a simplified way. As their use is decorative, they lack the safety features required of a Japanese sword intended for training.<\/p>\n<p>However, your <strong>Classic rapier 17\u1d49<\/strong> to a steel blade that needs to be maintained to prevent damage over time. In fact, when you expose your sword, your friends will be curious to see the blade and touch it. This is where you need to be careful, as the acidity of your fingers is very harmful to steel, whatever its quality.<\/p>\n<p>However, if this does happen, don't panic - all you need is a cloth dampened with a little oil and a wipe of fingerprints. By doing so, you'll keep your sword looking its best for a very long time.<\/p>","protected":false},"excerpt":{"rendered":"<p>This rapier is inspired by the classic Corbi\u00e8res of the great 17\u1d49 century.<\/p>\n<ul>\n<li>Wide blade (3cm) in unsharpened carbon steel.<\/li>\n<li>Wooden handle surrounded by steel wire<\/li>\n<li>Metal basket guard<\/li>\n<li>Black leather-covered wooden scabbard.<\/li>\n<li>Blade length: 93 cm - Total length: 117 cm<\/li>\n<li>Weight: 1550 g<\/li>\n<\/ul>","protected":false},"featured_media":61816,"template":"","meta":[],"product_brand":[896],"product_cat":[25,84,43],"product_tag":[],"class_list":{"0":"post-61815","1":"product","2":"type-product","3":"status-publish","4":"has-post-thumbnail","6":"product_brand-replique-manga-cine","7":"product_cat-armes-historiques","8":"product_cat-epee-templier-medievale","9":"product_cat-reproductions-d-armes-et-accessoires-medievales","11":"first","12":"outofstock","13":"taxable","14":"shipping-taxable","15":"purchasable","16":"product-type-simple"},"yoast_head":"<!-- This site is optimized with the Yoast SEO plugin v27.4 - https:\/\/yoast.com\/product\/yoast-seo-wordpress\/ -->\n<title>Rapi\u00e8re classique 17\u1d49 - Vente de Reproduction armes historiques - R\u00e9plique Manga Cin\u00e9<\/title>\n<meta name=\"description\" content=\"D\u00e9couvrez cette superbe Rapi\u00e8re classique 17\u1d49 au meilleur prix. Lame large en acier carbone, non aff\u00fbt\u00e9e. Fourreau en cuir noir. Longueur totale : 117 cm\" \/>\n<meta name=\"robots\" content=\"index, follow, max-snippet:-1, max-image-preview:large, max-video-preview:-1\" \/>\n<link rel=\"canonical\" href=\"https:\/\/repliquemangacine.fr\/en\/medieval-templar-sword\/rapiere-classique-17\u1d49-corbiere-lame-large\/\" \/>\n<meta property=\"og:locale\" content=\"en_US\" \/>\n<meta property=\"og:type\" content=\"article\" \/>\n<meta property=\"og:title\" content=\"Rapi\u00e8re classique 17\u1d49 - Vente de Reproduction armes historiques - R\u00e9plique Manga Cin\u00e9\" \/>\n<meta property=\"og:description\" content=\"D\u00e9couvrez cette superbe Rapi\u00e8re classique 17\u1d49 au meilleur prix. Lame large en acier carbone, non aff\u00fbt\u00e9e. Fourreau en cuir noir. Longueur totale : 117 cm\" \/>\n<meta property=\"og:url\" content=\"https:\/\/repliquemangacine.fr\/en\/medieval-templar-sword\/rapiere-classique-17\u1d49-corbiere-lame-large\/\" \/>\n<meta property=\"og:site_name\" content=\"R\u00e9plique Manga Cin\u00e9\" \/>\n<meta property=\"article:publisher\" content=\"https:\/\/www.facebook.com\/RepliqueMangaCine\" \/>\n<meta property=\"article:modified_time\" content=\"2025-11-18T20:47:08+00:00\" \/>\n<meta property=\"og:image\" content=\"https:\/\/repliquemangacine.fr\/wp-content\/uploads\/2023\/10\/rapiere-2.jpg\" \/>\n\t<meta property=\"og:image:width\" content=\"500\" \/>\n\t<meta property=\"og:image:height\" content=\"500\" \/>\n\t<meta property=\"og:image:type\" content=\"image\/jpeg\" \/>\n<meta name=\"twitter:card\" content=\"summary_large_image\" \/>\n<meta name=\"twitter:label1\" content=\"Est. reading time\" \/>\n\t<meta name=\"twitter:data1\" content=\"3 minutes\" \/>\n<script type=\"application\/ld+json\" class=\"yoast-schema-graph\">{\"@context\":\"https:\\\/\\\/schema.org\",\"@graph\":[{\"@type\":\"WebPage\",\"@id\":\"https:\\\/\\\/repliquemangacine.fr\\\/epee-templier-medievale\\\/rapiere-classique-17%e1%b5%89-corbiere-lame-large\\\/\",\"url\":\"https:\\\/\\\/repliquemangacine.fr\\\/epee-templier-medievale\\\/rapiere-classique-17%e1%b5%89-corbiere-lame-large\\\/\",\"name\":\"Rapi\u00e8re classique 17\u1d49 - Vente de Reproduction armes historiques - R\u00e9plique Manga Cin\u00e9\",\"isPartOf\":{\"@id\":\"https:\\\/\\\/repliquemangacine.fr\\\/#website\"},\"primaryImageOfPage\":{\"@id\":\"https:\\\/\\\/repliquemangacine.fr\\\/epee-templier-medievale\\\/rapiere-classique-17%e1%b5%89-corbiere-lame-large\\\/#primaryimage\"},\"image\":{\"@id\":\"https:\\\/\\\/repliquemangacine.fr\\\/epee-templier-medievale\\\/rapiere-classique-17%e1%b5%89-corbiere-lame-large\\\/#primaryimage\"},\"thumbnailUrl\":\"https:\\\/\\\/repliquemangacine.fr\\\/wp-content\\\/uploads\\\/2023\\\/10\\\/rapiere-2.jpg\",\"datePublished\":\"2023-07-31T14:42:04+00:00\",\"dateModified\":\"2025-11-18T20:47:08+00:00\",\"description\":\"D\u00e9couvrez cette superbe Rapi\u00e8re classique 17\u1d49 au meilleur prix. Lame large en acier carbone, non aff\u00fbt\u00e9e. Fourreau en cuir noir. Longueur totale : 117 cm\",\"breadcrumb\":{\"@id\":\"https:\\\/\\\/repliquemangacine.fr\\\/epee-templier-medievale\\\/rapiere-classique-17%e1%b5%89-corbiere-lame-large\\\/#breadcrumb\"},\"inLanguage\":\"en-US\",\"potentialAction\":[{\"@type\":\"ReadAction\",\"target\":[\"https:\\\/\\\/repliquemangacine.fr\\\/epee-templier-medievale\\\/rapiere-classique-17%e1%b5%89-corbiere-lame-large\\\/\"]}]},{\"@type\":\"ImageObject\",\"inLanguage\":\"en-US\",\"@id\":\"https:\\\/\\\/repliquemangacine.fr\\\/epee-templier-medievale\\\/rapiere-classique-17%e1%b5%89-corbiere-lame-large\\\/#primaryimage\",\"url\":\"https:\\\/\\\/repliquemangacine.fr\\\/wp-content\\\/uploads\\\/2023\\\/10\\\/rapiere-2.jpg\",\"contentUrl\":\"https:\\\/\\\/repliquemangacine.fr\\\/wp-content\\\/uploads\\\/2023\\\/10\\\/rapiere-2.jpg\",\"width\":500,\"height\":500,\"caption\":\"Rapi\u00e8re classique 17\u1d49\"},{\"@type\":\"BreadcrumbList\",\"@id\":\"https:\\\/\\\/repliquemangacine.fr\\\/epee-templier-medievale\\\/rapiere-classique-17%e1%b5%89-corbiere-lame-large\\\/#breadcrumb\",\"itemListElement\":[{\"@type\":\"ListItem\",\"position\":1,\"name\":\"Accueil\",\"item\":\"https:\\\/\\\/repliquemangacine.fr\\\/\"},{\"@type\":\"ListItem\",\"position\":2,\"name\":\"Produits\",\"item\":\"https:\\\/\\\/repliquemangacine.fr\\\/boutique\\\/\"},{\"@type\":\"ListItem\",\"position\":3,\"name\":\"Rapi\u00e8re classique 17\u1d49\"}]},{\"@type\":\"WebSite\",\"@id\":\"https:\\\/\\\/repliquemangacine.fr\\\/#website\",\"url\":\"https:\\\/\\\/repliquemangacine.fr\\\/\",\"name\":\"R\u00e9plique Manga Cin\u00e9\",\"description\":\"\",\"publisher\":{\"@id\":\"https:\\\/\\\/repliquemangacine.fr\\\/#organization\"},\"potentialAction\":[{\"@type\":\"SearchAction\",\"target\":{\"@type\":\"EntryPoint\",\"urlTemplate\":\"https:\\\/\\\/repliquemangacine.fr\\\/?s={search_term_string}\"},\"query-input\":{\"@type\":\"PropertyValueSpecification\",\"valueRequired\":true,\"valueName\":\"search_term_string\"}}],\"inLanguage\":\"en-US\"},{\"@type\":\"Organization\",\"@id\":\"https:\\\/\\\/repliquemangacine.fr\\\/#organization\",\"name\":\"R\u00e9plique Manga Cin\u00e9\",\"url\":\"https:\\\/\\\/repliquemangacine.fr\\\/\",\"logo\":{\"@type\":\"ImageObject\",\"inLanguage\":\"en-US\",\"@id\":\"https:\\\/\\\/repliquemangacine.fr\\\/#\\\/schema\\\/logo\\\/image\\\/\",\"url\":\"https:\\\/\\\/repliquemangacine.fr\\\/wp-content\\\/uploads\\\/2023\\\/10\\\/RMC-500250.png\",\"contentUrl\":\"https:\\\/\\\/repliquemangacine.fr\\\/wp-content\\\/uploads\\\/2023\\\/10\\\/RMC-500250.png\",\"width\":500,\"height\":250,\"caption\":\"R\u00e9plique Manga Cin\u00e9\"},\"image\":{\"@id\":\"https:\\\/\\\/repliquemangacine.fr\\\/#\\\/schema\\\/logo\\\/image\\\/\"},\"sameAs\":[\"https:\\\/\\\/www.facebook.com\\\/RepliqueMangaCine\",\"https:\\\/\\\/www.instagram.com\\\/repliquemangacine.fr\\\/\"]}]}<\/script>\n<!-- \/ Yoast SEO plugin. -->","yoast_head_json":{"title":"Classic rapier 17\u1d49 - Historical weapons reproduction sale - R\u00e9plique Manga Cin\u00e9","description":"Discover this superb classic 17\u1d49 Rapier at the best price. Wide, unsharpened carbon steel blade. Black leather sheath. Total length: 117 cm","robots":{"index":"index","follow":"follow","max-snippet":"max-snippet:-1","max-image-preview":"max-image-preview:large","max-video-preview":"max-video-preview:-1"},"canonical":"https:\/\/repliquemangacine.fr\/en\/medieval-templar-sword\/rapiere-classique-17\u1d49-corbiere-lame-large\/","og_locale":"en_US","og_type":"article","og_title":"Rapi\u00e8re classique 17\u1d49 - Vente de Reproduction armes historiques - R\u00e9plique Manga Cin\u00e9","og_description":"D\u00e9couvrez cette superbe Rapi\u00e8re classique 17\u1d49 au meilleur prix. Lame large en acier carbone, non aff\u00fbt\u00e9e. Fourreau en cuir noir. Longueur totale : 117 cm","og_url":"https:\/\/repliquemangacine.fr\/en\/medieval-templar-sword\/rapiere-classique-17\u1d49-corbiere-lame-large\/","og_site_name":"R\u00e9plique Manga Cin\u00e9","article_publisher":"https:\/\/www.facebook.com\/RepliqueMangaCine","article_modified_time":"2025-11-18T20:47:08+00:00","og_image":[{"width":500,"height":500,"url":"https:\/\/repliquemangacine.fr\/wp-content\/uploads\/2023\/10\/rapiere-2.jpg","type":"image\/jpeg"}],"twitter_card":"summary_large_image","twitter_misc":{"Est. reading time":"3 minutes"},"schema":{"@context":"https:\/\/schema.org","@graph":[{"@type":"WebPage","@id":"https:\/\/repliquemangacine.fr\/epee-templier-medievale\/rapiere-classique-17%e1%b5%89-corbiere-lame-large\/","url":"https:\/\/repliquemangacine.fr\/epee-templier-medievale\/rapiere-classique-17%e1%b5%89-corbiere-lame-large\/","name":"Classic rapier 17\u1d49 - Historical weapons reproduction sale - R\u00e9plique Manga Cin\u00e9","isPartOf":{"@id":"https:\/\/repliquemangacine.fr\/#website"},"primaryImageOfPage":{"@id":"https:\/\/repliquemangacine.fr\/epee-templier-medievale\/rapiere-classique-17%e1%b5%89-corbiere-lame-large\/#primaryimage"},"image":{"@id":"https:\/\/repliquemangacine.fr\/epee-templier-medievale\/rapiere-classique-17%e1%b5%89-corbiere-lame-large\/#primaryimage"},"thumbnailUrl":"https:\/\/repliquemangacine.fr\/wp-content\/uploads\/2023\/10\/rapiere-2.jpg","datePublished":"2023-07-31T14:42:04+00:00","dateModified":"2025-11-18T20:47:08+00:00","description":"Discover this superb classic 17\u1d49 Rapier at the best price. Wide, unsharpened carbon steel blade. Black leather sheath. Total length: 117 cm","breadcrumb":{"@id":"https:\/\/repliquemangacine.fr\/epee-templier-medievale\/rapiere-classique-17%e1%b5%89-corbiere-lame-large\/#breadcrumb"},"inLanguage":"en-US","potentialAction":[{"@type":"ReadAction","target":["https:\/\/repliquemangacine.fr\/epee-templier-medievale\/rapiere-classique-17%e1%b5%89-corbiere-lame-large\/"]}]},{"@type":"ImageObject","inLanguage":"en-US","@id":"https:\/\/repliquemangacine.fr\/epee-templier-medievale\/rapiere-classique-17%e1%b5%89-corbiere-lame-large\/#primaryimage","url":"https:\/\/repliquemangacine.fr\/wp-content\/uploads\/2023\/10\/rapiere-2.jpg","contentUrl":"https:\/\/repliquemangacine.fr\/wp-content\/uploads\/2023\/10\/rapiere-2.jpg","width":500,"height":500,"caption":"Rapi\u00e8re classique 17\u1d49"},{"@type":"BreadcrumbList","@id":"https:\/\/repliquemangacine.fr\/epee-templier-medievale\/rapiere-classique-17%e1%b5%89-corbiere-lame-large\/#breadcrumb","itemListElement":[{"@type":"ListItem","position":1,"name":"Accueil","item":"https:\/\/repliquemangacine.fr\/"},{"@type":"ListItem","position":2,"name":"Produits","item":"https:\/\/repliquemangacine.fr\/boutique\/"},{"@type":"ListItem","position":3,"name":"Rapi\u00e8re classique 17\u1d49"}]},{"@type":"WebSite","@id":"https:\/\/repliquemangacine.fr\/#website","url":"https:\/\/repliquemangacine.fr\/","name":"R\u00e9plique Manga Cin\u00e9","description":"","publisher":{"@id":"https:\/\/repliquemangacine.fr\/#organization"},"potentialAction":[{"@type":"SearchAction","target":{"@type":"EntryPoint","urlTemplate":"https:\/\/repliquemangacine.fr\/?s={search_term_string}"},"query-input":{"@type":"PropertyValueSpecification","valueRequired":true,"valueName":"search_term_string"}}],"inLanguage":"en-US"},{"@type":"Organization","@id":"https:\/\/repliquemangacine.fr\/#organization","name":"R\u00e9plique Manga Cin\u00e9","url":"https:\/\/repliquemangacine.fr\/","logo":{"@type":"ImageObject","inLanguage":"en-US","@id":"https:\/\/repliquemangacine.fr\/#\/schema\/logo\/image\/","url":"https:\/\/repliquemangacine.fr\/wp-content\/uploads\/2023\/10\/RMC-500250.png","contentUrl":"https:\/\/repliquemangacine.fr\/wp-content\/uploads\/2023\/10\/RMC-500250.png","width":500,"height":250,"caption":"R\u00e9plique Manga Cin\u00e9"},"image":{"@id":"https:\/\/repliquemangacine.fr\/#\/schema\/logo\/image\/"},"sameAs":["https:\/\/www.facebook.com\/RepliqueMangaCine","https:\/\/www.instagram.com\/repliquemangacine.fr\/"]}]}},"_links":{"self":[{"href":"https:\/\/repliquemangacine.fr\/en\/wp-json\/wp\/v2\/product\/61815","targetHints":{"allow":["GET"]}}],"collection":[{"href":"https:\/\/repliquemangacine.fr\/en\/wp-json\/wp\/v2\/product"}],"about":[{"href":"https:\/\/repliquemangacine.fr\/en\/wp-json\/wp\/v2\/types\/product"}],"wp:featuredmedia":[{"embeddable":true,"href":"https:\/\/repliquemangacine.fr\/en\/wp-json\/wp\/v2\/media\/61816"}],"wp:attachment":[{"href":"https:\/\/repliquemangacine.fr\/en\/wp-json\/wp\/v2\/media?parent=61815"}],"wp:term":[{"taxonomy":"product_brand","embeddable":true,"href":"https:\/\/repliquemangacine.fr\/en\/wp-json\/wp\/v2\/product_brand?post=61815"},{"taxonomy":"product_cat","embeddable":true,"href":"https:\/\/repliquemangacine.fr\/en\/wp-json\/wp\/v2\/product_cat?post=61815"},{"taxonomy":"product_tag","embeddable":true,"href":"https:\/\/repliquemangacine.fr\/en\/wp-json\/wp\/v2\/product_tag?post=61815"}],"curies":[{"name":"wp","href":"https:\/\/api.w.org\/{rel}","templated":true}]}}