





{"id":61729,"date":"2023-07-26T15:59:56","date_gmt":"2023-07-26T13:59:56","guid":{"rendered":"https:\/\/repliquemangacine.fr\/?post_type=product&#038;p=61729"},"modified":"2026-02-13T09:33:40","modified_gmt":"2026-02-13T08:33:40","slug":"katana-kikoku-trafalgar-law","status":"publish","type":"product","link":"https:\/\/repliquemangacine.fr\/en\/repliques-manga-jeux-video\/katana-kikoku-trafalgar-law\/","title":{"rendered":"Katana Kikoku Trafalgar Law"},"content":{"rendered":"<h2>Katana Kikoku Trafalgar Law - One Piece<\/h2>\n<p>To begin with, the <strong>Katana Kikoku Trafalgar Law<\/strong> purple, is called the Kikoku sword, a cursed blade. Identical to the animated manga One Piece.<\/p>\n<p>First and foremost, <a href=\"https:\/\/onepiece.fandom.com\/fr\/wiki\/Trafalgar_D._Water_Law\" target=\"_blank\" rel=\"noopener noreferrer\">Trafalgar Law<\/a>Trafalgar D. Water Law, is the Captain and Doctor of L'\u00c9quipage du Heart, a pirate crew made up mainly of doctors. His name is inspired by two of Napoleon's defeats: Trafalgar and Waterloo.<\/p>\n<p>Law owns a long nodachi, named Kikoku, which he uses in accordance with his powers derived from a Demon Fruit. It's a large sword with a scabbard decorated with banshee crosses and fitted with a white fur guard. Law combines his sword with the powers of Ope No Mi.<\/p>\n<h2>Your <strong>Katana Kikoku Trafalgar Law<\/strong> at the best price<\/h2>\n<p>We bring you all the lines of your favorite characters from the animated manga One Piece.<\/p>\n<p>First and foremost,<\/p>\n<ul>\n<li>You will also find the long version of Law's sword, the<a href=\"https:\/\/repliquemangacine.fr\/en\/katana-one-piece\/katana-trafalgar-law-violet-one-piece\/\">Kikoku sword<\/a> One Piece 104cm,<\/li>\n<li>As well as the new<a href=\"https:\/\/repliquemangacine.fr\/en\/katana-one-piece\/luffys-tanto-nidai-kitetsu\/\"> tanto de Luffy<\/a> Nidai Kitetsu with a look all his own.<\/li>\n<li>There is also the <a href=\"https:\/\/repliquemangacine.fr\/en\/katana-one-piece\/purple-enma-katana-one-piece\/\">Enma katana<\/a> of Zoro in several versions<\/li>\n<li>And much, much more to discover in our online store!<\/li>\n<\/ul>\n<p>That's why here are some great gift ideas for all One Piece fans.<\/p>\n<p>In conclusion, you can also use this <strong>Katana Kikoku Trafalgar Law<\/strong> purple for your cosplay parades or theme parties. But above all, Law's Katana is also a collector's item and a decorative piece.<\/p>\n<h2>How to maintain the blade of your One Piece katana?<\/h2>\n<p>Collector's and decorative katanas are made and assembled in a simplified way. As their use is decorative, they lack the safety features required of a Japanese saber intended for training.<\/p>\n<p>However, your <strong>Katana Kikoku Trafalgar Law<\/strong> Violet has a steel blade that needs to be cared for to avoid damage over time. In fact, when you expose your katana, your friends will be curious to see the blade and touch it. This is where you need to be careful: acidity from your fingers is very harmful to steel, whatever its quality.<\/p>\n<p>If this happens, don't panic, just use a cloth dampened with a little oil to wipe off any fingerprints. By doing so, you'll keep your sword looking its best for a very long time.<\/p>","protected":false},"excerpt":{"rendered":"<p>Kikoku is the name of Trafalgar Law's sword. It's a cursed blade, but not one of the 83 renowned blades.<\/p>\n<ul>\n<li>Two-tone steel blade (non-sharp).<\/li>\n<li>Handle covered with purple cotton braid.<\/li>\n<li>White faux fur guard.<\/li>\n<li>Black lacquered wooden scabbard decorated with white crosses.<\/li>\n<li>Replica size 103 cm<\/li>\n<\/ul>","protected":false},"featured_media":61730,"template":"","meta":[],"product_brand":[896],"product_cat":[123,23],"product_tag":[],"class_list":{"0":"post-61729","1":"product","2":"type-product","3":"status-publish","4":"has-post-thumbnail","6":"product_brand-replique-manga-cine","7":"product_cat-katana-en-metal-one-piece","8":"product_cat-repliques-manga-jeux-video","10":"first","11":"instock","12":"featured","13":"taxable","14":"shipping-taxable","15":"purchasable","16":"product-type-simple"},"yoast_head":"<!-- This site is optimized with the Yoast SEO plugin v27.5 - https:\/\/yoast.com\/product\/yoast-seo-wordpress\/ -->\n<title>Katana Kikoku Trafalgar Law - Katana One Piece - R\u00e9plique Manga Cin\u00e9<\/title>\n<meta name=\"description\" content=\"Offre-lui le Katana Kikoku Trafalgar Law au meilleur prix. Lame en acier deux tons. Fourreau laqu\u00e9 noir avec croix. Garde en moumoute. Longueur : 103 cm\" \/>\n<meta name=\"robots\" content=\"index, follow, max-snippet:-1, max-image-preview:large, max-video-preview:-1\" \/>\n<link rel=\"canonical\" href=\"https:\/\/repliquemangacine.fr\/en\/replicas-manga-video-games\/katana-kikoku-trafalgar-law\/\" \/>\n<meta property=\"og:locale\" content=\"en_US\" \/>\n<meta property=\"og:type\" content=\"article\" \/>\n<meta property=\"og:title\" content=\"Katana Kikoku Trafalgar Law - Katana One Piece - R\u00e9plique Manga Cin\u00e9\" \/>\n<meta property=\"og:description\" content=\"Offre-lui le Katana Kikoku Trafalgar Law au meilleur prix. Lame en acier deux tons. Fourreau laqu\u00e9 noir avec croix. Garde en moumoute. Longueur : 103 cm\" \/>\n<meta property=\"og:url\" content=\"https:\/\/repliquemangacine.fr\/en\/replicas-manga-video-games\/katana-kikoku-trafalgar-law\/\" \/>\n<meta property=\"og:site_name\" content=\"R\u00e9plique Manga Cin\u00e9\" \/>\n<meta property=\"article:publisher\" content=\"https:\/\/www.facebook.com\/RepliqueMangaCine\" \/>\n<meta property=\"article:modified_time\" content=\"2026-02-13T08:33:40+00:00\" \/>\n<meta property=\"og:image\" content=\"https:\/\/repliquemangacine.fr\/wp-content\/uploads\/2023\/10\/Katana-trafalgar-law.jpg\" \/>\n\t<meta property=\"og:image:width\" content=\"500\" \/>\n\t<meta property=\"og:image:height\" content=\"500\" \/>\n\t<meta property=\"og:image:type\" content=\"image\/jpeg\" \/>\n<meta name=\"twitter:card\" content=\"summary_large_image\" \/>\n<meta name=\"twitter:label1\" content=\"Est. reading time\" \/>\n\t<meta name=\"twitter:data1\" content=\"3 minutes\" \/>\n<script type=\"application\/ld+json\" class=\"yoast-schema-graph\">{\"@context\":\"https:\\\/\\\/schema.org\",\"@graph\":[{\"@type\":\"WebPage\",\"@id\":\"https:\\\/\\\/repliquemangacine.fr\\\/repliques-manga-jeux-video\\\/katana-kikoku-trafalgar-law\\\/\",\"url\":\"https:\\\/\\\/repliquemangacine.fr\\\/repliques-manga-jeux-video\\\/katana-kikoku-trafalgar-law\\\/\",\"name\":\"Katana Kikoku Trafalgar Law - Katana One Piece - R\u00e9plique Manga Cin\u00e9\",\"isPartOf\":{\"@id\":\"https:\\\/\\\/repliquemangacine.fr\\\/#website\"},\"primaryImageOfPage\":{\"@id\":\"https:\\\/\\\/repliquemangacine.fr\\\/repliques-manga-jeux-video\\\/katana-kikoku-trafalgar-law\\\/#primaryimage\"},\"image\":{\"@id\":\"https:\\\/\\\/repliquemangacine.fr\\\/repliques-manga-jeux-video\\\/katana-kikoku-trafalgar-law\\\/#primaryimage\"},\"thumbnailUrl\":\"https:\\\/\\\/repliquemangacine.fr\\\/wp-content\\\/uploads\\\/2023\\\/10\\\/Katana-trafalgar-law.jpg\",\"datePublished\":\"2023-07-26T13:59:56+00:00\",\"dateModified\":\"2026-02-13T08:33:40+00:00\",\"description\":\"Offre-lui le Katana Kikoku Trafalgar Law au meilleur prix. Lame en acier deux tons. Fourreau laqu\u00e9 noir avec croix. Garde en moumoute. Longueur : 103 cm\",\"breadcrumb\":{\"@id\":\"https:\\\/\\\/repliquemangacine.fr\\\/repliques-manga-jeux-video\\\/katana-kikoku-trafalgar-law\\\/#breadcrumb\"},\"inLanguage\":\"en-US\",\"potentialAction\":[{\"@type\":\"ReadAction\",\"target\":[\"https:\\\/\\\/repliquemangacine.fr\\\/repliques-manga-jeux-video\\\/katana-kikoku-trafalgar-law\\\/\"]}]},{\"@type\":\"ImageObject\",\"inLanguage\":\"en-US\",\"@id\":\"https:\\\/\\\/repliquemangacine.fr\\\/repliques-manga-jeux-video\\\/katana-kikoku-trafalgar-law\\\/#primaryimage\",\"url\":\"https:\\\/\\\/repliquemangacine.fr\\\/wp-content\\\/uploads\\\/2023\\\/10\\\/Katana-trafalgar-law.jpg\",\"contentUrl\":\"https:\\\/\\\/repliquemangacine.fr\\\/wp-content\\\/uploads\\\/2023\\\/10\\\/Katana-trafalgar-law.jpg\",\"width\":500,\"height\":500,\"caption\":\"Katana Kikoku Trafalgar Law\"},{\"@type\":\"BreadcrumbList\",\"@id\":\"https:\\\/\\\/repliquemangacine.fr\\\/repliques-manga-jeux-video\\\/katana-kikoku-trafalgar-law\\\/#breadcrumb\",\"itemListElement\":[{\"@type\":\"ListItem\",\"position\":1,\"name\":\"Accueil\",\"item\":\"https:\\\/\\\/repliquemangacine.fr\\\/\"},{\"@type\":\"ListItem\",\"position\":2,\"name\":\"Produits\",\"item\":\"https:\\\/\\\/repliquemangacine.fr\\\/boutique\\\/\"},{\"@type\":\"ListItem\",\"position\":3,\"name\":\"Katana Kikoku Trafalgar Law\"}]},{\"@type\":\"WebSite\",\"@id\":\"https:\\\/\\\/repliquemangacine.fr\\\/#website\",\"url\":\"https:\\\/\\\/repliquemangacine.fr\\\/\",\"name\":\"R\u00e9plique Manga Cin\u00e9\",\"description\":\"\",\"publisher\":{\"@id\":\"https:\\\/\\\/repliquemangacine.fr\\\/#organization\"},\"potentialAction\":[{\"@type\":\"SearchAction\",\"target\":{\"@type\":\"EntryPoint\",\"urlTemplate\":\"https:\\\/\\\/repliquemangacine.fr\\\/?s={search_term_string}\"},\"query-input\":{\"@type\":\"PropertyValueSpecification\",\"valueRequired\":true,\"valueName\":\"search_term_string\"}}],\"inLanguage\":\"en-US\"},{\"@type\":\"Organization\",\"@id\":\"https:\\\/\\\/repliquemangacine.fr\\\/#organization\",\"name\":\"R\u00e9plique Manga Cin\u00e9\",\"url\":\"https:\\\/\\\/repliquemangacine.fr\\\/\",\"logo\":{\"@type\":\"ImageObject\",\"inLanguage\":\"en-US\",\"@id\":\"https:\\\/\\\/repliquemangacine.fr\\\/#\\\/schema\\\/logo\\\/image\\\/\",\"url\":\"https:\\\/\\\/repliquemangacine.fr\\\/wp-content\\\/uploads\\\/2023\\\/10\\\/RMC-500250.png\",\"contentUrl\":\"https:\\\/\\\/repliquemangacine.fr\\\/wp-content\\\/uploads\\\/2023\\\/10\\\/RMC-500250.png\",\"width\":500,\"height\":250,\"caption\":\"R\u00e9plique Manga Cin\u00e9\"},\"image\":{\"@id\":\"https:\\\/\\\/repliquemangacine.fr\\\/#\\\/schema\\\/logo\\\/image\\\/\"},\"sameAs\":[\"https:\\\/\\\/www.facebook.com\\\/RepliqueMangaCine\",\"https:\\\/\\\/www.instagram.com\\\/repliquemangacine.fr\\\/\"]}]}<\/script>\n<!-- \/ Yoast SEO plugin. -->","yoast_head_json":{"title":"Katana Kikoku Trafalgar Law - Katana One Piece - R\u00e9plique Manga Cin\u00e9","description":"Offer him the Katana Kikoku Trafalgar Law at the best price. Two-tone steel blade. Black lacquered scabbard with cross. Hairpiece guard. Length: 103 cm.","robots":{"index":"index","follow":"follow","max-snippet":"max-snippet:-1","max-image-preview":"max-image-preview:large","max-video-preview":"max-video-preview:-1"},"canonical":"https:\/\/repliquemangacine.fr\/en\/replicas-manga-video-games\/katana-kikoku-trafalgar-law\/","og_locale":"en_US","og_type":"article","og_title":"Katana Kikoku Trafalgar Law - Katana One Piece - R\u00e9plique Manga Cin\u00e9","og_description":"Offre-lui le Katana Kikoku Trafalgar Law au meilleur prix. Lame en acier deux tons. Fourreau laqu\u00e9 noir avec croix. Garde en moumoute. Longueur : 103 cm","og_url":"https:\/\/repliquemangacine.fr\/en\/replicas-manga-video-games\/katana-kikoku-trafalgar-law\/","og_site_name":"R\u00e9plique Manga Cin\u00e9","article_publisher":"https:\/\/www.facebook.com\/RepliqueMangaCine","article_modified_time":"2026-02-13T08:33:40+00:00","og_image":[{"width":500,"height":500,"url":"https:\/\/repliquemangacine.fr\/wp-content\/uploads\/2023\/10\/Katana-trafalgar-law.jpg","type":"image\/jpeg"}],"twitter_card":"summary_large_image","twitter_misc":{"Est. reading time":"3 minutes"},"schema":{"@context":"https:\/\/schema.org","@graph":[{"@type":"WebPage","@id":"https:\/\/repliquemangacine.fr\/repliques-manga-jeux-video\/katana-kikoku-trafalgar-law\/","url":"https:\/\/repliquemangacine.fr\/repliques-manga-jeux-video\/katana-kikoku-trafalgar-law\/","name":"Katana Kikoku Trafalgar Law - Katana One Piece - R\u00e9plique Manga Cin\u00e9","isPartOf":{"@id":"https:\/\/repliquemangacine.fr\/#website"},"primaryImageOfPage":{"@id":"https:\/\/repliquemangacine.fr\/repliques-manga-jeux-video\/katana-kikoku-trafalgar-law\/#primaryimage"},"image":{"@id":"https:\/\/repliquemangacine.fr\/repliques-manga-jeux-video\/katana-kikoku-trafalgar-law\/#primaryimage"},"thumbnailUrl":"https:\/\/repliquemangacine.fr\/wp-content\/uploads\/2023\/10\/Katana-trafalgar-law.jpg","datePublished":"2023-07-26T13:59:56+00:00","dateModified":"2026-02-13T08:33:40+00:00","description":"Offer him the Katana Kikoku Trafalgar Law at the best price. Two-tone steel blade. Black lacquered scabbard with cross. Hairpiece guard. Length: 103 cm.","breadcrumb":{"@id":"https:\/\/repliquemangacine.fr\/repliques-manga-jeux-video\/katana-kikoku-trafalgar-law\/#breadcrumb"},"inLanguage":"en-US","potentialAction":[{"@type":"ReadAction","target":["https:\/\/repliquemangacine.fr\/repliques-manga-jeux-video\/katana-kikoku-trafalgar-law\/"]}]},{"@type":"ImageObject","inLanguage":"en-US","@id":"https:\/\/repliquemangacine.fr\/repliques-manga-jeux-video\/katana-kikoku-trafalgar-law\/#primaryimage","url":"https:\/\/repliquemangacine.fr\/wp-content\/uploads\/2023\/10\/Katana-trafalgar-law.jpg","contentUrl":"https:\/\/repliquemangacine.fr\/wp-content\/uploads\/2023\/10\/Katana-trafalgar-law.jpg","width":500,"height":500,"caption":"Katana Kikoku Trafalgar Law"},{"@type":"BreadcrumbList","@id":"https:\/\/repliquemangacine.fr\/repliques-manga-jeux-video\/katana-kikoku-trafalgar-law\/#breadcrumb","itemListElement":[{"@type":"ListItem","position":1,"name":"Accueil","item":"https:\/\/repliquemangacine.fr\/"},{"@type":"ListItem","position":2,"name":"Produits","item":"https:\/\/repliquemangacine.fr\/boutique\/"},{"@type":"ListItem","position":3,"name":"Katana Kikoku Trafalgar Law"}]},{"@type":"WebSite","@id":"https:\/\/repliquemangacine.fr\/#website","url":"https:\/\/repliquemangacine.fr\/","name":"R\u00e9plique Manga Cin\u00e9","description":"","publisher":{"@id":"https:\/\/repliquemangacine.fr\/#organization"},"potentialAction":[{"@type":"SearchAction","target":{"@type":"EntryPoint","urlTemplate":"https:\/\/repliquemangacine.fr\/?s={search_term_string}"},"query-input":{"@type":"PropertyValueSpecification","valueRequired":true,"valueName":"search_term_string"}}],"inLanguage":"en-US"},{"@type":"Organization","@id":"https:\/\/repliquemangacine.fr\/#organization","name":"R\u00e9plique Manga Cin\u00e9","url":"https:\/\/repliquemangacine.fr\/","logo":{"@type":"ImageObject","inLanguage":"en-US","@id":"https:\/\/repliquemangacine.fr\/#\/schema\/logo\/image\/","url":"https:\/\/repliquemangacine.fr\/wp-content\/uploads\/2023\/10\/RMC-500250.png","contentUrl":"https:\/\/repliquemangacine.fr\/wp-content\/uploads\/2023\/10\/RMC-500250.png","width":500,"height":250,"caption":"R\u00e9plique Manga Cin\u00e9"},"image":{"@id":"https:\/\/repliquemangacine.fr\/#\/schema\/logo\/image\/"},"sameAs":["https:\/\/www.facebook.com\/RepliqueMangaCine","https:\/\/www.instagram.com\/repliquemangacine.fr\/"]}]}},"_links":{"self":[{"href":"https:\/\/repliquemangacine.fr\/en\/wp-json\/wp\/v2\/product\/61729","targetHints":{"allow":["GET"]}}],"collection":[{"href":"https:\/\/repliquemangacine.fr\/en\/wp-json\/wp\/v2\/product"}],"about":[{"href":"https:\/\/repliquemangacine.fr\/en\/wp-json\/wp\/v2\/types\/product"}],"wp:featuredmedia":[{"embeddable":true,"href":"https:\/\/repliquemangacine.fr\/en\/wp-json\/wp\/v2\/media\/61730"}],"wp:attachment":[{"href":"https:\/\/repliquemangacine.fr\/en\/wp-json\/wp\/v2\/media?parent=61729"}],"wp:term":[{"taxonomy":"product_brand","embeddable":true,"href":"https:\/\/repliquemangacine.fr\/en\/wp-json\/wp\/v2\/product_brand?post=61729"},{"taxonomy":"product_cat","embeddable":true,"href":"https:\/\/repliquemangacine.fr\/en\/wp-json\/wp\/v2\/product_cat?post=61729"},{"taxonomy":"product_tag","embeddable":true,"href":"https:\/\/repliquemangacine.fr\/en\/wp-json\/wp\/v2\/product_tag?post=61729"}],"curies":[{"name":"wp","href":"https:\/\/api.w.org\/{rel}","templated":true}]}}