





{"id":61719,"date":"2023-07-25T19:07:08","date_gmt":"2023-07-25T17:07:08","guid":{"rendered":"https:\/\/repliquemangacine.fr\/?post_type=product&#038;p=61719"},"modified":"2026-04-10T15:46:48","modified_gmt":"2026-04-10T13:46:48","slug":"katana-deco-japanese-flower","status":"publish","type":"product","link":"https:\/\/repliquemangacine.fr\/en\/katana-decoration\/katana-deco-fleur-du-japon\/","title":{"rendered":"Katana Japanese flower deco"},"content":{"rendered":"<h2>Your <strong>Katana Japanese flower deco<\/strong><\/h2>\n<p>To begin with, the <strong>Katana deco Japanese flower, <\/strong>in the spirit of the samurai, the symbol of Japanese warriors will embellish your home.<\/p>\n<p>The Katana is a <a href=\"https:\/\/furansujapon.com\/culture\/katana-ce-quil-faut-savoir-du-sabre-japonais\/\" target=\"_blank\" rel=\"noopener noreferrer\">Japanese sword<\/a> (single-edged curved white weapon) over 60 cm. It is worn tucked into a belt. It is generally wielded with both hands, but some training, such as scabbard technique, requires one-handed operation.<\/p>\n<p>Decorative katanas are neither sharpened nor intended for martial arts practice. Their purpose is purely decorative. There are several ways to display your katana:<\/p>\n<ul>\n<li>Either with a stand to be placed on a piece of furniture<\/li>\n<li>Or a wall bracket<\/li>\n<li>Either a vertical support<\/li>\n<\/ul>\n<h2>Your decorative Japanese flower Katana at the best price!<\/h2>\n<p>We offer a wide selection of decorative katana from manga and video games as well as films and TV series.<\/p>\n<p>First and foremost,<\/p>\n<ul>\n<li>Visit <a href=\"https:\/\/repliquemangacine.fr\/en\/katana-demon-slayer\/katana-tanjiro-kamado-demon-slayer\/\">Tanjiro's katana<\/a> in the animated manga Demon slayer. Also available in forged version.<\/li>\n<li>There is also the <a href=\"https:\/\/repliquemangacine.fr\/en\/katanas-the-last-samurai\/katana-du-dernier-samourai-the-last-samourai\/\">katana from The Last Samurai<\/a> with Tom Cruise.<\/li>\n<li>As well as the<a href=\"https:\/\/repliquemangacine.fr\/en\/films-tv-series-sale-of-katana-sword-and-related-products\/katana-heroes-epee-by-hiro-nakamura\/\"> Hiro's sword<\/a> in the Heroes series.<\/li>\n<li>And much, much more to discover in our online store.<\/li>\n<\/ul>\n<p>That's why we've come up with some great gift ideas for movie and TV series fans.<\/p>\n<p>In conclusion, you can use the <strong>katana deco Japanese flower<\/strong> for your cosplay parades or theme parties. But above all, this sword is a collector's item and a decoration.<\/p>\n<h2>How to maintain your sword blade<\/h2>\n<p>Collector's and decorative katanas are made and assembled in a simplified way. As their use is decorative, they lack the safety features required of a Japanese saber intended for training.<\/p>\n<p>However, your <strong>katana deco Japanese flower<\/strong> to a steel blade that needs to be cared for to avoid damage over time. In fact, when you display your katana, your friends will be curious to see the blade and touch it. This is where you need to be careful, as the acidity of your fingers is very harmful to steel, whatever its quality.<\/p>\n<p>However, if this does happen, don't panic - all you need is a cloth dampened with a little oil and a wipe of fingerprints. By doing so, you'll keep your sword looking its best for a very long time.<\/p>","protected":false},"excerpt":{"rendered":"<p>Superb katana for interior decoration.<\/p>\n<ul>\n<li>440 stainless steel blade, unsharpened.<\/li>\n<li>Black lacquered scabbard with Japanese flower.<\/li>\n<li>Imitation ray skin handle, covered with green cotton braid.<\/li>\n<li>Decorated solid steel guard.<\/li>\n<li>Total length: 103cm<\/li>\n<\/ul>","protected":false},"featured_media":61720,"template":"","meta":[],"product_brand":[896],"product_cat":[26,32],"product_tag":[],"class_list":{"0":"post-61719","1":"product","2":"type-product","3":"status-publish","4":"has-post-thumbnail","6":"product_brand-replique-manga-cine","7":"product_cat-katana-epee","8":"product_cat-katana-decoration","10":"first","11":"outofstock","12":"sale","13":"taxable","14":"shipping-taxable","15":"purchasable","16":"product-type-simple"},"yoast_head":"<!-- This site is optimized with the Yoast SEO plugin v27.4 - https:\/\/yoast.com\/product\/yoast-seo-wordpress\/ -->\n<title>Katana d\u00e9co fleur du Japon - Boutique en ligne de katana - RMC<\/title>\n<meta name=\"description\" content=\"D\u00e9couvrez ce superbe Katana d\u00e9co fleur du Japon au meilleur prix. Lame en acier inox 440. Fourreau laqu\u00e9 noir avec fleur du Japon. Garde m\u00e9tal. 103 cm\" \/>\n<meta name=\"robots\" content=\"index, follow, max-snippet:-1, max-image-preview:large, max-video-preview:-1\" \/>\n<link rel=\"canonical\" href=\"https:\/\/repliquemangacine.fr\/en\/katana-decoration\/katana-deco-japanese-flower\/\" \/>\n<meta property=\"og:locale\" content=\"en_US\" \/>\n<meta property=\"og:type\" content=\"article\" \/>\n<meta property=\"og:title\" content=\"Katana d\u00e9co fleur du Japon - Boutique en ligne de katana - RMC\" \/>\n<meta property=\"og:description\" content=\"D\u00e9couvrez ce superbe Katana d\u00e9co fleur du Japon au meilleur prix. Lame en acier inox 440. Fourreau laqu\u00e9 noir avec fleur du Japon. Garde m\u00e9tal. 103 cm\" \/>\n<meta property=\"og:url\" content=\"https:\/\/repliquemangacine.fr\/en\/katana-decoration\/katana-deco-japanese-flower\/\" \/>\n<meta property=\"og:site_name\" content=\"R\u00e9plique Manga Cin\u00e9\" \/>\n<meta property=\"article:publisher\" content=\"https:\/\/www.facebook.com\/RepliqueMangaCine\" \/>\n<meta property=\"article:modified_time\" content=\"2026-04-10T13:46:48+00:00\" \/>\n<meta property=\"og:image\" content=\"https:\/\/repliquemangacine.fr\/wp-content\/uploads\/2023\/10\/katana-deco-fleur.jpg\" \/>\n\t<meta property=\"og:image:width\" content=\"500\" \/>\n\t<meta property=\"og:image:height\" content=\"500\" \/>\n\t<meta property=\"og:image:type\" content=\"image\/jpeg\" \/>\n<meta name=\"twitter:card\" content=\"summary_large_image\" \/>\n<meta name=\"twitter:label1\" content=\"Est. reading time\" \/>\n\t<meta name=\"twitter:data1\" content=\"3 minutes\" \/>\n<script type=\"application\/ld+json\" class=\"yoast-schema-graph\">{\"@context\":\"https:\\\/\\\/schema.org\",\"@graph\":[{\"@type\":\"WebPage\",\"@id\":\"https:\\\/\\\/repliquemangacine.fr\\\/katana-decoration\\\/katana-deco-fleur-du-japon\\\/\",\"url\":\"https:\\\/\\\/repliquemangacine.fr\\\/katana-decoration\\\/katana-deco-fleur-du-japon\\\/\",\"name\":\"Katana d\u00e9co fleur du Japon - Boutique en ligne de katana - RMC\",\"isPartOf\":{\"@id\":\"https:\\\/\\\/repliquemangacine.fr\\\/#website\"},\"primaryImageOfPage\":{\"@id\":\"https:\\\/\\\/repliquemangacine.fr\\\/katana-decoration\\\/katana-deco-fleur-du-japon\\\/#primaryimage\"},\"image\":{\"@id\":\"https:\\\/\\\/repliquemangacine.fr\\\/katana-decoration\\\/katana-deco-fleur-du-japon\\\/#primaryimage\"},\"thumbnailUrl\":\"https:\\\/\\\/repliquemangacine.fr\\\/wp-content\\\/uploads\\\/2023\\\/10\\\/katana-deco-fleur.jpg\",\"datePublished\":\"2023-07-25T17:07:08+00:00\",\"dateModified\":\"2026-04-10T13:46:48+00:00\",\"description\":\"D\u00e9couvrez ce superbe Katana d\u00e9co fleur du Japon au meilleur prix. Lame en acier inox 440. Fourreau laqu\u00e9 noir avec fleur du Japon. Garde m\u00e9tal. 103 cm\",\"breadcrumb\":{\"@id\":\"https:\\\/\\\/repliquemangacine.fr\\\/katana-decoration\\\/katana-deco-fleur-du-japon\\\/#breadcrumb\"},\"inLanguage\":\"en-US\",\"potentialAction\":[{\"@type\":\"ReadAction\",\"target\":[\"https:\\\/\\\/repliquemangacine.fr\\\/katana-decoration\\\/katana-deco-fleur-du-japon\\\/\"]}]},{\"@type\":\"ImageObject\",\"inLanguage\":\"en-US\",\"@id\":\"https:\\\/\\\/repliquemangacine.fr\\\/katana-decoration\\\/katana-deco-fleur-du-japon\\\/#primaryimage\",\"url\":\"https:\\\/\\\/repliquemangacine.fr\\\/wp-content\\\/uploads\\\/2023\\\/10\\\/katana-deco-fleur.jpg\",\"contentUrl\":\"https:\\\/\\\/repliquemangacine.fr\\\/wp-content\\\/uploads\\\/2023\\\/10\\\/katana-deco-fleur.jpg\",\"width\":500,\"height\":500,\"caption\":\"Katana d\u00e9co Fleur du Japon\"},{\"@type\":\"BreadcrumbList\",\"@id\":\"https:\\\/\\\/repliquemangacine.fr\\\/katana-decoration\\\/katana-deco-fleur-du-japon\\\/#breadcrumb\",\"itemListElement\":[{\"@type\":\"ListItem\",\"position\":1,\"name\":\"Accueil\",\"item\":\"https:\\\/\\\/repliquemangacine.fr\\\/\"},{\"@type\":\"ListItem\",\"position\":2,\"name\":\"Produits\",\"item\":\"https:\\\/\\\/repliquemangacine.fr\\\/boutique\\\/\"},{\"@type\":\"ListItem\",\"position\":3,\"name\":\"Katana d\u00e9co fleur du Japon\"}]},{\"@type\":\"WebSite\",\"@id\":\"https:\\\/\\\/repliquemangacine.fr\\\/#website\",\"url\":\"https:\\\/\\\/repliquemangacine.fr\\\/\",\"name\":\"R\u00e9plique Manga Cin\u00e9\",\"description\":\"\",\"publisher\":{\"@id\":\"https:\\\/\\\/repliquemangacine.fr\\\/#organization\"},\"potentialAction\":[{\"@type\":\"SearchAction\",\"target\":{\"@type\":\"EntryPoint\",\"urlTemplate\":\"https:\\\/\\\/repliquemangacine.fr\\\/?s={search_term_string}\"},\"query-input\":{\"@type\":\"PropertyValueSpecification\",\"valueRequired\":true,\"valueName\":\"search_term_string\"}}],\"inLanguage\":\"en-US\"},{\"@type\":\"Organization\",\"@id\":\"https:\\\/\\\/repliquemangacine.fr\\\/#organization\",\"name\":\"R\u00e9plique Manga Cin\u00e9\",\"url\":\"https:\\\/\\\/repliquemangacine.fr\\\/\",\"logo\":{\"@type\":\"ImageObject\",\"inLanguage\":\"en-US\",\"@id\":\"https:\\\/\\\/repliquemangacine.fr\\\/#\\\/schema\\\/logo\\\/image\\\/\",\"url\":\"https:\\\/\\\/repliquemangacine.fr\\\/wp-content\\\/uploads\\\/2023\\\/10\\\/RMC-500250.png\",\"contentUrl\":\"https:\\\/\\\/repliquemangacine.fr\\\/wp-content\\\/uploads\\\/2023\\\/10\\\/RMC-500250.png\",\"width\":500,\"height\":250,\"caption\":\"R\u00e9plique Manga Cin\u00e9\"},\"image\":{\"@id\":\"https:\\\/\\\/repliquemangacine.fr\\\/#\\\/schema\\\/logo\\\/image\\\/\"},\"sameAs\":[\"https:\\\/\\\/www.facebook.com\\\/RepliqueMangaCine\",\"https:\\\/\\\/www.instagram.com\\\/repliquemangacine.fr\\\/\"]}]}<\/script>\n<!-- \/ Yoast SEO plugin. -->","yoast_head_json":{"title":"Katana deco Japanese flower - Katana online store - RMC","description":"Discover this superb Japanese flower Katana at the best price. 440 stainless steel blade. Black lacquered sheath with Japanese flower. Metal guard. 103 cm long","robots":{"index":"index","follow":"follow","max-snippet":"max-snippet:-1","max-image-preview":"max-image-preview:large","max-video-preview":"max-video-preview:-1"},"canonical":"https:\/\/repliquemangacine.fr\/en\/katana-decoration\/katana-deco-japanese-flower\/","og_locale":"en_US","og_type":"article","og_title":"Katana d\u00e9co fleur du Japon - Boutique en ligne de katana - RMC","og_description":"D\u00e9couvrez ce superbe Katana d\u00e9co fleur du Japon au meilleur prix. Lame en acier inox 440. Fourreau laqu\u00e9 noir avec fleur du Japon. Garde m\u00e9tal. 103 cm","og_url":"https:\/\/repliquemangacine.fr\/en\/katana-decoration\/katana-deco-japanese-flower\/","og_site_name":"R\u00e9plique Manga Cin\u00e9","article_publisher":"https:\/\/www.facebook.com\/RepliqueMangaCine","article_modified_time":"2026-04-10T13:46:48+00:00","og_image":[{"width":500,"height":500,"url":"https:\/\/repliquemangacine.fr\/wp-content\/uploads\/2023\/10\/katana-deco-fleur.jpg","type":"image\/jpeg"}],"twitter_card":"summary_large_image","twitter_misc":{"Est. reading time":"3 minutes"},"schema":{"@context":"https:\/\/schema.org","@graph":[{"@type":"WebPage","@id":"https:\/\/repliquemangacine.fr\/katana-decoration\/katana-deco-fleur-du-japon\/","url":"https:\/\/repliquemangacine.fr\/katana-decoration\/katana-deco-fleur-du-japon\/","name":"Katana deco Japanese flower - Katana online store - RMC","isPartOf":{"@id":"https:\/\/repliquemangacine.fr\/#website"},"primaryImageOfPage":{"@id":"https:\/\/repliquemangacine.fr\/katana-decoration\/katana-deco-fleur-du-japon\/#primaryimage"},"image":{"@id":"https:\/\/repliquemangacine.fr\/katana-decoration\/katana-deco-fleur-du-japon\/#primaryimage"},"thumbnailUrl":"https:\/\/repliquemangacine.fr\/wp-content\/uploads\/2023\/10\/katana-deco-fleur.jpg","datePublished":"2023-07-25T17:07:08+00:00","dateModified":"2026-04-10T13:46:48+00:00","description":"Discover this superb Japanese flower Katana at the best price. 440 stainless steel blade. Black lacquered sheath with Japanese flower. Metal guard. 103 cm long","breadcrumb":{"@id":"https:\/\/repliquemangacine.fr\/katana-decoration\/katana-deco-fleur-du-japon\/#breadcrumb"},"inLanguage":"en-US","potentialAction":[{"@type":"ReadAction","target":["https:\/\/repliquemangacine.fr\/katana-decoration\/katana-deco-fleur-du-japon\/"]}]},{"@type":"ImageObject","inLanguage":"en-US","@id":"https:\/\/repliquemangacine.fr\/katana-decoration\/katana-deco-fleur-du-japon\/#primaryimage","url":"https:\/\/repliquemangacine.fr\/wp-content\/uploads\/2023\/10\/katana-deco-fleur.jpg","contentUrl":"https:\/\/repliquemangacine.fr\/wp-content\/uploads\/2023\/10\/katana-deco-fleur.jpg","width":500,"height":500,"caption":"Katana d\u00e9co Fleur du Japon"},{"@type":"BreadcrumbList","@id":"https:\/\/repliquemangacine.fr\/katana-decoration\/katana-deco-fleur-du-japon\/#breadcrumb","itemListElement":[{"@type":"ListItem","position":1,"name":"Accueil","item":"https:\/\/repliquemangacine.fr\/"},{"@type":"ListItem","position":2,"name":"Produits","item":"https:\/\/repliquemangacine.fr\/boutique\/"},{"@type":"ListItem","position":3,"name":"Katana d\u00e9co fleur du Japon"}]},{"@type":"WebSite","@id":"https:\/\/repliquemangacine.fr\/#website","url":"https:\/\/repliquemangacine.fr\/","name":"R\u00e9plique Manga Cin\u00e9","description":"","publisher":{"@id":"https:\/\/repliquemangacine.fr\/#organization"},"potentialAction":[{"@type":"SearchAction","target":{"@type":"EntryPoint","urlTemplate":"https:\/\/repliquemangacine.fr\/?s={search_term_string}"},"query-input":{"@type":"PropertyValueSpecification","valueRequired":true,"valueName":"search_term_string"}}],"inLanguage":"en-US"},{"@type":"Organization","@id":"https:\/\/repliquemangacine.fr\/#organization","name":"R\u00e9plique Manga Cin\u00e9","url":"https:\/\/repliquemangacine.fr\/","logo":{"@type":"ImageObject","inLanguage":"en-US","@id":"https:\/\/repliquemangacine.fr\/#\/schema\/logo\/image\/","url":"https:\/\/repliquemangacine.fr\/wp-content\/uploads\/2023\/10\/RMC-500250.png","contentUrl":"https:\/\/repliquemangacine.fr\/wp-content\/uploads\/2023\/10\/RMC-500250.png","width":500,"height":250,"caption":"R\u00e9plique Manga Cin\u00e9"},"image":{"@id":"https:\/\/repliquemangacine.fr\/#\/schema\/logo\/image\/"},"sameAs":["https:\/\/www.facebook.com\/RepliqueMangaCine","https:\/\/www.instagram.com\/repliquemangacine.fr\/"]}]}},"_links":{"self":[{"href":"https:\/\/repliquemangacine.fr\/en\/wp-json\/wp\/v2\/product\/61719","targetHints":{"allow":["GET"]}}],"collection":[{"href":"https:\/\/repliquemangacine.fr\/en\/wp-json\/wp\/v2\/product"}],"about":[{"href":"https:\/\/repliquemangacine.fr\/en\/wp-json\/wp\/v2\/types\/product"}],"wp:featuredmedia":[{"embeddable":true,"href":"https:\/\/repliquemangacine.fr\/en\/wp-json\/wp\/v2\/media\/61720"}],"wp:attachment":[{"href":"https:\/\/repliquemangacine.fr\/en\/wp-json\/wp\/v2\/media?parent=61719"}],"wp:term":[{"taxonomy":"product_brand","embeddable":true,"href":"https:\/\/repliquemangacine.fr\/en\/wp-json\/wp\/v2\/product_brand?post=61719"},{"taxonomy":"product_cat","embeddable":true,"href":"https:\/\/repliquemangacine.fr\/en\/wp-json\/wp\/v2\/product_cat?post=61719"},{"taxonomy":"product_tag","embeddable":true,"href":"https:\/\/repliquemangacine.fr\/en\/wp-json\/wp\/v2\/product_tag?post=61719"}],"curies":[{"name":"wp","href":"https:\/\/api.w.org\/{rel}","templated":true}]}}