





{"id":61713,"date":"2023-07-25T16:04:53","date_gmt":"2023-07-25T14:04:53","guid":{"rendered":"https:\/\/repliquemangacine.fr\/?post_type=product&#038;p=61713"},"modified":"2026-04-28T22:03:52","modified_gmt":"2026-04-28T20:03:52","slug":"wooden-stand-for-colt","status":"publish","type":"product","link":"https:\/\/repliquemangacine.fr\/en\/holster-accessoires-western\/support-bois-pour-colt\/","title":{"rendered":"Wooden colt holder"},"content":{"rendered":"<h2>Wooden holder for Colt - Denix<\/h2>\n<p>To start with, a wooden colt rack is essential for a beautiful presentation of your guns. Of course, you can also display your antique or modern pistols. Whether on a table, sideboard or desk, your gun will have its place in your home.<\/p>\n<p>Denix has come up with an original idea for a simple interlocking stand, with no need for nails or screws. With this little object, you'll be able to display all your colts and pistols at low cost.<\/p>\n<p>Denix, a world-renowned Spanish company in the sale of reproductions of historical weapons. A leader in its field for over 50 years, it exports to more than 40 countries, with a large network of distributors that includes us, for everyone's enjoyment.<\/p>\n<p>It is worth noting that all historical eras are represented in their catalog:<\/p>\n<ul>\n<li>Antiquity and its swords<\/li>\n<li>The Middle Ages and swords<\/li>\n<li>1st Empire with rifles, pistols and sabres<\/li>\n<li>Western colts and winchesters<\/li>\n<li>World War 2\u1d49 and its D-Day weapons<\/li>\n<\/ul>\n<h2>Your Denix replica weapons at the best price.<\/h2>\n<p>We offer a very wide choice of gun reproductions from the following brands <a href=\"https:\/\/www.denix.fr\/\" target=\"_blank\" rel=\"noopener noreferrer\">Denix<\/a>.<\/p>\n<p>First and foremost,<\/p>\n<ul>\n<li>Ancient replicas such as the <a href=\"https:\/\/repliquemangacine.fr\/en\/antique-weapons\/roman-sword-jules-cesar-sword-red\/\">Julius Caesar's sword<\/a> with remarkable finishes.<\/li>\n<li>There's also the Western period with the Winchesters and Cowboy colts.<\/li>\n<li>As well as ancient and medieval periods such as the<a href=\"https:\/\/repliquemangacine.fr\/en\/reproductions-of-medieval-weapons-and-accessories\/excalibur-king-arthur-legendary-sword\/\">Excalibur sword<\/a> of King Arthur<\/li>\n<li>To conclude the Second World War with all the weapons used on D-Day<\/li>\n<li>And much more to discover in our online store!<\/li>\n<\/ul>\n<p>That's why we've come up with some great gift ideas for all you history buffs out there.<\/p>\n<p>In conclusion, you can use this Wooden Colt Stand to decorate and display your collectors' weapons.<\/p>\n<p>R\u00e9plique Manga Cin\u00e9 is a French family business and official distributor of the Denix brand.<\/p>","protected":false},"excerpt":{"rendered":"<p>At last, you'll be able to display your colts and pistols wherever you like, with complete peace of mind.<\/p>\n<ul>\n<li>Wooden stand that can be placed anywhere.<\/li>\n<li>Easy to assemble with snap-fit mechanism.<\/li>\n<li>Dimension: 21.8 cm<\/li>\n<\/ul>","protected":false},"featured_media":61714,"template":"","meta":[],"product_brand":[896],"product_cat":[51,34,102,90,52,40,28,27],"product_tag":[],"class_list":{"0":"post-61713","1":"product","2":"type-product","3":"status-publish","4":"has-post-thumbnail","6":"product_brand-replique-manga-cine","7":"product_cat-accessoires-western","8":"product_cat-armes-westerns","9":"product_cat-denix","10":"product_cat-holster-accessoires-western","11":"product_cat-pistolet-ancien","12":"product_cat-pistolet-moderne","13":"product_cat-repliques-darmes","14":"product_cat-armes-et-accessoires-western","16":"first","17":"instock","18":"taxable","19":"shipping-taxable","20":"purchasable","21":"product-type-simple"},"yoast_head":"<!-- This site is optimized with the Yoast SEO plugin v27.5 - https:\/\/yoast.com\/product\/yoast-seo-wordpress\/ -->\n<title>Support bois pour colt - Reproduction d&#039;armes Denix - R\u00e9plique Manga Cin\u00e9<\/title>\n<meta name=\"description\" content=\"D\u00e9couvrez cet astucieux Support bois pour colt au meilleur prix. Tout en bois \u00e0 poser sur une table. Accepte tous types de colts et revolver. 21.8 cm\" \/>\n<meta name=\"robots\" content=\"index, follow, max-snippet:-1, max-image-preview:large, max-video-preview:-1\" \/>\n<link rel=\"canonical\" href=\"https:\/\/repliquemangacine.fr\/en\/western-accessory-holster\/wooden-stand-for-colt\/\" \/>\n<meta property=\"og:locale\" content=\"en_US\" \/>\n<meta property=\"og:type\" content=\"article\" \/>\n<meta property=\"og:title\" content=\"Support bois pour colt - Reproduction d&#039;armes Denix - R\u00e9plique Manga Cin\u00e9\" \/>\n<meta property=\"og:description\" content=\"D\u00e9couvrez cet astucieux Support bois pour colt au meilleur prix. Tout en bois \u00e0 poser sur une table. Accepte tous types de colts et revolver. 21.8 cm\" \/>\n<meta property=\"og:url\" content=\"https:\/\/repliquemangacine.fr\/en\/western-accessory-holster\/wooden-stand-for-colt\/\" \/>\n<meta property=\"og:site_name\" content=\"R\u00e9plique Manga Cin\u00e9\" \/>\n<meta property=\"article:publisher\" content=\"https:\/\/www.facebook.com\/RepliqueMangaCine\" \/>\n<meta property=\"article:modified_time\" content=\"2026-04-28T20:03:52+00:00\" \/>\n<meta property=\"og:image\" content=\"https:\/\/repliquemangacine.fr\/wp-content\/uploads\/2023\/10\/Support-bois-pistolet.jpg\" \/>\n\t<meta property=\"og:image:width\" content=\"500\" \/>\n\t<meta property=\"og:image:height\" content=\"500\" \/>\n\t<meta property=\"og:image:type\" content=\"image\/jpeg\" \/>\n<meta name=\"twitter:card\" content=\"summary_large_image\" \/>\n<meta name=\"twitter:label1\" content=\"Est. reading time\" \/>\n\t<meta name=\"twitter:data1\" content=\"2 minutes\" \/>\n<script type=\"application\/ld+json\" class=\"yoast-schema-graph\">{\"@context\":\"https:\\\/\\\/schema.org\",\"@graph\":[{\"@type\":\"WebPage\",\"@id\":\"https:\\\/\\\/repliquemangacine.fr\\\/holster-accessoires-western\\\/support-bois-pour-colt\\\/\",\"url\":\"https:\\\/\\\/repliquemangacine.fr\\\/holster-accessoires-western\\\/support-bois-pour-colt\\\/\",\"name\":\"Support bois pour colt - Reproduction d'armes Denix - R\u00e9plique Manga Cin\u00e9\",\"isPartOf\":{\"@id\":\"https:\\\/\\\/repliquemangacine.fr\\\/#website\"},\"primaryImageOfPage\":{\"@id\":\"https:\\\/\\\/repliquemangacine.fr\\\/holster-accessoires-western\\\/support-bois-pour-colt\\\/#primaryimage\"},\"image\":{\"@id\":\"https:\\\/\\\/repliquemangacine.fr\\\/holster-accessoires-western\\\/support-bois-pour-colt\\\/#primaryimage\"},\"thumbnailUrl\":\"https:\\\/\\\/repliquemangacine.fr\\\/wp-content\\\/uploads\\\/2023\\\/10\\\/Support-bois-pistolet.jpg\",\"datePublished\":\"2023-07-25T14:04:53+00:00\",\"dateModified\":\"2026-04-28T20:03:52+00:00\",\"description\":\"D\u00e9couvrez cet astucieux Support bois pour colt au meilleur prix. Tout en bois \u00e0 poser sur une table. Accepte tous types de colts et revolver. 21.8 cm\",\"breadcrumb\":{\"@id\":\"https:\\\/\\\/repliquemangacine.fr\\\/holster-accessoires-western\\\/support-bois-pour-colt\\\/#breadcrumb\"},\"inLanguage\":\"en-US\",\"potentialAction\":[{\"@type\":\"ReadAction\",\"target\":[\"https:\\\/\\\/repliquemangacine.fr\\\/holster-accessoires-western\\\/support-bois-pour-colt\\\/\"]}]},{\"@type\":\"ImageObject\",\"inLanguage\":\"en-US\",\"@id\":\"https:\\\/\\\/repliquemangacine.fr\\\/holster-accessoires-western\\\/support-bois-pour-colt\\\/#primaryimage\",\"url\":\"https:\\\/\\\/repliquemangacine.fr\\\/wp-content\\\/uploads\\\/2023\\\/10\\\/Support-bois-pistolet.jpg\",\"contentUrl\":\"https:\\\/\\\/repliquemangacine.fr\\\/wp-content\\\/uploads\\\/2023\\\/10\\\/Support-bois-pistolet.jpg\",\"width\":500,\"height\":500,\"caption\":\"Support bois pour colt\"},{\"@type\":\"BreadcrumbList\",\"@id\":\"https:\\\/\\\/repliquemangacine.fr\\\/holster-accessoires-western\\\/support-bois-pour-colt\\\/#breadcrumb\",\"itemListElement\":[{\"@type\":\"ListItem\",\"position\":1,\"name\":\"Accueil\",\"item\":\"https:\\\/\\\/repliquemangacine.fr\\\/\"},{\"@type\":\"ListItem\",\"position\":2,\"name\":\"Produits\",\"item\":\"https:\\\/\\\/repliquemangacine.fr\\\/boutique\\\/\"},{\"@type\":\"ListItem\",\"position\":3,\"name\":\"Support bois pour colt\"}]},{\"@type\":\"WebSite\",\"@id\":\"https:\\\/\\\/repliquemangacine.fr\\\/#website\",\"url\":\"https:\\\/\\\/repliquemangacine.fr\\\/\",\"name\":\"R\u00e9plique Manga Cin\u00e9\",\"description\":\"\",\"publisher\":{\"@id\":\"https:\\\/\\\/repliquemangacine.fr\\\/#organization\"},\"potentialAction\":[{\"@type\":\"SearchAction\",\"target\":{\"@type\":\"EntryPoint\",\"urlTemplate\":\"https:\\\/\\\/repliquemangacine.fr\\\/?s={search_term_string}\"},\"query-input\":{\"@type\":\"PropertyValueSpecification\",\"valueRequired\":true,\"valueName\":\"search_term_string\"}}],\"inLanguage\":\"en-US\"},{\"@type\":\"Organization\",\"@id\":\"https:\\\/\\\/repliquemangacine.fr\\\/#organization\",\"name\":\"R\u00e9plique Manga Cin\u00e9\",\"url\":\"https:\\\/\\\/repliquemangacine.fr\\\/\",\"logo\":{\"@type\":\"ImageObject\",\"inLanguage\":\"en-US\",\"@id\":\"https:\\\/\\\/repliquemangacine.fr\\\/#\\\/schema\\\/logo\\\/image\\\/\",\"url\":\"https:\\\/\\\/repliquemangacine.fr\\\/wp-content\\\/uploads\\\/2023\\\/10\\\/RMC-500250.png\",\"contentUrl\":\"https:\\\/\\\/repliquemangacine.fr\\\/wp-content\\\/uploads\\\/2023\\\/10\\\/RMC-500250.png\",\"width\":500,\"height\":250,\"caption\":\"R\u00e9plique Manga Cin\u00e9\"},\"image\":{\"@id\":\"https:\\\/\\\/repliquemangacine.fr\\\/#\\\/schema\\\/logo\\\/image\\\/\"},\"sameAs\":[\"https:\\\/\\\/www.facebook.com\\\/RepliqueMangaCine\",\"https:\\\/\\\/www.instagram.com\\\/repliquemangacine.fr\\\/\"]}]}<\/script>\n<!-- \/ Yoast SEO plugin. -->","yoast_head_json":{"title":"Wooden colt rest - Denix weapons reproduction - R\u00e9plique Manga Cin\u00e9","description":"Discover this clever wooden Colt holder at the best price. All-wood tabletop. Accepts all types of colts and revolvers. 21.8 cm","robots":{"index":"index","follow":"follow","max-snippet":"max-snippet:-1","max-image-preview":"max-image-preview:large","max-video-preview":"max-video-preview:-1"},"canonical":"https:\/\/repliquemangacine.fr\/en\/western-accessory-holster\/wooden-stand-for-colt\/","og_locale":"en_US","og_type":"article","og_title":"Support bois pour colt - Reproduction d'armes Denix - R\u00e9plique Manga Cin\u00e9","og_description":"D\u00e9couvrez cet astucieux Support bois pour colt au meilleur prix. Tout en bois \u00e0 poser sur une table. Accepte tous types de colts et revolver. 21.8 cm","og_url":"https:\/\/repliquemangacine.fr\/en\/western-accessory-holster\/wooden-stand-for-colt\/","og_site_name":"R\u00e9plique Manga Cin\u00e9","article_publisher":"https:\/\/www.facebook.com\/RepliqueMangaCine","article_modified_time":"2026-04-28T20:03:52+00:00","og_image":[{"width":500,"height":500,"url":"https:\/\/repliquemangacine.fr\/wp-content\/uploads\/2023\/10\/Support-bois-pistolet.jpg","type":"image\/jpeg"}],"twitter_card":"summary_large_image","twitter_misc":{"Est. reading time":"2 minutes"},"schema":{"@context":"https:\/\/schema.org","@graph":[{"@type":"WebPage","@id":"https:\/\/repliquemangacine.fr\/holster-accessoires-western\/support-bois-pour-colt\/","url":"https:\/\/repliquemangacine.fr\/holster-accessoires-western\/support-bois-pour-colt\/","name":"Wooden colt rest - Denix weapons reproduction - R\u00e9plique Manga Cin\u00e9","isPartOf":{"@id":"https:\/\/repliquemangacine.fr\/#website"},"primaryImageOfPage":{"@id":"https:\/\/repliquemangacine.fr\/holster-accessoires-western\/support-bois-pour-colt\/#primaryimage"},"image":{"@id":"https:\/\/repliquemangacine.fr\/holster-accessoires-western\/support-bois-pour-colt\/#primaryimage"},"thumbnailUrl":"https:\/\/repliquemangacine.fr\/wp-content\/uploads\/2023\/10\/Support-bois-pistolet.jpg","datePublished":"2023-07-25T14:04:53+00:00","dateModified":"2026-04-28T20:03:52+00:00","description":"Discover this clever wooden Colt holder at the best price. All-wood tabletop. Accepts all types of colts and revolvers. 21.8 cm","breadcrumb":{"@id":"https:\/\/repliquemangacine.fr\/holster-accessoires-western\/support-bois-pour-colt\/#breadcrumb"},"inLanguage":"en-US","potentialAction":[{"@type":"ReadAction","target":["https:\/\/repliquemangacine.fr\/holster-accessoires-western\/support-bois-pour-colt\/"]}]},{"@type":"ImageObject","inLanguage":"en-US","@id":"https:\/\/repliquemangacine.fr\/holster-accessoires-western\/support-bois-pour-colt\/#primaryimage","url":"https:\/\/repliquemangacine.fr\/wp-content\/uploads\/2023\/10\/Support-bois-pistolet.jpg","contentUrl":"https:\/\/repliquemangacine.fr\/wp-content\/uploads\/2023\/10\/Support-bois-pistolet.jpg","width":500,"height":500,"caption":"Support bois pour colt"},{"@type":"BreadcrumbList","@id":"https:\/\/repliquemangacine.fr\/holster-accessoires-western\/support-bois-pour-colt\/#breadcrumb","itemListElement":[{"@type":"ListItem","position":1,"name":"Accueil","item":"https:\/\/repliquemangacine.fr\/"},{"@type":"ListItem","position":2,"name":"Produits","item":"https:\/\/repliquemangacine.fr\/boutique\/"},{"@type":"ListItem","position":3,"name":"Support bois pour colt"}]},{"@type":"WebSite","@id":"https:\/\/repliquemangacine.fr\/#website","url":"https:\/\/repliquemangacine.fr\/","name":"R\u00e9plique Manga Cin\u00e9","description":"","publisher":{"@id":"https:\/\/repliquemangacine.fr\/#organization"},"potentialAction":[{"@type":"SearchAction","target":{"@type":"EntryPoint","urlTemplate":"https:\/\/repliquemangacine.fr\/?s={search_term_string}"},"query-input":{"@type":"PropertyValueSpecification","valueRequired":true,"valueName":"search_term_string"}}],"inLanguage":"en-US"},{"@type":"Organization","@id":"https:\/\/repliquemangacine.fr\/#organization","name":"R\u00e9plique Manga Cin\u00e9","url":"https:\/\/repliquemangacine.fr\/","logo":{"@type":"ImageObject","inLanguage":"en-US","@id":"https:\/\/repliquemangacine.fr\/#\/schema\/logo\/image\/","url":"https:\/\/repliquemangacine.fr\/wp-content\/uploads\/2023\/10\/RMC-500250.png","contentUrl":"https:\/\/repliquemangacine.fr\/wp-content\/uploads\/2023\/10\/RMC-500250.png","width":500,"height":250,"caption":"R\u00e9plique Manga Cin\u00e9"},"image":{"@id":"https:\/\/repliquemangacine.fr\/#\/schema\/logo\/image\/"},"sameAs":["https:\/\/www.facebook.com\/RepliqueMangaCine","https:\/\/www.instagram.com\/repliquemangacine.fr\/"]}]}},"_links":{"self":[{"href":"https:\/\/repliquemangacine.fr\/en\/wp-json\/wp\/v2\/product\/61713","targetHints":{"allow":["GET"]}}],"collection":[{"href":"https:\/\/repliquemangacine.fr\/en\/wp-json\/wp\/v2\/product"}],"about":[{"href":"https:\/\/repliquemangacine.fr\/en\/wp-json\/wp\/v2\/types\/product"}],"wp:featuredmedia":[{"embeddable":true,"href":"https:\/\/repliquemangacine.fr\/en\/wp-json\/wp\/v2\/media\/61714"}],"wp:attachment":[{"href":"https:\/\/repliquemangacine.fr\/en\/wp-json\/wp\/v2\/media?parent=61713"}],"wp:term":[{"taxonomy":"product_brand","embeddable":true,"href":"https:\/\/repliquemangacine.fr\/en\/wp-json\/wp\/v2\/product_brand?post=61713"},{"taxonomy":"product_cat","embeddable":true,"href":"https:\/\/repliquemangacine.fr\/en\/wp-json\/wp\/v2\/product_cat?post=61713"},{"taxonomy":"product_tag","embeddable":true,"href":"https:\/\/repliquemangacine.fr\/en\/wp-json\/wp\/v2\/product_tag?post=61713"}],"curies":[{"name":"wp","href":"https:\/\/api.w.org\/{rel}","templated":true}]}}