





{"id":61676,"date":"2023-07-24T15:32:41","date_gmt":"2023-07-24T13:32:41","guid":{"rendered":"https:\/\/repliquemangacine.fr\/?post_type=product&#038;p=61676"},"modified":"2025-11-18T22:01:56","modified_gmt":"2025-11-18T21:01:56","slug":"machete-and-kunai-killer","status":"publish","type":"product","link":"https:\/\/repliquemangacine.fr\/en\/armes-the-walking-dead\/machette-et-kunai-killer\/","title":{"rendered":"Machete and Kuna\u00ef Killer"},"content":{"rendered":"<h2>Machete and Kuna\u00ef Killer<\/h2>\n<p>To begin with, the <strong>Machete and Kuna\u00ef Killer<\/strong> The Walking Dead is specially designed to kill zombies!<\/p>\n<p>A machete, a long, short-handled knife with a thick blade, more or less 40 cm long, designed as a vegetation-cutting tool. In fact, it is generally used to cut through dense vegetation, or to open hard-shelled fruits such as coconuts.<\/p>\n<p>The machete was used by the French army in the second half of the 19th century and in the first half of the 20th century under the name of \"sabre d'abattis\".<\/p>\n<p>Widely used in movies and video games. In Assassin's Creed III: Liberation, the heroine Aveline de Grandpr\u00e9 uses a machete for hand-to-hand combat.<\/p>\n<h2>Your Machete and Kuna\u00ef Killer at the best price.<\/h2>\n<p>We offer a wide selection of replicas from the <a href=\"https:\/\/thewalkingdead.fandom.com\/fr\/wiki\/Accueil\" target=\"_blank\" rel=\"noopener noreferrer\">The Walking Dead<\/a>.<\/p>\n<p>First and foremost,<\/p>\n<ul>\n<li>Visit <a href=\"https:\/\/repliquemangacine.fr\/en\/weapons-the-walking-dead\/michonnes-katana\/\">Michonne's katana<\/a> in its non-cutting version, is also available in a cutting version.<\/li>\n<li>There is also the <a href=\"https:\/\/repliquemangacine.fr\/en\/weapons-the-walking-dead\/colt-python-rick-grimes\/\">Rick's Python colt<\/a> which he uses throughout the series.<\/li>\n<li>As well as the <a href=\"https:\/\/repliquemangacine.fr\/en\/weapons-the-walking-dead\/lucille-rigid-foam-negan-bat\/\">Negan bat<\/a> (in foam)<\/li>\n<li>And many more to discover in our online store!<\/li>\n<\/ul>\n<p>So here's a great gift idea for all The Walking Dead fans.<\/p>\n<p>In conclusion, you can also use this <strong>Machete and Kunai Zombie<\/strong> for your Halloweens or theme parties. But above all, it's a collector's item and a decorative element.<\/p>\n<h2>How to maintain the blade of your knife?<\/h2>\n<p>Collector's and decorative swords are made and assembled in a simplified way. As their use is decorative, they lack the safety features required of a Japanese sword intended for training.<\/p>\n<p>However, your <strong>Machete and Kunai Zombie<\/strong> to a steel blade that needs to be maintained to prevent damage over time. In fact, when you expose your machete, your friends will be curious to see the blade and touch it. This is where you need to be careful, as the acidity of your fingers is very harmful to steel, whatever its quality.<\/p>\n<p>However, if this does happen, don't panic - all you need is a cloth dampened with a little oil and wipe off any fingerprints. By doing so, you'll keep your four-piece zombie killer set for a very long time.<\/p>","protected":false},"excerpt":{"rendered":"<p>Superb four-piece set, ideal for fighting the undead!<\/p>\n<p>\u2013 <strong>Machete<\/strong><\/p>\n<ul>\n<li>Made in one piece<\/li>\n<li>Decorated openwork steel blade<\/li>\n<li>Cotton-covered handle for a secure grip<\/li>\n<li>Total length: 69 cm<\/li>\n<\/ul>\n<p>\u2013<strong> Kunai<\/strong><\/p>\n<ul>\n<li>Made in one piece<\/li>\n<li>Decorated steel blade<\/li>\n<li>Cotton-covered handle for a secure grip<\/li>\n<li>Total length of each kunai: 16.5 cm<\/li>\n<\/ul>\n<p>This set is delivered in a cordura carrying case.<\/p>\n<p>&nbsp;<\/p>","protected":false},"featured_media":61677,"template":"","meta":[],"product_brand":[896],"product_cat":[24,62],"product_tag":[],"class_list":{"0":"post-61676","1":"product","2":"type-product","3":"status-publish","4":"has-post-thumbnail","6":"product_brand-replique-manga-cine","7":"product_cat-films-series-tv-vente-de-katana-epee-et-produits-derives","8":"product_cat-armes-the-walking-dead","10":"first","11":"instock","12":"taxable","13":"shipping-taxable","14":"purchasable","15":"product-type-simple"},"yoast_head":"<!-- This site is optimized with the Yoast SEO plugin v27.4 - https:\/\/yoast.com\/product\/yoast-seo-wordpress\/ -->\n<title>Machette et Kuna\u00ef Killer - Vente couteau The Walking Dead - RMC<\/title>\n<meta name=\"description\" content=\"Offrez-lui cette superbe machette et Kuna\u00ef Killer au meilleur prix. Tout en acier. Fait d&#039;une seule pi\u00e8ce. Kuna\u00efs en acier avec gravure. Fourreau. 69 cm\" \/>\n<meta name=\"robots\" content=\"index, follow, max-snippet:-1, max-image-preview:large, max-video-preview:-1\" \/>\n<link rel=\"canonical\" href=\"https:\/\/repliquemangacine.fr\/en\/weapons-the-walking-dead\/machete-and-kunai-killer\/\" \/>\n<meta property=\"og:locale\" content=\"en_US\" \/>\n<meta property=\"og:type\" content=\"article\" \/>\n<meta property=\"og:title\" content=\"Machette et Kuna\u00ef Killer - Vente couteau The Walking Dead - RMC\" \/>\n<meta property=\"og:description\" content=\"Offrez-lui cette superbe machette et Kuna\u00ef Killer au meilleur prix. Tout en acier. Fait d&#039;une seule pi\u00e8ce. Kuna\u00efs en acier avec gravure. Fourreau. 69 cm\" \/>\n<meta property=\"og:url\" content=\"https:\/\/repliquemangacine.fr\/en\/weapons-the-walking-dead\/machete-and-kunai-killer\/\" \/>\n<meta property=\"og:site_name\" content=\"R\u00e9plique Manga Cin\u00e9\" \/>\n<meta property=\"article:publisher\" content=\"https:\/\/www.facebook.com\/RepliqueMangaCine\" \/>\n<meta property=\"article:modified_time\" content=\"2025-11-18T21:01:56+00:00\" \/>\n<meta property=\"og:image\" content=\"https:\/\/repliquemangacine.fr\/wp-content\/uploads\/2023\/10\/machette-zombie-killer.jpg\" \/>\n\t<meta property=\"og:image:width\" content=\"500\" \/>\n\t<meta property=\"og:image:height\" content=\"500\" \/>\n\t<meta property=\"og:image:type\" content=\"image\/jpeg\" \/>\n<meta name=\"twitter:card\" content=\"summary_large_image\" \/>\n<meta name=\"twitter:label1\" content=\"Est. reading time\" \/>\n\t<meta name=\"twitter:data1\" content=\"3 minutes\" \/>\n<script type=\"application\/ld+json\" class=\"yoast-schema-graph\">{\"@context\":\"https:\\\/\\\/schema.org\",\"@graph\":[{\"@type\":\"WebPage\",\"@id\":\"https:\\\/\\\/repliquemangacine.fr\\\/armes-the-walking-dead\\\/machette-et-kunai-killer\\\/\",\"url\":\"https:\\\/\\\/repliquemangacine.fr\\\/armes-the-walking-dead\\\/machette-et-kunai-killer\\\/\",\"name\":\"Machette et Kuna\u00ef Killer - Vente couteau The Walking Dead - RMC\",\"isPartOf\":{\"@id\":\"https:\\\/\\\/repliquemangacine.fr\\\/#website\"},\"primaryImageOfPage\":{\"@id\":\"https:\\\/\\\/repliquemangacine.fr\\\/armes-the-walking-dead\\\/machette-et-kunai-killer\\\/#primaryimage\"},\"image\":{\"@id\":\"https:\\\/\\\/repliquemangacine.fr\\\/armes-the-walking-dead\\\/machette-et-kunai-killer\\\/#primaryimage\"},\"thumbnailUrl\":\"https:\\\/\\\/repliquemangacine.fr\\\/wp-content\\\/uploads\\\/2023\\\/10\\\/machette-zombie-killer.jpg\",\"datePublished\":\"2023-07-24T13:32:41+00:00\",\"dateModified\":\"2025-11-18T21:01:56+00:00\",\"description\":\"Offrez-lui cette superbe machette et Kuna\u00ef Killer au meilleur prix. Tout en acier. Fait d'une seule pi\u00e8ce. Kuna\u00efs en acier avec gravure. Fourreau. 69 cm\",\"breadcrumb\":{\"@id\":\"https:\\\/\\\/repliquemangacine.fr\\\/armes-the-walking-dead\\\/machette-et-kunai-killer\\\/#breadcrumb\"},\"inLanguage\":\"en-US\",\"potentialAction\":[{\"@type\":\"ReadAction\",\"target\":[\"https:\\\/\\\/repliquemangacine.fr\\\/armes-the-walking-dead\\\/machette-et-kunai-killer\\\/\"]}]},{\"@type\":\"ImageObject\",\"inLanguage\":\"en-US\",\"@id\":\"https:\\\/\\\/repliquemangacine.fr\\\/armes-the-walking-dead\\\/machette-et-kunai-killer\\\/#primaryimage\",\"url\":\"https:\\\/\\\/repliquemangacine.fr\\\/wp-content\\\/uploads\\\/2023\\\/10\\\/machette-zombie-killer.jpg\",\"contentUrl\":\"https:\\\/\\\/repliquemangacine.fr\\\/wp-content\\\/uploads\\\/2023\\\/10\\\/machette-zombie-killer.jpg\",\"width\":500,\"height\":500,\"caption\":\"Machette et Kuna\u00ef zombie-killer\"},{\"@type\":\"BreadcrumbList\",\"@id\":\"https:\\\/\\\/repliquemangacine.fr\\\/armes-the-walking-dead\\\/machette-et-kunai-killer\\\/#breadcrumb\",\"itemListElement\":[{\"@type\":\"ListItem\",\"position\":1,\"name\":\"Accueil\",\"item\":\"https:\\\/\\\/repliquemangacine.fr\\\/\"},{\"@type\":\"ListItem\",\"position\":2,\"name\":\"Produits\",\"item\":\"https:\\\/\\\/repliquemangacine.fr\\\/boutique\\\/\"},{\"@type\":\"ListItem\",\"position\":3,\"name\":\"Machette et Kuna\u00ef Killer\"}]},{\"@type\":\"WebSite\",\"@id\":\"https:\\\/\\\/repliquemangacine.fr\\\/#website\",\"url\":\"https:\\\/\\\/repliquemangacine.fr\\\/\",\"name\":\"R\u00e9plique Manga Cin\u00e9\",\"description\":\"\",\"publisher\":{\"@id\":\"https:\\\/\\\/repliquemangacine.fr\\\/#organization\"},\"potentialAction\":[{\"@type\":\"SearchAction\",\"target\":{\"@type\":\"EntryPoint\",\"urlTemplate\":\"https:\\\/\\\/repliquemangacine.fr\\\/?s={search_term_string}\"},\"query-input\":{\"@type\":\"PropertyValueSpecification\",\"valueRequired\":true,\"valueName\":\"search_term_string\"}}],\"inLanguage\":\"en-US\"},{\"@type\":\"Organization\",\"@id\":\"https:\\\/\\\/repliquemangacine.fr\\\/#organization\",\"name\":\"R\u00e9plique Manga Cin\u00e9\",\"url\":\"https:\\\/\\\/repliquemangacine.fr\\\/\",\"logo\":{\"@type\":\"ImageObject\",\"inLanguage\":\"en-US\",\"@id\":\"https:\\\/\\\/repliquemangacine.fr\\\/#\\\/schema\\\/logo\\\/image\\\/\",\"url\":\"https:\\\/\\\/repliquemangacine.fr\\\/wp-content\\\/uploads\\\/2023\\\/10\\\/RMC-500250.png\",\"contentUrl\":\"https:\\\/\\\/repliquemangacine.fr\\\/wp-content\\\/uploads\\\/2023\\\/10\\\/RMC-500250.png\",\"width\":500,\"height\":250,\"caption\":\"R\u00e9plique Manga Cin\u00e9\"},\"image\":{\"@id\":\"https:\\\/\\\/repliquemangacine.fr\\\/#\\\/schema\\\/logo\\\/image\\\/\"},\"sameAs\":[\"https:\\\/\\\/www.facebook.com\\\/RepliqueMangaCine\",\"https:\\\/\\\/www.instagram.com\\\/repliquemangacine.fr\\\/\"]}]}<\/script>\n<!-- \/ Yoast SEO plugin. -->","yoast_head_json":{"title":"Machete et Kuna\u00ef Killer - The Walking Dead knife sale - RMC","description":"Offer him this superb machete and Kunai Killer at the best price. All steel. Made in one piece. Engraved steel kunai. Scabbard. 69 cm","robots":{"index":"index","follow":"follow","max-snippet":"max-snippet:-1","max-image-preview":"max-image-preview:large","max-video-preview":"max-video-preview:-1"},"canonical":"https:\/\/repliquemangacine.fr\/en\/weapons-the-walking-dead\/machete-and-kunai-killer\/","og_locale":"en_US","og_type":"article","og_title":"Machette et Kuna\u00ef Killer - Vente couteau The Walking Dead - RMC","og_description":"Offrez-lui cette superbe machette et Kuna\u00ef Killer au meilleur prix. Tout en acier. Fait d'une seule pi\u00e8ce. Kuna\u00efs en acier avec gravure. Fourreau. 69 cm","og_url":"https:\/\/repliquemangacine.fr\/en\/weapons-the-walking-dead\/machete-and-kunai-killer\/","og_site_name":"R\u00e9plique Manga Cin\u00e9","article_publisher":"https:\/\/www.facebook.com\/RepliqueMangaCine","article_modified_time":"2025-11-18T21:01:56+00:00","og_image":[{"width":500,"height":500,"url":"https:\/\/repliquemangacine.fr\/wp-content\/uploads\/2023\/10\/machette-zombie-killer.jpg","type":"image\/jpeg"}],"twitter_card":"summary_large_image","twitter_misc":{"Est. reading time":"3 minutes"},"schema":{"@context":"https:\/\/schema.org","@graph":[{"@type":"WebPage","@id":"https:\/\/repliquemangacine.fr\/armes-the-walking-dead\/machette-et-kunai-killer\/","url":"https:\/\/repliquemangacine.fr\/armes-the-walking-dead\/machette-et-kunai-killer\/","name":"Machete et Kuna\u00ef Killer - The Walking Dead knife sale - RMC","isPartOf":{"@id":"https:\/\/repliquemangacine.fr\/#website"},"primaryImageOfPage":{"@id":"https:\/\/repliquemangacine.fr\/armes-the-walking-dead\/machette-et-kunai-killer\/#primaryimage"},"image":{"@id":"https:\/\/repliquemangacine.fr\/armes-the-walking-dead\/machette-et-kunai-killer\/#primaryimage"},"thumbnailUrl":"https:\/\/repliquemangacine.fr\/wp-content\/uploads\/2023\/10\/machette-zombie-killer.jpg","datePublished":"2023-07-24T13:32:41+00:00","dateModified":"2025-11-18T21:01:56+00:00","description":"Offer him this superb machete and Kunai Killer at the best price. All steel. Made in one piece. Engraved steel kunai. Scabbard. 69 cm","breadcrumb":{"@id":"https:\/\/repliquemangacine.fr\/armes-the-walking-dead\/machette-et-kunai-killer\/#breadcrumb"},"inLanguage":"en-US","potentialAction":[{"@type":"ReadAction","target":["https:\/\/repliquemangacine.fr\/armes-the-walking-dead\/machette-et-kunai-killer\/"]}]},{"@type":"ImageObject","inLanguage":"en-US","@id":"https:\/\/repliquemangacine.fr\/armes-the-walking-dead\/machette-et-kunai-killer\/#primaryimage","url":"https:\/\/repliquemangacine.fr\/wp-content\/uploads\/2023\/10\/machette-zombie-killer.jpg","contentUrl":"https:\/\/repliquemangacine.fr\/wp-content\/uploads\/2023\/10\/machette-zombie-killer.jpg","width":500,"height":500,"caption":"Machette et Kuna\u00ef zombie-killer"},{"@type":"BreadcrumbList","@id":"https:\/\/repliquemangacine.fr\/armes-the-walking-dead\/machette-et-kunai-killer\/#breadcrumb","itemListElement":[{"@type":"ListItem","position":1,"name":"Accueil","item":"https:\/\/repliquemangacine.fr\/"},{"@type":"ListItem","position":2,"name":"Produits","item":"https:\/\/repliquemangacine.fr\/boutique\/"},{"@type":"ListItem","position":3,"name":"Machette et Kuna\u00ef Killer"}]},{"@type":"WebSite","@id":"https:\/\/repliquemangacine.fr\/#website","url":"https:\/\/repliquemangacine.fr\/","name":"R\u00e9plique Manga Cin\u00e9","description":"","publisher":{"@id":"https:\/\/repliquemangacine.fr\/#organization"},"potentialAction":[{"@type":"SearchAction","target":{"@type":"EntryPoint","urlTemplate":"https:\/\/repliquemangacine.fr\/?s={search_term_string}"},"query-input":{"@type":"PropertyValueSpecification","valueRequired":true,"valueName":"search_term_string"}}],"inLanguage":"en-US"},{"@type":"Organization","@id":"https:\/\/repliquemangacine.fr\/#organization","name":"R\u00e9plique Manga Cin\u00e9","url":"https:\/\/repliquemangacine.fr\/","logo":{"@type":"ImageObject","inLanguage":"en-US","@id":"https:\/\/repliquemangacine.fr\/#\/schema\/logo\/image\/","url":"https:\/\/repliquemangacine.fr\/wp-content\/uploads\/2023\/10\/RMC-500250.png","contentUrl":"https:\/\/repliquemangacine.fr\/wp-content\/uploads\/2023\/10\/RMC-500250.png","width":500,"height":250,"caption":"R\u00e9plique Manga Cin\u00e9"},"image":{"@id":"https:\/\/repliquemangacine.fr\/#\/schema\/logo\/image\/"},"sameAs":["https:\/\/www.facebook.com\/RepliqueMangaCine","https:\/\/www.instagram.com\/repliquemangacine.fr\/"]}]}},"_links":{"self":[{"href":"https:\/\/repliquemangacine.fr\/en\/wp-json\/wp\/v2\/product\/61676","targetHints":{"allow":["GET"]}}],"collection":[{"href":"https:\/\/repliquemangacine.fr\/en\/wp-json\/wp\/v2\/product"}],"about":[{"href":"https:\/\/repliquemangacine.fr\/en\/wp-json\/wp\/v2\/types\/product"}],"wp:featuredmedia":[{"embeddable":true,"href":"https:\/\/repliquemangacine.fr\/en\/wp-json\/wp\/v2\/media\/61677"}],"wp:attachment":[{"href":"https:\/\/repliquemangacine.fr\/en\/wp-json\/wp\/v2\/media?parent=61676"}],"wp:term":[{"taxonomy":"product_brand","embeddable":true,"href":"https:\/\/repliquemangacine.fr\/en\/wp-json\/wp\/v2\/product_brand?post=61676"},{"taxonomy":"product_cat","embeddable":true,"href":"https:\/\/repliquemangacine.fr\/en\/wp-json\/wp\/v2\/product_cat?post=61676"},{"taxonomy":"product_tag","embeddable":true,"href":"https:\/\/repliquemangacine.fr\/en\/wp-json\/wp\/v2\/product_tag?post=61676"}],"curies":[{"name":"wp","href":"https:\/\/api.w.org\/{rel}","templated":true}]}}