





{"id":61232,"date":"2023-06-27T15:44:49","date_gmt":"2023-06-27T13:44:49","guid":{"rendered":"https:\/\/repliquemangacine.fr\/?post_type=product&#038;p=61232"},"modified":"2025-11-18T22:17:50","modified_gmt":"2025-11-18T21:17:50","slug":"medieval-shield","status":"publish","type":"product","link":"https:\/\/repliquemangacine.fr\/en\/boucliers-et-armures\/bouclier-medieval\/","title":{"rendered":"Medieval shield"},"content":{"rendered":"<h2>Medieval metal shield<\/h2>\n<p>To begin with, the <strong>Medieval Shield<\/strong>, The shield has always been an essential part of a fighter's equipment. The shield is the oldest defensive weapon, designed to ward off an attack. In the Middle Ages, shields, known as escutcheons, bore the coat of arms of the lord to whom the knights belonged.<\/p>\n<p>The shield features the coat of arms of the region of <a href=\"https:\/\/fr.wikipedia.org\/wiki\/Castille-et-Le\u00f3n\" target=\"_blank\" rel=\"noopener noreferrer\">Castilla y Le\u00f3n<\/a>, Castilla y Le\u00f3n is an autonomous community in Spain, located in the northwest of the country. The Crown of Castile comprised the territories that were under the authority of the Castilian kings in the Middle Ages.<\/p>\n<p>Ferdinand I\u1d49\u02b3 of Castile, was the first to unite the kingdoms of Castile and Leon under his authority in 1037. After dynastic divisions, the crown of Castile was reformed in 1230 under King Ferdinand III of Castile.<\/p>\n<h2>Your Medieval Shield at the best price.<\/h2>\n<p>We offer a wide range of medieval replicas.<\/p>\n<p>First and foremost,<\/p>\n<ul>\n<li>The superb <a href=\"https:\/\/repliquemangacine.fr\/en\/medieval-templar-sword\/sir-william-marshal-sword-12th-century\/\">Sir William Marshal's sword<\/a> from the 18\u1d49 century.<\/li>\n<li>There's also King Arthur's legendary and magical sword, the<a href=\"https:\/\/repliquemangacine.fr\/en\/reproductions-of-medieval-weapons-and-accessories\/excalibur-king-arthur-legendary-sword\/\">Excalibur<\/a> signed Denix.<\/li>\n<li>As well as the English helmet armor, the Armet Anglais.<\/li>\n<li>And many more to discover in our online store!<\/li>\n<\/ul>\n<p>That's why here are some great gift ideas for history lovers.<\/p>\n<p>In conclusion, you can also use the <strong>Medieval Shield<\/strong> for your historical representations, or your interior decoration. But above all, this shield is a collector's item and a decoration.<\/p>\n<p>R\u00e9plique Manga Cin\u00e9 is a French family business.<\/p>\n<h2>How are your collectors' items made?<\/h2>\n<p>To begin with, all our derived products are of the highest quality, manufactured with meticulous attention to detail. In fact, some of the manufacturing is done by hand, to reproduce even the smallest detail. More important parts are machined by precise machines. Engravings are generally made with a diamond tip or laser.<\/p>\n<p>Your <strong>Medieval Shield<\/strong>manufactured to reproduce every detail exactly. To match the heritage of the original masterpieces. The emphasis is on creating high-quality replicas that are as historically accurate as possible.<\/p>\n<p>In conclusion, imported from China, Spain or India, our replicas will amaze you!<\/p>\n<p>R\u00e9plique Manga Cin\u00e9 is a French family business.<\/p>","protected":false},"excerpt":{"rendered":"<p>Superb reproduction of a medieval shield with the coat of arms of Castile and Leon.<\/p>\n<ul>\n<li>Made entirely of steel.<\/li>\n<li>Marbled background with gilded metal reinforcement all around.<\/li>\n<li>Central coat of arms with double-headed eagle and emblem of Castile-Leon in aged steel.<\/li>\n<li>Coat of arms with lion and castle on the sides<\/li>\n<li>Metal chain for wall display.<\/li>\n<li>Width: 46 cm - Height: 64 cm - Weight: 2.4 kg<\/li>\n<\/ul>","protected":false},"featured_media":61233,"template":"","meta":[],"product_brand":[896],"product_cat":[25,75,43],"product_tag":[],"class_list":{"0":"post-61232","1":"product","2":"type-product","3":"status-publish","4":"has-post-thumbnail","6":"product_brand-replique-manga-cine","7":"product_cat-armes-historiques","8":"product_cat-boucliers-et-armures","9":"product_cat-reproductions-d-armes-et-accessoires-medievales","11":"first","12":"instock","13":"sale","14":"taxable","15":"shipping-taxable","16":"purchasable","17":"product-type-simple"},"yoast_head":"<!-- This site is optimized with the Yoast SEO plugin v27.5 - https:\/\/yoast.com\/product\/yoast-seo-wordpress\/ -->\n<title>Bouclier m\u00e9di\u00e9val - Reproduction historique - R\u00e9plique Manga Cin\u00e9<\/title>\n<meta name=\"description\" content=\"Offrez-vous ce splendide Bouclier M\u00e9di\u00e9val au meilleur prix. Tout en acier avec armoirie de Castille de L\u00e9on. Poign\u00e9e et chainette au dos. Hauteur : 64 cm\" \/>\n<meta name=\"robots\" content=\"index, follow, max-snippet:-1, max-image-preview:large, max-video-preview:-1\" \/>\n<link rel=\"canonical\" href=\"https:\/\/repliquemangacine.fr\/en\/shields-and-armor\/medieval-shield\/\" \/>\n<meta property=\"og:locale\" content=\"en_US\" \/>\n<meta property=\"og:type\" content=\"article\" \/>\n<meta property=\"og:title\" content=\"Bouclier m\u00e9di\u00e9val - Reproduction historique - R\u00e9plique Manga Cin\u00e9\" \/>\n<meta property=\"og:description\" content=\"Offrez-vous ce splendide Bouclier M\u00e9di\u00e9val au meilleur prix. Tout en acier avec armoirie de Castille de L\u00e9on. Poign\u00e9e et chainette au dos. Hauteur : 64 cm\" \/>\n<meta property=\"og:url\" content=\"https:\/\/repliquemangacine.fr\/en\/shields-and-armor\/medieval-shield\/\" \/>\n<meta property=\"og:site_name\" content=\"R\u00e9plique Manga Cin\u00e9\" \/>\n<meta property=\"article:publisher\" content=\"https:\/\/www.facebook.com\/RepliqueMangaCine\" \/>\n<meta property=\"article:modified_time\" content=\"2025-11-18T21:17:50+00:00\" \/>\n<meta property=\"og:image\" content=\"https:\/\/repliquemangacine.fr\/wp-content\/uploads\/2023\/10\/bouclier.jpg\" \/>\n\t<meta property=\"og:image:width\" content=\"500\" \/>\n\t<meta property=\"og:image:height\" content=\"500\" \/>\n\t<meta property=\"og:image:type\" content=\"image\/jpeg\" \/>\n<meta name=\"twitter:card\" content=\"summary_large_image\" \/>\n<meta name=\"twitter:label1\" content=\"Est. reading time\" \/>\n\t<meta name=\"twitter:data1\" content=\"3 minutes\" \/>\n<script type=\"application\/ld+json\" class=\"yoast-schema-graph\">{\"@context\":\"https:\\\/\\\/schema.org\",\"@graph\":[{\"@type\":\"WebPage\",\"@id\":\"https:\\\/\\\/repliquemangacine.fr\\\/boucliers-et-armures\\\/bouclier-medieval\\\/\",\"url\":\"https:\\\/\\\/repliquemangacine.fr\\\/boucliers-et-armures\\\/bouclier-medieval\\\/\",\"name\":\"Bouclier m\u00e9di\u00e9val - Reproduction historique - R\u00e9plique Manga Cin\u00e9\",\"isPartOf\":{\"@id\":\"https:\\\/\\\/repliquemangacine.fr\\\/#website\"},\"primaryImageOfPage\":{\"@id\":\"https:\\\/\\\/repliquemangacine.fr\\\/boucliers-et-armures\\\/bouclier-medieval\\\/#primaryimage\"},\"image\":{\"@id\":\"https:\\\/\\\/repliquemangacine.fr\\\/boucliers-et-armures\\\/bouclier-medieval\\\/#primaryimage\"},\"thumbnailUrl\":\"https:\\\/\\\/repliquemangacine.fr\\\/wp-content\\\/uploads\\\/2023\\\/10\\\/bouclier.jpg\",\"datePublished\":\"2023-06-27T13:44:49+00:00\",\"dateModified\":\"2025-11-18T21:17:50+00:00\",\"description\":\"Offrez-vous ce splendide Bouclier M\u00e9di\u00e9val au meilleur prix. Tout en acier avec armoirie de Castille de L\u00e9on. Poign\u00e9e et chainette au dos. Hauteur : 64 cm\",\"breadcrumb\":{\"@id\":\"https:\\\/\\\/repliquemangacine.fr\\\/boucliers-et-armures\\\/bouclier-medieval\\\/#breadcrumb\"},\"inLanguage\":\"en-US\",\"potentialAction\":[{\"@type\":\"ReadAction\",\"target\":[\"https:\\\/\\\/repliquemangacine.fr\\\/boucliers-et-armures\\\/bouclier-medieval\\\/\"]}]},{\"@type\":\"ImageObject\",\"inLanguage\":\"en-US\",\"@id\":\"https:\\\/\\\/repliquemangacine.fr\\\/boucliers-et-armures\\\/bouclier-medieval\\\/#primaryimage\",\"url\":\"https:\\\/\\\/repliquemangacine.fr\\\/wp-content\\\/uploads\\\/2023\\\/10\\\/bouclier.jpg\",\"contentUrl\":\"https:\\\/\\\/repliquemangacine.fr\\\/wp-content\\\/uploads\\\/2023\\\/10\\\/bouclier.jpg\",\"width\":500,\"height\":500,\"caption\":\"Bouclier M\u00e9di\u00e9val\"},{\"@type\":\"BreadcrumbList\",\"@id\":\"https:\\\/\\\/repliquemangacine.fr\\\/boucliers-et-armures\\\/bouclier-medieval\\\/#breadcrumb\",\"itemListElement\":[{\"@type\":\"ListItem\",\"position\":1,\"name\":\"Accueil\",\"item\":\"https:\\\/\\\/repliquemangacine.fr\\\/\"},{\"@type\":\"ListItem\",\"position\":2,\"name\":\"Produits\",\"item\":\"https:\\\/\\\/repliquemangacine.fr\\\/boutique\\\/\"},{\"@type\":\"ListItem\",\"position\":3,\"name\":\"Bouclier m\u00e9di\u00e9val\"}]},{\"@type\":\"WebSite\",\"@id\":\"https:\\\/\\\/repliquemangacine.fr\\\/#website\",\"url\":\"https:\\\/\\\/repliquemangacine.fr\\\/\",\"name\":\"R\u00e9plique Manga Cin\u00e9\",\"description\":\"\",\"publisher\":{\"@id\":\"https:\\\/\\\/repliquemangacine.fr\\\/#organization\"},\"potentialAction\":[{\"@type\":\"SearchAction\",\"target\":{\"@type\":\"EntryPoint\",\"urlTemplate\":\"https:\\\/\\\/repliquemangacine.fr\\\/?s={search_term_string}\"},\"query-input\":{\"@type\":\"PropertyValueSpecification\",\"valueRequired\":true,\"valueName\":\"search_term_string\"}}],\"inLanguage\":\"en-US\"},{\"@type\":\"Organization\",\"@id\":\"https:\\\/\\\/repliquemangacine.fr\\\/#organization\",\"name\":\"R\u00e9plique Manga Cin\u00e9\",\"url\":\"https:\\\/\\\/repliquemangacine.fr\\\/\",\"logo\":{\"@type\":\"ImageObject\",\"inLanguage\":\"en-US\",\"@id\":\"https:\\\/\\\/repliquemangacine.fr\\\/#\\\/schema\\\/logo\\\/image\\\/\",\"url\":\"https:\\\/\\\/repliquemangacine.fr\\\/wp-content\\\/uploads\\\/2023\\\/10\\\/RMC-500250.png\",\"contentUrl\":\"https:\\\/\\\/repliquemangacine.fr\\\/wp-content\\\/uploads\\\/2023\\\/10\\\/RMC-500250.png\",\"width\":500,\"height\":250,\"caption\":\"R\u00e9plique Manga Cin\u00e9\"},\"image\":{\"@id\":\"https:\\\/\\\/repliquemangacine.fr\\\/#\\\/schema\\\/logo\\\/image\\\/\"},\"sameAs\":[\"https:\\\/\\\/www.facebook.com\\\/RepliqueMangaCine\",\"https:\\\/\\\/www.instagram.com\\\/repliquemangacine.fr\\\/\"]}]}<\/script>\n<!-- \/ Yoast SEO plugin. -->","yoast_head_json":{"title":"Medieval shield - Historical reproduction - R\u00e9plique Manga Cin\u00e9","description":"Treat yourself to this splendid Medieval Shield at the best price. All steel with Castille de L\u00e9on coat of arms. Handle and chain on back. Height : 64 cm","robots":{"index":"index","follow":"follow","max-snippet":"max-snippet:-1","max-image-preview":"max-image-preview:large","max-video-preview":"max-video-preview:-1"},"canonical":"https:\/\/repliquemangacine.fr\/en\/shields-and-armor\/medieval-shield\/","og_locale":"en_US","og_type":"article","og_title":"Bouclier m\u00e9di\u00e9val - Reproduction historique - R\u00e9plique Manga Cin\u00e9","og_description":"Offrez-vous ce splendide Bouclier M\u00e9di\u00e9val au meilleur prix. Tout en acier avec armoirie de Castille de L\u00e9on. Poign\u00e9e et chainette au dos. Hauteur : 64 cm","og_url":"https:\/\/repliquemangacine.fr\/en\/shields-and-armor\/medieval-shield\/","og_site_name":"R\u00e9plique Manga Cin\u00e9","article_publisher":"https:\/\/www.facebook.com\/RepliqueMangaCine","article_modified_time":"2025-11-18T21:17:50+00:00","og_image":[{"width":500,"height":500,"url":"https:\/\/repliquemangacine.fr\/wp-content\/uploads\/2023\/10\/bouclier.jpg","type":"image\/jpeg"}],"twitter_card":"summary_large_image","twitter_misc":{"Est. reading time":"3 minutes"},"schema":{"@context":"https:\/\/schema.org","@graph":[{"@type":"WebPage","@id":"https:\/\/repliquemangacine.fr\/boucliers-et-armures\/bouclier-medieval\/","url":"https:\/\/repliquemangacine.fr\/boucliers-et-armures\/bouclier-medieval\/","name":"Medieval shield - Historical reproduction - R\u00e9plique Manga Cin\u00e9","isPartOf":{"@id":"https:\/\/repliquemangacine.fr\/#website"},"primaryImageOfPage":{"@id":"https:\/\/repliquemangacine.fr\/boucliers-et-armures\/bouclier-medieval\/#primaryimage"},"image":{"@id":"https:\/\/repliquemangacine.fr\/boucliers-et-armures\/bouclier-medieval\/#primaryimage"},"thumbnailUrl":"https:\/\/repliquemangacine.fr\/wp-content\/uploads\/2023\/10\/bouclier.jpg","datePublished":"2023-06-27T13:44:49+00:00","dateModified":"2025-11-18T21:17:50+00:00","description":"Treat yourself to this splendid Medieval Shield at the best price. All steel with Castille de L\u00e9on coat of arms. Handle and chain on back. Height : 64 cm","breadcrumb":{"@id":"https:\/\/repliquemangacine.fr\/boucliers-et-armures\/bouclier-medieval\/#breadcrumb"},"inLanguage":"en-US","potentialAction":[{"@type":"ReadAction","target":["https:\/\/repliquemangacine.fr\/boucliers-et-armures\/bouclier-medieval\/"]}]},{"@type":"ImageObject","inLanguage":"en-US","@id":"https:\/\/repliquemangacine.fr\/boucliers-et-armures\/bouclier-medieval\/#primaryimage","url":"https:\/\/repliquemangacine.fr\/wp-content\/uploads\/2023\/10\/bouclier.jpg","contentUrl":"https:\/\/repliquemangacine.fr\/wp-content\/uploads\/2023\/10\/bouclier.jpg","width":500,"height":500,"caption":"Bouclier M\u00e9di\u00e9val"},{"@type":"BreadcrumbList","@id":"https:\/\/repliquemangacine.fr\/boucliers-et-armures\/bouclier-medieval\/#breadcrumb","itemListElement":[{"@type":"ListItem","position":1,"name":"Accueil","item":"https:\/\/repliquemangacine.fr\/"},{"@type":"ListItem","position":2,"name":"Produits","item":"https:\/\/repliquemangacine.fr\/boutique\/"},{"@type":"ListItem","position":3,"name":"Bouclier m\u00e9di\u00e9val"}]},{"@type":"WebSite","@id":"https:\/\/repliquemangacine.fr\/#website","url":"https:\/\/repliquemangacine.fr\/","name":"R\u00e9plique Manga Cin\u00e9","description":"","publisher":{"@id":"https:\/\/repliquemangacine.fr\/#organization"},"potentialAction":[{"@type":"SearchAction","target":{"@type":"EntryPoint","urlTemplate":"https:\/\/repliquemangacine.fr\/?s={search_term_string}"},"query-input":{"@type":"PropertyValueSpecification","valueRequired":true,"valueName":"search_term_string"}}],"inLanguage":"en-US"},{"@type":"Organization","@id":"https:\/\/repliquemangacine.fr\/#organization","name":"R\u00e9plique Manga Cin\u00e9","url":"https:\/\/repliquemangacine.fr\/","logo":{"@type":"ImageObject","inLanguage":"en-US","@id":"https:\/\/repliquemangacine.fr\/#\/schema\/logo\/image\/","url":"https:\/\/repliquemangacine.fr\/wp-content\/uploads\/2023\/10\/RMC-500250.png","contentUrl":"https:\/\/repliquemangacine.fr\/wp-content\/uploads\/2023\/10\/RMC-500250.png","width":500,"height":250,"caption":"R\u00e9plique Manga Cin\u00e9"},"image":{"@id":"https:\/\/repliquemangacine.fr\/#\/schema\/logo\/image\/"},"sameAs":["https:\/\/www.facebook.com\/RepliqueMangaCine","https:\/\/www.instagram.com\/repliquemangacine.fr\/"]}]}},"_links":{"self":[{"href":"https:\/\/repliquemangacine.fr\/en\/wp-json\/wp\/v2\/product\/61232","targetHints":{"allow":["GET"]}}],"collection":[{"href":"https:\/\/repliquemangacine.fr\/en\/wp-json\/wp\/v2\/product"}],"about":[{"href":"https:\/\/repliquemangacine.fr\/en\/wp-json\/wp\/v2\/types\/product"}],"wp:featuredmedia":[{"embeddable":true,"href":"https:\/\/repliquemangacine.fr\/en\/wp-json\/wp\/v2\/media\/61233"}],"wp:attachment":[{"href":"https:\/\/repliquemangacine.fr\/en\/wp-json\/wp\/v2\/media?parent=61232"}],"wp:term":[{"taxonomy":"product_brand","embeddable":true,"href":"https:\/\/repliquemangacine.fr\/en\/wp-json\/wp\/v2\/product_brand?post=61232"},{"taxonomy":"product_cat","embeddable":true,"href":"https:\/\/repliquemangacine.fr\/en\/wp-json\/wp\/v2\/product_cat?post=61232"},{"taxonomy":"product_tag","embeddable":true,"href":"https:\/\/repliquemangacine.fr\/en\/wp-json\/wp\/v2\/product_tag?post=61232"}],"curies":[{"name":"wp","href":"https:\/\/api.w.org\/{rel}","templated":true}]}}