





{"id":61005,"date":"2023-06-19T11:53:28","date_gmt":"2023-06-19T09:53:28","guid":{"rendered":"https:\/\/repliquemangacine.fr\/?post_type=product&#038;p=61005"},"modified":"2026-02-06T15:46:58","modified_gmt":"2026-02-06T14:46:58","slug":"grenade-m24-puree-press","status":"publish","type":"product","link":"https:\/\/repliquemangacine.fr\/en\/armes-accessoires-guerre-mondiale\/grenade-m24-presse-puree\/","title":{"rendered":"Grenade M24 Potato masher"},"content":{"rendered":"<h2>Grenade M24 Potato masher - Denix<\/h2>\n<p>To begin with, the <strong>Grenade M24 Potato masher<\/strong> or, in German, Stielhandgranate 24, is a World War II German-designed hand grenade based on models developed during the First World War. Nicknamed the \u00abpotato masher\u00bb by analogy with the kitchen utensil. The term \"hand grenade\" refers to the various models produced from 1915 to 1945.<\/p>\n<p>Consisting of a hollow wooden handle with an explosive charge attached to the end. The trigger mechanism is activated by a cord located inside the handle, which is closed by a screw-on safety cap.<\/p>\n<p>Although containing the same explosive charge as the 1915 model, the new stick grenade designed under the Weimar Republic is slightly smaller in size.<\/p>\n<h2>Your Grenade M24 Potato masher at the best price<\/h2>\n<p>We offer a wide selection of reproductions of historical weapons.<\/p>\n<p>First and foremost,<\/p>\n<ul>\n<li>The full-size reproduction of the <a href=\"https:\/\/repliquemangacine.fr\/en\/world-war-ii-daggers-and-accessories\/german-parachutist-helmet\/\">German parachutist helmet<\/a>.<\/li>\n<li>There is also the <a href=\"https:\/\/repliquemangacine.fr\/en\/historical-weapons\/pomegranate-pineapple-usa-1918\/\">MK2 hand grenade<\/a> or Pineapple Pomegranate.<\/li>\n<li>As well as the <a href=\"https:\/\/repliquemangacine.fr\/en\/world-war-ii-daggers-and-accessories\/hitler-youth-knife-hitlerjugend\/\">Hitlerjugend knife<\/a> (Hitler Youth) adopted in 1933 until 1942.<\/li>\n<li>And many more to discover in our online store!<\/li>\n<\/ul>\n<p>A great gift idea for all lovers of historic weapons.<\/p>\n<p>You can use this <strong>Grenade M24 Potato masher<\/strong> for your historical re-enactments. But above all, this weapon is a collector's item and a decoration.<\/p>\n<p>R\u00e9plique Manga Cin\u00e9 is a French company, official distributor of the brand <a href=\"https:\/\/www.denix.fr\/fr\/catalogue\/guerres-mondiales-1914-1945\/grenades-a-main\/737-v\/\" target=\"_blank\" rel=\"noopener noreferrer\">Denix<\/a>.<\/p>\n<h2>How are Denix replicas made?<\/h2>\n<p>Used in historical re-enactments, films, TV series and by collectors. Denix gun reproductions, made from high-quality materials. Carefully crafted and assembled to create realistic collector's weapons.<\/p>\n<ul>\n<li>The metals are in a metal alloy known as Zamac, whose basic composition is zinc in 95%.<\/li>\n<li>The plastic parts of the replicas are made of molded ABS, offering high resistance.<\/li>\n<li>Wood chosen for its beauty and durability, such as mahogany, olive or walnut, will give your butts and barrels an elegant, authentic appearance.<\/li>\n<\/ul>\n<p>Please note that all Denix reproductions are identical to the originals, like your <strong>Grenade M24 Potato masher<\/strong>.<\/p>","protected":false},"excerpt":{"rendered":"<p>Reproduction of the German Model 24 grenade nicknamed \"presse-pur\u00e9e\" from World War 2\u1d49.<\/p>\n<ul>\n<li>Metal head with German inscription \"Vor Gebrauch Sprengkapsel Einsetzen\".<\/li>\n<li>Natural wood handle.<\/li>\n<li>Dimensions: 35 cm - Weight: 543 grams<\/li>\n<\/ul>","protected":false},"featured_media":61006,"template":"","meta":[],"product_brand":[896],"product_cat":[25,54,85,76],"product_tag":[],"class_list":{"0":"post-61005","1":"product","2":"type-product","3":"status-publish","4":"has-post-thumbnail","6":"product_brand-replique-manga-cine","7":"product_cat-armes-historiques","8":"product_cat-armes-accessoires-guerre-mondiale","9":"product_cat-dagues-et-accessoires-seconde-guerre-mondiale-materiels-militaria","10":"product_cat-reproductions-armes-seconde-guerre-mondiale-denix","12":"first","13":"instock","14":"taxable","15":"shipping-taxable","16":"purchasable","17":"product-type-simple"},"yoast_head":"<!-- This site is optimized with the Yoast SEO plugin v27.5 - https:\/\/yoast.com\/product\/yoast-seo-wordpress\/ -->\n<title>Grenade M24 Presse-Pur\u00e9e - Accessoires Militaria Denix - RMC<\/title>\n<meta name=\"description\" content=\"Retrouvez cette Grenade M24 Presse-Pur\u00e9e de la marque Denix au meilleur prix - T\u00eate en m\u00e9tal avec gravure allemande - Manche en bois - Longueur : 35 cm\" \/>\n<meta name=\"robots\" content=\"index, follow, max-snippet:-1, max-image-preview:large, max-video-preview:-1\" \/>\n<link rel=\"canonical\" href=\"https:\/\/repliquemangacine.fr\/en\/accessory-weapons-world-war\/grenade-m24-puree-press\/\" \/>\n<meta property=\"og:locale\" content=\"en_US\" \/>\n<meta property=\"og:type\" content=\"article\" \/>\n<meta property=\"og:title\" content=\"Grenade M24 Presse-Pur\u00e9e - Accessoires Militaria Denix - RMC\" \/>\n<meta property=\"og:description\" content=\"Retrouvez cette Grenade M24 Presse-Pur\u00e9e de la marque Denix au meilleur prix - T\u00eate en m\u00e9tal avec gravure allemande - Manche en bois - Longueur : 35 cm\" \/>\n<meta property=\"og:url\" content=\"https:\/\/repliquemangacine.fr\/en\/accessory-weapons-world-war\/grenade-m24-puree-press\/\" \/>\n<meta property=\"og:site_name\" content=\"R\u00e9plique Manga Cin\u00e9\" \/>\n<meta property=\"article:publisher\" content=\"https:\/\/www.facebook.com\/RepliqueMangaCine\" \/>\n<meta property=\"article:modified_time\" content=\"2026-02-06T14:46:58+00:00\" \/>\n<meta property=\"og:image\" content=\"https:\/\/repliquemangacine.fr\/wp-content\/uploads\/2023\/10\/grenade-allemande.jpg\" \/>\n\t<meta property=\"og:image:width\" content=\"500\" \/>\n\t<meta property=\"og:image:height\" content=\"500\" \/>\n\t<meta property=\"og:image:type\" content=\"image\/jpeg\" \/>\n<meta name=\"twitter:card\" content=\"summary_large_image\" \/>\n<meta name=\"twitter:label1\" content=\"Est. reading time\" \/>\n\t<meta name=\"twitter:data1\" content=\"3 minutes\" \/>\n<script type=\"application\/ld+json\" class=\"yoast-schema-graph\">{\"@context\":\"https:\\\/\\\/schema.org\",\"@graph\":[{\"@type\":\"WebPage\",\"@id\":\"https:\\\/\\\/repliquemangacine.fr\\\/armes-accessoires-guerre-mondiale\\\/grenade-m24-presse-puree\\\/\",\"url\":\"https:\\\/\\\/repliquemangacine.fr\\\/armes-accessoires-guerre-mondiale\\\/grenade-m24-presse-puree\\\/\",\"name\":\"Grenade M24 Presse-Pur\u00e9e - Accessoires Militaria Denix - RMC\",\"isPartOf\":{\"@id\":\"https:\\\/\\\/repliquemangacine.fr\\\/#website\"},\"primaryImageOfPage\":{\"@id\":\"https:\\\/\\\/repliquemangacine.fr\\\/armes-accessoires-guerre-mondiale\\\/grenade-m24-presse-puree\\\/#primaryimage\"},\"image\":{\"@id\":\"https:\\\/\\\/repliquemangacine.fr\\\/armes-accessoires-guerre-mondiale\\\/grenade-m24-presse-puree\\\/#primaryimage\"},\"thumbnailUrl\":\"https:\\\/\\\/repliquemangacine.fr\\\/wp-content\\\/uploads\\\/2023\\\/10\\\/grenade-allemande.jpg\",\"datePublished\":\"2023-06-19T09:53:28+00:00\",\"dateModified\":\"2026-02-06T14:46:58+00:00\",\"description\":\"Retrouvez cette Grenade M24 Presse-Pur\u00e9e de la marque Denix au meilleur prix - T\u00eate en m\u00e9tal avec gravure allemande - Manche en bois - Longueur : 35 cm\",\"breadcrumb\":{\"@id\":\"https:\\\/\\\/repliquemangacine.fr\\\/armes-accessoires-guerre-mondiale\\\/grenade-m24-presse-puree\\\/#breadcrumb\"},\"inLanguage\":\"en-US\",\"potentialAction\":[{\"@type\":\"ReadAction\",\"target\":[\"https:\\\/\\\/repliquemangacine.fr\\\/armes-accessoires-guerre-mondiale\\\/grenade-m24-presse-puree\\\/\"]}]},{\"@type\":\"ImageObject\",\"inLanguage\":\"en-US\",\"@id\":\"https:\\\/\\\/repliquemangacine.fr\\\/armes-accessoires-guerre-mondiale\\\/grenade-m24-presse-puree\\\/#primaryimage\",\"url\":\"https:\\\/\\\/repliquemangacine.fr\\\/wp-content\\\/uploads\\\/2023\\\/10\\\/grenade-allemande.jpg\",\"contentUrl\":\"https:\\\/\\\/repliquemangacine.fr\\\/wp-content\\\/uploads\\\/2023\\\/10\\\/grenade-allemande.jpg\",\"width\":500,\"height\":500,\"caption\":\"Grenade M24 Presse-Pur\u00e9e\"},{\"@type\":\"BreadcrumbList\",\"@id\":\"https:\\\/\\\/repliquemangacine.fr\\\/armes-accessoires-guerre-mondiale\\\/grenade-m24-presse-puree\\\/#breadcrumb\",\"itemListElement\":[{\"@type\":\"ListItem\",\"position\":1,\"name\":\"Accueil\",\"item\":\"https:\\\/\\\/repliquemangacine.fr\\\/\"},{\"@type\":\"ListItem\",\"position\":2,\"name\":\"Produits\",\"item\":\"https:\\\/\\\/repliquemangacine.fr\\\/boutique\\\/\"},{\"@type\":\"ListItem\",\"position\":3,\"name\":\"Grenade M24 Presse-Pur\u00e9e\"}]},{\"@type\":\"WebSite\",\"@id\":\"https:\\\/\\\/repliquemangacine.fr\\\/#website\",\"url\":\"https:\\\/\\\/repliquemangacine.fr\\\/\",\"name\":\"R\u00e9plique Manga Cin\u00e9\",\"description\":\"\",\"publisher\":{\"@id\":\"https:\\\/\\\/repliquemangacine.fr\\\/#organization\"},\"potentialAction\":[{\"@type\":\"SearchAction\",\"target\":{\"@type\":\"EntryPoint\",\"urlTemplate\":\"https:\\\/\\\/repliquemangacine.fr\\\/?s={search_term_string}\"},\"query-input\":{\"@type\":\"PropertyValueSpecification\",\"valueRequired\":true,\"valueName\":\"search_term_string\"}}],\"inLanguage\":\"en-US\"},{\"@type\":\"Organization\",\"@id\":\"https:\\\/\\\/repliquemangacine.fr\\\/#organization\",\"name\":\"R\u00e9plique Manga Cin\u00e9\",\"url\":\"https:\\\/\\\/repliquemangacine.fr\\\/\",\"logo\":{\"@type\":\"ImageObject\",\"inLanguage\":\"en-US\",\"@id\":\"https:\\\/\\\/repliquemangacine.fr\\\/#\\\/schema\\\/logo\\\/image\\\/\",\"url\":\"https:\\\/\\\/repliquemangacine.fr\\\/wp-content\\\/uploads\\\/2023\\\/10\\\/RMC-500250.png\",\"contentUrl\":\"https:\\\/\\\/repliquemangacine.fr\\\/wp-content\\\/uploads\\\/2023\\\/10\\\/RMC-500250.png\",\"width\":500,\"height\":250,\"caption\":\"R\u00e9plique Manga Cin\u00e9\"},\"image\":{\"@id\":\"https:\\\/\\\/repliquemangacine.fr\\\/#\\\/schema\\\/logo\\\/image\\\/\"},\"sameAs\":[\"https:\\\/\\\/www.facebook.com\\\/RepliqueMangaCine\",\"https:\\\/\\\/www.instagram.com\\\/repliquemangacine.fr\\\/\"]}]}<\/script>\n<!-- \/ Yoast SEO plugin. -->","yoast_head_json":{"title":"Grenade M24 Press-Pur\u00e9e - Denix Militaria Accessories - RMC","description":"Find this Grenade M24 Potato masher from Denix at the best price - Metal head with German engraving - Wooden handle - Length: 35 cm","robots":{"index":"index","follow":"follow","max-snippet":"max-snippet:-1","max-image-preview":"max-image-preview:large","max-video-preview":"max-video-preview:-1"},"canonical":"https:\/\/repliquemangacine.fr\/en\/accessory-weapons-world-war\/grenade-m24-puree-press\/","og_locale":"en_US","og_type":"article","og_title":"Grenade M24 Presse-Pur\u00e9e - Accessoires Militaria Denix - RMC","og_description":"Retrouvez cette Grenade M24 Presse-Pur\u00e9e de la marque Denix au meilleur prix - T\u00eate en m\u00e9tal avec gravure allemande - Manche en bois - Longueur : 35 cm","og_url":"https:\/\/repliquemangacine.fr\/en\/accessory-weapons-world-war\/grenade-m24-puree-press\/","og_site_name":"R\u00e9plique Manga Cin\u00e9","article_publisher":"https:\/\/www.facebook.com\/RepliqueMangaCine","article_modified_time":"2026-02-06T14:46:58+00:00","og_image":[{"width":500,"height":500,"url":"https:\/\/repliquemangacine.fr\/wp-content\/uploads\/2023\/10\/grenade-allemande.jpg","type":"image\/jpeg"}],"twitter_card":"summary_large_image","twitter_misc":{"Est. reading time":"3 minutes"},"schema":{"@context":"https:\/\/schema.org","@graph":[{"@type":"WebPage","@id":"https:\/\/repliquemangacine.fr\/armes-accessoires-guerre-mondiale\/grenade-m24-presse-puree\/","url":"https:\/\/repliquemangacine.fr\/armes-accessoires-guerre-mondiale\/grenade-m24-presse-puree\/","name":"Grenade M24 Press-Pur\u00e9e - Denix Militaria Accessories - RMC","isPartOf":{"@id":"https:\/\/repliquemangacine.fr\/#website"},"primaryImageOfPage":{"@id":"https:\/\/repliquemangacine.fr\/armes-accessoires-guerre-mondiale\/grenade-m24-presse-puree\/#primaryimage"},"image":{"@id":"https:\/\/repliquemangacine.fr\/armes-accessoires-guerre-mondiale\/grenade-m24-presse-puree\/#primaryimage"},"thumbnailUrl":"https:\/\/repliquemangacine.fr\/wp-content\/uploads\/2023\/10\/grenade-allemande.jpg","datePublished":"2023-06-19T09:53:28+00:00","dateModified":"2026-02-06T14:46:58+00:00","description":"Find this Grenade M24 Potato masher from Denix at the best price - Metal head with German engraving - Wooden handle - Length: 35 cm","breadcrumb":{"@id":"https:\/\/repliquemangacine.fr\/armes-accessoires-guerre-mondiale\/grenade-m24-presse-puree\/#breadcrumb"},"inLanguage":"en-US","potentialAction":[{"@type":"ReadAction","target":["https:\/\/repliquemangacine.fr\/armes-accessoires-guerre-mondiale\/grenade-m24-presse-puree\/"]}]},{"@type":"ImageObject","inLanguage":"en-US","@id":"https:\/\/repliquemangacine.fr\/armes-accessoires-guerre-mondiale\/grenade-m24-presse-puree\/#primaryimage","url":"https:\/\/repliquemangacine.fr\/wp-content\/uploads\/2023\/10\/grenade-allemande.jpg","contentUrl":"https:\/\/repliquemangacine.fr\/wp-content\/uploads\/2023\/10\/grenade-allemande.jpg","width":500,"height":500,"caption":"Grenade M24 Presse-Pur\u00e9e"},{"@type":"BreadcrumbList","@id":"https:\/\/repliquemangacine.fr\/armes-accessoires-guerre-mondiale\/grenade-m24-presse-puree\/#breadcrumb","itemListElement":[{"@type":"ListItem","position":1,"name":"Accueil","item":"https:\/\/repliquemangacine.fr\/"},{"@type":"ListItem","position":2,"name":"Produits","item":"https:\/\/repliquemangacine.fr\/boutique\/"},{"@type":"ListItem","position":3,"name":"Grenade M24 Presse-Pur\u00e9e"}]},{"@type":"WebSite","@id":"https:\/\/repliquemangacine.fr\/#website","url":"https:\/\/repliquemangacine.fr\/","name":"R\u00e9plique Manga Cin\u00e9","description":"","publisher":{"@id":"https:\/\/repliquemangacine.fr\/#organization"},"potentialAction":[{"@type":"SearchAction","target":{"@type":"EntryPoint","urlTemplate":"https:\/\/repliquemangacine.fr\/?s={search_term_string}"},"query-input":{"@type":"PropertyValueSpecification","valueRequired":true,"valueName":"search_term_string"}}],"inLanguage":"en-US"},{"@type":"Organization","@id":"https:\/\/repliquemangacine.fr\/#organization","name":"R\u00e9plique Manga Cin\u00e9","url":"https:\/\/repliquemangacine.fr\/","logo":{"@type":"ImageObject","inLanguage":"en-US","@id":"https:\/\/repliquemangacine.fr\/#\/schema\/logo\/image\/","url":"https:\/\/repliquemangacine.fr\/wp-content\/uploads\/2023\/10\/RMC-500250.png","contentUrl":"https:\/\/repliquemangacine.fr\/wp-content\/uploads\/2023\/10\/RMC-500250.png","width":500,"height":250,"caption":"R\u00e9plique Manga Cin\u00e9"},"image":{"@id":"https:\/\/repliquemangacine.fr\/#\/schema\/logo\/image\/"},"sameAs":["https:\/\/www.facebook.com\/RepliqueMangaCine","https:\/\/www.instagram.com\/repliquemangacine.fr\/"]}]}},"_links":{"self":[{"href":"https:\/\/repliquemangacine.fr\/en\/wp-json\/wp\/v2\/product\/61005","targetHints":{"allow":["GET"]}}],"collection":[{"href":"https:\/\/repliquemangacine.fr\/en\/wp-json\/wp\/v2\/product"}],"about":[{"href":"https:\/\/repliquemangacine.fr\/en\/wp-json\/wp\/v2\/types\/product"}],"wp:featuredmedia":[{"embeddable":true,"href":"https:\/\/repliquemangacine.fr\/en\/wp-json\/wp\/v2\/media\/61006"}],"wp:attachment":[{"href":"https:\/\/repliquemangacine.fr\/en\/wp-json\/wp\/v2\/media?parent=61005"}],"wp:term":[{"taxonomy":"product_brand","embeddable":true,"href":"https:\/\/repliquemangacine.fr\/en\/wp-json\/wp\/v2\/product_brand?post=61005"},{"taxonomy":"product_cat","embeddable":true,"href":"https:\/\/repliquemangacine.fr\/en\/wp-json\/wp\/v2\/product_cat?post=61005"},{"taxonomy":"product_tag","embeddable":true,"href":"https:\/\/repliquemangacine.fr\/en\/wp-json\/wp\/v2\/product_tag?post=61005"}],"curies":[{"name":"wp","href":"https:\/\/api.w.org\/{rel}","templated":true}]}}