





{"id":60980,"date":"2023-06-17T19:20:58","date_gmt":"2023-06-17T17:20:58","guid":{"rendered":"https:\/\/repliquemangacine.fr\/?post_type=product&#038;p=60980"},"modified":"2025-12-10T21:30:27","modified_gmt":"2025-12-10T20:30:27","slug":"marauders-card","status":"publish","type":"product","link":"https:\/\/repliquemangacine.fr\/en\/collectors-et-goodies-harry-potter\/carte-du-maraudeur\/","title":{"rendered":"Marauder's card"},"content":{"rendered":"<h2>Marauder's Map - Harry Potter<\/h2>\n<p>To begin with, the <strong>Marauder's card<\/strong>, a key element in the third installment, Harry Potter and the Prisoner of Azkaban.<\/p>\n<p>This map is a magical object designed by the Marauders. It's a detailed map of Hogwarts Castle, showing the position of everyone in the school. It also indicates the secret passages inside the castle and those leading outside the school grounds.<\/p>\n<p>Passed on to Harry by the Weasley twins. So, despite the ban that prevents him from going to Hogsmeade with his friends, the young wizard can discover the paths that lead there and find out what lies behind Sirius Black's escape.<\/p>\n<h2>Your Marauder's Card at the best price<\/h2>\n<p>We offer a wide selection of collector's items and Official Harry Potter products from <a href=\"https:\/\/noblecollection.fr\/carte-maraudeur-harry-potter-p-417.html\" target=\"_blank\" rel=\"noopener noreferrer\">Noble Collection<\/a>.<\/p>\n<p>First and foremost,<\/p>\n<ul>\n<li>Visit <a href=\"https:\/\/repliquemangacine.fr\/en\/harry-potter-collectors-and-goodies\/harry-potter-hedwige-figurine\/\">Hedwige figurine<\/a>Noble collection of magical creatures.<\/li>\n<li>As well as the <a href=\"https:\/\/repliquemangacine.fr\/en\/harry-potter-collectors-and-goodies\/serpentard-salazar-medallion\/\">Salazar Slytherin medallion<\/a> with its showcase box.<\/li>\n<li>And many more to discover in our online store!<\/li>\n<li>Of course, to make your children happy, we also have all the unofficial chopsticks at low prices on our site.<\/li>\n<\/ul>\n<p>Here's a great gift idea for all Harry Potter fans!<\/p>\n<p>In conclusion, you can also use this <strong>Marauder's card<\/strong> in Harry Potter to expand your collection.<\/p>\n<p>R\u00e9plique Manga Cin\u00e9 is a French family business.<\/p>\n<h2>Discover our latest Harry Potter releases!<\/h2>\n<p>Always on the lookout for the latest products on the market, we offer a few replicas you may need to expand your personal collection.<\/p>\n<p>First of all, you asked for it - it's on its way!<\/p>\n<ul>\n<li>The broom <a href=\"https:\/\/repliquemangacine.fr\/en\/harry-potter-collectors-and-goodies\/firebolt-broom-harry-potter\/\">Firebolt<\/a> (Firebolt) in a limited edition of 10,000 copies worldwide. Under official Warner Bros.<\/li>\n<li>There's also a collection of magical creatures, such as the Harry Potter Hedwig figurine, No. 1, and Dobby, No. 2.<\/li>\n<li>As well as Hermione Granger's bag, the authentic replica of the horcrux...<\/li>\n<li>And many more to be discovered soon in our store.<\/li>\n<\/ul>\n<p>Enjoy your trip with your <strong>Marauder's card<\/strong> !<\/p>","protected":false},"excerpt":{"rendered":"<p>Official replica noble collection of the Marauder's card in the 3\u1d49 installment of the Harry Potter saga.<\/p>\n<ul>\n<li>Printed on parchment paper<\/li>\n<li>Very detailed<\/li>\n<li>Dimensions open: 39 X 183 cm<\/li>\n<li>Folded size: 39 x 21 cm<\/li>\n<\/ul>","protected":false},"featured_media":60981,"template":"","meta":[],"product_brand":[896],"product_cat":[87,24,41],"product_tag":[],"class_list":{"0":"post-60980","1":"product","2":"type-product","3":"status-publish","4":"has-post-thumbnail","6":"product_brand-replique-manga-cine","7":"product_cat-collectors-et-goodies-harry-potter","8":"product_cat-films-series-tv-vente-de-katana-epee-et-produits-derives","9":"product_cat-baguettes-et-goodies-harry-potter","11":"first","12":"instock","13":"taxable","14":"shipping-taxable","15":"purchasable","16":"product-type-simple"},"yoast_head":"<!-- This site is optimized with the Yoast SEO plugin v27.5 - https:\/\/yoast.com\/product\/yoast-seo-wordpress\/ -->\n<title>Carte du Maraudeur - Collector Harry Potter - R\u00e9plique Manga Cin\u00e9<\/title>\n<meta name=\"description\" content=\"Offrez-lui vite ! Cette Carte du Maraudeur au meilleur prix - Carte tr\u00e8s d\u00e9taill\u00e9e imprim\u00e9e sur un papier parchemin - Dimensions ouvertes : 39 X 183 cm\" \/>\n<meta name=\"robots\" content=\"index, follow, max-snippet:-1, max-image-preview:large, max-video-preview:-1\" \/>\n<link rel=\"canonical\" href=\"https:\/\/repliquemangacine.fr\/en\/harry-potter-collectors-and-goodies\/marauders-card\/\" \/>\n<meta property=\"og:locale\" content=\"en_US\" \/>\n<meta property=\"og:type\" content=\"article\" \/>\n<meta property=\"og:title\" content=\"Carte du Maraudeur - Collector Harry Potter - R\u00e9plique Manga Cin\u00e9\" \/>\n<meta property=\"og:description\" content=\"Offrez-lui vite ! Cette Carte du Maraudeur au meilleur prix - Carte tr\u00e8s d\u00e9taill\u00e9e imprim\u00e9e sur un papier parchemin - Dimensions ouvertes : 39 X 183 cm\" \/>\n<meta property=\"og:url\" content=\"https:\/\/repliquemangacine.fr\/en\/harry-potter-collectors-and-goodies\/marauders-card\/\" \/>\n<meta property=\"og:site_name\" content=\"R\u00e9plique Manga Cin\u00e9\" \/>\n<meta property=\"article:publisher\" content=\"https:\/\/www.facebook.com\/RepliqueMangaCine\" \/>\n<meta property=\"article:modified_time\" content=\"2025-12-10T20:30:27+00:00\" \/>\n<meta property=\"og:image\" content=\"https:\/\/repliquemangacine.fr\/wp-content\/uploads\/2023\/10\/Carte-du-Maraudeur.jpg\" \/>\n\t<meta property=\"og:image:width\" content=\"500\" \/>\n\t<meta property=\"og:image:height\" content=\"500\" \/>\n\t<meta property=\"og:image:type\" content=\"image\/jpeg\" \/>\n<meta name=\"twitter:card\" content=\"summary_large_image\" \/>\n<meta name=\"twitter:label1\" content=\"Est. reading time\" \/>\n\t<meta name=\"twitter:data1\" content=\"2 minutes\" \/>\n<script type=\"application\/ld+json\" class=\"yoast-schema-graph\">{\"@context\":\"https:\\\/\\\/schema.org\",\"@graph\":[{\"@type\":\"WebPage\",\"@id\":\"https:\\\/\\\/repliquemangacine.fr\\\/collectors-et-goodies-harry-potter\\\/carte-du-maraudeur\\\/\",\"url\":\"https:\\\/\\\/repliquemangacine.fr\\\/collectors-et-goodies-harry-potter\\\/carte-du-maraudeur\\\/\",\"name\":\"Carte du Maraudeur - Collector Harry Potter - R\u00e9plique Manga Cin\u00e9\",\"isPartOf\":{\"@id\":\"https:\\\/\\\/repliquemangacine.fr\\\/#website\"},\"primaryImageOfPage\":{\"@id\":\"https:\\\/\\\/repliquemangacine.fr\\\/collectors-et-goodies-harry-potter\\\/carte-du-maraudeur\\\/#primaryimage\"},\"image\":{\"@id\":\"https:\\\/\\\/repliquemangacine.fr\\\/collectors-et-goodies-harry-potter\\\/carte-du-maraudeur\\\/#primaryimage\"},\"thumbnailUrl\":\"https:\\\/\\\/repliquemangacine.fr\\\/wp-content\\\/uploads\\\/2023\\\/10\\\/Carte-du-Maraudeur.jpg\",\"datePublished\":\"2023-06-17T17:20:58+00:00\",\"dateModified\":\"2025-12-10T20:30:27+00:00\",\"description\":\"Offrez-lui vite ! Cette Carte du Maraudeur au meilleur prix - Carte tr\u00e8s d\u00e9taill\u00e9e imprim\u00e9e sur un papier parchemin - Dimensions ouvertes : 39 X 183 cm\",\"breadcrumb\":{\"@id\":\"https:\\\/\\\/repliquemangacine.fr\\\/collectors-et-goodies-harry-potter\\\/carte-du-maraudeur\\\/#breadcrumb\"},\"inLanguage\":\"en-US\",\"potentialAction\":[{\"@type\":\"ReadAction\",\"target\":[\"https:\\\/\\\/repliquemangacine.fr\\\/collectors-et-goodies-harry-potter\\\/carte-du-maraudeur\\\/\"]}]},{\"@type\":\"ImageObject\",\"inLanguage\":\"en-US\",\"@id\":\"https:\\\/\\\/repliquemangacine.fr\\\/collectors-et-goodies-harry-potter\\\/carte-du-maraudeur\\\/#primaryimage\",\"url\":\"https:\\\/\\\/repliquemangacine.fr\\\/wp-content\\\/uploads\\\/2023\\\/10\\\/Carte-du-Maraudeur.jpg\",\"contentUrl\":\"https:\\\/\\\/repliquemangacine.fr\\\/wp-content\\\/uploads\\\/2023\\\/10\\\/Carte-du-Maraudeur.jpg\",\"width\":500,\"height\":500,\"caption\":\"Carte du Maraudeur\"},{\"@type\":\"BreadcrumbList\",\"@id\":\"https:\\\/\\\/repliquemangacine.fr\\\/collectors-et-goodies-harry-potter\\\/carte-du-maraudeur\\\/#breadcrumb\",\"itemListElement\":[{\"@type\":\"ListItem\",\"position\":1,\"name\":\"Accueil\",\"item\":\"https:\\\/\\\/repliquemangacine.fr\\\/\"},{\"@type\":\"ListItem\",\"position\":2,\"name\":\"Produits\",\"item\":\"https:\\\/\\\/repliquemangacine.fr\\\/boutique\\\/\"},{\"@type\":\"ListItem\",\"position\":3,\"name\":\"Carte du Maraudeur\"}]},{\"@type\":\"WebSite\",\"@id\":\"https:\\\/\\\/repliquemangacine.fr\\\/#website\",\"url\":\"https:\\\/\\\/repliquemangacine.fr\\\/\",\"name\":\"R\u00e9plique Manga Cin\u00e9\",\"description\":\"\",\"publisher\":{\"@id\":\"https:\\\/\\\/repliquemangacine.fr\\\/#organization\"},\"potentialAction\":[{\"@type\":\"SearchAction\",\"target\":{\"@type\":\"EntryPoint\",\"urlTemplate\":\"https:\\\/\\\/repliquemangacine.fr\\\/?s={search_term_string}\"},\"query-input\":{\"@type\":\"PropertyValueSpecification\",\"valueRequired\":true,\"valueName\":\"search_term_string\"}}],\"inLanguage\":\"en-US\"},{\"@type\":\"Organization\",\"@id\":\"https:\\\/\\\/repliquemangacine.fr\\\/#organization\",\"name\":\"R\u00e9plique Manga Cin\u00e9\",\"url\":\"https:\\\/\\\/repliquemangacine.fr\\\/\",\"logo\":{\"@type\":\"ImageObject\",\"inLanguage\":\"en-US\",\"@id\":\"https:\\\/\\\/repliquemangacine.fr\\\/#\\\/schema\\\/logo\\\/image\\\/\",\"url\":\"https:\\\/\\\/repliquemangacine.fr\\\/wp-content\\\/uploads\\\/2023\\\/10\\\/RMC-500250.png\",\"contentUrl\":\"https:\\\/\\\/repliquemangacine.fr\\\/wp-content\\\/uploads\\\/2023\\\/10\\\/RMC-500250.png\",\"width\":500,\"height\":250,\"caption\":\"R\u00e9plique Manga Cin\u00e9\"},\"image\":{\"@id\":\"https:\\\/\\\/repliquemangacine.fr\\\/#\\\/schema\\\/logo\\\/image\\\/\"},\"sameAs\":[\"https:\\\/\\\/www.facebook.com\\\/RepliqueMangaCine\",\"https:\\\/\\\/www.instagram.com\\\/repliquemangacine.fr\\\/\"]}]}<\/script>\n<!-- \/ Yoast SEO plugin. -->","yoast_head_json":{"title":"Marauder's Map - Harry Potter Collector - R\u00e9plique Manga Cin\u00e9","description":"Give it to him! This Marauder's Map at the best price - Very detailed map printed on parchment paper - Open size: 39 X 183 cm","robots":{"index":"index","follow":"follow","max-snippet":"max-snippet:-1","max-image-preview":"max-image-preview:large","max-video-preview":"max-video-preview:-1"},"canonical":"https:\/\/repliquemangacine.fr\/en\/harry-potter-collectors-and-goodies\/marauders-card\/","og_locale":"en_US","og_type":"article","og_title":"Carte du Maraudeur - Collector Harry Potter - R\u00e9plique Manga Cin\u00e9","og_description":"Offrez-lui vite ! Cette Carte du Maraudeur au meilleur prix - Carte tr\u00e8s d\u00e9taill\u00e9e imprim\u00e9e sur un papier parchemin - Dimensions ouvertes : 39 X 183 cm","og_url":"https:\/\/repliquemangacine.fr\/en\/harry-potter-collectors-and-goodies\/marauders-card\/","og_site_name":"R\u00e9plique Manga Cin\u00e9","article_publisher":"https:\/\/www.facebook.com\/RepliqueMangaCine","article_modified_time":"2025-12-10T20:30:27+00:00","og_image":[{"width":500,"height":500,"url":"https:\/\/repliquemangacine.fr\/wp-content\/uploads\/2023\/10\/Carte-du-Maraudeur.jpg","type":"image\/jpeg"}],"twitter_card":"summary_large_image","twitter_misc":{"Est. reading time":"2 minutes"},"schema":{"@context":"https:\/\/schema.org","@graph":[{"@type":"WebPage","@id":"https:\/\/repliquemangacine.fr\/collectors-et-goodies-harry-potter\/carte-du-maraudeur\/","url":"https:\/\/repliquemangacine.fr\/collectors-et-goodies-harry-potter\/carte-du-maraudeur\/","name":"Marauder's Map - Harry Potter Collector - R\u00e9plique Manga Cin\u00e9","isPartOf":{"@id":"https:\/\/repliquemangacine.fr\/#website"},"primaryImageOfPage":{"@id":"https:\/\/repliquemangacine.fr\/collectors-et-goodies-harry-potter\/carte-du-maraudeur\/#primaryimage"},"image":{"@id":"https:\/\/repliquemangacine.fr\/collectors-et-goodies-harry-potter\/carte-du-maraudeur\/#primaryimage"},"thumbnailUrl":"https:\/\/repliquemangacine.fr\/wp-content\/uploads\/2023\/10\/Carte-du-Maraudeur.jpg","datePublished":"2023-06-17T17:20:58+00:00","dateModified":"2025-12-10T20:30:27+00:00","description":"Give it to him! This Marauder's Map at the best price - Very detailed map printed on parchment paper - Open size: 39 X 183 cm","breadcrumb":{"@id":"https:\/\/repliquemangacine.fr\/collectors-et-goodies-harry-potter\/carte-du-maraudeur\/#breadcrumb"},"inLanguage":"en-US","potentialAction":[{"@type":"ReadAction","target":["https:\/\/repliquemangacine.fr\/collectors-et-goodies-harry-potter\/carte-du-maraudeur\/"]}]},{"@type":"ImageObject","inLanguage":"en-US","@id":"https:\/\/repliquemangacine.fr\/collectors-et-goodies-harry-potter\/carte-du-maraudeur\/#primaryimage","url":"https:\/\/repliquemangacine.fr\/wp-content\/uploads\/2023\/10\/Carte-du-Maraudeur.jpg","contentUrl":"https:\/\/repliquemangacine.fr\/wp-content\/uploads\/2023\/10\/Carte-du-Maraudeur.jpg","width":500,"height":500,"caption":"Carte du Maraudeur"},{"@type":"BreadcrumbList","@id":"https:\/\/repliquemangacine.fr\/collectors-et-goodies-harry-potter\/carte-du-maraudeur\/#breadcrumb","itemListElement":[{"@type":"ListItem","position":1,"name":"Accueil","item":"https:\/\/repliquemangacine.fr\/"},{"@type":"ListItem","position":2,"name":"Produits","item":"https:\/\/repliquemangacine.fr\/boutique\/"},{"@type":"ListItem","position":3,"name":"Carte du Maraudeur"}]},{"@type":"WebSite","@id":"https:\/\/repliquemangacine.fr\/#website","url":"https:\/\/repliquemangacine.fr\/","name":"R\u00e9plique Manga Cin\u00e9","description":"","publisher":{"@id":"https:\/\/repliquemangacine.fr\/#organization"},"potentialAction":[{"@type":"SearchAction","target":{"@type":"EntryPoint","urlTemplate":"https:\/\/repliquemangacine.fr\/?s={search_term_string}"},"query-input":{"@type":"PropertyValueSpecification","valueRequired":true,"valueName":"search_term_string"}}],"inLanguage":"en-US"},{"@type":"Organization","@id":"https:\/\/repliquemangacine.fr\/#organization","name":"R\u00e9plique Manga Cin\u00e9","url":"https:\/\/repliquemangacine.fr\/","logo":{"@type":"ImageObject","inLanguage":"en-US","@id":"https:\/\/repliquemangacine.fr\/#\/schema\/logo\/image\/","url":"https:\/\/repliquemangacine.fr\/wp-content\/uploads\/2023\/10\/RMC-500250.png","contentUrl":"https:\/\/repliquemangacine.fr\/wp-content\/uploads\/2023\/10\/RMC-500250.png","width":500,"height":250,"caption":"R\u00e9plique Manga Cin\u00e9"},"image":{"@id":"https:\/\/repliquemangacine.fr\/#\/schema\/logo\/image\/"},"sameAs":["https:\/\/www.facebook.com\/RepliqueMangaCine","https:\/\/www.instagram.com\/repliquemangacine.fr\/"]}]}},"_links":{"self":[{"href":"https:\/\/repliquemangacine.fr\/en\/wp-json\/wp\/v2\/product\/60980","targetHints":{"allow":["GET"]}}],"collection":[{"href":"https:\/\/repliquemangacine.fr\/en\/wp-json\/wp\/v2\/product"}],"about":[{"href":"https:\/\/repliquemangacine.fr\/en\/wp-json\/wp\/v2\/types\/product"}],"wp:featuredmedia":[{"embeddable":true,"href":"https:\/\/repliquemangacine.fr\/en\/wp-json\/wp\/v2\/media\/60981"}],"wp:attachment":[{"href":"https:\/\/repliquemangacine.fr\/en\/wp-json\/wp\/v2\/media?parent=60980"}],"wp:term":[{"taxonomy":"product_brand","embeddable":true,"href":"https:\/\/repliquemangacine.fr\/en\/wp-json\/wp\/v2\/product_brand?post=60980"},{"taxonomy":"product_cat","embeddable":true,"href":"https:\/\/repliquemangacine.fr\/en\/wp-json\/wp\/v2\/product_cat?post=60980"},{"taxonomy":"product_tag","embeddable":true,"href":"https:\/\/repliquemangacine.fr\/en\/wp-json\/wp\/v2\/product_tag?post=60980"}],"curies":[{"name":"wp","href":"https:\/\/api.w.org\/{rel}","templated":true}]}}