





{"id":60952,"date":"2023-06-17T16:28:38","date_gmt":"2023-06-17T14:28:38","guid":{"rendered":"https:\/\/repliquemangacine.fr\/?post_type=product&#038;p=60952"},"modified":"2026-01-15T16:05:00","modified_gmt":"2026-01-15T15:05:00","slug":"serpentard-salazar-medallion","status":"publish","type":"product","link":"https:\/\/repliquemangacine.fr\/en\/collectors-et-goodies-harry-potter\/medaillon-de-salazar-serpentard\/","title":{"rendered":"Salazar Slytherin medallion"},"content":{"rendered":"<h2>Slytherin Salazar medallion - Horcrux - Harry Potter<\/h2>\n<p>To begin with, the Slytherin Salazar Medallion is one of the seven Horcruxes created by Voldemort. Indeed, to ensure immortality, Lord Voldemort separates his soul into 7 Horcruxes, objects containing a tiny part of himself.<\/p>\n<p>To create a Horcrux, a murder must be committed, so they are objects of dark magic. Stolen from Dolores Umbridge at the Ministry of Magic, and destroyed by Ron with the Gryffindor sword.<\/p>\n<p>This replica represents the real medallion, on which we can see an \"S\" (a mark absent from the fake medallion found in the cellar), the initial of Slytherin and its creator Salazar.<\/p>\n<p>The attractive presentation box lets you show it off to its best advantage. It also opens to hide a note or small object. Distributed by <a href=\"https:\/\/noblecollection.fr\/medaillon-salazar-serpentard-horcruxe-harry-potter-p-687.html\" target=\"_blank\" rel=\"noopener noreferrer\">Noble Collection<\/a>.<\/p>\n<h2>Your Slytherin Salazar Medallion at the best price!<\/h2>\n<p>We offer a wide selection of official replicas, as well as cheap magic wands.<\/p>\n<p>First and foremost,<\/p>\n<ul>\n<li>The splendid <a href=\"https:\/\/repliquemangacine.fr\/en\/harry-potter-collectors-and-goodies\/echiquier-des-sorciers-chess-game-hp\/\">sorcerer's chessboard<\/a> in Harry Potter and the Sorcerer's Stone.<\/li>\n<li>There is also the magnificent <a href=\"https:\/\/repliquemangacine.fr\/en\/harry-potter-collectors-and-goodies\/harry-potter-interactive-hat\/\">Interactive choice<\/a> and magic under official license.<\/li>\n<li>As well as all official and replica character wands<\/li>\n<li>And much, much more to discover in our online store!<\/li>\n<\/ul>\n<p>That's why here are some great gift ideas for all fans of the Harry Potter saga.<\/p>\n<p>To conclude, you can also wear your <strong>Salazar Slytherin medallion<\/strong> for your cosplay parades or theme parties. Above all, however, it's a collector's item.<\/p>\n<h2>Discover our latest Harry Potter releases!<\/h2>\n<p>Always on the lookout for the latest products on the market, we offer a few replicas you may need to expand your personal collection.<\/p>\n<p>First of all, you asked for it - it's on its way!<\/p>\n<ul>\n<li>Gryffindor or Slytherin 6-piece clothing packs for children and adults.<\/li>\n<li>There are also the magical creature figurines of Hedwig wearing No. 1 and Dobby wearing No. 2.<\/li>\n<li>As well as Hermione Granger's bag, the replica Marauder's map ...<\/li>\n<li>And many more to be discovered soon in our store.<\/li>\n<\/ul>\n<p>In conclusion, don't try to make your own <strong>Salazar Slytherin medallion<\/strong> in a Horcrux, the Ministry of Magic is watching you!<\/p>","protected":false},"excerpt":{"rendered":"<p>Authentic, officially licensed replica of the Slytherin Salazar medallion.<\/p>\n<ul>\n<li>Brass and silver-plated.<\/li>\n<li>The Horcrux opens to slip in a note<\/li>\n<li>60 cm chain<\/li>\n<li>Collector's wooden presentation box<\/li>\n<li>Medallion size: 5 cm X 4 cm<\/li>\n<li>Box size: 12 X 10 X 6 cm<\/li>\n<\/ul>","protected":false},"featured_media":60953,"template":"","meta":[],"product_brand":[896],"product_cat":[87,24,41],"product_tag":[],"class_list":{"0":"post-60952","1":"product","2":"type-product","3":"status-publish","4":"has-post-thumbnail","6":"product_brand-replique-manga-cine","7":"product_cat-collectors-et-goodies-harry-potter","8":"product_cat-films-series-tv-vente-de-katana-epee-et-produits-derives","9":"product_cat-baguettes-et-goodies-harry-potter","11":"first","12":"instock","13":"taxable","14":"shipping-taxable","15":"purchasable","16":"product-type-simple"},"yoast_head":"<!-- This site is optimized with the Yoast SEO plugin v27.5 - https:\/\/yoast.com\/product\/yoast-seo-wordpress\/ -->\n<title>M\u00e9daillon de Salazar Serpentard - Officiel Noble Collection - RMC<\/title>\n<meta name=\"description\" content=\"D\u00e9couvrez vite ! Ce splendide M\u00e9daillon de Salazar Serpentard dans Harry Potter au meilleur prix - En laiton et plaqu\u00e9 argent - Bo\u00eete en bois - Officiel\" \/>\n<meta name=\"robots\" content=\"index, follow, max-snippet:-1, max-image-preview:large, max-video-preview:-1\" \/>\n<link rel=\"canonical\" href=\"https:\/\/repliquemangacine.fr\/en\/harry-potter-collectors-and-goodies\/serpentard-salazar-medallion\/\" \/>\n<meta property=\"og:locale\" content=\"en_US\" \/>\n<meta property=\"og:type\" content=\"article\" \/>\n<meta property=\"og:title\" content=\"M\u00e9daillon de Salazar Serpentard - Officiel Noble Collection - RMC\" \/>\n<meta property=\"og:description\" content=\"D\u00e9couvrez vite ! Ce splendide M\u00e9daillon de Salazar Serpentard dans Harry Potter au meilleur prix - En laiton et plaqu\u00e9 argent - Bo\u00eete en bois - Officiel\" \/>\n<meta property=\"og:url\" content=\"https:\/\/repliquemangacine.fr\/en\/harry-potter-collectors-and-goodies\/serpentard-salazar-medallion\/\" \/>\n<meta property=\"og:site_name\" content=\"R\u00e9plique Manga Cin\u00e9\" \/>\n<meta property=\"article:publisher\" content=\"https:\/\/www.facebook.com\/RepliqueMangaCine\" \/>\n<meta property=\"article:modified_time\" content=\"2026-01-15T15:05:00+00:00\" \/>\n<meta property=\"og:image\" content=\"https:\/\/repliquemangacine.fr\/wp-content\/uploads\/2023\/10\/horcrux.jpg\" \/>\n\t<meta property=\"og:image:width\" content=\"500\" \/>\n\t<meta property=\"og:image:height\" content=\"500\" \/>\n\t<meta property=\"og:image:type\" content=\"image\/jpeg\" \/>\n<meta name=\"twitter:card\" content=\"summary_large_image\" \/>\n<meta name=\"twitter:label1\" content=\"Est. reading time\" \/>\n\t<meta name=\"twitter:data1\" content=\"3 minutes\" \/>\n<script type=\"application\/ld+json\" class=\"yoast-schema-graph\">{\"@context\":\"https:\\\/\\\/schema.org\",\"@graph\":[{\"@type\":\"WebPage\",\"@id\":\"https:\\\/\\\/repliquemangacine.fr\\\/collectors-et-goodies-harry-potter\\\/medaillon-de-salazar-serpentard\\\/\",\"url\":\"https:\\\/\\\/repliquemangacine.fr\\\/collectors-et-goodies-harry-potter\\\/medaillon-de-salazar-serpentard\\\/\",\"name\":\"M\u00e9daillon de Salazar Serpentard - Officiel Noble Collection - RMC\",\"isPartOf\":{\"@id\":\"https:\\\/\\\/repliquemangacine.fr\\\/#website\"},\"primaryImageOfPage\":{\"@id\":\"https:\\\/\\\/repliquemangacine.fr\\\/collectors-et-goodies-harry-potter\\\/medaillon-de-salazar-serpentard\\\/#primaryimage\"},\"image\":{\"@id\":\"https:\\\/\\\/repliquemangacine.fr\\\/collectors-et-goodies-harry-potter\\\/medaillon-de-salazar-serpentard\\\/#primaryimage\"},\"thumbnailUrl\":\"https:\\\/\\\/repliquemangacine.fr\\\/wp-content\\\/uploads\\\/2023\\\/10\\\/horcrux.jpg\",\"datePublished\":\"2023-06-17T14:28:38+00:00\",\"dateModified\":\"2026-01-15T15:05:00+00:00\",\"description\":\"D\u00e9couvrez vite ! Ce splendide M\u00e9daillon de Salazar Serpentard dans Harry Potter au meilleur prix - En laiton et plaqu\u00e9 argent - Bo\u00eete en bois - Officiel\",\"breadcrumb\":{\"@id\":\"https:\\\/\\\/repliquemangacine.fr\\\/collectors-et-goodies-harry-potter\\\/medaillon-de-salazar-serpentard\\\/#breadcrumb\"},\"inLanguage\":\"en-US\",\"potentialAction\":[{\"@type\":\"ReadAction\",\"target\":[\"https:\\\/\\\/repliquemangacine.fr\\\/collectors-et-goodies-harry-potter\\\/medaillon-de-salazar-serpentard\\\/\"]}]},{\"@type\":\"ImageObject\",\"inLanguage\":\"en-US\",\"@id\":\"https:\\\/\\\/repliquemangacine.fr\\\/collectors-et-goodies-harry-potter\\\/medaillon-de-salazar-serpentard\\\/#primaryimage\",\"url\":\"https:\\\/\\\/repliquemangacine.fr\\\/wp-content\\\/uploads\\\/2023\\\/10\\\/horcrux.jpg\",\"contentUrl\":\"https:\\\/\\\/repliquemangacine.fr\\\/wp-content\\\/uploads\\\/2023\\\/10\\\/horcrux.jpg\",\"width\":500,\"height\":500,\"caption\":\"M\u00e9daillon de Salazar Serpentard\"},{\"@type\":\"BreadcrumbList\",\"@id\":\"https:\\\/\\\/repliquemangacine.fr\\\/collectors-et-goodies-harry-potter\\\/medaillon-de-salazar-serpentard\\\/#breadcrumb\",\"itemListElement\":[{\"@type\":\"ListItem\",\"position\":1,\"name\":\"Accueil\",\"item\":\"https:\\\/\\\/repliquemangacine.fr\\\/\"},{\"@type\":\"ListItem\",\"position\":2,\"name\":\"Produits\",\"item\":\"https:\\\/\\\/repliquemangacine.fr\\\/boutique\\\/\"},{\"@type\":\"ListItem\",\"position\":3,\"name\":\"M\u00e9daillon de Salazar Serpentard\"}]},{\"@type\":\"WebSite\",\"@id\":\"https:\\\/\\\/repliquemangacine.fr\\\/#website\",\"url\":\"https:\\\/\\\/repliquemangacine.fr\\\/\",\"name\":\"R\u00e9plique Manga Cin\u00e9\",\"description\":\"\",\"publisher\":{\"@id\":\"https:\\\/\\\/repliquemangacine.fr\\\/#organization\"},\"potentialAction\":[{\"@type\":\"SearchAction\",\"target\":{\"@type\":\"EntryPoint\",\"urlTemplate\":\"https:\\\/\\\/repliquemangacine.fr\\\/?s={search_term_string}\"},\"query-input\":{\"@type\":\"PropertyValueSpecification\",\"valueRequired\":true,\"valueName\":\"search_term_string\"}}],\"inLanguage\":\"en-US\"},{\"@type\":\"Organization\",\"@id\":\"https:\\\/\\\/repliquemangacine.fr\\\/#organization\",\"name\":\"R\u00e9plique Manga Cin\u00e9\",\"url\":\"https:\\\/\\\/repliquemangacine.fr\\\/\",\"logo\":{\"@type\":\"ImageObject\",\"inLanguage\":\"en-US\",\"@id\":\"https:\\\/\\\/repliquemangacine.fr\\\/#\\\/schema\\\/logo\\\/image\\\/\",\"url\":\"https:\\\/\\\/repliquemangacine.fr\\\/wp-content\\\/uploads\\\/2023\\\/10\\\/RMC-500250.png\",\"contentUrl\":\"https:\\\/\\\/repliquemangacine.fr\\\/wp-content\\\/uploads\\\/2023\\\/10\\\/RMC-500250.png\",\"width\":500,\"height\":250,\"caption\":\"R\u00e9plique Manga Cin\u00e9\"},\"image\":{\"@id\":\"https:\\\/\\\/repliquemangacine.fr\\\/#\\\/schema\\\/logo\\\/image\\\/\"},\"sameAs\":[\"https:\\\/\\\/www.facebook.com\\\/RepliqueMangaCine\",\"https:\\\/\\\/www.instagram.com\\\/repliquemangacine.fr\\\/\"]}]}<\/script>\n<!-- \/ Yoast SEO plugin. -->","yoast_head_json":{"title":"Salazar Slytherin medallion - Official Noble Collection - RMC","description":"Discover it now! This splendid Slytherin Salazar Medallion in Harry Potter at the best price - Brass and silver plated - Wooden box - Official","robots":{"index":"index","follow":"follow","max-snippet":"max-snippet:-1","max-image-preview":"max-image-preview:large","max-video-preview":"max-video-preview:-1"},"canonical":"https:\/\/repliquemangacine.fr\/en\/harry-potter-collectors-and-goodies\/serpentard-salazar-medallion\/","og_locale":"en_US","og_type":"article","og_title":"M\u00e9daillon de Salazar Serpentard - Officiel Noble Collection - RMC","og_description":"D\u00e9couvrez vite ! Ce splendide M\u00e9daillon de Salazar Serpentard dans Harry Potter au meilleur prix - En laiton et plaqu\u00e9 argent - Bo\u00eete en bois - Officiel","og_url":"https:\/\/repliquemangacine.fr\/en\/harry-potter-collectors-and-goodies\/serpentard-salazar-medallion\/","og_site_name":"R\u00e9plique Manga Cin\u00e9","article_publisher":"https:\/\/www.facebook.com\/RepliqueMangaCine","article_modified_time":"2026-01-15T15:05:00+00:00","og_image":[{"width":500,"height":500,"url":"https:\/\/repliquemangacine.fr\/wp-content\/uploads\/2023\/10\/horcrux.jpg","type":"image\/jpeg"}],"twitter_card":"summary_large_image","twitter_misc":{"Est. reading time":"3 minutes"},"schema":{"@context":"https:\/\/schema.org","@graph":[{"@type":"WebPage","@id":"https:\/\/repliquemangacine.fr\/collectors-et-goodies-harry-potter\/medaillon-de-salazar-serpentard\/","url":"https:\/\/repliquemangacine.fr\/collectors-et-goodies-harry-potter\/medaillon-de-salazar-serpentard\/","name":"Salazar Slytherin medallion - Official Noble Collection - RMC","isPartOf":{"@id":"https:\/\/repliquemangacine.fr\/#website"},"primaryImageOfPage":{"@id":"https:\/\/repliquemangacine.fr\/collectors-et-goodies-harry-potter\/medaillon-de-salazar-serpentard\/#primaryimage"},"image":{"@id":"https:\/\/repliquemangacine.fr\/collectors-et-goodies-harry-potter\/medaillon-de-salazar-serpentard\/#primaryimage"},"thumbnailUrl":"https:\/\/repliquemangacine.fr\/wp-content\/uploads\/2023\/10\/horcrux.jpg","datePublished":"2023-06-17T14:28:38+00:00","dateModified":"2026-01-15T15:05:00+00:00","description":"Discover it now! This splendid Slytherin Salazar Medallion in Harry Potter at the best price - Brass and silver plated - Wooden box - Official","breadcrumb":{"@id":"https:\/\/repliquemangacine.fr\/collectors-et-goodies-harry-potter\/medaillon-de-salazar-serpentard\/#breadcrumb"},"inLanguage":"en-US","potentialAction":[{"@type":"ReadAction","target":["https:\/\/repliquemangacine.fr\/collectors-et-goodies-harry-potter\/medaillon-de-salazar-serpentard\/"]}]},{"@type":"ImageObject","inLanguage":"en-US","@id":"https:\/\/repliquemangacine.fr\/collectors-et-goodies-harry-potter\/medaillon-de-salazar-serpentard\/#primaryimage","url":"https:\/\/repliquemangacine.fr\/wp-content\/uploads\/2023\/10\/horcrux.jpg","contentUrl":"https:\/\/repliquemangacine.fr\/wp-content\/uploads\/2023\/10\/horcrux.jpg","width":500,"height":500,"caption":"M\u00e9daillon de Salazar Serpentard"},{"@type":"BreadcrumbList","@id":"https:\/\/repliquemangacine.fr\/collectors-et-goodies-harry-potter\/medaillon-de-salazar-serpentard\/#breadcrumb","itemListElement":[{"@type":"ListItem","position":1,"name":"Accueil","item":"https:\/\/repliquemangacine.fr\/"},{"@type":"ListItem","position":2,"name":"Produits","item":"https:\/\/repliquemangacine.fr\/boutique\/"},{"@type":"ListItem","position":3,"name":"M\u00e9daillon de Salazar Serpentard"}]},{"@type":"WebSite","@id":"https:\/\/repliquemangacine.fr\/#website","url":"https:\/\/repliquemangacine.fr\/","name":"R\u00e9plique Manga Cin\u00e9","description":"","publisher":{"@id":"https:\/\/repliquemangacine.fr\/#organization"},"potentialAction":[{"@type":"SearchAction","target":{"@type":"EntryPoint","urlTemplate":"https:\/\/repliquemangacine.fr\/?s={search_term_string}"},"query-input":{"@type":"PropertyValueSpecification","valueRequired":true,"valueName":"search_term_string"}}],"inLanguage":"en-US"},{"@type":"Organization","@id":"https:\/\/repliquemangacine.fr\/#organization","name":"R\u00e9plique Manga Cin\u00e9","url":"https:\/\/repliquemangacine.fr\/","logo":{"@type":"ImageObject","inLanguage":"en-US","@id":"https:\/\/repliquemangacine.fr\/#\/schema\/logo\/image\/","url":"https:\/\/repliquemangacine.fr\/wp-content\/uploads\/2023\/10\/RMC-500250.png","contentUrl":"https:\/\/repliquemangacine.fr\/wp-content\/uploads\/2023\/10\/RMC-500250.png","width":500,"height":250,"caption":"R\u00e9plique Manga Cin\u00e9"},"image":{"@id":"https:\/\/repliquemangacine.fr\/#\/schema\/logo\/image\/"},"sameAs":["https:\/\/www.facebook.com\/RepliqueMangaCine","https:\/\/www.instagram.com\/repliquemangacine.fr\/"]}]}},"_links":{"self":[{"href":"https:\/\/repliquemangacine.fr\/en\/wp-json\/wp\/v2\/product\/60952","targetHints":{"allow":["GET"]}}],"collection":[{"href":"https:\/\/repliquemangacine.fr\/en\/wp-json\/wp\/v2\/product"}],"about":[{"href":"https:\/\/repliquemangacine.fr\/en\/wp-json\/wp\/v2\/types\/product"}],"wp:featuredmedia":[{"embeddable":true,"href":"https:\/\/repliquemangacine.fr\/en\/wp-json\/wp\/v2\/media\/60953"}],"wp:attachment":[{"href":"https:\/\/repliquemangacine.fr\/en\/wp-json\/wp\/v2\/media?parent=60952"}],"wp:term":[{"taxonomy":"product_brand","embeddable":true,"href":"https:\/\/repliquemangacine.fr\/en\/wp-json\/wp\/v2\/product_brand?post=60952"},{"taxonomy":"product_cat","embeddable":true,"href":"https:\/\/repliquemangacine.fr\/en\/wp-json\/wp\/v2\/product_cat?post=60952"},{"taxonomy":"product_tag","embeddable":true,"href":"https:\/\/repliquemangacine.fr\/en\/wp-json\/wp\/v2\/product_tag?post=60952"}],"curies":[{"name":"wp","href":"https:\/\/api.w.org\/{rel}","templated":true}]}}