





{"id":60928,"date":"2023-06-16T19:04:25","date_gmt":"2023-06-16T17:04:25","guid":{"rendered":"https:\/\/repliquemangacine.fr\/?post_type=product&#038;p=60928"},"modified":"2026-04-16T01:13:58","modified_gmt":"2026-04-15T23:13:58","slug":"luffys-tanto-nidai-kitetsu","status":"publish","type":"product","link":"https:\/\/repliquemangacine.fr\/en\/tanto-mini-katana-one-piece\/tanto-nidai-kitetsu-de-luffy\/","title":{"rendered":"Luffy's Tanto Nidai Kitetsu"},"content":{"rendered":"<h2>Tanto Nidai Kitetsu by Luffy in One Piece.<\/h2>\n<p>To begin with, the <strong>Luffy's Tanto Nidai Kitetsu<\/strong> in One Piece (mini-katana version) is one of the best katanas, but it's also a cursed sword.<\/p>\n<p>First and foremost, <a href=\"https:\/\/onepiece.fandom.com\/fr\/wiki\/Monkey_D._Luffy\" target=\"_blank\" rel=\"noopener noreferrer\">Monkey D. Luffy<\/a> is a pirate and the main protagonist of the manga and anime One Piece.<\/p>\n<p>Secondly, Luffy's Katana Nidai Kitetsu in One Piece has an atypical appearance. Its hilt represents a kind of cross, with the ends wider than the center. The blade has a wave-like pattern. The guard and scabbard were originally blue, but the color was later changed to purple.<\/p>\n<p>Nidai Kitetsu is one of the 21 sabers in the \u00d4 Wazamono category. It is one of the cursed sabers created by Kitetsu.<\/p>\n<h2>Your Tanto Nidai Kitetsu from Luffy at the best price.<\/h2>\n<p>We bring you all the lines of your favorite characters from the animated manga One Piece.<\/p>\n<ul>\n<li>Kitetsu are also available in wood or metal,<\/li>\n<li>the <a href=\"https:\/\/repliquemangacine.fr\/en\/katana-one-piece\/wooden-katana-kitetsu-zoro-one-piece\/\">Zoro Sandai Kitetsu wooden katana<\/a>the one he holds in his left hand.<\/li>\n<li>As well as the <a href=\"https:\/\/repliquemangacine.fr\/en\/katana-one-piece\/wooden-katana-yubashiri-zoro-one-piece\/\">Yubashiri wooden katana<\/a> used by Zoro for his three-blade technique.<\/li>\n<li>Of course, you'll also find all the One Piece katanas in our online store!<\/li>\n<\/ul>\n<p>That's why here are some great gift ideas for all One Piece fans.<\/p>\n<p>In conclusion, you can also use this <strong>Luffy's Tanto Nidai Kitetsu<\/strong> for your cosplay parades or theme parties. But above all, the Luffy Nidai Kitetsu Saber is also a collector's item and a decorative object.<\/p>\n<h2>How to care for the blade of your mini-katana?<\/h2>\n<p>Collector's and decorative katanas are made and assembled in a simplified way. As their use is decorative, they lack the safety features required of a Japanese saber intended for training.<\/p>\n<p>However, your <strong>Luffy's Tanto Nidai Kitetsu<\/strong> to a steel blade that needs to be cared for to avoid damage over time. In fact, when you display your katana, your friends will be curious to see the blade and touch it. This is where you need to be careful, as the acidity of your fingers is very harmful to steel, whatever its quality.<\/p>\n<p>However, if this does happen, don't panic, just use a cloth dampened with a little oil and wipe off any fingerprints. By doing so, you'll keep your mini-katana for a very long time.<\/p>\n<p>&nbsp;<\/p>\n<p>&nbsp;<\/p>","protected":false},"excerpt":{"rendered":"<p>Tanto version of Luffy's Nidai Kitetsu katana from One Piece.<\/p>\n<ul>\n<li>440 steel blade<\/li>\n<li>Antique metal guard in a specific shape<\/li>\n<li>Lacquered and decorated scabbard<\/li>\n<li>ABS stand<\/li>\n<li>Blade length: 28 cm - Total length: 45 cm<\/li>\n<\/ul>","protected":false},"featured_media":60929,"template":"","meta":[],"product_brand":[896],"product_cat":[23,36,121],"product_tag":[],"class_list":{"0":"post-60928","1":"product","2":"type-product","3":"status-publish","4":"has-post-thumbnail","6":"product_brand-replique-manga-cine","7":"product_cat-repliques-manga-jeux-video","8":"product_cat-katana-one-piece","9":"product_cat-tanto-mini-katana-one-piece","11":"first","12":"instock","13":"taxable","14":"shipping-taxable","15":"purchasable","16":"product-type-simple"},"yoast_head":"<!-- This site is optimized with the Yoast SEO plugin v27.4 - https:\/\/yoast.com\/product\/yoast-seo-wordpress\/ -->\n<title>Tanto Nidai Kitetsu de Luffy - Vente katana One Piece - RMC<\/title>\n<meta name=\"description\" content=\"D\u00e9couvrez vite ! Le Tanto Nidai Kitetsu de Luffy dans One Piece au meilleur prix. Lame en acier de 28 cm - Fourreau laqu\u00e9 et d\u00e9cor\u00e9 - Longueur : 45 cm\" \/>\n<meta name=\"robots\" content=\"index, follow, max-snippet:-1, max-image-preview:large, max-video-preview:-1\" \/>\n<link rel=\"canonical\" href=\"https:\/\/repliquemangacine.fr\/en\/tanto-mini-katana-one-piece\/luffys-tanto-nidai-kitetsu\/\" \/>\n<meta property=\"og:locale\" content=\"en_US\" \/>\n<meta property=\"og:type\" content=\"article\" \/>\n<meta property=\"og:title\" content=\"Tanto Nidai Kitetsu de Luffy - Vente katana One Piece - RMC\" \/>\n<meta property=\"og:description\" content=\"D\u00e9couvrez vite ! Le Tanto Nidai Kitetsu de Luffy dans One Piece au meilleur prix. Lame en acier de 28 cm - Fourreau laqu\u00e9 et d\u00e9cor\u00e9 - Longueur : 45 cm\" \/>\n<meta property=\"og:url\" content=\"https:\/\/repliquemangacine.fr\/en\/tanto-mini-katana-one-piece\/luffys-tanto-nidai-kitetsu\/\" \/>\n<meta property=\"og:site_name\" content=\"R\u00e9plique Manga Cin\u00e9\" \/>\n<meta property=\"article:publisher\" content=\"https:\/\/www.facebook.com\/RepliqueMangaCine\" \/>\n<meta property=\"article:modified_time\" content=\"2026-04-15T23:13:58+00:00\" \/>\n<meta property=\"og:image\" content=\"https:\/\/repliquemangacine.fr\/wp-content\/uploads\/2023\/10\/mini-katana-luffy.jpg\" \/>\n\t<meta property=\"og:image:width\" content=\"500\" \/>\n\t<meta property=\"og:image:height\" content=\"500\" \/>\n\t<meta property=\"og:image:type\" content=\"image\/jpeg\" \/>\n<meta name=\"twitter:card\" content=\"summary_large_image\" \/>\n<meta name=\"twitter:label1\" content=\"Est. reading time\" \/>\n\t<meta name=\"twitter:data1\" content=\"3 minutes\" \/>\n<script type=\"application\/ld+json\" class=\"yoast-schema-graph\">{\"@context\":\"https:\\\/\\\/schema.org\",\"@graph\":[{\"@type\":\"WebPage\",\"@id\":\"https:\\\/\\\/repliquemangacine.fr\\\/tanto-mini-katana-one-piece\\\/tanto-nidai-kitetsu-de-luffy\\\/\",\"url\":\"https:\\\/\\\/repliquemangacine.fr\\\/tanto-mini-katana-one-piece\\\/tanto-nidai-kitetsu-de-luffy\\\/\",\"name\":\"Tanto Nidai Kitetsu de Luffy - Vente katana One Piece - RMC\",\"isPartOf\":{\"@id\":\"https:\\\/\\\/repliquemangacine.fr\\\/#website\"},\"primaryImageOfPage\":{\"@id\":\"https:\\\/\\\/repliquemangacine.fr\\\/tanto-mini-katana-one-piece\\\/tanto-nidai-kitetsu-de-luffy\\\/#primaryimage\"},\"image\":{\"@id\":\"https:\\\/\\\/repliquemangacine.fr\\\/tanto-mini-katana-one-piece\\\/tanto-nidai-kitetsu-de-luffy\\\/#primaryimage\"},\"thumbnailUrl\":\"https:\\\/\\\/repliquemangacine.fr\\\/wp-content\\\/uploads\\\/2023\\\/10\\\/mini-katana-luffy.jpg\",\"datePublished\":\"2023-06-16T17:04:25+00:00\",\"dateModified\":\"2026-04-15T23:13:58+00:00\",\"description\":\"D\u00e9couvrez vite ! Le Tanto Nidai Kitetsu de Luffy dans One Piece au meilleur prix. Lame en acier de 28 cm - Fourreau laqu\u00e9 et d\u00e9cor\u00e9 - Longueur : 45 cm\",\"breadcrumb\":{\"@id\":\"https:\\\/\\\/repliquemangacine.fr\\\/tanto-mini-katana-one-piece\\\/tanto-nidai-kitetsu-de-luffy\\\/#breadcrumb\"},\"inLanguage\":\"en-US\",\"potentialAction\":[{\"@type\":\"ReadAction\",\"target\":[\"https:\\\/\\\/repliquemangacine.fr\\\/tanto-mini-katana-one-piece\\\/tanto-nidai-kitetsu-de-luffy\\\/\"]}]},{\"@type\":\"ImageObject\",\"inLanguage\":\"en-US\",\"@id\":\"https:\\\/\\\/repliquemangacine.fr\\\/tanto-mini-katana-one-piece\\\/tanto-nidai-kitetsu-de-luffy\\\/#primaryimage\",\"url\":\"https:\\\/\\\/repliquemangacine.fr\\\/wp-content\\\/uploads\\\/2023\\\/10\\\/mini-katana-luffy.jpg\",\"contentUrl\":\"https:\\\/\\\/repliquemangacine.fr\\\/wp-content\\\/uploads\\\/2023\\\/10\\\/mini-katana-luffy.jpg\",\"width\":500,\"height\":500,\"caption\":\"Tanto Nidai Kitetsu de Luffy\"},{\"@type\":\"BreadcrumbList\",\"@id\":\"https:\\\/\\\/repliquemangacine.fr\\\/tanto-mini-katana-one-piece\\\/tanto-nidai-kitetsu-de-luffy\\\/#breadcrumb\",\"itemListElement\":[{\"@type\":\"ListItem\",\"position\":1,\"name\":\"Accueil\",\"item\":\"https:\\\/\\\/repliquemangacine.fr\\\/\"},{\"@type\":\"ListItem\",\"position\":2,\"name\":\"Produits\",\"item\":\"https:\\\/\\\/repliquemangacine.fr\\\/boutique\\\/\"},{\"@type\":\"ListItem\",\"position\":3,\"name\":\"Tanto Nidai Kitetsu de Luffy\"}]},{\"@type\":\"WebSite\",\"@id\":\"https:\\\/\\\/repliquemangacine.fr\\\/#website\",\"url\":\"https:\\\/\\\/repliquemangacine.fr\\\/\",\"name\":\"R\u00e9plique Manga Cin\u00e9\",\"description\":\"\",\"publisher\":{\"@id\":\"https:\\\/\\\/repliquemangacine.fr\\\/#organization\"},\"potentialAction\":[{\"@type\":\"SearchAction\",\"target\":{\"@type\":\"EntryPoint\",\"urlTemplate\":\"https:\\\/\\\/repliquemangacine.fr\\\/?s={search_term_string}\"},\"query-input\":{\"@type\":\"PropertyValueSpecification\",\"valueRequired\":true,\"valueName\":\"search_term_string\"}}],\"inLanguage\":\"en-US\"},{\"@type\":\"Organization\",\"@id\":\"https:\\\/\\\/repliquemangacine.fr\\\/#organization\",\"name\":\"R\u00e9plique Manga Cin\u00e9\",\"url\":\"https:\\\/\\\/repliquemangacine.fr\\\/\",\"logo\":{\"@type\":\"ImageObject\",\"inLanguage\":\"en-US\",\"@id\":\"https:\\\/\\\/repliquemangacine.fr\\\/#\\\/schema\\\/logo\\\/image\\\/\",\"url\":\"https:\\\/\\\/repliquemangacine.fr\\\/wp-content\\\/uploads\\\/2023\\\/10\\\/RMC-500250.png\",\"contentUrl\":\"https:\\\/\\\/repliquemangacine.fr\\\/wp-content\\\/uploads\\\/2023\\\/10\\\/RMC-500250.png\",\"width\":500,\"height\":250,\"caption\":\"R\u00e9plique Manga Cin\u00e9\"},\"image\":{\"@id\":\"https:\\\/\\\/repliquemangacine.fr\\\/#\\\/schema\\\/logo\\\/image\\\/\"},\"sameAs\":[\"https:\\\/\\\/www.facebook.com\\\/RepliqueMangaCine\",\"https:\\\/\\\/www.instagram.com\\\/repliquemangacine.fr\\\/\"]}]}<\/script>\n<!-- \/ Yoast SEO plugin. -->","yoast_head_json":{"title":"Tanto Nidai Kitetsu by Luffy - One Piece katana sale - RMC","description":"Discover it now! Luffy's Tanto Nidai Kitetsu in One Piece at the best price. 28 cm steel blade - Lacquered and decorated sheath - Length: 45 cm","robots":{"index":"index","follow":"follow","max-snippet":"max-snippet:-1","max-image-preview":"max-image-preview:large","max-video-preview":"max-video-preview:-1"},"canonical":"https:\/\/repliquemangacine.fr\/en\/tanto-mini-katana-one-piece\/luffys-tanto-nidai-kitetsu\/","og_locale":"en_US","og_type":"article","og_title":"Tanto Nidai Kitetsu de Luffy - Vente katana One Piece - RMC","og_description":"D\u00e9couvrez vite ! Le Tanto Nidai Kitetsu de Luffy dans One Piece au meilleur prix. Lame en acier de 28 cm - Fourreau laqu\u00e9 et d\u00e9cor\u00e9 - Longueur : 45 cm","og_url":"https:\/\/repliquemangacine.fr\/en\/tanto-mini-katana-one-piece\/luffys-tanto-nidai-kitetsu\/","og_site_name":"R\u00e9plique Manga Cin\u00e9","article_publisher":"https:\/\/www.facebook.com\/RepliqueMangaCine","article_modified_time":"2026-04-15T23:13:58+00:00","og_image":[{"width":500,"height":500,"url":"https:\/\/repliquemangacine.fr\/wp-content\/uploads\/2023\/10\/mini-katana-luffy.jpg","type":"image\/jpeg"}],"twitter_card":"summary_large_image","twitter_misc":{"Est. reading time":"3 minutes"},"schema":{"@context":"https:\/\/schema.org","@graph":[{"@type":"WebPage","@id":"https:\/\/repliquemangacine.fr\/tanto-mini-katana-one-piece\/tanto-nidai-kitetsu-de-luffy\/","url":"https:\/\/repliquemangacine.fr\/tanto-mini-katana-one-piece\/tanto-nidai-kitetsu-de-luffy\/","name":"Tanto Nidai Kitetsu by Luffy - One Piece katana sale - RMC","isPartOf":{"@id":"https:\/\/repliquemangacine.fr\/#website"},"primaryImageOfPage":{"@id":"https:\/\/repliquemangacine.fr\/tanto-mini-katana-one-piece\/tanto-nidai-kitetsu-de-luffy\/#primaryimage"},"image":{"@id":"https:\/\/repliquemangacine.fr\/tanto-mini-katana-one-piece\/tanto-nidai-kitetsu-de-luffy\/#primaryimage"},"thumbnailUrl":"https:\/\/repliquemangacine.fr\/wp-content\/uploads\/2023\/10\/mini-katana-luffy.jpg","datePublished":"2023-06-16T17:04:25+00:00","dateModified":"2026-04-15T23:13:58+00:00","description":"Discover it now! Luffy's Tanto Nidai Kitetsu in One Piece at the best price. 28 cm steel blade - Lacquered and decorated sheath - Length: 45 cm","breadcrumb":{"@id":"https:\/\/repliquemangacine.fr\/tanto-mini-katana-one-piece\/tanto-nidai-kitetsu-de-luffy\/#breadcrumb"},"inLanguage":"en-US","potentialAction":[{"@type":"ReadAction","target":["https:\/\/repliquemangacine.fr\/tanto-mini-katana-one-piece\/tanto-nidai-kitetsu-de-luffy\/"]}]},{"@type":"ImageObject","inLanguage":"en-US","@id":"https:\/\/repliquemangacine.fr\/tanto-mini-katana-one-piece\/tanto-nidai-kitetsu-de-luffy\/#primaryimage","url":"https:\/\/repliquemangacine.fr\/wp-content\/uploads\/2023\/10\/mini-katana-luffy.jpg","contentUrl":"https:\/\/repliquemangacine.fr\/wp-content\/uploads\/2023\/10\/mini-katana-luffy.jpg","width":500,"height":500,"caption":"Tanto Nidai Kitetsu de Luffy"},{"@type":"BreadcrumbList","@id":"https:\/\/repliquemangacine.fr\/tanto-mini-katana-one-piece\/tanto-nidai-kitetsu-de-luffy\/#breadcrumb","itemListElement":[{"@type":"ListItem","position":1,"name":"Accueil","item":"https:\/\/repliquemangacine.fr\/"},{"@type":"ListItem","position":2,"name":"Produits","item":"https:\/\/repliquemangacine.fr\/boutique\/"},{"@type":"ListItem","position":3,"name":"Tanto Nidai Kitetsu de Luffy"}]},{"@type":"WebSite","@id":"https:\/\/repliquemangacine.fr\/#website","url":"https:\/\/repliquemangacine.fr\/","name":"R\u00e9plique Manga Cin\u00e9","description":"","publisher":{"@id":"https:\/\/repliquemangacine.fr\/#organization"},"potentialAction":[{"@type":"SearchAction","target":{"@type":"EntryPoint","urlTemplate":"https:\/\/repliquemangacine.fr\/?s={search_term_string}"},"query-input":{"@type":"PropertyValueSpecification","valueRequired":true,"valueName":"search_term_string"}}],"inLanguage":"en-US"},{"@type":"Organization","@id":"https:\/\/repliquemangacine.fr\/#organization","name":"R\u00e9plique Manga Cin\u00e9","url":"https:\/\/repliquemangacine.fr\/","logo":{"@type":"ImageObject","inLanguage":"en-US","@id":"https:\/\/repliquemangacine.fr\/#\/schema\/logo\/image\/","url":"https:\/\/repliquemangacine.fr\/wp-content\/uploads\/2023\/10\/RMC-500250.png","contentUrl":"https:\/\/repliquemangacine.fr\/wp-content\/uploads\/2023\/10\/RMC-500250.png","width":500,"height":250,"caption":"R\u00e9plique Manga Cin\u00e9"},"image":{"@id":"https:\/\/repliquemangacine.fr\/#\/schema\/logo\/image\/"},"sameAs":["https:\/\/www.facebook.com\/RepliqueMangaCine","https:\/\/www.instagram.com\/repliquemangacine.fr\/"]}]}},"_links":{"self":[{"href":"https:\/\/repliquemangacine.fr\/en\/wp-json\/wp\/v2\/product\/60928","targetHints":{"allow":["GET"]}}],"collection":[{"href":"https:\/\/repliquemangacine.fr\/en\/wp-json\/wp\/v2\/product"}],"about":[{"href":"https:\/\/repliquemangacine.fr\/en\/wp-json\/wp\/v2\/types\/product"}],"wp:featuredmedia":[{"embeddable":true,"href":"https:\/\/repliquemangacine.fr\/en\/wp-json\/wp\/v2\/media\/60929"}],"wp:attachment":[{"href":"https:\/\/repliquemangacine.fr\/en\/wp-json\/wp\/v2\/media?parent=60928"}],"wp:term":[{"taxonomy":"product_brand","embeddable":true,"href":"https:\/\/repliquemangacine.fr\/en\/wp-json\/wp\/v2\/product_brand?post=60928"},{"taxonomy":"product_cat","embeddable":true,"href":"https:\/\/repliquemangacine.fr\/en\/wp-json\/wp\/v2\/product_cat?post=60928"},{"taxonomy":"product_tag","embeddable":true,"href":"https:\/\/repliquemangacine.fr\/en\/wp-json\/wp\/v2\/product_tag?post=60928"}],"curies":[{"name":"wp","href":"https:\/\/api.w.org\/{rel}","templated":true}]}}