





{"id":60913,"date":"2023-06-16T18:32:02","date_gmt":"2023-06-16T16:32:02","guid":{"rendered":"https:\/\/repliquemangacine.fr\/?post_type=product&#038;p=60913"},"modified":"2026-04-15T12:53:58","modified_gmt":"2026-04-15T10:53:58","slug":"tanto-wado-ichimonji-de-zoro","status":"publish","type":"product","link":"https:\/\/repliquemangacine.fr\/en\/tanto-mini-katana-one-piece\/tanto-wado-ichimonji-de-zoro\/","title":{"rendered":"Tanto Wado Ichimonji by Zoro"},"content":{"rendered":"<h2>Zoro's Tanto Wado Ichimonji - One Piece<\/h2>\n<p>To begin with, the <strong>Tanto Wado Ichimonji by Zoro<\/strong> is the sword Zoro carries between his teeth, in its mini-katana version.<\/p>\n<p>Wado Ichimonji is a sword of great importance to Roronoa. This katana once belonged to her childhood friend Kuina, and is her family's renowned sword. This sword belongs to the 21 \u00d4 Wazamono class and was forged by Shimotsuki Kozaburo.<\/p>\n<p>As one of the twenty-one best katanas in the world, the Wad\u00f4 Ichimonji is an extremely powerful blade. Extremely strong, with a long-lasting blade, as Mihawk pointed out when he destroyed Zoro's two swords and only this one withstood.<\/p>\n<p><a href=\"https:\/\/onepiece.fandom.com\/fr\/wiki\/Roronoa_Zoro\" target=\"_blank\" rel=\"noopener noreferrer\">Zoro<\/a> asked his master K\u00f4shir\u00f4 to give him the sword, and K\u00f4shir\u00f4 accepted his pupil's request after the death of his daughter.<\/p>\n<h2>Your Tanto Wado Ichimonji from Zoro at the best price.<\/h2>\n<p>We bring you all the lines from the animated manga One Piece.<\/p>\n<p>First and foremost,<\/p>\n<ul>\n<li>Visit <a href=\"https:\/\/repliquemangacine.fr\/en\/katana-one-piece\/katana-shusui-zoro-one-piece\/\">Katana Shusui<\/a> with its decorated scabbard.<\/li>\n<li>There's also the huge<a href=\"https:\/\/repliquemangacine.fr\/en\/katana-one-piece\/yoru-kokutou-saber-mihawk-dracula-sword-wide-blade\/\"> Mihawk Yoru's sword<\/a> Kokuto.<\/li>\n<li>As well as the <a href=\"https:\/\/repliquemangacine.fr\/en\/katana-one-piece\/katana-sandai-kitetsu-sabre-de-zoro\/\">katana Sandai Kitetsu<\/a>the last Sandai sword.<\/li>\n<li>And many more to discover in our online store.<\/li>\n<\/ul>\n<p>That's why here are some great gift ideas for all One Piece fans.<\/p>\n<p>In conclusion, you can also use the <strong>Tanto Wado Ichimonji by Zoro<\/strong> for your cosplay parades. But above all, the Wado Ichimonji sword is also a collector's item and a decorative object.<\/p>\n<h2>How to care for the blade of your mini-katana?<\/h2>\n<p>Collector's and decorative katanas are made and assembled in a simplified way. As their use is decorative, they lack the safety features required of a Japanese saber intended for training.<\/p>\n<p>However, your <strong>Tanto Wado Ichimonji by Zoro<\/strong> One Piece has a steel blade that needs to be maintained to prevent damage over time. In fact, when you expose your katana, your friends will be curious to see the blade and touch it. This is where you need to be careful, as the acidity of your fingers is very harmful to steel, whatever its quality.<\/p>\n<p>However, if this does happen, don't panic, just use a cloth dampened with a little oil and wipe off any fingerprints. By doing so, you'll keep your mini-katana for a very long time.<\/p>","protected":false},"excerpt":{"rendered":"<p>Zoro's Wado Ichimonji sword is the one he holds in his mouth, in mini-katana version.<\/p>\n<ul>\n<li>Two-tone 440 steel blade.<\/li>\n<li>Handle with pure white cotton braid.<\/li>\n<li>Antique metal circular guard<\/li>\n<li>Bright white lacquered scabbard.<\/li>\n<li>ABS stand<\/li>\n<li>Blade length: 28 cm - Total length: 45 cm<\/li>\n<\/ul>","protected":false},"featured_media":60914,"template":"","meta":[],"product_brand":[896],"product_cat":[23,36,121],"product_tag":[],"class_list":{"0":"post-60913","1":"product","2":"type-product","3":"status-publish","4":"has-post-thumbnail","6":"product_brand-replique-manga-cine","7":"product_cat-repliques-manga-jeux-video","8":"product_cat-katana-one-piece","9":"product_cat-tanto-mini-katana-one-piece","11":"first","12":"instock","13":"taxable","14":"shipping-taxable","15":"purchasable","16":"product-type-simple"},"yoast_head":"<!-- This site is optimized with the Yoast SEO plugin v27.4 - https:\/\/yoast.com\/product\/yoast-seo-wordpress\/ -->\n<title>Tanto Wado Ichimonji de Zoro - Vente de katana One Piece - RMC<\/title>\n<meta name=\"description\" content=\"D\u00e9couvrez vite ! Le Tanto Wado Ichimonji de Zoro dans One Piece au meilleur prix - Lame en acier de 28 cm - Garde m\u00e9tal - Fourreau laqu\u00e9 - Longueur : 45 cm\" \/>\n<meta name=\"robots\" content=\"index, follow, max-snippet:-1, max-image-preview:large, max-video-preview:-1\" \/>\n<link rel=\"canonical\" href=\"https:\/\/repliquemangacine.fr\/en\/tanto-mini-katana-one-piece\/tanto-wado-ichimonji-de-zoro\/\" \/>\n<meta property=\"og:locale\" content=\"en_US\" \/>\n<meta property=\"og:type\" content=\"article\" \/>\n<meta property=\"og:title\" content=\"Tanto Wado Ichimonji de Zoro - Vente de katana One Piece - RMC\" \/>\n<meta property=\"og:description\" content=\"D\u00e9couvrez vite ! Le Tanto Wado Ichimonji de Zoro dans One Piece au meilleur prix - Lame en acier de 28 cm - Garde m\u00e9tal - Fourreau laqu\u00e9 - Longueur : 45 cm\" \/>\n<meta property=\"og:url\" content=\"https:\/\/repliquemangacine.fr\/en\/tanto-mini-katana-one-piece\/tanto-wado-ichimonji-de-zoro\/\" \/>\n<meta property=\"og:site_name\" content=\"R\u00e9plique Manga Cin\u00e9\" \/>\n<meta property=\"article:publisher\" content=\"https:\/\/www.facebook.com\/RepliqueMangaCine\" \/>\n<meta property=\"article:modified_time\" content=\"2026-04-15T10:53:58+00:00\" \/>\n<meta property=\"og:image\" content=\"https:\/\/repliquemangacine.fr\/wp-content\/uploads\/2023\/10\/mini-katana-ichimonji.jpg\" \/>\n\t<meta property=\"og:image:width\" content=\"500\" \/>\n\t<meta property=\"og:image:height\" content=\"500\" \/>\n\t<meta property=\"og:image:type\" content=\"image\/jpeg\" \/>\n<meta name=\"twitter:card\" content=\"summary_large_image\" \/>\n<meta name=\"twitter:label1\" content=\"Est. reading time\" \/>\n\t<meta name=\"twitter:data1\" content=\"3 minutes\" \/>\n<script type=\"application\/ld+json\" class=\"yoast-schema-graph\">{\"@context\":\"https:\\\/\\\/schema.org\",\"@graph\":[{\"@type\":\"WebPage\",\"@id\":\"https:\\\/\\\/repliquemangacine.fr\\\/tanto-mini-katana-one-piece\\\/tanto-wado-ichimonji-de-zoro\\\/\",\"url\":\"https:\\\/\\\/repliquemangacine.fr\\\/tanto-mini-katana-one-piece\\\/tanto-wado-ichimonji-de-zoro\\\/\",\"name\":\"Tanto Wado Ichimonji de Zoro - Vente de katana One Piece - RMC\",\"isPartOf\":{\"@id\":\"https:\\\/\\\/repliquemangacine.fr\\\/#website\"},\"primaryImageOfPage\":{\"@id\":\"https:\\\/\\\/repliquemangacine.fr\\\/tanto-mini-katana-one-piece\\\/tanto-wado-ichimonji-de-zoro\\\/#primaryimage\"},\"image\":{\"@id\":\"https:\\\/\\\/repliquemangacine.fr\\\/tanto-mini-katana-one-piece\\\/tanto-wado-ichimonji-de-zoro\\\/#primaryimage\"},\"thumbnailUrl\":\"https:\\\/\\\/repliquemangacine.fr\\\/wp-content\\\/uploads\\\/2023\\\/10\\\/mini-katana-ichimonji.jpg\",\"datePublished\":\"2023-06-16T16:32:02+00:00\",\"dateModified\":\"2026-04-15T10:53:58+00:00\",\"description\":\"D\u00e9couvrez vite ! Le Tanto Wado Ichimonji de Zoro dans One Piece au meilleur prix - Lame en acier de 28 cm - Garde m\u00e9tal - Fourreau laqu\u00e9 - Longueur : 45 cm\",\"breadcrumb\":{\"@id\":\"https:\\\/\\\/repliquemangacine.fr\\\/tanto-mini-katana-one-piece\\\/tanto-wado-ichimonji-de-zoro\\\/#breadcrumb\"},\"inLanguage\":\"en-US\",\"potentialAction\":[{\"@type\":\"ReadAction\",\"target\":[\"https:\\\/\\\/repliquemangacine.fr\\\/tanto-mini-katana-one-piece\\\/tanto-wado-ichimonji-de-zoro\\\/\"]}]},{\"@type\":\"ImageObject\",\"inLanguage\":\"en-US\",\"@id\":\"https:\\\/\\\/repliquemangacine.fr\\\/tanto-mini-katana-one-piece\\\/tanto-wado-ichimonji-de-zoro\\\/#primaryimage\",\"url\":\"https:\\\/\\\/repliquemangacine.fr\\\/wp-content\\\/uploads\\\/2023\\\/10\\\/mini-katana-ichimonji.jpg\",\"contentUrl\":\"https:\\\/\\\/repliquemangacine.fr\\\/wp-content\\\/uploads\\\/2023\\\/10\\\/mini-katana-ichimonji.jpg\",\"width\":500,\"height\":500,\"caption\":\"Tanto Wado Ichimonji de Zoro\"},{\"@type\":\"BreadcrumbList\",\"@id\":\"https:\\\/\\\/repliquemangacine.fr\\\/tanto-mini-katana-one-piece\\\/tanto-wado-ichimonji-de-zoro\\\/#breadcrumb\",\"itemListElement\":[{\"@type\":\"ListItem\",\"position\":1,\"name\":\"Accueil\",\"item\":\"https:\\\/\\\/repliquemangacine.fr\\\/\"},{\"@type\":\"ListItem\",\"position\":2,\"name\":\"Produits\",\"item\":\"https:\\\/\\\/repliquemangacine.fr\\\/boutique\\\/\"},{\"@type\":\"ListItem\",\"position\":3,\"name\":\"Tanto Wado Ichimonji de Zoro\"}]},{\"@type\":\"WebSite\",\"@id\":\"https:\\\/\\\/repliquemangacine.fr\\\/#website\",\"url\":\"https:\\\/\\\/repliquemangacine.fr\\\/\",\"name\":\"R\u00e9plique Manga Cin\u00e9\",\"description\":\"\",\"publisher\":{\"@id\":\"https:\\\/\\\/repliquemangacine.fr\\\/#organization\"},\"potentialAction\":[{\"@type\":\"SearchAction\",\"target\":{\"@type\":\"EntryPoint\",\"urlTemplate\":\"https:\\\/\\\/repliquemangacine.fr\\\/?s={search_term_string}\"},\"query-input\":{\"@type\":\"PropertyValueSpecification\",\"valueRequired\":true,\"valueName\":\"search_term_string\"}}],\"inLanguage\":\"en-US\"},{\"@type\":\"Organization\",\"@id\":\"https:\\\/\\\/repliquemangacine.fr\\\/#organization\",\"name\":\"R\u00e9plique Manga Cin\u00e9\",\"url\":\"https:\\\/\\\/repliquemangacine.fr\\\/\",\"logo\":{\"@type\":\"ImageObject\",\"inLanguage\":\"en-US\",\"@id\":\"https:\\\/\\\/repliquemangacine.fr\\\/#\\\/schema\\\/logo\\\/image\\\/\",\"url\":\"https:\\\/\\\/repliquemangacine.fr\\\/wp-content\\\/uploads\\\/2023\\\/10\\\/RMC-500250.png\",\"contentUrl\":\"https:\\\/\\\/repliquemangacine.fr\\\/wp-content\\\/uploads\\\/2023\\\/10\\\/RMC-500250.png\",\"width\":500,\"height\":250,\"caption\":\"R\u00e9plique Manga Cin\u00e9\"},\"image\":{\"@id\":\"https:\\\/\\\/repliquemangacine.fr\\\/#\\\/schema\\\/logo\\\/image\\\/\"},\"sameAs\":[\"https:\\\/\\\/www.facebook.com\\\/RepliqueMangaCine\",\"https:\\\/\\\/www.instagram.com\\\/repliquemangacine.fr\\\/\"]}]}<\/script>\n<!-- \/ Yoast SEO plugin. -->","yoast_head_json":{"title":"Tanto Wado Ichimonji by Zoro - One Piece katana sale - RMC","description":"Discover it now! Zoro's Tanto Wado Ichimonji in One Piece at the best price - 28 cm steel blade - Metal guard - Lacquered sheath - Length: 45 cm","robots":{"index":"index","follow":"follow","max-snippet":"max-snippet:-1","max-image-preview":"max-image-preview:large","max-video-preview":"max-video-preview:-1"},"canonical":"https:\/\/repliquemangacine.fr\/en\/tanto-mini-katana-one-piece\/tanto-wado-ichimonji-de-zoro\/","og_locale":"en_US","og_type":"article","og_title":"Tanto Wado Ichimonji de Zoro - Vente de katana One Piece - RMC","og_description":"D\u00e9couvrez vite ! Le Tanto Wado Ichimonji de Zoro dans One Piece au meilleur prix - Lame en acier de 28 cm - Garde m\u00e9tal - Fourreau laqu\u00e9 - Longueur : 45 cm","og_url":"https:\/\/repliquemangacine.fr\/en\/tanto-mini-katana-one-piece\/tanto-wado-ichimonji-de-zoro\/","og_site_name":"R\u00e9plique Manga Cin\u00e9","article_publisher":"https:\/\/www.facebook.com\/RepliqueMangaCine","article_modified_time":"2026-04-15T10:53:58+00:00","og_image":[{"width":500,"height":500,"url":"https:\/\/repliquemangacine.fr\/wp-content\/uploads\/2023\/10\/mini-katana-ichimonji.jpg","type":"image\/jpeg"}],"twitter_card":"summary_large_image","twitter_misc":{"Est. reading time":"3 minutes"},"schema":{"@context":"https:\/\/schema.org","@graph":[{"@type":"WebPage","@id":"https:\/\/repliquemangacine.fr\/tanto-mini-katana-one-piece\/tanto-wado-ichimonji-de-zoro\/","url":"https:\/\/repliquemangacine.fr\/tanto-mini-katana-one-piece\/tanto-wado-ichimonji-de-zoro\/","name":"Tanto Wado Ichimonji by Zoro - One Piece katana sale - RMC","isPartOf":{"@id":"https:\/\/repliquemangacine.fr\/#website"},"primaryImageOfPage":{"@id":"https:\/\/repliquemangacine.fr\/tanto-mini-katana-one-piece\/tanto-wado-ichimonji-de-zoro\/#primaryimage"},"image":{"@id":"https:\/\/repliquemangacine.fr\/tanto-mini-katana-one-piece\/tanto-wado-ichimonji-de-zoro\/#primaryimage"},"thumbnailUrl":"https:\/\/repliquemangacine.fr\/wp-content\/uploads\/2023\/10\/mini-katana-ichimonji.jpg","datePublished":"2023-06-16T16:32:02+00:00","dateModified":"2026-04-15T10:53:58+00:00","description":"Discover it now! Zoro's Tanto Wado Ichimonji in One Piece at the best price - 28 cm steel blade - Metal guard - Lacquered sheath - Length: 45 cm","breadcrumb":{"@id":"https:\/\/repliquemangacine.fr\/tanto-mini-katana-one-piece\/tanto-wado-ichimonji-de-zoro\/#breadcrumb"},"inLanguage":"en-US","potentialAction":[{"@type":"ReadAction","target":["https:\/\/repliquemangacine.fr\/tanto-mini-katana-one-piece\/tanto-wado-ichimonji-de-zoro\/"]}]},{"@type":"ImageObject","inLanguage":"en-US","@id":"https:\/\/repliquemangacine.fr\/tanto-mini-katana-one-piece\/tanto-wado-ichimonji-de-zoro\/#primaryimage","url":"https:\/\/repliquemangacine.fr\/wp-content\/uploads\/2023\/10\/mini-katana-ichimonji.jpg","contentUrl":"https:\/\/repliquemangacine.fr\/wp-content\/uploads\/2023\/10\/mini-katana-ichimonji.jpg","width":500,"height":500,"caption":"Tanto Wado Ichimonji de Zoro"},{"@type":"BreadcrumbList","@id":"https:\/\/repliquemangacine.fr\/tanto-mini-katana-one-piece\/tanto-wado-ichimonji-de-zoro\/#breadcrumb","itemListElement":[{"@type":"ListItem","position":1,"name":"Accueil","item":"https:\/\/repliquemangacine.fr\/"},{"@type":"ListItem","position":2,"name":"Produits","item":"https:\/\/repliquemangacine.fr\/boutique\/"},{"@type":"ListItem","position":3,"name":"Tanto Wado Ichimonji de Zoro"}]},{"@type":"WebSite","@id":"https:\/\/repliquemangacine.fr\/#website","url":"https:\/\/repliquemangacine.fr\/","name":"R\u00e9plique Manga Cin\u00e9","description":"","publisher":{"@id":"https:\/\/repliquemangacine.fr\/#organization"},"potentialAction":[{"@type":"SearchAction","target":{"@type":"EntryPoint","urlTemplate":"https:\/\/repliquemangacine.fr\/?s={search_term_string}"},"query-input":{"@type":"PropertyValueSpecification","valueRequired":true,"valueName":"search_term_string"}}],"inLanguage":"en-US"},{"@type":"Organization","@id":"https:\/\/repliquemangacine.fr\/#organization","name":"R\u00e9plique Manga Cin\u00e9","url":"https:\/\/repliquemangacine.fr\/","logo":{"@type":"ImageObject","inLanguage":"en-US","@id":"https:\/\/repliquemangacine.fr\/#\/schema\/logo\/image\/","url":"https:\/\/repliquemangacine.fr\/wp-content\/uploads\/2023\/10\/RMC-500250.png","contentUrl":"https:\/\/repliquemangacine.fr\/wp-content\/uploads\/2023\/10\/RMC-500250.png","width":500,"height":250,"caption":"R\u00e9plique Manga Cin\u00e9"},"image":{"@id":"https:\/\/repliquemangacine.fr\/#\/schema\/logo\/image\/"},"sameAs":["https:\/\/www.facebook.com\/RepliqueMangaCine","https:\/\/www.instagram.com\/repliquemangacine.fr\/"]}]}},"_links":{"self":[{"href":"https:\/\/repliquemangacine.fr\/en\/wp-json\/wp\/v2\/product\/60913","targetHints":{"allow":["GET"]}}],"collection":[{"href":"https:\/\/repliquemangacine.fr\/en\/wp-json\/wp\/v2\/product"}],"about":[{"href":"https:\/\/repliquemangacine.fr\/en\/wp-json\/wp\/v2\/types\/product"}],"wp:featuredmedia":[{"embeddable":true,"href":"https:\/\/repliquemangacine.fr\/en\/wp-json\/wp\/v2\/media\/60914"}],"wp:attachment":[{"href":"https:\/\/repliquemangacine.fr\/en\/wp-json\/wp\/v2\/media?parent=60913"}],"wp:term":[{"taxonomy":"product_brand","embeddable":true,"href":"https:\/\/repliquemangacine.fr\/en\/wp-json\/wp\/v2\/product_brand?post=60913"},{"taxonomy":"product_cat","embeddable":true,"href":"https:\/\/repliquemangacine.fr\/en\/wp-json\/wp\/v2\/product_cat?post=60913"},{"taxonomy":"product_tag","embeddable":true,"href":"https:\/\/repliquemangacine.fr\/en\/wp-json\/wp\/v2\/product_tag?post=60913"}],"curies":[{"name":"wp","href":"https:\/\/api.w.org\/{rel}","templated":true}]}}