





{"id":60895,"date":"2023-06-16T17:32:01","date_gmt":"2023-06-16T15:32:01","guid":{"rendered":"https:\/\/repliquemangacine.fr\/?post_type=product&#038;p=60895"},"modified":"2026-04-15T12:54:13","modified_gmt":"2026-04-15T10:54:13","slug":"tanto-sasuke-naruto","status":"publish","type":"product","link":"https:\/\/repliquemangacine.fr\/en\/katana-naruto\/tanto-sasuke-naruto\/","title":{"rendered":"Tanto Sasuke Naruto"},"content":{"rendered":"<h2>Tanto Sasuke Naruto<\/h2>\n<p>To begin with, the <strong>Tanto Sasuke Naruto<\/strong> manga version, is a mini-katana, in contrast to the black anime version.<\/p>\n<p>First of all, it's a legendary Japanese sword, as important in that country as Excalibur is in England. It is one of the three regalia of the Japanese imperial throne. Its portrayal in Japanese culture - in films, anime and novels - varies considerably. Each author has his or her own idea and design.<\/p>\n<p>In the animated manga Naruto, for example, Orochimaru possesses the Kusanagi sword, reputed to be stronger than diamond. He uses it to kill the third Hokage during the final ch\u016bnin exam. <a href=\"https:\/\/naruto.fandom.com\/fr\/wiki\/Sasuke_Uchiwa\" target=\"_blank\" rel=\"noopener noreferrer\">Sasuke<\/a> has another version of the Kusanagi sword, not the same one, but with the same name.<\/p>\n<h2>Your <strong>Tanto Sasuke Naruto<\/strong> at the best price.<\/h2>\n<p>We bring you all the lines of your favorite characters in this Naruto animated manga.<\/p>\n<p>First and foremost,<\/p>\n<ul>\n<li>L' <a href=\"https:\/\/repliquemangacine.fr\/en\/katana-naruto\/katana-sasuke-epee-kusanagi\/\">Kusanagi sword<\/a>1\/1 scale, as in the manga. Also available in wood.<\/li>\n<li>But also the <a href=\"https:\/\/repliquemangacine.fr\/en\/naruto-kunai-and-shuriken\/large-white-naruto-kunai\/\">large Kunai<\/a> and Chakra blades.<\/li>\n<li>And many more to discover in our online store!<\/li>\n<\/ul>\n<p>That's why here are some great gift ideas for Naruto fans.<\/p>\n<p>In conclusion, you can also use this <strong>Tanto Sasuke Naruto<\/strong> for your cosplay parades or theme parties. But above all, the Kusanagi sword is also a collector's item and a decorative object.<\/p>\n<h2>How to care for the blade of your mini-katana?<\/h2>\n<p>Collector's and decorative katanas are made and assembled in a simplified way. As their use is decorative, they lack the safety features required of a Japanese saber intended for training.<\/p>\n<p>However, your <strong>Tanto Sasuke Naruto<\/strong> to a steel blade that needs to be cared for to avoid damage over time. In fact, when you display your katana, your friends will be curious to see the blade and touch it. This is where you need to be careful, as the acidity of your fingers is very harmful to steel, whatever its quality.<\/p>\n<p>However, if this does happen, don't panic, just use a cloth dampened with a little oil and wipe off any fingerprints. By doing so, you'll keep your mini-katana for a very long time.<\/p>","protected":false},"excerpt":{"rendered":"<p>Identical replica of the Tanto version of the kusanagi sword (mini-katana)<\/p>\n<ul>\n<li>Non-sharp 440 steel blade<\/li>\n<li>White lacquered sheath with black stripe<\/li>\n<li>Lacquered handle with Uchiwa sign<\/li>\n<li>ABS stand<\/li>\n<li>Blade length: 28 cm - Total length: 45.5 cm<\/li>\n<\/ul>","protected":false},"featured_media":60896,"template":"","meta":[],"product_brand":[896],"product_cat":[109,23,42],"product_tag":[],"class_list":{"0":"post-60895","1":"product","2":"type-product","3":"status-publish","4":"has-post-thumbnail","6":"product_brand-replique-manga-cine","7":"product_cat-katana-naruto","8":"product_cat-repliques-manga-jeux-video","9":"product_cat-katana-goodies-naruto-kunai","11":"first","12":"instock","13":"sale","14":"taxable","15":"shipping-taxable","16":"purchasable","17":"product-type-simple"},"yoast_head":"<!-- This site is optimized with the Yoast SEO plugin v27.5 - https:\/\/yoast.com\/product\/yoast-seo-wordpress\/ -->\n<title>Tanto Sasuke Naruto - Boutique en ligne katana Naruto - RMC<\/title>\n<meta name=\"description\" content=\"D\u00e9couvrez ce Tanto Sasuke Naruto au meilleur prix - Ce mini-katana \u00e0 une lame en acier de 28 cm - Fourreau et poign\u00e9e en ABS - Longueur totale : 45.5 cm\" \/>\n<meta name=\"robots\" content=\"index, follow, max-snippet:-1, max-image-preview:large, max-video-preview:-1\" \/>\n<link rel=\"canonical\" href=\"https:\/\/repliquemangacine.fr\/en\/katana-naruto\/tanto-sasuke-naruto\/\" \/>\n<meta property=\"og:locale\" content=\"en_US\" \/>\n<meta property=\"og:type\" content=\"article\" \/>\n<meta property=\"og:title\" content=\"Tanto Sasuke Naruto - Boutique en ligne katana Naruto - RMC\" \/>\n<meta property=\"og:description\" content=\"D\u00e9couvrez ce Tanto Sasuke Naruto au meilleur prix - Ce mini-katana \u00e0 une lame en acier de 28 cm - Fourreau et poign\u00e9e en ABS - Longueur totale : 45.5 cm\" \/>\n<meta property=\"og:url\" content=\"https:\/\/repliquemangacine.fr\/en\/katana-naruto\/tanto-sasuke-naruto\/\" \/>\n<meta property=\"og:site_name\" content=\"R\u00e9plique Manga Cin\u00e9\" \/>\n<meta property=\"article:publisher\" content=\"https:\/\/www.facebook.com\/RepliqueMangaCine\" \/>\n<meta property=\"article:modified_time\" content=\"2026-04-15T10:54:13+00:00\" \/>\n<meta property=\"og:image\" content=\"https:\/\/repliquemangacine.fr\/wp-content\/uploads\/2023\/10\/mini-katana-naruto-blanc.jpg\" \/>\n\t<meta property=\"og:image:width\" content=\"500\" \/>\n\t<meta property=\"og:image:height\" content=\"500\" \/>\n\t<meta property=\"og:image:type\" content=\"image\/jpeg\" \/>\n<meta name=\"twitter:card\" content=\"summary_large_image\" \/>\n<meta name=\"twitter:label1\" content=\"Est. reading time\" \/>\n\t<meta name=\"twitter:data1\" content=\"3 minutes\" \/>\n<script type=\"application\/ld+json\" class=\"yoast-schema-graph\">{\"@context\":\"https:\\\/\\\/schema.org\",\"@graph\":[{\"@type\":\"WebPage\",\"@id\":\"https:\\\/\\\/repliquemangacine.fr\\\/katana-naruto\\\/tanto-sasuke-naruto\\\/\",\"url\":\"https:\\\/\\\/repliquemangacine.fr\\\/katana-naruto\\\/tanto-sasuke-naruto\\\/\",\"name\":\"Tanto Sasuke Naruto - Boutique en ligne katana Naruto - RMC\",\"isPartOf\":{\"@id\":\"https:\\\/\\\/repliquemangacine.fr\\\/#website\"},\"primaryImageOfPage\":{\"@id\":\"https:\\\/\\\/repliquemangacine.fr\\\/katana-naruto\\\/tanto-sasuke-naruto\\\/#primaryimage\"},\"image\":{\"@id\":\"https:\\\/\\\/repliquemangacine.fr\\\/katana-naruto\\\/tanto-sasuke-naruto\\\/#primaryimage\"},\"thumbnailUrl\":\"https:\\\/\\\/repliquemangacine.fr\\\/wp-content\\\/uploads\\\/2023\\\/10\\\/mini-katana-naruto-blanc.jpg\",\"datePublished\":\"2023-06-16T15:32:01+00:00\",\"dateModified\":\"2026-04-15T10:54:13+00:00\",\"description\":\"D\u00e9couvrez ce Tanto Sasuke Naruto au meilleur prix - Ce mini-katana \u00e0 une lame en acier de 28 cm - Fourreau et poign\u00e9e en ABS - Longueur totale : 45.5 cm\",\"breadcrumb\":{\"@id\":\"https:\\\/\\\/repliquemangacine.fr\\\/katana-naruto\\\/tanto-sasuke-naruto\\\/#breadcrumb\"},\"inLanguage\":\"en-US\",\"potentialAction\":[{\"@type\":\"ReadAction\",\"target\":[\"https:\\\/\\\/repliquemangacine.fr\\\/katana-naruto\\\/tanto-sasuke-naruto\\\/\"]}]},{\"@type\":\"ImageObject\",\"inLanguage\":\"en-US\",\"@id\":\"https:\\\/\\\/repliquemangacine.fr\\\/katana-naruto\\\/tanto-sasuke-naruto\\\/#primaryimage\",\"url\":\"https:\\\/\\\/repliquemangacine.fr\\\/wp-content\\\/uploads\\\/2023\\\/10\\\/mini-katana-naruto-blanc.jpg\",\"contentUrl\":\"https:\\\/\\\/repliquemangacine.fr\\\/wp-content\\\/uploads\\\/2023\\\/10\\\/mini-katana-naruto-blanc.jpg\",\"width\":500,\"height\":500,\"caption\":\"Tanto Sasuke Naruto\"},{\"@type\":\"BreadcrumbList\",\"@id\":\"https:\\\/\\\/repliquemangacine.fr\\\/katana-naruto\\\/tanto-sasuke-naruto\\\/#breadcrumb\",\"itemListElement\":[{\"@type\":\"ListItem\",\"position\":1,\"name\":\"Accueil\",\"item\":\"https:\\\/\\\/repliquemangacine.fr\\\/\"},{\"@type\":\"ListItem\",\"position\":2,\"name\":\"Produits\",\"item\":\"https:\\\/\\\/repliquemangacine.fr\\\/boutique\\\/\"},{\"@type\":\"ListItem\",\"position\":3,\"name\":\"Tanto Sasuke Naruto\"}]},{\"@type\":\"WebSite\",\"@id\":\"https:\\\/\\\/repliquemangacine.fr\\\/#website\",\"url\":\"https:\\\/\\\/repliquemangacine.fr\\\/\",\"name\":\"R\u00e9plique Manga Cin\u00e9\",\"description\":\"\",\"publisher\":{\"@id\":\"https:\\\/\\\/repliquemangacine.fr\\\/#organization\"},\"potentialAction\":[{\"@type\":\"SearchAction\",\"target\":{\"@type\":\"EntryPoint\",\"urlTemplate\":\"https:\\\/\\\/repliquemangacine.fr\\\/?s={search_term_string}\"},\"query-input\":{\"@type\":\"PropertyValueSpecification\",\"valueRequired\":true,\"valueName\":\"search_term_string\"}}],\"inLanguage\":\"en-US\"},{\"@type\":\"Organization\",\"@id\":\"https:\\\/\\\/repliquemangacine.fr\\\/#organization\",\"name\":\"R\u00e9plique Manga Cin\u00e9\",\"url\":\"https:\\\/\\\/repliquemangacine.fr\\\/\",\"logo\":{\"@type\":\"ImageObject\",\"inLanguage\":\"en-US\",\"@id\":\"https:\\\/\\\/repliquemangacine.fr\\\/#\\\/schema\\\/logo\\\/image\\\/\",\"url\":\"https:\\\/\\\/repliquemangacine.fr\\\/wp-content\\\/uploads\\\/2023\\\/10\\\/RMC-500250.png\",\"contentUrl\":\"https:\\\/\\\/repliquemangacine.fr\\\/wp-content\\\/uploads\\\/2023\\\/10\\\/RMC-500250.png\",\"width\":500,\"height\":250,\"caption\":\"R\u00e9plique Manga Cin\u00e9\"},\"image\":{\"@id\":\"https:\\\/\\\/repliquemangacine.fr\\\/#\\\/schema\\\/logo\\\/image\\\/\"},\"sameAs\":[\"https:\\\/\\\/www.facebook.com\\\/RepliqueMangaCine\",\"https:\\\/\\\/www.instagram.com\\\/repliquemangacine.fr\\\/\"]}]}<\/script>\n<!-- \/ Yoast SEO plugin. -->","yoast_head_json":{"title":"Tanto Sasuke Naruto - Naruto katana online store - RMC","description":"Discover this Tanto Sasuke Naruto at the best price - This mini-katana has a 28 cm steel blade - ABS scabbard and handle - Total length: 45.5 cm","robots":{"index":"index","follow":"follow","max-snippet":"max-snippet:-1","max-image-preview":"max-image-preview:large","max-video-preview":"max-video-preview:-1"},"canonical":"https:\/\/repliquemangacine.fr\/en\/katana-naruto\/tanto-sasuke-naruto\/","og_locale":"en_US","og_type":"article","og_title":"Tanto Sasuke Naruto - Boutique en ligne katana Naruto - RMC","og_description":"D\u00e9couvrez ce Tanto Sasuke Naruto au meilleur prix - Ce mini-katana \u00e0 une lame en acier de 28 cm - Fourreau et poign\u00e9e en ABS - Longueur totale : 45.5 cm","og_url":"https:\/\/repliquemangacine.fr\/en\/katana-naruto\/tanto-sasuke-naruto\/","og_site_name":"R\u00e9plique Manga Cin\u00e9","article_publisher":"https:\/\/www.facebook.com\/RepliqueMangaCine","article_modified_time":"2026-04-15T10:54:13+00:00","og_image":[{"width":500,"height":500,"url":"https:\/\/repliquemangacine.fr\/wp-content\/uploads\/2023\/10\/mini-katana-naruto-blanc.jpg","type":"image\/jpeg"}],"twitter_card":"summary_large_image","twitter_misc":{"Est. reading time":"3 minutes"},"schema":{"@context":"https:\/\/schema.org","@graph":[{"@type":"WebPage","@id":"https:\/\/repliquemangacine.fr\/katana-naruto\/tanto-sasuke-naruto\/","url":"https:\/\/repliquemangacine.fr\/katana-naruto\/tanto-sasuke-naruto\/","name":"Tanto Sasuke Naruto - Naruto katana online store - RMC","isPartOf":{"@id":"https:\/\/repliquemangacine.fr\/#website"},"primaryImageOfPage":{"@id":"https:\/\/repliquemangacine.fr\/katana-naruto\/tanto-sasuke-naruto\/#primaryimage"},"image":{"@id":"https:\/\/repliquemangacine.fr\/katana-naruto\/tanto-sasuke-naruto\/#primaryimage"},"thumbnailUrl":"https:\/\/repliquemangacine.fr\/wp-content\/uploads\/2023\/10\/mini-katana-naruto-blanc.jpg","datePublished":"2023-06-16T15:32:01+00:00","dateModified":"2026-04-15T10:54:13+00:00","description":"Discover this Tanto Sasuke Naruto at the best price - This mini-katana has a 28 cm steel blade - ABS scabbard and handle - Total length: 45.5 cm","breadcrumb":{"@id":"https:\/\/repliquemangacine.fr\/katana-naruto\/tanto-sasuke-naruto\/#breadcrumb"},"inLanguage":"en-US","potentialAction":[{"@type":"ReadAction","target":["https:\/\/repliquemangacine.fr\/katana-naruto\/tanto-sasuke-naruto\/"]}]},{"@type":"ImageObject","inLanguage":"en-US","@id":"https:\/\/repliquemangacine.fr\/katana-naruto\/tanto-sasuke-naruto\/#primaryimage","url":"https:\/\/repliquemangacine.fr\/wp-content\/uploads\/2023\/10\/mini-katana-naruto-blanc.jpg","contentUrl":"https:\/\/repliquemangacine.fr\/wp-content\/uploads\/2023\/10\/mini-katana-naruto-blanc.jpg","width":500,"height":500,"caption":"Tanto Sasuke Naruto"},{"@type":"BreadcrumbList","@id":"https:\/\/repliquemangacine.fr\/katana-naruto\/tanto-sasuke-naruto\/#breadcrumb","itemListElement":[{"@type":"ListItem","position":1,"name":"Accueil","item":"https:\/\/repliquemangacine.fr\/"},{"@type":"ListItem","position":2,"name":"Produits","item":"https:\/\/repliquemangacine.fr\/boutique\/"},{"@type":"ListItem","position":3,"name":"Tanto Sasuke Naruto"}]},{"@type":"WebSite","@id":"https:\/\/repliquemangacine.fr\/#website","url":"https:\/\/repliquemangacine.fr\/","name":"R\u00e9plique Manga Cin\u00e9","description":"","publisher":{"@id":"https:\/\/repliquemangacine.fr\/#organization"},"potentialAction":[{"@type":"SearchAction","target":{"@type":"EntryPoint","urlTemplate":"https:\/\/repliquemangacine.fr\/?s={search_term_string}"},"query-input":{"@type":"PropertyValueSpecification","valueRequired":true,"valueName":"search_term_string"}}],"inLanguage":"en-US"},{"@type":"Organization","@id":"https:\/\/repliquemangacine.fr\/#organization","name":"R\u00e9plique Manga Cin\u00e9","url":"https:\/\/repliquemangacine.fr\/","logo":{"@type":"ImageObject","inLanguage":"en-US","@id":"https:\/\/repliquemangacine.fr\/#\/schema\/logo\/image\/","url":"https:\/\/repliquemangacine.fr\/wp-content\/uploads\/2023\/10\/RMC-500250.png","contentUrl":"https:\/\/repliquemangacine.fr\/wp-content\/uploads\/2023\/10\/RMC-500250.png","width":500,"height":250,"caption":"R\u00e9plique Manga Cin\u00e9"},"image":{"@id":"https:\/\/repliquemangacine.fr\/#\/schema\/logo\/image\/"},"sameAs":["https:\/\/www.facebook.com\/RepliqueMangaCine","https:\/\/www.instagram.com\/repliquemangacine.fr\/"]}]}},"_links":{"self":[{"href":"https:\/\/repliquemangacine.fr\/en\/wp-json\/wp\/v2\/product\/60895","targetHints":{"allow":["GET"]}}],"collection":[{"href":"https:\/\/repliquemangacine.fr\/en\/wp-json\/wp\/v2\/product"}],"about":[{"href":"https:\/\/repliquemangacine.fr\/en\/wp-json\/wp\/v2\/types\/product"}],"wp:featuredmedia":[{"embeddable":true,"href":"https:\/\/repliquemangacine.fr\/en\/wp-json\/wp\/v2\/media\/60896"}],"wp:attachment":[{"href":"https:\/\/repliquemangacine.fr\/en\/wp-json\/wp\/v2\/media?parent=60895"}],"wp:term":[{"taxonomy":"product_brand","embeddable":true,"href":"https:\/\/repliquemangacine.fr\/en\/wp-json\/wp\/v2\/product_brand?post=60895"},{"taxonomy":"product_cat","embeddable":true,"href":"https:\/\/repliquemangacine.fr\/en\/wp-json\/wp\/v2\/product_cat?post=60895"},{"taxonomy":"product_tag","embeddable":true,"href":"https:\/\/repliquemangacine.fr\/en\/wp-json\/wp\/v2\/product_tag?post=60895"}],"curies":[{"name":"wp","href":"https:\/\/api.w.org\/{rel}","templated":true}]}}