





{"id":60757,"date":"2023-06-12T14:50:36","date_gmt":"2023-06-12T12:50:36","guid":{"rendered":"https:\/\/repliquemangacine.fr\/?post_type=product&#038;p=60757"},"modified":"2026-02-16T07:54:00","modified_gmt":"2026-02-16T06:54:00","slug":"18th-century-pirate-pistol","status":"publish","type":"product","link":"https:\/\/repliquemangacine.fr\/en\/pistolet-pirate\/pistolet-pirate-18e\/","title":{"rendered":"Pirate Pistol 18th"},"content":{"rendered":"<h2>Pirate Pistol 18th<\/h2>\n<p>To begin with, the <strong>Pirate Pistol 18th<\/strong> was one of the most popular firearms used by pirates in the 18th century. The Denix company offers us an identical replica from that era.<\/p>\n<p>Spark guns had a flint or flint stone which, when triggered by the hammer, produced the spark that ignited the gunpowder. All these weapons required manual reloading of their ammunition after each shot.<\/p>\n<p>Usually used for a single shot, as the reloading method was very slow and generally had no time to reload. Consequently, after firing, combatants were forced to draw their sabres or swords.<\/p>\n<h2>Your 18th Pirate Pistol at the best price.<\/h2>\n<p>We offer a wide selection of Denix replica antique weapons.<\/p>\n<p>First and foremost,<\/p>\n<ul>\n<li>Visit <a href=\"https:\/\/repliquemangacine.fr\/en\/antique-pistol\/pistol-kentucky-19th-usa\/\">Kentucky pistol<\/a>the classic weapon of the early explorers of the American West.<\/li>\n<li>There is also the <a href=\"https:\/\/repliquemangacine.fr\/en\/antique-pistol\/napoleon-gribeauval-1806-pistol\/\">Napoleon Gribeauval flintlock pistol<\/a> 1806.<\/li>\n<li>And many more to discover in our online store!<\/li>\n<\/ul>\n<p>That's why these are great gift ideas for all antique gun enthusiasts.<\/p>\n<p>In conclusion, you can use the <strong>Pirate Pistol 18th<\/strong> for your historical re-enactments. But above all, it's a collector's item and a decoration.<\/p>\n<p>R\u00e9plique Manga Cin\u00e9 is a French family business and official distributor of <a href=\"https:\/\/www.denix.fr\/fr\/catalogue\/colonial-et-pirate-1492-s-xviii\/pistolets\/1103-l\/\" target=\"_blank\" rel=\"noopener noreferrer\">Denix<\/a>.<\/p>\n<h2>How are Denix replica weapons made?<\/h2>\n<p>Used in historical re-enactments, films, TV series and by collectors. Denix gun reproductions, made from high-quality materials. Carefully crafted and assembled to create realistic collector's weapons.<\/p>\n<ul>\n<li>The metals are in a metal alloy known as Zamac, whose basic composition is zinc in 95%.<\/li>\n<li>The plastic parts of the replicas are made of molded ABS, offering high resistance.<\/li>\n<li>Wood chosen for its beauty and durability, such as mahogany, olive or walnut, will give your butts and barrels an elegant, authentic appearance.<\/li>\n<\/ul>\n<p>Please note that all Denix reproductions are identical to the originals, like your <strong>Pirate Pistol 18th<\/strong>.<\/p>","protected":false},"excerpt":{"rendered":"<p>Reproduction of a pirate pistol inspired by the original model.<\/p>\n<ul>\n<li>Solid wood stock and barrel.<\/li>\n<li>Zamac mechanism and barrel.<\/li>\n<li>Guns and shoots like the real thing, but is totally unsuitable for shooting.<\/li>\n<li>No authorization required. Free sale and possession.<\/li>\n<li>Length: 36 cm - Weight: 550g<\/li>\n<\/ul>","protected":false},"featured_media":60758,"template":"","meta":[],"product_brand":[896],"product_cat":[49,25,52,114],"product_tag":[],"class_list":{"0":"post-60757","1":"product","2":"type-product","3":"status-publish","4":"has-post-thumbnail","6":"product_brand-replique-manga-cine","7":"product_cat-armes-de-pirates","8":"product_cat-armes-historiques","9":"product_cat-pistolet-ancien","10":"product_cat-pistolet-pirate","12":"first","13":"instock","14":"sale","15":"taxable","16":"shipping-taxable","17":"purchasable","18":"product-type-simple"},"yoast_head":"<!-- This site is optimized with the Yoast SEO plugin v27.5 - https:\/\/yoast.com\/product\/yoast-seo-wordpress\/ -->\n<title>Pistolet Pirate 18e - Boutique en ligne d&#039;armes Denix - RMC<\/title>\n<meta name=\"description\" content=\"D\u00e9couvrez ce Pistolet Pirate 18e au meilleur prix - Crosse et f\u00fbt en bois massif - M\u00e9canisme fonctionnel en zamac finement grav\u00e9 - Longueur totale : 36 cm\" \/>\n<meta name=\"robots\" content=\"index, follow, max-snippet:-1, max-image-preview:large, max-video-preview:-1\" \/>\n<link rel=\"canonical\" href=\"https:\/\/repliquemangacine.fr\/en\/pirate-gun\/18th-century-pirate-pistol\/\" \/>\n<meta property=\"og:locale\" content=\"en_US\" \/>\n<meta property=\"og:type\" content=\"article\" \/>\n<meta property=\"og:title\" content=\"Pistolet Pirate 18e - Boutique en ligne d&#039;armes Denix - RMC\" \/>\n<meta property=\"og:description\" content=\"D\u00e9couvrez ce Pistolet Pirate 18e au meilleur prix - Crosse et f\u00fbt en bois massif - M\u00e9canisme fonctionnel en zamac finement grav\u00e9 - Longueur totale : 36 cm\" \/>\n<meta property=\"og:url\" content=\"https:\/\/repliquemangacine.fr\/en\/pirate-gun\/18th-century-pirate-pistol\/\" \/>\n<meta property=\"og:site_name\" content=\"R\u00e9plique Manga Cin\u00e9\" \/>\n<meta property=\"article:publisher\" content=\"https:\/\/www.facebook.com\/RepliqueMangaCine\" \/>\n<meta property=\"article:modified_time\" content=\"2026-02-16T06:54:00+00:00\" \/>\n<meta property=\"og:image\" content=\"https:\/\/repliquemangacine.fr\/wp-content\/uploads\/2023\/10\/Pistolet-Pirate-18e.jpg\" \/>\n\t<meta property=\"og:image:width\" content=\"500\" \/>\n\t<meta property=\"og:image:height\" content=\"500\" \/>\n\t<meta property=\"og:image:type\" content=\"image\/jpeg\" \/>\n<meta name=\"twitter:card\" content=\"summary_large_image\" \/>\n<meta name=\"twitter:label1\" content=\"Est. reading time\" \/>\n\t<meta name=\"twitter:data1\" content=\"2 minutes\" \/>\n<script type=\"application\/ld+json\" class=\"yoast-schema-graph\">{\"@context\":\"https:\\\/\\\/schema.org\",\"@graph\":[{\"@type\":\"WebPage\",\"@id\":\"https:\\\/\\\/repliquemangacine.fr\\\/pistolet-pirate\\\/pistolet-pirate-18e\\\/\",\"url\":\"https:\\\/\\\/repliquemangacine.fr\\\/pistolet-pirate\\\/pistolet-pirate-18e\\\/\",\"name\":\"Pistolet Pirate 18e - Boutique en ligne d'armes Denix - RMC\",\"isPartOf\":{\"@id\":\"https:\\\/\\\/repliquemangacine.fr\\\/#website\"},\"primaryImageOfPage\":{\"@id\":\"https:\\\/\\\/repliquemangacine.fr\\\/pistolet-pirate\\\/pistolet-pirate-18e\\\/#primaryimage\"},\"image\":{\"@id\":\"https:\\\/\\\/repliquemangacine.fr\\\/pistolet-pirate\\\/pistolet-pirate-18e\\\/#primaryimage\"},\"thumbnailUrl\":\"https:\\\/\\\/repliquemangacine.fr\\\/wp-content\\\/uploads\\\/2023\\\/10\\\/Pistolet-Pirate-18e.jpg\",\"datePublished\":\"2023-06-12T12:50:36+00:00\",\"dateModified\":\"2026-02-16T06:54:00+00:00\",\"description\":\"D\u00e9couvrez ce Pistolet Pirate 18e au meilleur prix - Crosse et f\u00fbt en bois massif - M\u00e9canisme fonctionnel en zamac finement grav\u00e9 - Longueur totale : 36 cm\",\"breadcrumb\":{\"@id\":\"https:\\\/\\\/repliquemangacine.fr\\\/pistolet-pirate\\\/pistolet-pirate-18e\\\/#breadcrumb\"},\"inLanguage\":\"en-US\",\"potentialAction\":[{\"@type\":\"ReadAction\",\"target\":[\"https:\\\/\\\/repliquemangacine.fr\\\/pistolet-pirate\\\/pistolet-pirate-18e\\\/\"]}]},{\"@type\":\"ImageObject\",\"inLanguage\":\"en-US\",\"@id\":\"https:\\\/\\\/repliquemangacine.fr\\\/pistolet-pirate\\\/pistolet-pirate-18e\\\/#primaryimage\",\"url\":\"https:\\\/\\\/repliquemangacine.fr\\\/wp-content\\\/uploads\\\/2023\\\/10\\\/Pistolet-Pirate-18e.jpg\",\"contentUrl\":\"https:\\\/\\\/repliquemangacine.fr\\\/wp-content\\\/uploads\\\/2023\\\/10\\\/Pistolet-Pirate-18e.jpg\",\"width\":500,\"height\":500,\"caption\":\"Pistolet Pirate 18e\"},{\"@type\":\"BreadcrumbList\",\"@id\":\"https:\\\/\\\/repliquemangacine.fr\\\/pistolet-pirate\\\/pistolet-pirate-18e\\\/#breadcrumb\",\"itemListElement\":[{\"@type\":\"ListItem\",\"position\":1,\"name\":\"Accueil\",\"item\":\"https:\\\/\\\/repliquemangacine.fr\\\/\"},{\"@type\":\"ListItem\",\"position\":2,\"name\":\"Produits\",\"item\":\"https:\\\/\\\/repliquemangacine.fr\\\/boutique\\\/\"},{\"@type\":\"ListItem\",\"position\":3,\"name\":\"Pistolet Pirate 18e\"}]},{\"@type\":\"WebSite\",\"@id\":\"https:\\\/\\\/repliquemangacine.fr\\\/#website\",\"url\":\"https:\\\/\\\/repliquemangacine.fr\\\/\",\"name\":\"R\u00e9plique Manga Cin\u00e9\",\"description\":\"\",\"publisher\":{\"@id\":\"https:\\\/\\\/repliquemangacine.fr\\\/#organization\"},\"potentialAction\":[{\"@type\":\"SearchAction\",\"target\":{\"@type\":\"EntryPoint\",\"urlTemplate\":\"https:\\\/\\\/repliquemangacine.fr\\\/?s={search_term_string}\"},\"query-input\":{\"@type\":\"PropertyValueSpecification\",\"valueRequired\":true,\"valueName\":\"search_term_string\"}}],\"inLanguage\":\"en-US\"},{\"@type\":\"Organization\",\"@id\":\"https:\\\/\\\/repliquemangacine.fr\\\/#organization\",\"name\":\"R\u00e9plique Manga Cin\u00e9\",\"url\":\"https:\\\/\\\/repliquemangacine.fr\\\/\",\"logo\":{\"@type\":\"ImageObject\",\"inLanguage\":\"en-US\",\"@id\":\"https:\\\/\\\/repliquemangacine.fr\\\/#\\\/schema\\\/logo\\\/image\\\/\",\"url\":\"https:\\\/\\\/repliquemangacine.fr\\\/wp-content\\\/uploads\\\/2023\\\/10\\\/RMC-500250.png\",\"contentUrl\":\"https:\\\/\\\/repliquemangacine.fr\\\/wp-content\\\/uploads\\\/2023\\\/10\\\/RMC-500250.png\",\"width\":500,\"height\":250,\"caption\":\"R\u00e9plique Manga Cin\u00e9\"},\"image\":{\"@id\":\"https:\\\/\\\/repliquemangacine.fr\\\/#\\\/schema\\\/logo\\\/image\\\/\"},\"sameAs\":[\"https:\\\/\\\/www.facebook.com\\\/RepliqueMangaCine\",\"https:\\\/\\\/www.instagram.com\\\/repliquemangacine.fr\\\/\"]}]}<\/script>\n<!-- \/ Yoast SEO plugin. -->","yoast_head_json":{"title":"Pistolet Pirate 18e - Denix weapons online store - RMC","description":"Discover this 18th Pirate Pistol at the best price - Solid wood stock and barrel - Functional mechanism in finely engraved zamac - Total length: 36 cm","robots":{"index":"index","follow":"follow","max-snippet":"max-snippet:-1","max-image-preview":"max-image-preview:large","max-video-preview":"max-video-preview:-1"},"canonical":"https:\/\/repliquemangacine.fr\/en\/pirate-gun\/18th-century-pirate-pistol\/","og_locale":"en_US","og_type":"article","og_title":"Pistolet Pirate 18e - Boutique en ligne d'armes Denix - RMC","og_description":"D\u00e9couvrez ce Pistolet Pirate 18e au meilleur prix - Crosse et f\u00fbt en bois massif - M\u00e9canisme fonctionnel en zamac finement grav\u00e9 - Longueur totale : 36 cm","og_url":"https:\/\/repliquemangacine.fr\/en\/pirate-gun\/18th-century-pirate-pistol\/","og_site_name":"R\u00e9plique Manga Cin\u00e9","article_publisher":"https:\/\/www.facebook.com\/RepliqueMangaCine","article_modified_time":"2026-02-16T06:54:00+00:00","og_image":[{"width":500,"height":500,"url":"https:\/\/repliquemangacine.fr\/wp-content\/uploads\/2023\/10\/Pistolet-Pirate-18e.jpg","type":"image\/jpeg"}],"twitter_card":"summary_large_image","twitter_misc":{"Est. reading time":"2 minutes"},"schema":{"@context":"https:\/\/schema.org","@graph":[{"@type":"WebPage","@id":"https:\/\/repliquemangacine.fr\/pistolet-pirate\/pistolet-pirate-18e\/","url":"https:\/\/repliquemangacine.fr\/pistolet-pirate\/pistolet-pirate-18e\/","name":"Pistolet Pirate 18e - Denix weapons online store - RMC","isPartOf":{"@id":"https:\/\/repliquemangacine.fr\/#website"},"primaryImageOfPage":{"@id":"https:\/\/repliquemangacine.fr\/pistolet-pirate\/pistolet-pirate-18e\/#primaryimage"},"image":{"@id":"https:\/\/repliquemangacine.fr\/pistolet-pirate\/pistolet-pirate-18e\/#primaryimage"},"thumbnailUrl":"https:\/\/repliquemangacine.fr\/wp-content\/uploads\/2023\/10\/Pistolet-Pirate-18e.jpg","datePublished":"2023-06-12T12:50:36+00:00","dateModified":"2026-02-16T06:54:00+00:00","description":"Discover this 18th Pirate Pistol at the best price - Solid wood stock and barrel - Functional mechanism in finely engraved zamac - Total length: 36 cm","breadcrumb":{"@id":"https:\/\/repliquemangacine.fr\/pistolet-pirate\/pistolet-pirate-18e\/#breadcrumb"},"inLanguage":"en-US","potentialAction":[{"@type":"ReadAction","target":["https:\/\/repliquemangacine.fr\/pistolet-pirate\/pistolet-pirate-18e\/"]}]},{"@type":"ImageObject","inLanguage":"en-US","@id":"https:\/\/repliquemangacine.fr\/pistolet-pirate\/pistolet-pirate-18e\/#primaryimage","url":"https:\/\/repliquemangacine.fr\/wp-content\/uploads\/2023\/10\/Pistolet-Pirate-18e.jpg","contentUrl":"https:\/\/repliquemangacine.fr\/wp-content\/uploads\/2023\/10\/Pistolet-Pirate-18e.jpg","width":500,"height":500,"caption":"Pistolet Pirate 18e"},{"@type":"BreadcrumbList","@id":"https:\/\/repliquemangacine.fr\/pistolet-pirate\/pistolet-pirate-18e\/#breadcrumb","itemListElement":[{"@type":"ListItem","position":1,"name":"Accueil","item":"https:\/\/repliquemangacine.fr\/"},{"@type":"ListItem","position":2,"name":"Produits","item":"https:\/\/repliquemangacine.fr\/boutique\/"},{"@type":"ListItem","position":3,"name":"Pistolet Pirate 18e"}]},{"@type":"WebSite","@id":"https:\/\/repliquemangacine.fr\/#website","url":"https:\/\/repliquemangacine.fr\/","name":"R\u00e9plique Manga Cin\u00e9","description":"","publisher":{"@id":"https:\/\/repliquemangacine.fr\/#organization"},"potentialAction":[{"@type":"SearchAction","target":{"@type":"EntryPoint","urlTemplate":"https:\/\/repliquemangacine.fr\/?s={search_term_string}"},"query-input":{"@type":"PropertyValueSpecification","valueRequired":true,"valueName":"search_term_string"}}],"inLanguage":"en-US"},{"@type":"Organization","@id":"https:\/\/repliquemangacine.fr\/#organization","name":"R\u00e9plique Manga Cin\u00e9","url":"https:\/\/repliquemangacine.fr\/","logo":{"@type":"ImageObject","inLanguage":"en-US","@id":"https:\/\/repliquemangacine.fr\/#\/schema\/logo\/image\/","url":"https:\/\/repliquemangacine.fr\/wp-content\/uploads\/2023\/10\/RMC-500250.png","contentUrl":"https:\/\/repliquemangacine.fr\/wp-content\/uploads\/2023\/10\/RMC-500250.png","width":500,"height":250,"caption":"R\u00e9plique Manga Cin\u00e9"},"image":{"@id":"https:\/\/repliquemangacine.fr\/#\/schema\/logo\/image\/"},"sameAs":["https:\/\/www.facebook.com\/RepliqueMangaCine","https:\/\/www.instagram.com\/repliquemangacine.fr\/"]}]}},"_links":{"self":[{"href":"https:\/\/repliquemangacine.fr\/en\/wp-json\/wp\/v2\/product\/60757","targetHints":{"allow":["GET"]}}],"collection":[{"href":"https:\/\/repliquemangacine.fr\/en\/wp-json\/wp\/v2\/product"}],"about":[{"href":"https:\/\/repliquemangacine.fr\/en\/wp-json\/wp\/v2\/types\/product"}],"wp:featuredmedia":[{"embeddable":true,"href":"https:\/\/repliquemangacine.fr\/en\/wp-json\/wp\/v2\/media\/60758"}],"wp:attachment":[{"href":"https:\/\/repliquemangacine.fr\/en\/wp-json\/wp\/v2\/media?parent=60757"}],"wp:term":[{"taxonomy":"product_brand","embeddable":true,"href":"https:\/\/repliquemangacine.fr\/en\/wp-json\/wp\/v2\/product_brand?post=60757"},{"taxonomy":"product_cat","embeddable":true,"href":"https:\/\/repliquemangacine.fr\/en\/wp-json\/wp\/v2\/product_cat?post=60757"},{"taxonomy":"product_tag","embeddable":true,"href":"https:\/\/repliquemangacine.fr\/en\/wp-json\/wp\/v2\/product_tag?post=60757"}],"curies":[{"name":"wp","href":"https:\/\/api.w.org\/{rel}","templated":true}]}}