





{"id":60391,"date":"2023-05-19T17:59:41","date_gmt":"2023-05-19T15:59:41","guid":{"rendered":"https:\/\/repliquemangacine.fr\/?post_type=product&#038;p=60391"},"modified":"2026-04-25T13:37:17","modified_gmt":"2026-04-25T11:37:17","slug":"set-of-3-zoro-katanas","status":"publish","type":"product","link":"https:\/\/repliquemangacine.fr\/en\/repliques-manga-jeux-video\/lot-3-katanas-de-zoro\/","title":{"rendered":"Set of 3 Zoro Katanas"},"content":{"rendered":"<h2>Set of 3 Zoro katanas from One Piece.<\/h2>\n<p>To begin with, the <strong>3 Zoro Katanas<\/strong> in one piece comes with a holster belt that you put on your waist exactly like Zoro in the animated manga. Set includes:<\/p>\n<ul>\n<li>The Shusui sword<\/li>\n<li>Wado Ichimonji<\/li>\n<li>Sandai Kitetsu<\/li>\n<\/ul>\n<p>But if you would like another One Piece katana, please call us or send us a message with the reference number when you order.<\/p>\n<p>Swords are perhaps the most common weapon in the world of One Piece. Those with special training and expertise in their use are called Swordsmen. High-quality swords are sometimes classified and called Meito.<\/p>\n<p><a href=\"https:\/\/onepiece.fandom.com\/fr\/wiki\/Roronoa_Zoro\/Aptitudes_et_Comp\u00e9tences\" target=\"_blank\" rel=\"noopener noreferrer\">Zoro<\/a> is an exceptional swordsman who didn't wait to be in L'\u00c9quipage du Chapeau de Paille to forge a solid reputation.<\/p>\n<h2>Your set of 3 Zoro Katanas in one Piece at the best price.<\/h2>\n<p>We bring you all the lines of your favorite characters from the animated manga One Piece.<\/p>\n<p>First and foremost,<\/p>\n<ul>\n<li>Watch the long version of Trafalgar Law's sword,<\/li>\n<li><a href=\"https:\/\/repliquemangacine.fr\/en\/katana-one-piece\/katana-trafalgar-law-violet-one-piece\/\">Kikoku sword<\/a> One Piece 143cm,<\/li>\n<li>As well as the new<a href=\"https:\/\/repliquemangacine.fr\/en\/katana-one-piece\/zoro-enma-katana-purple-leather-one-piece\/\"> Zoro Enma's katana<\/a> violet, in its deluxe version, leather sheath.<\/li>\n<li>And many more to discover in our online store!<\/li>\n<\/ul>\n<p>So here's a great gift idea for all One Piece fans<\/p>\n<p>In conclusion, you can also use this set <strong>3 Zoro Katanas<\/strong> for your cosplay parades or theme parties. But above all, the Katana de Zoro is also a collector's item and a decorative object.<\/p>\n<h2>How to maintain the blade of your One Piece katana?<\/h2>\n<p>Collector's and decorative katanas, made and assembled in a simplified manner. As their use is decorative, they lack the safety features required of a Japanese saber intended for training.<\/p>\n<p>However, your lot <strong>3 Zoro Katanas<\/strong> to a steel blade that needs to be cared for to avoid damage over time. In fact, when you display your katana, your friends will be curious to see and touch the blade. This is where you need to be careful, as the acidity of your fingers is very harmful to steel, whatever its quality.<\/p>\n<p>If this happens, don't panic, just use a cloth dampened with a little oil to wipe off any fingerprints. By doing so, you'll keep your sword looking its best for a very long time.<\/p>","protected":false},"excerpt":{"rendered":"<p>One-piece set of 3 katanas with holster belt for carrying all 3 swords at once, just like Zoro.<\/p>\n<ul>\n<li>Metal Katana (see product info)<\/li>\n<li>Leatherette holster belt<\/li>\n<li>Metal buckle<\/li>\n<\/ul>","protected":false},"featured_media":60392,"template":"","meta":[],"product_brand":[896],"product_cat":[123,23],"product_tag":[],"class_list":{"0":"post-60391","1":"product","2":"type-product","3":"status-publish","4":"has-post-thumbnail","6":"product_brand-replique-manga-cine","7":"product_cat-katana-en-metal-one-piece","8":"product_cat-repliques-manga-jeux-video","10":"first","11":"outofstock","12":"taxable","13":"shipping-taxable","14":"purchasable","15":"product-type-simple"},"yoast_head":"<!-- This site is optimized with the Yoast SEO plugin v27.5 - https:\/\/yoast.com\/product\/yoast-seo-wordpress\/ -->\n<title>3 Katanas de zoro et ceinture holster offert - One Piece - RMC<\/title>\n<meta name=\"description\" content=\"En exclusivit\u00e9 ! les 3 Katanas de Zoro dans One Piece avec en cadeaux la ceinture holster pour porter les 3 sabres en m\u00eame temps comme Zoro. Sabres m\u00e9tal.\" \/>\n<meta name=\"robots\" content=\"index, follow, max-snippet:-1, max-image-preview:large, max-video-preview:-1\" \/>\n<link rel=\"canonical\" href=\"https:\/\/repliquemangacine.fr\/en\/replicas-manga-video-games\/set-of-3-zoro-katanas\/\" \/>\n<meta property=\"og:locale\" content=\"en_US\" \/>\n<meta property=\"og:type\" content=\"article\" \/>\n<meta property=\"og:title\" content=\"3 Katanas de zoro et ceinture holster offert - One Piece - RMC\" \/>\n<meta property=\"og:description\" content=\"En exclusivit\u00e9 ! les 3 Katanas de Zoro dans One Piece avec en cadeaux la ceinture holster pour porter les 3 sabres en m\u00eame temps comme Zoro. Sabres m\u00e9tal.\" \/>\n<meta property=\"og:url\" content=\"https:\/\/repliquemangacine.fr\/en\/replicas-manga-video-games\/set-of-3-zoro-katanas\/\" \/>\n<meta property=\"og:site_name\" content=\"R\u00e9plique Manga Cin\u00e9\" \/>\n<meta property=\"article:publisher\" content=\"https:\/\/www.facebook.com\/RepliqueMangaCine\" \/>\n<meta property=\"article:modified_time\" content=\"2026-04-25T11:37:17+00:00\" \/>\n<meta property=\"og:image\" content=\"https:\/\/repliquemangacine.fr\/wp-content\/uploads\/2023\/10\/sabre-de-zoro-avec-ceinture.jpg\" \/>\n\t<meta property=\"og:image:width\" content=\"500\" \/>\n\t<meta property=\"og:image:height\" content=\"500\" \/>\n\t<meta property=\"og:image:type\" content=\"image\/jpeg\" \/>\n<meta name=\"twitter:card\" content=\"summary_large_image\" \/>\n<meta name=\"twitter:label1\" content=\"Est. reading time\" \/>\n\t<meta name=\"twitter:data1\" content=\"3 minutes\" \/>\n<script type=\"application\/ld+json\" class=\"yoast-schema-graph\">{\"@context\":\"https:\\\/\\\/schema.org\",\"@graph\":[{\"@type\":\"WebPage\",\"@id\":\"https:\\\/\\\/repliquemangacine.fr\\\/repliques-manga-jeux-video\\\/lot-3-katanas-de-zoro\\\/\",\"url\":\"https:\\\/\\\/repliquemangacine.fr\\\/repliques-manga-jeux-video\\\/lot-3-katanas-de-zoro\\\/\",\"name\":\"3 Katanas de zoro et ceinture holster offert - One Piece - RMC\",\"isPartOf\":{\"@id\":\"https:\\\/\\\/repliquemangacine.fr\\\/#website\"},\"primaryImageOfPage\":{\"@id\":\"https:\\\/\\\/repliquemangacine.fr\\\/repliques-manga-jeux-video\\\/lot-3-katanas-de-zoro\\\/#primaryimage\"},\"image\":{\"@id\":\"https:\\\/\\\/repliquemangacine.fr\\\/repliques-manga-jeux-video\\\/lot-3-katanas-de-zoro\\\/#primaryimage\"},\"thumbnailUrl\":\"https:\\\/\\\/repliquemangacine.fr\\\/wp-content\\\/uploads\\\/2023\\\/10\\\/sabre-de-zoro-avec-ceinture.jpg\",\"datePublished\":\"2023-05-19T15:59:41+00:00\",\"dateModified\":\"2026-04-25T11:37:17+00:00\",\"description\":\"En exclusivit\u00e9 ! les 3 Katanas de Zoro dans One Piece avec en cadeaux la ceinture holster pour porter les 3 sabres en m\u00eame temps comme Zoro. Sabres m\u00e9tal.\",\"breadcrumb\":{\"@id\":\"https:\\\/\\\/repliquemangacine.fr\\\/repliques-manga-jeux-video\\\/lot-3-katanas-de-zoro\\\/#breadcrumb\"},\"inLanguage\":\"en-US\",\"potentialAction\":[{\"@type\":\"ReadAction\",\"target\":[\"https:\\\/\\\/repliquemangacine.fr\\\/repliques-manga-jeux-video\\\/lot-3-katanas-de-zoro\\\/\"]}]},{\"@type\":\"ImageObject\",\"inLanguage\":\"en-US\",\"@id\":\"https:\\\/\\\/repliquemangacine.fr\\\/repliques-manga-jeux-video\\\/lot-3-katanas-de-zoro\\\/#primaryimage\",\"url\":\"https:\\\/\\\/repliquemangacine.fr\\\/wp-content\\\/uploads\\\/2023\\\/10\\\/sabre-de-zoro-avec-ceinture.jpg\",\"contentUrl\":\"https:\\\/\\\/repliquemangacine.fr\\\/wp-content\\\/uploads\\\/2023\\\/10\\\/sabre-de-zoro-avec-ceinture.jpg\",\"width\":500,\"height\":500,\"caption\":\"3 Katanas de Zoro dans One piece\"},{\"@type\":\"BreadcrumbList\",\"@id\":\"https:\\\/\\\/repliquemangacine.fr\\\/repliques-manga-jeux-video\\\/lot-3-katanas-de-zoro\\\/#breadcrumb\",\"itemListElement\":[{\"@type\":\"ListItem\",\"position\":1,\"name\":\"Accueil\",\"item\":\"https:\\\/\\\/repliquemangacine.fr\\\/\"},{\"@type\":\"ListItem\",\"position\":2,\"name\":\"Produits\",\"item\":\"https:\\\/\\\/repliquemangacine.fr\\\/boutique\\\/\"},{\"@type\":\"ListItem\",\"position\":3,\"name\":\"Lot 3 Katanas de Zoro\"}]},{\"@type\":\"WebSite\",\"@id\":\"https:\\\/\\\/repliquemangacine.fr\\\/#website\",\"url\":\"https:\\\/\\\/repliquemangacine.fr\\\/\",\"name\":\"R\u00e9plique Manga Cin\u00e9\",\"description\":\"\",\"publisher\":{\"@id\":\"https:\\\/\\\/repliquemangacine.fr\\\/#organization\"},\"potentialAction\":[{\"@type\":\"SearchAction\",\"target\":{\"@type\":\"EntryPoint\",\"urlTemplate\":\"https:\\\/\\\/repliquemangacine.fr\\\/?s={search_term_string}\"},\"query-input\":{\"@type\":\"PropertyValueSpecification\",\"valueRequired\":true,\"valueName\":\"search_term_string\"}}],\"inLanguage\":\"en-US\"},{\"@type\":\"Organization\",\"@id\":\"https:\\\/\\\/repliquemangacine.fr\\\/#organization\",\"name\":\"R\u00e9plique Manga Cin\u00e9\",\"url\":\"https:\\\/\\\/repliquemangacine.fr\\\/\",\"logo\":{\"@type\":\"ImageObject\",\"inLanguage\":\"en-US\",\"@id\":\"https:\\\/\\\/repliquemangacine.fr\\\/#\\\/schema\\\/logo\\\/image\\\/\",\"url\":\"https:\\\/\\\/repliquemangacine.fr\\\/wp-content\\\/uploads\\\/2023\\\/10\\\/RMC-500250.png\",\"contentUrl\":\"https:\\\/\\\/repliquemangacine.fr\\\/wp-content\\\/uploads\\\/2023\\\/10\\\/RMC-500250.png\",\"width\":500,\"height\":250,\"caption\":\"R\u00e9plique Manga Cin\u00e9\"},\"image\":{\"@id\":\"https:\\\/\\\/repliquemangacine.fr\\\/#\\\/schema\\\/logo\\\/image\\\/\"},\"sameAs\":[\"https:\\\/\\\/www.facebook.com\\\/RepliqueMangaCine\",\"https:\\\/\\\/www.instagram.com\\\/repliquemangacine.fr\\\/\"]}]}<\/script>\n<!-- \/ Yoast SEO plugin. -->","yoast_head_json":{"title":"3 Zoro Katanas and free holster belt - One Piece - RMC","description":"Exclusively! Zoro's 3 Katanas from One Piece, with the gift of a holster belt to carry all 3 swords at once, just like Zoro. Metal sabers.","robots":{"index":"index","follow":"follow","max-snippet":"max-snippet:-1","max-image-preview":"max-image-preview:large","max-video-preview":"max-video-preview:-1"},"canonical":"https:\/\/repliquemangacine.fr\/en\/replicas-manga-video-games\/set-of-3-zoro-katanas\/","og_locale":"en_US","og_type":"article","og_title":"3 Katanas de zoro et ceinture holster offert - One Piece - RMC","og_description":"En exclusivit\u00e9 ! les 3 Katanas de Zoro dans One Piece avec en cadeaux la ceinture holster pour porter les 3 sabres en m\u00eame temps comme Zoro. Sabres m\u00e9tal.","og_url":"https:\/\/repliquemangacine.fr\/en\/replicas-manga-video-games\/set-of-3-zoro-katanas\/","og_site_name":"R\u00e9plique Manga Cin\u00e9","article_publisher":"https:\/\/www.facebook.com\/RepliqueMangaCine","article_modified_time":"2026-04-25T11:37:17+00:00","og_image":[{"width":500,"height":500,"url":"https:\/\/repliquemangacine.fr\/wp-content\/uploads\/2023\/10\/sabre-de-zoro-avec-ceinture.jpg","type":"image\/jpeg"}],"twitter_card":"summary_large_image","twitter_misc":{"Est. reading time":"3 minutes"},"schema":{"@context":"https:\/\/schema.org","@graph":[{"@type":"WebPage","@id":"https:\/\/repliquemangacine.fr\/repliques-manga-jeux-video\/lot-3-katanas-de-zoro\/","url":"https:\/\/repliquemangacine.fr\/repliques-manga-jeux-video\/lot-3-katanas-de-zoro\/","name":"3 Zoro Katanas and free holster belt - One Piece - RMC","isPartOf":{"@id":"https:\/\/repliquemangacine.fr\/#website"},"primaryImageOfPage":{"@id":"https:\/\/repliquemangacine.fr\/repliques-manga-jeux-video\/lot-3-katanas-de-zoro\/#primaryimage"},"image":{"@id":"https:\/\/repliquemangacine.fr\/repliques-manga-jeux-video\/lot-3-katanas-de-zoro\/#primaryimage"},"thumbnailUrl":"https:\/\/repliquemangacine.fr\/wp-content\/uploads\/2023\/10\/sabre-de-zoro-avec-ceinture.jpg","datePublished":"2023-05-19T15:59:41+00:00","dateModified":"2026-04-25T11:37:17+00:00","description":"Exclusively! Zoro's 3 Katanas from One Piece, with the gift of a holster belt to carry all 3 swords at once, just like Zoro. Metal sabers.","breadcrumb":{"@id":"https:\/\/repliquemangacine.fr\/repliques-manga-jeux-video\/lot-3-katanas-de-zoro\/#breadcrumb"},"inLanguage":"en-US","potentialAction":[{"@type":"ReadAction","target":["https:\/\/repliquemangacine.fr\/repliques-manga-jeux-video\/lot-3-katanas-de-zoro\/"]}]},{"@type":"ImageObject","inLanguage":"en-US","@id":"https:\/\/repliquemangacine.fr\/repliques-manga-jeux-video\/lot-3-katanas-de-zoro\/#primaryimage","url":"https:\/\/repliquemangacine.fr\/wp-content\/uploads\/2023\/10\/sabre-de-zoro-avec-ceinture.jpg","contentUrl":"https:\/\/repliquemangacine.fr\/wp-content\/uploads\/2023\/10\/sabre-de-zoro-avec-ceinture.jpg","width":500,"height":500,"caption":"3 Katanas de Zoro dans One piece"},{"@type":"BreadcrumbList","@id":"https:\/\/repliquemangacine.fr\/repliques-manga-jeux-video\/lot-3-katanas-de-zoro\/#breadcrumb","itemListElement":[{"@type":"ListItem","position":1,"name":"Accueil","item":"https:\/\/repliquemangacine.fr\/"},{"@type":"ListItem","position":2,"name":"Produits","item":"https:\/\/repliquemangacine.fr\/boutique\/"},{"@type":"ListItem","position":3,"name":"Lot 3 Katanas de Zoro"}]},{"@type":"WebSite","@id":"https:\/\/repliquemangacine.fr\/#website","url":"https:\/\/repliquemangacine.fr\/","name":"R\u00e9plique Manga Cin\u00e9","description":"","publisher":{"@id":"https:\/\/repliquemangacine.fr\/#organization"},"potentialAction":[{"@type":"SearchAction","target":{"@type":"EntryPoint","urlTemplate":"https:\/\/repliquemangacine.fr\/?s={search_term_string}"},"query-input":{"@type":"PropertyValueSpecification","valueRequired":true,"valueName":"search_term_string"}}],"inLanguage":"en-US"},{"@type":"Organization","@id":"https:\/\/repliquemangacine.fr\/#organization","name":"R\u00e9plique Manga Cin\u00e9","url":"https:\/\/repliquemangacine.fr\/","logo":{"@type":"ImageObject","inLanguage":"en-US","@id":"https:\/\/repliquemangacine.fr\/#\/schema\/logo\/image\/","url":"https:\/\/repliquemangacine.fr\/wp-content\/uploads\/2023\/10\/RMC-500250.png","contentUrl":"https:\/\/repliquemangacine.fr\/wp-content\/uploads\/2023\/10\/RMC-500250.png","width":500,"height":250,"caption":"R\u00e9plique Manga Cin\u00e9"},"image":{"@id":"https:\/\/repliquemangacine.fr\/#\/schema\/logo\/image\/"},"sameAs":["https:\/\/www.facebook.com\/RepliqueMangaCine","https:\/\/www.instagram.com\/repliquemangacine.fr\/"]}]}},"_links":{"self":[{"href":"https:\/\/repliquemangacine.fr\/en\/wp-json\/wp\/v2\/product\/60391","targetHints":{"allow":["GET"]}}],"collection":[{"href":"https:\/\/repliquemangacine.fr\/en\/wp-json\/wp\/v2\/product"}],"about":[{"href":"https:\/\/repliquemangacine.fr\/en\/wp-json\/wp\/v2\/types\/product"}],"wp:featuredmedia":[{"embeddable":true,"href":"https:\/\/repliquemangacine.fr\/en\/wp-json\/wp\/v2\/media\/60392"}],"wp:attachment":[{"href":"https:\/\/repliquemangacine.fr\/en\/wp-json\/wp\/v2\/media?parent=60391"}],"wp:term":[{"taxonomy":"product_brand","embeddable":true,"href":"https:\/\/repliquemangacine.fr\/en\/wp-json\/wp\/v2\/product_brand?post=60391"},{"taxonomy":"product_cat","embeddable":true,"href":"https:\/\/repliquemangacine.fr\/en\/wp-json\/wp\/v2\/product_cat?post=60391"},{"taxonomy":"product_tag","embeddable":true,"href":"https:\/\/repliquemangacine.fr\/en\/wp-json\/wp\/v2\/product_tag?post=60391"}],"curies":[{"name":"wp","href":"https:\/\/api.w.org\/{rel}","templated":true}]}}