





{"id":60362,"date":"2023-05-18T18:31:08","date_gmt":"2023-05-18T16:31:08","guid":{"rendered":"https:\/\/repliquemangacine.fr\/?post_type=product&#038;p=60362"},"modified":"2026-04-03T14:50:00","modified_gmt":"2026-04-03T12:50:00","slug":"enma-purple-forged-katana","status":"publish","type":"product","link":"https:\/\/repliquemangacine.fr\/en\/katana-epee\/katana-enma-violet-forge\/","title":{"rendered":"Katana Enma purple forged"},"content":{"rendered":"<h2>Enma purple katana forged in One Piece<\/h2>\n<p>To begin with, the <strong>Katana Enma purple forged<\/strong> <strong>One-Piece<\/strong> is one of the world's finest swords, a Meito owned by Kozuki Oden, who used it in conjunction with another Meito, Ame no Habakiri. This katana is a worthy replacement for the legendary Shuusui. Hiyori gave it to Zoro in exchange for the Shuusui.<\/p>\n<p>Forged by blacksmith Shimotsuki Kozaburo. Shimotsuki Kozaburo is a renowned blacksmith in Wa country, having forged the Wad\u00f4 Ichimonji. Shimotsuki Kozaburo has a reputation for creating Meito.<\/p>\n<p>83 swords are called Meito, and only 82 remain in the world after the destruction of Yubashiri, when Zoro met the marine Sh\u00fb. Zoro replaced the Yubashiri that Ippon-Matsu had given him with the Shuusui, considered the national treasure of the Wa country.<\/p>\n<h2>Your One Piece Enma purple forged Katana at the best price<\/h2>\n<p>We bring you all the lines of your favorite characters in this animated One Piece manga.<\/p>\n<p>First and foremost,<\/p>\n<ul>\n<li>Visit<a href=\"https:\/\/repliquemangacine.fr\/en\/katana-one-piece\/ame-no-habakiri-katana-de-zoro-one-piece\/\"> katana Ame no Habakiri<\/a>This Meito is used in conjunction with Enma.<\/li>\n<li>And Zoro's wooden Katanas.<\/li>\n<li>There is also the<a href=\"https:\/\/repliquemangacine.fr\/en\/katana-one-piece\/saber-kokuto-yoru-dracula-sword-mihawk-one-piece\/\"> Yoru sword by Mihawk<\/a> and its long blade.<\/li>\n<li>And many more to discover in our online store!<\/li>\n<\/ul>\n<p>That's why here are some great gift ideas for all fans of <a href=\"https:\/\/onepiece.fandom.com\/fr\/wiki\/One_Piece_Encyclop\u00e9die\" target=\"_blank\" rel=\"noopener noreferrer\">One Piece<\/a>.<\/p>\n<p>In conclusion, you can also use this <strong>Katana Enma purple forged One-Piece<\/strong> for your cosplay parades or theme parties. But above all, the Enma One Piece sword is also a collector's item and a decorative object.<\/p>\n<h2>How to maintain the blade of your One Piece katana?<\/h2>\n<p>Collector's and decorative katanas are made and assembled in a simplified way. As their use is decorative, they lack the safety features required of a Japanese saber intended for training.<\/p>\n<p>However, your <strong>Enma purple forged One Piece katana<\/strong> to a steel blade that needs to be cared for to avoid damage over time. In fact, when you display your katana, your friends will be curious to see and touch the blade. This is where you need to be careful, as the acidity of your fingers is very harmful to steel, whatever its quality.<\/p>\n<p>If this happens, don't panic, just use a cloth dampened with a little oil to wipe off any fingerprints. By doing so, you'll keep your sword looking its best for a very long time.<\/p>","protected":false},"excerpt":{"rendered":"<p>Zoro's Katana Enma in One Piece<\/p>\n<ul>\n<li>AISI 1045 forged steel blade Cutting edge<\/li>\n<li>Metal guard.<\/li>\n<li>Handle in purple lacquered wood with decoration.<\/li>\n<li>Decorated purple lacquered wood scabbard.<\/li>\n<li>Carrying case<\/li>\n<li>Blade length: 73 cm - Overall length: 108 cm - Weight: 1320g<\/li>\n<\/ul>","protected":false},"featured_media":60363,"template":"","meta":[],"product_brand":[896],"product_cat":[26,123,38,23],"product_tag":[],"class_list":{"0":"post-60362","1":"product","2":"type-product","3":"status-publish","4":"has-post-thumbnail","6":"product_brand-replique-manga-cine","7":"product_cat-katana-epee","8":"product_cat-katana-en-metal-one-piece","9":"product_cat-katana-forge","10":"product_cat-repliques-manga-jeux-video","12":"first","13":"instock","14":"taxable","15":"shipping-taxable","16":"purchasable","17":"product-type-simple"},"yoast_head":"<!-- This site is optimized with the Yoast SEO plugin v27.5 - https:\/\/yoast.com\/product\/yoast-seo-wordpress\/ -->\n<title>Katana Enma violet forg\u00e9 - R\u00e9plique Manga Cin\u00e9<\/title>\n<meta name=\"description\" content=\"Offrez-vous ce sublime Katana Enma violet forg\u00e9 dans One Piece au meilleur prix - Lame acier 1045 tranchant - Fourreau laqu\u00e9 - Longueur totale : 108 cm\" \/>\n<meta name=\"robots\" content=\"index, follow, max-snippet:-1, max-image-preview:large, max-video-preview:-1\" \/>\n<link rel=\"canonical\" href=\"https:\/\/repliquemangacine.fr\/en\/katana-sword\/enma-purple-forged-katana\/\" \/>\n<meta property=\"og:locale\" content=\"en_US\" \/>\n<meta property=\"og:type\" content=\"article\" \/>\n<meta property=\"og:title\" content=\"Katana Enma violet forg\u00e9 - R\u00e9plique Manga Cin\u00e9\" \/>\n<meta property=\"og:description\" content=\"Offrez-vous ce sublime Katana Enma violet forg\u00e9 dans One Piece au meilleur prix - Lame acier 1045 tranchant - Fourreau laqu\u00e9 - Longueur totale : 108 cm\" \/>\n<meta property=\"og:url\" content=\"https:\/\/repliquemangacine.fr\/en\/katana-sword\/enma-purple-forged-katana\/\" \/>\n<meta property=\"og:site_name\" content=\"R\u00e9plique Manga Cin\u00e9\" \/>\n<meta property=\"article:publisher\" content=\"https:\/\/www.facebook.com\/RepliqueMangaCine\" \/>\n<meta property=\"article:modified_time\" content=\"2026-04-03T12:50:00+00:00\" \/>\n<meta property=\"og:image\" content=\"https:\/\/repliquemangacine.fr\/wp-content\/uploads\/2023\/10\/Katana-Enma-Zoro-forge.jpg\" \/>\n\t<meta property=\"og:image:width\" content=\"500\" \/>\n\t<meta property=\"og:image:height\" content=\"500\" \/>\n\t<meta property=\"og:image:type\" content=\"image\/jpeg\" \/>\n<meta name=\"twitter:card\" content=\"summary_large_image\" \/>\n<meta name=\"twitter:label1\" content=\"Est. reading time\" \/>\n\t<meta name=\"twitter:data1\" content=\"3 minutes\" \/>\n<script type=\"application\/ld+json\" class=\"yoast-schema-graph\">{\"@context\":\"https:\\\/\\\/schema.org\",\"@graph\":[{\"@type\":\"WebPage\",\"@id\":\"https:\\\/\\\/repliquemangacine.fr\\\/katana-epee\\\/katana-enma-violet-forge\\\/\",\"url\":\"https:\\\/\\\/repliquemangacine.fr\\\/katana-epee\\\/katana-enma-violet-forge\\\/\",\"name\":\"Katana Enma violet forg\u00e9 - R\u00e9plique Manga Cin\u00e9\",\"isPartOf\":{\"@id\":\"https:\\\/\\\/repliquemangacine.fr\\\/#website\"},\"primaryImageOfPage\":{\"@id\":\"https:\\\/\\\/repliquemangacine.fr\\\/katana-epee\\\/katana-enma-violet-forge\\\/#primaryimage\"},\"image\":{\"@id\":\"https:\\\/\\\/repliquemangacine.fr\\\/katana-epee\\\/katana-enma-violet-forge\\\/#primaryimage\"},\"thumbnailUrl\":\"https:\\\/\\\/repliquemangacine.fr\\\/wp-content\\\/uploads\\\/2023\\\/10\\\/Katana-Enma-Zoro-forge.jpg\",\"datePublished\":\"2023-05-18T16:31:08+00:00\",\"dateModified\":\"2026-04-03T12:50:00+00:00\",\"description\":\"Offrez-vous ce sublime Katana Enma violet forg\u00e9 dans One Piece au meilleur prix - Lame acier 1045 tranchant - Fourreau laqu\u00e9 - Longueur totale : 108 cm\",\"breadcrumb\":{\"@id\":\"https:\\\/\\\/repliquemangacine.fr\\\/katana-epee\\\/katana-enma-violet-forge\\\/#breadcrumb\"},\"inLanguage\":\"en-US\",\"potentialAction\":[{\"@type\":\"ReadAction\",\"target\":[\"https:\\\/\\\/repliquemangacine.fr\\\/katana-epee\\\/katana-enma-violet-forge\\\/\"]}]},{\"@type\":\"ImageObject\",\"inLanguage\":\"en-US\",\"@id\":\"https:\\\/\\\/repliquemangacine.fr\\\/katana-epee\\\/katana-enma-violet-forge\\\/#primaryimage\",\"url\":\"https:\\\/\\\/repliquemangacine.fr\\\/wp-content\\\/uploads\\\/2023\\\/10\\\/Katana-Enma-Zoro-forge.jpg\",\"contentUrl\":\"https:\\\/\\\/repliquemangacine.fr\\\/wp-content\\\/uploads\\\/2023\\\/10\\\/Katana-Enma-Zoro-forge.jpg\",\"width\":500,\"height\":500,\"caption\":\"Katana Enma forg\u00e9\"},{\"@type\":\"BreadcrumbList\",\"@id\":\"https:\\\/\\\/repliquemangacine.fr\\\/katana-epee\\\/katana-enma-violet-forge\\\/#breadcrumb\",\"itemListElement\":[{\"@type\":\"ListItem\",\"position\":1,\"name\":\"Accueil\",\"item\":\"https:\\\/\\\/repliquemangacine.fr\\\/\"},{\"@type\":\"ListItem\",\"position\":2,\"name\":\"Produits\",\"item\":\"https:\\\/\\\/repliquemangacine.fr\\\/boutique\\\/\"},{\"@type\":\"ListItem\",\"position\":3,\"name\":\"Katana Enma violet forg\u00e9\"}]},{\"@type\":\"WebSite\",\"@id\":\"https:\\\/\\\/repliquemangacine.fr\\\/#website\",\"url\":\"https:\\\/\\\/repliquemangacine.fr\\\/\",\"name\":\"R\u00e9plique Manga Cin\u00e9\",\"description\":\"\",\"publisher\":{\"@id\":\"https:\\\/\\\/repliquemangacine.fr\\\/#organization\"},\"potentialAction\":[{\"@type\":\"SearchAction\",\"target\":{\"@type\":\"EntryPoint\",\"urlTemplate\":\"https:\\\/\\\/repliquemangacine.fr\\\/?s={search_term_string}\"},\"query-input\":{\"@type\":\"PropertyValueSpecification\",\"valueRequired\":true,\"valueName\":\"search_term_string\"}}],\"inLanguage\":\"en-US\"},{\"@type\":\"Organization\",\"@id\":\"https:\\\/\\\/repliquemangacine.fr\\\/#organization\",\"name\":\"R\u00e9plique Manga Cin\u00e9\",\"url\":\"https:\\\/\\\/repliquemangacine.fr\\\/\",\"logo\":{\"@type\":\"ImageObject\",\"inLanguage\":\"en-US\",\"@id\":\"https:\\\/\\\/repliquemangacine.fr\\\/#\\\/schema\\\/logo\\\/image\\\/\",\"url\":\"https:\\\/\\\/repliquemangacine.fr\\\/wp-content\\\/uploads\\\/2023\\\/10\\\/RMC-500250.png\",\"contentUrl\":\"https:\\\/\\\/repliquemangacine.fr\\\/wp-content\\\/uploads\\\/2023\\\/10\\\/RMC-500250.png\",\"width\":500,\"height\":250,\"caption\":\"R\u00e9plique Manga Cin\u00e9\"},\"image\":{\"@id\":\"https:\\\/\\\/repliquemangacine.fr\\\/#\\\/schema\\\/logo\\\/image\\\/\"},\"sameAs\":[\"https:\\\/\\\/www.facebook.com\\\/RepliqueMangaCine\",\"https:\\\/\\\/www.instagram.com\\\/repliquemangacine.fr\\\/\"]}]}<\/script>\n<!-- \/ Yoast SEO plugin. -->","yoast_head_json":{"title":"Katana Enma purple forged - R\u00e9plique Manga Cin\u00e9","description":"Treat yourself to this sublime purple Katana Enma forged in One Piece at the best price - 1045 steel blade - Lacquered scabbard - Total length: 108 cm","robots":{"index":"index","follow":"follow","max-snippet":"max-snippet:-1","max-image-preview":"max-image-preview:large","max-video-preview":"max-video-preview:-1"},"canonical":"https:\/\/repliquemangacine.fr\/en\/katana-sword\/enma-purple-forged-katana\/","og_locale":"en_US","og_type":"article","og_title":"Katana Enma violet forg\u00e9 - R\u00e9plique Manga Cin\u00e9","og_description":"Offrez-vous ce sublime Katana Enma violet forg\u00e9 dans One Piece au meilleur prix - Lame acier 1045 tranchant - Fourreau laqu\u00e9 - Longueur totale : 108 cm","og_url":"https:\/\/repliquemangacine.fr\/en\/katana-sword\/enma-purple-forged-katana\/","og_site_name":"R\u00e9plique Manga Cin\u00e9","article_publisher":"https:\/\/www.facebook.com\/RepliqueMangaCine","article_modified_time":"2026-04-03T12:50:00+00:00","og_image":[{"width":500,"height":500,"url":"https:\/\/repliquemangacine.fr\/wp-content\/uploads\/2023\/10\/Katana-Enma-Zoro-forge.jpg","type":"image\/jpeg"}],"twitter_card":"summary_large_image","twitter_misc":{"Est. reading time":"3 minutes"},"schema":{"@context":"https:\/\/schema.org","@graph":[{"@type":"WebPage","@id":"https:\/\/repliquemangacine.fr\/katana-epee\/katana-enma-violet-forge\/","url":"https:\/\/repliquemangacine.fr\/katana-epee\/katana-enma-violet-forge\/","name":"Katana Enma purple forged - R\u00e9plique Manga Cin\u00e9","isPartOf":{"@id":"https:\/\/repliquemangacine.fr\/#website"},"primaryImageOfPage":{"@id":"https:\/\/repliquemangacine.fr\/katana-epee\/katana-enma-violet-forge\/#primaryimage"},"image":{"@id":"https:\/\/repliquemangacine.fr\/katana-epee\/katana-enma-violet-forge\/#primaryimage"},"thumbnailUrl":"https:\/\/repliquemangacine.fr\/wp-content\/uploads\/2023\/10\/Katana-Enma-Zoro-forge.jpg","datePublished":"2023-05-18T16:31:08+00:00","dateModified":"2026-04-03T12:50:00+00:00","description":"Treat yourself to this sublime purple Katana Enma forged in One Piece at the best price - 1045 steel blade - Lacquered scabbard - Total length: 108 cm","breadcrumb":{"@id":"https:\/\/repliquemangacine.fr\/katana-epee\/katana-enma-violet-forge\/#breadcrumb"},"inLanguage":"en-US","potentialAction":[{"@type":"ReadAction","target":["https:\/\/repliquemangacine.fr\/katana-epee\/katana-enma-violet-forge\/"]}]},{"@type":"ImageObject","inLanguage":"en-US","@id":"https:\/\/repliquemangacine.fr\/katana-epee\/katana-enma-violet-forge\/#primaryimage","url":"https:\/\/repliquemangacine.fr\/wp-content\/uploads\/2023\/10\/Katana-Enma-Zoro-forge.jpg","contentUrl":"https:\/\/repliquemangacine.fr\/wp-content\/uploads\/2023\/10\/Katana-Enma-Zoro-forge.jpg","width":500,"height":500,"caption":"Katana Enma forg\u00e9"},{"@type":"BreadcrumbList","@id":"https:\/\/repliquemangacine.fr\/katana-epee\/katana-enma-violet-forge\/#breadcrumb","itemListElement":[{"@type":"ListItem","position":1,"name":"Accueil","item":"https:\/\/repliquemangacine.fr\/"},{"@type":"ListItem","position":2,"name":"Produits","item":"https:\/\/repliquemangacine.fr\/boutique\/"},{"@type":"ListItem","position":3,"name":"Katana Enma violet forg\u00e9"}]},{"@type":"WebSite","@id":"https:\/\/repliquemangacine.fr\/#website","url":"https:\/\/repliquemangacine.fr\/","name":"R\u00e9plique Manga Cin\u00e9","description":"","publisher":{"@id":"https:\/\/repliquemangacine.fr\/#organization"},"potentialAction":[{"@type":"SearchAction","target":{"@type":"EntryPoint","urlTemplate":"https:\/\/repliquemangacine.fr\/?s={search_term_string}"},"query-input":{"@type":"PropertyValueSpecification","valueRequired":true,"valueName":"search_term_string"}}],"inLanguage":"en-US"},{"@type":"Organization","@id":"https:\/\/repliquemangacine.fr\/#organization","name":"R\u00e9plique Manga Cin\u00e9","url":"https:\/\/repliquemangacine.fr\/","logo":{"@type":"ImageObject","inLanguage":"en-US","@id":"https:\/\/repliquemangacine.fr\/#\/schema\/logo\/image\/","url":"https:\/\/repliquemangacine.fr\/wp-content\/uploads\/2023\/10\/RMC-500250.png","contentUrl":"https:\/\/repliquemangacine.fr\/wp-content\/uploads\/2023\/10\/RMC-500250.png","width":500,"height":250,"caption":"R\u00e9plique Manga Cin\u00e9"},"image":{"@id":"https:\/\/repliquemangacine.fr\/#\/schema\/logo\/image\/"},"sameAs":["https:\/\/www.facebook.com\/RepliqueMangaCine","https:\/\/www.instagram.com\/repliquemangacine.fr\/"]}]}},"_links":{"self":[{"href":"https:\/\/repliquemangacine.fr\/en\/wp-json\/wp\/v2\/product\/60362","targetHints":{"allow":["GET"]}}],"collection":[{"href":"https:\/\/repliquemangacine.fr\/en\/wp-json\/wp\/v2\/product"}],"about":[{"href":"https:\/\/repliquemangacine.fr\/en\/wp-json\/wp\/v2\/types\/product"}],"wp:featuredmedia":[{"embeddable":true,"href":"https:\/\/repliquemangacine.fr\/en\/wp-json\/wp\/v2\/media\/60363"}],"wp:attachment":[{"href":"https:\/\/repliquemangacine.fr\/en\/wp-json\/wp\/v2\/media?parent=60362"}],"wp:term":[{"taxonomy":"product_brand","embeddable":true,"href":"https:\/\/repliquemangacine.fr\/en\/wp-json\/wp\/v2\/product_brand?post=60362"},{"taxonomy":"product_cat","embeddable":true,"href":"https:\/\/repliquemangacine.fr\/en\/wp-json\/wp\/v2\/product_cat?post=60362"},{"taxonomy":"product_tag","embeddable":true,"href":"https:\/\/repliquemangacine.fr\/en\/wp-json\/wp\/v2\/product_tag?post=60362"}],"curies":[{"name":"wp","href":"https:\/\/api.w.org\/{rel}","templated":true}]}}