





{"id":60228,"date":"2023-05-15T15:17:22","date_gmt":"2023-05-15T13:17:22","guid":{"rendered":"https:\/\/repliquemangacine.fr\/?post_type=product&#038;p=60228"},"modified":"2026-04-20T18:40:32","modified_gmt":"2026-04-20T16:40:32","slug":"belt-for-3-katanas","status":"publish","type":"product","link":"https:\/\/repliquemangacine.fr\/en\/katana-naruto\/ceinture-pour-3-katanas\/","title":{"rendered":"Belt for 3 Katanas"},"content":{"rendered":"<h2>Belt for 3 leatherette katanas<\/h2>\n<p>To begin with, the <strong>Belt for 3 katanas<\/strong> in black imitation leather is an essential element for carrying the three katanas of your choice on your belt. You'll have total freedom of movement. With this accessory, you'll be Zoro from One Piece!<\/p>\n<p>There are several versions of holders or belts for katanas, swords or sabres with different presentations, for example :<\/p>\n<ul>\n<li>Wall-mounted brackets: designed to be fixed to the wall for hanging, giving your weapons display an elegant, decorative touch.<\/li>\n<li>Free-standing brackets: designed for display on furniture, tables or desks. Generally made of wood, they fit together without nails or screws.<\/li>\n<li>Vertical supports: Generally made of wood, designed to display your katana vertically.<\/li>\n<li>1 to 3 seat belts and back support too<\/li>\n<\/ul>\n<h2>Your replica katanas and swords at the best price.<\/h2>\n<p>We offer a wide selection of inexpensive sword and katana reproductions to wear on your belt.<\/p>\n<p>First and foremost,<\/p>\n<ul>\n<li>Visit <a href=\"https:\/\/repliquemangacine.fr\/en\/katanas-the-last-samurai\/katana-du-dernier-samourai-the-last-samourai\/\">katana from The Last Samurai<\/a> used by Nathan Algren alias Tom<\/li>\n<li>As well as the <a href=\"https:\/\/repliquemangacine.fr\/en\/weapons-the-walking-dead\/michonnes-katana\/\">Michonne's katana<\/a> in Walking Dead, non-cutting version<\/li>\n<li>There are also Zoro's three swords in One Piece with this exceptional offer!<\/li>\n<li>And much more to discover in our online store!<\/li>\n<\/ul>\n<p>That's why here are some great gift ideas for all katana and sword lovers.<\/p>\n<p>In conclusion, you can use your <strong>Belt for 3 Katanas<\/strong> for conventions and cosplay parades.<\/p>\n<p>R\u00e9plique Manga Cin\u00e9 is a French family business and official distributor of the brand <a href=\"https:\/\/www.denix.fr\/\" target=\"_blank\" rel=\"noopener noreferrer\">Denix<\/a>.<\/p>","protected":false},"excerpt":{"rendered":"<p>Feel free to move! Wear your katanas at your waist with this belt<\/p>\n<ul>\n<li>In black leatherette<\/li>\n<li>Holds 3 katanas or swords<\/li>\n<li>Metal buckles<\/li>\n<\/ul>","protected":false},"featured_media":60229,"template":"","meta":[],"product_brand":[896],"product_cat":[50,65,66,30,63,24,26,109,23,42,36,67],"product_tag":[],"class_list":{"0":"post-60228","1":"product","2":"type-product","3":"status-publish","4":"has-post-thumbnail","6":"product_brand-replique-manga-cine","7":"product_cat-accessoires-katana","8":"product_cat-katana-et-epee-de-manga-anime-autre-manga","9":"product_cat-repliques-d-armes-films-et-series","10":"product_cat-katana-bleach","11":"product_cat-katana-demon-slayer","12":"product_cat-films-series-tv-vente-de-katana-epee-et-produits-derives","13":"product_cat-katana-epee","14":"product_cat-katana-naruto","15":"product_cat-repliques-manga-jeux-video","16":"product_cat-katana-goodies-naruto-kunai","17":"product_cat-katana-one-piece","18":"product_cat-katana-et-epee-de-jeux-video-autre-jeux-video","20":"first","21":"instock","22":"taxable","23":"shipping-taxable","24":"purchasable","25":"product-type-simple"},"yoast_head":"<!-- This site is optimized with the Yoast SEO plugin v27.5 - https:\/\/yoast.com\/product\/yoast-seo-wordpress\/ -->\n<title>Ceinture pour 3 Katanas - Boutique en ligne - R\u00e9plique Manga Cin\u00e9<\/title>\n<meta name=\"description\" content=\"En exclusivit\u00e9 ! Ceinture pour 3 katanas en similicuir au meilleur prix. Soyez libre de vos mouvements ! portez \u00e0 votre taille vos katanas pr\u00e9f\u00e9r\u00e9s !\" \/>\n<meta name=\"robots\" content=\"index, follow, max-snippet:-1, max-image-preview:large, max-video-preview:-1\" \/>\n<link rel=\"canonical\" href=\"https:\/\/repliquemangacine.fr\/en\/katana-naruto\/belt-for-3-katanas\/\" \/>\n<meta property=\"og:locale\" content=\"en_US\" \/>\n<meta property=\"og:type\" content=\"article\" \/>\n<meta property=\"og:title\" content=\"Ceinture pour 3 Katanas - Boutique en ligne - R\u00e9plique Manga Cin\u00e9\" \/>\n<meta property=\"og:description\" content=\"En exclusivit\u00e9 ! Ceinture pour 3 katanas en similicuir au meilleur prix. Soyez libre de vos mouvements ! portez \u00e0 votre taille vos katanas pr\u00e9f\u00e9r\u00e9s !\" \/>\n<meta property=\"og:url\" content=\"https:\/\/repliquemangacine.fr\/en\/katana-naruto\/belt-for-3-katanas\/\" \/>\n<meta property=\"og:site_name\" content=\"R\u00e9plique Manga Cin\u00e9\" \/>\n<meta property=\"article:publisher\" content=\"https:\/\/www.facebook.com\/RepliqueMangaCine\" \/>\n<meta property=\"article:modified_time\" content=\"2026-04-20T16:40:32+00:00\" \/>\n<meta property=\"og:image\" content=\"https:\/\/repliquemangacine.fr\/wp-content\/uploads\/2023\/10\/ceinturon-katanas.jpg\" \/>\n\t<meta property=\"og:image:width\" content=\"500\" \/>\n\t<meta property=\"og:image:height\" content=\"500\" \/>\n\t<meta property=\"og:image:type\" content=\"image\/jpeg\" \/>\n<meta name=\"twitter:card\" content=\"summary_large_image\" \/>\n<meta name=\"twitter:label1\" content=\"Est. reading time\" \/>\n\t<meta name=\"twitter:data1\" content=\"2 minutes\" \/>\n<script type=\"application\/ld+json\" class=\"yoast-schema-graph\">{\"@context\":\"https:\\\/\\\/schema.org\",\"@graph\":[{\"@type\":\"WebPage\",\"@id\":\"https:\\\/\\\/repliquemangacine.fr\\\/katana-naruto\\\/ceinture-pour-3-katanas\\\/\",\"url\":\"https:\\\/\\\/repliquemangacine.fr\\\/katana-naruto\\\/ceinture-pour-3-katanas\\\/\",\"name\":\"Ceinture pour 3 Katanas - Boutique en ligne - R\u00e9plique Manga Cin\u00e9\",\"isPartOf\":{\"@id\":\"https:\\\/\\\/repliquemangacine.fr\\\/#website\"},\"primaryImageOfPage\":{\"@id\":\"https:\\\/\\\/repliquemangacine.fr\\\/katana-naruto\\\/ceinture-pour-3-katanas\\\/#primaryimage\"},\"image\":{\"@id\":\"https:\\\/\\\/repliquemangacine.fr\\\/katana-naruto\\\/ceinture-pour-3-katanas\\\/#primaryimage\"},\"thumbnailUrl\":\"https:\\\/\\\/repliquemangacine.fr\\\/wp-content\\\/uploads\\\/2023\\\/10\\\/ceinturon-katanas.jpg\",\"datePublished\":\"2023-05-15T13:17:22+00:00\",\"dateModified\":\"2026-04-20T16:40:32+00:00\",\"description\":\"En exclusivit\u00e9 ! Ceinture pour 3 katanas en similicuir au meilleur prix. Soyez libre de vos mouvements ! portez \u00e0 votre taille vos katanas pr\u00e9f\u00e9r\u00e9s !\",\"breadcrumb\":{\"@id\":\"https:\\\/\\\/repliquemangacine.fr\\\/katana-naruto\\\/ceinture-pour-3-katanas\\\/#breadcrumb\"},\"inLanguage\":\"en-US\",\"potentialAction\":[{\"@type\":\"ReadAction\",\"target\":[\"https:\\\/\\\/repliquemangacine.fr\\\/katana-naruto\\\/ceinture-pour-3-katanas\\\/\"]}]},{\"@type\":\"ImageObject\",\"inLanguage\":\"en-US\",\"@id\":\"https:\\\/\\\/repliquemangacine.fr\\\/katana-naruto\\\/ceinture-pour-3-katanas\\\/#primaryimage\",\"url\":\"https:\\\/\\\/repliquemangacine.fr\\\/wp-content\\\/uploads\\\/2023\\\/10\\\/ceinturon-katanas.jpg\",\"contentUrl\":\"https:\\\/\\\/repliquemangacine.fr\\\/wp-content\\\/uploads\\\/2023\\\/10\\\/ceinturon-katanas.jpg\",\"width\":500,\"height\":500,\"caption\":\"ceinture pour 3 katanas\"},{\"@type\":\"BreadcrumbList\",\"@id\":\"https:\\\/\\\/repliquemangacine.fr\\\/katana-naruto\\\/ceinture-pour-3-katanas\\\/#breadcrumb\",\"itemListElement\":[{\"@type\":\"ListItem\",\"position\":1,\"name\":\"Accueil\",\"item\":\"https:\\\/\\\/repliquemangacine.fr\\\/\"},{\"@type\":\"ListItem\",\"position\":2,\"name\":\"Produits\",\"item\":\"https:\\\/\\\/repliquemangacine.fr\\\/boutique\\\/\"},{\"@type\":\"ListItem\",\"position\":3,\"name\":\"Ceinture pour 3 Katanas\"}]},{\"@type\":\"WebSite\",\"@id\":\"https:\\\/\\\/repliquemangacine.fr\\\/#website\",\"url\":\"https:\\\/\\\/repliquemangacine.fr\\\/\",\"name\":\"R\u00e9plique Manga Cin\u00e9\",\"description\":\"\",\"publisher\":{\"@id\":\"https:\\\/\\\/repliquemangacine.fr\\\/#organization\"},\"potentialAction\":[{\"@type\":\"SearchAction\",\"target\":{\"@type\":\"EntryPoint\",\"urlTemplate\":\"https:\\\/\\\/repliquemangacine.fr\\\/?s={search_term_string}\"},\"query-input\":{\"@type\":\"PropertyValueSpecification\",\"valueRequired\":true,\"valueName\":\"search_term_string\"}}],\"inLanguage\":\"en-US\"},{\"@type\":\"Organization\",\"@id\":\"https:\\\/\\\/repliquemangacine.fr\\\/#organization\",\"name\":\"R\u00e9plique Manga Cin\u00e9\",\"url\":\"https:\\\/\\\/repliquemangacine.fr\\\/\",\"logo\":{\"@type\":\"ImageObject\",\"inLanguage\":\"en-US\",\"@id\":\"https:\\\/\\\/repliquemangacine.fr\\\/#\\\/schema\\\/logo\\\/image\\\/\",\"url\":\"https:\\\/\\\/repliquemangacine.fr\\\/wp-content\\\/uploads\\\/2023\\\/10\\\/RMC-500250.png\",\"contentUrl\":\"https:\\\/\\\/repliquemangacine.fr\\\/wp-content\\\/uploads\\\/2023\\\/10\\\/RMC-500250.png\",\"width\":500,\"height\":250,\"caption\":\"R\u00e9plique Manga Cin\u00e9\"},\"image\":{\"@id\":\"https:\\\/\\\/repliquemangacine.fr\\\/#\\\/schema\\\/logo\\\/image\\\/\"},\"sameAs\":[\"https:\\\/\\\/www.facebook.com\\\/RepliqueMangaCine\",\"https:\\\/\\\/www.instagram.com\\\/repliquemangacine.fr\\\/\"]}]}<\/script>\n<!-- \/ Yoast SEO plugin. -->","yoast_head_json":{"title":"Belt for 3 Katanas - Online Shop - R\u00e9plique Manga Cin\u00e9","description":"Exclusive ! Belt for 3 katanas in imitation leather at the best price. Free your movements! Wear your favorite katanas at your waist!","robots":{"index":"index","follow":"follow","max-snippet":"max-snippet:-1","max-image-preview":"max-image-preview:large","max-video-preview":"max-video-preview:-1"},"canonical":"https:\/\/repliquemangacine.fr\/en\/katana-naruto\/belt-for-3-katanas\/","og_locale":"en_US","og_type":"article","og_title":"Ceinture pour 3 Katanas - Boutique en ligne - R\u00e9plique Manga Cin\u00e9","og_description":"En exclusivit\u00e9 ! Ceinture pour 3 katanas en similicuir au meilleur prix. Soyez libre de vos mouvements ! portez \u00e0 votre taille vos katanas pr\u00e9f\u00e9r\u00e9s !","og_url":"https:\/\/repliquemangacine.fr\/en\/katana-naruto\/belt-for-3-katanas\/","og_site_name":"R\u00e9plique Manga Cin\u00e9","article_publisher":"https:\/\/www.facebook.com\/RepliqueMangaCine","article_modified_time":"2026-04-20T16:40:32+00:00","og_image":[{"width":500,"height":500,"url":"https:\/\/repliquemangacine.fr\/wp-content\/uploads\/2023\/10\/ceinturon-katanas.jpg","type":"image\/jpeg"}],"twitter_card":"summary_large_image","twitter_misc":{"Est. reading time":"2 minutes"},"schema":{"@context":"https:\/\/schema.org","@graph":[{"@type":"WebPage","@id":"https:\/\/repliquemangacine.fr\/katana-naruto\/ceinture-pour-3-katanas\/","url":"https:\/\/repliquemangacine.fr\/katana-naruto\/ceinture-pour-3-katanas\/","name":"Belt for 3 Katanas - Online Shop - R\u00e9plique Manga Cin\u00e9","isPartOf":{"@id":"https:\/\/repliquemangacine.fr\/#website"},"primaryImageOfPage":{"@id":"https:\/\/repliquemangacine.fr\/katana-naruto\/ceinture-pour-3-katanas\/#primaryimage"},"image":{"@id":"https:\/\/repliquemangacine.fr\/katana-naruto\/ceinture-pour-3-katanas\/#primaryimage"},"thumbnailUrl":"https:\/\/repliquemangacine.fr\/wp-content\/uploads\/2023\/10\/ceinturon-katanas.jpg","datePublished":"2023-05-15T13:17:22+00:00","dateModified":"2026-04-20T16:40:32+00:00","description":"Exclusive ! Belt for 3 katanas in imitation leather at the best price. Free your movements! Wear your favorite katanas at your waist!","breadcrumb":{"@id":"https:\/\/repliquemangacine.fr\/katana-naruto\/ceinture-pour-3-katanas\/#breadcrumb"},"inLanguage":"en-US","potentialAction":[{"@type":"ReadAction","target":["https:\/\/repliquemangacine.fr\/katana-naruto\/ceinture-pour-3-katanas\/"]}]},{"@type":"ImageObject","inLanguage":"en-US","@id":"https:\/\/repliquemangacine.fr\/katana-naruto\/ceinture-pour-3-katanas\/#primaryimage","url":"https:\/\/repliquemangacine.fr\/wp-content\/uploads\/2023\/10\/ceinturon-katanas.jpg","contentUrl":"https:\/\/repliquemangacine.fr\/wp-content\/uploads\/2023\/10\/ceinturon-katanas.jpg","width":500,"height":500,"caption":"ceinture pour 3 katanas"},{"@type":"BreadcrumbList","@id":"https:\/\/repliquemangacine.fr\/katana-naruto\/ceinture-pour-3-katanas\/#breadcrumb","itemListElement":[{"@type":"ListItem","position":1,"name":"Accueil","item":"https:\/\/repliquemangacine.fr\/"},{"@type":"ListItem","position":2,"name":"Produits","item":"https:\/\/repliquemangacine.fr\/boutique\/"},{"@type":"ListItem","position":3,"name":"Ceinture pour 3 Katanas"}]},{"@type":"WebSite","@id":"https:\/\/repliquemangacine.fr\/#website","url":"https:\/\/repliquemangacine.fr\/","name":"R\u00e9plique Manga Cin\u00e9","description":"","publisher":{"@id":"https:\/\/repliquemangacine.fr\/#organization"},"potentialAction":[{"@type":"SearchAction","target":{"@type":"EntryPoint","urlTemplate":"https:\/\/repliquemangacine.fr\/?s={search_term_string}"},"query-input":{"@type":"PropertyValueSpecification","valueRequired":true,"valueName":"search_term_string"}}],"inLanguage":"en-US"},{"@type":"Organization","@id":"https:\/\/repliquemangacine.fr\/#organization","name":"R\u00e9plique Manga Cin\u00e9","url":"https:\/\/repliquemangacine.fr\/","logo":{"@type":"ImageObject","inLanguage":"en-US","@id":"https:\/\/repliquemangacine.fr\/#\/schema\/logo\/image\/","url":"https:\/\/repliquemangacine.fr\/wp-content\/uploads\/2023\/10\/RMC-500250.png","contentUrl":"https:\/\/repliquemangacine.fr\/wp-content\/uploads\/2023\/10\/RMC-500250.png","width":500,"height":250,"caption":"R\u00e9plique Manga Cin\u00e9"},"image":{"@id":"https:\/\/repliquemangacine.fr\/#\/schema\/logo\/image\/"},"sameAs":["https:\/\/www.facebook.com\/RepliqueMangaCine","https:\/\/www.instagram.com\/repliquemangacine.fr\/"]}]}},"_links":{"self":[{"href":"https:\/\/repliquemangacine.fr\/en\/wp-json\/wp\/v2\/product\/60228","targetHints":{"allow":["GET"]}}],"collection":[{"href":"https:\/\/repliquemangacine.fr\/en\/wp-json\/wp\/v2\/product"}],"about":[{"href":"https:\/\/repliquemangacine.fr\/en\/wp-json\/wp\/v2\/types\/product"}],"wp:featuredmedia":[{"embeddable":true,"href":"https:\/\/repliquemangacine.fr\/en\/wp-json\/wp\/v2\/media\/60229"}],"wp:attachment":[{"href":"https:\/\/repliquemangacine.fr\/en\/wp-json\/wp\/v2\/media?parent=60228"}],"wp:term":[{"taxonomy":"product_brand","embeddable":true,"href":"https:\/\/repliquemangacine.fr\/en\/wp-json\/wp\/v2\/product_brand?post=60228"},{"taxonomy":"product_cat","embeddable":true,"href":"https:\/\/repliquemangacine.fr\/en\/wp-json\/wp\/v2\/product_cat?post=60228"},{"taxonomy":"product_tag","embeddable":true,"href":"https:\/\/repliquemangacine.fr\/en\/wp-json\/wp\/v2\/product_tag?post=60228"}],"curies":[{"name":"wp","href":"https:\/\/api.w.org\/{rel}","templated":true}]}}