





{"id":60151,"date":"2023-05-10T18:45:20","date_gmt":"2023-05-10T16:45:20","guid":{"rendered":"https:\/\/repliquemangacine.fr\/?post_type=product&#038;p=60151"},"modified":"2025-11-21T12:38:39","modified_gmt":"2025-11-21T11:38:39","slug":"skyward-blade-genshin-impact","status":"publish","type":"product","link":"https:\/\/repliquemangacine.fr\/en\/genshin-impact\/skyward-blade-genshin-impact\/","title":{"rendered":"Skyward Blade Genshin Impact"},"content":{"rendered":"<h2>Skyward Blade Genshin Impact<\/h2>\n<p>To get started, <strong>Skyward Blade Genshin Impact<\/strong> is a 5-star Mondstadt sword. Mondstadt was once threatened by the shadow dragon Durin. His jealousy of Mondstadt's prosperity bred evil, poisoning the land.<\/p>\n<p>In those dark days, Mondstadt was surrounded by monsters and barren lands. Hearing the people's call for help, the Anemo Archon descended and awakened Dvalin.<\/p>\n<p><a href=\"https:\/\/genshin-impact.fandom.com\/wiki\/Skyward_Blade\" target=\"_blank\" rel=\"noopener noreferrer\">Skyward blade<\/a>(blade to the sky), a knight's sword symbolizing the restored honor of Dvalin. The blessings of the Anemo Archon rest on the fullest part of the blade, imbuing the sword with the powers of heaven and wind.<\/p>\n<p>The Traveller is seen brandishing this sword in the cinematic for Moonlight Merriment Part II: Three to Get Ready, and Here We Go.<\/p>\n<h2>Your skyward Blade Genshin Impact at the best price.<\/h2>\n<p>We offer a wide selection of video game swords, including Genshin Impact.<\/p>\n<p>First of all, the weapons in Genshin Impact,<\/p>\n<ul>\n<li>The immense <a href=\"https:\/\/repliquemangacine.fr\/en\/katana-and-video-game-sword-other-video-games\/epee-de-diluc-genshin-impact-wolfs-graveston\/\">Diluc sword<\/a> all in resin and fiberglass.<\/li>\n<li>There's also Amenoma's katana and his <a href=\"https:\/\/repliquemangacine.fr\/en\/katana-and-video-game-sword-other-video-games\/katana-kageuchi-damenoma\/\">Kageuchi blade<\/a><\/li>\n<li>As well as the superb <a href=\"https:\/\/repliquemangacine.fr\/en\/katana-and-video-game-sword-other-video-games\/forged-fog-breaker-sword\/\">reforged slash sword<\/a><br \/>\nAnd many more to discover in our online store.<\/li>\n<\/ul>\n<p>That's why here are some great gift ideas for all video game fans.<\/p>\n<p>In conclusion, you can use <strong>Skyward Blade Genshin Impact<\/strong> for your cosplay parades or theme parties. But above all, it's a collector's item and a decoration.<\/p>\n<h2>How to maintain the blade of your Genshin Impact sword?<\/h2>\n<p>Collector's and decorative swords, made and assembled in a simplified manner. As their use is decorative, they lack the safety features required of a Japanese sword intended for training.<\/p>\n<p>However, your <strong>Skyward Blade Genshin Impact<\/strong> to a steel blade that needs to be maintained to prevent damage over time. In fact, when you expose your sword, your friends will be curious to see the blade and touch it. This is where you need to be careful, as the acidity of your fingers is very harmful to steel, whatever its quality.<\/p>\n<p>However, if this does happen, don't panic - all you need is a cloth dampened with a little oil and a wipe of fingerprints. By doing so, you'll keep your sword looking its best for a very long time.<\/p>","protected":false},"excerpt":{"rendered":"<p>Replica sky-blade sword in Genshin Impact<\/p>\n<ul>\n<li>Finely decorated 440 steel blade<\/li>\n<li>Special steel guard<\/li>\n<li>Painted metal handle and knob<\/li>\n<li>Leatherette scabbard with lanyard<\/li>\n<li>Total length: 76 cm<\/li>\n<\/ul>","protected":false},"featured_media":60152,"template":"","meta":[],"product_brand":[896],"product_cat":[119,23],"product_tag":[],"class_list":{"0":"post-60151","1":"product","2":"type-product","3":"status-publish","4":"has-post-thumbnail","6":"product_brand-replique-manga-cine","7":"product_cat-genshin-impact","8":"product_cat-repliques-manga-jeux-video","10":"first","11":"instock","12":"taxable","13":"shipping-taxable","14":"purchasable","15":"product-type-simple"},"yoast_head":"<!-- This site is optimized with the Yoast SEO plugin v27.4 - https:\/\/yoast.com\/product\/yoast-seo-wordpress\/ -->\n<title>Skyward Blade Genshin Impact - Boutique en ligne d&#039;\u00e9p\u00e9es - RMC<\/title>\n<meta name=\"description\" content=\"D\u00e9couvrez votre Skyward Blade Genshin Impact au meilleur prix - Lame en acier 440 d\u00e9cor\u00e9e - Fourreau similicuir - Garde, poign\u00e9e en m\u00e9tal - Longueur : 76 cm\" \/>\n<meta name=\"robots\" content=\"index, follow, max-snippet:-1, max-image-preview:large, max-video-preview:-1\" \/>\n<link rel=\"canonical\" href=\"https:\/\/repliquemangacine.fr\/en\/genshin-impact\/skyward-blade-genshin-impact\/\" \/>\n<meta property=\"og:locale\" content=\"en_US\" \/>\n<meta property=\"og:type\" content=\"article\" \/>\n<meta property=\"og:title\" content=\"Skyward Blade Genshin Impact - Boutique en ligne d&#039;\u00e9p\u00e9es - RMC\" \/>\n<meta property=\"og:description\" content=\"D\u00e9couvrez votre Skyward Blade Genshin Impact au meilleur prix - Lame en acier 440 d\u00e9cor\u00e9e - Fourreau similicuir - Garde, poign\u00e9e en m\u00e9tal - Longueur : 76 cm\" \/>\n<meta property=\"og:url\" content=\"https:\/\/repliquemangacine.fr\/en\/genshin-impact\/skyward-blade-genshin-impact\/\" \/>\n<meta property=\"og:site_name\" content=\"R\u00e9plique Manga Cin\u00e9\" \/>\n<meta property=\"article:publisher\" content=\"https:\/\/www.facebook.com\/RepliqueMangaCine\" \/>\n<meta property=\"article:modified_time\" content=\"2025-11-21T11:38:39+00:00\" \/>\n<meta property=\"og:image\" content=\"https:\/\/repliquemangacine.fr\/wp-content\/uploads\/2023\/10\/zs9330.jpg\" \/>\n\t<meta property=\"og:image:width\" content=\"500\" \/>\n\t<meta property=\"og:image:height\" content=\"500\" \/>\n\t<meta property=\"og:image:type\" content=\"image\/jpeg\" \/>\n<meta name=\"twitter:card\" content=\"summary_large_image\" \/>\n<meta name=\"twitter:label1\" content=\"Est. reading time\" \/>\n\t<meta name=\"twitter:data1\" content=\"3 minutes\" \/>\n<script type=\"application\/ld+json\" class=\"yoast-schema-graph\">{\"@context\":\"https:\\\/\\\/schema.org\",\"@graph\":[{\"@type\":\"WebPage\",\"@id\":\"https:\\\/\\\/repliquemangacine.fr\\\/genshin-impact\\\/skyward-blade-genshin-impact\\\/\",\"url\":\"https:\\\/\\\/repliquemangacine.fr\\\/genshin-impact\\\/skyward-blade-genshin-impact\\\/\",\"name\":\"Skyward Blade Genshin Impact - Boutique en ligne d'\u00e9p\u00e9es - RMC\",\"isPartOf\":{\"@id\":\"https:\\\/\\\/repliquemangacine.fr\\\/#website\"},\"primaryImageOfPage\":{\"@id\":\"https:\\\/\\\/repliquemangacine.fr\\\/genshin-impact\\\/skyward-blade-genshin-impact\\\/#primaryimage\"},\"image\":{\"@id\":\"https:\\\/\\\/repliquemangacine.fr\\\/genshin-impact\\\/skyward-blade-genshin-impact\\\/#primaryimage\"},\"thumbnailUrl\":\"https:\\\/\\\/repliquemangacine.fr\\\/wp-content\\\/uploads\\\/2023\\\/10\\\/zs9330.jpg\",\"datePublished\":\"2023-05-10T16:45:20+00:00\",\"dateModified\":\"2025-11-21T11:38:39+00:00\",\"description\":\"D\u00e9couvrez votre Skyward Blade Genshin Impact au meilleur prix - Lame en acier 440 d\u00e9cor\u00e9e - Fourreau similicuir - Garde, poign\u00e9e en m\u00e9tal - Longueur : 76 cm\",\"breadcrumb\":{\"@id\":\"https:\\\/\\\/repliquemangacine.fr\\\/genshin-impact\\\/skyward-blade-genshin-impact\\\/#breadcrumb\"},\"inLanguage\":\"en-US\",\"potentialAction\":[{\"@type\":\"ReadAction\",\"target\":[\"https:\\\/\\\/repliquemangacine.fr\\\/genshin-impact\\\/skyward-blade-genshin-impact\\\/\"]}]},{\"@type\":\"ImageObject\",\"inLanguage\":\"en-US\",\"@id\":\"https:\\\/\\\/repliquemangacine.fr\\\/genshin-impact\\\/skyward-blade-genshin-impact\\\/#primaryimage\",\"url\":\"https:\\\/\\\/repliquemangacine.fr\\\/wp-content\\\/uploads\\\/2023\\\/10\\\/zs9330.jpg\",\"contentUrl\":\"https:\\\/\\\/repliquemangacine.fr\\\/wp-content\\\/uploads\\\/2023\\\/10\\\/zs9330.jpg\",\"width\":500,\"height\":500,\"caption\":\"Skyward Blade Genshin Impact\"},{\"@type\":\"BreadcrumbList\",\"@id\":\"https:\\\/\\\/repliquemangacine.fr\\\/genshin-impact\\\/skyward-blade-genshin-impact\\\/#breadcrumb\",\"itemListElement\":[{\"@type\":\"ListItem\",\"position\":1,\"name\":\"Accueil\",\"item\":\"https:\\\/\\\/repliquemangacine.fr\\\/\"},{\"@type\":\"ListItem\",\"position\":2,\"name\":\"Produits\",\"item\":\"https:\\\/\\\/repliquemangacine.fr\\\/boutique\\\/\"},{\"@type\":\"ListItem\",\"position\":3,\"name\":\"Skyward Blade Genshin Impact\"}]},{\"@type\":\"WebSite\",\"@id\":\"https:\\\/\\\/repliquemangacine.fr\\\/#website\",\"url\":\"https:\\\/\\\/repliquemangacine.fr\\\/\",\"name\":\"R\u00e9plique Manga Cin\u00e9\",\"description\":\"\",\"publisher\":{\"@id\":\"https:\\\/\\\/repliquemangacine.fr\\\/#organization\"},\"potentialAction\":[{\"@type\":\"SearchAction\",\"target\":{\"@type\":\"EntryPoint\",\"urlTemplate\":\"https:\\\/\\\/repliquemangacine.fr\\\/?s={search_term_string}\"},\"query-input\":{\"@type\":\"PropertyValueSpecification\",\"valueRequired\":true,\"valueName\":\"search_term_string\"}}],\"inLanguage\":\"en-US\"},{\"@type\":\"Organization\",\"@id\":\"https:\\\/\\\/repliquemangacine.fr\\\/#organization\",\"name\":\"R\u00e9plique Manga Cin\u00e9\",\"url\":\"https:\\\/\\\/repliquemangacine.fr\\\/\",\"logo\":{\"@type\":\"ImageObject\",\"inLanguage\":\"en-US\",\"@id\":\"https:\\\/\\\/repliquemangacine.fr\\\/#\\\/schema\\\/logo\\\/image\\\/\",\"url\":\"https:\\\/\\\/repliquemangacine.fr\\\/wp-content\\\/uploads\\\/2023\\\/10\\\/RMC-500250.png\",\"contentUrl\":\"https:\\\/\\\/repliquemangacine.fr\\\/wp-content\\\/uploads\\\/2023\\\/10\\\/RMC-500250.png\",\"width\":500,\"height\":250,\"caption\":\"R\u00e9plique Manga Cin\u00e9\"},\"image\":{\"@id\":\"https:\\\/\\\/repliquemangacine.fr\\\/#\\\/schema\\\/logo\\\/image\\\/\"},\"sameAs\":[\"https:\\\/\\\/www.facebook.com\\\/RepliqueMangaCine\",\"https:\\\/\\\/www.instagram.com\\\/repliquemangacine.fr\\\/\"]}]}<\/script>\n<!-- \/ Yoast SEO plugin. -->","yoast_head_json":{"title":"Skyward Blade Genshin Impact - Swords online store - RMC","description":"Discover your Skyward Blade Genshin Impact at the best price - Decorated 440 steel blade - Leatherette sheath - Metal guard and handle - Length: 76 cm","robots":{"index":"index","follow":"follow","max-snippet":"max-snippet:-1","max-image-preview":"max-image-preview:large","max-video-preview":"max-video-preview:-1"},"canonical":"https:\/\/repliquemangacine.fr\/en\/genshin-impact\/skyward-blade-genshin-impact\/","og_locale":"en_US","og_type":"article","og_title":"Skyward Blade Genshin Impact - Boutique en ligne d'\u00e9p\u00e9es - RMC","og_description":"D\u00e9couvrez votre Skyward Blade Genshin Impact au meilleur prix - Lame en acier 440 d\u00e9cor\u00e9e - Fourreau similicuir - Garde, poign\u00e9e en m\u00e9tal - Longueur : 76 cm","og_url":"https:\/\/repliquemangacine.fr\/en\/genshin-impact\/skyward-blade-genshin-impact\/","og_site_name":"R\u00e9plique Manga Cin\u00e9","article_publisher":"https:\/\/www.facebook.com\/RepliqueMangaCine","article_modified_time":"2025-11-21T11:38:39+00:00","og_image":[{"width":500,"height":500,"url":"https:\/\/repliquemangacine.fr\/wp-content\/uploads\/2023\/10\/zs9330.jpg","type":"image\/jpeg"}],"twitter_card":"summary_large_image","twitter_misc":{"Est. reading time":"3 minutes"},"schema":{"@context":"https:\/\/schema.org","@graph":[{"@type":"WebPage","@id":"https:\/\/repliquemangacine.fr\/genshin-impact\/skyward-blade-genshin-impact\/","url":"https:\/\/repliquemangacine.fr\/genshin-impact\/skyward-blade-genshin-impact\/","name":"Skyward Blade Genshin Impact - Swords online store - RMC","isPartOf":{"@id":"https:\/\/repliquemangacine.fr\/#website"},"primaryImageOfPage":{"@id":"https:\/\/repliquemangacine.fr\/genshin-impact\/skyward-blade-genshin-impact\/#primaryimage"},"image":{"@id":"https:\/\/repliquemangacine.fr\/genshin-impact\/skyward-blade-genshin-impact\/#primaryimage"},"thumbnailUrl":"https:\/\/repliquemangacine.fr\/wp-content\/uploads\/2023\/10\/zs9330.jpg","datePublished":"2023-05-10T16:45:20+00:00","dateModified":"2025-11-21T11:38:39+00:00","description":"Discover your Skyward Blade Genshin Impact at the best price - Decorated 440 steel blade - Leatherette sheath - Metal guard and handle - Length: 76 cm","breadcrumb":{"@id":"https:\/\/repliquemangacine.fr\/genshin-impact\/skyward-blade-genshin-impact\/#breadcrumb"},"inLanguage":"en-US","potentialAction":[{"@type":"ReadAction","target":["https:\/\/repliquemangacine.fr\/genshin-impact\/skyward-blade-genshin-impact\/"]}]},{"@type":"ImageObject","inLanguage":"en-US","@id":"https:\/\/repliquemangacine.fr\/genshin-impact\/skyward-blade-genshin-impact\/#primaryimage","url":"https:\/\/repliquemangacine.fr\/wp-content\/uploads\/2023\/10\/zs9330.jpg","contentUrl":"https:\/\/repliquemangacine.fr\/wp-content\/uploads\/2023\/10\/zs9330.jpg","width":500,"height":500,"caption":"Skyward Blade Genshin Impact"},{"@type":"BreadcrumbList","@id":"https:\/\/repliquemangacine.fr\/genshin-impact\/skyward-blade-genshin-impact\/#breadcrumb","itemListElement":[{"@type":"ListItem","position":1,"name":"Accueil","item":"https:\/\/repliquemangacine.fr\/"},{"@type":"ListItem","position":2,"name":"Produits","item":"https:\/\/repliquemangacine.fr\/boutique\/"},{"@type":"ListItem","position":3,"name":"Skyward Blade Genshin Impact"}]},{"@type":"WebSite","@id":"https:\/\/repliquemangacine.fr\/#website","url":"https:\/\/repliquemangacine.fr\/","name":"R\u00e9plique Manga Cin\u00e9","description":"","publisher":{"@id":"https:\/\/repliquemangacine.fr\/#organization"},"potentialAction":[{"@type":"SearchAction","target":{"@type":"EntryPoint","urlTemplate":"https:\/\/repliquemangacine.fr\/?s={search_term_string}"},"query-input":{"@type":"PropertyValueSpecification","valueRequired":true,"valueName":"search_term_string"}}],"inLanguage":"en-US"},{"@type":"Organization","@id":"https:\/\/repliquemangacine.fr\/#organization","name":"R\u00e9plique Manga Cin\u00e9","url":"https:\/\/repliquemangacine.fr\/","logo":{"@type":"ImageObject","inLanguage":"en-US","@id":"https:\/\/repliquemangacine.fr\/#\/schema\/logo\/image\/","url":"https:\/\/repliquemangacine.fr\/wp-content\/uploads\/2023\/10\/RMC-500250.png","contentUrl":"https:\/\/repliquemangacine.fr\/wp-content\/uploads\/2023\/10\/RMC-500250.png","width":500,"height":250,"caption":"R\u00e9plique Manga Cin\u00e9"},"image":{"@id":"https:\/\/repliquemangacine.fr\/#\/schema\/logo\/image\/"},"sameAs":["https:\/\/www.facebook.com\/RepliqueMangaCine","https:\/\/www.instagram.com\/repliquemangacine.fr\/"]}]}},"_links":{"self":[{"href":"https:\/\/repliquemangacine.fr\/en\/wp-json\/wp\/v2\/product\/60151","targetHints":{"allow":["GET"]}}],"collection":[{"href":"https:\/\/repliquemangacine.fr\/en\/wp-json\/wp\/v2\/product"}],"about":[{"href":"https:\/\/repliquemangacine.fr\/en\/wp-json\/wp\/v2\/types\/product"}],"wp:featuredmedia":[{"embeddable":true,"href":"https:\/\/repliquemangacine.fr\/en\/wp-json\/wp\/v2\/media\/60152"}],"wp:attachment":[{"href":"https:\/\/repliquemangacine.fr\/en\/wp-json\/wp\/v2\/media?parent=60151"}],"wp:term":[{"taxonomy":"product_brand","embeddable":true,"href":"https:\/\/repliquemangacine.fr\/en\/wp-json\/wp\/v2\/product_brand?post=60151"},{"taxonomy":"product_cat","embeddable":true,"href":"https:\/\/repliquemangacine.fr\/en\/wp-json\/wp\/v2\/product_cat?post=60151"},{"taxonomy":"product_tag","embeddable":true,"href":"https:\/\/repliquemangacine.fr\/en\/wp-json\/wp\/v2\/product_tag?post=60151"}],"curies":[{"name":"wp","href":"https:\/\/api.w.org\/{rel}","templated":true}]}}