





{"id":60114,"date":"2023-05-09T14:21:14","date_gmt":"2023-05-09T12:21:14","guid":{"rendered":"https:\/\/repliquemangacine.fr\/?post_type=product&#038;p=60114"},"modified":"2025-11-21T12:40:57","modified_gmt":"2025-11-21T11:40:57","slug":"katana-kageuchi-damenoma","status":"publish","type":"product","link":"https:\/\/repliquemangacine.fr\/en\/genshin-impact\/katana-kageuchi-damenoma\/","title":{"rendered":"Amenoma's Katana Kageuchi"},"content":{"rendered":"<h2>Katana Kageuchi by Amenoma Genshin Impact<\/h2>\n<p>To begin with, the <strong>Amenoma's Katana Kageuchi<\/strong> in <a href=\"https:\/\/genshin-impact.fandom.com\/fr\/wiki\/Lame_Kageuchi_d'Amenoma\" target=\"_blank\" rel=\"noopener noreferrer\">Genshin Impact<\/a>This one-handed sword has a decorated steel blade. Specially shaped gold guard.<\/p>\n<p>This blade is one of the kageuchi versions of the famous \"Hakuen Michimitsu d'Amenoma\" sword. Given to the Saimon clan by Douin, the founding patriarch of the Iwakura clan.<\/p>\n<p>Legends and rumors abound concerning the deeds performed with this blade. It is said that its sharpness was such that it could even cut the threads of fate.<br \/>\nAs for the particular name of the blade, it seems that Iwakura Douin himself specified to Amenoma that it should be called such.<\/p>\n<h2>Your Katana Kageuchi from Amenoma at the best price.<\/h2>\n<p>We offer a wide selection of replica swords from your favorite video games.<\/p>\n<p>First and foremost,<\/p>\n<ul>\n<li>L'<a href=\"https:\/\/repliquemangacine.fr\/en\/katana-and-video-game-sword-other-video-games\/epee-de-diluc-genshin-impact-wolfs-graveston\/\">Diluc sword<\/a> in Genshin Impact all in resin and fiberglass.<\/li>\n<li>There is also the<a href=\"https:\/\/repliquemangacine.fr\/en\/katana-and-video-game-sword-other-video-games\/epee-rebellion-epee-de-dante-devil-may-cry\/\">rebellion sword<\/a> in Devil My Cry with its skull guard<\/li>\n<li>As well as the<a href=\"https:\/\/repliquemangacine.fr\/en\/katana-and-video-game-sword-other-video-games\/epee-broye-cloud-ff7\/\">crushing sword<\/a> in Final Fantasy 7 Remake<\/li>\n<li>And much more to discover in our online store!<\/li>\n<\/ul>\n<p>That's why here are some great gift ideas for all video game fans.<\/p>\n<p>In conclusion, you can use the <strong>Amenoma's Katana Kageuchi<\/strong> for your cosplay parades or theme parties. But above all, it's a collector's item and a decoration.<\/p>\n<h2>How to maintain the blade of your Genshin Impact sword?<\/h2>\n<p>Collector's and decorative swords are made and assembled in a simplified way. As their use is decorative, they lack the safety features required of a Japanese sword intended for training.<\/p>\n<p>However, your <strong>Amenoma's Katana Kageuchi<\/strong> to a steel blade that needs to be maintained to prevent damage over time. In fact, when you expose your sword, your friends will be curious to see the blade and touch it. This is where you need to be careful, as the acidity of your fingers is very harmful to steel, whatever its quality.<\/p>\n<p>However, if this does happen, don't panic - all you need is a cloth dampened with a little oil and a wipe of fingerprints. By doing so, you'll keep your sword looking its best for a very long time.<\/p>","protected":false},"excerpt":{"rendered":"<p>Amenoma's Kageuchi blade replica in Genshin Impact<\/p>\n<ul>\n<li>Decorated 440 steel blade<\/li>\n<li>Gold-plated steel guard<\/li>\n<li>Handle covered with cotton braid<\/li>\n<li>Soft leatherette sheath and strap<\/li>\n<li>Total length: 92 cm<\/li>\n<\/ul>","protected":false},"featured_media":60115,"template":"","meta":[],"product_brand":[896],"product_cat":[119,23],"product_tag":[],"class_list":{"0":"post-60114","1":"product","2":"type-product","3":"status-publish","4":"has-post-thumbnail","6":"product_brand-replique-manga-cine","7":"product_cat-genshin-impact","8":"product_cat-repliques-manga-jeux-video","10":"first","11":"instock","12":"taxable","13":"shipping-taxable","14":"purchasable","15":"product-type-simple"},"yoast_head":"<!-- This site is optimized with the Yoast SEO plugin v27.5 - https:\/\/yoast.com\/product\/yoast-seo-wordpress\/ -->\n<title>Katana Kageuchi d&#039;Amenoma - Vente \u00e9p\u00e9es Genshin Impact - RMC<\/title>\n<meta name=\"description\" content=\"D\u00e9couvrez ce sublime Katana Kageuchi d&#039;Amenoma au meilleur prix - Lame en acier d\u00e9cor\u00e9 - Fourreau similicuir - Garde acier dor\u00e9 d\u00e9cor\u00e9e - Longueur : 92 cm\" \/>\n<meta name=\"robots\" content=\"index, follow, max-snippet:-1, max-image-preview:large, max-video-preview:-1\" \/>\n<link rel=\"canonical\" href=\"https:\/\/repliquemangacine.fr\/en\/genshin-impact\/katana-kageuchi-damenoma\/\" \/>\n<meta property=\"og:locale\" content=\"en_US\" \/>\n<meta property=\"og:type\" content=\"article\" \/>\n<meta property=\"og:title\" content=\"Katana Kageuchi d&#039;Amenoma - Vente \u00e9p\u00e9es Genshin Impact - RMC\" \/>\n<meta property=\"og:description\" content=\"D\u00e9couvrez ce sublime Katana Kageuchi d&#039;Amenoma au meilleur prix - Lame en acier d\u00e9cor\u00e9 - Fourreau similicuir - Garde acier dor\u00e9 d\u00e9cor\u00e9e - Longueur : 92 cm\" \/>\n<meta property=\"og:url\" content=\"https:\/\/repliquemangacine.fr\/en\/genshin-impact\/katana-kageuchi-damenoma\/\" \/>\n<meta property=\"og:site_name\" content=\"R\u00e9plique Manga Cin\u00e9\" \/>\n<meta property=\"article:publisher\" content=\"https:\/\/www.facebook.com\/RepliqueMangaCine\" \/>\n<meta property=\"article:modified_time\" content=\"2025-11-21T11:40:57+00:00\" \/>\n<meta property=\"og:image\" content=\"https:\/\/repliquemangacine.fr\/wp-content\/uploads\/2023\/10\/Katana-Kageuchi-dAmenoma.jpg\" \/>\n\t<meta property=\"og:image:width\" content=\"500\" \/>\n\t<meta property=\"og:image:height\" content=\"500\" \/>\n\t<meta property=\"og:image:type\" content=\"image\/jpeg\" \/>\n<meta name=\"twitter:card\" content=\"summary_large_image\" \/>\n<meta name=\"twitter:label1\" content=\"Est. reading time\" \/>\n\t<meta name=\"twitter:data1\" content=\"3 minutes\" \/>\n<script type=\"application\/ld+json\" class=\"yoast-schema-graph\">{\"@context\":\"https:\\\/\\\/schema.org\",\"@graph\":[{\"@type\":\"WebPage\",\"@id\":\"https:\\\/\\\/repliquemangacine.fr\\\/genshin-impact\\\/katana-kageuchi-damenoma\\\/\",\"url\":\"https:\\\/\\\/repliquemangacine.fr\\\/genshin-impact\\\/katana-kageuchi-damenoma\\\/\",\"name\":\"Katana Kageuchi d'Amenoma - Vente \u00e9p\u00e9es Genshin Impact - RMC\",\"isPartOf\":{\"@id\":\"https:\\\/\\\/repliquemangacine.fr\\\/#website\"},\"primaryImageOfPage\":{\"@id\":\"https:\\\/\\\/repliquemangacine.fr\\\/genshin-impact\\\/katana-kageuchi-damenoma\\\/#primaryimage\"},\"image\":{\"@id\":\"https:\\\/\\\/repliquemangacine.fr\\\/genshin-impact\\\/katana-kageuchi-damenoma\\\/#primaryimage\"},\"thumbnailUrl\":\"https:\\\/\\\/repliquemangacine.fr\\\/wp-content\\\/uploads\\\/2023\\\/10\\\/Katana-Kageuchi-dAmenoma.jpg\",\"datePublished\":\"2023-05-09T12:21:14+00:00\",\"dateModified\":\"2025-11-21T11:40:57+00:00\",\"description\":\"D\u00e9couvrez ce sublime Katana Kageuchi d'Amenoma au meilleur prix - Lame en acier d\u00e9cor\u00e9 - Fourreau similicuir - Garde acier dor\u00e9 d\u00e9cor\u00e9e - Longueur : 92 cm\",\"breadcrumb\":{\"@id\":\"https:\\\/\\\/repliquemangacine.fr\\\/genshin-impact\\\/katana-kageuchi-damenoma\\\/#breadcrumb\"},\"inLanguage\":\"en-US\",\"potentialAction\":[{\"@type\":\"ReadAction\",\"target\":[\"https:\\\/\\\/repliquemangacine.fr\\\/genshin-impact\\\/katana-kageuchi-damenoma\\\/\"]}]},{\"@type\":\"ImageObject\",\"inLanguage\":\"en-US\",\"@id\":\"https:\\\/\\\/repliquemangacine.fr\\\/genshin-impact\\\/katana-kageuchi-damenoma\\\/#primaryimage\",\"url\":\"https:\\\/\\\/repliquemangacine.fr\\\/wp-content\\\/uploads\\\/2023\\\/10\\\/Katana-Kageuchi-dAmenoma.jpg\",\"contentUrl\":\"https:\\\/\\\/repliquemangacine.fr\\\/wp-content\\\/uploads\\\/2023\\\/10\\\/Katana-Kageuchi-dAmenoma.jpg\",\"width\":500,\"height\":500,\"caption\":\"Katana-Kageuchi-d'Amenoma\"},{\"@type\":\"BreadcrumbList\",\"@id\":\"https:\\\/\\\/repliquemangacine.fr\\\/genshin-impact\\\/katana-kageuchi-damenoma\\\/#breadcrumb\",\"itemListElement\":[{\"@type\":\"ListItem\",\"position\":1,\"name\":\"Accueil\",\"item\":\"https:\\\/\\\/repliquemangacine.fr\\\/\"},{\"@type\":\"ListItem\",\"position\":2,\"name\":\"Produits\",\"item\":\"https:\\\/\\\/repliquemangacine.fr\\\/boutique\\\/\"},{\"@type\":\"ListItem\",\"position\":3,\"name\":\"Katana Kageuchi d&#8217;Amenoma\"}]},{\"@type\":\"WebSite\",\"@id\":\"https:\\\/\\\/repliquemangacine.fr\\\/#website\",\"url\":\"https:\\\/\\\/repliquemangacine.fr\\\/\",\"name\":\"R\u00e9plique Manga Cin\u00e9\",\"description\":\"\",\"publisher\":{\"@id\":\"https:\\\/\\\/repliquemangacine.fr\\\/#organization\"},\"potentialAction\":[{\"@type\":\"SearchAction\",\"target\":{\"@type\":\"EntryPoint\",\"urlTemplate\":\"https:\\\/\\\/repliquemangacine.fr\\\/?s={search_term_string}\"},\"query-input\":{\"@type\":\"PropertyValueSpecification\",\"valueRequired\":true,\"valueName\":\"search_term_string\"}}],\"inLanguage\":\"en-US\"},{\"@type\":\"Organization\",\"@id\":\"https:\\\/\\\/repliquemangacine.fr\\\/#organization\",\"name\":\"R\u00e9plique Manga Cin\u00e9\",\"url\":\"https:\\\/\\\/repliquemangacine.fr\\\/\",\"logo\":{\"@type\":\"ImageObject\",\"inLanguage\":\"en-US\",\"@id\":\"https:\\\/\\\/repliquemangacine.fr\\\/#\\\/schema\\\/logo\\\/image\\\/\",\"url\":\"https:\\\/\\\/repliquemangacine.fr\\\/wp-content\\\/uploads\\\/2023\\\/10\\\/RMC-500250.png\",\"contentUrl\":\"https:\\\/\\\/repliquemangacine.fr\\\/wp-content\\\/uploads\\\/2023\\\/10\\\/RMC-500250.png\",\"width\":500,\"height\":250,\"caption\":\"R\u00e9plique Manga Cin\u00e9\"},\"image\":{\"@id\":\"https:\\\/\\\/repliquemangacine.fr\\\/#\\\/schema\\\/logo\\\/image\\\/\"},\"sameAs\":[\"https:\\\/\\\/www.facebook.com\\\/RepliqueMangaCine\",\"https:\\\/\\\/www.instagram.com\\\/repliquemangacine.fr\\\/\"]}]}<\/script>\n<!-- \/ Yoast SEO plugin. -->","yoast_head_json":{"title":"Amenoma's Katana Kageuchi - Genshin Impact swords for sale - RMC","description":"Discover this sublime Katana Kageuchi from Amenoma at the best price - Decorated steel blade - Imitation leather sheath - Decorated gilded steel guard - Length: 92 cm","robots":{"index":"index","follow":"follow","max-snippet":"max-snippet:-1","max-image-preview":"max-image-preview:large","max-video-preview":"max-video-preview:-1"},"canonical":"https:\/\/repliquemangacine.fr\/en\/genshin-impact\/katana-kageuchi-damenoma\/","og_locale":"en_US","og_type":"article","og_title":"Katana Kageuchi d'Amenoma - Vente \u00e9p\u00e9es Genshin Impact - RMC","og_description":"D\u00e9couvrez ce sublime Katana Kageuchi d'Amenoma au meilleur prix - Lame en acier d\u00e9cor\u00e9 - Fourreau similicuir - Garde acier dor\u00e9 d\u00e9cor\u00e9e - Longueur : 92 cm","og_url":"https:\/\/repliquemangacine.fr\/en\/genshin-impact\/katana-kageuchi-damenoma\/","og_site_name":"R\u00e9plique Manga Cin\u00e9","article_publisher":"https:\/\/www.facebook.com\/RepliqueMangaCine","article_modified_time":"2025-11-21T11:40:57+00:00","og_image":[{"width":500,"height":500,"url":"https:\/\/repliquemangacine.fr\/wp-content\/uploads\/2023\/10\/Katana-Kageuchi-dAmenoma.jpg","type":"image\/jpeg"}],"twitter_card":"summary_large_image","twitter_misc":{"Est. reading time":"3 minutes"},"schema":{"@context":"https:\/\/schema.org","@graph":[{"@type":"WebPage","@id":"https:\/\/repliquemangacine.fr\/genshin-impact\/katana-kageuchi-damenoma\/","url":"https:\/\/repliquemangacine.fr\/genshin-impact\/katana-kageuchi-damenoma\/","name":"Amenoma's Katana Kageuchi - Genshin Impact swords for sale - RMC","isPartOf":{"@id":"https:\/\/repliquemangacine.fr\/#website"},"primaryImageOfPage":{"@id":"https:\/\/repliquemangacine.fr\/genshin-impact\/katana-kageuchi-damenoma\/#primaryimage"},"image":{"@id":"https:\/\/repliquemangacine.fr\/genshin-impact\/katana-kageuchi-damenoma\/#primaryimage"},"thumbnailUrl":"https:\/\/repliquemangacine.fr\/wp-content\/uploads\/2023\/10\/Katana-Kageuchi-dAmenoma.jpg","datePublished":"2023-05-09T12:21:14+00:00","dateModified":"2025-11-21T11:40:57+00:00","description":"Discover this sublime Katana Kageuchi from Amenoma at the best price - Decorated steel blade - Imitation leather sheath - Decorated gilded steel guard - Length: 92 cm","breadcrumb":{"@id":"https:\/\/repliquemangacine.fr\/genshin-impact\/katana-kageuchi-damenoma\/#breadcrumb"},"inLanguage":"en-US","potentialAction":[{"@type":"ReadAction","target":["https:\/\/repliquemangacine.fr\/genshin-impact\/katana-kageuchi-damenoma\/"]}]},{"@type":"ImageObject","inLanguage":"en-US","@id":"https:\/\/repliquemangacine.fr\/genshin-impact\/katana-kageuchi-damenoma\/#primaryimage","url":"https:\/\/repliquemangacine.fr\/wp-content\/uploads\/2023\/10\/Katana-Kageuchi-dAmenoma.jpg","contentUrl":"https:\/\/repliquemangacine.fr\/wp-content\/uploads\/2023\/10\/Katana-Kageuchi-dAmenoma.jpg","width":500,"height":500,"caption":"Katana-Kageuchi-d'Amenoma"},{"@type":"BreadcrumbList","@id":"https:\/\/repliquemangacine.fr\/genshin-impact\/katana-kageuchi-damenoma\/#breadcrumb","itemListElement":[{"@type":"ListItem","position":1,"name":"Accueil","item":"https:\/\/repliquemangacine.fr\/"},{"@type":"ListItem","position":2,"name":"Produits","item":"https:\/\/repliquemangacine.fr\/boutique\/"},{"@type":"ListItem","position":3,"name":"Katana Kageuchi d&#8217;Amenoma"}]},{"@type":"WebSite","@id":"https:\/\/repliquemangacine.fr\/#website","url":"https:\/\/repliquemangacine.fr\/","name":"R\u00e9plique Manga Cin\u00e9","description":"","publisher":{"@id":"https:\/\/repliquemangacine.fr\/#organization"},"potentialAction":[{"@type":"SearchAction","target":{"@type":"EntryPoint","urlTemplate":"https:\/\/repliquemangacine.fr\/?s={search_term_string}"},"query-input":{"@type":"PropertyValueSpecification","valueRequired":true,"valueName":"search_term_string"}}],"inLanguage":"en-US"},{"@type":"Organization","@id":"https:\/\/repliquemangacine.fr\/#organization","name":"R\u00e9plique Manga Cin\u00e9","url":"https:\/\/repliquemangacine.fr\/","logo":{"@type":"ImageObject","inLanguage":"en-US","@id":"https:\/\/repliquemangacine.fr\/#\/schema\/logo\/image\/","url":"https:\/\/repliquemangacine.fr\/wp-content\/uploads\/2023\/10\/RMC-500250.png","contentUrl":"https:\/\/repliquemangacine.fr\/wp-content\/uploads\/2023\/10\/RMC-500250.png","width":500,"height":250,"caption":"R\u00e9plique Manga Cin\u00e9"},"image":{"@id":"https:\/\/repliquemangacine.fr\/#\/schema\/logo\/image\/"},"sameAs":["https:\/\/www.facebook.com\/RepliqueMangaCine","https:\/\/www.instagram.com\/repliquemangacine.fr\/"]}]}},"_links":{"self":[{"href":"https:\/\/repliquemangacine.fr\/en\/wp-json\/wp\/v2\/product\/60114","targetHints":{"allow":["GET"]}}],"collection":[{"href":"https:\/\/repliquemangacine.fr\/en\/wp-json\/wp\/v2\/product"}],"about":[{"href":"https:\/\/repliquemangacine.fr\/en\/wp-json\/wp\/v2\/types\/product"}],"wp:featuredmedia":[{"embeddable":true,"href":"https:\/\/repliquemangacine.fr\/en\/wp-json\/wp\/v2\/media\/60115"}],"wp:attachment":[{"href":"https:\/\/repliquemangacine.fr\/en\/wp-json\/wp\/v2\/media?parent=60114"}],"wp:term":[{"taxonomy":"product_brand","embeddable":true,"href":"https:\/\/repliquemangacine.fr\/en\/wp-json\/wp\/v2\/product_brand?post=60114"},{"taxonomy":"product_cat","embeddable":true,"href":"https:\/\/repliquemangacine.fr\/en\/wp-json\/wp\/v2\/product_cat?post=60114"},{"taxonomy":"product_tag","embeddable":true,"href":"https:\/\/repliquemangacine.fr\/en\/wp-json\/wp\/v2\/product_tag?post=60114"}],"curies":[{"name":"wp","href":"https:\/\/api.w.org\/{rel}","templated":true}]}}