





{"id":60106,"date":"2023-05-09T13:25:03","date_gmt":"2023-05-09T11:25:03","guid":{"rendered":"https:\/\/repliquemangacine.fr\/?post_type=product&#038;p=60106"},"modified":"2025-11-21T12:46:03","modified_gmt":"2025-11-21T11:46:03","slug":"robert-bruce-helmet","status":"publish","type":"product","link":"https:\/\/repliquemangacine.fr\/en\/heaume-casque-chevalier-templier\/casque-de-robert-bruce\/","title":{"rendered":"Robert Bruce helmet"},"content":{"rendered":"<h2>Robert Bruce helmet<\/h2>\n<p>For starters, the Robert Bruce Helmet, made from 1.6 mm (16 gauge) steel and adorned with a richly detailed riveted brass crown. To protect the nape and neck, this basin cap features a chain brunette that extends to the shoulders.<\/p>\n<p>Based on the helmet seen at Bannockburn on the famous bronze statue of Robert I of Scotland (1274-1329). After years of struggle against the English crown, King Robert (commonly known as Robert Bruce) defeated the army of Edward II of England in 1314 at the Battle of Bannockburn.<\/p>\n<p>A decisive battle that ultimately led to the re-establishment of Scottish independence. With the legendary William Wallace, <a href=\"https:\/\/www.highlandtitles.fr\/2018\/02\/robert-ier-decosse-pere-de-lindependance-ecossaise\/\" target=\"_blank\" rel=\"noopener noreferrer\">Robert Bruce<\/a> remains one of Scotland's most celebrated historical figures.<\/p>\n<h2>Your Robert Bruce Helmet at the best price.<\/h2>\n<p>We offer a wide selection of historical weapons and accessories.<\/p>\n<p>First and foremost,<\/p>\n<ul>\n<li>L'<a href=\"https:\/\/repliquemangacine.fr\/en\/medieval-templar-sword\/templar-ceremony-sword\/\">Templar ceremonial sword<\/a> finely decorated.<\/li>\n<li>There is also the<a href=\"https:\/\/repliquemangacine.fr\/en\/medieval-templar-sword\/excalibur-sword-king-arthur\/\">Excalibur sword<\/a> of King Arthur<\/li>\n<li>As well as the<a href=\"https:\/\/repliquemangacine.fr\/en\/reproductions-of-medieval-weapons-and-accessories\/epee-richard-coeur-de-lion-coeur\/\">sword of Richard Lionheart<\/a> by Denix.<\/li>\n<li>And many more to discover in our online store!<\/li>\n<\/ul>\n<p>That's why here are some great gift ideas for all history lovers.<\/p>\n<p>In conclusion, this beautiful <strong>Robert Bruce helmet<\/strong> portable, suitable for light exhibition combat, historical re-enactment, LARP, stage or TV\/film. Of course, it's also an excellent addition to any helmet collector's treasure trove, and makes a fine display or decorative object for any enthusiast.<\/p>\n<h2>How are your collectors' items made?<\/h2>\n<p>To begin with, all our derived products are of the highest quality, manufactured with meticulous attention to detail. In fact, some of the manufacturing is done by hand, to reproduce even the smallest detail. More important parts are machined by precise machines. Engravings are generally made with a diamond tip or laser.<\/p>\n<p>Your <strong>Robert Bruce helmet<\/strong> manufactured to reproduce every detail exactly. To match the heritage of the original masterpieces. The emphasis is on creating high-quality replicas that are as historically accurate as possible.<\/p>\n<p>In conclusion, imported from China, Spain or India, our replicas will amaze you!<\/p>\n<p>R\u00e9plique Manga Cin\u00e9 is a French family business.<\/p>","protected":false},"excerpt":{"rendered":"<p>Basin headdress from the early 14th century<\/p>\n<ul>\n<li>1.6 mm steel<\/li>\n<li>Brass crown<\/li>\n<li>Adjustable leather chinstrap<\/li>\n<li>Leather interior<\/li>\n<li>Steel neck and neck protector<\/li>\n<li>Head circumference up to 69 cm<\/li>\n<li>Height: 25 cm - Weight: 4.35 kg complete.<\/li>\n<\/ul>","protected":false},"featured_media":60107,"template":"","meta":[],"product_brand":[896],"product_cat":[25,89,43],"product_tag":[],"class_list":{"0":"post-60106","1":"product","2":"type-product","3":"status-publish","4":"has-post-thumbnail","6":"product_brand-replique-manga-cine","7":"product_cat-armes-historiques","8":"product_cat-heaume-casque-chevalier-templier","9":"product_cat-reproductions-d-armes-et-accessoires-medievales","11":"first","12":"instock","13":"taxable","14":"shipping-taxable","15":"purchasable","16":"product-type-simple"},"yoast_head":"<!-- This site is optimized with the Yoast SEO plugin v27.5 - https:\/\/yoast.com\/product\/yoast-seo-wordpress\/ -->\n<title>Casque de Robert Bruce - Vente en ligne - R\u00e9plique Manga Cin\u00e9<\/title>\n<meta name=\"description\" content=\"D\u00e9couvrez le sublime Casque de Robert Bruce au meilleur prix - En acier de 1.6mm - Couronne en laiton - Int\u00e9rieur cuir - Jugulaire r\u00e9glable en cuir. H 25cm\" \/>\n<meta name=\"robots\" content=\"index, follow, max-snippet:-1, max-image-preview:large, max-video-preview:-1\" \/>\n<link rel=\"canonical\" href=\"https:\/\/repliquemangacine.fr\/en\/helmet-helmet-knight-templar\/robert-bruce-helmet\/\" \/>\n<meta property=\"og:locale\" content=\"en_US\" \/>\n<meta property=\"og:type\" content=\"article\" \/>\n<meta property=\"og:title\" content=\"Casque de Robert Bruce - Vente en ligne - R\u00e9plique Manga Cin\u00e9\" \/>\n<meta property=\"og:description\" content=\"D\u00e9couvrez le sublime Casque de Robert Bruce au meilleur prix - En acier de 1.6mm - Couronne en laiton - Int\u00e9rieur cuir - Jugulaire r\u00e9glable en cuir. H 25cm\" \/>\n<meta property=\"og:url\" content=\"https:\/\/repliquemangacine.fr\/en\/helmet-helmet-knight-templar\/robert-bruce-helmet\/\" \/>\n<meta property=\"og:site_name\" content=\"R\u00e9plique Manga Cin\u00e9\" \/>\n<meta property=\"article:publisher\" content=\"https:\/\/www.facebook.com\/RepliqueMangaCine\" \/>\n<meta property=\"article:modified_time\" content=\"2025-11-21T11:46:03+00:00\" \/>\n<meta property=\"og:image\" content=\"https:\/\/repliquemangacine.fr\/wp-content\/uploads\/2023\/10\/Casque-de-Robert-Bruce.jpg\" \/>\n\t<meta property=\"og:image:width\" content=\"500\" \/>\n\t<meta property=\"og:image:height\" content=\"500\" \/>\n\t<meta property=\"og:image:type\" content=\"image\/jpeg\" \/>\n<meta name=\"twitter:card\" content=\"summary_large_image\" \/>\n<meta name=\"twitter:label1\" content=\"Est. reading time\" \/>\n\t<meta name=\"twitter:data1\" content=\"3 minutes\" \/>\n<script type=\"application\/ld+json\" class=\"yoast-schema-graph\">{\"@context\":\"https:\\\/\\\/schema.org\",\"@graph\":[{\"@type\":\"WebPage\",\"@id\":\"https:\\\/\\\/repliquemangacine.fr\\\/heaume-casque-chevalier-templier\\\/casque-de-robert-bruce\\\/\",\"url\":\"https:\\\/\\\/repliquemangacine.fr\\\/heaume-casque-chevalier-templier\\\/casque-de-robert-bruce\\\/\",\"name\":\"Casque de Robert Bruce - Vente en ligne - R\u00e9plique Manga Cin\u00e9\",\"isPartOf\":{\"@id\":\"https:\\\/\\\/repliquemangacine.fr\\\/#website\"},\"primaryImageOfPage\":{\"@id\":\"https:\\\/\\\/repliquemangacine.fr\\\/heaume-casque-chevalier-templier\\\/casque-de-robert-bruce\\\/#primaryimage\"},\"image\":{\"@id\":\"https:\\\/\\\/repliquemangacine.fr\\\/heaume-casque-chevalier-templier\\\/casque-de-robert-bruce\\\/#primaryimage\"},\"thumbnailUrl\":\"https:\\\/\\\/repliquemangacine.fr\\\/wp-content\\\/uploads\\\/2023\\\/10\\\/Casque-de-Robert-Bruce.jpg\",\"datePublished\":\"2023-05-09T11:25:03+00:00\",\"dateModified\":\"2025-11-21T11:46:03+00:00\",\"description\":\"D\u00e9couvrez le sublime Casque de Robert Bruce au meilleur prix - En acier de 1.6mm - Couronne en laiton - Int\u00e9rieur cuir - Jugulaire r\u00e9glable en cuir. H 25cm\",\"breadcrumb\":{\"@id\":\"https:\\\/\\\/repliquemangacine.fr\\\/heaume-casque-chevalier-templier\\\/casque-de-robert-bruce\\\/#breadcrumb\"},\"inLanguage\":\"en-US\",\"potentialAction\":[{\"@type\":\"ReadAction\",\"target\":[\"https:\\\/\\\/repliquemangacine.fr\\\/heaume-casque-chevalier-templier\\\/casque-de-robert-bruce\\\/\"]}]},{\"@type\":\"ImageObject\",\"inLanguage\":\"en-US\",\"@id\":\"https:\\\/\\\/repliquemangacine.fr\\\/heaume-casque-chevalier-templier\\\/casque-de-robert-bruce\\\/#primaryimage\",\"url\":\"https:\\\/\\\/repliquemangacine.fr\\\/wp-content\\\/uploads\\\/2023\\\/10\\\/Casque-de-Robert-Bruce.jpg\",\"contentUrl\":\"https:\\\/\\\/repliquemangacine.fr\\\/wp-content\\\/uploads\\\/2023\\\/10\\\/Casque-de-Robert-Bruce.jpg\",\"width\":500,\"height\":500,\"caption\":\"Casque-de-Robert-Bruce\"},{\"@type\":\"BreadcrumbList\",\"@id\":\"https:\\\/\\\/repliquemangacine.fr\\\/heaume-casque-chevalier-templier\\\/casque-de-robert-bruce\\\/#breadcrumb\",\"itemListElement\":[{\"@type\":\"ListItem\",\"position\":1,\"name\":\"Accueil\",\"item\":\"https:\\\/\\\/repliquemangacine.fr\\\/\"},{\"@type\":\"ListItem\",\"position\":2,\"name\":\"Produits\",\"item\":\"https:\\\/\\\/repliquemangacine.fr\\\/boutique\\\/\"},{\"@type\":\"ListItem\",\"position\":3,\"name\":\"Casque de Robert Bruce\"}]},{\"@type\":\"WebSite\",\"@id\":\"https:\\\/\\\/repliquemangacine.fr\\\/#website\",\"url\":\"https:\\\/\\\/repliquemangacine.fr\\\/\",\"name\":\"R\u00e9plique Manga Cin\u00e9\",\"description\":\"\",\"publisher\":{\"@id\":\"https:\\\/\\\/repliquemangacine.fr\\\/#organization\"},\"potentialAction\":[{\"@type\":\"SearchAction\",\"target\":{\"@type\":\"EntryPoint\",\"urlTemplate\":\"https:\\\/\\\/repliquemangacine.fr\\\/?s={search_term_string}\"},\"query-input\":{\"@type\":\"PropertyValueSpecification\",\"valueRequired\":true,\"valueName\":\"search_term_string\"}}],\"inLanguage\":\"en-US\"},{\"@type\":\"Organization\",\"@id\":\"https:\\\/\\\/repliquemangacine.fr\\\/#organization\",\"name\":\"R\u00e9plique Manga Cin\u00e9\",\"url\":\"https:\\\/\\\/repliquemangacine.fr\\\/\",\"logo\":{\"@type\":\"ImageObject\",\"inLanguage\":\"en-US\",\"@id\":\"https:\\\/\\\/repliquemangacine.fr\\\/#\\\/schema\\\/logo\\\/image\\\/\",\"url\":\"https:\\\/\\\/repliquemangacine.fr\\\/wp-content\\\/uploads\\\/2023\\\/10\\\/RMC-500250.png\",\"contentUrl\":\"https:\\\/\\\/repliquemangacine.fr\\\/wp-content\\\/uploads\\\/2023\\\/10\\\/RMC-500250.png\",\"width\":500,\"height\":250,\"caption\":\"R\u00e9plique Manga Cin\u00e9\"},\"image\":{\"@id\":\"https:\\\/\\\/repliquemangacine.fr\\\/#\\\/schema\\\/logo\\\/image\\\/\"},\"sameAs\":[\"https:\\\/\\\/www.facebook.com\\\/RepliqueMangaCine\",\"https:\\\/\\\/www.instagram.com\\\/repliquemangacine.fr\\\/\"]}]}<\/script>\n<!-- \/ Yoast SEO plugin. -->","yoast_head_json":{"title":"Robert Bruce helmet - Online sale - R\u00e9plique Manga Cin\u00e9","description":"Discover Robert Bruce's sublime helmet at the best price - Made of 1.6mm steel - Brass crown - Leather interior - Adjustable leather chinstrap. H 25cm","robots":{"index":"index","follow":"follow","max-snippet":"max-snippet:-1","max-image-preview":"max-image-preview:large","max-video-preview":"max-video-preview:-1"},"canonical":"https:\/\/repliquemangacine.fr\/en\/helmet-helmet-knight-templar\/robert-bruce-helmet\/","og_locale":"en_US","og_type":"article","og_title":"Casque de Robert Bruce - Vente en ligne - R\u00e9plique Manga Cin\u00e9","og_description":"D\u00e9couvrez le sublime Casque de Robert Bruce au meilleur prix - En acier de 1.6mm - Couronne en laiton - Int\u00e9rieur cuir - Jugulaire r\u00e9glable en cuir. H 25cm","og_url":"https:\/\/repliquemangacine.fr\/en\/helmet-helmet-knight-templar\/robert-bruce-helmet\/","og_site_name":"R\u00e9plique Manga Cin\u00e9","article_publisher":"https:\/\/www.facebook.com\/RepliqueMangaCine","article_modified_time":"2025-11-21T11:46:03+00:00","og_image":[{"width":500,"height":500,"url":"https:\/\/repliquemangacine.fr\/wp-content\/uploads\/2023\/10\/Casque-de-Robert-Bruce.jpg","type":"image\/jpeg"}],"twitter_card":"summary_large_image","twitter_misc":{"Est. reading time":"3 minutes"},"schema":{"@context":"https:\/\/schema.org","@graph":[{"@type":"WebPage","@id":"https:\/\/repliquemangacine.fr\/heaume-casque-chevalier-templier\/casque-de-robert-bruce\/","url":"https:\/\/repliquemangacine.fr\/heaume-casque-chevalier-templier\/casque-de-robert-bruce\/","name":"Robert Bruce helmet - Online sale - R\u00e9plique Manga Cin\u00e9","isPartOf":{"@id":"https:\/\/repliquemangacine.fr\/#website"},"primaryImageOfPage":{"@id":"https:\/\/repliquemangacine.fr\/heaume-casque-chevalier-templier\/casque-de-robert-bruce\/#primaryimage"},"image":{"@id":"https:\/\/repliquemangacine.fr\/heaume-casque-chevalier-templier\/casque-de-robert-bruce\/#primaryimage"},"thumbnailUrl":"https:\/\/repliquemangacine.fr\/wp-content\/uploads\/2023\/10\/Casque-de-Robert-Bruce.jpg","datePublished":"2023-05-09T11:25:03+00:00","dateModified":"2025-11-21T11:46:03+00:00","description":"Discover Robert Bruce's sublime helmet at the best price - Made of 1.6mm steel - Brass crown - Leather interior - Adjustable leather chinstrap. H 25cm","breadcrumb":{"@id":"https:\/\/repliquemangacine.fr\/heaume-casque-chevalier-templier\/casque-de-robert-bruce\/#breadcrumb"},"inLanguage":"en-US","potentialAction":[{"@type":"ReadAction","target":["https:\/\/repliquemangacine.fr\/heaume-casque-chevalier-templier\/casque-de-robert-bruce\/"]}]},{"@type":"ImageObject","inLanguage":"en-US","@id":"https:\/\/repliquemangacine.fr\/heaume-casque-chevalier-templier\/casque-de-robert-bruce\/#primaryimage","url":"https:\/\/repliquemangacine.fr\/wp-content\/uploads\/2023\/10\/Casque-de-Robert-Bruce.jpg","contentUrl":"https:\/\/repliquemangacine.fr\/wp-content\/uploads\/2023\/10\/Casque-de-Robert-Bruce.jpg","width":500,"height":500,"caption":"Casque-de-Robert-Bruce"},{"@type":"BreadcrumbList","@id":"https:\/\/repliquemangacine.fr\/heaume-casque-chevalier-templier\/casque-de-robert-bruce\/#breadcrumb","itemListElement":[{"@type":"ListItem","position":1,"name":"Accueil","item":"https:\/\/repliquemangacine.fr\/"},{"@type":"ListItem","position":2,"name":"Produits","item":"https:\/\/repliquemangacine.fr\/boutique\/"},{"@type":"ListItem","position":3,"name":"Casque de Robert Bruce"}]},{"@type":"WebSite","@id":"https:\/\/repliquemangacine.fr\/#website","url":"https:\/\/repliquemangacine.fr\/","name":"R\u00e9plique Manga Cin\u00e9","description":"","publisher":{"@id":"https:\/\/repliquemangacine.fr\/#organization"},"potentialAction":[{"@type":"SearchAction","target":{"@type":"EntryPoint","urlTemplate":"https:\/\/repliquemangacine.fr\/?s={search_term_string}"},"query-input":{"@type":"PropertyValueSpecification","valueRequired":true,"valueName":"search_term_string"}}],"inLanguage":"en-US"},{"@type":"Organization","@id":"https:\/\/repliquemangacine.fr\/#organization","name":"R\u00e9plique Manga Cin\u00e9","url":"https:\/\/repliquemangacine.fr\/","logo":{"@type":"ImageObject","inLanguage":"en-US","@id":"https:\/\/repliquemangacine.fr\/#\/schema\/logo\/image\/","url":"https:\/\/repliquemangacine.fr\/wp-content\/uploads\/2023\/10\/RMC-500250.png","contentUrl":"https:\/\/repliquemangacine.fr\/wp-content\/uploads\/2023\/10\/RMC-500250.png","width":500,"height":250,"caption":"R\u00e9plique Manga Cin\u00e9"},"image":{"@id":"https:\/\/repliquemangacine.fr\/#\/schema\/logo\/image\/"},"sameAs":["https:\/\/www.facebook.com\/RepliqueMangaCine","https:\/\/www.instagram.com\/repliquemangacine.fr\/"]}]}},"_links":{"self":[{"href":"https:\/\/repliquemangacine.fr\/en\/wp-json\/wp\/v2\/product\/60106","targetHints":{"allow":["GET"]}}],"collection":[{"href":"https:\/\/repliquemangacine.fr\/en\/wp-json\/wp\/v2\/product"}],"about":[{"href":"https:\/\/repliquemangacine.fr\/en\/wp-json\/wp\/v2\/types\/product"}],"wp:featuredmedia":[{"embeddable":true,"href":"https:\/\/repliquemangacine.fr\/en\/wp-json\/wp\/v2\/media\/60107"}],"wp:attachment":[{"href":"https:\/\/repliquemangacine.fr\/en\/wp-json\/wp\/v2\/media?parent=60106"}],"wp:term":[{"taxonomy":"product_brand","embeddable":true,"href":"https:\/\/repliquemangacine.fr\/en\/wp-json\/wp\/v2\/product_brand?post=60106"},{"taxonomy":"product_cat","embeddable":true,"href":"https:\/\/repliquemangacine.fr\/en\/wp-json\/wp\/v2\/product_cat?post=60106"},{"taxonomy":"product_tag","embeddable":true,"href":"https:\/\/repliquemangacine.fr\/en\/wp-json\/wp\/v2\/product_tag?post=60106"}],"curies":[{"name":"wp","href":"https:\/\/api.w.org\/{rel}","templated":true}]}}