





{"id":59995,"date":"2023-05-04T14:28:26","date_gmt":"2023-05-04T12:28:26","guid":{"rendered":"https:\/\/repliquemangacine.fr\/?post_type=product&#038;p=59995"},"modified":"2026-04-01T00:18:48","modified_gmt":"2026-03-31T22:18:48","slug":"bankai-rebuild-ichigo","status":"publish","type":"product","link":"https:\/\/repliquemangacine.fr\/en\/katana-bleach\/bankai-rebuild-ichigo\/","title":{"rendered":"Banka\u00ef Rebuild Ichigo"},"content":{"rendered":"<h2>Banka\u00ef Rebuild Ichigo Bleach<\/h2>\n<p>To begin with, the <strong>Banka\u00ef Rebuild Ichigo<\/strong> in Bleach is the latest.<\/p>\n<p>Ichigo combines his double Zanpakutos to unleash his new form, Bankai Rebuild, which is not similar to an ordinary Bankai. The smaller Zanpakuto covers the hollowed-out space that appeared on the larger one.<\/p>\n<p>This turns the section of his Bankai white, and a chain emerges connecting to the handle with the edge of the blade. Incidentally, this is where\u2019<a href=\"https:\/\/bleach.fandom.com\/fr\/wiki\/Ichigo_Kurosaki\" target=\"_blank\" rel=\"noopener noreferrer\">Ichigo<\/a> gets his full powers from Bankai and changes his appearance.<\/p>\n<p>A horn emerges from his temple, an eye shines. Two lines of black stripes appear on his face. This is one of Ichigo's strongest and most successful forms in Bleach, as he has mastered numerous trials in this form.<\/p>\n<h2>Your Banka\u00ef Rebuild Ichigo at the best price.<\/h2>\n<p>We offer a wide selection of replicas of your favorite anime manga Bleach<\/p>\n<p>First and foremost,<\/p>\n<ul>\n<li>Visit <a href=\"https:\/\/repliquemangacine.fr\/en\/katana-bleach\/katana-byakuya-senbonzakura-bleach-epee-bleach\/\">Katana Byakuya<\/a> Senbonzakura, white sheath version, special guard.<\/li>\n<li>There is also the <a href=\"https:\/\/repliquemangacine.fr\/en\/katana-bleach\/katana-sakanade-dhirako-shinji\/\">Katana Sakanade<\/a> by Hirako Shinji.<\/li>\n<li>As well as the <a href=\"https:\/\/repliquemangacine.fr\/en\/katana-bleach\/cane-benihime-kisuke-urahara-bleach-cane-epee-bleach\/\">Benihime sword rod<\/a> by Kisuk\u00e9 Urahara.<\/li>\n<li>And many more to discover in our online store!<\/li>\n<\/ul>\n<p>That's why here are some great gift ideas for all fans of the Bleach anime manga.<\/p>\n<p>In conclusion, you can use the <strong>Banka\u00ef Rebuild Ichigo<\/strong> for your Cosplay parades. But above all, it's a collector's item and a decoration. Sale forbidden to minors.<\/p>\n<p>R\u00e9plique Manga Cin\u00e9 is a French family business.<\/p>\n<h2>How to maintain the blade of your Bleach katana?<\/h2>\n<p>Collector's and decorative swords are made and assembled in a simplified way. As their use is decorative, they lack the safety features required of a Japanese sword intended for training.<\/p>\n<p>However, your <strong>Banka\u00ef Rebuild Ichigo<\/strong> to a steel blade that needs to be maintained to prevent damage over time. In fact, when you expose your sword, your friends will be curious to see the blade and touch it. This is where you need to be careful, as the acidity of your fingers is very harmful to steel, whatever its quality.<\/p>\n<p>However, if this does happen, don't panic - all you need is a cloth dampened with a little oil and a wipe of fingerprints. By doing so, you'll keep your sword looking its best for a very long time.<\/p>","protected":false},"excerpt":{"rendered":"<p>Reproduction of the last rebuilt ichigo bankai.<\/p>\n<ul>\n<li>440 steel blade.<\/li>\n<li>Chainette attached to blade<\/li>\n<li>Black leatherette sheath<\/li>\n<li>Handle covered with red cotton braid.<\/li>\n<li>Blade length: 63.5 cm - Total length: 91 cm<\/li>\n<\/ul>","protected":false},"featured_media":59996,"template":"","meta":[],"product_brand":[896],"product_cat":[30,23],"product_tag":[],"class_list":{"0":"post-59995","1":"product","2":"type-product","3":"status-publish","4":"has-post-thumbnail","6":"product_brand-replique-manga-cine","7":"product_cat-katana-bleach","8":"product_cat-repliques-manga-jeux-video","10":"first","11":"instock","12":"sale","13":"taxable","14":"shipping-taxable","15":"purchasable","16":"product-type-simple"},"yoast_head":"<!-- This site is optimized with the Yoast SEO plugin v27.5 - https:\/\/yoast.com\/product\/yoast-seo-wordpress\/ -->\n<title>Banka\u00ef Rebuild Ichigo - Boutique en ligne Katana Bleach - RMC<\/title>\n<meta name=\"description\" content=\"D\u00e9couvrez le Banka\u00ef Rebuild Ichigo dans Bleach au meilleur prix - Lame large en acier 440 - Chainette - Fourreau en similicuir - Longueur totale : 91cm\" \/>\n<meta name=\"robots\" content=\"index, follow, max-snippet:-1, max-image-preview:large, max-video-preview:-1\" \/>\n<link rel=\"canonical\" href=\"https:\/\/repliquemangacine.fr\/en\/katana-bleach\/bankai-rebuild-ichigo\/\" \/>\n<meta property=\"og:locale\" content=\"en_US\" \/>\n<meta property=\"og:type\" content=\"article\" \/>\n<meta property=\"og:title\" content=\"Banka\u00ef Rebuild Ichigo - Boutique en ligne Katana Bleach - RMC\" \/>\n<meta property=\"og:description\" content=\"D\u00e9couvrez le Banka\u00ef Rebuild Ichigo dans Bleach au meilleur prix - Lame large en acier 440 - Chainette - Fourreau en similicuir - Longueur totale : 91cm\" \/>\n<meta property=\"og:url\" content=\"https:\/\/repliquemangacine.fr\/en\/katana-bleach\/bankai-rebuild-ichigo\/\" \/>\n<meta property=\"og:site_name\" content=\"R\u00e9plique Manga Cin\u00e9\" \/>\n<meta property=\"article:publisher\" content=\"https:\/\/www.facebook.com\/RepliqueMangaCine\" \/>\n<meta property=\"article:modified_time\" content=\"2026-03-31T22:18:48+00:00\" \/>\n<meta property=\"og:image\" content=\"https:\/\/repliquemangacine.fr\/wp-content\/uploads\/2023\/10\/Ichigo-BankaI-final-bleach.jpg\" \/>\n\t<meta property=\"og:image:width\" content=\"500\" \/>\n\t<meta property=\"og:image:height\" content=\"500\" \/>\n\t<meta property=\"og:image:type\" content=\"image\/jpeg\" \/>\n<meta name=\"twitter:card\" content=\"summary_large_image\" \/>\n<meta name=\"twitter:label1\" content=\"Est. reading time\" \/>\n\t<meta name=\"twitter:data1\" content=\"3 minutes\" \/>\n<script type=\"application\/ld+json\" class=\"yoast-schema-graph\">{\"@context\":\"https:\\\/\\\/schema.org\",\"@graph\":[{\"@type\":\"WebPage\",\"@id\":\"https:\\\/\\\/repliquemangacine.fr\\\/katana-bleach\\\/bankai-rebuild-ichigo\\\/\",\"url\":\"https:\\\/\\\/repliquemangacine.fr\\\/katana-bleach\\\/bankai-rebuild-ichigo\\\/\",\"name\":\"Banka\u00ef Rebuild Ichigo - Boutique en ligne Katana Bleach - RMC\",\"isPartOf\":{\"@id\":\"https:\\\/\\\/repliquemangacine.fr\\\/#website\"},\"primaryImageOfPage\":{\"@id\":\"https:\\\/\\\/repliquemangacine.fr\\\/katana-bleach\\\/bankai-rebuild-ichigo\\\/#primaryimage\"},\"image\":{\"@id\":\"https:\\\/\\\/repliquemangacine.fr\\\/katana-bleach\\\/bankai-rebuild-ichigo\\\/#primaryimage\"},\"thumbnailUrl\":\"https:\\\/\\\/repliquemangacine.fr\\\/wp-content\\\/uploads\\\/2023\\\/10\\\/Ichigo-BankaI-final-bleach.jpg\",\"datePublished\":\"2023-05-04T12:28:26+00:00\",\"dateModified\":\"2026-03-31T22:18:48+00:00\",\"description\":\"D\u00e9couvrez le Banka\u00ef Rebuild Ichigo dans Bleach au meilleur prix - Lame large en acier 440 - Chainette - Fourreau en similicuir - Longueur totale : 91cm\",\"breadcrumb\":{\"@id\":\"https:\\\/\\\/repliquemangacine.fr\\\/katana-bleach\\\/bankai-rebuild-ichigo\\\/#breadcrumb\"},\"inLanguage\":\"en-US\",\"potentialAction\":[{\"@type\":\"ReadAction\",\"target\":[\"https:\\\/\\\/repliquemangacine.fr\\\/katana-bleach\\\/bankai-rebuild-ichigo\\\/\"]}]},{\"@type\":\"ImageObject\",\"inLanguage\":\"en-US\",\"@id\":\"https:\\\/\\\/repliquemangacine.fr\\\/katana-bleach\\\/bankai-rebuild-ichigo\\\/#primaryimage\",\"url\":\"https:\\\/\\\/repliquemangacine.fr\\\/wp-content\\\/uploads\\\/2023\\\/10\\\/Ichigo-BankaI-final-bleach.jpg\",\"contentUrl\":\"https:\\\/\\\/repliquemangacine.fr\\\/wp-content\\\/uploads\\\/2023\\\/10\\\/Ichigo-BankaI-final-bleach.jpg\",\"width\":500,\"height\":500,\"caption\":\"Banka\u00cf-rebuild Ichigo - Bleach\"},{\"@type\":\"BreadcrumbList\",\"@id\":\"https:\\\/\\\/repliquemangacine.fr\\\/katana-bleach\\\/bankai-rebuild-ichigo\\\/#breadcrumb\",\"itemListElement\":[{\"@type\":\"ListItem\",\"position\":1,\"name\":\"Accueil\",\"item\":\"https:\\\/\\\/repliquemangacine.fr\\\/\"},{\"@type\":\"ListItem\",\"position\":2,\"name\":\"Produits\",\"item\":\"https:\\\/\\\/repliquemangacine.fr\\\/boutique\\\/\"},{\"@type\":\"ListItem\",\"position\":3,\"name\":\"Banka\u00ef Rebuild Ichigo\"}]},{\"@type\":\"WebSite\",\"@id\":\"https:\\\/\\\/repliquemangacine.fr\\\/#website\",\"url\":\"https:\\\/\\\/repliquemangacine.fr\\\/\",\"name\":\"R\u00e9plique Manga Cin\u00e9\",\"description\":\"\",\"publisher\":{\"@id\":\"https:\\\/\\\/repliquemangacine.fr\\\/#organization\"},\"potentialAction\":[{\"@type\":\"SearchAction\",\"target\":{\"@type\":\"EntryPoint\",\"urlTemplate\":\"https:\\\/\\\/repliquemangacine.fr\\\/?s={search_term_string}\"},\"query-input\":{\"@type\":\"PropertyValueSpecification\",\"valueRequired\":true,\"valueName\":\"search_term_string\"}}],\"inLanguage\":\"en-US\"},{\"@type\":\"Organization\",\"@id\":\"https:\\\/\\\/repliquemangacine.fr\\\/#organization\",\"name\":\"R\u00e9plique Manga Cin\u00e9\",\"url\":\"https:\\\/\\\/repliquemangacine.fr\\\/\",\"logo\":{\"@type\":\"ImageObject\",\"inLanguage\":\"en-US\",\"@id\":\"https:\\\/\\\/repliquemangacine.fr\\\/#\\\/schema\\\/logo\\\/image\\\/\",\"url\":\"https:\\\/\\\/repliquemangacine.fr\\\/wp-content\\\/uploads\\\/2023\\\/10\\\/RMC-500250.png\",\"contentUrl\":\"https:\\\/\\\/repliquemangacine.fr\\\/wp-content\\\/uploads\\\/2023\\\/10\\\/RMC-500250.png\",\"width\":500,\"height\":250,\"caption\":\"R\u00e9plique Manga Cin\u00e9\"},\"image\":{\"@id\":\"https:\\\/\\\/repliquemangacine.fr\\\/#\\\/schema\\\/logo\\\/image\\\/\"},\"sameAs\":[\"https:\\\/\\\/www.facebook.com\\\/RepliqueMangaCine\",\"https:\\\/\\\/www.instagram.com\\\/repliquemangacine.fr\\\/\"]}]}<\/script>\n<!-- \/ Yoast SEO plugin. -->","yoast_head_json":{"title":"Banka\u00ef Rebuild Ichigo - Katana Bleach online store - RMC","description":"Discover the Banka\u00ef Rebuild Ichigo in Bleach at the best price - Wide 440 steel blade - Chainette - Leatherette sheath - Total length: 91cm","robots":{"index":"index","follow":"follow","max-snippet":"max-snippet:-1","max-image-preview":"max-image-preview:large","max-video-preview":"max-video-preview:-1"},"canonical":"https:\/\/repliquemangacine.fr\/en\/katana-bleach\/bankai-rebuild-ichigo\/","og_locale":"en_US","og_type":"article","og_title":"Banka\u00ef Rebuild Ichigo - Boutique en ligne Katana Bleach - RMC","og_description":"D\u00e9couvrez le Banka\u00ef Rebuild Ichigo dans Bleach au meilleur prix - Lame large en acier 440 - Chainette - Fourreau en similicuir - Longueur totale : 91cm","og_url":"https:\/\/repliquemangacine.fr\/en\/katana-bleach\/bankai-rebuild-ichigo\/","og_site_name":"R\u00e9plique Manga Cin\u00e9","article_publisher":"https:\/\/www.facebook.com\/RepliqueMangaCine","article_modified_time":"2026-03-31T22:18:48+00:00","og_image":[{"width":500,"height":500,"url":"https:\/\/repliquemangacine.fr\/wp-content\/uploads\/2023\/10\/Ichigo-BankaI-final-bleach.jpg","type":"image\/jpeg"}],"twitter_card":"summary_large_image","twitter_misc":{"Est. reading time":"3 minutes"},"schema":{"@context":"https:\/\/schema.org","@graph":[{"@type":"WebPage","@id":"https:\/\/repliquemangacine.fr\/katana-bleach\/bankai-rebuild-ichigo\/","url":"https:\/\/repliquemangacine.fr\/katana-bleach\/bankai-rebuild-ichigo\/","name":"Banka\u00ef Rebuild Ichigo - Katana Bleach online store - RMC","isPartOf":{"@id":"https:\/\/repliquemangacine.fr\/#website"},"primaryImageOfPage":{"@id":"https:\/\/repliquemangacine.fr\/katana-bleach\/bankai-rebuild-ichigo\/#primaryimage"},"image":{"@id":"https:\/\/repliquemangacine.fr\/katana-bleach\/bankai-rebuild-ichigo\/#primaryimage"},"thumbnailUrl":"https:\/\/repliquemangacine.fr\/wp-content\/uploads\/2023\/10\/Ichigo-BankaI-final-bleach.jpg","datePublished":"2023-05-04T12:28:26+00:00","dateModified":"2026-03-31T22:18:48+00:00","description":"Discover the Banka\u00ef Rebuild Ichigo in Bleach at the best price - Wide 440 steel blade - Chainette - Leatherette sheath - Total length: 91cm","breadcrumb":{"@id":"https:\/\/repliquemangacine.fr\/katana-bleach\/bankai-rebuild-ichigo\/#breadcrumb"},"inLanguage":"en-US","potentialAction":[{"@type":"ReadAction","target":["https:\/\/repliquemangacine.fr\/katana-bleach\/bankai-rebuild-ichigo\/"]}]},{"@type":"ImageObject","inLanguage":"en-US","@id":"https:\/\/repliquemangacine.fr\/katana-bleach\/bankai-rebuild-ichigo\/#primaryimage","url":"https:\/\/repliquemangacine.fr\/wp-content\/uploads\/2023\/10\/Ichigo-BankaI-final-bleach.jpg","contentUrl":"https:\/\/repliquemangacine.fr\/wp-content\/uploads\/2023\/10\/Ichigo-BankaI-final-bleach.jpg","width":500,"height":500,"caption":"Banka\u00cf-rebuild Ichigo - Bleach"},{"@type":"BreadcrumbList","@id":"https:\/\/repliquemangacine.fr\/katana-bleach\/bankai-rebuild-ichigo\/#breadcrumb","itemListElement":[{"@type":"ListItem","position":1,"name":"Accueil","item":"https:\/\/repliquemangacine.fr\/"},{"@type":"ListItem","position":2,"name":"Produits","item":"https:\/\/repliquemangacine.fr\/boutique\/"},{"@type":"ListItem","position":3,"name":"Banka\u00ef Rebuild Ichigo"}]},{"@type":"WebSite","@id":"https:\/\/repliquemangacine.fr\/#website","url":"https:\/\/repliquemangacine.fr\/","name":"R\u00e9plique Manga Cin\u00e9","description":"","publisher":{"@id":"https:\/\/repliquemangacine.fr\/#organization"},"potentialAction":[{"@type":"SearchAction","target":{"@type":"EntryPoint","urlTemplate":"https:\/\/repliquemangacine.fr\/?s={search_term_string}"},"query-input":{"@type":"PropertyValueSpecification","valueRequired":true,"valueName":"search_term_string"}}],"inLanguage":"en-US"},{"@type":"Organization","@id":"https:\/\/repliquemangacine.fr\/#organization","name":"R\u00e9plique Manga Cin\u00e9","url":"https:\/\/repliquemangacine.fr\/","logo":{"@type":"ImageObject","inLanguage":"en-US","@id":"https:\/\/repliquemangacine.fr\/#\/schema\/logo\/image\/","url":"https:\/\/repliquemangacine.fr\/wp-content\/uploads\/2023\/10\/RMC-500250.png","contentUrl":"https:\/\/repliquemangacine.fr\/wp-content\/uploads\/2023\/10\/RMC-500250.png","width":500,"height":250,"caption":"R\u00e9plique Manga Cin\u00e9"},"image":{"@id":"https:\/\/repliquemangacine.fr\/#\/schema\/logo\/image\/"},"sameAs":["https:\/\/www.facebook.com\/RepliqueMangaCine","https:\/\/www.instagram.com\/repliquemangacine.fr\/"]}]}},"_links":{"self":[{"href":"https:\/\/repliquemangacine.fr\/en\/wp-json\/wp\/v2\/product\/59995","targetHints":{"allow":["GET"]}}],"collection":[{"href":"https:\/\/repliquemangacine.fr\/en\/wp-json\/wp\/v2\/product"}],"about":[{"href":"https:\/\/repliquemangacine.fr\/en\/wp-json\/wp\/v2\/types\/product"}],"wp:featuredmedia":[{"embeddable":true,"href":"https:\/\/repliquemangacine.fr\/en\/wp-json\/wp\/v2\/media\/59996"}],"wp:attachment":[{"href":"https:\/\/repliquemangacine.fr\/en\/wp-json\/wp\/v2\/media?parent=59995"}],"wp:term":[{"taxonomy":"product_brand","embeddable":true,"href":"https:\/\/repliquemangacine.fr\/en\/wp-json\/wp\/v2\/product_brand?post=59995"},{"taxonomy":"product_cat","embeddable":true,"href":"https:\/\/repliquemangacine.fr\/en\/wp-json\/wp\/v2\/product_cat?post=59995"},{"taxonomy":"product_tag","embeddable":true,"href":"https:\/\/repliquemangacine.fr\/en\/wp-json\/wp\/v2\/product_tag?post=59995"}],"curies":[{"name":"wp","href":"https:\/\/api.w.org\/{rel}","templated":true}]}}