





{"id":59984,"date":"2023-05-04T09:35:31","date_gmt":"2023-05-04T07:35:31","guid":{"rendered":"https:\/\/repliquemangacine.fr\/?post_type=product&#038;p=59984"},"modified":"2026-02-22T23:09:26","modified_gmt":"2026-02-22T22:09:26","slug":"tengen-twin-swords","status":"publish","type":"product","link":"https:\/\/repliquemangacine.fr\/en\/katana-demon-slayer-metal\/epees-jumelle-de-tengen\/","title":{"rendered":"Twin swords of Tengen"},"content":{"rendered":"<h2>Twin swords of Tengen Demon Slayer<\/h2>\n<p>To begin with, the <strong>Twin swords of Tengen<\/strong> Demon Slayer are absolutely remarkable, with the chain linking the two swords.<\/p>\n<p><a href=\"https:\/\/kimetsu-no-yaiba.fandom.com\/fr\/wiki\/Tengen_Uzui\" target=\"_blank\" rel=\"noopener noreferrer\">Tengen Uzui<\/a> is a major secondary character in Demon Slayer: Kimetsu no Yaiba. But he is a major character in the Pleasure District arc. He is a Demon Slayer of the Demon Slayer Army and the current Pillar of Sound.<\/p>\n<p>His fighting style is \"breath of sound\". This breath was developed by Tengen and is unique to him. Thanks to his enhanced sense of hearing, he uses a fighting strategy called \"score\".<br \/>\nThis consists in reading the movements of his opponents and deconstructing them into sound by analyzing the rhythm of their movements. In particular, he uses his modified bombs to couple them to his breath.<\/p>\n<h2>Your Tengen Twin Swords at the best price.<\/h2>\n<p>We bring you all the lines of your favorite characters in the animated manga Demon Slayer.<\/p>\n<p>First of all:<\/p>\n<ul>\n<li>Visit <a href=\"https:\/\/repliquemangacine.fr\/en\/katana-demon-slayer\/katana-giyu-tomioka-blue-demon-slayer\/\">Katana by Giyu Tomioka<\/a> with its blade screen-printed with Japanese symbols and blue decoration.<\/li>\n<li>As well as the Ky\u014djur\u014d Rengoku katana in its hand-forged cutting version.<\/li>\n<li>And many more to discover in our online store!<\/li>\n<\/ul>\n<p>That's why here are some great gift ideas for fans of Kimetsu no Yaiba or Demon Slayer.<\/p>\n<p>In conclusion, you can also use this <strong>Twin sword of Tengen<\/strong> Demon Slayer for your cosplay parades or theme parties. But above all, the Tengen Uzui pillar sword is also a collector's item and a decorative object.<\/p>\n<h2>How to maintain the blade of your Demon Slayer sword?<\/h2>\n<p>Collector's and decorative katanas are made and assembled in a simplified way. As their use is decorative, they lack the safety features required of a Japanese saber intended for training.<\/p>\n<p>However, your <strong>Twin swords of Tengen<\/strong> Demon Slayer's katana has a steel blade that needs to be maintained to prevent damage over time. In fact, when you expose your katana, your friends will be curious to see the blade and touch it. This is where you need to be careful: acidity from your fingers is very harmful to steel, whatever its quality.<\/p>\n<p>If this happens, don't panic, just use a cloth dampened with a little oil to wipe off any fingerprints. By doing so, you'll keep your sword looking its best for a very long time.<\/p>","protected":false},"excerpt":{"rendered":"<p>Set of two Tengen swords<\/p>\n<ul>\n<li>440 steel blades (non-sharp) with kanji.<\/li>\n<li>Specially shaped steel guards.<\/li>\n<li>Wooden handles covered with red cotton braid.<\/li>\n<li>Chainette connecting the other twin sword.<\/li>\n<li>Black imitation leather sheaths.<\/li>\n<li>Blade length: 50 cm - Total length: 80 cm<\/li>\n<\/ul>","protected":false},"featured_media":59985,"template":"","meta":[],"product_brand":[896],"product_cat":[63,117,23],"product_tag":[],"class_list":{"0":"post-59984","1":"product","2":"type-product","3":"status-publish","4":"has-post-thumbnail","6":"product_brand-replique-manga-cine","7":"product_cat-katana-demon-slayer","8":"product_cat-katana-demon-slayer-metal","9":"product_cat-repliques-manga-jeux-video","11":"first","12":"instock","13":"taxable","14":"shipping-taxable","15":"purchasable","16":"product-type-simple"},"yoast_head":"<!-- This site is optimized with the Yoast SEO plugin v27.4 - https:\/\/yoast.com\/product\/yoast-seo-wordpress\/ -->\n<title>Ep\u00e9es jumelle de Tengen - Vente de Katana Demon Slayer - RMC<\/title>\n<meta name=\"description\" content=\"Offrez-lui ! Les deux Ep\u00e9es jumelle de Tengen dans Demon Slayer au meilleur prix - Lames en acier d\u00e9cor\u00e9e - Fourreau simili - Longueur : 80 cm\" \/>\n<meta name=\"robots\" content=\"index, follow, max-snippet:-1, max-image-preview:large, max-video-preview:-1\" \/>\n<link rel=\"canonical\" href=\"https:\/\/repliquemangacine.fr\/en\/katana-demon-slayer-metal\/tengen-twin-swords\/\" \/>\n<meta property=\"og:locale\" content=\"en_US\" \/>\n<meta property=\"og:type\" content=\"article\" \/>\n<meta property=\"og:title\" content=\"Ep\u00e9es jumelle de Tengen - Vente de Katana Demon Slayer - RMC\" \/>\n<meta property=\"og:description\" content=\"Offrez-lui ! Les deux Ep\u00e9es jumelle de Tengen dans Demon Slayer au meilleur prix - Lames en acier d\u00e9cor\u00e9e - Fourreau simili - Longueur : 80 cm\" \/>\n<meta property=\"og:url\" content=\"https:\/\/repliquemangacine.fr\/en\/katana-demon-slayer-metal\/tengen-twin-swords\/\" \/>\n<meta property=\"og:site_name\" content=\"R\u00e9plique Manga Cin\u00e9\" \/>\n<meta property=\"article:publisher\" content=\"https:\/\/www.facebook.com\/RepliqueMangaCine\" \/>\n<meta property=\"article:modified_time\" content=\"2026-02-22T22:09:26+00:00\" \/>\n<meta property=\"og:image\" content=\"https:\/\/repliquemangacine.fr\/wp-content\/uploads\/2023\/10\/Epee-jumelle-Tengen.jpg\" \/>\n\t<meta property=\"og:image:width\" content=\"500\" \/>\n\t<meta property=\"og:image:height\" content=\"500\" \/>\n\t<meta property=\"og:image:type\" content=\"image\/jpeg\" \/>\n<meta name=\"twitter:card\" content=\"summary_large_image\" \/>\n<meta name=\"twitter:label1\" content=\"Est. reading time\" \/>\n\t<meta name=\"twitter:data1\" content=\"3 minutes\" \/>\n<script type=\"application\/ld+json\" class=\"yoast-schema-graph\">{\"@context\":\"https:\\\/\\\/schema.org\",\"@graph\":[{\"@type\":\"WebPage\",\"@id\":\"https:\\\/\\\/repliquemangacine.fr\\\/katana-demon-slayer-metal\\\/epees-jumelle-de-tengen\\\/\",\"url\":\"https:\\\/\\\/repliquemangacine.fr\\\/katana-demon-slayer-metal\\\/epees-jumelle-de-tengen\\\/\",\"name\":\"Ep\u00e9es jumelle de Tengen - Vente de Katana Demon Slayer - RMC\",\"isPartOf\":{\"@id\":\"https:\\\/\\\/repliquemangacine.fr\\\/#website\"},\"primaryImageOfPage\":{\"@id\":\"https:\\\/\\\/repliquemangacine.fr\\\/katana-demon-slayer-metal\\\/epees-jumelle-de-tengen\\\/#primaryimage\"},\"image\":{\"@id\":\"https:\\\/\\\/repliquemangacine.fr\\\/katana-demon-slayer-metal\\\/epees-jumelle-de-tengen\\\/#primaryimage\"},\"thumbnailUrl\":\"https:\\\/\\\/repliquemangacine.fr\\\/wp-content\\\/uploads\\\/2023\\\/10\\\/Epee-jumelle-Tengen.jpg\",\"datePublished\":\"2023-05-04T07:35:31+00:00\",\"dateModified\":\"2026-02-22T22:09:26+00:00\",\"description\":\"Offrez-lui ! Les deux Ep\u00e9es jumelle de Tengen dans Demon Slayer au meilleur prix - Lames en acier d\u00e9cor\u00e9e - Fourreau simili - Longueur : 80 cm\",\"breadcrumb\":{\"@id\":\"https:\\\/\\\/repliquemangacine.fr\\\/katana-demon-slayer-metal\\\/epees-jumelle-de-tengen\\\/#breadcrumb\"},\"inLanguage\":\"en-US\",\"potentialAction\":[{\"@type\":\"ReadAction\",\"target\":[\"https:\\\/\\\/repliquemangacine.fr\\\/katana-demon-slayer-metal\\\/epees-jumelle-de-tengen\\\/\"]}]},{\"@type\":\"ImageObject\",\"inLanguage\":\"en-US\",\"@id\":\"https:\\\/\\\/repliquemangacine.fr\\\/katana-demon-slayer-metal\\\/epees-jumelle-de-tengen\\\/#primaryimage\",\"url\":\"https:\\\/\\\/repliquemangacine.fr\\\/wp-content\\\/uploads\\\/2023\\\/10\\\/Epee-jumelle-Tengen.jpg\",\"contentUrl\":\"https:\\\/\\\/repliquemangacine.fr\\\/wp-content\\\/uploads\\\/2023\\\/10\\\/Epee-jumelle-Tengen.jpg\",\"width\":500,\"height\":500,\"caption\":\"Ep\u00e9es-jumelle de Tengen Demon Slayer\"},{\"@type\":\"BreadcrumbList\",\"@id\":\"https:\\\/\\\/repliquemangacine.fr\\\/katana-demon-slayer-metal\\\/epees-jumelle-de-tengen\\\/#breadcrumb\",\"itemListElement\":[{\"@type\":\"ListItem\",\"position\":1,\"name\":\"Accueil\",\"item\":\"https:\\\/\\\/repliquemangacine.fr\\\/\"},{\"@type\":\"ListItem\",\"position\":2,\"name\":\"Produits\",\"item\":\"https:\\\/\\\/repliquemangacine.fr\\\/boutique\\\/\"},{\"@type\":\"ListItem\",\"position\":3,\"name\":\"Ep\u00e9es jumelle de Tengen\"}]},{\"@type\":\"WebSite\",\"@id\":\"https:\\\/\\\/repliquemangacine.fr\\\/#website\",\"url\":\"https:\\\/\\\/repliquemangacine.fr\\\/\",\"name\":\"R\u00e9plique Manga Cin\u00e9\",\"description\":\"\",\"publisher\":{\"@id\":\"https:\\\/\\\/repliquemangacine.fr\\\/#organization\"},\"potentialAction\":[{\"@type\":\"SearchAction\",\"target\":{\"@type\":\"EntryPoint\",\"urlTemplate\":\"https:\\\/\\\/repliquemangacine.fr\\\/?s={search_term_string}\"},\"query-input\":{\"@type\":\"PropertyValueSpecification\",\"valueRequired\":true,\"valueName\":\"search_term_string\"}}],\"inLanguage\":\"en-US\"},{\"@type\":\"Organization\",\"@id\":\"https:\\\/\\\/repliquemangacine.fr\\\/#organization\",\"name\":\"R\u00e9plique Manga Cin\u00e9\",\"url\":\"https:\\\/\\\/repliquemangacine.fr\\\/\",\"logo\":{\"@type\":\"ImageObject\",\"inLanguage\":\"en-US\",\"@id\":\"https:\\\/\\\/repliquemangacine.fr\\\/#\\\/schema\\\/logo\\\/image\\\/\",\"url\":\"https:\\\/\\\/repliquemangacine.fr\\\/wp-content\\\/uploads\\\/2023\\\/10\\\/RMC-500250.png\",\"contentUrl\":\"https:\\\/\\\/repliquemangacine.fr\\\/wp-content\\\/uploads\\\/2023\\\/10\\\/RMC-500250.png\",\"width\":500,\"height\":250,\"caption\":\"R\u00e9plique Manga Cin\u00e9\"},\"image\":{\"@id\":\"https:\\\/\\\/repliquemangacine.fr\\\/#\\\/schema\\\/logo\\\/image\\\/\"},\"sameAs\":[\"https:\\\/\\\/www.facebook.com\\\/RepliqueMangaCine\",\"https:\\\/\\\/www.instagram.com\\\/repliquemangacine.fr\\\/\"]}]}<\/script>\n<!-- \/ Yoast SEO plugin. -->","yoast_head_json":{"title":"Twin swords of Tengen - Katana Demon Slayer sale - RMC","description":"Give it to him! Tengen's twin swords in Demon Slayer at the best price - Decorated steel blades - Imitation sheath - Length: 80 cm","robots":{"index":"index","follow":"follow","max-snippet":"max-snippet:-1","max-image-preview":"max-image-preview:large","max-video-preview":"max-video-preview:-1"},"canonical":"https:\/\/repliquemangacine.fr\/en\/katana-demon-slayer-metal\/tengen-twin-swords\/","og_locale":"en_US","og_type":"article","og_title":"Ep\u00e9es jumelle de Tengen - Vente de Katana Demon Slayer - RMC","og_description":"Offrez-lui ! Les deux Ep\u00e9es jumelle de Tengen dans Demon Slayer au meilleur prix - Lames en acier d\u00e9cor\u00e9e - Fourreau simili - Longueur : 80 cm","og_url":"https:\/\/repliquemangacine.fr\/en\/katana-demon-slayer-metal\/tengen-twin-swords\/","og_site_name":"R\u00e9plique Manga Cin\u00e9","article_publisher":"https:\/\/www.facebook.com\/RepliqueMangaCine","article_modified_time":"2026-02-22T22:09:26+00:00","og_image":[{"width":500,"height":500,"url":"https:\/\/repliquemangacine.fr\/wp-content\/uploads\/2023\/10\/Epee-jumelle-Tengen.jpg","type":"image\/jpeg"}],"twitter_card":"summary_large_image","twitter_misc":{"Est. reading time":"3 minutes"},"schema":{"@context":"https:\/\/schema.org","@graph":[{"@type":"WebPage","@id":"https:\/\/repliquemangacine.fr\/katana-demon-slayer-metal\/epees-jumelle-de-tengen\/","url":"https:\/\/repliquemangacine.fr\/katana-demon-slayer-metal\/epees-jumelle-de-tengen\/","name":"Twin swords of Tengen - Katana Demon Slayer sale - RMC","isPartOf":{"@id":"https:\/\/repliquemangacine.fr\/#website"},"primaryImageOfPage":{"@id":"https:\/\/repliquemangacine.fr\/katana-demon-slayer-metal\/epees-jumelle-de-tengen\/#primaryimage"},"image":{"@id":"https:\/\/repliquemangacine.fr\/katana-demon-slayer-metal\/epees-jumelle-de-tengen\/#primaryimage"},"thumbnailUrl":"https:\/\/repliquemangacine.fr\/wp-content\/uploads\/2023\/10\/Epee-jumelle-Tengen.jpg","datePublished":"2023-05-04T07:35:31+00:00","dateModified":"2026-02-22T22:09:26+00:00","description":"Give it to him! Tengen's twin swords in Demon Slayer at the best price - Decorated steel blades - Imitation sheath - Length: 80 cm","breadcrumb":{"@id":"https:\/\/repliquemangacine.fr\/katana-demon-slayer-metal\/epees-jumelle-de-tengen\/#breadcrumb"},"inLanguage":"en-US","potentialAction":[{"@type":"ReadAction","target":["https:\/\/repliquemangacine.fr\/katana-demon-slayer-metal\/epees-jumelle-de-tengen\/"]}]},{"@type":"ImageObject","inLanguage":"en-US","@id":"https:\/\/repliquemangacine.fr\/katana-demon-slayer-metal\/epees-jumelle-de-tengen\/#primaryimage","url":"https:\/\/repliquemangacine.fr\/wp-content\/uploads\/2023\/10\/Epee-jumelle-Tengen.jpg","contentUrl":"https:\/\/repliquemangacine.fr\/wp-content\/uploads\/2023\/10\/Epee-jumelle-Tengen.jpg","width":500,"height":500,"caption":"Ep\u00e9es-jumelle de Tengen Demon Slayer"},{"@type":"BreadcrumbList","@id":"https:\/\/repliquemangacine.fr\/katana-demon-slayer-metal\/epees-jumelle-de-tengen\/#breadcrumb","itemListElement":[{"@type":"ListItem","position":1,"name":"Accueil","item":"https:\/\/repliquemangacine.fr\/"},{"@type":"ListItem","position":2,"name":"Produits","item":"https:\/\/repliquemangacine.fr\/boutique\/"},{"@type":"ListItem","position":3,"name":"Ep\u00e9es jumelle de Tengen"}]},{"@type":"WebSite","@id":"https:\/\/repliquemangacine.fr\/#website","url":"https:\/\/repliquemangacine.fr\/","name":"R\u00e9plique Manga Cin\u00e9","description":"","publisher":{"@id":"https:\/\/repliquemangacine.fr\/#organization"},"potentialAction":[{"@type":"SearchAction","target":{"@type":"EntryPoint","urlTemplate":"https:\/\/repliquemangacine.fr\/?s={search_term_string}"},"query-input":{"@type":"PropertyValueSpecification","valueRequired":true,"valueName":"search_term_string"}}],"inLanguage":"en-US"},{"@type":"Organization","@id":"https:\/\/repliquemangacine.fr\/#organization","name":"R\u00e9plique Manga Cin\u00e9","url":"https:\/\/repliquemangacine.fr\/","logo":{"@type":"ImageObject","inLanguage":"en-US","@id":"https:\/\/repliquemangacine.fr\/#\/schema\/logo\/image\/","url":"https:\/\/repliquemangacine.fr\/wp-content\/uploads\/2023\/10\/RMC-500250.png","contentUrl":"https:\/\/repliquemangacine.fr\/wp-content\/uploads\/2023\/10\/RMC-500250.png","width":500,"height":250,"caption":"R\u00e9plique Manga Cin\u00e9"},"image":{"@id":"https:\/\/repliquemangacine.fr\/#\/schema\/logo\/image\/"},"sameAs":["https:\/\/www.facebook.com\/RepliqueMangaCine","https:\/\/www.instagram.com\/repliquemangacine.fr\/"]}]}},"_links":{"self":[{"href":"https:\/\/repliquemangacine.fr\/en\/wp-json\/wp\/v2\/product\/59984","targetHints":{"allow":["GET"]}}],"collection":[{"href":"https:\/\/repliquemangacine.fr\/en\/wp-json\/wp\/v2\/product"}],"about":[{"href":"https:\/\/repliquemangacine.fr\/en\/wp-json\/wp\/v2\/types\/product"}],"wp:featuredmedia":[{"embeddable":true,"href":"https:\/\/repliquemangacine.fr\/en\/wp-json\/wp\/v2\/media\/59985"}],"wp:attachment":[{"href":"https:\/\/repliquemangacine.fr\/en\/wp-json\/wp\/v2\/media?parent=59984"}],"wp:term":[{"taxonomy":"product_brand","embeddable":true,"href":"https:\/\/repliquemangacine.fr\/en\/wp-json\/wp\/v2\/product_brand?post=59984"},{"taxonomy":"product_cat","embeddable":true,"href":"https:\/\/repliquemangacine.fr\/en\/wp-json\/wp\/v2\/product_cat?post=59984"},{"taxonomy":"product_tag","embeddable":true,"href":"https:\/\/repliquemangacine.fr\/en\/wp-json\/wp\/v2\/product_tag?post=59984"}],"curies":[{"name":"wp","href":"https:\/\/api.w.org\/{rel}","templated":true}]}}