





{"id":59779,"date":"2023-04-19T14:50:29","date_gmt":"2023-04-19T12:50:29","guid":{"rendered":"https:\/\/repliquemangacine.fr\/?post_type=product&#038;p=59779"},"modified":"2026-04-03T14:49:48","modified_gmt":"2026-04-03T12:49:48","slug":"thor-hammer-with-base","status":"publish","type":"product","link":"https:\/\/repliquemangacine.fr\/en\/super-heros-marvel\/marteau-de-thor-avec-socle\/","title":{"rendered":"Thor's hammer with base"},"content":{"rendered":"<h2>Thor's hammer with base<\/h2>\n<p>To begin with, the <strong>Thor's hammer with base<\/strong> Mjolnir, a powerful enchanted warhammer forged by the Dwarves for the Asgardian royal family.<\/p>\n<p>Thor is entrusted with the mighty hammer Mjolnir, which was \u201cforged in the heart of a dying star\u201d. Thor's mystical hammer, Mj\u00f8lnir, resembles a mallet rather than a warhammer.<\/p>\n<p>When Steve Rogers wielded <a href=\"https:\/\/universcinematographiquemarvel.fandom.com\/fr\/wiki\/Mj\u00f8lnir#Capacit\u00e9s\" target=\"_blank\" rel=\"noopener noreferrer\">Mj\u00f8lnir<\/a>, This considerably improved his physical abilities, such as strength and durability, enabling him to fight Thanos on an equal footing.<\/p>\n<p>Indeed, by using it, Rogers has acquired the ability to summon lightning from the surrounding horizon. In addition, Mj\u00f8lnir can draw environmental electricity from the surrounding atmosphere and redirect it to a specific target.<\/p>\n<h2>Your Thor's Hammer with base at the best price.<\/h2>\n<p>We offer a wide selection of replicas from the Marvel universe.<\/p>\n<p>First and foremost,<\/p>\n<ul>\n<li>The life-size replica of the <a href=\"https:\/\/repliquemangacine.fr\/en\/super-heroes\/stormbreaker-hache-marteau-de-thor\/\">Stormbreaker<\/a> (hammer-axe) used by Thor in Avengers, Infinity War.<\/li>\n<li>There is also the <a href=\"https:\/\/repliquemangacine.fr\/en\/super-heroes\/jokers-suicide-squad-cane\/\">Joker cane<\/a> in Suicide Squad with its rhinestones on the handle.<\/li>\n<li>As well as a keychain replica of Dr Strange's<a href=\"https:\/\/repliquemangacine.fr\/en\/super-heroes\/keyring-eye-dagamotto-dr-strange\/\">Eye of Agamotto<\/a> in Avengers.<\/li>\n<li>And many more to discover in our online store!<\/li>\n<\/ul>\n<p>That's why here's a great gift idea for all Marvel superhero fans.<\/p>\n<p>In conclusion, you can use the <strong>Thor's hammer<\/strong> <strong>with base<\/strong> Mjolnir for your Cosplays. But above all, it's a collector's item and a decoration.<\/p>\n<h2>How are our Avengers Marvel merchandise made?<\/h2>\n<p>To begin with, all our products are of the highest quality, manufactured with meticulous attention to detail. In fact, some of the manufacturing is done by hand, to reproduce even the smallest detail. More important parts are machined by precise machines. Engravings are generally made with a diamond tip or laser.<\/p>\n<p>Your <strong>Thor's hammer<\/strong> <strong>with base<\/strong> has been manufactured to reproduce every detail exactly. Made entirely of high-quality molded resin. Mass finely engraved and chiselled on all sides.<\/p>\n<p>Finally, imported from China or Spain, our replicas will amaze you!<\/p>\n<p>R\u00e9plique Manga Cin\u00e9 is a French family business.<\/p>","protected":false},"excerpt":{"rendered":"<p>Replica of Thor's Hammer from the Marvel Universe.<\/p>\n<ul>\n<li>Made entirely of high-quality resin.<\/li>\n<li>Remarkably finished mass.<\/li>\n<li>Broken effect with blue details.<\/li>\n<li>Engravings on the head.<\/li>\n<li>Resin handle with decoration.<\/li>\n<li>Resin support.<\/li>\n<li>Dimensions: 55 cm (length) x 32 cm (width) x 16 cm (depth)<\/li>\n<li>Weight: 3155 g<\/li>\n<\/ul>","protected":false},"featured_media":59780,"template":"","meta":[],"product_brand":[896],"product_cat":[24,59],"product_tag":[],"class_list":{"0":"post-59779","1":"product","2":"type-product","3":"status-publish","4":"has-post-thumbnail","6":"product_brand-replique-manga-cine","7":"product_cat-films-series-tv-vente-de-katana-epee-et-produits-derives","8":"product_cat-super-heros-marvel","10":"first","11":"instock","12":"taxable","13":"shipping-taxable","14":"purchasable","15":"product-type-simple"},"yoast_head":"<!-- This site is optimized with the Yoast SEO plugin v27.5 - https:\/\/yoast.com\/product\/yoast-seo-wordpress\/ -->\n<title>Marteau de Thor avec socle - Avengers - R\u00e9plique Manga Cin\u00e9<\/title>\n<meta name=\"description\" content=\"Offrez-vous ce splendide Marteau de thor avec socle au meilleur prix - Tout en r\u00e9sine - Effet cass\u00e9 de couleur bleu - Socle inclus - Hauteur : 55 cm\" \/>\n<meta name=\"robots\" content=\"index, follow, max-snippet:-1, max-image-preview:large, max-video-preview:-1\" \/>\n<link rel=\"canonical\" href=\"https:\/\/repliquemangacine.fr\/en\/marvel-superheroes\/thor-hammer-with-base\/\" \/>\n<meta property=\"og:locale\" content=\"en_US\" \/>\n<meta property=\"og:type\" content=\"article\" \/>\n<meta property=\"og:title\" content=\"Marteau de Thor avec socle - Avengers - R\u00e9plique Manga Cin\u00e9\" \/>\n<meta property=\"og:description\" content=\"Offrez-vous ce splendide Marteau de thor avec socle au meilleur prix - Tout en r\u00e9sine - Effet cass\u00e9 de couleur bleu - Socle inclus - Hauteur : 55 cm\" \/>\n<meta property=\"og:url\" content=\"https:\/\/repliquemangacine.fr\/en\/marvel-superheroes\/thor-hammer-with-base\/\" \/>\n<meta property=\"og:site_name\" content=\"R\u00e9plique Manga Cin\u00e9\" \/>\n<meta property=\"article:publisher\" content=\"https:\/\/www.facebook.com\/RepliqueMangaCine\" \/>\n<meta property=\"article:modified_time\" content=\"2026-04-03T12:49:48+00:00\" \/>\n<meta property=\"og:image\" content=\"https:\/\/repliquemangacine.fr\/wp-content\/uploads\/2023\/10\/marteau-de-Thor-avec-socle.jpg\" \/>\n\t<meta property=\"og:image:width\" content=\"500\" \/>\n\t<meta property=\"og:image:height\" content=\"500\" \/>\n\t<meta property=\"og:image:type\" content=\"image\/jpeg\" \/>\n<meta name=\"twitter:card\" content=\"summary_large_image\" \/>\n<meta name=\"twitter:label1\" content=\"Est. reading time\" \/>\n\t<meta name=\"twitter:data1\" content=\"3 minutes\" \/>\n<script type=\"application\/ld+json\" class=\"yoast-schema-graph\">{\"@context\":\"https:\\\/\\\/schema.org\",\"@graph\":[{\"@type\":\"WebPage\",\"@id\":\"https:\\\/\\\/repliquemangacine.fr\\\/super-heros-marvel\\\/marteau-de-thor-avec-socle\\\/\",\"url\":\"https:\\\/\\\/repliquemangacine.fr\\\/super-heros-marvel\\\/marteau-de-thor-avec-socle\\\/\",\"name\":\"Marteau de Thor avec socle - Avengers - R\u00e9plique Manga Cin\u00e9\",\"isPartOf\":{\"@id\":\"https:\\\/\\\/repliquemangacine.fr\\\/#website\"},\"primaryImageOfPage\":{\"@id\":\"https:\\\/\\\/repliquemangacine.fr\\\/super-heros-marvel\\\/marteau-de-thor-avec-socle\\\/#primaryimage\"},\"image\":{\"@id\":\"https:\\\/\\\/repliquemangacine.fr\\\/super-heros-marvel\\\/marteau-de-thor-avec-socle\\\/#primaryimage\"},\"thumbnailUrl\":\"https:\\\/\\\/repliquemangacine.fr\\\/wp-content\\\/uploads\\\/2023\\\/10\\\/marteau-de-Thor-avec-socle.jpg\",\"datePublished\":\"2023-04-19T12:50:29+00:00\",\"dateModified\":\"2026-04-03T12:49:48+00:00\",\"description\":\"Offrez-vous ce splendide Marteau de thor avec socle au meilleur prix - Tout en r\u00e9sine - Effet cass\u00e9 de couleur bleu - Socle inclus - Hauteur : 55 cm\",\"breadcrumb\":{\"@id\":\"https:\\\/\\\/repliquemangacine.fr\\\/super-heros-marvel\\\/marteau-de-thor-avec-socle\\\/#breadcrumb\"},\"inLanguage\":\"en-US\",\"potentialAction\":[{\"@type\":\"ReadAction\",\"target\":[\"https:\\\/\\\/repliquemangacine.fr\\\/super-heros-marvel\\\/marteau-de-thor-avec-socle\\\/\"]}]},{\"@type\":\"ImageObject\",\"inLanguage\":\"en-US\",\"@id\":\"https:\\\/\\\/repliquemangacine.fr\\\/super-heros-marvel\\\/marteau-de-thor-avec-socle\\\/#primaryimage\",\"url\":\"https:\\\/\\\/repliquemangacine.fr\\\/wp-content\\\/uploads\\\/2023\\\/10\\\/marteau-de-Thor-avec-socle.jpg\",\"contentUrl\":\"https:\\\/\\\/repliquemangacine.fr\\\/wp-content\\\/uploads\\\/2023\\\/10\\\/marteau-de-Thor-avec-socle.jpg\",\"width\":500,\"height\":500,\"caption\":\"marteau-de-Thor-avec-socle\"},{\"@type\":\"BreadcrumbList\",\"@id\":\"https:\\\/\\\/repliquemangacine.fr\\\/super-heros-marvel\\\/marteau-de-thor-avec-socle\\\/#breadcrumb\",\"itemListElement\":[{\"@type\":\"ListItem\",\"position\":1,\"name\":\"Accueil\",\"item\":\"https:\\\/\\\/repliquemangacine.fr\\\/\"},{\"@type\":\"ListItem\",\"position\":2,\"name\":\"Produits\",\"item\":\"https:\\\/\\\/repliquemangacine.fr\\\/boutique\\\/\"},{\"@type\":\"ListItem\",\"position\":3,\"name\":\"Marteau de Thor avec socle\"}]},{\"@type\":\"WebSite\",\"@id\":\"https:\\\/\\\/repliquemangacine.fr\\\/#website\",\"url\":\"https:\\\/\\\/repliquemangacine.fr\\\/\",\"name\":\"R\u00e9plique Manga Cin\u00e9\",\"description\":\"\",\"publisher\":{\"@id\":\"https:\\\/\\\/repliquemangacine.fr\\\/#organization\"},\"potentialAction\":[{\"@type\":\"SearchAction\",\"target\":{\"@type\":\"EntryPoint\",\"urlTemplate\":\"https:\\\/\\\/repliquemangacine.fr\\\/?s={search_term_string}\"},\"query-input\":{\"@type\":\"PropertyValueSpecification\",\"valueRequired\":true,\"valueName\":\"search_term_string\"}}],\"inLanguage\":\"en-US\"},{\"@type\":\"Organization\",\"@id\":\"https:\\\/\\\/repliquemangacine.fr\\\/#organization\",\"name\":\"R\u00e9plique Manga Cin\u00e9\",\"url\":\"https:\\\/\\\/repliquemangacine.fr\\\/\",\"logo\":{\"@type\":\"ImageObject\",\"inLanguage\":\"en-US\",\"@id\":\"https:\\\/\\\/repliquemangacine.fr\\\/#\\\/schema\\\/logo\\\/image\\\/\",\"url\":\"https:\\\/\\\/repliquemangacine.fr\\\/wp-content\\\/uploads\\\/2023\\\/10\\\/RMC-500250.png\",\"contentUrl\":\"https:\\\/\\\/repliquemangacine.fr\\\/wp-content\\\/uploads\\\/2023\\\/10\\\/RMC-500250.png\",\"width\":500,\"height\":250,\"caption\":\"R\u00e9plique Manga Cin\u00e9\"},\"image\":{\"@id\":\"https:\\\/\\\/repliquemangacine.fr\\\/#\\\/schema\\\/logo\\\/image\\\/\"},\"sameAs\":[\"https:\\\/\\\/www.facebook.com\\\/RepliqueMangaCine\",\"https:\\\/\\\/www.instagram.com\\\/repliquemangacine.fr\\\/\"]}]}<\/script>\n<!-- \/ Yoast SEO plugin. -->","yoast_head_json":{"title":"Thor's hammer with base - Avengers - R\u00e9plique Manga Cin\u00e9","description":"Treat yourself to this splendid Thor Hammer with base at the best price - All resin - Blue broken effect - Base included - Height: 55 cm","robots":{"index":"index","follow":"follow","max-snippet":"max-snippet:-1","max-image-preview":"max-image-preview:large","max-video-preview":"max-video-preview:-1"},"canonical":"https:\/\/repliquemangacine.fr\/en\/marvel-superheroes\/thor-hammer-with-base\/","og_locale":"en_US","og_type":"article","og_title":"Marteau de Thor avec socle - Avengers - R\u00e9plique Manga Cin\u00e9","og_description":"Offrez-vous ce splendide Marteau de thor avec socle au meilleur prix - Tout en r\u00e9sine - Effet cass\u00e9 de couleur bleu - Socle inclus - Hauteur : 55 cm","og_url":"https:\/\/repliquemangacine.fr\/en\/marvel-superheroes\/thor-hammer-with-base\/","og_site_name":"R\u00e9plique Manga Cin\u00e9","article_publisher":"https:\/\/www.facebook.com\/RepliqueMangaCine","article_modified_time":"2026-04-03T12:49:48+00:00","og_image":[{"width":500,"height":500,"url":"https:\/\/repliquemangacine.fr\/wp-content\/uploads\/2023\/10\/marteau-de-Thor-avec-socle.jpg","type":"image\/jpeg"}],"twitter_card":"summary_large_image","twitter_misc":{"Est. reading time":"3 minutes"},"schema":{"@context":"https:\/\/schema.org","@graph":[{"@type":"WebPage","@id":"https:\/\/repliquemangacine.fr\/super-heros-marvel\/marteau-de-thor-avec-socle\/","url":"https:\/\/repliquemangacine.fr\/super-heros-marvel\/marteau-de-thor-avec-socle\/","name":"Thor's hammer with base - Avengers - R\u00e9plique Manga Cin\u00e9","isPartOf":{"@id":"https:\/\/repliquemangacine.fr\/#website"},"primaryImageOfPage":{"@id":"https:\/\/repliquemangacine.fr\/super-heros-marvel\/marteau-de-thor-avec-socle\/#primaryimage"},"image":{"@id":"https:\/\/repliquemangacine.fr\/super-heros-marvel\/marteau-de-thor-avec-socle\/#primaryimage"},"thumbnailUrl":"https:\/\/repliquemangacine.fr\/wp-content\/uploads\/2023\/10\/marteau-de-Thor-avec-socle.jpg","datePublished":"2023-04-19T12:50:29+00:00","dateModified":"2026-04-03T12:49:48+00:00","description":"Treat yourself to this splendid Thor Hammer with base at the best price - All resin - Blue broken effect - Base included - Height: 55 cm","breadcrumb":{"@id":"https:\/\/repliquemangacine.fr\/super-heros-marvel\/marteau-de-thor-avec-socle\/#breadcrumb"},"inLanguage":"en-US","potentialAction":[{"@type":"ReadAction","target":["https:\/\/repliquemangacine.fr\/super-heros-marvel\/marteau-de-thor-avec-socle\/"]}]},{"@type":"ImageObject","inLanguage":"en-US","@id":"https:\/\/repliquemangacine.fr\/super-heros-marvel\/marteau-de-thor-avec-socle\/#primaryimage","url":"https:\/\/repliquemangacine.fr\/wp-content\/uploads\/2023\/10\/marteau-de-Thor-avec-socle.jpg","contentUrl":"https:\/\/repliquemangacine.fr\/wp-content\/uploads\/2023\/10\/marteau-de-Thor-avec-socle.jpg","width":500,"height":500,"caption":"marteau-de-Thor-avec-socle"},{"@type":"BreadcrumbList","@id":"https:\/\/repliquemangacine.fr\/super-heros-marvel\/marteau-de-thor-avec-socle\/#breadcrumb","itemListElement":[{"@type":"ListItem","position":1,"name":"Accueil","item":"https:\/\/repliquemangacine.fr\/"},{"@type":"ListItem","position":2,"name":"Produits","item":"https:\/\/repliquemangacine.fr\/boutique\/"},{"@type":"ListItem","position":3,"name":"Marteau de Thor avec socle"}]},{"@type":"WebSite","@id":"https:\/\/repliquemangacine.fr\/#website","url":"https:\/\/repliquemangacine.fr\/","name":"R\u00e9plique Manga Cin\u00e9","description":"","publisher":{"@id":"https:\/\/repliquemangacine.fr\/#organization"},"potentialAction":[{"@type":"SearchAction","target":{"@type":"EntryPoint","urlTemplate":"https:\/\/repliquemangacine.fr\/?s={search_term_string}"},"query-input":{"@type":"PropertyValueSpecification","valueRequired":true,"valueName":"search_term_string"}}],"inLanguage":"en-US"},{"@type":"Organization","@id":"https:\/\/repliquemangacine.fr\/#organization","name":"R\u00e9plique Manga Cin\u00e9","url":"https:\/\/repliquemangacine.fr\/","logo":{"@type":"ImageObject","inLanguage":"en-US","@id":"https:\/\/repliquemangacine.fr\/#\/schema\/logo\/image\/","url":"https:\/\/repliquemangacine.fr\/wp-content\/uploads\/2023\/10\/RMC-500250.png","contentUrl":"https:\/\/repliquemangacine.fr\/wp-content\/uploads\/2023\/10\/RMC-500250.png","width":500,"height":250,"caption":"R\u00e9plique Manga Cin\u00e9"},"image":{"@id":"https:\/\/repliquemangacine.fr\/#\/schema\/logo\/image\/"},"sameAs":["https:\/\/www.facebook.com\/RepliqueMangaCine","https:\/\/www.instagram.com\/repliquemangacine.fr\/"]}]}},"_links":{"self":[{"href":"https:\/\/repliquemangacine.fr\/en\/wp-json\/wp\/v2\/product\/59779","targetHints":{"allow":["GET"]}}],"collection":[{"href":"https:\/\/repliquemangacine.fr\/en\/wp-json\/wp\/v2\/product"}],"about":[{"href":"https:\/\/repliquemangacine.fr\/en\/wp-json\/wp\/v2\/types\/product"}],"wp:featuredmedia":[{"embeddable":true,"href":"https:\/\/repliquemangacine.fr\/en\/wp-json\/wp\/v2\/media\/59780"}],"wp:attachment":[{"href":"https:\/\/repliquemangacine.fr\/en\/wp-json\/wp\/v2\/media?parent=59779"}],"wp:term":[{"taxonomy":"product_brand","embeddable":true,"href":"https:\/\/repliquemangacine.fr\/en\/wp-json\/wp\/v2\/product_brand?post=59779"},{"taxonomy":"product_cat","embeddable":true,"href":"https:\/\/repliquemangacine.fr\/en\/wp-json\/wp\/v2\/product_cat?post=59779"},{"taxonomy":"product_tag","embeddable":true,"href":"https:\/\/repliquemangacine.fr\/en\/wp-json\/wp\/v2\/product_tag?post=59779"}],"curies":[{"name":"wp","href":"https:\/\/api.w.org\/{rel}","templated":true}]}}