





{"id":58965,"date":"2023-03-03T03:26:00","date_gmt":"2023-03-03T02:26:00","guid":{"rendered":"https:\/\/repliquemangacine.fr\/?post_type=product&#038;p=58965"},"modified":"2025-09-23T18:03:21","modified_gmt":"2025-09-23T16:03:21","slug":"gift-card","status":"publish","type":"product","link":"https:\/\/repliquemangacine.fr\/en\/katana-kill-bill\/carte-cadeau\/","title":{"rendered":"Gift card"},"content":{"rendered":"","protected":false},"excerpt":{"rendered":"<p><strong>Give a gift card to a loved one with R\u00e9plique Manga Cin\u00e9<\/strong><\/p>\n<p><strong>Steps to follow :\u00a0<\/strong><\/p>\n<ul>\n<li>Choose the gift card amount<\/li>\n<li>Enter your loved one's e-mail address (the gift card will be sent by e-mail)<\/li>\n<li>Enter your name \/ nickname or other<\/li>\n<li>It's not compulsory to fill in the message box, but your loved one will be delighted to have a message from you to accompany the gift card.<\/li>\n<li>Select the shipping date of the gift card (usable for 1 year on our site)<\/li>\n<\/ul>\n<p>&nbsp;<\/p>\n<p>&nbsp;<\/p>","protected":false},"featured_media":64308,"template":"","meta":[],"product_brand":[896],"product_cat":[51,31,100,49,25,34,65,91,66,70,80,78,79,30,75,113,86,39,82,81,87,33,77,93,63,84,73,44,72,68,112,69,24,55,46,47,54,92,111,41,89,45,90,105,26,32,38,109,71,108,88,29,104,106,23,85,42,36,52,40,114,37,61,28,67,76,43,74,110,99,59,53,35,62,58,103,57,27,60,56],"product_tag":[],"class_list":{"0":"post-58965","1":"product","2":"type-product","3":"status-publish","4":"has-post-thumbnail","6":"product_brand-replique-manga-cine","7":"product_cat-accessoires-western","8":"product_cat-armes-antiques","9":"product_cat-arme-kolser","10":"product_cat-armes-de-pirates","11":"product_cat-armes-historiques","12":"product_cat-armes-westerns","13":"product_cat-katana-et-epee-de-manga-anime-autre-manga","14":"product_cat-katana-les-epees-de-films-et-series","15":"product_cat-repliques-d-armes-films-et-series","16":"product_cat-baguette-lumineuse-harry-potter","17":"product_cat-baguettes-personnages-harry-potter","18":"product_cat-bijoux-anneaux","19":"product_cat-bijoux-the-hobbit","20":"product_cat-katana-bleach","21":"product_cat-boucliers-et-armures","22":"product_cat-boucliers-serie-vikings","23":"product_cat-repliques-carabine-winchester-western","24":"product_cat-carabine-winchester","25":"product_cat-casques-romains-et-grecs","26":"product_cat-collectors-et-goodies-game-of-thrones","27":"product_cat-collectors-et-goodies-harry-potter","28":"product_cat-colt-pistolet","29":"product_cat-colt-revolver-western","30":"product_cat-dagues-medievales","31":"product_cat-katana-demon-slayer","32":"product_cat-epee-templier-medievale","33":"product_cat-epees-glaives-antique","34":"product_cat-epees-et-dagues-fantasy","35":"product_cat-epees-game-of-thrones","36":"product_cat-epees-seigneur-des-anneaux","37":"product_cat-epees-serie-tv-vikings","38":"product_cat-epees-the-hobbit","39":"product_cat-films-series-tv-vente-de-katana-epee-et-produits-derives","40":"product_cat-fusil-ancien","41":"product_cat-fusil-d-assaut-fusil-moderne","42":"product_cat-game-of-thrones","43":"product_cat-armes-accessoires-guerre-mondiale","44":"product_cat-haches-de-guerre-medievale-et-accessoire-medievaux","45":"product_cat-haches-serie-vikings","46":"product_cat-baguettes-et-goodies-harry-potter","47":"product_cat-heaume-casque-chevalier-templier","48":"product_cat-holster-western-ceinturon","49":"product_cat-holster-accessoires-western","50":"product_cat-house-of-the-dragon","51":"product_cat-katana-epee","52":"product_cat-katana-decoration","53":"product_cat-katana-forge","54":"product_cat-katana-naruto","55":"product_cat-katana-kill-bill","56":"product_cat-kunai-et-shuriken-naruto","57":"product_cat-katanas-le-dernier-samourai","58":"product_cat-le-seigneur-des-anneaux","59":"product_cat-les-animaux-fantastiques","60":"product_cat-epees-et-dague-les-anneaux-de-pouvoir","61":"product_cat-repliques-manga-jeux-video","62":"product_cat-dagues-et-accessoires-seconde-guerre-mondiale-materiels-militaria","63":"product_cat-katana-goodies-naruto-kunai","64":"product_cat-katana-one-piece","65":"product_cat-pistolet-ancien","66":"product_cat-pistolet-moderne","67":"product_cat-pistolet-pirate","68":"product_cat-premier-empire","69":"product_cat-couteaux-rambo-poignard-john-rambo","70":"product_cat-repliques-darmes","71":"product_cat-katana-et-epee-de-jeux-video-autre-jeux-video","72":"product_cat-reproductions-armes-seconde-guerre-mondiale-denix","73":"product_cat-reproductions-d-armes-et-accessoires-medievales","74":"product_cat-sabres-1er-empire","75":"product_cat-epees-seven-deadly-sins","76":"product_cat-squid-game-costumes-et-masques","77":"product_cat-super-heros-marvel","78":"product_cat-epee-sword-art-online","79":"product_cat-epee-et-bijoux-the-hobbit","80":"product_cat-armes-the-walking-dead","81":"product_cat-epee-the-witcher","82":"product_cat-armes-et-accessoires-vikings","83":"product_cat-armes-vikings","84":"product_cat-armes-et-accessoires-western","85":"product_cat-epees-world-of-warcraft","86":"product_cat-epee-zelda","88":"first","89":"instock","90":"sold-individually","91":"purchasable","92":"product-type-pw-gift-card"},"yoast_head":"<!-- This site is optimized with the Yoast SEO plugin v27.5 - https:\/\/yoast.com\/product\/yoast-seo-wordpress\/ -->\n<title>Carte cadeau - R\u00e9plique Manga Cin\u00e9<\/title>\n<meta name=\"robots\" content=\"index, follow, max-snippet:-1, max-image-preview:large, max-video-preview:-1\" \/>\n<link rel=\"canonical\" href=\"https:\/\/repliquemangacine.fr\/en\/pirate-gun\/gift-card\/\" \/>\n<meta property=\"og:locale\" content=\"en_US\" \/>\n<meta property=\"og:type\" content=\"article\" \/>\n<meta property=\"og:title\" content=\"Carte cadeau - R\u00e9plique Manga Cin\u00e9\" \/>\n<meta property=\"og:description\" content=\"Offrez une carte cadeau \u00e0 un proche avec R\u00e9plique Manga Cin\u00e9  Les \u00e9tapes \u00e0 suivre :\u00a0   Choisissez le montant de la carte cadeau  Renseigner l&#039;adresse mail de votre proche (la carte cadeau est envoy\u00e9e par mail)  Renseigner votre nom \/ pseudo ou autres  Il n&#039;est pas obligatoire de remplir la case message, mais votre proche sera heureux d&#039;avoir un message de votre part, qui accompagne la carte cadeau  S\u00e9lectionner la date d&#039;exp\u00e9dition de la carte cadeau (utilisable 1 an sur notre site)  &nbsp;  &nbsp;\" \/>\n<meta property=\"og:url\" content=\"https:\/\/repliquemangacine.fr\/en\/pirate-gun\/gift-card\/\" \/>\n<meta property=\"og:site_name\" content=\"R\u00e9plique Manga Cin\u00e9\" \/>\n<meta property=\"article:publisher\" content=\"https:\/\/www.facebook.com\/RepliqueMangaCine\" \/>\n<meta property=\"article:modified_time\" content=\"2025-09-23T16:03:21+00:00\" \/>\n<meta property=\"og:image\" content=\"https:\/\/repliquemangacine.fr\/wp-content\/uploads\/2023\/10\/1BD3882F-F38A-473D-9A15-8F3947C4A0B6-1.png\" \/>\n\t<meta property=\"og:image:width\" content=\"500\" \/>\n\t<meta property=\"og:image:height\" content=\"500\" \/>\n\t<meta property=\"og:image:type\" content=\"image\/png\" \/>\n<meta name=\"twitter:card\" content=\"summary_large_image\" \/>\n<script type=\"application\/ld+json\" class=\"yoast-schema-graph\">{\"@context\":\"https:\\\/\\\/schema.org\",\"@graph\":[{\"@type\":\"WebPage\",\"@id\":\"https:\\\/\\\/repliquemangacine.fr\\\/pistolet-pirate\\\/carte-cadeau\\\/\",\"url\":\"https:\\\/\\\/repliquemangacine.fr\\\/pistolet-pirate\\\/carte-cadeau\\\/\",\"name\":\"Carte cadeau - R\u00e9plique Manga Cin\u00e9\",\"isPartOf\":{\"@id\":\"https:\\\/\\\/repliquemangacine.fr\\\/#website\"},\"primaryImageOfPage\":{\"@id\":\"https:\\\/\\\/repliquemangacine.fr\\\/pistolet-pirate\\\/carte-cadeau\\\/#primaryimage\"},\"image\":{\"@id\":\"https:\\\/\\\/repliquemangacine.fr\\\/pistolet-pirate\\\/carte-cadeau\\\/#primaryimage\"},\"thumbnailUrl\":\"https:\\\/\\\/repliquemangacine.fr\\\/wp-content\\\/uploads\\\/2023\\\/10\\\/1BD3882F-F38A-473D-9A15-8F3947C4A0B6-1.png\",\"datePublished\":\"2023-03-03T02:26:00+00:00\",\"dateModified\":\"2025-09-23T16:03:21+00:00\",\"breadcrumb\":{\"@id\":\"https:\\\/\\\/repliquemangacine.fr\\\/pistolet-pirate\\\/carte-cadeau\\\/#breadcrumb\"},\"inLanguage\":\"en-US\",\"potentialAction\":[{\"@type\":\"ReadAction\",\"target\":[\"https:\\\/\\\/repliquemangacine.fr\\\/pistolet-pirate\\\/carte-cadeau\\\/\"]}]},{\"@type\":\"ImageObject\",\"inLanguage\":\"en-US\",\"@id\":\"https:\\\/\\\/repliquemangacine.fr\\\/pistolet-pirate\\\/carte-cadeau\\\/#primaryimage\",\"url\":\"https:\\\/\\\/repliquemangacine.fr\\\/wp-content\\\/uploads\\\/2023\\\/10\\\/1BD3882F-F38A-473D-9A15-8F3947C4A0B6-1.png\",\"contentUrl\":\"https:\\\/\\\/repliquemangacine.fr\\\/wp-content\\\/uploads\\\/2023\\\/10\\\/1BD3882F-F38A-473D-9A15-8F3947C4A0B6-1.png\",\"width\":500,\"height\":500},{\"@type\":\"BreadcrumbList\",\"@id\":\"https:\\\/\\\/repliquemangacine.fr\\\/pistolet-pirate\\\/carte-cadeau\\\/#breadcrumb\",\"itemListElement\":[{\"@type\":\"ListItem\",\"position\":1,\"name\":\"Accueil\",\"item\":\"https:\\\/\\\/repliquemangacine.fr\\\/\"},{\"@type\":\"ListItem\",\"position\":2,\"name\":\"Produits\",\"item\":\"https:\\\/\\\/repliquemangacine.fr\\\/boutique\\\/\"},{\"@type\":\"ListItem\",\"position\":3,\"name\":\"Carte cadeau\"}]},{\"@type\":\"WebSite\",\"@id\":\"https:\\\/\\\/repliquemangacine.fr\\\/#website\",\"url\":\"https:\\\/\\\/repliquemangacine.fr\\\/\",\"name\":\"R\u00e9plique Manga Cin\u00e9\",\"description\":\"\",\"publisher\":{\"@id\":\"https:\\\/\\\/repliquemangacine.fr\\\/#organization\"},\"potentialAction\":[{\"@type\":\"SearchAction\",\"target\":{\"@type\":\"EntryPoint\",\"urlTemplate\":\"https:\\\/\\\/repliquemangacine.fr\\\/?s={search_term_string}\"},\"query-input\":{\"@type\":\"PropertyValueSpecification\",\"valueRequired\":true,\"valueName\":\"search_term_string\"}}],\"inLanguage\":\"en-US\"},{\"@type\":\"Organization\",\"@id\":\"https:\\\/\\\/repliquemangacine.fr\\\/#organization\",\"name\":\"R\u00e9plique Manga Cin\u00e9\",\"url\":\"https:\\\/\\\/repliquemangacine.fr\\\/\",\"logo\":{\"@type\":\"ImageObject\",\"inLanguage\":\"en-US\",\"@id\":\"https:\\\/\\\/repliquemangacine.fr\\\/#\\\/schema\\\/logo\\\/image\\\/\",\"url\":\"https:\\\/\\\/repliquemangacine.fr\\\/wp-content\\\/uploads\\\/2023\\\/10\\\/RMC-500250.png\",\"contentUrl\":\"https:\\\/\\\/repliquemangacine.fr\\\/wp-content\\\/uploads\\\/2023\\\/10\\\/RMC-500250.png\",\"width\":500,\"height\":250,\"caption\":\"R\u00e9plique Manga Cin\u00e9\"},\"image\":{\"@id\":\"https:\\\/\\\/repliquemangacine.fr\\\/#\\\/schema\\\/logo\\\/image\\\/\"},\"sameAs\":[\"https:\\\/\\\/www.facebook.com\\\/RepliqueMangaCine\",\"https:\\\/\\\/www.instagram.com\\\/repliquemangacine.fr\\\/\"]}]}<\/script>\n<!-- \/ Yoast SEO plugin. -->","yoast_head_json":{"title":"Gift card - R\u00e9plique Manga Cin\u00e9","robots":{"index":"index","follow":"follow","max-snippet":"max-snippet:-1","max-image-preview":"max-image-preview:large","max-video-preview":"max-video-preview:-1"},"canonical":"https:\/\/repliquemangacine.fr\/en\/pirate-gun\/gift-card\/","og_locale":"en_US","og_type":"article","og_title":"Carte cadeau - R\u00e9plique Manga Cin\u00e9","og_description":"Offrez une carte cadeau \u00e0 un proche avec R\u00e9plique Manga Cin\u00e9  Les \u00e9tapes \u00e0 suivre :\u00a0   Choisissez le montant de la carte cadeau  Renseigner l'adresse mail de votre proche (la carte cadeau est envoy\u00e9e par mail)  Renseigner votre nom \/ pseudo ou autres  Il n'est pas obligatoire de remplir la case message, mais votre proche sera heureux d'avoir un message de votre part, qui accompagne la carte cadeau  S\u00e9lectionner la date d'exp\u00e9dition de la carte cadeau (utilisable 1 an sur notre site)  &nbsp;  &nbsp;","og_url":"https:\/\/repliquemangacine.fr\/en\/pirate-gun\/gift-card\/","og_site_name":"R\u00e9plique Manga Cin\u00e9","article_publisher":"https:\/\/www.facebook.com\/RepliqueMangaCine","article_modified_time":"2025-09-23T16:03:21+00:00","og_image":[{"width":500,"height":500,"url":"https:\/\/repliquemangacine.fr\/wp-content\/uploads\/2023\/10\/1BD3882F-F38A-473D-9A15-8F3947C4A0B6-1.png","type":"image\/png"}],"twitter_card":"summary_large_image","schema":{"@context":"https:\/\/schema.org","@graph":[{"@type":"WebPage","@id":"https:\/\/repliquemangacine.fr\/pistolet-pirate\/carte-cadeau\/","url":"https:\/\/repliquemangacine.fr\/pistolet-pirate\/carte-cadeau\/","name":"Gift card - R\u00e9plique Manga Cin\u00e9","isPartOf":{"@id":"https:\/\/repliquemangacine.fr\/#website"},"primaryImageOfPage":{"@id":"https:\/\/repliquemangacine.fr\/pistolet-pirate\/carte-cadeau\/#primaryimage"},"image":{"@id":"https:\/\/repliquemangacine.fr\/pistolet-pirate\/carte-cadeau\/#primaryimage"},"thumbnailUrl":"https:\/\/repliquemangacine.fr\/wp-content\/uploads\/2023\/10\/1BD3882F-F38A-473D-9A15-8F3947C4A0B6-1.png","datePublished":"2023-03-03T02:26:00+00:00","dateModified":"2025-09-23T16:03:21+00:00","breadcrumb":{"@id":"https:\/\/repliquemangacine.fr\/pistolet-pirate\/carte-cadeau\/#breadcrumb"},"inLanguage":"en-US","potentialAction":[{"@type":"ReadAction","target":["https:\/\/repliquemangacine.fr\/pistolet-pirate\/carte-cadeau\/"]}]},{"@type":"ImageObject","inLanguage":"en-US","@id":"https:\/\/repliquemangacine.fr\/pistolet-pirate\/carte-cadeau\/#primaryimage","url":"https:\/\/repliquemangacine.fr\/wp-content\/uploads\/2023\/10\/1BD3882F-F38A-473D-9A15-8F3947C4A0B6-1.png","contentUrl":"https:\/\/repliquemangacine.fr\/wp-content\/uploads\/2023\/10\/1BD3882F-F38A-473D-9A15-8F3947C4A0B6-1.png","width":500,"height":500},{"@type":"BreadcrumbList","@id":"https:\/\/repliquemangacine.fr\/pistolet-pirate\/carte-cadeau\/#breadcrumb","itemListElement":[{"@type":"ListItem","position":1,"name":"Accueil","item":"https:\/\/repliquemangacine.fr\/"},{"@type":"ListItem","position":2,"name":"Produits","item":"https:\/\/repliquemangacine.fr\/boutique\/"},{"@type":"ListItem","position":3,"name":"Carte cadeau"}]},{"@type":"WebSite","@id":"https:\/\/repliquemangacine.fr\/#website","url":"https:\/\/repliquemangacine.fr\/","name":"R\u00e9plique Manga Cin\u00e9","description":"","publisher":{"@id":"https:\/\/repliquemangacine.fr\/#organization"},"potentialAction":[{"@type":"SearchAction","target":{"@type":"EntryPoint","urlTemplate":"https:\/\/repliquemangacine.fr\/?s={search_term_string}"},"query-input":{"@type":"PropertyValueSpecification","valueRequired":true,"valueName":"search_term_string"}}],"inLanguage":"en-US"},{"@type":"Organization","@id":"https:\/\/repliquemangacine.fr\/#organization","name":"R\u00e9plique Manga Cin\u00e9","url":"https:\/\/repliquemangacine.fr\/","logo":{"@type":"ImageObject","inLanguage":"en-US","@id":"https:\/\/repliquemangacine.fr\/#\/schema\/logo\/image\/","url":"https:\/\/repliquemangacine.fr\/wp-content\/uploads\/2023\/10\/RMC-500250.png","contentUrl":"https:\/\/repliquemangacine.fr\/wp-content\/uploads\/2023\/10\/RMC-500250.png","width":500,"height":250,"caption":"R\u00e9plique Manga Cin\u00e9"},"image":{"@id":"https:\/\/repliquemangacine.fr\/#\/schema\/logo\/image\/"},"sameAs":["https:\/\/www.facebook.com\/RepliqueMangaCine","https:\/\/www.instagram.com\/repliquemangacine.fr\/"]}]}},"_links":{"self":[{"href":"https:\/\/repliquemangacine.fr\/en\/wp-json\/wp\/v2\/product\/58965","targetHints":{"allow":["GET"]}}],"collection":[{"href":"https:\/\/repliquemangacine.fr\/en\/wp-json\/wp\/v2\/product"}],"about":[{"href":"https:\/\/repliquemangacine.fr\/en\/wp-json\/wp\/v2\/types\/product"}],"wp:featuredmedia":[{"embeddable":true,"href":"https:\/\/repliquemangacine.fr\/en\/wp-json\/wp\/v2\/media\/64308"}],"wp:attachment":[{"href":"https:\/\/repliquemangacine.fr\/en\/wp-json\/wp\/v2\/media?parent=58965"}],"wp:term":[{"taxonomy":"product_brand","embeddable":true,"href":"https:\/\/repliquemangacine.fr\/en\/wp-json\/wp\/v2\/product_brand?post=58965"},{"taxonomy":"product_cat","embeddable":true,"href":"https:\/\/repliquemangacine.fr\/en\/wp-json\/wp\/v2\/product_cat?post=58965"},{"taxonomy":"product_tag","embeddable":true,"href":"https:\/\/repliquemangacine.fr\/en\/wp-json\/wp\/v2\/product_tag?post=58965"}],"curies":[{"name":"wp","href":"https:\/\/api.w.org\/{rel}","templated":true}]}}