





{"id":58576,"date":"2023-02-09T19:37:32","date_gmt":"2023-02-09T18:37:32","guid":{"rendered":"https:\/\/repliquemangacine.fr\/?post_type=product&#038;p=58576"},"modified":"2025-11-21T13:14:28","modified_gmt":"2025-11-21T12:14:28","slug":"firebolt-broom-harry-potter","status":"publish","type":"product","link":"https:\/\/repliquemangacine.fr\/en\/collectors-et-goodies-harry-potter\/balai-firebolt-harry-potter\/","title":{"rendered":"Harry Potter Firebolt broom"},"content":{"rendered":"<h2>Official replica of the Firebolt broom in Harry Potter.<\/h2>\n<p>This exceptional <strong>Harry Potter Firebolt broom<\/strong> under official Warner Bros. license, in a limited edition of just 10,000 copies worldwide.<\/p>\n<p><em>Although it's a pleasure to wear, this \u00c9clair de Feu is not a toy, but a fragile collector's item. It can break if mishandled. As the handle and twigs are made from natural materials, the color and appearance of the wood may vary from one broom to another.<\/em><\/p>\n<p>In the Harry Potter saga, the Firebolt is the fastest broom, accelerating from 0 to 240 km\/h in 10 seconds. Equipped with an automatic brake and an elaborate braking spell.<\/p>\n<p>Harry became its proud owner at Christmas, as a gift from his godfather Sirius Black. The Firebolt is also used by Ireland's Quiddich team.<\/p>\n<p><a href=\"https:\/\/www.repliquemangacine.fr\/wp-content\/uploads\/2023\/02\/balai-eclair-de-feu-harry-potter1.jpg\"><img fetchpriority=\"high\" decoding=\"async\" class=\"alignnone size-medium wp-image-58589\" src=\"https:\/\/www.repliquemangacine.fr\/wp-content\/uploads\/2023\/02\/balai-eclair-de-feu-harry-potter1-300x300.jpg\" alt=\"\" width=\"300\" height=\"300\" \/><\/a><\/p>\n<h2>Harry Potter Firebolt Broom at the best price.<\/h2>\n<p>We offer a wide selection of Harry Potter wands, as well as collector's items to add to your collection.<\/p>\n<p>To get started,<\/p>\n<ul>\n<li>Visit <a href=\"https:\/\/repliquemangacine.fr\/en\/harry-potter-chopsticks\/\">Harry Potter character wands<\/a>in both official and inexpensive replica versions.<\/li>\n<li>There is also the <a href=\"https:\/\/repliquemangacine.fr\/en\/harry-potter-collectors-and-goodies\/echiquier-des-sorciers-chess-game-hp\/\">Harry Potter chess set<\/a> under official license distributed by <a href=\"https:\/\/noblecollection.fr\/echiquier-des-sorciers-harry-potter-p-4658.html\" target=\"_blank\" rel=\"noopener noreferrer\">Noble Collection<\/a><\/li>\n<li>As well as the <a href=\"https:\/\/repliquemangacine.fr\/en\/harry-potter-wands-and-goodies\/ron-weasleys-deluminator\/\">Deluminator<\/a> bequeathed to him by Dumbledor. This collector's item is distributed by Noble Collection.<\/li>\n<li>There is also the<a href=\"https:\/\/repliquemangacine.fr\/en\/harry-potter-collectors-and-goodies\/harry-potter-godric-gryffindor-sword\/\">Gryffindor sword<\/a>made by goblins. It is one of the four founders' relics.<\/li>\n<li>And much more to discover in our online store.<\/li>\n<\/ul>\n<p>That's why we've come up with some great gift ideas for all fans of the saga. You too can be the proud owner of the <strong>Harry Potter Firebolt broom<\/strong>.<\/p>\n<h2>Check out our latest Harry Potter releases for less.<\/h2>\n<p>Always on the lookout for the latest products on the market, we offer a few replicas you may need to expand your personal collection.<\/p>\n<p>First of all, you asked for it - here it comes!<\/p>\n<ul>\n<li>The replica of the interactive token, it will tell you which House you belong to! But that's not all! Press the strips to activate the mouth and move the top of the toggle.<\/li>\n<li>A new <a href=\"https:\/\/repliquemangacine.fr\/en\/harry-potter-collectors-and-goodies\/harry-potter-wand-set\/\">collector's box<\/a> of your favorite characters as key rings or pendants, depending on your mood.<\/li>\n<li>Soon, we'll be bringing in the famous Marauder's Map, the magical map that indicates the location of the school's occupants.<\/li>\n<li>To conclude, there are plenty of other surprises in store for you! <strong>Harry Potter Firebolt broom<\/strong><\/li>\n<\/ul>\n<p>R\u00e9plique Manga Cin\u00e9 is a French family business.<\/p>","protected":false},"excerpt":{"rendered":"<p>Officially licensed replica of the Firebolt broom. In every way similar to the one seen in the films, it was drawn from the Warner Bros. archives.<\/p>\n<ul>\n<li>Rubberwood handle with engraved runes.<\/li>\n<li>Birch and rattan bristles.<\/li>\n<li>Removable footrests can be installed in two different ways<\/li>\n<li>Wrapped in Quidditch wrapping paper<\/li>\n<li>Golden runes engraved on the handle<\/li>\n<li>Supplied in 2 pieces. Easy assembly with screw system<\/li>\n<li>A feather reminiscent of Buck's is supplied with the broom.<\/li>\n<li>Dimensions: 165cm - Weight: 3210grs<\/li>\n<\/ul>\n<p><strong>Each Firebolt comes with a certificate of authenticity, a stand and a numbered metal plate, so each piece is truly unique. <\/strong><\/p>\n<p><strong>Limited edition of 10,000 copies.<\/strong><\/p>\n<p><iframe title=\"YouTube video player\" src=\"https:\/\/www.youtube.com\/embed\/0DUEyqWL7g8\" width=\"560\" height=\"315\" frameborder=\"0\" allowfullscreen=\"allowfullscreen\"><\/iframe><\/p>","protected":false},"featured_media":58577,"template":"","meta":[],"product_brand":[896],"product_cat":[87,24,41],"product_tag":[],"class_list":{"0":"post-58576","1":"product","2":"type-product","3":"status-publish","4":"has-post-thumbnail","6":"product_brand-replique-manga-cine","7":"product_cat-collectors-et-goodies-harry-potter","8":"product_cat-films-series-tv-vente-de-katana-epee-et-produits-derives","9":"product_cat-baguettes-et-goodies-harry-potter","11":"first","12":"instock","13":"taxable","14":"shipping-taxable","15":"purchasable","16":"product-type-simple"},"yoast_head":"<!-- This site is optimized with the Yoast SEO plugin v27.5 - https:\/\/yoast.com\/product\/yoast-seo-wordpress\/ -->\n<title>Balai Firebolt Harry Potter Licence Officielle | R\u00e9plique Manga Cin\u00e9<\/title>\n<meta name=\"description\" content=\"Exceptionnel, le Balai Firebolt de Harry Potter au meilleur prix. Sous licence Officielle Warner Bros, num\u00e9rot\u00e9e, \u00e9chelle 1\/1. Envoi gratuit en 24\/48h\" \/>\n<meta name=\"robots\" content=\"index, follow, max-snippet:-1, max-image-preview:large, max-video-preview:-1\" \/>\n<link rel=\"canonical\" href=\"https:\/\/repliquemangacine.fr\/en\/harry-potter-collectors-and-goodies\/firebolt-broom-harry-potter\/\" \/>\n<meta property=\"og:locale\" content=\"en_US\" \/>\n<meta property=\"og:type\" content=\"article\" \/>\n<meta property=\"og:title\" content=\"Balai Firebolt Harry Potter Licence Officielle | R\u00e9plique Manga Cin\u00e9\" \/>\n<meta property=\"og:description\" content=\"Exceptionnel, le Balai Firebolt de Harry Potter au meilleur prix. Sous licence Officielle Warner Bros, num\u00e9rot\u00e9e, \u00e9chelle 1\/1. Envoi gratuit en 24\/48h\" \/>\n<meta property=\"og:url\" content=\"https:\/\/repliquemangacine.fr\/en\/harry-potter-collectors-and-goodies\/firebolt-broom-harry-potter\/\" \/>\n<meta property=\"og:site_name\" content=\"R\u00e9plique Manga Cin\u00e9\" \/>\n<meta property=\"article:publisher\" content=\"https:\/\/www.facebook.com\/RepliqueMangaCine\" \/>\n<meta property=\"article:modified_time\" content=\"2025-11-21T12:14:28+00:00\" \/>\n<meta property=\"og:image\" content=\"https:\/\/repliquemangacine.fr\/wp-content\/uploads\/2023\/10\/Balai-FireBolt-Harry-Potter.jpg\" \/>\n\t<meta property=\"og:image:width\" content=\"500\" \/>\n\t<meta property=\"og:image:height\" content=\"500\" \/>\n\t<meta property=\"og:image:type\" content=\"image\/jpeg\" \/>\n<meta name=\"twitter:card\" content=\"summary_large_image\" \/>\n<meta name=\"twitter:label1\" content=\"Est. reading time\" \/>\n\t<meta name=\"twitter:data1\" content=\"3 minutes\" \/>\n<script type=\"application\/ld+json\" class=\"yoast-schema-graph\">{\"@context\":\"https:\\\/\\\/schema.org\",\"@graph\":[{\"@type\":\"WebPage\",\"@id\":\"https:\\\/\\\/repliquemangacine.fr\\\/collectors-et-goodies-harry-potter\\\/balai-firebolt-harry-potter\\\/\",\"url\":\"https:\\\/\\\/repliquemangacine.fr\\\/collectors-et-goodies-harry-potter\\\/balai-firebolt-harry-potter\\\/\",\"name\":\"Balai Firebolt Harry Potter Licence Officielle | R\u00e9plique Manga Cin\u00e9\",\"isPartOf\":{\"@id\":\"https:\\\/\\\/repliquemangacine.fr\\\/#website\"},\"primaryImageOfPage\":{\"@id\":\"https:\\\/\\\/repliquemangacine.fr\\\/collectors-et-goodies-harry-potter\\\/balai-firebolt-harry-potter\\\/#primaryimage\"},\"image\":{\"@id\":\"https:\\\/\\\/repliquemangacine.fr\\\/collectors-et-goodies-harry-potter\\\/balai-firebolt-harry-potter\\\/#primaryimage\"},\"thumbnailUrl\":\"https:\\\/\\\/repliquemangacine.fr\\\/wp-content\\\/uploads\\\/2023\\\/10\\\/Balai-FireBolt-Harry-Potter.jpg\",\"datePublished\":\"2023-02-09T18:37:32+00:00\",\"dateModified\":\"2025-11-21T12:14:28+00:00\",\"description\":\"Exceptionnel, le Balai Firebolt de Harry Potter au meilleur prix. Sous licence Officielle Warner Bros, num\u00e9rot\u00e9e, \u00e9chelle 1\\\/1. Envoi gratuit en 24\\\/48h\",\"breadcrumb\":{\"@id\":\"https:\\\/\\\/repliquemangacine.fr\\\/collectors-et-goodies-harry-potter\\\/balai-firebolt-harry-potter\\\/#breadcrumb\"},\"inLanguage\":\"en-US\",\"potentialAction\":[{\"@type\":\"ReadAction\",\"target\":[\"https:\\\/\\\/repliquemangacine.fr\\\/collectors-et-goodies-harry-potter\\\/balai-firebolt-harry-potter\\\/\"]}]},{\"@type\":\"ImageObject\",\"inLanguage\":\"en-US\",\"@id\":\"https:\\\/\\\/repliquemangacine.fr\\\/collectors-et-goodies-harry-potter\\\/balai-firebolt-harry-potter\\\/#primaryimage\",\"url\":\"https:\\\/\\\/repliquemangacine.fr\\\/wp-content\\\/uploads\\\/2023\\\/10\\\/Balai-FireBolt-Harry-Potter.jpg\",\"contentUrl\":\"https:\\\/\\\/repliquemangacine.fr\\\/wp-content\\\/uploads\\\/2023\\\/10\\\/Balai-FireBolt-Harry-Potter.jpg\",\"width\":500,\"height\":500,\"caption\":\"Balai Firebolt Harry Potter \u00e9clair de feu\"},{\"@type\":\"BreadcrumbList\",\"@id\":\"https:\\\/\\\/repliquemangacine.fr\\\/collectors-et-goodies-harry-potter\\\/balai-firebolt-harry-potter\\\/#breadcrumb\",\"itemListElement\":[{\"@type\":\"ListItem\",\"position\":1,\"name\":\"Accueil\",\"item\":\"https:\\\/\\\/repliquemangacine.fr\\\/\"},{\"@type\":\"ListItem\",\"position\":2,\"name\":\"Produits\",\"item\":\"https:\\\/\\\/repliquemangacine.fr\\\/boutique\\\/\"},{\"@type\":\"ListItem\",\"position\":3,\"name\":\"Balai Firebolt Harry Potter\"}]},{\"@type\":\"WebSite\",\"@id\":\"https:\\\/\\\/repliquemangacine.fr\\\/#website\",\"url\":\"https:\\\/\\\/repliquemangacine.fr\\\/\",\"name\":\"R\u00e9plique Manga Cin\u00e9\",\"description\":\"\",\"publisher\":{\"@id\":\"https:\\\/\\\/repliquemangacine.fr\\\/#organization\"},\"potentialAction\":[{\"@type\":\"SearchAction\",\"target\":{\"@type\":\"EntryPoint\",\"urlTemplate\":\"https:\\\/\\\/repliquemangacine.fr\\\/?s={search_term_string}\"},\"query-input\":{\"@type\":\"PropertyValueSpecification\",\"valueRequired\":true,\"valueName\":\"search_term_string\"}}],\"inLanguage\":\"en-US\"},{\"@type\":\"Organization\",\"@id\":\"https:\\\/\\\/repliquemangacine.fr\\\/#organization\",\"name\":\"R\u00e9plique Manga Cin\u00e9\",\"url\":\"https:\\\/\\\/repliquemangacine.fr\\\/\",\"logo\":{\"@type\":\"ImageObject\",\"inLanguage\":\"en-US\",\"@id\":\"https:\\\/\\\/repliquemangacine.fr\\\/#\\\/schema\\\/logo\\\/image\\\/\",\"url\":\"https:\\\/\\\/repliquemangacine.fr\\\/wp-content\\\/uploads\\\/2023\\\/10\\\/RMC-500250.png\",\"contentUrl\":\"https:\\\/\\\/repliquemangacine.fr\\\/wp-content\\\/uploads\\\/2023\\\/10\\\/RMC-500250.png\",\"width\":500,\"height\":250,\"caption\":\"R\u00e9plique Manga Cin\u00e9\"},\"image\":{\"@id\":\"https:\\\/\\\/repliquemangacine.fr\\\/#\\\/schema\\\/logo\\\/image\\\/\"},\"sameAs\":[\"https:\\\/\\\/www.facebook.com\\\/RepliqueMangaCine\",\"https:\\\/\\\/www.instagram.com\\\/repliquemangacine.fr\\\/\"]}]}<\/script>\n<!-- \/ Yoast SEO plugin. -->","yoast_head_json":{"title":"Firebolt Broom Harry Potter Official License | R\u00e9plique Manga Cin\u00e9","description":"Exceptional, Harry Potter's Firebolt Broom at the best price. Official Warner Bros license, numbered, scale 1\/1. Free shipping in 24\/48h","robots":{"index":"index","follow":"follow","max-snippet":"max-snippet:-1","max-image-preview":"max-image-preview:large","max-video-preview":"max-video-preview:-1"},"canonical":"https:\/\/repliquemangacine.fr\/en\/harry-potter-collectors-and-goodies\/firebolt-broom-harry-potter\/","og_locale":"en_US","og_type":"article","og_title":"Balai Firebolt Harry Potter Licence Officielle | R\u00e9plique Manga Cin\u00e9","og_description":"Exceptionnel, le Balai Firebolt de Harry Potter au meilleur prix. Sous licence Officielle Warner Bros, num\u00e9rot\u00e9e, \u00e9chelle 1\/1. Envoi gratuit en 24\/48h","og_url":"https:\/\/repliquemangacine.fr\/en\/harry-potter-collectors-and-goodies\/firebolt-broom-harry-potter\/","og_site_name":"R\u00e9plique Manga Cin\u00e9","article_publisher":"https:\/\/www.facebook.com\/RepliqueMangaCine","article_modified_time":"2025-11-21T12:14:28+00:00","og_image":[{"width":500,"height":500,"url":"https:\/\/repliquemangacine.fr\/wp-content\/uploads\/2023\/10\/Balai-FireBolt-Harry-Potter.jpg","type":"image\/jpeg"}],"twitter_card":"summary_large_image","twitter_misc":{"Est. reading time":"3 minutes"},"schema":{"@context":"https:\/\/schema.org","@graph":[{"@type":"WebPage","@id":"https:\/\/repliquemangacine.fr\/collectors-et-goodies-harry-potter\/balai-firebolt-harry-potter\/","url":"https:\/\/repliquemangacine.fr\/collectors-et-goodies-harry-potter\/balai-firebolt-harry-potter\/","name":"Firebolt Broom Harry Potter Official License | R\u00e9plique Manga Cin\u00e9","isPartOf":{"@id":"https:\/\/repliquemangacine.fr\/#website"},"primaryImageOfPage":{"@id":"https:\/\/repliquemangacine.fr\/collectors-et-goodies-harry-potter\/balai-firebolt-harry-potter\/#primaryimage"},"image":{"@id":"https:\/\/repliquemangacine.fr\/collectors-et-goodies-harry-potter\/balai-firebolt-harry-potter\/#primaryimage"},"thumbnailUrl":"https:\/\/repliquemangacine.fr\/wp-content\/uploads\/2023\/10\/Balai-FireBolt-Harry-Potter.jpg","datePublished":"2023-02-09T18:37:32+00:00","dateModified":"2025-11-21T12:14:28+00:00","description":"Exceptional, Harry Potter's Firebolt Broom at the best price. Official Warner Bros license, numbered, scale 1\/1. Free shipping in 24\/48h","breadcrumb":{"@id":"https:\/\/repliquemangacine.fr\/collectors-et-goodies-harry-potter\/balai-firebolt-harry-potter\/#breadcrumb"},"inLanguage":"en-US","potentialAction":[{"@type":"ReadAction","target":["https:\/\/repliquemangacine.fr\/collectors-et-goodies-harry-potter\/balai-firebolt-harry-potter\/"]}]},{"@type":"ImageObject","inLanguage":"en-US","@id":"https:\/\/repliquemangacine.fr\/collectors-et-goodies-harry-potter\/balai-firebolt-harry-potter\/#primaryimage","url":"https:\/\/repliquemangacine.fr\/wp-content\/uploads\/2023\/10\/Balai-FireBolt-Harry-Potter.jpg","contentUrl":"https:\/\/repliquemangacine.fr\/wp-content\/uploads\/2023\/10\/Balai-FireBolt-Harry-Potter.jpg","width":500,"height":500,"caption":"Balai Firebolt Harry Potter \u00e9clair de feu"},{"@type":"BreadcrumbList","@id":"https:\/\/repliquemangacine.fr\/collectors-et-goodies-harry-potter\/balai-firebolt-harry-potter\/#breadcrumb","itemListElement":[{"@type":"ListItem","position":1,"name":"Accueil","item":"https:\/\/repliquemangacine.fr\/"},{"@type":"ListItem","position":2,"name":"Produits","item":"https:\/\/repliquemangacine.fr\/boutique\/"},{"@type":"ListItem","position":3,"name":"Balai Firebolt Harry Potter"}]},{"@type":"WebSite","@id":"https:\/\/repliquemangacine.fr\/#website","url":"https:\/\/repliquemangacine.fr\/","name":"R\u00e9plique Manga Cin\u00e9","description":"","publisher":{"@id":"https:\/\/repliquemangacine.fr\/#organization"},"potentialAction":[{"@type":"SearchAction","target":{"@type":"EntryPoint","urlTemplate":"https:\/\/repliquemangacine.fr\/?s={search_term_string}"},"query-input":{"@type":"PropertyValueSpecification","valueRequired":true,"valueName":"search_term_string"}}],"inLanguage":"en-US"},{"@type":"Organization","@id":"https:\/\/repliquemangacine.fr\/#organization","name":"R\u00e9plique Manga Cin\u00e9","url":"https:\/\/repliquemangacine.fr\/","logo":{"@type":"ImageObject","inLanguage":"en-US","@id":"https:\/\/repliquemangacine.fr\/#\/schema\/logo\/image\/","url":"https:\/\/repliquemangacine.fr\/wp-content\/uploads\/2023\/10\/RMC-500250.png","contentUrl":"https:\/\/repliquemangacine.fr\/wp-content\/uploads\/2023\/10\/RMC-500250.png","width":500,"height":250,"caption":"R\u00e9plique Manga Cin\u00e9"},"image":{"@id":"https:\/\/repliquemangacine.fr\/#\/schema\/logo\/image\/"},"sameAs":["https:\/\/www.facebook.com\/RepliqueMangaCine","https:\/\/www.instagram.com\/repliquemangacine.fr\/"]}]}},"_links":{"self":[{"href":"https:\/\/repliquemangacine.fr\/en\/wp-json\/wp\/v2\/product\/58576","targetHints":{"allow":["GET"]}}],"collection":[{"href":"https:\/\/repliquemangacine.fr\/en\/wp-json\/wp\/v2\/product"}],"about":[{"href":"https:\/\/repliquemangacine.fr\/en\/wp-json\/wp\/v2\/types\/product"}],"wp:featuredmedia":[{"embeddable":true,"href":"https:\/\/repliquemangacine.fr\/en\/wp-json\/wp\/v2\/media\/58577"}],"wp:attachment":[{"href":"https:\/\/repliquemangacine.fr\/en\/wp-json\/wp\/v2\/media?parent=58576"}],"wp:term":[{"taxonomy":"product_brand","embeddable":true,"href":"https:\/\/repliquemangacine.fr\/en\/wp-json\/wp\/v2\/product_brand?post=58576"},{"taxonomy":"product_cat","embeddable":true,"href":"https:\/\/repliquemangacine.fr\/en\/wp-json\/wp\/v2\/product_cat?post=58576"},{"taxonomy":"product_tag","embeddable":true,"href":"https:\/\/repliquemangacine.fr\/en\/wp-json\/wp\/v2\/product_tag?post=58576"}],"curies":[{"name":"wp","href":"https:\/\/api.w.org\/{rel}","templated":true}]}}