





{"id":58565,"date":"2023-02-09T15:20:16","date_gmt":"2023-02-09T14:20:16","guid":{"rendered":"https:\/\/repliquemangacine.fr\/?post_type=product&#038;p=58565"},"modified":"2025-11-21T13:15:30","modified_gmt":"2025-11-21T12:15:30","slug":"lord-of-the-rings-arwen-necklace","status":"publish","type":"product","link":"https:\/\/repliquemangacine.fr\/en\/bijoux-anneaux\/collier-arwen-seigneur-des-anneaux\/","title":{"rendered":"Arwen Lord of the Rings necklace"},"content":{"rendered":"<h2>Arwen the Lord of the Rings Evening Star necklace<\/h2>\n<p>Visit <strong>Arwen Lord of the Rings necklace<\/strong> is called the Evening Star. This pendant of Arwen's did not seem to conceal any powers. On the contrary, it seemed to contain a force of an entirely different kind.<\/p>\n<p>Indeed, one might think that it represents Arwen's immortal condition. Indeed, in the first part, Arwen gives it to Aragorn as a gift to confirm her love for him. And if she gives him her love, she loses her immortality, thus becoming part of Luthien Tinuviel's destiny.<\/p>\n<p>Another interpretation, in the film, appears at the end. For some reason, Peter Jackson has also linked Arwen and her necklace to the fate of the ring bearer.<br \/>\nIn the final chapter, as Frodo grows weaker, Arwen's life declines, and we see Elrond drawing serious conclusions.<\/p>\n<h2>Arwen pendant, Evening star at the best price.<\/h2>\n<p>We offer a wide selection of cheap Lord of the Rings swords and jewelry. Replica or official <a href=\"https:\/\/noblecollection.fr\/arwen-pendentif-etoile-soir-replique-seigneur-des-anneaux-p-11.html\" target=\"_blank\" rel=\"noopener noreferrer\">Noble Collection<\/a>, all you have to do is make your choice.<\/p>\n<p>First of all,<\/p>\n<ul>\n<li>L'<a href=\"https:\/\/repliquemangacine.fr\/en\/lord-of-the-rings-swords\/epee-arwen-sabre-hadhafang\/\">Hadhafang sword by Arwen<\/a> with its blade engraved with elven runes.<\/li>\n<li>There is also the famous sword reforged by the elves, the<a href=\"https:\/\/repliquemangacine.fr\/en\/the-lord-of-the-rings\/anduril-sword-aragorn-lord-of-the-rings\/\">Anduril<\/a> \"Western Flame<\/li>\n<li>As well as the <a href=\"https:\/\/repliquemangacine.fr\/en\/jewelry-rings\/brooch-necklace-lorien-leaf-lord-of-the-rings\/\">Lorien leaf brooch necklace<\/a> symbol of the Elves.<\/li>\n<li>Let's end with the emblematic and inescapable <a href=\"https:\/\/repliquemangacine.fr\/en\/the-lord-of-the-rings\/anneau-unique-le-precieux\/\">Unique Ring<\/a>. This ring of power is called by Gollum \"my Precious\".<\/li>\n<li>And many more to discover in our online store.<\/li>\n<\/ul>\n<p>That's why we've come up with some great gift ideas for all those who love the Lord of the Rings trilogy.<\/p>\n<h2>Our latest swords, jewelry and cheap Lord of the Rings collector's items.<\/h2>\n<ul>\n<li>First up is the magnificent 32-piece chess set representing \"The Battle of Middle-earth\". Each piece is finely sculpted with the trilogy's main characters.<\/li>\n<li>Next, the<a href=\"https:\/\/repliquemangacine.fr\/en\/lord-of-the-rings-swords\/lord-of-the-rings-witch-king-sword\/\">Sorcerer-King's sword<\/a> (Witch king), lord of the Nazgul. With its hammered blade and special guard.<\/li>\n<li>As well as the<a href=\"https:\/\/repliquemangacine.fr\/en\/lord-of-the-rings-swords\/lord-of-the-rings-nazgul-sword-black-knights-sword\/\">sword of the black riders<\/a> \"Nazguls\", servants of Sauron. This sword has a specially shaped hammered blade and guard.<\/li>\n<\/ul>\n<p>In conclusion, we strive to bring you all the latest products on the market. Don't hesitate to let us know what you'd like to see in your collection.<\/p>\n<p>R\u00e9plique Manga Cin\u00e9 is a French family business.<\/p>","protected":false},"excerpt":{"rendered":"<p>Superb replica of the Arwen Evening Star pendant. This official reproduction is distributed by <strong>Noble Collection<\/strong>.<\/p>\n<ul>\n<li>Silver-plated pendant<\/li>\n<li>Inlaid with crystal (rhinestones)<\/li>\n<li>Supplied with 45cm chain<\/li>\n<li>The pendant measures 6.3cm<\/li>\n<li>Comes with its Lord of the Rings cardboard box<\/li>\n<\/ul>","protected":false},"featured_media":58566,"template":"","meta":[],"product_brand":[896],"product_cat":[78,24,29],"product_tag":[],"class_list":{"0":"post-58565","1":"product","2":"type-product","3":"status-publish","4":"has-post-thumbnail","6":"product_brand-replique-manga-cine","7":"product_cat-bijoux-anneaux","8":"product_cat-films-series-tv-vente-de-katana-epee-et-produits-derives","9":"product_cat-le-seigneur-des-anneaux","11":"first","12":"outofstock","13":"taxable","14":"shipping-taxable","15":"purchasable","16":"product-type-simple"},"yoast_head":"<!-- This site is optimized with the Yoast SEO plugin v27.4 - https:\/\/yoast.com\/product\/yoast-seo-wordpress\/ -->\n<title>Collier Arwen Seigneur des Anneaux | R\u00e9plique Manga Cin\u00e9<\/title>\n<meta name=\"description\" content=\"Votre Collier d&#039;Arwen dans le Seigneur des Anneaux au meilleur prix. Pendentif \u00e9toile du soir pas cher. Livraison gratuite d\u00e8s 99\u20ac d&#039;achats - Envoi 24\/48h\" \/>\n<meta name=\"robots\" content=\"index, follow, max-snippet:-1, max-image-preview:large, max-video-preview:-1\" \/>\n<link rel=\"canonical\" href=\"https:\/\/repliquemangacine.fr\/en\/jewelry-rings\/lord-of-the-rings-arwen-necklace\/\" \/>\n<meta property=\"og:locale\" content=\"en_US\" \/>\n<meta property=\"og:type\" content=\"article\" \/>\n<meta property=\"og:title\" content=\"Collier Arwen Seigneur des Anneaux | R\u00e9plique Manga Cin\u00e9\" \/>\n<meta property=\"og:description\" content=\"Votre Collier d&#039;Arwen dans le Seigneur des Anneaux au meilleur prix. Pendentif \u00e9toile du soir pas cher. Livraison gratuite d\u00e8s 99\u20ac d&#039;achats - Envoi 24\/48h\" \/>\n<meta property=\"og:url\" content=\"https:\/\/repliquemangacine.fr\/en\/jewelry-rings\/lord-of-the-rings-arwen-necklace\/\" \/>\n<meta property=\"og:site_name\" content=\"R\u00e9plique Manga Cin\u00e9\" \/>\n<meta property=\"article:publisher\" content=\"https:\/\/www.facebook.com\/RepliqueMangaCine\" \/>\n<meta property=\"article:modified_time\" content=\"2025-11-21T12:15:30+00:00\" \/>\n<meta property=\"og:image\" content=\"https:\/\/repliquemangacine.fr\/wp-content\/uploads\/2023\/10\/Pendentif-Arwen-avec-boite.jpg\" \/>\n\t<meta property=\"og:image:width\" content=\"500\" \/>\n\t<meta property=\"og:image:height\" content=\"500\" \/>\n\t<meta property=\"og:image:type\" content=\"image\/jpeg\" \/>\n<meta name=\"twitter:card\" content=\"summary_large_image\" \/>\n<meta name=\"twitter:label1\" content=\"Est. reading time\" \/>\n\t<meta name=\"twitter:data1\" content=\"3 minutes\" \/>\n<script type=\"application\/ld+json\" class=\"yoast-schema-graph\">{\"@context\":\"https:\\\/\\\/schema.org\",\"@graph\":[{\"@type\":\"WebPage\",\"@id\":\"https:\\\/\\\/repliquemangacine.fr\\\/bijoux-anneaux\\\/collier-arwen-seigneur-des-anneaux\\\/\",\"url\":\"https:\\\/\\\/repliquemangacine.fr\\\/bijoux-anneaux\\\/collier-arwen-seigneur-des-anneaux\\\/\",\"name\":\"Collier Arwen Seigneur des Anneaux | R\u00e9plique Manga Cin\u00e9\",\"isPartOf\":{\"@id\":\"https:\\\/\\\/repliquemangacine.fr\\\/#website\"},\"primaryImageOfPage\":{\"@id\":\"https:\\\/\\\/repliquemangacine.fr\\\/bijoux-anneaux\\\/collier-arwen-seigneur-des-anneaux\\\/#primaryimage\"},\"image\":{\"@id\":\"https:\\\/\\\/repliquemangacine.fr\\\/bijoux-anneaux\\\/collier-arwen-seigneur-des-anneaux\\\/#primaryimage\"},\"thumbnailUrl\":\"https:\\\/\\\/repliquemangacine.fr\\\/wp-content\\\/uploads\\\/2023\\\/10\\\/Pendentif-Arwen-avec-boite.jpg\",\"datePublished\":\"2023-02-09T14:20:16+00:00\",\"dateModified\":\"2025-11-21T12:15:30+00:00\",\"description\":\"Votre Collier d'Arwen dans le Seigneur des Anneaux au meilleur prix. Pendentif \u00e9toile du soir pas cher. Livraison gratuite d\u00e8s 99\u20ac d'achats - Envoi 24\\\/48h\",\"breadcrumb\":{\"@id\":\"https:\\\/\\\/repliquemangacine.fr\\\/bijoux-anneaux\\\/collier-arwen-seigneur-des-anneaux\\\/#breadcrumb\"},\"inLanguage\":\"en-US\",\"potentialAction\":[{\"@type\":\"ReadAction\",\"target\":[\"https:\\\/\\\/repliquemangacine.fr\\\/bijoux-anneaux\\\/collier-arwen-seigneur-des-anneaux\\\/\"]}]},{\"@type\":\"ImageObject\",\"inLanguage\":\"en-US\",\"@id\":\"https:\\\/\\\/repliquemangacine.fr\\\/bijoux-anneaux\\\/collier-arwen-seigneur-des-anneaux\\\/#primaryimage\",\"url\":\"https:\\\/\\\/repliquemangacine.fr\\\/wp-content\\\/uploads\\\/2023\\\/10\\\/Pendentif-Arwen-avec-boite.jpg\",\"contentUrl\":\"https:\\\/\\\/repliquemangacine.fr\\\/wp-content\\\/uploads\\\/2023\\\/10\\\/Pendentif-Arwen-avec-boite.jpg\",\"width\":500,\"height\":500,\"caption\":\"Collier Arwen Seigneur des Anneaux\"},{\"@type\":\"BreadcrumbList\",\"@id\":\"https:\\\/\\\/repliquemangacine.fr\\\/bijoux-anneaux\\\/collier-arwen-seigneur-des-anneaux\\\/#breadcrumb\",\"itemListElement\":[{\"@type\":\"ListItem\",\"position\":1,\"name\":\"Accueil\",\"item\":\"https:\\\/\\\/repliquemangacine.fr\\\/\"},{\"@type\":\"ListItem\",\"position\":2,\"name\":\"Produits\",\"item\":\"https:\\\/\\\/repliquemangacine.fr\\\/boutique\\\/\"},{\"@type\":\"ListItem\",\"position\":3,\"name\":\"Collier Arwen Seigneur des Anneaux\"}]},{\"@type\":\"WebSite\",\"@id\":\"https:\\\/\\\/repliquemangacine.fr\\\/#website\",\"url\":\"https:\\\/\\\/repliquemangacine.fr\\\/\",\"name\":\"R\u00e9plique Manga Cin\u00e9\",\"description\":\"\",\"publisher\":{\"@id\":\"https:\\\/\\\/repliquemangacine.fr\\\/#organization\"},\"potentialAction\":[{\"@type\":\"SearchAction\",\"target\":{\"@type\":\"EntryPoint\",\"urlTemplate\":\"https:\\\/\\\/repliquemangacine.fr\\\/?s={search_term_string}\"},\"query-input\":{\"@type\":\"PropertyValueSpecification\",\"valueRequired\":true,\"valueName\":\"search_term_string\"}}],\"inLanguage\":\"en-US\"},{\"@type\":\"Organization\",\"@id\":\"https:\\\/\\\/repliquemangacine.fr\\\/#organization\",\"name\":\"R\u00e9plique Manga Cin\u00e9\",\"url\":\"https:\\\/\\\/repliquemangacine.fr\\\/\",\"logo\":{\"@type\":\"ImageObject\",\"inLanguage\":\"en-US\",\"@id\":\"https:\\\/\\\/repliquemangacine.fr\\\/#\\\/schema\\\/logo\\\/image\\\/\",\"url\":\"https:\\\/\\\/repliquemangacine.fr\\\/wp-content\\\/uploads\\\/2023\\\/10\\\/RMC-500250.png\",\"contentUrl\":\"https:\\\/\\\/repliquemangacine.fr\\\/wp-content\\\/uploads\\\/2023\\\/10\\\/RMC-500250.png\",\"width\":500,\"height\":250,\"caption\":\"R\u00e9plique Manga Cin\u00e9\"},\"image\":{\"@id\":\"https:\\\/\\\/repliquemangacine.fr\\\/#\\\/schema\\\/logo\\\/image\\\/\"},\"sameAs\":[\"https:\\\/\\\/www.facebook.com\\\/RepliqueMangaCine\",\"https:\\\/\\\/www.instagram.com\\\/repliquemangacine.fr\\\/\"]}]}<\/script>\n<!-- \/ Yoast SEO plugin. -->","yoast_head_json":{"title":"Necklace Arwen Lord of the Rings | R\u00e9plique Manga Cin\u00e9","description":"Your Arwen necklace from Lord of the Rings at the best price. Pendentif \u00e9toile du soir pas cher. Free delivery from 99\u20ac purchase - Shipping 24\/48h","robots":{"index":"index","follow":"follow","max-snippet":"max-snippet:-1","max-image-preview":"max-image-preview:large","max-video-preview":"max-video-preview:-1"},"canonical":"https:\/\/repliquemangacine.fr\/en\/jewelry-rings\/lord-of-the-rings-arwen-necklace\/","og_locale":"en_US","og_type":"article","og_title":"Collier Arwen Seigneur des Anneaux | R\u00e9plique Manga Cin\u00e9","og_description":"Votre Collier d'Arwen dans le Seigneur des Anneaux au meilleur prix. Pendentif \u00e9toile du soir pas cher. Livraison gratuite d\u00e8s 99\u20ac d'achats - Envoi 24\/48h","og_url":"https:\/\/repliquemangacine.fr\/en\/jewelry-rings\/lord-of-the-rings-arwen-necklace\/","og_site_name":"R\u00e9plique Manga Cin\u00e9","article_publisher":"https:\/\/www.facebook.com\/RepliqueMangaCine","article_modified_time":"2025-11-21T12:15:30+00:00","og_image":[{"width":500,"height":500,"url":"https:\/\/repliquemangacine.fr\/wp-content\/uploads\/2023\/10\/Pendentif-Arwen-avec-boite.jpg","type":"image\/jpeg"}],"twitter_card":"summary_large_image","twitter_misc":{"Est. reading time":"3 minutes"},"schema":{"@context":"https:\/\/schema.org","@graph":[{"@type":"WebPage","@id":"https:\/\/repliquemangacine.fr\/bijoux-anneaux\/collier-arwen-seigneur-des-anneaux\/","url":"https:\/\/repliquemangacine.fr\/bijoux-anneaux\/collier-arwen-seigneur-des-anneaux\/","name":"Necklace Arwen Lord of the Rings | R\u00e9plique Manga Cin\u00e9","isPartOf":{"@id":"https:\/\/repliquemangacine.fr\/#website"},"primaryImageOfPage":{"@id":"https:\/\/repliquemangacine.fr\/bijoux-anneaux\/collier-arwen-seigneur-des-anneaux\/#primaryimage"},"image":{"@id":"https:\/\/repliquemangacine.fr\/bijoux-anneaux\/collier-arwen-seigneur-des-anneaux\/#primaryimage"},"thumbnailUrl":"https:\/\/repliquemangacine.fr\/wp-content\/uploads\/2023\/10\/Pendentif-Arwen-avec-boite.jpg","datePublished":"2023-02-09T14:20:16+00:00","dateModified":"2025-11-21T12:15:30+00:00","description":"Your Arwen necklace from Lord of the Rings at the best price. Pendentif \u00e9toile du soir pas cher. Free delivery from 99\u20ac purchase - Shipping 24\/48h","breadcrumb":{"@id":"https:\/\/repliquemangacine.fr\/bijoux-anneaux\/collier-arwen-seigneur-des-anneaux\/#breadcrumb"},"inLanguage":"en-US","potentialAction":[{"@type":"ReadAction","target":["https:\/\/repliquemangacine.fr\/bijoux-anneaux\/collier-arwen-seigneur-des-anneaux\/"]}]},{"@type":"ImageObject","inLanguage":"en-US","@id":"https:\/\/repliquemangacine.fr\/bijoux-anneaux\/collier-arwen-seigneur-des-anneaux\/#primaryimage","url":"https:\/\/repliquemangacine.fr\/wp-content\/uploads\/2023\/10\/Pendentif-Arwen-avec-boite.jpg","contentUrl":"https:\/\/repliquemangacine.fr\/wp-content\/uploads\/2023\/10\/Pendentif-Arwen-avec-boite.jpg","width":500,"height":500,"caption":"Collier Arwen Seigneur des Anneaux"},{"@type":"BreadcrumbList","@id":"https:\/\/repliquemangacine.fr\/bijoux-anneaux\/collier-arwen-seigneur-des-anneaux\/#breadcrumb","itemListElement":[{"@type":"ListItem","position":1,"name":"Accueil","item":"https:\/\/repliquemangacine.fr\/"},{"@type":"ListItem","position":2,"name":"Produits","item":"https:\/\/repliquemangacine.fr\/boutique\/"},{"@type":"ListItem","position":3,"name":"Collier Arwen Seigneur des Anneaux"}]},{"@type":"WebSite","@id":"https:\/\/repliquemangacine.fr\/#website","url":"https:\/\/repliquemangacine.fr\/","name":"R\u00e9plique Manga Cin\u00e9","description":"","publisher":{"@id":"https:\/\/repliquemangacine.fr\/#organization"},"potentialAction":[{"@type":"SearchAction","target":{"@type":"EntryPoint","urlTemplate":"https:\/\/repliquemangacine.fr\/?s={search_term_string}"},"query-input":{"@type":"PropertyValueSpecification","valueRequired":true,"valueName":"search_term_string"}}],"inLanguage":"en-US"},{"@type":"Organization","@id":"https:\/\/repliquemangacine.fr\/#organization","name":"R\u00e9plique Manga Cin\u00e9","url":"https:\/\/repliquemangacine.fr\/","logo":{"@type":"ImageObject","inLanguage":"en-US","@id":"https:\/\/repliquemangacine.fr\/#\/schema\/logo\/image\/","url":"https:\/\/repliquemangacine.fr\/wp-content\/uploads\/2023\/10\/RMC-500250.png","contentUrl":"https:\/\/repliquemangacine.fr\/wp-content\/uploads\/2023\/10\/RMC-500250.png","width":500,"height":250,"caption":"R\u00e9plique Manga Cin\u00e9"},"image":{"@id":"https:\/\/repliquemangacine.fr\/#\/schema\/logo\/image\/"},"sameAs":["https:\/\/www.facebook.com\/RepliqueMangaCine","https:\/\/www.instagram.com\/repliquemangacine.fr\/"]}]}},"_links":{"self":[{"href":"https:\/\/repliquemangacine.fr\/en\/wp-json\/wp\/v2\/product\/58565","targetHints":{"allow":["GET"]}}],"collection":[{"href":"https:\/\/repliquemangacine.fr\/en\/wp-json\/wp\/v2\/product"}],"about":[{"href":"https:\/\/repliquemangacine.fr\/en\/wp-json\/wp\/v2\/types\/product"}],"wp:featuredmedia":[{"embeddable":true,"href":"https:\/\/repliquemangacine.fr\/en\/wp-json\/wp\/v2\/media\/58566"}],"wp:attachment":[{"href":"https:\/\/repliquemangacine.fr\/en\/wp-json\/wp\/v2\/media?parent=58565"}],"wp:term":[{"taxonomy":"product_brand","embeddable":true,"href":"https:\/\/repliquemangacine.fr\/en\/wp-json\/wp\/v2\/product_brand?post=58565"},{"taxonomy":"product_cat","embeddable":true,"href":"https:\/\/repliquemangacine.fr\/en\/wp-json\/wp\/v2\/product_cat?post=58565"},{"taxonomy":"product_tag","embeddable":true,"href":"https:\/\/repliquemangacine.fr\/en\/wp-json\/wp\/v2\/product_tag?post=58565"}],"curies":[{"name":"wp","href":"https:\/\/api.w.org\/{rel}","templated":true}]}}