





{"id":58549,"date":"2023-02-09T10:56:07","date_gmt":"2023-02-09T09:56:07","guid":{"rendered":"https:\/\/repliquemangacine.fr\/?post_type=product&#038;p=58549"},"modified":"2026-04-12T06:16:11","modified_gmt":"2026-04-12T04:16:11","slug":"large-white-naruto-kunai","status":"publish","type":"product","link":"https:\/\/repliquemangacine.fr\/en\/kunai-et-shuriken-naruto\/grand-kunai-naruto-blanc\/","title":{"rendered":"Naruto large kunai"},"content":{"rendered":"<h2>Large all-metal white Naruto kunai<\/h2>\n<p>Visit <strong>Large white Naruto kunai<\/strong> is essential for expanding your collection.<\/p>\n<p>To begin with, the Kunai, a bladed weapon formerly used by Ninjas (the shinobi term in Naruto), and which can be used as a throwing weapon. This ninja weapon has a pointed tip shaped like a knife. Its average length is about the size of a hand. This throwing weapon is primarily intended for hand-to-hand combat.<\/p>\n<p>Visit <a href=\"https:\/\/naruto.fandom.com\/fr\/wiki\/Shurikenjutsu\" target=\"_blank\" rel=\"noopener noreferrer\">Shurikenjutsu<\/a> (Meaning: Sword Techniques Hidden in the Hand), martial art that refers to techniques involving the throwing of shurikens, Kunai, Senbon or other throwing weapons, such as ninja stars.<\/p>\n<p>In Naruto, there are different kunai models, for example:<\/p>\n<p>Minato Namikaze, who uses three-bladed kunai, earning him the nickname \"Konoha's Yellow Lightning\".<\/p>\n<h2>Large white Kunai Naruto<\/h2>\n<p>R\u00e9plique Manga Cin\u00e9 offers you a wide selection of Kuna\u00ef at the best prices, such as<\/p>\n<ul>\n<li>The whole <a href=\"https:\/\/repliquemangacine.fr\/en\/naruto-kunai-and-shuriken\/3-kunai-naruto\/\">three kunai<\/a> with Naruto emblem engraving.<\/li>\n<li>You can also find <a href=\"https:\/\/repliquemangacine.fr\/en\/naruto-kunai-and-shuriken\/kunai-despace-temps-minato\/\">Space-time kunai<\/a> of Minato, with its three points and the engraving of his seal.<\/li>\n<li>As well as the <a href=\"https:\/\/repliquemangacine.fr\/en\/katana-goodies-naruto-kunai\/asuma-chakra-blade\/\">Asuma Chakra blade<\/a> with Naruto logo<\/li>\n<li>And much more in our online store!<\/li>\n<\/ul>\n<p><strong>Please note that all our replicas are collectibles and decorative items. You can use them for your cosplay parades, or for your interior decoration. Consequently, it's not possible to go into public places with these replicas.<\/strong><\/p>\n<h2>Find our latest Naruto releases at the best price.<\/h2>\n<p>Always on the cutting edge of innovation, like this <strong>Large white Naruto kunai<\/strong>we offer you :<\/p>\n<ul>\n<li>The superb 28-piece Naruto set includes a Konoha headband, a large Naruto Kunai...<\/li>\n<li>Boruto's katana, used by Sasuke to teach Boruto how to use it in Naruto Next Generations.<\/li>\n<\/ul>\n<p>You can use this <strong>Large white Naruto kunai<\/strong> for your cosplay parades or theme parties.<\/p>\n<p>First and foremost, they are collectors' and decorative items.<\/p>\n<p>Very soon, we will be pleased to offer you wallscrolls, mugs and figurines.<\/p>\n<p>R\u00e9plique Manga Cin\u00e9 is a French family business.<\/p>\n<p>24\/48H delivery<\/p>","protected":false},"excerpt":{"rendered":"<p>We see them very often with the characters in Naruto practicing the Shuriken-jutsu technique.<\/p>\n<ul>\n<li>Made entirely of one-piece metal.<\/li>\n<li>A white cotton thread surrounds the handle for a secure grip.<\/li>\n<li>The tip of the kunai is blunt for added safety.<\/li>\n<li>Non-edged.<\/li>\n<li>Total length: 25cm<\/li>\n<\/ul>","protected":false},"featured_media":58550,"template":"","meta":[],"product_brand":[896],"product_cat":[108,23,42],"product_tag":[],"class_list":{"0":"post-58549","1":"product","2":"type-product","3":"status-publish","4":"has-post-thumbnail","6":"product_brand-replique-manga-cine","7":"product_cat-kunai-et-shuriken-naruto","8":"product_cat-repliques-manga-jeux-video","9":"product_cat-katana-goodies-naruto-kunai","11":"first","12":"instock","13":"taxable","14":"shipping-taxable","15":"purchasable","16":"product-type-simple"},"yoast_head":"<!-- This site is optimized with the Yoast SEO plugin v27.5 - https:\/\/yoast.com\/product\/yoast-seo-wordpress\/ -->\n<title>Grand Kuna\u00ef Naruto blanc - Kuna\u00ef pas cher | R\u00e9plique Manga Cin\u00e9<\/title>\n<meta name=\"description\" content=\"Grand Kuna\u00ef Naruto blanc au meilleur prix sur repliquemangacine.fr. Les produits d\u00e9riv\u00e9s Naruto pas chers sont l\u00e0 \u00e0 partir de 7.90\u20ac seulement. Envoi 24\/48h\" \/>\n<meta name=\"robots\" content=\"index, follow, max-snippet:-1, max-image-preview:large, max-video-preview:-1\" \/>\n<link rel=\"canonical\" href=\"https:\/\/repliquemangacine.fr\/en\/naruto-kunai-and-shuriken\/large-white-naruto-kunai\/\" \/>\n<meta property=\"og:locale\" content=\"en_US\" \/>\n<meta property=\"og:type\" content=\"article\" \/>\n<meta property=\"og:title\" content=\"Grand Kuna\u00ef Naruto blanc - Kuna\u00ef pas cher | R\u00e9plique Manga Cin\u00e9\" \/>\n<meta property=\"og:description\" content=\"Grand Kuna\u00ef Naruto blanc au meilleur prix sur repliquemangacine.fr. Les produits d\u00e9riv\u00e9s Naruto pas chers sont l\u00e0 \u00e0 partir de 7.90\u20ac seulement. Envoi 24\/48h\" \/>\n<meta property=\"og:url\" content=\"https:\/\/repliquemangacine.fr\/en\/naruto-kunai-and-shuriken\/large-white-naruto-kunai\/\" \/>\n<meta property=\"og:site_name\" content=\"R\u00e9plique Manga Cin\u00e9\" \/>\n<meta property=\"article:publisher\" content=\"https:\/\/www.facebook.com\/RepliqueMangaCine\" \/>\n<meta property=\"article:modified_time\" content=\"2026-04-12T04:16:11+00:00\" \/>\n<meta property=\"og:image\" content=\"https:\/\/repliquemangacine.fr\/wp-content\/uploads\/2023\/10\/Kunai-Naruto.jpg\" \/>\n\t<meta property=\"og:image:width\" content=\"500\" \/>\n\t<meta property=\"og:image:height\" content=\"500\" \/>\n\t<meta property=\"og:image:type\" content=\"image\/jpeg\" \/>\n<meta name=\"twitter:card\" content=\"summary_large_image\" \/>\n<meta name=\"twitter:label1\" content=\"Est. reading time\" \/>\n\t<meta name=\"twitter:data1\" content=\"3 minutes\" \/>\n<script type=\"application\/ld+json\" class=\"yoast-schema-graph\">{\"@context\":\"https:\\\/\\\/schema.org\",\"@graph\":[{\"@type\":\"WebPage\",\"@id\":\"https:\\\/\\\/repliquemangacine.fr\\\/kunai-et-shuriken-naruto\\\/grand-kunai-naruto-blanc\\\/\",\"url\":\"https:\\\/\\\/repliquemangacine.fr\\\/kunai-et-shuriken-naruto\\\/grand-kunai-naruto-blanc\\\/\",\"name\":\"Grand Kuna\u00ef Naruto blanc - Kuna\u00ef pas cher | R\u00e9plique Manga Cin\u00e9\",\"isPartOf\":{\"@id\":\"https:\\\/\\\/repliquemangacine.fr\\\/#website\"},\"primaryImageOfPage\":{\"@id\":\"https:\\\/\\\/repliquemangacine.fr\\\/kunai-et-shuriken-naruto\\\/grand-kunai-naruto-blanc\\\/#primaryimage\"},\"image\":{\"@id\":\"https:\\\/\\\/repliquemangacine.fr\\\/kunai-et-shuriken-naruto\\\/grand-kunai-naruto-blanc\\\/#primaryimage\"},\"thumbnailUrl\":\"https:\\\/\\\/repliquemangacine.fr\\\/wp-content\\\/uploads\\\/2023\\\/10\\\/Kunai-Naruto.jpg\",\"datePublished\":\"2023-02-09T09:56:07+00:00\",\"dateModified\":\"2026-04-12T04:16:11+00:00\",\"description\":\"Grand Kuna\u00ef Naruto blanc au meilleur prix sur repliquemangacine.fr. Les produits d\u00e9riv\u00e9s Naruto pas chers sont l\u00e0 \u00e0 partir de 7.90\u20ac seulement. Envoi 24\\\/48h\",\"breadcrumb\":{\"@id\":\"https:\\\/\\\/repliquemangacine.fr\\\/kunai-et-shuriken-naruto\\\/grand-kunai-naruto-blanc\\\/#breadcrumb\"},\"inLanguage\":\"en-US\",\"potentialAction\":[{\"@type\":\"ReadAction\",\"target\":[\"https:\\\/\\\/repliquemangacine.fr\\\/kunai-et-shuriken-naruto\\\/grand-kunai-naruto-blanc\\\/\"]}]},{\"@type\":\"ImageObject\",\"inLanguage\":\"en-US\",\"@id\":\"https:\\\/\\\/repliquemangacine.fr\\\/kunai-et-shuriken-naruto\\\/grand-kunai-naruto-blanc\\\/#primaryimage\",\"url\":\"https:\\\/\\\/repliquemangacine.fr\\\/wp-content\\\/uploads\\\/2023\\\/10\\\/Kunai-Naruto.jpg\",\"contentUrl\":\"https:\\\/\\\/repliquemangacine.fr\\\/wp-content\\\/uploads\\\/2023\\\/10\\\/Kunai-Naruto.jpg\",\"width\":500,\"height\":500,\"caption\":\"Grand Kuna\u00ef Naruto blanc\"},{\"@type\":\"BreadcrumbList\",\"@id\":\"https:\\\/\\\/repliquemangacine.fr\\\/kunai-et-shuriken-naruto\\\/grand-kunai-naruto-blanc\\\/#breadcrumb\",\"itemListElement\":[{\"@type\":\"ListItem\",\"position\":1,\"name\":\"Accueil\",\"item\":\"https:\\\/\\\/repliquemangacine.fr\\\/\"},{\"@type\":\"ListItem\",\"position\":2,\"name\":\"Produits\",\"item\":\"https:\\\/\\\/repliquemangacine.fr\\\/boutique\\\/\"},{\"@type\":\"ListItem\",\"position\":3,\"name\":\"Grand Kuna\u00ef Naruto\"}]},{\"@type\":\"WebSite\",\"@id\":\"https:\\\/\\\/repliquemangacine.fr\\\/#website\",\"url\":\"https:\\\/\\\/repliquemangacine.fr\\\/\",\"name\":\"R\u00e9plique Manga Cin\u00e9\",\"description\":\"\",\"publisher\":{\"@id\":\"https:\\\/\\\/repliquemangacine.fr\\\/#organization\"},\"potentialAction\":[{\"@type\":\"SearchAction\",\"target\":{\"@type\":\"EntryPoint\",\"urlTemplate\":\"https:\\\/\\\/repliquemangacine.fr\\\/?s={search_term_string}\"},\"query-input\":{\"@type\":\"PropertyValueSpecification\",\"valueRequired\":true,\"valueName\":\"search_term_string\"}}],\"inLanguage\":\"en-US\"},{\"@type\":\"Organization\",\"@id\":\"https:\\\/\\\/repliquemangacine.fr\\\/#organization\",\"name\":\"R\u00e9plique Manga Cin\u00e9\",\"url\":\"https:\\\/\\\/repliquemangacine.fr\\\/\",\"logo\":{\"@type\":\"ImageObject\",\"inLanguage\":\"en-US\",\"@id\":\"https:\\\/\\\/repliquemangacine.fr\\\/#\\\/schema\\\/logo\\\/image\\\/\",\"url\":\"https:\\\/\\\/repliquemangacine.fr\\\/wp-content\\\/uploads\\\/2023\\\/10\\\/RMC-500250.png\",\"contentUrl\":\"https:\\\/\\\/repliquemangacine.fr\\\/wp-content\\\/uploads\\\/2023\\\/10\\\/RMC-500250.png\",\"width\":500,\"height\":250,\"caption\":\"R\u00e9plique Manga Cin\u00e9\"},\"image\":{\"@id\":\"https:\\\/\\\/repliquemangacine.fr\\\/#\\\/schema\\\/logo\\\/image\\\/\"},\"sameAs\":[\"https:\\\/\\\/www.facebook.com\\\/RepliqueMangaCine\",\"https:\\\/\\\/www.instagram.com\\\/repliquemangacine.fr\\\/\"]}]}<\/script>\n<!-- \/ Yoast SEO plugin. -->","yoast_head_json":{"title":"Large white Kuna\u00ef Naruto - Kuna\u00ef pas cher | R\u00e9plique Manga Cin\u00e9","description":"Large white Naruto Kunai at the best price on repliquemangacine.fr. Cheap Naruto merchandise starts at just 7.90\u20ac. Shipping 24\/48h","robots":{"index":"index","follow":"follow","max-snippet":"max-snippet:-1","max-image-preview":"max-image-preview:large","max-video-preview":"max-video-preview:-1"},"canonical":"https:\/\/repliquemangacine.fr\/en\/naruto-kunai-and-shuriken\/large-white-naruto-kunai\/","og_locale":"en_US","og_type":"article","og_title":"Grand Kuna\u00ef Naruto blanc - Kuna\u00ef pas cher | R\u00e9plique Manga Cin\u00e9","og_description":"Grand Kuna\u00ef Naruto blanc au meilleur prix sur repliquemangacine.fr. Les produits d\u00e9riv\u00e9s Naruto pas chers sont l\u00e0 \u00e0 partir de 7.90\u20ac seulement. Envoi 24\/48h","og_url":"https:\/\/repliquemangacine.fr\/en\/naruto-kunai-and-shuriken\/large-white-naruto-kunai\/","og_site_name":"R\u00e9plique Manga Cin\u00e9","article_publisher":"https:\/\/www.facebook.com\/RepliqueMangaCine","article_modified_time":"2026-04-12T04:16:11+00:00","og_image":[{"width":500,"height":500,"url":"https:\/\/repliquemangacine.fr\/wp-content\/uploads\/2023\/10\/Kunai-Naruto.jpg","type":"image\/jpeg"}],"twitter_card":"summary_large_image","twitter_misc":{"Est. reading time":"3 minutes"},"schema":{"@context":"https:\/\/schema.org","@graph":[{"@type":"WebPage","@id":"https:\/\/repliquemangacine.fr\/kunai-et-shuriken-naruto\/grand-kunai-naruto-blanc\/","url":"https:\/\/repliquemangacine.fr\/kunai-et-shuriken-naruto\/grand-kunai-naruto-blanc\/","name":"Large white Kuna\u00ef Naruto - Kuna\u00ef pas cher | R\u00e9plique Manga Cin\u00e9","isPartOf":{"@id":"https:\/\/repliquemangacine.fr\/#website"},"primaryImageOfPage":{"@id":"https:\/\/repliquemangacine.fr\/kunai-et-shuriken-naruto\/grand-kunai-naruto-blanc\/#primaryimage"},"image":{"@id":"https:\/\/repliquemangacine.fr\/kunai-et-shuriken-naruto\/grand-kunai-naruto-blanc\/#primaryimage"},"thumbnailUrl":"https:\/\/repliquemangacine.fr\/wp-content\/uploads\/2023\/10\/Kunai-Naruto.jpg","datePublished":"2023-02-09T09:56:07+00:00","dateModified":"2026-04-12T04:16:11+00:00","description":"Large white Naruto Kunai at the best price on repliquemangacine.fr. Cheap Naruto merchandise starts at just 7.90\u20ac. Shipping 24\/48h","breadcrumb":{"@id":"https:\/\/repliquemangacine.fr\/kunai-et-shuriken-naruto\/grand-kunai-naruto-blanc\/#breadcrumb"},"inLanguage":"en-US","potentialAction":[{"@type":"ReadAction","target":["https:\/\/repliquemangacine.fr\/kunai-et-shuriken-naruto\/grand-kunai-naruto-blanc\/"]}]},{"@type":"ImageObject","inLanguage":"en-US","@id":"https:\/\/repliquemangacine.fr\/kunai-et-shuriken-naruto\/grand-kunai-naruto-blanc\/#primaryimage","url":"https:\/\/repliquemangacine.fr\/wp-content\/uploads\/2023\/10\/Kunai-Naruto.jpg","contentUrl":"https:\/\/repliquemangacine.fr\/wp-content\/uploads\/2023\/10\/Kunai-Naruto.jpg","width":500,"height":500,"caption":"Grand Kuna\u00ef Naruto blanc"},{"@type":"BreadcrumbList","@id":"https:\/\/repliquemangacine.fr\/kunai-et-shuriken-naruto\/grand-kunai-naruto-blanc\/#breadcrumb","itemListElement":[{"@type":"ListItem","position":1,"name":"Accueil","item":"https:\/\/repliquemangacine.fr\/"},{"@type":"ListItem","position":2,"name":"Produits","item":"https:\/\/repliquemangacine.fr\/boutique\/"},{"@type":"ListItem","position":3,"name":"Grand Kuna\u00ef Naruto"}]},{"@type":"WebSite","@id":"https:\/\/repliquemangacine.fr\/#website","url":"https:\/\/repliquemangacine.fr\/","name":"R\u00e9plique Manga Cin\u00e9","description":"","publisher":{"@id":"https:\/\/repliquemangacine.fr\/#organization"},"potentialAction":[{"@type":"SearchAction","target":{"@type":"EntryPoint","urlTemplate":"https:\/\/repliquemangacine.fr\/?s={search_term_string}"},"query-input":{"@type":"PropertyValueSpecification","valueRequired":true,"valueName":"search_term_string"}}],"inLanguage":"en-US"},{"@type":"Organization","@id":"https:\/\/repliquemangacine.fr\/#organization","name":"R\u00e9plique Manga Cin\u00e9","url":"https:\/\/repliquemangacine.fr\/","logo":{"@type":"ImageObject","inLanguage":"en-US","@id":"https:\/\/repliquemangacine.fr\/#\/schema\/logo\/image\/","url":"https:\/\/repliquemangacine.fr\/wp-content\/uploads\/2023\/10\/RMC-500250.png","contentUrl":"https:\/\/repliquemangacine.fr\/wp-content\/uploads\/2023\/10\/RMC-500250.png","width":500,"height":250,"caption":"R\u00e9plique Manga Cin\u00e9"},"image":{"@id":"https:\/\/repliquemangacine.fr\/#\/schema\/logo\/image\/"},"sameAs":["https:\/\/www.facebook.com\/RepliqueMangaCine","https:\/\/www.instagram.com\/repliquemangacine.fr\/"]}]}},"_links":{"self":[{"href":"https:\/\/repliquemangacine.fr\/en\/wp-json\/wp\/v2\/product\/58549","targetHints":{"allow":["GET"]}}],"collection":[{"href":"https:\/\/repliquemangacine.fr\/en\/wp-json\/wp\/v2\/product"}],"about":[{"href":"https:\/\/repliquemangacine.fr\/en\/wp-json\/wp\/v2\/types\/product"}],"wp:featuredmedia":[{"embeddable":true,"href":"https:\/\/repliquemangacine.fr\/en\/wp-json\/wp\/v2\/media\/58550"}],"wp:attachment":[{"href":"https:\/\/repliquemangacine.fr\/en\/wp-json\/wp\/v2\/media?parent=58549"}],"wp:term":[{"taxonomy":"product_brand","embeddable":true,"href":"https:\/\/repliquemangacine.fr\/en\/wp-json\/wp\/v2\/product_brand?post=58549"},{"taxonomy":"product_cat","embeddable":true,"href":"https:\/\/repliquemangacine.fr\/en\/wp-json\/wp\/v2\/product_cat?post=58549"},{"taxonomy":"product_tag","embeddable":true,"href":"https:\/\/repliquemangacine.fr\/en\/wp-json\/wp\/v2\/product_tag?post=58549"}],"curies":[{"name":"wp","href":"https:\/\/api.w.org\/{rel}","templated":true}]}}