





{"id":57803,"date":"2023-01-11T17:56:17","date_gmt":"2023-01-11T16:56:17","guid":{"rendered":"https:\/\/repliquemangacine.fr\/?post_type=product&#038;p=57803"},"modified":"2025-11-21T13:24:52","modified_gmt":"2025-11-21T12:24:52","slug":"hugin-et-munin-viking-shield","status":"publish","type":"product","link":"https:\/\/repliquemangacine.fr\/en\/boucliers-serie-vikings\/bouclier-viking-hugin-et-munin\/","title":{"rendered":"Hugin &amp; Munin Viking Shield"},"content":{"rendered":"<h2>Hugin &amp; Munin wooden Viking shield.<\/h2>\n<p>To begin with, the large and magnificent <strong>Hugin &amp; Munin Viking Shield<\/strong> is made of wood, richly decorated with two ravens. The twin bird motif is a representation of Odin's faithful messengers, Hugin and Munin, a recurring theme in Viking art.<\/p>\n<p>In the <a href=\"https:\/\/www.worldhistory.org\/trans\/fr\/1-12388\/mythologie-nordique\/\" target=\"_blank\" rel=\"noopener noreferrer\">Nordic mythology<\/a>, The ravens fly over Asgard and Midgard, returning each evening to Odin, the Father of all gods, to tell him all they've seen and heard.<\/p>\n<p>The raven is a symbol of wisdom. But the first symbolic meaning given to the bird relates it to death. A raven flying over a battlefield accompanies the valkyries (The Valkyries, minor divinities said to serve Odin, master of the gods.) took the souls of heroes to Valhalla.<\/p>\n<h2>Your Hugin &amp; Munin Viking Shield at the best price.<\/h2>\n<p>R\u00e9plique Manga Cin\u00e9 offers a wide selection of Viking swords and shields<\/p>\n<p>First and foremost,<\/p>\n<ul>\n<li>The famous <a href=\"https:\/\/repliquemangacine.fr\/en\/viking-weapons\/replica-of-king-ragnar-lothbroks-sword-from-the-tv-series-vikings\/\">Ragnar Lothbrok's sword<\/a> from the Vikings series in the hands of kings. Ragnar's son Bjorn was the last to die with this sword.<\/li>\n<li>As well as all <a href=\"https:\/\/repliquemangacine.fr\/en\/assassins-creed\/axes-assassins-creed-valhalla\/\">two Eivor axes<\/a> Varinsdottir in Assassin's Creed Valhalla.<\/li>\n<li>There is also the<a href=\"https:\/\/repliquemangacine.fr\/en\/viking\/ironside-viking-sword\/\">Viking sword Ironside<\/a> de Condor named after Bj\u00f6rn Ironside, legendary Viking king.<\/li>\n<li>And much more to visit in our online store.<\/li>\n<\/ul>\n<p>So here's a great gift idea for any Viking enthusiast.<\/p>\n<p>In conclusion, you can use the <strong>Hugin &amp; Munin Viking Shield<\/strong> for your historical re-enactments. But above all, it's a collector's item and a decoration.<\/p>\n<h2>How to use your Warrior shield?<\/h2>\n<p>Known the world over as great and brave warriors, the Vikings were highly effective in their attacks and protection.<\/p>\n<p>The Vikings used a highly effective war formation that enabled them to weaken their enemies without suffering major losses. So, once their enemies were weakened, they would break their lines and crush them with ease.<\/p>\n<p>This formation is known today as the \"shield wall\".<\/p>\n<p>In addition, they decorated their shields with runes or animal figures, symbols referring to the Nordic gods. But their aims were also strategic. Indeed, the <strong>Hugin &amp; Munin Viking shield<\/strong> being painted, prevents water from being absorbed by the wood, making it much heavier.<\/p>","protected":false},"excerpt":{"rendered":"<p>Viking shield faithfully matching the originals.<\/p>\n<ul>\n<li>13 mm-thick wooden slab<\/li>\n<li>Equipped on the back with three solid wood riveted reinforcements<\/li>\n<li>Painted with two crows and a triskel.<\/li>\n<li>Umbo in patinated steel held in place by 4 rivets<\/li>\n<li>Rough leather edge sewn onto the wood.<\/li>\n<li>Leather-covered handle, protected by the umbo.<\/li>\n<li>Diameter: 80 cm - Weight: 4.6kg<\/li>\n<li>Boss dimensions: Overall approx. 18 cm, bulge approx. 13 cm<\/li>\n<\/ul>","protected":false},"featured_media":57804,"template":"","meta":[],"product_brand":[896],"product_cat":[25,113,24,103,57],"product_tag":[],"class_list":{"0":"post-57803","1":"product","2":"type-product","3":"status-publish","4":"has-post-thumbnail","6":"product_brand-replique-manga-cine","7":"product_cat-armes-historiques","8":"product_cat-boucliers-serie-vikings","9":"product_cat-films-series-tv-vente-de-katana-epee-et-produits-derives","10":"product_cat-armes-et-accessoires-vikings","11":"product_cat-armes-vikings","13":"first","14":"instock","15":"taxable","16":"shipping-taxable","17":"purchasable","18":"product-type-simple"},"yoast_head":"<!-- This site is optimized with the Yoast SEO plugin v27.5 - https:\/\/yoast.com\/product\/yoast-seo-wordpress\/ -->\n<title>Bouclier Viking Hugin &amp; Munin - R\u00e9plique Manga Cin\u00e9<\/title>\n<meta name=\"description\" content=\"Commandez vite ! Ce Bouclier Viking Hugin &amp; Munin au meilleur prix - Tout en bois - Umbo en m\u00e9tal - Peint des deux corbeaux d&#039;Odin - Diam\u00e8tre : 80 cm\" \/>\n<meta name=\"robots\" content=\"index, follow, max-snippet:-1, max-image-preview:large, max-video-preview:-1\" \/>\n<link rel=\"canonical\" href=\"https:\/\/repliquemangacine.fr\/en\/shields-series-vikings\/hugin-et-munin-viking-shield\/\" \/>\n<meta property=\"og:locale\" content=\"en_US\" \/>\n<meta property=\"og:type\" content=\"article\" \/>\n<meta property=\"og:title\" content=\"Bouclier Viking Hugin &amp; Munin - R\u00e9plique Manga Cin\u00e9\" \/>\n<meta property=\"og:description\" content=\"Commandez vite ! Ce Bouclier Viking Hugin &amp; Munin au meilleur prix - Tout en bois - Umbo en m\u00e9tal - Peint des deux corbeaux d&#039;Odin - Diam\u00e8tre : 80 cm\" \/>\n<meta property=\"og:url\" content=\"https:\/\/repliquemangacine.fr\/en\/shields-series-vikings\/hugin-et-munin-viking-shield\/\" \/>\n<meta property=\"og:site_name\" content=\"R\u00e9plique Manga Cin\u00e9\" \/>\n<meta property=\"article:publisher\" content=\"https:\/\/www.facebook.com\/RepliqueMangaCine\" \/>\n<meta property=\"article:modified_time\" content=\"2025-11-21T12:24:52+00:00\" \/>\n<meta property=\"og:image\" content=\"https:\/\/repliquemangacine.fr\/wp-content\/uploads\/2023\/10\/Bouclier-Viking-HuginMunin.jpg\" \/>\n\t<meta property=\"og:image:width\" content=\"500\" \/>\n\t<meta property=\"og:image:height\" content=\"500\" \/>\n\t<meta property=\"og:image:type\" content=\"image\/jpeg\" \/>\n<meta name=\"twitter:card\" content=\"summary_large_image\" \/>\n<meta name=\"twitter:label1\" content=\"Est. reading time\" \/>\n\t<meta name=\"twitter:data1\" content=\"3 minutes\" \/>\n<script type=\"application\/ld+json\" class=\"yoast-schema-graph\">{\"@context\":\"https:\\\/\\\/schema.org\",\"@graph\":[{\"@type\":\"WebPage\",\"@id\":\"https:\\\/\\\/repliquemangacine.fr\\\/boucliers-serie-vikings\\\/bouclier-viking-hugin-et-munin\\\/\",\"url\":\"https:\\\/\\\/repliquemangacine.fr\\\/boucliers-serie-vikings\\\/bouclier-viking-hugin-et-munin\\\/\",\"name\":\"Bouclier Viking Hugin & Munin - R\u00e9plique Manga Cin\u00e9\",\"isPartOf\":{\"@id\":\"https:\\\/\\\/repliquemangacine.fr\\\/#website\"},\"primaryImageOfPage\":{\"@id\":\"https:\\\/\\\/repliquemangacine.fr\\\/boucliers-serie-vikings\\\/bouclier-viking-hugin-et-munin\\\/#primaryimage\"},\"image\":{\"@id\":\"https:\\\/\\\/repliquemangacine.fr\\\/boucliers-serie-vikings\\\/bouclier-viking-hugin-et-munin\\\/#primaryimage\"},\"thumbnailUrl\":\"https:\\\/\\\/repliquemangacine.fr\\\/wp-content\\\/uploads\\\/2023\\\/10\\\/Bouclier-Viking-HuginMunin.jpg\",\"datePublished\":\"2023-01-11T16:56:17+00:00\",\"dateModified\":\"2025-11-21T12:24:52+00:00\",\"description\":\"Commandez vite ! Ce Bouclier Viking Hugin & Munin au meilleur prix - Tout en bois - Umbo en m\u00e9tal - Peint des deux corbeaux d'Odin - Diam\u00e8tre : 80 cm\",\"breadcrumb\":{\"@id\":\"https:\\\/\\\/repliquemangacine.fr\\\/boucliers-serie-vikings\\\/bouclier-viking-hugin-et-munin\\\/#breadcrumb\"},\"inLanguage\":\"en-US\",\"potentialAction\":[{\"@type\":\"ReadAction\",\"target\":[\"https:\\\/\\\/repliquemangacine.fr\\\/boucliers-serie-vikings\\\/bouclier-viking-hugin-et-munin\\\/\"]}]},{\"@type\":\"ImageObject\",\"inLanguage\":\"en-US\",\"@id\":\"https:\\\/\\\/repliquemangacine.fr\\\/boucliers-serie-vikings\\\/bouclier-viking-hugin-et-munin\\\/#primaryimage\",\"url\":\"https:\\\/\\\/repliquemangacine.fr\\\/wp-content\\\/uploads\\\/2023\\\/10\\\/Bouclier-Viking-HuginMunin.jpg\",\"contentUrl\":\"https:\\\/\\\/repliquemangacine.fr\\\/wp-content\\\/uploads\\\/2023\\\/10\\\/Bouclier-Viking-HuginMunin.jpg\",\"width\":500,\"height\":500,\"caption\":\"Bouclier Viking Hugin&Munin en bois\"},{\"@type\":\"BreadcrumbList\",\"@id\":\"https:\\\/\\\/repliquemangacine.fr\\\/boucliers-serie-vikings\\\/bouclier-viking-hugin-et-munin\\\/#breadcrumb\",\"itemListElement\":[{\"@type\":\"ListItem\",\"position\":1,\"name\":\"Accueil\",\"item\":\"https:\\\/\\\/repliquemangacine.fr\\\/\"},{\"@type\":\"ListItem\",\"position\":2,\"name\":\"Produits\",\"item\":\"https:\\\/\\\/repliquemangacine.fr\\\/boutique\\\/\"},{\"@type\":\"ListItem\",\"position\":3,\"name\":\"Bouclier Viking Hugin &#038; Munin\"}]},{\"@type\":\"WebSite\",\"@id\":\"https:\\\/\\\/repliquemangacine.fr\\\/#website\",\"url\":\"https:\\\/\\\/repliquemangacine.fr\\\/\",\"name\":\"R\u00e9plique Manga Cin\u00e9\",\"description\":\"\",\"publisher\":{\"@id\":\"https:\\\/\\\/repliquemangacine.fr\\\/#organization\"},\"potentialAction\":[{\"@type\":\"SearchAction\",\"target\":{\"@type\":\"EntryPoint\",\"urlTemplate\":\"https:\\\/\\\/repliquemangacine.fr\\\/?s={search_term_string}\"},\"query-input\":{\"@type\":\"PropertyValueSpecification\",\"valueRequired\":true,\"valueName\":\"search_term_string\"}}],\"inLanguage\":\"en-US\"},{\"@type\":\"Organization\",\"@id\":\"https:\\\/\\\/repliquemangacine.fr\\\/#organization\",\"name\":\"R\u00e9plique Manga Cin\u00e9\",\"url\":\"https:\\\/\\\/repliquemangacine.fr\\\/\",\"logo\":{\"@type\":\"ImageObject\",\"inLanguage\":\"en-US\",\"@id\":\"https:\\\/\\\/repliquemangacine.fr\\\/#\\\/schema\\\/logo\\\/image\\\/\",\"url\":\"https:\\\/\\\/repliquemangacine.fr\\\/wp-content\\\/uploads\\\/2023\\\/10\\\/RMC-500250.png\",\"contentUrl\":\"https:\\\/\\\/repliquemangacine.fr\\\/wp-content\\\/uploads\\\/2023\\\/10\\\/RMC-500250.png\",\"width\":500,\"height\":250,\"caption\":\"R\u00e9plique Manga Cin\u00e9\"},\"image\":{\"@id\":\"https:\\\/\\\/repliquemangacine.fr\\\/#\\\/schema\\\/logo\\\/image\\\/\"},\"sameAs\":[\"https:\\\/\\\/www.facebook.com\\\/RepliqueMangaCine\",\"https:\\\/\\\/www.instagram.com\\\/repliquemangacine.fr\\\/\"]}]}<\/script>\n<!-- \/ Yoast SEO plugin. -->","yoast_head_json":{"title":"Hugin &amp; Munin Viking Shield - R\u00e9plique Manga Cin\u00e9","description":"Order now! This Hugin &amp; Munin Viking Shield at the best price - All wood - Metal Umbo - Painted with Odin's two ravens - Diameter: 80 cm","robots":{"index":"index","follow":"follow","max-snippet":"max-snippet:-1","max-image-preview":"max-image-preview:large","max-video-preview":"max-video-preview:-1"},"canonical":"https:\/\/repliquemangacine.fr\/en\/shields-series-vikings\/hugin-et-munin-viking-shield\/","og_locale":"en_US","og_type":"article","og_title":"Bouclier Viking Hugin & Munin - R\u00e9plique Manga Cin\u00e9","og_description":"Commandez vite ! Ce Bouclier Viking Hugin & Munin au meilleur prix - Tout en bois - Umbo en m\u00e9tal - Peint des deux corbeaux d'Odin - Diam\u00e8tre : 80 cm","og_url":"https:\/\/repliquemangacine.fr\/en\/shields-series-vikings\/hugin-et-munin-viking-shield\/","og_site_name":"R\u00e9plique Manga Cin\u00e9","article_publisher":"https:\/\/www.facebook.com\/RepliqueMangaCine","article_modified_time":"2025-11-21T12:24:52+00:00","og_image":[{"width":500,"height":500,"url":"https:\/\/repliquemangacine.fr\/wp-content\/uploads\/2023\/10\/Bouclier-Viking-HuginMunin.jpg","type":"image\/jpeg"}],"twitter_card":"summary_large_image","twitter_misc":{"Est. reading time":"3 minutes"},"schema":{"@context":"https:\/\/schema.org","@graph":[{"@type":"WebPage","@id":"https:\/\/repliquemangacine.fr\/boucliers-serie-vikings\/bouclier-viking-hugin-et-munin\/","url":"https:\/\/repliquemangacine.fr\/boucliers-serie-vikings\/bouclier-viking-hugin-et-munin\/","name":"Hugin &amp; Munin Viking Shield - R\u00e9plique Manga Cin\u00e9","isPartOf":{"@id":"https:\/\/repliquemangacine.fr\/#website"},"primaryImageOfPage":{"@id":"https:\/\/repliquemangacine.fr\/boucliers-serie-vikings\/bouclier-viking-hugin-et-munin\/#primaryimage"},"image":{"@id":"https:\/\/repliquemangacine.fr\/boucliers-serie-vikings\/bouclier-viking-hugin-et-munin\/#primaryimage"},"thumbnailUrl":"https:\/\/repliquemangacine.fr\/wp-content\/uploads\/2023\/10\/Bouclier-Viking-HuginMunin.jpg","datePublished":"2023-01-11T16:56:17+00:00","dateModified":"2025-11-21T12:24:52+00:00","description":"Order now! This Hugin &amp; Munin Viking Shield at the best price - All wood - Metal Umbo - Painted with Odin's two ravens - Diameter: 80 cm","breadcrumb":{"@id":"https:\/\/repliquemangacine.fr\/boucliers-serie-vikings\/bouclier-viking-hugin-et-munin\/#breadcrumb"},"inLanguage":"en-US","potentialAction":[{"@type":"ReadAction","target":["https:\/\/repliquemangacine.fr\/boucliers-serie-vikings\/bouclier-viking-hugin-et-munin\/"]}]},{"@type":"ImageObject","inLanguage":"en-US","@id":"https:\/\/repliquemangacine.fr\/boucliers-serie-vikings\/bouclier-viking-hugin-et-munin\/#primaryimage","url":"https:\/\/repliquemangacine.fr\/wp-content\/uploads\/2023\/10\/Bouclier-Viking-HuginMunin.jpg","contentUrl":"https:\/\/repliquemangacine.fr\/wp-content\/uploads\/2023\/10\/Bouclier-Viking-HuginMunin.jpg","width":500,"height":500,"caption":"Bouclier Viking Hugin&Munin en bois"},{"@type":"BreadcrumbList","@id":"https:\/\/repliquemangacine.fr\/boucliers-serie-vikings\/bouclier-viking-hugin-et-munin\/#breadcrumb","itemListElement":[{"@type":"ListItem","position":1,"name":"Accueil","item":"https:\/\/repliquemangacine.fr\/"},{"@type":"ListItem","position":2,"name":"Produits","item":"https:\/\/repliquemangacine.fr\/boutique\/"},{"@type":"ListItem","position":3,"name":"Bouclier Viking Hugin &#038; Munin"}]},{"@type":"WebSite","@id":"https:\/\/repliquemangacine.fr\/#website","url":"https:\/\/repliquemangacine.fr\/","name":"R\u00e9plique Manga Cin\u00e9","description":"","publisher":{"@id":"https:\/\/repliquemangacine.fr\/#organization"},"potentialAction":[{"@type":"SearchAction","target":{"@type":"EntryPoint","urlTemplate":"https:\/\/repliquemangacine.fr\/?s={search_term_string}"},"query-input":{"@type":"PropertyValueSpecification","valueRequired":true,"valueName":"search_term_string"}}],"inLanguage":"en-US"},{"@type":"Organization","@id":"https:\/\/repliquemangacine.fr\/#organization","name":"R\u00e9plique Manga Cin\u00e9","url":"https:\/\/repliquemangacine.fr\/","logo":{"@type":"ImageObject","inLanguage":"en-US","@id":"https:\/\/repliquemangacine.fr\/#\/schema\/logo\/image\/","url":"https:\/\/repliquemangacine.fr\/wp-content\/uploads\/2023\/10\/RMC-500250.png","contentUrl":"https:\/\/repliquemangacine.fr\/wp-content\/uploads\/2023\/10\/RMC-500250.png","width":500,"height":250,"caption":"R\u00e9plique Manga Cin\u00e9"},"image":{"@id":"https:\/\/repliquemangacine.fr\/#\/schema\/logo\/image\/"},"sameAs":["https:\/\/www.facebook.com\/RepliqueMangaCine","https:\/\/www.instagram.com\/repliquemangacine.fr\/"]}]}},"_links":{"self":[{"href":"https:\/\/repliquemangacine.fr\/en\/wp-json\/wp\/v2\/product\/57803","targetHints":{"allow":["GET"]}}],"collection":[{"href":"https:\/\/repliquemangacine.fr\/en\/wp-json\/wp\/v2\/product"}],"about":[{"href":"https:\/\/repliquemangacine.fr\/en\/wp-json\/wp\/v2\/types\/product"}],"wp:featuredmedia":[{"embeddable":true,"href":"https:\/\/repliquemangacine.fr\/en\/wp-json\/wp\/v2\/media\/57804"}],"wp:attachment":[{"href":"https:\/\/repliquemangacine.fr\/en\/wp-json\/wp\/v2\/media?parent=57803"}],"wp:term":[{"taxonomy":"product_brand","embeddable":true,"href":"https:\/\/repliquemangacine.fr\/en\/wp-json\/wp\/v2\/product_brand?post=57803"},{"taxonomy":"product_cat","embeddable":true,"href":"https:\/\/repliquemangacine.fr\/en\/wp-json\/wp\/v2\/product_cat?post=57803"},{"taxonomy":"product_tag","embeddable":true,"href":"https:\/\/repliquemangacine.fr\/en\/wp-json\/wp\/v2\/product_tag?post=57803"}],"curies":[{"name":"wp","href":"https:\/\/api.w.org\/{rel}","templated":true}]}}