





{"id":55544,"date":"2022-11-25T13:10:19","date_gmt":"2022-11-25T12:10:19","guid":{"rendered":"https:\/\/repliquemangacine.fr\/?post_type=product&#038;p=55544"},"modified":"2026-01-15T16:03:18","modified_gmt":"2026-01-15T15:03:18","slug":"lord-of-the-rings-chessboard","status":"publish","type":"product","link":"https:\/\/repliquemangacine.fr\/en\/divers-goodies\/echiquier-seigneur-des-anneaux\/","title":{"rendered":"Lord of the Rings chessboard"},"content":{"rendered":"<h2>Lord of the Rings chessboard - Battle for Middle-earth<\/h2>\n<p>To begin with, relive the epic battle of Middle-earth with this <strong>Lord of the Rings chessboard<\/strong>. Choose your side and face your adversary. The forces of evil with the Dark Lord, Sauron or the Army of Gondor with Aragorn, Gandalf....<\/p>\n<p>Take on the battle of the Pelennor fields, set in the final battle of The Lord of the Rings.<\/p>\n<p>The Battle of the Pelennor Fields is a battle in the War of the Ring. This battle, the largest of the War of the Ring in terms of numbers involved, pits the forces of Gondor and its allies against the forces of the Dark Lord Sauron.<\/p>\n<h2>Your Lord of the Rings chessboard at the best price.<\/h2>\n<p>We offer a wide selection of replicas from the Lord of the Rings trilogy.<\/p>\n<p>First and foremost,<\/p>\n<ul>\n<li>The magnificent <a href=\"https:\/\/repliquemangacine.fr\/en\/the-lord-of-the-rings\/anduril-sword-aragorn-lord-of-the-rings\/\">Anduril sword<\/a> of Aragorn, which has been reforged by the elves.<\/li>\n<li>There's also the sword<a href=\"https:\/\/repliquemangacine.fr\/en\/lord-of-the-rings-swords\/gandalf-sword-glamdring-the-lord-of-the-rings\/\"> Glamdring<\/a> of Gandalf the magician.<\/li>\n<li>As well as the<a href=\"https:\/\/repliquemangacine.fr\/en\/lord-of-the-rings-swords\/lord-of-the-rings-nazgul-sword-black-knights-sword\/\">Nazgul sword<\/a>black horsemen who sow terror.<\/li>\n<li>What's more, you'll find the trilogy's jewels under official license <a href=\"https:\/\/noblecollection.fr\/bijoux-seigneur-des-anneaux-c-129_1_18.html\" target=\"_blank\" rel=\"noopener noreferrer\">The Noble Collection<\/a>.<\/li>\n<li>And many more to discover in our online store!<\/li>\n<\/ul>\n<p>So here's a great gift idea for all fans of the Lord of the Rings trilogy.<\/p>\n<p>In conclusion, you can use this <strong>Lord of the Rings chessboard<\/strong> for evenings out with friends. But above all, it's a collector's item and a decoration.<\/p>\n<h2>How are your collectors' items made?<\/h2>\n<p>To begin with, all our derived products are of the highest quality, manufactured with meticulous attention to detail. In fact, some of the manufacturing is done by hand, to reproduce even the smallest detail. More important parts are machined by precise machines. Engravings are generally made with a diamond tip or laser.<\/p>\n<p>Your <strong>Lord of the Rings chessboard<\/strong> manufactured to reproduce every detail exactly. To match the heritage of the original masterpieces. The emphasis is on creating high-quality replicas that are as historically accurate as possible.<\/p>\n<p>In conclusion, imported from China, Spain or India, our replicas will amaze you!<\/p>\n<p>R\u00e9plique Manga Cin\u00e9 is a French family business.<\/p>","protected":false},"excerpt":{"rendered":"<p>32-piece chessboard inspired by the Lord of the Rings film.<\/p>\n<p>This chess set includes:<\/p>\n<ul>\n<li>16 finely sculpted black PVC pieces featuring: Gollum, Saruman, Black Riders, Witchking, Orcs and the Eye of Sauron<\/li>\n<li>16 finely sculpted white PVC pieces representing: Gandalf, Arwen, Aragorn, Frodo, Legolas and Statues<\/li>\n<li>Chess board with eye of sauron in center 46 X 46 cm<\/li>\n<li>Two pockets for storing parts.<\/li>\n<li>The pieces measure between 5 and 10 cm depending on the character.<\/li>\n<li>Collector's box in the film's colors.<\/li>\n<\/ul>","protected":false},"featured_media":55545,"template":"","meta":[],"product_brand":[896],"product_cat":[98,24,94,29],"product_tag":[],"class_list":{"0":"post-55544","1":"product","2":"type-product","3":"status-publish","4":"has-post-thumbnail","6":"product_brand-replique-manga-cine","7":"product_cat-divers-goodies","8":"product_cat-films-series-tv-vente-de-katana-epee-et-produits-derives","9":"product_cat-goodies","10":"product_cat-le-seigneur-des-anneaux","12":"first","13":"instock","14":"taxable","15":"shipping-taxable","16":"purchasable","17":"product-type-simple"},"yoast_head":"<!-- This site is optimized with the Yoast SEO plugin v27.5 - https:\/\/yoast.com\/product\/yoast-seo-wordpress\/ -->\n<title>Echiquier Seigneur des Anneaux - Jeu d&#039;\u00e9chec Collector - RMC<\/title>\n<meta name=\"description\" content=\"Offrez-vous ! Cet Echiquier Seigneur des Anneaux de 32 pi\u00e8ces au meilleur prix - Sous Licence officielle Noble Collection - Pi\u00e8ces en PVC de 5 cm \u00e0 10 cm -\" \/>\n<meta name=\"robots\" content=\"index, follow, max-snippet:-1, max-image-preview:large, max-video-preview:-1\" \/>\n<link rel=\"canonical\" href=\"https:\/\/repliquemangacine.fr\/en\/various-goodies\/lord-of-the-rings-chessboard\/\" \/>\n<meta property=\"og:locale\" content=\"en_US\" \/>\n<meta property=\"og:type\" content=\"article\" \/>\n<meta property=\"og:title\" content=\"Echiquier Seigneur des Anneaux - Jeu d&#039;\u00e9chec Collector - RMC\" \/>\n<meta property=\"og:description\" content=\"Offrez-vous ! Cet Echiquier Seigneur des Anneaux de 32 pi\u00e8ces au meilleur prix - Sous Licence officielle Noble Collection - Pi\u00e8ces en PVC de 5 cm \u00e0 10 cm -\" \/>\n<meta property=\"og:url\" content=\"https:\/\/repliquemangacine.fr\/en\/various-goodies\/lord-of-the-rings-chessboard\/\" \/>\n<meta property=\"og:site_name\" content=\"R\u00e9plique Manga Cin\u00e9\" \/>\n<meta property=\"article:publisher\" content=\"https:\/\/www.facebook.com\/RepliqueMangaCine\" \/>\n<meta property=\"article:modified_time\" content=\"2026-01-15T15:03:18+00:00\" \/>\n<meta property=\"og:image\" content=\"https:\/\/repliquemangacine.fr\/wp-content\/uploads\/2023\/10\/jeu-dechec-lotr.jpg\" \/>\n\t<meta property=\"og:image:width\" content=\"500\" \/>\n\t<meta property=\"og:image:height\" content=\"500\" \/>\n\t<meta property=\"og:image:type\" content=\"image\/jpeg\" \/>\n<meta name=\"twitter:card\" content=\"summary_large_image\" \/>\n<meta name=\"twitter:label1\" content=\"Est. reading time\" \/>\n\t<meta name=\"twitter:data1\" content=\"2 minutes\" \/>\n<script type=\"application\/ld+json\" class=\"yoast-schema-graph\">{\"@context\":\"https:\\\/\\\/schema.org\",\"@graph\":[{\"@type\":\"WebPage\",\"@id\":\"https:\\\/\\\/repliquemangacine.fr\\\/divers-goodies\\\/echiquier-seigneur-des-anneaux\\\/\",\"url\":\"https:\\\/\\\/repliquemangacine.fr\\\/divers-goodies\\\/echiquier-seigneur-des-anneaux\\\/\",\"name\":\"Echiquier Seigneur des Anneaux - Jeu d'\u00e9chec Collector - RMC\",\"isPartOf\":{\"@id\":\"https:\\\/\\\/repliquemangacine.fr\\\/#website\"},\"primaryImageOfPage\":{\"@id\":\"https:\\\/\\\/repliquemangacine.fr\\\/divers-goodies\\\/echiquier-seigneur-des-anneaux\\\/#primaryimage\"},\"image\":{\"@id\":\"https:\\\/\\\/repliquemangacine.fr\\\/divers-goodies\\\/echiquier-seigneur-des-anneaux\\\/#primaryimage\"},\"thumbnailUrl\":\"https:\\\/\\\/repliquemangacine.fr\\\/wp-content\\\/uploads\\\/2023\\\/10\\\/jeu-dechec-lotr.jpg\",\"datePublished\":\"2022-11-25T12:10:19+00:00\",\"dateModified\":\"2026-01-15T15:03:18+00:00\",\"description\":\"Offrez-vous ! Cet Echiquier Seigneur des Anneaux de 32 pi\u00e8ces au meilleur prix - Sous Licence officielle Noble Collection - Pi\u00e8ces en PVC de 5 cm \u00e0 10 cm -\",\"breadcrumb\":{\"@id\":\"https:\\\/\\\/repliquemangacine.fr\\\/divers-goodies\\\/echiquier-seigneur-des-anneaux\\\/#breadcrumb\"},\"inLanguage\":\"en-US\",\"potentialAction\":[{\"@type\":\"ReadAction\",\"target\":[\"https:\\\/\\\/repliquemangacine.fr\\\/divers-goodies\\\/echiquier-seigneur-des-anneaux\\\/\"]}]},{\"@type\":\"ImageObject\",\"inLanguage\":\"en-US\",\"@id\":\"https:\\\/\\\/repliquemangacine.fr\\\/divers-goodies\\\/echiquier-seigneur-des-anneaux\\\/#primaryimage\",\"url\":\"https:\\\/\\\/repliquemangacine.fr\\\/wp-content\\\/uploads\\\/2023\\\/10\\\/jeu-dechec-lotr.jpg\",\"contentUrl\":\"https:\\\/\\\/repliquemangacine.fr\\\/wp-content\\\/uploads\\\/2023\\\/10\\\/jeu-dechec-lotr.jpg\",\"width\":500,\"height\":500,\"caption\":\"Echiquier Seigneur des Anneaux\"},{\"@type\":\"BreadcrumbList\",\"@id\":\"https:\\\/\\\/repliquemangacine.fr\\\/divers-goodies\\\/echiquier-seigneur-des-anneaux\\\/#breadcrumb\",\"itemListElement\":[{\"@type\":\"ListItem\",\"position\":1,\"name\":\"Accueil\",\"item\":\"https:\\\/\\\/repliquemangacine.fr\\\/\"},{\"@type\":\"ListItem\",\"position\":2,\"name\":\"Produits\",\"item\":\"https:\\\/\\\/repliquemangacine.fr\\\/boutique\\\/\"},{\"@type\":\"ListItem\",\"position\":3,\"name\":\"Echiquier Seigneur des Anneaux\"}]},{\"@type\":\"WebSite\",\"@id\":\"https:\\\/\\\/repliquemangacine.fr\\\/#website\",\"url\":\"https:\\\/\\\/repliquemangacine.fr\\\/\",\"name\":\"R\u00e9plique Manga Cin\u00e9\",\"description\":\"\",\"publisher\":{\"@id\":\"https:\\\/\\\/repliquemangacine.fr\\\/#organization\"},\"potentialAction\":[{\"@type\":\"SearchAction\",\"target\":{\"@type\":\"EntryPoint\",\"urlTemplate\":\"https:\\\/\\\/repliquemangacine.fr\\\/?s={search_term_string}\"},\"query-input\":{\"@type\":\"PropertyValueSpecification\",\"valueRequired\":true,\"valueName\":\"search_term_string\"}}],\"inLanguage\":\"en-US\"},{\"@type\":\"Organization\",\"@id\":\"https:\\\/\\\/repliquemangacine.fr\\\/#organization\",\"name\":\"R\u00e9plique Manga Cin\u00e9\",\"url\":\"https:\\\/\\\/repliquemangacine.fr\\\/\",\"logo\":{\"@type\":\"ImageObject\",\"inLanguage\":\"en-US\",\"@id\":\"https:\\\/\\\/repliquemangacine.fr\\\/#\\\/schema\\\/logo\\\/image\\\/\",\"url\":\"https:\\\/\\\/repliquemangacine.fr\\\/wp-content\\\/uploads\\\/2023\\\/10\\\/RMC-500250.png\",\"contentUrl\":\"https:\\\/\\\/repliquemangacine.fr\\\/wp-content\\\/uploads\\\/2023\\\/10\\\/RMC-500250.png\",\"width\":500,\"height\":250,\"caption\":\"R\u00e9plique Manga Cin\u00e9\"},\"image\":{\"@id\":\"https:\\\/\\\/repliquemangacine.fr\\\/#\\\/schema\\\/logo\\\/image\\\/\"},\"sameAs\":[\"https:\\\/\\\/www.facebook.com\\\/RepliqueMangaCine\",\"https:\\\/\\\/www.instagram.com\\\/repliquemangacine.fr\\\/\"]}]}<\/script>\n<!-- \/ Yoast SEO plugin. -->","yoast_head_json":{"title":"Lord of the Rings Chessboard - Collector's Chess Set - RMC","description":"Treat yourself! This 32-piece Lord of the Rings chessboard at the best price - Under Official Noble Collection License - PVC pieces from 5 cm to 10 cm -","robots":{"index":"index","follow":"follow","max-snippet":"max-snippet:-1","max-image-preview":"max-image-preview:large","max-video-preview":"max-video-preview:-1"},"canonical":"https:\/\/repliquemangacine.fr\/en\/various-goodies\/lord-of-the-rings-chessboard\/","og_locale":"en_US","og_type":"article","og_title":"Echiquier Seigneur des Anneaux - Jeu d'\u00e9chec Collector - RMC","og_description":"Offrez-vous ! Cet Echiquier Seigneur des Anneaux de 32 pi\u00e8ces au meilleur prix - Sous Licence officielle Noble Collection - Pi\u00e8ces en PVC de 5 cm \u00e0 10 cm -","og_url":"https:\/\/repliquemangacine.fr\/en\/various-goodies\/lord-of-the-rings-chessboard\/","og_site_name":"R\u00e9plique Manga Cin\u00e9","article_publisher":"https:\/\/www.facebook.com\/RepliqueMangaCine","article_modified_time":"2026-01-15T15:03:18+00:00","og_image":[{"width":500,"height":500,"url":"https:\/\/repliquemangacine.fr\/wp-content\/uploads\/2023\/10\/jeu-dechec-lotr.jpg","type":"image\/jpeg"}],"twitter_card":"summary_large_image","twitter_misc":{"Est. reading time":"2 minutes"},"schema":{"@context":"https:\/\/schema.org","@graph":[{"@type":"WebPage","@id":"https:\/\/repliquemangacine.fr\/divers-goodies\/echiquier-seigneur-des-anneaux\/","url":"https:\/\/repliquemangacine.fr\/divers-goodies\/echiquier-seigneur-des-anneaux\/","name":"Lord of the Rings Chessboard - Collector's Chess Set - RMC","isPartOf":{"@id":"https:\/\/repliquemangacine.fr\/#website"},"primaryImageOfPage":{"@id":"https:\/\/repliquemangacine.fr\/divers-goodies\/echiquier-seigneur-des-anneaux\/#primaryimage"},"image":{"@id":"https:\/\/repliquemangacine.fr\/divers-goodies\/echiquier-seigneur-des-anneaux\/#primaryimage"},"thumbnailUrl":"https:\/\/repliquemangacine.fr\/wp-content\/uploads\/2023\/10\/jeu-dechec-lotr.jpg","datePublished":"2022-11-25T12:10:19+00:00","dateModified":"2026-01-15T15:03:18+00:00","description":"Treat yourself! This 32-piece Lord of the Rings chessboard at the best price - Under Official Noble Collection License - PVC pieces from 5 cm to 10 cm -","breadcrumb":{"@id":"https:\/\/repliquemangacine.fr\/divers-goodies\/echiquier-seigneur-des-anneaux\/#breadcrumb"},"inLanguage":"en-US","potentialAction":[{"@type":"ReadAction","target":["https:\/\/repliquemangacine.fr\/divers-goodies\/echiquier-seigneur-des-anneaux\/"]}]},{"@type":"ImageObject","inLanguage":"en-US","@id":"https:\/\/repliquemangacine.fr\/divers-goodies\/echiquier-seigneur-des-anneaux\/#primaryimage","url":"https:\/\/repliquemangacine.fr\/wp-content\/uploads\/2023\/10\/jeu-dechec-lotr.jpg","contentUrl":"https:\/\/repliquemangacine.fr\/wp-content\/uploads\/2023\/10\/jeu-dechec-lotr.jpg","width":500,"height":500,"caption":"Echiquier Seigneur des Anneaux"},{"@type":"BreadcrumbList","@id":"https:\/\/repliquemangacine.fr\/divers-goodies\/echiquier-seigneur-des-anneaux\/#breadcrumb","itemListElement":[{"@type":"ListItem","position":1,"name":"Accueil","item":"https:\/\/repliquemangacine.fr\/"},{"@type":"ListItem","position":2,"name":"Produits","item":"https:\/\/repliquemangacine.fr\/boutique\/"},{"@type":"ListItem","position":3,"name":"Echiquier Seigneur des Anneaux"}]},{"@type":"WebSite","@id":"https:\/\/repliquemangacine.fr\/#website","url":"https:\/\/repliquemangacine.fr\/","name":"R\u00e9plique Manga Cin\u00e9","description":"","publisher":{"@id":"https:\/\/repliquemangacine.fr\/#organization"},"potentialAction":[{"@type":"SearchAction","target":{"@type":"EntryPoint","urlTemplate":"https:\/\/repliquemangacine.fr\/?s={search_term_string}"},"query-input":{"@type":"PropertyValueSpecification","valueRequired":true,"valueName":"search_term_string"}}],"inLanguage":"en-US"},{"@type":"Organization","@id":"https:\/\/repliquemangacine.fr\/#organization","name":"R\u00e9plique Manga Cin\u00e9","url":"https:\/\/repliquemangacine.fr\/","logo":{"@type":"ImageObject","inLanguage":"en-US","@id":"https:\/\/repliquemangacine.fr\/#\/schema\/logo\/image\/","url":"https:\/\/repliquemangacine.fr\/wp-content\/uploads\/2023\/10\/RMC-500250.png","contentUrl":"https:\/\/repliquemangacine.fr\/wp-content\/uploads\/2023\/10\/RMC-500250.png","width":500,"height":250,"caption":"R\u00e9plique Manga Cin\u00e9"},"image":{"@id":"https:\/\/repliquemangacine.fr\/#\/schema\/logo\/image\/"},"sameAs":["https:\/\/www.facebook.com\/RepliqueMangaCine","https:\/\/www.instagram.com\/repliquemangacine.fr\/"]}]}},"_links":{"self":[{"href":"https:\/\/repliquemangacine.fr\/en\/wp-json\/wp\/v2\/product\/55544","targetHints":{"allow":["GET"]}}],"collection":[{"href":"https:\/\/repliquemangacine.fr\/en\/wp-json\/wp\/v2\/product"}],"about":[{"href":"https:\/\/repliquemangacine.fr\/en\/wp-json\/wp\/v2\/types\/product"}],"wp:featuredmedia":[{"embeddable":true,"href":"https:\/\/repliquemangacine.fr\/en\/wp-json\/wp\/v2\/media\/55545"}],"wp:attachment":[{"href":"https:\/\/repliquemangacine.fr\/en\/wp-json\/wp\/v2\/media?parent=55544"}],"wp:term":[{"taxonomy":"product_brand","embeddable":true,"href":"https:\/\/repliquemangacine.fr\/en\/wp-json\/wp\/v2\/product_brand?post=55544"},{"taxonomy":"product_cat","embeddable":true,"href":"https:\/\/repliquemangacine.fr\/en\/wp-json\/wp\/v2\/product_cat?post=55544"},{"taxonomy":"product_tag","embeddable":true,"href":"https:\/\/repliquemangacine.fr\/en\/wp-json\/wp\/v2\/product_tag?post=55544"}],"curies":[{"name":"wp","href":"https:\/\/api.w.org\/{rel}","templated":true}]}}