





{"id":54900,"date":"2022-11-09T19:05:32","date_gmt":"2022-11-09T18:05:32","guid":{"rendered":"https:\/\/repliquemangacine.fr\/?post_type=product&#038;p=54900"},"modified":"2026-01-08T15:12:45","modified_gmt":"2026-01-08T14:12:45","slug":"lord-of-the-rings-nazgul-sword-black-knights-sword","status":"publish","type":"product","link":"https:\/\/repliquemangacine.fr\/en\/epees-seigneur-des-anneaux\/epee-nazgul-seigneur-des-anneaux-epee-cavaliers-noirs\/","title":{"rendered":"Lord of the Rings Nazgul sword"},"content":{"rendered":"<h2>Lord of the Rings Nazgul sword<\/h2>\n<p>To begin with, the<strong>Sword <a href=\"https:\/\/lotr.fandom.com\/wiki\/Nazg\u00fbl\" target=\"_blank\" rel=\"noopener noreferrer\">Nazgul<\/a> Lord of the Rings<\/strong> is that of the Black Riders. The Nine Kings are the Dark Lord Sauron's fearsome servants in Middle-earth.<\/p>\n<p>Moreover, these Nine used the rings to gain great power, wealth and prestige in life. But over time, the rings continued to exert a corrupting influence.<\/p>\n<p>Black riders carry long steel swords and daggers. Surrounded by an aura of terror that affected all living creatures, their aura called the black breath could be poisonous to those unfortunate enough to approach them. This fear that the Nine inspired was one of their greatest strengths.<\/p>\n<h2>Your Lord of the Rings Nazgul sword at the best price.<\/h2>\n<p>We offer a wide selection of replicas from the Lord of the Rings trilogy.<\/p>\n<p>First and foremost,<\/p>\n<ul>\n<li>The magnificent <a href=\"https:\/\/repliquemangacine.fr\/en\/the-lord-of-the-rings\/anduril-sword-aragorn-lord-of-the-rings\/\">Anduril sword<\/a> which has been reforged.<\/li>\n<li>There's also the sword<a href=\"https:\/\/repliquemangacine.fr\/en\/lord-of-the-rings-swords\/gandalf-sword-glamdring-the-lord-of-the-rings\/\"> Glamdring<\/a> of Gandalf the magician.<\/li>\n<li>As well as the<a href=\"https:\/\/repliquemangacine.fr\/en\/lord-of-the-rings-swords\/theoden-sword-herugrim-sword\/\">Herugrim sword<\/a> of King Theoden.<\/li>\n<li>And many more to discover in our online store!<\/li>\n<\/ul>\n<p>So here's a great gift idea for all fans of the Lord of the Rings trilogy.<\/p>\n<p>In conclusion, you can use<strong>Lord of the Rings Nazgul sword<\/strong> for your cosplay parades or theme parties. But above all, this sword is a collector's item and a decoration.<\/p>\n<p>R\u00e9plique Manga cin\u00e9 is a French family business.<\/p>\n<h2>How to maintain the blade of your SDA sword?<\/h2>\n<p>Collector's and decorative swords are made and assembled in a simplified way. As their use is decorative, they lack the safety features required of a Japanese sword intended for training.<\/p>\n<p>However, your <strong>Lord of the Rings Nazgul sword<\/strong> to a steel blade that needs to be cared for to avoid damage over time. In fact, when you display your katana, your friends will be curious to see and touch the blade. This is where you need to be careful, as the acidity of your fingers is very harmful to steel, whatever its quality.<\/p>\n<p>However, if this does happen, don't panic - all you need is a cloth dampened with a little oil and a wipe of fingerprints. By doing so, you'll keep your sword looking its best for a very long time.<\/p>\n<p><strong>\u00a0<\/strong><\/p>","protected":false},"excerpt":{"rendered":"<p>Replica of the \"Nazgul\" black horsemen's sword.<\/p>\n<ul>\n<li style=\"list-style-type: none;\">\n<ul>\n<li>Hardened and hammered steel blade.<\/li>\n<li>Steel guard with all-round claws.<\/li>\n<li>Handle covered in black imitation leather.<\/li>\n<li>Wooden wall bracket decorated with the Eye of Sauron<\/li>\n<li>Blade length: 100 cm - Total length: 135 cm<\/li>\n<\/ul>\n<\/li>\n<\/ul>","protected":false},"featured_media":87618,"template":"","meta":[],"product_brand":[896],"product_cat":[68,24,29],"product_tag":[],"class_list":{"0":"post-54900","1":"product","2":"type-product","3":"status-publish","4":"has-post-thumbnail","6":"product_brand-replique-manga-cine","7":"product_cat-epees-seigneur-des-anneaux","8":"product_cat-films-series-tv-vente-de-katana-epee-et-produits-derives","9":"product_cat-le-seigneur-des-anneaux","11":"first","12":"instock","13":"sale","14":"taxable","15":"shipping-taxable","16":"purchasable","17":"product-type-simple"},"yoast_head":"<!-- This site is optimized with the Yoast SEO plugin v27.5 - https:\/\/yoast.com\/product\/yoast-seo-wordpress\/ -->\n<title>Ep\u00e9e Nazgul Seigneur des Anneaux - R\u00e9plique Manga Cin\u00e9<\/title>\n<meta name=\"description\" content=\"Offrez-vous cette Ep\u00e9e Nazgul Seigneur des Anneaux au meilleur prix. Lame en acier tremp\u00e9e et martel\u00e9e - Plaque mural - Longueur : 135 cm - Envoi 24\/48h\" \/>\n<meta name=\"robots\" content=\"index, follow, max-snippet:-1, max-image-preview:large, max-video-preview:-1\" \/>\n<link rel=\"canonical\" href=\"https:\/\/repliquemangacine.fr\/en\/lord-of-the-rings-swords\/lord-of-the-rings-nazgul-sword-black-knights-sword\/\" \/>\n<meta property=\"og:locale\" content=\"en_US\" \/>\n<meta property=\"og:type\" content=\"article\" \/>\n<meta property=\"og:title\" content=\"Ep\u00e9e Nazgul Seigneur des Anneaux - R\u00e9plique Manga Cin\u00e9\" \/>\n<meta property=\"og:description\" content=\"Offrez-vous cette Ep\u00e9e Nazgul Seigneur des Anneaux au meilleur prix. Lame en acier tremp\u00e9e et martel\u00e9e - Plaque mural - Longueur : 135 cm - Envoi 24\/48h\" \/>\n<meta property=\"og:url\" content=\"https:\/\/repliquemangacine.fr\/en\/lord-of-the-rings-swords\/lord-of-the-rings-nazgul-sword-black-knights-sword\/\" \/>\n<meta property=\"og:site_name\" content=\"R\u00e9plique Manga Cin\u00e9\" \/>\n<meta property=\"article:publisher\" content=\"https:\/\/www.facebook.com\/RepliqueMangaCine\" \/>\n<meta property=\"article:modified_time\" content=\"2026-01-08T14:12:45+00:00\" \/>\n<meta property=\"og:image\" content=\"https:\/\/repliquemangacine.fr\/wp-content\/uploads\/2022\/11\/Epee-Nazgul-Seigneur-des-Anneaux.jpg\" \/>\n\t<meta property=\"og:image:width\" content=\"700\" \/>\n\t<meta property=\"og:image:height\" content=\"700\" \/>\n\t<meta property=\"og:image:type\" content=\"image\/jpeg\" \/>\n<meta name=\"twitter:card\" content=\"summary_large_image\" \/>\n<meta name=\"twitter:label1\" content=\"Est. reading time\" \/>\n\t<meta name=\"twitter:data1\" content=\"3 minutes\" \/>\n<script type=\"application\/ld+json\" class=\"yoast-schema-graph\">{\"@context\":\"https:\\\/\\\/schema.org\",\"@graph\":[{\"@type\":\"WebPage\",\"@id\":\"https:\\\/\\\/repliquemangacine.fr\\\/epees-seigneur-des-anneaux\\\/epee-nazgul-seigneur-des-anneaux-epee-cavaliers-noirs\\\/\",\"url\":\"https:\\\/\\\/repliquemangacine.fr\\\/epees-seigneur-des-anneaux\\\/epee-nazgul-seigneur-des-anneaux-epee-cavaliers-noirs\\\/\",\"name\":\"Ep\u00e9e Nazgul Seigneur des Anneaux - R\u00e9plique Manga Cin\u00e9\",\"isPartOf\":{\"@id\":\"https:\\\/\\\/repliquemangacine.fr\\\/#website\"},\"primaryImageOfPage\":{\"@id\":\"https:\\\/\\\/repliquemangacine.fr\\\/epees-seigneur-des-anneaux\\\/epee-nazgul-seigneur-des-anneaux-epee-cavaliers-noirs\\\/#primaryimage\"},\"image\":{\"@id\":\"https:\\\/\\\/repliquemangacine.fr\\\/epees-seigneur-des-anneaux\\\/epee-nazgul-seigneur-des-anneaux-epee-cavaliers-noirs\\\/#primaryimage\"},\"thumbnailUrl\":\"https:\\\/\\\/repliquemangacine.fr\\\/wp-content\\\/uploads\\\/2022\\\/11\\\/Epee-Nazgul-Seigneur-des-Anneaux.jpg\",\"datePublished\":\"2022-11-09T18:05:32+00:00\",\"dateModified\":\"2026-01-08T14:12:45+00:00\",\"description\":\"Offrez-vous cette Ep\u00e9e Nazgul Seigneur des Anneaux au meilleur prix. Lame en acier tremp\u00e9e et martel\u00e9e - Plaque mural - Longueur : 135 cm - Envoi 24\\\/48h\",\"breadcrumb\":{\"@id\":\"https:\\\/\\\/repliquemangacine.fr\\\/epees-seigneur-des-anneaux\\\/epee-nazgul-seigneur-des-anneaux-epee-cavaliers-noirs\\\/#breadcrumb\"},\"inLanguage\":\"en-US\",\"potentialAction\":[{\"@type\":\"ReadAction\",\"target\":[\"https:\\\/\\\/repliquemangacine.fr\\\/epees-seigneur-des-anneaux\\\/epee-nazgul-seigneur-des-anneaux-epee-cavaliers-noirs\\\/\"]}]},{\"@type\":\"ImageObject\",\"inLanguage\":\"en-US\",\"@id\":\"https:\\\/\\\/repliquemangacine.fr\\\/epees-seigneur-des-anneaux\\\/epee-nazgul-seigneur-des-anneaux-epee-cavaliers-noirs\\\/#primaryimage\",\"url\":\"https:\\\/\\\/repliquemangacine.fr\\\/wp-content\\\/uploads\\\/2022\\\/11\\\/Epee-Nazgul-Seigneur-des-Anneaux.jpg\",\"contentUrl\":\"https:\\\/\\\/repliquemangacine.fr\\\/wp-content\\\/uploads\\\/2022\\\/11\\\/Epee-Nazgul-Seigneur-des-Anneaux.jpg\",\"width\":700,\"height\":700,\"caption\":\"Ep\u00e9e Nazgul Seigneur des Anneaux\"},{\"@type\":\"BreadcrumbList\",\"@id\":\"https:\\\/\\\/repliquemangacine.fr\\\/epees-seigneur-des-anneaux\\\/epee-nazgul-seigneur-des-anneaux-epee-cavaliers-noirs\\\/#breadcrumb\",\"itemListElement\":[{\"@type\":\"ListItem\",\"position\":1,\"name\":\"Accueil\",\"item\":\"https:\\\/\\\/repliquemangacine.fr\\\/\"},{\"@type\":\"ListItem\",\"position\":2,\"name\":\"Produits\",\"item\":\"https:\\\/\\\/repliquemangacine.fr\\\/boutique\\\/\"},{\"@type\":\"ListItem\",\"position\":3,\"name\":\"Ep\u00e9e Nazgul Seigneur des Anneaux\"}]},{\"@type\":\"WebSite\",\"@id\":\"https:\\\/\\\/repliquemangacine.fr\\\/#website\",\"url\":\"https:\\\/\\\/repliquemangacine.fr\\\/\",\"name\":\"R\u00e9plique Manga Cin\u00e9\",\"description\":\"\",\"publisher\":{\"@id\":\"https:\\\/\\\/repliquemangacine.fr\\\/#organization\"},\"potentialAction\":[{\"@type\":\"SearchAction\",\"target\":{\"@type\":\"EntryPoint\",\"urlTemplate\":\"https:\\\/\\\/repliquemangacine.fr\\\/?s={search_term_string}\"},\"query-input\":{\"@type\":\"PropertyValueSpecification\",\"valueRequired\":true,\"valueName\":\"search_term_string\"}}],\"inLanguage\":\"en-US\"},{\"@type\":\"Organization\",\"@id\":\"https:\\\/\\\/repliquemangacine.fr\\\/#organization\",\"name\":\"R\u00e9plique Manga Cin\u00e9\",\"url\":\"https:\\\/\\\/repliquemangacine.fr\\\/\",\"logo\":{\"@type\":\"ImageObject\",\"inLanguage\":\"en-US\",\"@id\":\"https:\\\/\\\/repliquemangacine.fr\\\/#\\\/schema\\\/logo\\\/image\\\/\",\"url\":\"https:\\\/\\\/repliquemangacine.fr\\\/wp-content\\\/uploads\\\/2023\\\/10\\\/RMC-500250.png\",\"contentUrl\":\"https:\\\/\\\/repliquemangacine.fr\\\/wp-content\\\/uploads\\\/2023\\\/10\\\/RMC-500250.png\",\"width\":500,\"height\":250,\"caption\":\"R\u00e9plique Manga Cin\u00e9\"},\"image\":{\"@id\":\"https:\\\/\\\/repliquemangacine.fr\\\/#\\\/schema\\\/logo\\\/image\\\/\"},\"sameAs\":[\"https:\\\/\\\/www.facebook.com\\\/RepliqueMangaCine\",\"https:\\\/\\\/www.instagram.com\\\/repliquemangacine.fr\\\/\"]}]}<\/script>\n<!-- \/ Yoast SEO plugin. -->","yoast_head_json":{"title":"Lord of the Rings Nazgul sword - R\u00e9plique Manga Cin\u00e9","description":"Treat yourself to this Lord of the Rings Nazgul sword at the best price. Hardened and hammered steel blade - Wall plate - Length: 135 cm - Shipment 24\/48h","robots":{"index":"index","follow":"follow","max-snippet":"max-snippet:-1","max-image-preview":"max-image-preview:large","max-video-preview":"max-video-preview:-1"},"canonical":"https:\/\/repliquemangacine.fr\/en\/lord-of-the-rings-swords\/lord-of-the-rings-nazgul-sword-black-knights-sword\/","og_locale":"en_US","og_type":"article","og_title":"Ep\u00e9e Nazgul Seigneur des Anneaux - R\u00e9plique Manga Cin\u00e9","og_description":"Offrez-vous cette Ep\u00e9e Nazgul Seigneur des Anneaux au meilleur prix. Lame en acier tremp\u00e9e et martel\u00e9e - Plaque mural - Longueur : 135 cm - Envoi 24\/48h","og_url":"https:\/\/repliquemangacine.fr\/en\/lord-of-the-rings-swords\/lord-of-the-rings-nazgul-sword-black-knights-sword\/","og_site_name":"R\u00e9plique Manga Cin\u00e9","article_publisher":"https:\/\/www.facebook.com\/RepliqueMangaCine","article_modified_time":"2026-01-08T14:12:45+00:00","og_image":[{"width":700,"height":700,"url":"https:\/\/repliquemangacine.fr\/wp-content\/uploads\/2022\/11\/Epee-Nazgul-Seigneur-des-Anneaux.jpg","type":"image\/jpeg"}],"twitter_card":"summary_large_image","twitter_misc":{"Est. reading time":"3 minutes"},"schema":{"@context":"https:\/\/schema.org","@graph":[{"@type":"WebPage","@id":"https:\/\/repliquemangacine.fr\/epees-seigneur-des-anneaux\/epee-nazgul-seigneur-des-anneaux-epee-cavaliers-noirs\/","url":"https:\/\/repliquemangacine.fr\/epees-seigneur-des-anneaux\/epee-nazgul-seigneur-des-anneaux-epee-cavaliers-noirs\/","name":"Lord of the Rings Nazgul sword - R\u00e9plique Manga Cin\u00e9","isPartOf":{"@id":"https:\/\/repliquemangacine.fr\/#website"},"primaryImageOfPage":{"@id":"https:\/\/repliquemangacine.fr\/epees-seigneur-des-anneaux\/epee-nazgul-seigneur-des-anneaux-epee-cavaliers-noirs\/#primaryimage"},"image":{"@id":"https:\/\/repliquemangacine.fr\/epees-seigneur-des-anneaux\/epee-nazgul-seigneur-des-anneaux-epee-cavaliers-noirs\/#primaryimage"},"thumbnailUrl":"https:\/\/repliquemangacine.fr\/wp-content\/uploads\/2022\/11\/Epee-Nazgul-Seigneur-des-Anneaux.jpg","datePublished":"2022-11-09T18:05:32+00:00","dateModified":"2026-01-08T14:12:45+00:00","description":"Treat yourself to this Lord of the Rings Nazgul sword at the best price. Hardened and hammered steel blade - Wall plate - Length: 135 cm - Shipment 24\/48h","breadcrumb":{"@id":"https:\/\/repliquemangacine.fr\/epees-seigneur-des-anneaux\/epee-nazgul-seigneur-des-anneaux-epee-cavaliers-noirs\/#breadcrumb"},"inLanguage":"en-US","potentialAction":[{"@type":"ReadAction","target":["https:\/\/repliquemangacine.fr\/epees-seigneur-des-anneaux\/epee-nazgul-seigneur-des-anneaux-epee-cavaliers-noirs\/"]}]},{"@type":"ImageObject","inLanguage":"en-US","@id":"https:\/\/repliquemangacine.fr\/epees-seigneur-des-anneaux\/epee-nazgul-seigneur-des-anneaux-epee-cavaliers-noirs\/#primaryimage","url":"https:\/\/repliquemangacine.fr\/wp-content\/uploads\/2022\/11\/Epee-Nazgul-Seigneur-des-Anneaux.jpg","contentUrl":"https:\/\/repliquemangacine.fr\/wp-content\/uploads\/2022\/11\/Epee-Nazgul-Seigneur-des-Anneaux.jpg","width":700,"height":700,"caption":"Ep\u00e9e Nazgul Seigneur des Anneaux"},{"@type":"BreadcrumbList","@id":"https:\/\/repliquemangacine.fr\/epees-seigneur-des-anneaux\/epee-nazgul-seigneur-des-anneaux-epee-cavaliers-noirs\/#breadcrumb","itemListElement":[{"@type":"ListItem","position":1,"name":"Accueil","item":"https:\/\/repliquemangacine.fr\/"},{"@type":"ListItem","position":2,"name":"Produits","item":"https:\/\/repliquemangacine.fr\/boutique\/"},{"@type":"ListItem","position":3,"name":"Ep\u00e9e Nazgul Seigneur des Anneaux"}]},{"@type":"WebSite","@id":"https:\/\/repliquemangacine.fr\/#website","url":"https:\/\/repliquemangacine.fr\/","name":"R\u00e9plique Manga Cin\u00e9","description":"","publisher":{"@id":"https:\/\/repliquemangacine.fr\/#organization"},"potentialAction":[{"@type":"SearchAction","target":{"@type":"EntryPoint","urlTemplate":"https:\/\/repliquemangacine.fr\/?s={search_term_string}"},"query-input":{"@type":"PropertyValueSpecification","valueRequired":true,"valueName":"search_term_string"}}],"inLanguage":"en-US"},{"@type":"Organization","@id":"https:\/\/repliquemangacine.fr\/#organization","name":"R\u00e9plique Manga Cin\u00e9","url":"https:\/\/repliquemangacine.fr\/","logo":{"@type":"ImageObject","inLanguage":"en-US","@id":"https:\/\/repliquemangacine.fr\/#\/schema\/logo\/image\/","url":"https:\/\/repliquemangacine.fr\/wp-content\/uploads\/2023\/10\/RMC-500250.png","contentUrl":"https:\/\/repliquemangacine.fr\/wp-content\/uploads\/2023\/10\/RMC-500250.png","width":500,"height":250,"caption":"R\u00e9plique Manga Cin\u00e9"},"image":{"@id":"https:\/\/repliquemangacine.fr\/#\/schema\/logo\/image\/"},"sameAs":["https:\/\/www.facebook.com\/RepliqueMangaCine","https:\/\/www.instagram.com\/repliquemangacine.fr\/"]}]}},"_links":{"self":[{"href":"https:\/\/repliquemangacine.fr\/en\/wp-json\/wp\/v2\/product\/54900","targetHints":{"allow":["GET"]}}],"collection":[{"href":"https:\/\/repliquemangacine.fr\/en\/wp-json\/wp\/v2\/product"}],"about":[{"href":"https:\/\/repliquemangacine.fr\/en\/wp-json\/wp\/v2\/types\/product"}],"wp:featuredmedia":[{"embeddable":true,"href":"https:\/\/repliquemangacine.fr\/en\/wp-json\/wp\/v2\/media\/87618"}],"wp:attachment":[{"href":"https:\/\/repliquemangacine.fr\/en\/wp-json\/wp\/v2\/media?parent=54900"}],"wp:term":[{"taxonomy":"product_brand","embeddable":true,"href":"https:\/\/repliquemangacine.fr\/en\/wp-json\/wp\/v2\/product_brand?post=54900"},{"taxonomy":"product_cat","embeddable":true,"href":"https:\/\/repliquemangacine.fr\/en\/wp-json\/wp\/v2\/product_cat?post=54900"},{"taxonomy":"product_tag","embeddable":true,"href":"https:\/\/repliquemangacine.fr\/en\/wp-json\/wp\/v2\/product_tag?post=54900"}],"curies":[{"name":"wp","href":"https:\/\/api.w.org\/{rel}","templated":true}]}}