





{"id":54683,"date":"2022-11-03T18:24:24","date_gmt":"2022-11-03T17:24:24","guid":{"rendered":"https:\/\/repliquemangacine.fr\/?post_type=product&#038;p=54683"},"modified":"2026-01-21T11:39:12","modified_gmt":"2026-01-21T10:39:12","slug":"bard-the-hobbits-sword","status":"publish","type":"product","link":"https:\/\/repliquemangacine.fr\/en\/epees-the-hobbit\/epee-de-bard-le-hobbit\/","title":{"rendered":"Sword of Bard The Hobbit"},"content":{"rendered":"<h2>Bard's sword in The Hobbit<\/h2>\n<p>To begin with, the<strong>Bard's sword<\/strong> <strong>the Hobbit<\/strong> is of the highest quality, with remarkable finishes. A must-have for your The Hobbit collection.<\/p>\n<p><a href=\"https:\/\/lotr.fandom.com\/fr\/wiki\/Bard\" target=\"_blank\" rel=\"noopener noreferrer\">Bard<\/a>, also known as Bard the Bowman, is a man from Esgaroth and a descendant of Girion. He killed the dragon Smaug and rebuilt Dale. Bard became king after the Battle of the Five Armies under the name Bard I.<\/p>\n<p>British actor Luke Evans plays Bard in Peter Jackson's three-part film adaptation of The Hobbit.<\/p>\n<p>Bard brings the dwarves to town after their escape from Thranduil's caves in barrels. He also tries to convince the inhabitants of Lake-town not to allow the dwarves to go to Erebor, but to no avail.<\/p>\n<h2>Your Bard's sword at the best price.<\/h2>\n<p>We offer a wide selection of replicas from The Hobbit trilogy.<\/p>\n<p>First and foremost,<\/p>\n<ul>\n<li>L'<a href=\"https:\/\/repliquemangacine.fr\/en\/swords-the-hobbit\/orcrist-sword-thorin-sword\/\">Orcrist sword<\/a>the \"Goblin Slayer\" nicknamed Mordeuse.<\/li>\n<li>There's also Gandalf's sword, <a href=\"https:\/\/repliquemangacine.fr\/en\/lord-of-the-rings-swords\/gandalf-sword-glamdring-the-lord-of-the-rings\/\">Glamdring<\/a> sister sword to Thorin's Orcrist.<\/li>\n<li>As well as <a href=\"https:\/\/repliquemangacine.fr\/en\/swords-the-hobbit\/dague-tauriel-the-hobbit\/\">Tauriel's daggers<\/a>sober and elegant.<\/li>\n<li>And many more to discover in our online store!<\/li>\n<\/ul>\n<p>That's why here are some great gift ideas for all fans of The Hobbit trilogy.<\/p>\n<p>In conclusion, you can use the\u2019<strong>Bard's sword<\/strong> <strong>the Hobbit<\/strong> for your cosplay parades and theme parties. But above all, this sword is a collector's item and decorative piece.<\/p>\n<p>R\u00e9plique Manga Cin\u00e9 is a French family business.<\/p>\n<h2>How to maintain the blade of your The Hobbit sword?<\/h2>\n<p>Collector's and decorative swords are made and assembled in a simplified way. As their use is decorative, they lack the safety features required of a Japanese sword intended for training.<\/p>\n<p>However, your <strong>Bard's sword<\/strong> <strong>the Hobbit<\/strong> to a steel blade that needs to be cared for to avoid damage over time. In fact, when you display your katana, your friends will be curious to see and touch the blade. This is where you need to be careful, as the acidity of your fingers is very harmful to steel, whatever its quality.<\/p>\n<p>However, if this does happen, don't panic - all you need is a cloth dampened with a little oil and a wipe of fingerprints. By doing so, you'll keep your sword looking its best for a very long time.<\/p>\n<p><strong>\u00a0<\/strong><\/p>","protected":false},"excerpt":{"rendered":"<p>Superb replica of Bard's sword from The Hobbit trilogy.<\/p>\n<ul>\n<li>Decorated 440 steel blade.<\/li>\n<li>Specially shaped steel guard.<\/li>\n<li>Steel knob with two eagle heads.<\/li>\n<li>Decorated wooden wall bracket.<\/li>\n<li>Blade length: 74 cm - Total length: 98 cm<\/li>\n<\/ul>","protected":false},"featured_media":54684,"template":"","meta":[],"product_brand":[896],"product_cat":[69,24,35],"product_tag":[],"class_list":{"0":"post-54683","1":"product","2":"type-product","3":"status-publish","4":"has-post-thumbnail","6":"product_brand-replique-manga-cine","7":"product_cat-epees-the-hobbit","8":"product_cat-films-series-tv-vente-de-katana-epee-et-produits-derives","9":"product_cat-epee-et-bijoux-the-hobbit","11":"first","12":"instock","13":"taxable","14":"shipping-taxable","15":"purchasable","16":"product-type-simple"},"yoast_head":"<!-- This site is optimized with the Yoast SEO plugin v27.5 - https:\/\/yoast.com\/product\/yoast-seo-wordpress\/ -->\n<title>Ep\u00e9e de Bard Le Hobbit - Boutique en ligne - R\u00e9plique Manga Cin\u00e9<\/title>\n<meta name=\"description\" content=\"Offrez-lui l&#039;Ep\u00e9e de Bard le Hobbit au meilleur prix. Lame en acier 440 - Garde et pommeau en acier - Support - Longueur : 98 cm - Envoi 24\/48h\" \/>\n<meta name=\"robots\" content=\"index, follow, max-snippet:-1, max-image-preview:large, max-video-preview:-1\" \/>\n<link rel=\"canonical\" href=\"https:\/\/repliquemangacine.fr\/en\/swords-the-hobbit\/bard-the-hobbits-sword\/\" \/>\n<meta property=\"og:locale\" content=\"en_US\" \/>\n<meta property=\"og:type\" content=\"article\" \/>\n<meta property=\"og:title\" content=\"Ep\u00e9e de Bard Le Hobbit - Boutique en ligne - R\u00e9plique Manga Cin\u00e9\" \/>\n<meta property=\"og:description\" content=\"Offrez-lui l&#039;Ep\u00e9e de Bard le Hobbit au meilleur prix. Lame en acier 440 - Garde et pommeau en acier - Support - Longueur : 98 cm - Envoi 24\/48h\" \/>\n<meta property=\"og:url\" content=\"https:\/\/repliquemangacine.fr\/en\/swords-the-hobbit\/bard-the-hobbits-sword\/\" \/>\n<meta property=\"og:site_name\" content=\"R\u00e9plique Manga Cin\u00e9\" \/>\n<meta property=\"article:publisher\" content=\"https:\/\/www.facebook.com\/RepliqueMangaCine\" \/>\n<meta property=\"article:modified_time\" content=\"2026-01-21T10:39:12+00:00\" \/>\n<meta property=\"og:image\" content=\"https:\/\/repliquemangacine.fr\/wp-content\/uploads\/2023\/10\/epee-bard-hobbit.jpg\" \/>\n\t<meta property=\"og:image:width\" content=\"500\" \/>\n\t<meta property=\"og:image:height\" content=\"500\" \/>\n\t<meta property=\"og:image:type\" content=\"image\/jpeg\" \/>\n<meta name=\"twitter:card\" content=\"summary_large_image\" \/>\n<meta name=\"twitter:label1\" content=\"Est. reading time\" \/>\n\t<meta name=\"twitter:data1\" content=\"2 minutes\" \/>\n<script type=\"application\/ld+json\" class=\"yoast-schema-graph\">{\"@context\":\"https:\\\/\\\/schema.org\",\"@graph\":[{\"@type\":\"WebPage\",\"@id\":\"https:\\\/\\\/repliquemangacine.fr\\\/epees-the-hobbit\\\/epee-de-bard-le-hobbit\\\/\",\"url\":\"https:\\\/\\\/repliquemangacine.fr\\\/epees-the-hobbit\\\/epee-de-bard-le-hobbit\\\/\",\"name\":\"Ep\u00e9e de Bard Le Hobbit - Boutique en ligne - R\u00e9plique Manga Cin\u00e9\",\"isPartOf\":{\"@id\":\"https:\\\/\\\/repliquemangacine.fr\\\/#website\"},\"primaryImageOfPage\":{\"@id\":\"https:\\\/\\\/repliquemangacine.fr\\\/epees-the-hobbit\\\/epee-de-bard-le-hobbit\\\/#primaryimage\"},\"image\":{\"@id\":\"https:\\\/\\\/repliquemangacine.fr\\\/epees-the-hobbit\\\/epee-de-bard-le-hobbit\\\/#primaryimage\"},\"thumbnailUrl\":\"https:\\\/\\\/repliquemangacine.fr\\\/wp-content\\\/uploads\\\/2023\\\/10\\\/epee-bard-hobbit.jpg\",\"datePublished\":\"2022-11-03T17:24:24+00:00\",\"dateModified\":\"2026-01-21T10:39:12+00:00\",\"description\":\"Offrez-lui l'Ep\u00e9e de Bard le Hobbit au meilleur prix. Lame en acier 440 - Garde et pommeau en acier - Support - Longueur : 98 cm - Envoi 24\\\/48h\",\"breadcrumb\":{\"@id\":\"https:\\\/\\\/repliquemangacine.fr\\\/epees-the-hobbit\\\/epee-de-bard-le-hobbit\\\/#breadcrumb\"},\"inLanguage\":\"en-US\",\"potentialAction\":[{\"@type\":\"ReadAction\",\"target\":[\"https:\\\/\\\/repliquemangacine.fr\\\/epees-the-hobbit\\\/epee-de-bard-le-hobbit\\\/\"]}]},{\"@type\":\"ImageObject\",\"inLanguage\":\"en-US\",\"@id\":\"https:\\\/\\\/repliquemangacine.fr\\\/epees-the-hobbit\\\/epee-de-bard-le-hobbit\\\/#primaryimage\",\"url\":\"https:\\\/\\\/repliquemangacine.fr\\\/wp-content\\\/uploads\\\/2023\\\/10\\\/epee-bard-hobbit.jpg\",\"contentUrl\":\"https:\\\/\\\/repliquemangacine.fr\\\/wp-content\\\/uploads\\\/2023\\\/10\\\/epee-bard-hobbit.jpg\",\"width\":500,\"height\":500,\"caption\":\"Ep\u00e9e de Bard Le Hobbit\"},{\"@type\":\"BreadcrumbList\",\"@id\":\"https:\\\/\\\/repliquemangacine.fr\\\/epees-the-hobbit\\\/epee-de-bard-le-hobbit\\\/#breadcrumb\",\"itemListElement\":[{\"@type\":\"ListItem\",\"position\":1,\"name\":\"Accueil\",\"item\":\"https:\\\/\\\/repliquemangacine.fr\\\/\"},{\"@type\":\"ListItem\",\"position\":2,\"name\":\"Produits\",\"item\":\"https:\\\/\\\/repliquemangacine.fr\\\/boutique\\\/\"},{\"@type\":\"ListItem\",\"position\":3,\"name\":\"Ep\u00e9e de Bard Le Hobbit\"}]},{\"@type\":\"WebSite\",\"@id\":\"https:\\\/\\\/repliquemangacine.fr\\\/#website\",\"url\":\"https:\\\/\\\/repliquemangacine.fr\\\/\",\"name\":\"R\u00e9plique Manga Cin\u00e9\",\"description\":\"\",\"publisher\":{\"@id\":\"https:\\\/\\\/repliquemangacine.fr\\\/#organization\"},\"potentialAction\":[{\"@type\":\"SearchAction\",\"target\":{\"@type\":\"EntryPoint\",\"urlTemplate\":\"https:\\\/\\\/repliquemangacine.fr\\\/?s={search_term_string}\"},\"query-input\":{\"@type\":\"PropertyValueSpecification\",\"valueRequired\":true,\"valueName\":\"search_term_string\"}}],\"inLanguage\":\"en-US\"},{\"@type\":\"Organization\",\"@id\":\"https:\\\/\\\/repliquemangacine.fr\\\/#organization\",\"name\":\"R\u00e9plique Manga Cin\u00e9\",\"url\":\"https:\\\/\\\/repliquemangacine.fr\\\/\",\"logo\":{\"@type\":\"ImageObject\",\"inLanguage\":\"en-US\",\"@id\":\"https:\\\/\\\/repliquemangacine.fr\\\/#\\\/schema\\\/logo\\\/image\\\/\",\"url\":\"https:\\\/\\\/repliquemangacine.fr\\\/wp-content\\\/uploads\\\/2023\\\/10\\\/RMC-500250.png\",\"contentUrl\":\"https:\\\/\\\/repliquemangacine.fr\\\/wp-content\\\/uploads\\\/2023\\\/10\\\/RMC-500250.png\",\"width\":500,\"height\":250,\"caption\":\"R\u00e9plique Manga Cin\u00e9\"},\"image\":{\"@id\":\"https:\\\/\\\/repliquemangacine.fr\\\/#\\\/schema\\\/logo\\\/image\\\/\"},\"sameAs\":[\"https:\\\/\\\/www.facebook.com\\\/RepliqueMangaCine\",\"https:\\\/\\\/www.instagram.com\\\/repliquemangacine.fr\\\/\"]}]}<\/script>\n<!-- \/ Yoast SEO plugin. -->","yoast_head_json":{"title":"Sword of Bard The Hobbit - Online Shop - R\u00e9plique Manga Cin\u00e9","description":"Offer him the Sword of Bard the Hobbit at the best price. 440 steel blade - Steel hilt and pommel - Stand - Length: 98 cm - Shipment 24\/48h","robots":{"index":"index","follow":"follow","max-snippet":"max-snippet:-1","max-image-preview":"max-image-preview:large","max-video-preview":"max-video-preview:-1"},"canonical":"https:\/\/repliquemangacine.fr\/en\/swords-the-hobbit\/bard-the-hobbits-sword\/","og_locale":"en_US","og_type":"article","og_title":"Ep\u00e9e de Bard Le Hobbit - Boutique en ligne - R\u00e9plique Manga Cin\u00e9","og_description":"Offrez-lui l'Ep\u00e9e de Bard le Hobbit au meilleur prix. Lame en acier 440 - Garde et pommeau en acier - Support - Longueur : 98 cm - Envoi 24\/48h","og_url":"https:\/\/repliquemangacine.fr\/en\/swords-the-hobbit\/bard-the-hobbits-sword\/","og_site_name":"R\u00e9plique Manga Cin\u00e9","article_publisher":"https:\/\/www.facebook.com\/RepliqueMangaCine","article_modified_time":"2026-01-21T10:39:12+00:00","og_image":[{"width":500,"height":500,"url":"https:\/\/repliquemangacine.fr\/wp-content\/uploads\/2023\/10\/epee-bard-hobbit.jpg","type":"image\/jpeg"}],"twitter_card":"summary_large_image","twitter_misc":{"Est. reading time":"2 minutes"},"schema":{"@context":"https:\/\/schema.org","@graph":[{"@type":"WebPage","@id":"https:\/\/repliquemangacine.fr\/epees-the-hobbit\/epee-de-bard-le-hobbit\/","url":"https:\/\/repliquemangacine.fr\/epees-the-hobbit\/epee-de-bard-le-hobbit\/","name":"Sword of Bard The Hobbit - Online Shop - R\u00e9plique Manga Cin\u00e9","isPartOf":{"@id":"https:\/\/repliquemangacine.fr\/#website"},"primaryImageOfPage":{"@id":"https:\/\/repliquemangacine.fr\/epees-the-hobbit\/epee-de-bard-le-hobbit\/#primaryimage"},"image":{"@id":"https:\/\/repliquemangacine.fr\/epees-the-hobbit\/epee-de-bard-le-hobbit\/#primaryimage"},"thumbnailUrl":"https:\/\/repliquemangacine.fr\/wp-content\/uploads\/2023\/10\/epee-bard-hobbit.jpg","datePublished":"2022-11-03T17:24:24+00:00","dateModified":"2026-01-21T10:39:12+00:00","description":"Offer him the Sword of Bard the Hobbit at the best price. 440 steel blade - Steel hilt and pommel - Stand - Length: 98 cm - Shipment 24\/48h","breadcrumb":{"@id":"https:\/\/repliquemangacine.fr\/epees-the-hobbit\/epee-de-bard-le-hobbit\/#breadcrumb"},"inLanguage":"en-US","potentialAction":[{"@type":"ReadAction","target":["https:\/\/repliquemangacine.fr\/epees-the-hobbit\/epee-de-bard-le-hobbit\/"]}]},{"@type":"ImageObject","inLanguage":"en-US","@id":"https:\/\/repliquemangacine.fr\/epees-the-hobbit\/epee-de-bard-le-hobbit\/#primaryimage","url":"https:\/\/repliquemangacine.fr\/wp-content\/uploads\/2023\/10\/epee-bard-hobbit.jpg","contentUrl":"https:\/\/repliquemangacine.fr\/wp-content\/uploads\/2023\/10\/epee-bard-hobbit.jpg","width":500,"height":500,"caption":"Ep\u00e9e de Bard Le Hobbit"},{"@type":"BreadcrumbList","@id":"https:\/\/repliquemangacine.fr\/epees-the-hobbit\/epee-de-bard-le-hobbit\/#breadcrumb","itemListElement":[{"@type":"ListItem","position":1,"name":"Accueil","item":"https:\/\/repliquemangacine.fr\/"},{"@type":"ListItem","position":2,"name":"Produits","item":"https:\/\/repliquemangacine.fr\/boutique\/"},{"@type":"ListItem","position":3,"name":"Ep\u00e9e de Bard Le Hobbit"}]},{"@type":"WebSite","@id":"https:\/\/repliquemangacine.fr\/#website","url":"https:\/\/repliquemangacine.fr\/","name":"R\u00e9plique Manga Cin\u00e9","description":"","publisher":{"@id":"https:\/\/repliquemangacine.fr\/#organization"},"potentialAction":[{"@type":"SearchAction","target":{"@type":"EntryPoint","urlTemplate":"https:\/\/repliquemangacine.fr\/?s={search_term_string}"},"query-input":{"@type":"PropertyValueSpecification","valueRequired":true,"valueName":"search_term_string"}}],"inLanguage":"en-US"},{"@type":"Organization","@id":"https:\/\/repliquemangacine.fr\/#organization","name":"R\u00e9plique Manga Cin\u00e9","url":"https:\/\/repliquemangacine.fr\/","logo":{"@type":"ImageObject","inLanguage":"en-US","@id":"https:\/\/repliquemangacine.fr\/#\/schema\/logo\/image\/","url":"https:\/\/repliquemangacine.fr\/wp-content\/uploads\/2023\/10\/RMC-500250.png","contentUrl":"https:\/\/repliquemangacine.fr\/wp-content\/uploads\/2023\/10\/RMC-500250.png","width":500,"height":250,"caption":"R\u00e9plique Manga Cin\u00e9"},"image":{"@id":"https:\/\/repliquemangacine.fr\/#\/schema\/logo\/image\/"},"sameAs":["https:\/\/www.facebook.com\/RepliqueMangaCine","https:\/\/www.instagram.com\/repliquemangacine.fr\/"]}]}},"_links":{"self":[{"href":"https:\/\/repliquemangacine.fr\/en\/wp-json\/wp\/v2\/product\/54683","targetHints":{"allow":["GET"]}}],"collection":[{"href":"https:\/\/repliquemangacine.fr\/en\/wp-json\/wp\/v2\/product"}],"about":[{"href":"https:\/\/repliquemangacine.fr\/en\/wp-json\/wp\/v2\/types\/product"}],"wp:featuredmedia":[{"embeddable":true,"href":"https:\/\/repliquemangacine.fr\/en\/wp-json\/wp\/v2\/media\/54684"}],"wp:attachment":[{"href":"https:\/\/repliquemangacine.fr\/en\/wp-json\/wp\/v2\/media?parent=54683"}],"wp:term":[{"taxonomy":"product_brand","embeddable":true,"href":"https:\/\/repliquemangacine.fr\/en\/wp-json\/wp\/v2\/product_brand?post=54683"},{"taxonomy":"product_cat","embeddable":true,"href":"https:\/\/repliquemangacine.fr\/en\/wp-json\/wp\/v2\/product_cat?post=54683"},{"taxonomy":"product_tag","embeddable":true,"href":"https:\/\/repliquemangacine.fr\/en\/wp-json\/wp\/v2\/product_tag?post=54683"}],"curies":[{"name":"wp","href":"https:\/\/api.w.org\/{rel}","templated":true}]}}