





{"id":54401,"date":"2022-10-27T10:17:00","date_gmt":"2022-10-27T08:17:00","guid":{"rendered":"https:\/\/repliquemangacine.fr\/?post_type=product&#038;p=54401"},"modified":"2026-03-06T12:32:42","modified_gmt":"2026-03-06T11:32:42","slug":"hylien-shield-zelda","status":"publish","type":"product","link":"https:\/\/repliquemangacine.fr\/en\/epee-zelda\/bouclier-hylien-zelda\/","title":{"rendered":"Zelda Hylien shield"},"content":{"rendered":"<h2>Zelda Hylien metal shield<\/h2>\n<p>The Zelda Hylian Shield, or Hylia's Shield, is the recurring and emblematic shield of the series. Often associated with the Legendary Sword. A true symbol of the series. It features the Triforce and Celestial Tree motifs.<\/p>\n<p>Visit <a href=\"https:\/\/zelda.fandom.com\/fr\/wiki\/Bouclier_Hylien?so=search\" target=\"_blank\" rel=\"noopener noreferrer\">Hylian Shield<\/a> is one of the strongest shields available. It resists fire, electricity and curses in Skyward Sword (in which it is named \"Hylia's Shield\"), and never deteriorates no matter what blows are dealt. It was created by the goddess Hylia for the hero chosen to destroy the Void Avatar.<\/p>\n<p>Link leaves home to fight the forces of evil. Although he doesn't seem to know his way around weapons very well at the start of the games, he soon masters new techniques and builds up a varied arsenal, with the sword remaining his signature weapon.<\/p>\n<h2>Your Zelda Hylien Shield at the best price.<\/h2>\n<p>We offer a wide selection of Zelda video game replicas<\/p>\n<p>First and foremost,<\/p>\n<ul>\n<li>The legendary sword <a href=\"https:\/\/repliquemangacine.fr\/en\/zelda\/master-sword-zelda-sword\/\">Master Sword<\/a> with its triforce on the blade.<\/li>\n<li>Then, the little <a href=\"https:\/\/repliquemangacine.fr\/en\/zelda\/master-sword-zelda-dagger\/\">Master Sword dagger<\/a>.<\/li>\n<li>As well as the<a href=\"https:\/\/repliquemangacine.fr\/en\/zelda\/epee-dark-link-zelda-link-corrompu\/\">Dark link sword<\/a> and its dark side.<\/li>\n<li>And many more to discover in our online store!<\/li>\n<\/ul>\n<p>That's why this is a great gift idea for Zelda fans.<\/p>\n<p>You can use the <strong>Zelda Hylien shield<\/strong> for your Cosplay parades at conventions. But above all, it's a collector's item and a decoration.<\/p>\n<p>R\u00e9plique Manga Cin\u00e9 is a French family business.<\/p>\n<h2>Discover our latest Zelda releases<\/h2>\n<p>Our aim is to satisfy you, which is why we do everything we can to find the collectibles you're looking for. So don't hesitate to let us know what you think, so that we can continue the adventure together!<\/p>\n<p>Always on the cutting edge of new products, and always ready to listen to your product searches, we are pleased to offer you a few little nuggets such as :<\/p>\n<ul>\n<li>Visit <a href=\"https:\/\/repliquemangacine.fr\/en\/zelda-sword\/13-piece-zelda-set\/\">13-piece Zelda sword set<\/a> as key rings or pendants to suit your mood.<\/li>\n<li>There is also the <a href=\"https:\/\/repliquemangacine.fr\/en\/zelda-sword\/ensemble-de-8-pieces-pendentif-zelda\/\">set of 8 Zelda pendants<\/a> Princess Zelda symbols.<\/li>\n<li>And many more to be discovered soon, such as the figurines<\/li>\n<\/ul>","protected":false},"excerpt":{"rendered":"<p>Magnificent identical replica of the Hylian shield in Zelda.<\/p>\n<ul>\n<li>Made entirely of metal.<\/li>\n<li>Features the Triforce and celestrier motifs.<\/li>\n<li>There's a handle on the back to hold it.<\/li>\n<li>Can be wall-mounted<\/li>\n<li>Dimensions: 38 X53cm<\/li>\n<\/ul>","protected":false},"featured_media":54402,"template":"","meta":[],"product_brand":[896],"product_cat":[23,56],"product_tag":[],"class_list":{"0":"post-54401","1":"product","2":"type-product","3":"status-publish","4":"has-post-thumbnail","6":"product_brand-replique-manga-cine","7":"product_cat-repliques-manga-jeux-video","8":"product_cat-epee-zelda","10":"first","11":"outofstock","12":"taxable","13":"shipping-taxable","14":"purchasable","15":"product-type-simple"},"yoast_head":"<!-- This site is optimized with the Yoast SEO plugin v27.5 - https:\/\/yoast.com\/product\/yoast-seo-wordpress\/ -->\n<title>Bouclier Zelda Hylien en m\u00e9tal 38X53cm - R\u00e9plique Manga Cin\u00e9<\/title>\n<meta name=\"description\" content=\"Offrez-vous le Bouclier Zelda Hylien tout en m\u00e9tal. De petite taille et tr\u00e8s l\u00e9ger, id\u00e9al pour votre enfant. Finition parfaite. 38X53 cm - Envoi 24\/48h\" \/>\n<meta name=\"robots\" content=\"index, follow, max-snippet:-1, max-image-preview:large, max-video-preview:-1\" \/>\n<link rel=\"canonical\" href=\"https:\/\/repliquemangacine.fr\/en\/zelda-sword\/hylien-shield-zelda\/\" \/>\n<meta property=\"og:locale\" content=\"en_US\" \/>\n<meta property=\"og:type\" content=\"article\" \/>\n<meta property=\"og:title\" content=\"Bouclier Zelda Hylien en m\u00e9tal 38X53cm - R\u00e9plique Manga Cin\u00e9\" \/>\n<meta property=\"og:description\" content=\"Offrez-vous le Bouclier Zelda Hylien tout en m\u00e9tal. De petite taille et tr\u00e8s l\u00e9ger, id\u00e9al pour votre enfant. Finition parfaite. 38X53 cm - Envoi 24\/48h\" \/>\n<meta property=\"og:url\" content=\"https:\/\/repliquemangacine.fr\/en\/zelda-sword\/hylien-shield-zelda\/\" \/>\n<meta property=\"og:site_name\" content=\"R\u00e9plique Manga Cin\u00e9\" \/>\n<meta property=\"article:publisher\" content=\"https:\/\/www.facebook.com\/RepliqueMangaCine\" \/>\n<meta property=\"article:modified_time\" content=\"2026-03-06T11:32:42+00:00\" \/>\n<meta property=\"og:image\" content=\"https:\/\/repliquemangacine.fr\/wp-content\/uploads\/2023\/10\/bouclier-zelda-metal.jpg\" \/>\n\t<meta property=\"og:image:width\" content=\"500\" \/>\n\t<meta property=\"og:image:height\" content=\"500\" \/>\n\t<meta property=\"og:image:type\" content=\"image\/jpeg\" \/>\n<meta name=\"twitter:card\" content=\"summary_large_image\" \/>\n<meta name=\"twitter:label1\" content=\"Est. reading time\" \/>\n\t<meta name=\"twitter:data1\" content=\"2 minutes\" \/>\n<script type=\"application\/ld+json\" class=\"yoast-schema-graph\">{\"@context\":\"https:\\\/\\\/schema.org\",\"@graph\":[{\"@type\":\"WebPage\",\"@id\":\"https:\\\/\\\/repliquemangacine.fr\\\/epee-zelda\\\/bouclier-hylien-zelda\\\/\",\"url\":\"https:\\\/\\\/repliquemangacine.fr\\\/epee-zelda\\\/bouclier-hylien-zelda\\\/\",\"name\":\"Bouclier Zelda Hylien en m\u00e9tal 38X53cm - R\u00e9plique Manga Cin\u00e9\",\"isPartOf\":{\"@id\":\"https:\\\/\\\/repliquemangacine.fr\\\/#website\"},\"primaryImageOfPage\":{\"@id\":\"https:\\\/\\\/repliquemangacine.fr\\\/epee-zelda\\\/bouclier-hylien-zelda\\\/#primaryimage\"},\"image\":{\"@id\":\"https:\\\/\\\/repliquemangacine.fr\\\/epee-zelda\\\/bouclier-hylien-zelda\\\/#primaryimage\"},\"thumbnailUrl\":\"https:\\\/\\\/repliquemangacine.fr\\\/wp-content\\\/uploads\\\/2023\\\/10\\\/bouclier-zelda-metal.jpg\",\"datePublished\":\"2022-10-27T08:17:00+00:00\",\"dateModified\":\"2026-03-06T11:32:42+00:00\",\"description\":\"Offrez-vous le Bouclier Zelda Hylien tout en m\u00e9tal. De petite taille et tr\u00e8s l\u00e9ger, id\u00e9al pour votre enfant. Finition parfaite. 38X53 cm - Envoi 24\\\/48h\",\"breadcrumb\":{\"@id\":\"https:\\\/\\\/repliquemangacine.fr\\\/epee-zelda\\\/bouclier-hylien-zelda\\\/#breadcrumb\"},\"inLanguage\":\"en-US\",\"potentialAction\":[{\"@type\":\"ReadAction\",\"target\":[\"https:\\\/\\\/repliquemangacine.fr\\\/epee-zelda\\\/bouclier-hylien-zelda\\\/\"]}]},{\"@type\":\"ImageObject\",\"inLanguage\":\"en-US\",\"@id\":\"https:\\\/\\\/repliquemangacine.fr\\\/epee-zelda\\\/bouclier-hylien-zelda\\\/#primaryimage\",\"url\":\"https:\\\/\\\/repliquemangacine.fr\\\/wp-content\\\/uploads\\\/2023\\\/10\\\/bouclier-zelda-metal.jpg\",\"contentUrl\":\"https:\\\/\\\/repliquemangacine.fr\\\/wp-content\\\/uploads\\\/2023\\\/10\\\/bouclier-zelda-metal.jpg\",\"width\":500,\"height\":500,\"caption\":\"Bouclier Hylien Zelda en m\u00e9tal\"},{\"@type\":\"BreadcrumbList\",\"@id\":\"https:\\\/\\\/repliquemangacine.fr\\\/epee-zelda\\\/bouclier-hylien-zelda\\\/#breadcrumb\",\"itemListElement\":[{\"@type\":\"ListItem\",\"position\":1,\"name\":\"Accueil\",\"item\":\"https:\\\/\\\/repliquemangacine.fr\\\/\"},{\"@type\":\"ListItem\",\"position\":2,\"name\":\"Produits\",\"item\":\"https:\\\/\\\/repliquemangacine.fr\\\/boutique\\\/\"},{\"@type\":\"ListItem\",\"position\":3,\"name\":\"Bouclier Zelda Hylien\"}]},{\"@type\":\"WebSite\",\"@id\":\"https:\\\/\\\/repliquemangacine.fr\\\/#website\",\"url\":\"https:\\\/\\\/repliquemangacine.fr\\\/\",\"name\":\"R\u00e9plique Manga Cin\u00e9\",\"description\":\"\",\"publisher\":{\"@id\":\"https:\\\/\\\/repliquemangacine.fr\\\/#organization\"},\"potentialAction\":[{\"@type\":\"SearchAction\",\"target\":{\"@type\":\"EntryPoint\",\"urlTemplate\":\"https:\\\/\\\/repliquemangacine.fr\\\/?s={search_term_string}\"},\"query-input\":{\"@type\":\"PropertyValueSpecification\",\"valueRequired\":true,\"valueName\":\"search_term_string\"}}],\"inLanguage\":\"en-US\"},{\"@type\":\"Organization\",\"@id\":\"https:\\\/\\\/repliquemangacine.fr\\\/#organization\",\"name\":\"R\u00e9plique Manga Cin\u00e9\",\"url\":\"https:\\\/\\\/repliquemangacine.fr\\\/\",\"logo\":{\"@type\":\"ImageObject\",\"inLanguage\":\"en-US\",\"@id\":\"https:\\\/\\\/repliquemangacine.fr\\\/#\\\/schema\\\/logo\\\/image\\\/\",\"url\":\"https:\\\/\\\/repliquemangacine.fr\\\/wp-content\\\/uploads\\\/2023\\\/10\\\/RMC-500250.png\",\"contentUrl\":\"https:\\\/\\\/repliquemangacine.fr\\\/wp-content\\\/uploads\\\/2023\\\/10\\\/RMC-500250.png\",\"width\":500,\"height\":250,\"caption\":\"R\u00e9plique Manga Cin\u00e9\"},\"image\":{\"@id\":\"https:\\\/\\\/repliquemangacine.fr\\\/#\\\/schema\\\/logo\\\/image\\\/\"},\"sameAs\":[\"https:\\\/\\\/www.facebook.com\\\/RepliqueMangaCine\",\"https:\\\/\\\/www.instagram.com\\\/repliquemangacine.fr\\\/\"]}]}<\/script>\n<!-- \/ Yoast SEO plugin. -->","yoast_head_json":{"title":"Zelda Hylien metal shield 38X53cm - R\u00e9plique Manga Cin\u00e9","description":"Treat yourself to the all-metal Zelda Hylien Shield. Small and lightweight, ideal for your child. Perfect finish. 38X53 cm - Shipment 24\/48h","robots":{"index":"index","follow":"follow","max-snippet":"max-snippet:-1","max-image-preview":"max-image-preview:large","max-video-preview":"max-video-preview:-1"},"canonical":"https:\/\/repliquemangacine.fr\/en\/zelda-sword\/hylien-shield-zelda\/","og_locale":"en_US","og_type":"article","og_title":"Bouclier Zelda Hylien en m\u00e9tal 38X53cm - R\u00e9plique Manga Cin\u00e9","og_description":"Offrez-vous le Bouclier Zelda Hylien tout en m\u00e9tal. De petite taille et tr\u00e8s l\u00e9ger, id\u00e9al pour votre enfant. Finition parfaite. 38X53 cm - Envoi 24\/48h","og_url":"https:\/\/repliquemangacine.fr\/en\/zelda-sword\/hylien-shield-zelda\/","og_site_name":"R\u00e9plique Manga Cin\u00e9","article_publisher":"https:\/\/www.facebook.com\/RepliqueMangaCine","article_modified_time":"2026-03-06T11:32:42+00:00","og_image":[{"width":500,"height":500,"url":"https:\/\/repliquemangacine.fr\/wp-content\/uploads\/2023\/10\/bouclier-zelda-metal.jpg","type":"image\/jpeg"}],"twitter_card":"summary_large_image","twitter_misc":{"Est. reading time":"2 minutes"},"schema":{"@context":"https:\/\/schema.org","@graph":[{"@type":"WebPage","@id":"https:\/\/repliquemangacine.fr\/epee-zelda\/bouclier-hylien-zelda\/","url":"https:\/\/repliquemangacine.fr\/epee-zelda\/bouclier-hylien-zelda\/","name":"Zelda Hylien metal shield 38X53cm - R\u00e9plique Manga Cin\u00e9","isPartOf":{"@id":"https:\/\/repliquemangacine.fr\/#website"},"primaryImageOfPage":{"@id":"https:\/\/repliquemangacine.fr\/epee-zelda\/bouclier-hylien-zelda\/#primaryimage"},"image":{"@id":"https:\/\/repliquemangacine.fr\/epee-zelda\/bouclier-hylien-zelda\/#primaryimage"},"thumbnailUrl":"https:\/\/repliquemangacine.fr\/wp-content\/uploads\/2023\/10\/bouclier-zelda-metal.jpg","datePublished":"2022-10-27T08:17:00+00:00","dateModified":"2026-03-06T11:32:42+00:00","description":"Treat yourself to the all-metal Zelda Hylien Shield. Small and lightweight, ideal for your child. Perfect finish. 38X53 cm - Shipment 24\/48h","breadcrumb":{"@id":"https:\/\/repliquemangacine.fr\/epee-zelda\/bouclier-hylien-zelda\/#breadcrumb"},"inLanguage":"en-US","potentialAction":[{"@type":"ReadAction","target":["https:\/\/repliquemangacine.fr\/epee-zelda\/bouclier-hylien-zelda\/"]}]},{"@type":"ImageObject","inLanguage":"en-US","@id":"https:\/\/repliquemangacine.fr\/epee-zelda\/bouclier-hylien-zelda\/#primaryimage","url":"https:\/\/repliquemangacine.fr\/wp-content\/uploads\/2023\/10\/bouclier-zelda-metal.jpg","contentUrl":"https:\/\/repliquemangacine.fr\/wp-content\/uploads\/2023\/10\/bouclier-zelda-metal.jpg","width":500,"height":500,"caption":"Bouclier Hylien Zelda en m\u00e9tal"},{"@type":"BreadcrumbList","@id":"https:\/\/repliquemangacine.fr\/epee-zelda\/bouclier-hylien-zelda\/#breadcrumb","itemListElement":[{"@type":"ListItem","position":1,"name":"Accueil","item":"https:\/\/repliquemangacine.fr\/"},{"@type":"ListItem","position":2,"name":"Produits","item":"https:\/\/repliquemangacine.fr\/boutique\/"},{"@type":"ListItem","position":3,"name":"Bouclier Zelda Hylien"}]},{"@type":"WebSite","@id":"https:\/\/repliquemangacine.fr\/#website","url":"https:\/\/repliquemangacine.fr\/","name":"R\u00e9plique Manga Cin\u00e9","description":"","publisher":{"@id":"https:\/\/repliquemangacine.fr\/#organization"},"potentialAction":[{"@type":"SearchAction","target":{"@type":"EntryPoint","urlTemplate":"https:\/\/repliquemangacine.fr\/?s={search_term_string}"},"query-input":{"@type":"PropertyValueSpecification","valueRequired":true,"valueName":"search_term_string"}}],"inLanguage":"en-US"},{"@type":"Organization","@id":"https:\/\/repliquemangacine.fr\/#organization","name":"R\u00e9plique Manga Cin\u00e9","url":"https:\/\/repliquemangacine.fr\/","logo":{"@type":"ImageObject","inLanguage":"en-US","@id":"https:\/\/repliquemangacine.fr\/#\/schema\/logo\/image\/","url":"https:\/\/repliquemangacine.fr\/wp-content\/uploads\/2023\/10\/RMC-500250.png","contentUrl":"https:\/\/repliquemangacine.fr\/wp-content\/uploads\/2023\/10\/RMC-500250.png","width":500,"height":250,"caption":"R\u00e9plique Manga Cin\u00e9"},"image":{"@id":"https:\/\/repliquemangacine.fr\/#\/schema\/logo\/image\/"},"sameAs":["https:\/\/www.facebook.com\/RepliqueMangaCine","https:\/\/www.instagram.com\/repliquemangacine.fr\/"]}]}},"_links":{"self":[{"href":"https:\/\/repliquemangacine.fr\/en\/wp-json\/wp\/v2\/product\/54401","targetHints":{"allow":["GET"]}}],"collection":[{"href":"https:\/\/repliquemangacine.fr\/en\/wp-json\/wp\/v2\/product"}],"about":[{"href":"https:\/\/repliquemangacine.fr\/en\/wp-json\/wp\/v2\/types\/product"}],"wp:featuredmedia":[{"embeddable":true,"href":"https:\/\/repliquemangacine.fr\/en\/wp-json\/wp\/v2\/media\/54402"}],"wp:attachment":[{"href":"https:\/\/repliquemangacine.fr\/en\/wp-json\/wp\/v2\/media?parent=54401"}],"wp:term":[{"taxonomy":"product_brand","embeddable":true,"href":"https:\/\/repliquemangacine.fr\/en\/wp-json\/wp\/v2\/product_brand?post=54401"},{"taxonomy":"product_cat","embeddable":true,"href":"https:\/\/repliquemangacine.fr\/en\/wp-json\/wp\/v2\/product_cat?post=54401"},{"taxonomy":"product_tag","embeddable":true,"href":"https:\/\/repliquemangacine.fr\/en\/wp-json\/wp\/v2\/product_tag?post=54401"}],"curies":[{"name":"wp","href":"https:\/\/api.w.org\/{rel}","templated":true}]}}