





{"id":54147,"date":"2022-10-20T16:49:28","date_gmt":"2022-10-20T14:49:28","guid":{"rendered":"https:\/\/repliquemangacine.fr\/?post_type=product&#038;p=54147"},"modified":"2025-12-03T06:49:19","modified_gmt":"2025-12-03T05:49:19","slug":"13-piece-zelda-set","status":"publish","type":"product","link":"https:\/\/repliquemangacine.fr\/en\/divers-goodies\/coffret-13-pieces-zelda\/","title":{"rendered":"Set of 13 Zelda key rings"},"content":{"rendered":"<h2>Set of 13 Zelda key rings<\/h2>\n<p>To begin with, the <strong>Set of 13 Zelda key rings<\/strong> is a set of 13 key rings or necklaces to suit all tastes.<\/p>\n<p>The story behind most episodes in the series is that of the hero Link, who must free the kingdom of Hyrule and its princess, Zelda, from the hands of the evil lord, Ganon.<br \/>\nThe action involves the <a href=\"https:\/\/zelda.fandom.com\/fr\/wiki\/Triforce\" target=\"_blank\" rel=\"noopener noreferrer\">Triforce<\/a> which is a divine relic in the shape of three golden triangles that can grant a wish to anyone who touches it.<\/p>\n<p>Link leaves home to fight the forces of evil. Although he doesn't seem to know much about weapons at the start of the games, he soon masters new techniques.<\/p>\n<h2>Your Set of 13 Zelda key rings at the best price.<\/h2>\n<p>We offer a wide selection of Zelda video game replicas.<\/p>\n<p>First and foremost<\/p>\n<ul>\n<li>The must-have <a href=\"https:\/\/repliquemangacine.fr\/en\/zelda\/bouclier-de-zelda-en-mousse-bouclier-hylian-de-link\/\">Link foam shield<\/a> with its triforce.<\/li>\n<li>There is also the famous <a href=\"https:\/\/repliquemangacine.fr\/en\/zelda\/master-sword-zelda-sword\/\">legendary Master Sword<\/a>.<\/li>\n<li>As well as the<a href=\"https:\/\/repliquemangacine.fr\/en\/zelda\/zelda-legend-sword-link-sword\/\">Link's sword<\/a> with its triforce on the blade.<\/li>\n<li>And many more to discover in our online store!<\/li>\n<\/ul>\n<p>That's why this is a great gift idea for all fans of the Zelda video game.<\/p>\n<p>In conclusion, you can use the <strong>Set of 13 Zelda key rings<\/strong> in everyday life, either as a necklace or a key-ring. But above all, it's a collector's item.<\/p>\n<p>R\u00e9plique Manga Cin\u00e9 is a French family business.<\/p>\n<h2><strong>How to care for your sword blades<\/strong><\/h2>\n<p>Collector's and decorative swords are made and assembled in a simplified way. As their use is decorative, they lack the safety features required of a Japanese sword intended for training.<\/p>\n<p>However, your <strong>Set of 13 Zelda key rings<\/strong> to a steel blade that needs to be maintained to prevent damage over time. In fact, when you expose your sword, your friends will be curious to see the blade and touch it. This is where you need to be careful, as the acidity of your fingers is very harmful to steel, whatever its quality.<\/p>\n<p>However, if this does happen, don't panic - all you need is a cloth dampened with a little oil and a wipe of fingerprints. By doing so, you'll keep your sword looking its best for a very long time.<\/p>","protected":false},"excerpt":{"rendered":"<p>Superb 13-piece Zelda set including:<\/p>\n<ul>\n<li>7 game swords, each 8cm long<\/li>\n<li>Every sword has its triforce<\/li>\n<li>1 triforce emblem plate<\/li>\n<li>1 shield and sword plate<\/li>\n<li>1 Gold Master sword<\/li>\n<li>1 Master sword scabbard<\/li>\n<li>1 rope collar<\/li>\n<li>1 small carabiner key ring<\/li>\n<li>Collector's box featuring the game<\/li>\n<\/ul>","protected":false},"featured_media":54148,"template":"","meta":[],"product_brand":[896],"product_cat":[98,94,23,56],"product_tag":[],"class_list":{"0":"post-54147","1":"product","2":"type-product","3":"status-publish","4":"has-post-thumbnail","6":"product_brand-replique-manga-cine","7":"product_cat-divers-goodies","8":"product_cat-goodies","9":"product_cat-repliques-manga-jeux-video","10":"product_cat-epee-zelda","12":"first","13":"instock","14":"taxable","15":"shipping-taxable","16":"purchasable","17":"product-type-simple"},"yoast_head":"<!-- This site is optimized with the Yoast SEO plugin v27.5 - https:\/\/yoast.com\/product\/yoast-seo-wordpress\/ -->\n<title>Coffret 13 porte-cl\u00e9s Zelda - Goodies - R\u00e9plique Manga Cin\u00e9<\/title>\n<meta name=\"description\" content=\"Superbe Coffret 13 pi\u00e8ces Zelda que vous pouvez utiliser dans la vie de tous les jours, soit en collier ou en porte-cl\u00e9s selon votre envie. Boite collector\" \/>\n<meta name=\"robots\" content=\"index, follow, max-snippet:-1, max-image-preview:large, max-video-preview:-1\" \/>\n<link rel=\"canonical\" href=\"https:\/\/repliquemangacine.fr\/en\/various-goodies\/13-piece-zelda-set\/\" \/>\n<meta property=\"og:locale\" content=\"en_US\" \/>\n<meta property=\"og:type\" content=\"article\" \/>\n<meta property=\"og:title\" content=\"Coffret 13 porte-cl\u00e9s Zelda - Goodies - R\u00e9plique Manga Cin\u00e9\" \/>\n<meta property=\"og:description\" content=\"Superbe Coffret 13 pi\u00e8ces Zelda que vous pouvez utiliser dans la vie de tous les jours, soit en collier ou en porte-cl\u00e9s selon votre envie. Boite collector\" \/>\n<meta property=\"og:url\" content=\"https:\/\/repliquemangacine.fr\/en\/various-goodies\/13-piece-zelda-set\/\" \/>\n<meta property=\"og:site_name\" content=\"R\u00e9plique Manga Cin\u00e9\" \/>\n<meta property=\"article:publisher\" content=\"https:\/\/www.facebook.com\/RepliqueMangaCine\" \/>\n<meta property=\"article:modified_time\" content=\"2025-12-03T05:49:19+00:00\" \/>\n<meta property=\"og:image\" content=\"https:\/\/repliquemangacine.fr\/wp-content\/uploads\/2023\/10\/Coffret-13-pieces-Zelda-collector.jpg\" \/>\n\t<meta property=\"og:image:width\" content=\"500\" \/>\n\t<meta property=\"og:image:height\" content=\"500\" \/>\n\t<meta property=\"og:image:type\" content=\"image\/jpeg\" \/>\n<meta name=\"twitter:card\" content=\"summary_large_image\" \/>\n<meta name=\"twitter:label1\" content=\"Est. reading time\" \/>\n\t<meta name=\"twitter:data1\" content=\"2 minutes\" \/>\n<script type=\"application\/ld+json\" class=\"yoast-schema-graph\">{\"@context\":\"https:\\\/\\\/schema.org\",\"@graph\":[{\"@type\":\"WebPage\",\"@id\":\"https:\\\/\\\/repliquemangacine.fr\\\/en\\\/various-goodies\\\/13-piece-zelda-set\\\/\",\"url\":\"https:\\\/\\\/repliquemangacine.fr\\\/en\\\/various-goodies\\\/13-piece-zelda-set\\\/\",\"name\":\"Coffret 13 porte-cl\u00e9s Zelda - Goodies - R\u00e9plique Manga Cin\u00e9\",\"isPartOf\":{\"@id\":\"https:\\\/\\\/repliquemangacine.fr\\\/#website\"},\"primaryImageOfPage\":{\"@id\":\"https:\\\/\\\/repliquemangacine.fr\\\/en\\\/various-goodies\\\/13-piece-zelda-set\\\/#primaryimage\"},\"image\":{\"@id\":\"https:\\\/\\\/repliquemangacine.fr\\\/en\\\/various-goodies\\\/13-piece-zelda-set\\\/#primaryimage\"},\"thumbnailUrl\":\"https:\\\/\\\/repliquemangacine.fr\\\/wp-content\\\/uploads\\\/2023\\\/10\\\/Coffret-13-pieces-Zelda-collector.jpg\",\"datePublished\":\"2022-10-20T14:49:28+00:00\",\"dateModified\":\"2025-12-03T05:49:19+00:00\",\"description\":\"Superbe Coffret 13 pi\u00e8ces Zelda que vous pouvez utiliser dans la vie de tous les jours, soit en collier ou en porte-cl\u00e9s selon votre envie. Boite collector\",\"breadcrumb\":{\"@id\":\"https:\\\/\\\/repliquemangacine.fr\\\/en\\\/various-goodies\\\/13-piece-zelda-set\\\/#breadcrumb\"},\"inLanguage\":\"en-US\",\"potentialAction\":[{\"@type\":\"ReadAction\",\"target\":[\"https:\\\/\\\/repliquemangacine.fr\\\/en\\\/various-goodies\\\/13-piece-zelda-set\\\/\"]}]},{\"@type\":\"ImageObject\",\"inLanguage\":\"en-US\",\"@id\":\"https:\\\/\\\/repliquemangacine.fr\\\/en\\\/various-goodies\\\/13-piece-zelda-set\\\/#primaryimage\",\"url\":\"https:\\\/\\\/repliquemangacine.fr\\\/wp-content\\\/uploads\\\/2023\\\/10\\\/Coffret-13-pieces-Zelda-collector.jpg\",\"contentUrl\":\"https:\\\/\\\/repliquemangacine.fr\\\/wp-content\\\/uploads\\\/2023\\\/10\\\/Coffret-13-pieces-Zelda-collector.jpg\",\"width\":500,\"height\":500,\"caption\":\"Coffret 13 pi\u00e8ces Zelda boite collector\"},{\"@type\":\"BreadcrumbList\",\"@id\":\"https:\\\/\\\/repliquemangacine.fr\\\/en\\\/various-goodies\\\/13-piece-zelda-set\\\/#breadcrumb\",\"itemListElement\":[{\"@type\":\"ListItem\",\"position\":1,\"name\":\"Accueil\",\"item\":\"https:\\\/\\\/repliquemangacine.fr\\\/\"},{\"@type\":\"ListItem\",\"position\":2,\"name\":\"Produits\",\"item\":\"https:\\\/\\\/repliquemangacine.fr\\\/boutique\\\/\"},{\"@type\":\"ListItem\",\"position\":3,\"name\":\"Coffret 13 porte-cl\u00e9s Zelda\"}]},{\"@type\":\"WebSite\",\"@id\":\"https:\\\/\\\/repliquemangacine.fr\\\/#website\",\"url\":\"https:\\\/\\\/repliquemangacine.fr\\\/\",\"name\":\"R\u00e9plique Manga Cin\u00e9\",\"description\":\"\",\"publisher\":{\"@id\":\"https:\\\/\\\/repliquemangacine.fr\\\/#organization\"},\"potentialAction\":[{\"@type\":\"SearchAction\",\"target\":{\"@type\":\"EntryPoint\",\"urlTemplate\":\"https:\\\/\\\/repliquemangacine.fr\\\/?s={search_term_string}\"},\"query-input\":{\"@type\":\"PropertyValueSpecification\",\"valueRequired\":true,\"valueName\":\"search_term_string\"}}],\"inLanguage\":\"en-US\"},{\"@type\":\"Organization\",\"@id\":\"https:\\\/\\\/repliquemangacine.fr\\\/#organization\",\"name\":\"R\u00e9plique Manga Cin\u00e9\",\"url\":\"https:\\\/\\\/repliquemangacine.fr\\\/\",\"logo\":{\"@type\":\"ImageObject\",\"inLanguage\":\"en-US\",\"@id\":\"https:\\\/\\\/repliquemangacine.fr\\\/#\\\/schema\\\/logo\\\/image\\\/\",\"url\":\"https:\\\/\\\/repliquemangacine.fr\\\/wp-content\\\/uploads\\\/2023\\\/10\\\/RMC-500250.png\",\"contentUrl\":\"https:\\\/\\\/repliquemangacine.fr\\\/wp-content\\\/uploads\\\/2023\\\/10\\\/RMC-500250.png\",\"width\":500,\"height\":250,\"caption\":\"R\u00e9plique Manga Cin\u00e9\"},\"image\":{\"@id\":\"https:\\\/\\\/repliquemangacine.fr\\\/#\\\/schema\\\/logo\\\/image\\\/\"},\"sameAs\":[\"https:\\\/\\\/www.facebook.com\\\/RepliqueMangaCine\",\"https:\\\/\\\/www.instagram.com\\\/repliquemangacine.fr\\\/\"]}]}<\/script>\n<!-- \/ Yoast SEO plugin. -->","yoast_head_json":{"title":"Set of 13 Zelda key rings - Goodies - R\u00e9plique Manga Cin\u00e9","description":"Superb 13-piece Zelda box that you can use in everyday life, either as a necklace or a key ring, as you wish. Collector's box","robots":{"index":"index","follow":"follow","max-snippet":"max-snippet:-1","max-image-preview":"max-image-preview:large","max-video-preview":"max-video-preview:-1"},"canonical":"https:\/\/repliquemangacine.fr\/en\/various-goodies\/13-piece-zelda-set\/","og_locale":"en_US","og_type":"article","og_title":"Coffret 13 porte-cl\u00e9s Zelda - Goodies - R\u00e9plique Manga Cin\u00e9","og_description":"Superbe Coffret 13 pi\u00e8ces Zelda que vous pouvez utiliser dans la vie de tous les jours, soit en collier ou en porte-cl\u00e9s selon votre envie. Boite collector","og_url":"https:\/\/repliquemangacine.fr\/en\/various-goodies\/13-piece-zelda-set\/","og_site_name":"R\u00e9plique Manga Cin\u00e9","article_publisher":"https:\/\/www.facebook.com\/RepliqueMangaCine","article_modified_time":"2025-12-03T05:49:19+00:00","og_image":[{"width":500,"height":500,"url":"https:\/\/repliquemangacine.fr\/wp-content\/uploads\/2023\/10\/Coffret-13-pieces-Zelda-collector.jpg","type":"image\/jpeg"}],"twitter_card":"summary_large_image","twitter_misc":{"Est. reading time":"2 minutes"},"schema":{"@context":"https:\/\/schema.org","@graph":[{"@type":"WebPage","@id":"https:\/\/repliquemangacine.fr\/en\/various-goodies\/13-piece-zelda-set\/","url":"https:\/\/repliquemangacine.fr\/en\/various-goodies\/13-piece-zelda-set\/","name":"Set of 13 Zelda key rings - Goodies - R\u00e9plique Manga Cin\u00e9","isPartOf":{"@id":"https:\/\/repliquemangacine.fr\/#website"},"primaryImageOfPage":{"@id":"https:\/\/repliquemangacine.fr\/en\/various-goodies\/13-piece-zelda-set\/#primaryimage"},"image":{"@id":"https:\/\/repliquemangacine.fr\/en\/various-goodies\/13-piece-zelda-set\/#primaryimage"},"thumbnailUrl":"https:\/\/repliquemangacine.fr\/wp-content\/uploads\/2023\/10\/Coffret-13-pieces-Zelda-collector.jpg","datePublished":"2022-10-20T14:49:28+00:00","dateModified":"2025-12-03T05:49:19+00:00","description":"Superb 13-piece Zelda box that you can use in everyday life, either as a necklace or a key ring, as you wish. Collector's box","breadcrumb":{"@id":"https:\/\/repliquemangacine.fr\/en\/various-goodies\/13-piece-zelda-set\/#breadcrumb"},"inLanguage":"en-US","potentialAction":[{"@type":"ReadAction","target":["https:\/\/repliquemangacine.fr\/en\/various-goodies\/13-piece-zelda-set\/"]}]},{"@type":"ImageObject","inLanguage":"en-US","@id":"https:\/\/repliquemangacine.fr\/en\/various-goodies\/13-piece-zelda-set\/#primaryimage","url":"https:\/\/repliquemangacine.fr\/wp-content\/uploads\/2023\/10\/Coffret-13-pieces-Zelda-collector.jpg","contentUrl":"https:\/\/repliquemangacine.fr\/wp-content\/uploads\/2023\/10\/Coffret-13-pieces-Zelda-collector.jpg","width":500,"height":500,"caption":"Coffret 13 pi\u00e8ces Zelda boite collector"},{"@type":"BreadcrumbList","@id":"https:\/\/repliquemangacine.fr\/en\/various-goodies\/13-piece-zelda-set\/#breadcrumb","itemListElement":[{"@type":"ListItem","position":1,"name":"Accueil","item":"https:\/\/repliquemangacine.fr\/"},{"@type":"ListItem","position":2,"name":"Produits","item":"https:\/\/repliquemangacine.fr\/boutique\/"},{"@type":"ListItem","position":3,"name":"Coffret 13 porte-cl\u00e9s Zelda"}]},{"@type":"WebSite","@id":"https:\/\/repliquemangacine.fr\/#website","url":"https:\/\/repliquemangacine.fr\/","name":"R\u00e9plique Manga Cin\u00e9","description":"","publisher":{"@id":"https:\/\/repliquemangacine.fr\/#organization"},"potentialAction":[{"@type":"SearchAction","target":{"@type":"EntryPoint","urlTemplate":"https:\/\/repliquemangacine.fr\/?s={search_term_string}"},"query-input":{"@type":"PropertyValueSpecification","valueRequired":true,"valueName":"search_term_string"}}],"inLanguage":"en-US"},{"@type":"Organization","@id":"https:\/\/repliquemangacine.fr\/#organization","name":"R\u00e9plique Manga Cin\u00e9","url":"https:\/\/repliquemangacine.fr\/","logo":{"@type":"ImageObject","inLanguage":"en-US","@id":"https:\/\/repliquemangacine.fr\/#\/schema\/logo\/image\/","url":"https:\/\/repliquemangacine.fr\/wp-content\/uploads\/2023\/10\/RMC-500250.png","contentUrl":"https:\/\/repliquemangacine.fr\/wp-content\/uploads\/2023\/10\/RMC-500250.png","width":500,"height":250,"caption":"R\u00e9plique Manga Cin\u00e9"},"image":{"@id":"https:\/\/repliquemangacine.fr\/#\/schema\/logo\/image\/"},"sameAs":["https:\/\/www.facebook.com\/RepliqueMangaCine","https:\/\/www.instagram.com\/repliquemangacine.fr\/"]}]}},"_links":{"self":[{"href":"https:\/\/repliquemangacine.fr\/en\/wp-json\/wp\/v2\/product\/54147","targetHints":{"allow":["GET"]}}],"collection":[{"href":"https:\/\/repliquemangacine.fr\/en\/wp-json\/wp\/v2\/product"}],"about":[{"href":"https:\/\/repliquemangacine.fr\/en\/wp-json\/wp\/v2\/types\/product"}],"wp:featuredmedia":[{"embeddable":true,"href":"https:\/\/repliquemangacine.fr\/en\/wp-json\/wp\/v2\/media\/54148"}],"wp:attachment":[{"href":"https:\/\/repliquemangacine.fr\/en\/wp-json\/wp\/v2\/media?parent=54147"}],"wp:term":[{"taxonomy":"product_brand","embeddable":true,"href":"https:\/\/repliquemangacine.fr\/en\/wp-json\/wp\/v2\/product_brand?post=54147"},{"taxonomy":"product_cat","embeddable":true,"href":"https:\/\/repliquemangacine.fr\/en\/wp-json\/wp\/v2\/product_cat?post=54147"},{"taxonomy":"product_tag","embeddable":true,"href":"https:\/\/repliquemangacine.fr\/en\/wp-json\/wp\/v2\/product_tag?post=54147"}],"curies":[{"name":"wp","href":"https:\/\/api.w.org\/{rel}","templated":true}]}}