





{"id":54140,"date":"2022-10-20T15:55:32","date_gmt":"2022-10-20T13:55:32","guid":{"rendered":"https:\/\/repliquemangacine.fr\/?post_type=product&#038;p=54140"},"modified":"2025-10-15T13:40:48","modified_gmt":"2025-10-15T11:40:48","slug":"16-piece-one-piece-set","status":"publish","type":"product","link":"https:\/\/repliquemangacine.fr\/en\/divers-goodies\/coffret-16-pieces-one-piece\/","title":{"rendered":"One Piece 16-piece set"},"content":{"rendered":"<h2>One Piece 16-piece set<\/h2>\n<p>To start with, the One Piece 16-Piece Set is a set of 16 metal key rings.<\/p>\n<p>The story mainly follows the crew of Chapeau de paille, led by its captain Monkey D. Luffy. A boy whose body has acquired the properties of rubber after inadvertently eating a demon fruit, Gum Gum.<\/p>\n<p>While adventure is the watchword of the manga, One Piece is nonetheless peppered with combat. On the one hand, these are based on context-specific fighting techniques (swords, cannons, etc.). Roronoa Zoro and Mihawk are excellent swordsmen.<\/p>\n<p>It's worth noting that One Piece is the world's best-selling manga and anime. On 21\/11\/2021 the 1000\u1d49 episode was released, an event which <a href=\"https:\/\/www.bfmtv.com\/people\/series\/one-piece-pourquoi-la-diffusion-de-l-episode-1000-est-un-evenement-historique_AN-202111210067.html\" target=\"_blank\" rel=\"noopener noreferrer\">BFMTV<\/a> has spoken.<\/p>\n<h2>Your One Piece 16-piece set at the best price.<\/h2>\n<p>We offer a wide selection of One Piece animated manga replicas.<\/p>\n<p>First and foremost<\/p>\n<ul>\n<li>The immense <a href=\"https:\/\/repliquemangacine.fr\/en\/one-piece\/sabre-kokuto-yoru-epee-de-dracule-mihawk\/\">Yoru sword by Mihawk<\/a> with its cross guard.<\/li>\n<li>There is also the <a href=\"https:\/\/repliquemangacine.fr\/en\/one-piece\/katana-kikoku-trafalgar-law-104cm\/\">Trafalgar katana<\/a> Law in two dimensions.<\/li>\n<li>As well as the<a href=\"https:\/\/repliquemangacine.fr\/en\/one-piece\/katana-enma-de-zoro-cuir-violet\/\">Zoro Enma sword<\/a> in deluxe leather sheath version.<\/li>\n<li>And many more to discover in our online store!<\/li>\n<\/ul>\n<p>That's why this is a great gift idea for all One Piece fans.<\/p>\n<p>In conclusion, you can use the <strong>One Piece 16-piece set<\/strong> in everyday life, either as a necklace or a key-ring. But above all, it's a collector's item.<\/p>\n<p>R\u00e9plique Manga Cin\u00e9 is a French family business.<\/p>\n<h2>How to care for the blade of your key ring swords?<\/h2>\n<p>Collector's and decorative swords are made and assembled in a simplified way. As their use is decorative, they lack the safety features required of a Japanese sword intended for training.<\/p>\n<p>However, <strong>One Piece 16-piece set<\/strong> to a steel blade that needs to be maintained to prevent damage over time. In fact, when you expose your sword, your friends will be curious to see the blade and touch it. This is where you need to be careful, as the acidity of your fingers is very harmful to steel, whatever its quality.<\/p>\n<p>However, if this does happen, don't panic - all you need is a cloth dampened with a little oil and a wipe of fingerprints. By doing so, you'll keep your sword looking its best for a very long time.<\/p>","protected":false},"excerpt":{"rendered":"<p>Magnificent 16-piece One Piece set including:<\/p>\n<ul>\n<li>1 Trafalgar Law sword and scabbard<\/li>\n<li>4 zoro swords<\/li>\n<li>2 one piece logo rings<\/li>\n<li>3 One Piece pirate logos<\/li>\n<li>3 Golden Sticks<\/li>\n<li>1 Rope necklace with small carabiner clasp.<\/li>\n<li>1 Key ring<\/li>\n<li>1 Small carabiner key ring<\/li>\n<li>Manga collector's box<\/li>\n<li>Red velvet interior<\/li>\n<\/ul>","protected":false},"featured_media":54141,"template":"","meta":[],"product_brand":[896],"product_cat":[98,94,23,36],"product_tag":[],"class_list":{"0":"post-54140","1":"product","2":"type-product","3":"status-publish","4":"has-post-thumbnail","6":"product_brand-replique-manga-cine","7":"product_cat-divers-goodies","8":"product_cat-goodies","9":"product_cat-repliques-manga-jeux-video","10":"product_cat-katana-one-piece","12":"first","13":"outofstock","14":"taxable","15":"shipping-taxable","16":"purchasable","17":"product-type-simple"},"yoast_head":"<!-- This site is optimized with the Yoast SEO plugin v27.5 - https:\/\/yoast.com\/product\/yoast-seo-wordpress\/ -->\n<title>Coffret 16 pi\u00e8ces One Piece - Goodies - R\u00e9plique Manga Cin\u00e9<\/title>\n<meta name=\"description\" content=\"Superbe Coffret 16 pi\u00e8ces One Piece. A utiliser dans la vie de tous les jours soit en collier ou en porte-cl\u00e9s selon votre envie. Coffret collector\" \/>\n<meta name=\"robots\" content=\"index, follow, max-snippet:-1, max-image-preview:large, max-video-preview:-1\" \/>\n<link rel=\"canonical\" href=\"https:\/\/repliquemangacine.fr\/en\/various-goodies\/16-piece-one-piece-set\/\" \/>\n<meta property=\"og:locale\" content=\"en_US\" \/>\n<meta property=\"og:type\" content=\"article\" \/>\n<meta property=\"og:title\" content=\"Coffret 16 pi\u00e8ces One Piece - Goodies - R\u00e9plique Manga Cin\u00e9\" \/>\n<meta property=\"og:description\" content=\"Superbe Coffret 16 pi\u00e8ces One Piece. A utiliser dans la vie de tous les jours soit en collier ou en porte-cl\u00e9s selon votre envie. Coffret collector\" \/>\n<meta property=\"og:url\" content=\"https:\/\/repliquemangacine.fr\/en\/various-goodies\/16-piece-one-piece-set\/\" \/>\n<meta property=\"og:site_name\" content=\"R\u00e9plique Manga Cin\u00e9\" \/>\n<meta property=\"article:publisher\" content=\"https:\/\/www.facebook.com\/RepliqueMangaCine\" \/>\n<meta property=\"article:modified_time\" content=\"2025-10-15T11:40:48+00:00\" \/>\n<meta property=\"og:image\" content=\"https:\/\/repliquemangacine.fr\/wp-content\/uploads\/2023\/10\/Coffret-16-pieces-One-Piece-collector.jpg\" \/>\n\t<meta property=\"og:image:width\" content=\"500\" \/>\n\t<meta property=\"og:image:height\" content=\"500\" \/>\n\t<meta property=\"og:image:type\" content=\"image\/jpeg\" \/>\n<meta name=\"twitter:card\" content=\"summary_large_image\" \/>\n<meta name=\"twitter:label1\" content=\"Est. reading time\" \/>\n\t<meta name=\"twitter:data1\" content=\"2 minutes\" \/>\n<script type=\"application\/ld+json\" class=\"yoast-schema-graph\">{\"@context\":\"https:\\\/\\\/schema.org\",\"@graph\":[{\"@type\":\"WebPage\",\"@id\":\"https:\\\/\\\/repliquemangacine.fr\\\/divers-goodies\\\/coffret-16-pieces-one-piece\\\/\",\"url\":\"https:\\\/\\\/repliquemangacine.fr\\\/divers-goodies\\\/coffret-16-pieces-one-piece\\\/\",\"name\":\"Coffret 16 pi\u00e8ces One Piece - Goodies - R\u00e9plique Manga Cin\u00e9\",\"isPartOf\":{\"@id\":\"https:\\\/\\\/repliquemangacine.fr\\\/#website\"},\"primaryImageOfPage\":{\"@id\":\"https:\\\/\\\/repliquemangacine.fr\\\/divers-goodies\\\/coffret-16-pieces-one-piece\\\/#primaryimage\"},\"image\":{\"@id\":\"https:\\\/\\\/repliquemangacine.fr\\\/divers-goodies\\\/coffret-16-pieces-one-piece\\\/#primaryimage\"},\"thumbnailUrl\":\"https:\\\/\\\/repliquemangacine.fr\\\/wp-content\\\/uploads\\\/2023\\\/10\\\/Coffret-16-pieces-One-Piece-collector.jpg\",\"datePublished\":\"2022-10-20T13:55:32+00:00\",\"dateModified\":\"2025-10-15T11:40:48+00:00\",\"description\":\"Superbe Coffret 16 pi\u00e8ces One Piece. A utiliser dans la vie de tous les jours soit en collier ou en porte-cl\u00e9s selon votre envie. Coffret collector\",\"breadcrumb\":{\"@id\":\"https:\\\/\\\/repliquemangacine.fr\\\/divers-goodies\\\/coffret-16-pieces-one-piece\\\/#breadcrumb\"},\"inLanguage\":\"en-US\",\"potentialAction\":[{\"@type\":\"ReadAction\",\"target\":[\"https:\\\/\\\/repliquemangacine.fr\\\/divers-goodies\\\/coffret-16-pieces-one-piece\\\/\"]}]},{\"@type\":\"ImageObject\",\"inLanguage\":\"en-US\",\"@id\":\"https:\\\/\\\/repliquemangacine.fr\\\/divers-goodies\\\/coffret-16-pieces-one-piece\\\/#primaryimage\",\"url\":\"https:\\\/\\\/repliquemangacine.fr\\\/wp-content\\\/uploads\\\/2023\\\/10\\\/Coffret-16-pieces-One-Piece-collector.jpg\",\"contentUrl\":\"https:\\\/\\\/repliquemangacine.fr\\\/wp-content\\\/uploads\\\/2023\\\/10\\\/Coffret-16-pieces-One-Piece-collector.jpg\",\"width\":500,\"height\":500,\"caption\":\"Coffret 16 pi\u00e8ces One Piece collector\"},{\"@type\":\"BreadcrumbList\",\"@id\":\"https:\\\/\\\/repliquemangacine.fr\\\/divers-goodies\\\/coffret-16-pieces-one-piece\\\/#breadcrumb\",\"itemListElement\":[{\"@type\":\"ListItem\",\"position\":1,\"name\":\"Accueil\",\"item\":\"https:\\\/\\\/repliquemangacine.fr\\\/\"},{\"@type\":\"ListItem\",\"position\":2,\"name\":\"Produits\",\"item\":\"https:\\\/\\\/repliquemangacine.fr\\\/boutique\\\/\"},{\"@type\":\"ListItem\",\"position\":3,\"name\":\"Coffret 16 pi\u00e8ces One Piece\"}]},{\"@type\":\"WebSite\",\"@id\":\"https:\\\/\\\/repliquemangacine.fr\\\/#website\",\"url\":\"https:\\\/\\\/repliquemangacine.fr\\\/\",\"name\":\"R\u00e9plique Manga Cin\u00e9\",\"description\":\"\",\"publisher\":{\"@id\":\"https:\\\/\\\/repliquemangacine.fr\\\/#organization\"},\"potentialAction\":[{\"@type\":\"SearchAction\",\"target\":{\"@type\":\"EntryPoint\",\"urlTemplate\":\"https:\\\/\\\/repliquemangacine.fr\\\/?s={search_term_string}\"},\"query-input\":{\"@type\":\"PropertyValueSpecification\",\"valueRequired\":true,\"valueName\":\"search_term_string\"}}],\"inLanguage\":\"en-US\"},{\"@type\":\"Organization\",\"@id\":\"https:\\\/\\\/repliquemangacine.fr\\\/#organization\",\"name\":\"R\u00e9plique Manga Cin\u00e9\",\"url\":\"https:\\\/\\\/repliquemangacine.fr\\\/\",\"logo\":{\"@type\":\"ImageObject\",\"inLanguage\":\"en-US\",\"@id\":\"https:\\\/\\\/repliquemangacine.fr\\\/#\\\/schema\\\/logo\\\/image\\\/\",\"url\":\"https:\\\/\\\/repliquemangacine.fr\\\/wp-content\\\/uploads\\\/2023\\\/10\\\/RMC-500250.png\",\"contentUrl\":\"https:\\\/\\\/repliquemangacine.fr\\\/wp-content\\\/uploads\\\/2023\\\/10\\\/RMC-500250.png\",\"width\":500,\"height\":250,\"caption\":\"R\u00e9plique Manga Cin\u00e9\"},\"image\":{\"@id\":\"https:\\\/\\\/repliquemangacine.fr\\\/#\\\/schema\\\/logo\\\/image\\\/\"},\"sameAs\":[\"https:\\\/\\\/www.facebook.com\\\/RepliqueMangaCine\",\"https:\\\/\\\/www.instagram.com\\\/repliquemangacine.fr\\\/\"]}]}<\/script>\n<!-- \/ Yoast SEO plugin. -->","yoast_head_json":{"title":"One Piece 16-piece set - Goodies - R\u00e9plique Manga Cin\u00e9","description":"Superb 16-piece One Piece set. For use in everyday life as a necklace or key ring. Collector's box","robots":{"index":"index","follow":"follow","max-snippet":"max-snippet:-1","max-image-preview":"max-image-preview:large","max-video-preview":"max-video-preview:-1"},"canonical":"https:\/\/repliquemangacine.fr\/en\/various-goodies\/16-piece-one-piece-set\/","og_locale":"en_US","og_type":"article","og_title":"Coffret 16 pi\u00e8ces One Piece - Goodies - R\u00e9plique Manga Cin\u00e9","og_description":"Superbe Coffret 16 pi\u00e8ces One Piece. A utiliser dans la vie de tous les jours soit en collier ou en porte-cl\u00e9s selon votre envie. Coffret collector","og_url":"https:\/\/repliquemangacine.fr\/en\/various-goodies\/16-piece-one-piece-set\/","og_site_name":"R\u00e9plique Manga Cin\u00e9","article_publisher":"https:\/\/www.facebook.com\/RepliqueMangaCine","article_modified_time":"2025-10-15T11:40:48+00:00","og_image":[{"width":500,"height":500,"url":"https:\/\/repliquemangacine.fr\/wp-content\/uploads\/2023\/10\/Coffret-16-pieces-One-Piece-collector.jpg","type":"image\/jpeg"}],"twitter_card":"summary_large_image","twitter_misc":{"Est. reading time":"2 minutes"},"schema":{"@context":"https:\/\/schema.org","@graph":[{"@type":"WebPage","@id":"https:\/\/repliquemangacine.fr\/divers-goodies\/coffret-16-pieces-one-piece\/","url":"https:\/\/repliquemangacine.fr\/divers-goodies\/coffret-16-pieces-one-piece\/","name":"One Piece 16-piece set - Goodies - R\u00e9plique Manga Cin\u00e9","isPartOf":{"@id":"https:\/\/repliquemangacine.fr\/#website"},"primaryImageOfPage":{"@id":"https:\/\/repliquemangacine.fr\/divers-goodies\/coffret-16-pieces-one-piece\/#primaryimage"},"image":{"@id":"https:\/\/repliquemangacine.fr\/divers-goodies\/coffret-16-pieces-one-piece\/#primaryimage"},"thumbnailUrl":"https:\/\/repliquemangacine.fr\/wp-content\/uploads\/2023\/10\/Coffret-16-pieces-One-Piece-collector.jpg","datePublished":"2022-10-20T13:55:32+00:00","dateModified":"2025-10-15T11:40:48+00:00","description":"Superb 16-piece One Piece set. For use in everyday life as a necklace or key ring. Collector's box","breadcrumb":{"@id":"https:\/\/repliquemangacine.fr\/divers-goodies\/coffret-16-pieces-one-piece\/#breadcrumb"},"inLanguage":"en-US","potentialAction":[{"@type":"ReadAction","target":["https:\/\/repliquemangacine.fr\/divers-goodies\/coffret-16-pieces-one-piece\/"]}]},{"@type":"ImageObject","inLanguage":"en-US","@id":"https:\/\/repliquemangacine.fr\/divers-goodies\/coffret-16-pieces-one-piece\/#primaryimage","url":"https:\/\/repliquemangacine.fr\/wp-content\/uploads\/2023\/10\/Coffret-16-pieces-One-Piece-collector.jpg","contentUrl":"https:\/\/repliquemangacine.fr\/wp-content\/uploads\/2023\/10\/Coffret-16-pieces-One-Piece-collector.jpg","width":500,"height":500,"caption":"Coffret 16 pi\u00e8ces One Piece collector"},{"@type":"BreadcrumbList","@id":"https:\/\/repliquemangacine.fr\/divers-goodies\/coffret-16-pieces-one-piece\/#breadcrumb","itemListElement":[{"@type":"ListItem","position":1,"name":"Accueil","item":"https:\/\/repliquemangacine.fr\/"},{"@type":"ListItem","position":2,"name":"Produits","item":"https:\/\/repliquemangacine.fr\/boutique\/"},{"@type":"ListItem","position":3,"name":"Coffret 16 pi\u00e8ces One Piece"}]},{"@type":"WebSite","@id":"https:\/\/repliquemangacine.fr\/#website","url":"https:\/\/repliquemangacine.fr\/","name":"R\u00e9plique Manga Cin\u00e9","description":"","publisher":{"@id":"https:\/\/repliquemangacine.fr\/#organization"},"potentialAction":[{"@type":"SearchAction","target":{"@type":"EntryPoint","urlTemplate":"https:\/\/repliquemangacine.fr\/?s={search_term_string}"},"query-input":{"@type":"PropertyValueSpecification","valueRequired":true,"valueName":"search_term_string"}}],"inLanguage":"en-US"},{"@type":"Organization","@id":"https:\/\/repliquemangacine.fr\/#organization","name":"R\u00e9plique Manga Cin\u00e9","url":"https:\/\/repliquemangacine.fr\/","logo":{"@type":"ImageObject","inLanguage":"en-US","@id":"https:\/\/repliquemangacine.fr\/#\/schema\/logo\/image\/","url":"https:\/\/repliquemangacine.fr\/wp-content\/uploads\/2023\/10\/RMC-500250.png","contentUrl":"https:\/\/repliquemangacine.fr\/wp-content\/uploads\/2023\/10\/RMC-500250.png","width":500,"height":250,"caption":"R\u00e9plique Manga Cin\u00e9"},"image":{"@id":"https:\/\/repliquemangacine.fr\/#\/schema\/logo\/image\/"},"sameAs":["https:\/\/www.facebook.com\/RepliqueMangaCine","https:\/\/www.instagram.com\/repliquemangacine.fr\/"]}]}},"_links":{"self":[{"href":"https:\/\/repliquemangacine.fr\/en\/wp-json\/wp\/v2\/product\/54140","targetHints":{"allow":["GET"]}}],"collection":[{"href":"https:\/\/repliquemangacine.fr\/en\/wp-json\/wp\/v2\/product"}],"about":[{"href":"https:\/\/repliquemangacine.fr\/en\/wp-json\/wp\/v2\/types\/product"}],"wp:featuredmedia":[{"embeddable":true,"href":"https:\/\/repliquemangacine.fr\/en\/wp-json\/wp\/v2\/media\/54141"}],"wp:attachment":[{"href":"https:\/\/repliquemangacine.fr\/en\/wp-json\/wp\/v2\/media?parent=54140"}],"wp:term":[{"taxonomy":"product_brand","embeddable":true,"href":"https:\/\/repliquemangacine.fr\/en\/wp-json\/wp\/v2\/product_brand?post=54140"},{"taxonomy":"product_cat","embeddable":true,"href":"https:\/\/repliquemangacine.fr\/en\/wp-json\/wp\/v2\/product_cat?post=54140"},{"taxonomy":"product_tag","embeddable":true,"href":"https:\/\/repliquemangacine.fr\/en\/wp-json\/wp\/v2\/product_tag?post=54140"}],"curies":[{"name":"wp","href":"https:\/\/api.w.org\/{rel}","templated":true}]}}