





{"id":54105,"date":"2022-10-19T17:26:33","date_gmt":"2022-10-19T15:26:33","guid":{"rendered":"https:\/\/repliquemangacine.fr\/?post_type=product&#038;p=54105"},"modified":"2025-09-23T18:02:52","modified_gmt":"2025-09-23T16:02:52","slug":"14-piece-harry-potter-set","status":"publish","type":"product","link":"https:\/\/repliquemangacine.fr\/en\/divers-goodies\/coffret-14-pieces-harry-potter\/","title":{"rendered":"14-piece Harry Potter set"},"content":{"rendered":"<h2>14-piece Harry Potter set<\/h2>\n<p>To start with, the 14-piece Harry Potter Set is a set of pieces that can be key-rings or necklaces, as you wish.<\/p>\n<p>The Harry Potter film series is an eight-film British-American fantasy saga. Adapted from the seven novels of the same name by novelist J. K. Rowling.<\/p>\n<p>The main plot of the series leads to a confrontation between Harry and Lord Voldemort, a powerful black mage in search of immortality.<\/p>\n<p>Hogwarts School of Witchcraft and Wizardry has always been the stuff of dreams for many of us. A global phenomenon, Harry Potter has been at the center of media attention for over ten years. It's worth noting that the quality of the work is so highly appreciated among Muggles, because it has all the ingredients needed for a recipe for success and glory.<\/p>\n<h2>Your collector's box at the best price.<\/h2>\n<p>We offer a wide selection of Harry Potter collectors' items<\/p>\n<p>First and foremost<\/p>\n<ul>\n<li>The must-have <a href=\"https:\/\/repliquemangacine.fr\/en\/character-chopsticks\/harry-potter-wand-high-quality-metal-core\/\">Harry Potter's wand<\/a> with its metal core.<\/li>\n<li>There is also the famous official chessboard distributed by <a href=\"https:\/\/noblecollection.fr\/bijoux-harry-potter-c-10_15.html\" target=\"_blank\" rel=\"noopener noreferrer\">Noble Collection<\/a>.<\/li>\n<li>As well as the<a href=\"https:\/\/repliquemangacine.fr\/en\/harry-potter-collectors\/harry-potter-godric-gryffindor-sword\/\">Gryffindor sword<\/a> which is linked to herringbone selection.<\/li>\n<li>And many more to discover in our online store!<\/li>\n<\/ul>\n<p>That's why this is a great gift idea for all fans of the Harry Potter saga.<\/p>\n<p>In conclusion, you can use the <strong>14-piece Harry Potter set<\/strong> in everyday life, either as a necklace or a key-ring. But above all, it's a collector's item.<\/p>\n<p>R\u00e9plique Manga Cin\u00e9 is a French family business.<\/p>","protected":false},"excerpt":{"rendered":"<p>14-piece Harry Potter set including:<\/p>\n<ul>\n<li>4 Character chopsticks, each 8cm long.<\/li>\n<li>1 Nimbus 2000 collar with chain<\/li>\n<li>1 Helga cup with chain<\/li>\n<li>1 Edwige letter and owl necklace with chain<\/li>\n<li>1 DA parchment plate<\/li>\n<li>2 Medals<\/li>\n<li>2 Death relic rings<\/li>\n<li>1 60cm chain<\/li>\n<li>1 Key ring and carabiner<\/li>\n<li>Collector's box featuring the saga<\/li>\n<\/ul>","protected":false},"featured_media":54106,"template":"","meta":[],"product_brand":[896],"product_cat":[87,98,24,94,41],"product_tag":[],"class_list":{"0":"post-54105","1":"product","2":"type-product","3":"status-publish","4":"has-post-thumbnail","6":"product_brand-replique-manga-cine","7":"product_cat-collectors-et-goodies-harry-potter","8":"product_cat-divers-goodies","9":"product_cat-films-series-tv-vente-de-katana-epee-et-produits-derives","10":"product_cat-goodies","11":"product_cat-baguettes-et-goodies-harry-potter","13":"first","14":"outofstock","15":"taxable","16":"shipping-taxable","17":"purchasable","18":"product-type-simple"},"yoast_head":"<!-- This site is optimized with the Yoast SEO plugin v27.5 - https:\/\/yoast.com\/product\/yoast-seo-wordpress\/ -->\n<title>Coffret 14 pi\u00e8ces Harry Potter - Goodies - R\u00e9plique Manga Cin\u00e9<\/title>\n<meta name=\"description\" content=\"Magnifique Coffret 14 pi\u00e8ces Harry Potter au meilleur prix. Cette pi\u00e8ce collector rassemble des miniatures d&#039;objets importants dans la saga Harry Potter.\" \/>\n<meta name=\"robots\" content=\"index, follow, max-snippet:-1, max-image-preview:large, max-video-preview:-1\" \/>\n<link rel=\"canonical\" href=\"https:\/\/repliquemangacine.fr\/en\/various-goodies\/14-piece-harry-potter-set\/\" \/>\n<meta property=\"og:locale\" content=\"en_US\" \/>\n<meta property=\"og:type\" content=\"article\" \/>\n<meta property=\"og:title\" content=\"Coffret 14 pi\u00e8ces Harry Potter - Goodies - R\u00e9plique Manga Cin\u00e9\" \/>\n<meta property=\"og:description\" content=\"Magnifique Coffret 14 pi\u00e8ces Harry Potter au meilleur prix. Cette pi\u00e8ce collector rassemble des miniatures d&#039;objets importants dans la saga Harry Potter.\" \/>\n<meta property=\"og:url\" content=\"https:\/\/repliquemangacine.fr\/en\/various-goodies\/14-piece-harry-potter-set\/\" \/>\n<meta property=\"og:site_name\" content=\"R\u00e9plique Manga Cin\u00e9\" \/>\n<meta property=\"article:publisher\" content=\"https:\/\/www.facebook.com\/RepliqueMangaCine\" \/>\n<meta property=\"article:modified_time\" content=\"2025-09-23T16:02:52+00:00\" \/>\n<meta property=\"og:image\" content=\"https:\/\/repliquemangacine.fr\/wp-content\/uploads\/2023\/10\/Coffret-14-pieces-Harry-Potter-collector.jpg\" \/>\n\t<meta property=\"og:image:width\" content=\"500\" \/>\n\t<meta property=\"og:image:height\" content=\"500\" \/>\n\t<meta property=\"og:image:type\" content=\"image\/jpeg\" \/>\n<meta name=\"twitter:card\" content=\"summary_large_image\" \/>\n<meta name=\"twitter:label1\" content=\"Est. reading time\" \/>\n\t<meta name=\"twitter:data1\" content=\"1 minute\" \/>\n<script type=\"application\/ld+json\" class=\"yoast-schema-graph\">{\"@context\":\"https:\\\/\\\/schema.org\",\"@graph\":[{\"@type\":\"WebPage\",\"@id\":\"https:\\\/\\\/repliquemangacine.fr\\\/divers-goodies\\\/coffret-14-pieces-harry-potter\\\/\",\"url\":\"https:\\\/\\\/repliquemangacine.fr\\\/divers-goodies\\\/coffret-14-pieces-harry-potter\\\/\",\"name\":\"Coffret 14 pi\u00e8ces Harry Potter - Goodies - R\u00e9plique Manga Cin\u00e9\",\"isPartOf\":{\"@id\":\"https:\\\/\\\/repliquemangacine.fr\\\/#website\"},\"primaryImageOfPage\":{\"@id\":\"https:\\\/\\\/repliquemangacine.fr\\\/divers-goodies\\\/coffret-14-pieces-harry-potter\\\/#primaryimage\"},\"image\":{\"@id\":\"https:\\\/\\\/repliquemangacine.fr\\\/divers-goodies\\\/coffret-14-pieces-harry-potter\\\/#primaryimage\"},\"thumbnailUrl\":\"https:\\\/\\\/repliquemangacine.fr\\\/wp-content\\\/uploads\\\/2023\\\/10\\\/Coffret-14-pieces-Harry-Potter-collector.jpg\",\"datePublished\":\"2022-10-19T15:26:33+00:00\",\"dateModified\":\"2025-09-23T16:02:52+00:00\",\"description\":\"Magnifique Coffret 14 pi\u00e8ces Harry Potter au meilleur prix. Cette pi\u00e8ce collector rassemble des miniatures d'objets importants dans la saga Harry Potter.\",\"breadcrumb\":{\"@id\":\"https:\\\/\\\/repliquemangacine.fr\\\/divers-goodies\\\/coffret-14-pieces-harry-potter\\\/#breadcrumb\"},\"inLanguage\":\"en-US\",\"potentialAction\":[{\"@type\":\"ReadAction\",\"target\":[\"https:\\\/\\\/repliquemangacine.fr\\\/divers-goodies\\\/coffret-14-pieces-harry-potter\\\/\"]}]},{\"@type\":\"ImageObject\",\"inLanguage\":\"en-US\",\"@id\":\"https:\\\/\\\/repliquemangacine.fr\\\/divers-goodies\\\/coffret-14-pieces-harry-potter\\\/#primaryimage\",\"url\":\"https:\\\/\\\/repliquemangacine.fr\\\/wp-content\\\/uploads\\\/2023\\\/10\\\/Coffret-14-pieces-Harry-Potter-collector.jpg\",\"contentUrl\":\"https:\\\/\\\/repliquemangacine.fr\\\/wp-content\\\/uploads\\\/2023\\\/10\\\/Coffret-14-pieces-Harry-Potter-collector.jpg\",\"width\":500,\"height\":500,\"caption\":\"Coffret 14 pi\u00e8ces Harry Potter accessores collector\"},{\"@type\":\"BreadcrumbList\",\"@id\":\"https:\\\/\\\/repliquemangacine.fr\\\/divers-goodies\\\/coffret-14-pieces-harry-potter\\\/#breadcrumb\",\"itemListElement\":[{\"@type\":\"ListItem\",\"position\":1,\"name\":\"Accueil\",\"item\":\"https:\\\/\\\/repliquemangacine.fr\\\/\"},{\"@type\":\"ListItem\",\"position\":2,\"name\":\"Produits\",\"item\":\"https:\\\/\\\/repliquemangacine.fr\\\/boutique\\\/\"},{\"@type\":\"ListItem\",\"position\":3,\"name\":\"Coffret 14 pi\u00e8ces Harry Potter\"}]},{\"@type\":\"WebSite\",\"@id\":\"https:\\\/\\\/repliquemangacine.fr\\\/#website\",\"url\":\"https:\\\/\\\/repliquemangacine.fr\\\/\",\"name\":\"R\u00e9plique Manga Cin\u00e9\",\"description\":\"\",\"publisher\":{\"@id\":\"https:\\\/\\\/repliquemangacine.fr\\\/#organization\"},\"potentialAction\":[{\"@type\":\"SearchAction\",\"target\":{\"@type\":\"EntryPoint\",\"urlTemplate\":\"https:\\\/\\\/repliquemangacine.fr\\\/?s={search_term_string}\"},\"query-input\":{\"@type\":\"PropertyValueSpecification\",\"valueRequired\":true,\"valueName\":\"search_term_string\"}}],\"inLanguage\":\"en-US\"},{\"@type\":\"Organization\",\"@id\":\"https:\\\/\\\/repliquemangacine.fr\\\/#organization\",\"name\":\"R\u00e9plique Manga Cin\u00e9\",\"url\":\"https:\\\/\\\/repliquemangacine.fr\\\/\",\"logo\":{\"@type\":\"ImageObject\",\"inLanguage\":\"en-US\",\"@id\":\"https:\\\/\\\/repliquemangacine.fr\\\/#\\\/schema\\\/logo\\\/image\\\/\",\"url\":\"https:\\\/\\\/repliquemangacine.fr\\\/wp-content\\\/uploads\\\/2023\\\/10\\\/RMC-500250.png\",\"contentUrl\":\"https:\\\/\\\/repliquemangacine.fr\\\/wp-content\\\/uploads\\\/2023\\\/10\\\/RMC-500250.png\",\"width\":500,\"height\":250,\"caption\":\"R\u00e9plique Manga Cin\u00e9\"},\"image\":{\"@id\":\"https:\\\/\\\/repliquemangacine.fr\\\/#\\\/schema\\\/logo\\\/image\\\/\"},\"sameAs\":[\"https:\\\/\\\/www.facebook.com\\\/RepliqueMangaCine\",\"https:\\\/\\\/www.instagram.com\\\/repliquemangacine.fr\\\/\"]}]}<\/script>\n<!-- \/ Yoast SEO plugin. -->","yoast_head_json":{"title":"Harry Potter 14 pieces set - Goodies - R\u00e9plique Manga Cin\u00e9","description":"Magnificent 14-piece Harry Potter box set at the best price. This collector's item brings together miniatures of important objects in the Harry Potter saga.","robots":{"index":"index","follow":"follow","max-snippet":"max-snippet:-1","max-image-preview":"max-image-preview:large","max-video-preview":"max-video-preview:-1"},"canonical":"https:\/\/repliquemangacine.fr\/en\/various-goodies\/14-piece-harry-potter-set\/","og_locale":"en_US","og_type":"article","og_title":"Coffret 14 pi\u00e8ces Harry Potter - Goodies - R\u00e9plique Manga Cin\u00e9","og_description":"Magnifique Coffret 14 pi\u00e8ces Harry Potter au meilleur prix. Cette pi\u00e8ce collector rassemble des miniatures d'objets importants dans la saga Harry Potter.","og_url":"https:\/\/repliquemangacine.fr\/en\/various-goodies\/14-piece-harry-potter-set\/","og_site_name":"R\u00e9plique Manga Cin\u00e9","article_publisher":"https:\/\/www.facebook.com\/RepliqueMangaCine","article_modified_time":"2025-09-23T16:02:52+00:00","og_image":[{"width":500,"height":500,"url":"https:\/\/repliquemangacine.fr\/wp-content\/uploads\/2023\/10\/Coffret-14-pieces-Harry-Potter-collector.jpg","type":"image\/jpeg"}],"twitter_card":"summary_large_image","twitter_misc":{"Est. reading time":"1 minute"},"schema":{"@context":"https:\/\/schema.org","@graph":[{"@type":"WebPage","@id":"https:\/\/repliquemangacine.fr\/divers-goodies\/coffret-14-pieces-harry-potter\/","url":"https:\/\/repliquemangacine.fr\/divers-goodies\/coffret-14-pieces-harry-potter\/","name":"Harry Potter 14 pieces set - Goodies - R\u00e9plique Manga Cin\u00e9","isPartOf":{"@id":"https:\/\/repliquemangacine.fr\/#website"},"primaryImageOfPage":{"@id":"https:\/\/repliquemangacine.fr\/divers-goodies\/coffret-14-pieces-harry-potter\/#primaryimage"},"image":{"@id":"https:\/\/repliquemangacine.fr\/divers-goodies\/coffret-14-pieces-harry-potter\/#primaryimage"},"thumbnailUrl":"https:\/\/repliquemangacine.fr\/wp-content\/uploads\/2023\/10\/Coffret-14-pieces-Harry-Potter-collector.jpg","datePublished":"2022-10-19T15:26:33+00:00","dateModified":"2025-09-23T16:02:52+00:00","description":"Magnificent 14-piece Harry Potter box set at the best price. This collector's item brings together miniatures of important objects in the Harry Potter saga.","breadcrumb":{"@id":"https:\/\/repliquemangacine.fr\/divers-goodies\/coffret-14-pieces-harry-potter\/#breadcrumb"},"inLanguage":"en-US","potentialAction":[{"@type":"ReadAction","target":["https:\/\/repliquemangacine.fr\/divers-goodies\/coffret-14-pieces-harry-potter\/"]}]},{"@type":"ImageObject","inLanguage":"en-US","@id":"https:\/\/repliquemangacine.fr\/divers-goodies\/coffret-14-pieces-harry-potter\/#primaryimage","url":"https:\/\/repliquemangacine.fr\/wp-content\/uploads\/2023\/10\/Coffret-14-pieces-Harry-Potter-collector.jpg","contentUrl":"https:\/\/repliquemangacine.fr\/wp-content\/uploads\/2023\/10\/Coffret-14-pieces-Harry-Potter-collector.jpg","width":500,"height":500,"caption":"Coffret 14 pi\u00e8ces Harry Potter accessores collector"},{"@type":"BreadcrumbList","@id":"https:\/\/repliquemangacine.fr\/divers-goodies\/coffret-14-pieces-harry-potter\/#breadcrumb","itemListElement":[{"@type":"ListItem","position":1,"name":"Accueil","item":"https:\/\/repliquemangacine.fr\/"},{"@type":"ListItem","position":2,"name":"Produits","item":"https:\/\/repliquemangacine.fr\/boutique\/"},{"@type":"ListItem","position":3,"name":"Coffret 14 pi\u00e8ces Harry Potter"}]},{"@type":"WebSite","@id":"https:\/\/repliquemangacine.fr\/#website","url":"https:\/\/repliquemangacine.fr\/","name":"R\u00e9plique Manga Cin\u00e9","description":"","publisher":{"@id":"https:\/\/repliquemangacine.fr\/#organization"},"potentialAction":[{"@type":"SearchAction","target":{"@type":"EntryPoint","urlTemplate":"https:\/\/repliquemangacine.fr\/?s={search_term_string}"},"query-input":{"@type":"PropertyValueSpecification","valueRequired":true,"valueName":"search_term_string"}}],"inLanguage":"en-US"},{"@type":"Organization","@id":"https:\/\/repliquemangacine.fr\/#organization","name":"R\u00e9plique Manga Cin\u00e9","url":"https:\/\/repliquemangacine.fr\/","logo":{"@type":"ImageObject","inLanguage":"en-US","@id":"https:\/\/repliquemangacine.fr\/#\/schema\/logo\/image\/","url":"https:\/\/repliquemangacine.fr\/wp-content\/uploads\/2023\/10\/RMC-500250.png","contentUrl":"https:\/\/repliquemangacine.fr\/wp-content\/uploads\/2023\/10\/RMC-500250.png","width":500,"height":250,"caption":"R\u00e9plique Manga Cin\u00e9"},"image":{"@id":"https:\/\/repliquemangacine.fr\/#\/schema\/logo\/image\/"},"sameAs":["https:\/\/www.facebook.com\/RepliqueMangaCine","https:\/\/www.instagram.com\/repliquemangacine.fr\/"]}]}},"_links":{"self":[{"href":"https:\/\/repliquemangacine.fr\/en\/wp-json\/wp\/v2\/product\/54105","targetHints":{"allow":["GET"]}}],"collection":[{"href":"https:\/\/repliquemangacine.fr\/en\/wp-json\/wp\/v2\/product"}],"about":[{"href":"https:\/\/repliquemangacine.fr\/en\/wp-json\/wp\/v2\/types\/product"}],"wp:featuredmedia":[{"embeddable":true,"href":"https:\/\/repliquemangacine.fr\/en\/wp-json\/wp\/v2\/media\/54106"}],"wp:attachment":[{"href":"https:\/\/repliquemangacine.fr\/en\/wp-json\/wp\/v2\/media?parent=54105"}],"wp:term":[{"taxonomy":"product_brand","embeddable":true,"href":"https:\/\/repliquemangacine.fr\/en\/wp-json\/wp\/v2\/product_brand?post=54105"},{"taxonomy":"product_cat","embeddable":true,"href":"https:\/\/repliquemangacine.fr\/en\/wp-json\/wp\/v2\/product_cat?post=54105"},{"taxonomy":"product_tag","embeddable":true,"href":"https:\/\/repliquemangacine.fr\/en\/wp-json\/wp\/v2\/product_tag?post=54105"}],"curies":[{"name":"wp","href":"https:\/\/api.w.org\/{rel}","templated":true}]}}