





{"id":54097,"date":"2022-10-19T16:03:01","date_gmt":"2022-10-19T14:03:01","guid":{"rendered":"https:\/\/repliquemangacine.fr\/?post_type=product&#038;p=54097"},"modified":"2025-12-21T17:08:25","modified_gmt":"2025-12-21T16:08:25","slug":"15-piece-demon-slayer-set","status":"publish","type":"product","link":"https:\/\/repliquemangacine.fr\/en\/divers-goodies\/coffret-15-pieces-demon-slayer\/","title":{"rendered":"15-piece Demon Slayer set"},"content":{"rendered":"<h2>15-piece Demon Slayer set<\/h2>\n<p>To begin with, the <strong>15-piece Demon Slayer set<\/strong> is a set of pieces that can be key rings or necklaces, as you wish.<\/p>\n<p>Demon Slayer, known in Japan as <a href=\"https:\/\/kimetsu-no-yaiba.fandom.com\/fr\/wiki\/Wiki_Kimetsu_no_Yaiba\" target=\"_blank\" rel=\"noopener noreferrer\">Kimetsu no yaiba<\/a> (The Demon-Slaying Blade).<\/p>\n<p>Demon Slayer is the best-selling manga in Japan in 2019 and 2020. The animated film is the biggest box-office success in Japan.<\/p>\n<p>This is the story of Tanjiro, a young man whose father has died. One day, he finds his entire family murdered. The only survivor is his sister, Nezuko, who has been transformed into a demon. She seems to have retained a few human thoughts. Tanjiro sets off on a long journey to find a way to turn his sister back into a human and avenge his family.<\/p>\n<h2>Your 15-piece Demon Slayer set at the best price<\/h2>\n<p>We offer a wide selection of katana replicas, swords from the animated manga Demon Slayer.<\/p>\n<p>First and foremost<\/p>\n<ul>\n<li>Visit <a href=\"https:\/\/repliquemangacine.fr\/en\/demon-slayer\/katana-tanjiro-kamado-demon-slayer\/\">Tanjiro's katana<\/a> in its non-cutting version.<\/li>\n<li>There is also the <a href=\"https:\/\/repliquemangacine.fr\/en\/demon-slayer\/zenitsu-agatsuma-demon-slayer-katana\/\">Zenitsu katana<\/a> non-sharp.<\/li>\n<li>As well as Inosuk\u00e9's saber with its notched blade.<\/li>\n<li>And much, much more!<\/li>\n<\/ul>\n<p>That's why this is a great gift idea for all fans of this anime manga.<\/p>\n<p>In conclusion, you can use the <strong>15-piece Demon Slayer set<\/strong> in everyday life, either as a necklace or a key-ring. Above all, it's a collector's item.<\/p>\n<h2>Our low-priced Demon Slayer novelties.<\/h2>\n<p>Our aim is to satisfy you, which is why we do everything we can to find the collectibles you're looking for. So don't hesitate to let us know what you think, so that we can continue the adventure together!<\/p>\n<p>For your manga conventions and cosplay challenges, discover Nezuko's gag with its long red ribbon. The Demon Slayer figurines will be here very soon. What's more, we'll be stocking Wallscrolls and other goodies at low prices. But you'll have to wait a little longer!<\/p>\n<p>R\u00e9plique Manga Cin\u00e9 is a French family business<\/p>","protected":false},"excerpt":{"rendered":"<p>Superb 15-piece Demon Slayer set including:<\/p>\n<ul>\n<li>2 swords with non-detachable scabbards.<\/li>\n<li>1 Zenitsu Agatsuma character pins<\/li>\n<li>1 axe with flail and chain<\/li>\n<li>3 character medals<\/li>\n<li>1 Kanji symbol<\/li>\n<li>1 Bamboo with ribbon worn by Nezuko<\/li>\n<li>2 logo plates<\/li>\n<li>1 chain, approx. 55cm<\/li>\n<li>2 key-ring mechanisms (ring and small carabiner)<\/li>\n<li>Collector's box featuring the manga<\/li>\n<li>Red velvet interior<\/li>\n<\/ul>","protected":false},"featured_media":54098,"template":"","meta":[],"product_brand":[896],"product_cat":[63,98,94,23],"product_tag":[],"class_list":{"0":"post-54097","1":"product","2":"type-product","3":"status-publish","4":"has-post-thumbnail","6":"product_brand-replique-manga-cine","7":"product_cat-katana-demon-slayer","8":"product_cat-divers-goodies","9":"product_cat-goodies","10":"product_cat-repliques-manga-jeux-video","12":"first","13":"instock","14":"taxable","15":"shipping-taxable","16":"purchasable","17":"product-type-simple"},"yoast_head":"<!-- This site is optimized with the Yoast SEO plugin v27.5 - https:\/\/yoast.com\/product\/yoast-seo-wordpress\/ -->\n<title>Coffret 15 pi\u00e8ces Demon Slayer - Goodies - R\u00e9plique Manga Cin\u00e9<\/title>\n<meta name=\"description\" content=\"Superbe ce Coffret 15 pi\u00e8ces Demon Slayer. En collier ou en porte-cl\u00e9s selon votre envie. Ce coffret collector est \u00e0 petits prix pour tous les fans !\" \/>\n<meta name=\"robots\" content=\"index, follow, max-snippet:-1, max-image-preview:large, max-video-preview:-1\" \/>\n<link rel=\"canonical\" href=\"https:\/\/repliquemangacine.fr\/en\/various-goodies\/15-piece-demon-slayer-set\/\" \/>\n<meta property=\"og:locale\" content=\"en_US\" \/>\n<meta property=\"og:type\" content=\"article\" \/>\n<meta property=\"og:title\" content=\"Coffret 15 pi\u00e8ces Demon Slayer - Goodies - R\u00e9plique Manga Cin\u00e9\" \/>\n<meta property=\"og:description\" content=\"Superbe ce Coffret 15 pi\u00e8ces Demon Slayer. En collier ou en porte-cl\u00e9s selon votre envie. Ce coffret collector est \u00e0 petits prix pour tous les fans !\" \/>\n<meta property=\"og:url\" content=\"https:\/\/repliquemangacine.fr\/en\/various-goodies\/15-piece-demon-slayer-set\/\" \/>\n<meta property=\"og:site_name\" content=\"R\u00e9plique Manga Cin\u00e9\" \/>\n<meta property=\"article:publisher\" content=\"https:\/\/www.facebook.com\/RepliqueMangaCine\" \/>\n<meta property=\"article:modified_time\" content=\"2025-12-21T16:08:25+00:00\" \/>\n<meta property=\"og:image\" content=\"https:\/\/repliquemangacine.fr\/wp-content\/uploads\/2023\/10\/coffret-Demon-Slayer.jpg\" \/>\n\t<meta property=\"og:image:width\" content=\"500\" \/>\n\t<meta property=\"og:image:height\" content=\"500\" \/>\n\t<meta property=\"og:image:type\" content=\"image\/jpeg\" \/>\n<meta name=\"twitter:card\" content=\"summary_large_image\" \/>\n<meta name=\"twitter:label1\" content=\"Est. reading time\" \/>\n\t<meta name=\"twitter:data1\" content=\"2 minutes\" \/>\n<script type=\"application\/ld+json\" class=\"yoast-schema-graph\">{\"@context\":\"https:\\\/\\\/schema.org\",\"@graph\":[{\"@type\":\"WebPage\",\"@id\":\"https:\\\/\\\/repliquemangacine.fr\\\/divers-goodies\\\/coffret-15-pieces-demon-slayer\\\/\",\"url\":\"https:\\\/\\\/repliquemangacine.fr\\\/divers-goodies\\\/coffret-15-pieces-demon-slayer\\\/\",\"name\":\"Coffret 15 pi\u00e8ces Demon Slayer - Goodies - R\u00e9plique Manga Cin\u00e9\",\"isPartOf\":{\"@id\":\"https:\\\/\\\/repliquemangacine.fr\\\/#website\"},\"primaryImageOfPage\":{\"@id\":\"https:\\\/\\\/repliquemangacine.fr\\\/divers-goodies\\\/coffret-15-pieces-demon-slayer\\\/#primaryimage\"},\"image\":{\"@id\":\"https:\\\/\\\/repliquemangacine.fr\\\/divers-goodies\\\/coffret-15-pieces-demon-slayer\\\/#primaryimage\"},\"thumbnailUrl\":\"https:\\\/\\\/repliquemangacine.fr\\\/wp-content\\\/uploads\\\/2023\\\/10\\\/coffret-Demon-Slayer.jpg\",\"datePublished\":\"2022-10-19T14:03:01+00:00\",\"dateModified\":\"2025-12-21T16:08:25+00:00\",\"description\":\"Superbe ce Coffret 15 pi\u00e8ces Demon Slayer. En collier ou en porte-cl\u00e9s selon votre envie. Ce coffret collector est \u00e0 petits prix pour tous les fans !\",\"breadcrumb\":{\"@id\":\"https:\\\/\\\/repliquemangacine.fr\\\/divers-goodies\\\/coffret-15-pieces-demon-slayer\\\/#breadcrumb\"},\"inLanguage\":\"en-US\",\"potentialAction\":[{\"@type\":\"ReadAction\",\"target\":[\"https:\\\/\\\/repliquemangacine.fr\\\/divers-goodies\\\/coffret-15-pieces-demon-slayer\\\/\"]}]},{\"@type\":\"ImageObject\",\"inLanguage\":\"en-US\",\"@id\":\"https:\\\/\\\/repliquemangacine.fr\\\/divers-goodies\\\/coffret-15-pieces-demon-slayer\\\/#primaryimage\",\"url\":\"https:\\\/\\\/repliquemangacine.fr\\\/wp-content\\\/uploads\\\/2023\\\/10\\\/coffret-Demon-Slayer.jpg\",\"contentUrl\":\"https:\\\/\\\/repliquemangacine.fr\\\/wp-content\\\/uploads\\\/2023\\\/10\\\/coffret-Demon-Slayer.jpg\",\"width\":500,\"height\":500,\"caption\":\"Coffret 15 pi\u00e8ces Demon Slayer collector\"},{\"@type\":\"BreadcrumbList\",\"@id\":\"https:\\\/\\\/repliquemangacine.fr\\\/divers-goodies\\\/coffret-15-pieces-demon-slayer\\\/#breadcrumb\",\"itemListElement\":[{\"@type\":\"ListItem\",\"position\":1,\"name\":\"Accueil\",\"item\":\"https:\\\/\\\/repliquemangacine.fr\\\/\"},{\"@type\":\"ListItem\",\"position\":2,\"name\":\"Produits\",\"item\":\"https:\\\/\\\/repliquemangacine.fr\\\/boutique\\\/\"},{\"@type\":\"ListItem\",\"position\":3,\"name\":\"Coffret 15 pi\u00e8ces Demon Slayer\"}]},{\"@type\":\"WebSite\",\"@id\":\"https:\\\/\\\/repliquemangacine.fr\\\/#website\",\"url\":\"https:\\\/\\\/repliquemangacine.fr\\\/\",\"name\":\"R\u00e9plique Manga Cin\u00e9\",\"description\":\"\",\"publisher\":{\"@id\":\"https:\\\/\\\/repliquemangacine.fr\\\/#organization\"},\"potentialAction\":[{\"@type\":\"SearchAction\",\"target\":{\"@type\":\"EntryPoint\",\"urlTemplate\":\"https:\\\/\\\/repliquemangacine.fr\\\/?s={search_term_string}\"},\"query-input\":{\"@type\":\"PropertyValueSpecification\",\"valueRequired\":true,\"valueName\":\"search_term_string\"}}],\"inLanguage\":\"en-US\"},{\"@type\":\"Organization\",\"@id\":\"https:\\\/\\\/repliquemangacine.fr\\\/#organization\",\"name\":\"R\u00e9plique Manga Cin\u00e9\",\"url\":\"https:\\\/\\\/repliquemangacine.fr\\\/\",\"logo\":{\"@type\":\"ImageObject\",\"inLanguage\":\"en-US\",\"@id\":\"https:\\\/\\\/repliquemangacine.fr\\\/#\\\/schema\\\/logo\\\/image\\\/\",\"url\":\"https:\\\/\\\/repliquemangacine.fr\\\/wp-content\\\/uploads\\\/2023\\\/10\\\/RMC-500250.png\",\"contentUrl\":\"https:\\\/\\\/repliquemangacine.fr\\\/wp-content\\\/uploads\\\/2023\\\/10\\\/RMC-500250.png\",\"width\":500,\"height\":250,\"caption\":\"R\u00e9plique Manga Cin\u00e9\"},\"image\":{\"@id\":\"https:\\\/\\\/repliquemangacine.fr\\\/#\\\/schema\\\/logo\\\/image\\\/\"},\"sameAs\":[\"https:\\\/\\\/www.facebook.com\\\/RepliqueMangaCine\",\"https:\\\/\\\/www.instagram.com\\\/repliquemangacine.fr\\\/\"]}]}<\/script>\n<!-- \/ Yoast SEO plugin. -->","yoast_head_json":{"title":"15-piece Demon Slayer set - Goodies - R\u00e9plique Manga Cin\u00e9","description":"Superb 15-piece Demon Slayer set. Available as a necklace or key ring. This collector's set is at a low price for all fans!","robots":{"index":"index","follow":"follow","max-snippet":"max-snippet:-1","max-image-preview":"max-image-preview:large","max-video-preview":"max-video-preview:-1"},"canonical":"https:\/\/repliquemangacine.fr\/en\/various-goodies\/15-piece-demon-slayer-set\/","og_locale":"en_US","og_type":"article","og_title":"Coffret 15 pi\u00e8ces Demon Slayer - Goodies - R\u00e9plique Manga Cin\u00e9","og_description":"Superbe ce Coffret 15 pi\u00e8ces Demon Slayer. En collier ou en porte-cl\u00e9s selon votre envie. Ce coffret collector est \u00e0 petits prix pour tous les fans !","og_url":"https:\/\/repliquemangacine.fr\/en\/various-goodies\/15-piece-demon-slayer-set\/","og_site_name":"R\u00e9plique Manga Cin\u00e9","article_publisher":"https:\/\/www.facebook.com\/RepliqueMangaCine","article_modified_time":"2025-12-21T16:08:25+00:00","og_image":[{"width":500,"height":500,"url":"https:\/\/repliquemangacine.fr\/wp-content\/uploads\/2023\/10\/coffret-Demon-Slayer.jpg","type":"image\/jpeg"}],"twitter_card":"summary_large_image","twitter_misc":{"Est. reading time":"2 minutes"},"schema":{"@context":"https:\/\/schema.org","@graph":[{"@type":"WebPage","@id":"https:\/\/repliquemangacine.fr\/divers-goodies\/coffret-15-pieces-demon-slayer\/","url":"https:\/\/repliquemangacine.fr\/divers-goodies\/coffret-15-pieces-demon-slayer\/","name":"15-piece Demon Slayer set - Goodies - R\u00e9plique Manga Cin\u00e9","isPartOf":{"@id":"https:\/\/repliquemangacine.fr\/#website"},"primaryImageOfPage":{"@id":"https:\/\/repliquemangacine.fr\/divers-goodies\/coffret-15-pieces-demon-slayer\/#primaryimage"},"image":{"@id":"https:\/\/repliquemangacine.fr\/divers-goodies\/coffret-15-pieces-demon-slayer\/#primaryimage"},"thumbnailUrl":"https:\/\/repliquemangacine.fr\/wp-content\/uploads\/2023\/10\/coffret-Demon-Slayer.jpg","datePublished":"2022-10-19T14:03:01+00:00","dateModified":"2025-12-21T16:08:25+00:00","description":"Superb 15-piece Demon Slayer set. Available as a necklace or key ring. This collector's set is at a low price for all fans!","breadcrumb":{"@id":"https:\/\/repliquemangacine.fr\/divers-goodies\/coffret-15-pieces-demon-slayer\/#breadcrumb"},"inLanguage":"en-US","potentialAction":[{"@type":"ReadAction","target":["https:\/\/repliquemangacine.fr\/divers-goodies\/coffret-15-pieces-demon-slayer\/"]}]},{"@type":"ImageObject","inLanguage":"en-US","@id":"https:\/\/repliquemangacine.fr\/divers-goodies\/coffret-15-pieces-demon-slayer\/#primaryimage","url":"https:\/\/repliquemangacine.fr\/wp-content\/uploads\/2023\/10\/coffret-Demon-Slayer.jpg","contentUrl":"https:\/\/repliquemangacine.fr\/wp-content\/uploads\/2023\/10\/coffret-Demon-Slayer.jpg","width":500,"height":500,"caption":"Coffret 15 pi\u00e8ces Demon Slayer collector"},{"@type":"BreadcrumbList","@id":"https:\/\/repliquemangacine.fr\/divers-goodies\/coffret-15-pieces-demon-slayer\/#breadcrumb","itemListElement":[{"@type":"ListItem","position":1,"name":"Accueil","item":"https:\/\/repliquemangacine.fr\/"},{"@type":"ListItem","position":2,"name":"Produits","item":"https:\/\/repliquemangacine.fr\/boutique\/"},{"@type":"ListItem","position":3,"name":"Coffret 15 pi\u00e8ces Demon Slayer"}]},{"@type":"WebSite","@id":"https:\/\/repliquemangacine.fr\/#website","url":"https:\/\/repliquemangacine.fr\/","name":"R\u00e9plique Manga Cin\u00e9","description":"","publisher":{"@id":"https:\/\/repliquemangacine.fr\/#organization"},"potentialAction":[{"@type":"SearchAction","target":{"@type":"EntryPoint","urlTemplate":"https:\/\/repliquemangacine.fr\/?s={search_term_string}"},"query-input":{"@type":"PropertyValueSpecification","valueRequired":true,"valueName":"search_term_string"}}],"inLanguage":"en-US"},{"@type":"Organization","@id":"https:\/\/repliquemangacine.fr\/#organization","name":"R\u00e9plique Manga Cin\u00e9","url":"https:\/\/repliquemangacine.fr\/","logo":{"@type":"ImageObject","inLanguage":"en-US","@id":"https:\/\/repliquemangacine.fr\/#\/schema\/logo\/image\/","url":"https:\/\/repliquemangacine.fr\/wp-content\/uploads\/2023\/10\/RMC-500250.png","contentUrl":"https:\/\/repliquemangacine.fr\/wp-content\/uploads\/2023\/10\/RMC-500250.png","width":500,"height":250,"caption":"R\u00e9plique Manga Cin\u00e9"},"image":{"@id":"https:\/\/repliquemangacine.fr\/#\/schema\/logo\/image\/"},"sameAs":["https:\/\/www.facebook.com\/RepliqueMangaCine","https:\/\/www.instagram.com\/repliquemangacine.fr\/"]}]}},"_links":{"self":[{"href":"https:\/\/repliquemangacine.fr\/en\/wp-json\/wp\/v2\/product\/54097","targetHints":{"allow":["GET"]}}],"collection":[{"href":"https:\/\/repliquemangacine.fr\/en\/wp-json\/wp\/v2\/product"}],"about":[{"href":"https:\/\/repliquemangacine.fr\/en\/wp-json\/wp\/v2\/types\/product"}],"wp:featuredmedia":[{"embeddable":true,"href":"https:\/\/repliquemangacine.fr\/en\/wp-json\/wp\/v2\/media\/54098"}],"wp:attachment":[{"href":"https:\/\/repliquemangacine.fr\/en\/wp-json\/wp\/v2\/media?parent=54097"}],"wp:term":[{"taxonomy":"product_brand","embeddable":true,"href":"https:\/\/repliquemangacine.fr\/en\/wp-json\/wp\/v2\/product_brand?post=54097"},{"taxonomy":"product_cat","embeddable":true,"href":"https:\/\/repliquemangacine.fr\/en\/wp-json\/wp\/v2\/product_cat?post=54097"},{"taxonomy":"product_tag","embeddable":true,"href":"https:\/\/repliquemangacine.fr\/en\/wp-json\/wp\/v2\/product_tag?post=54097"}],"curies":[{"name":"wp","href":"https:\/\/api.w.org\/{rel}","templated":true}]}}