





{"id":53949,"date":"2022-10-15T15:25:17","date_gmt":"2022-10-15T13:25:17","guid":{"rendered":"https:\/\/repliquemangacine.fr\/?post_type=product&#038;p=53949"},"modified":"2026-02-02T22:25:56","modified_gmt":"2026-02-02T21:25:56","slug":"left-handed-flintlock-pistol-denix","status":"publish","type":"product","link":"https:\/\/repliquemangacine.fr\/en\/replique-d-armes-1er-empire\/pistolet-gaucher-a-silex-denix\/","title":{"rendered":"Flintlock left-handed pistol"},"content":{"rendered":"<h2>Napoleon Denix flintlock left-hand pistol<\/h2>\n<p>To begin with, the <strong>Flintlock left-handed pistol<\/strong> from the Napoleonic era is specially designed for left-handers.<\/p>\n<p>Spark guns had a flint or flint stone which, when triggered by the hammer, produced the spark that ignited the gunpowder. All these weapons required manual reloading of their ammunition after each shot.<\/p>\n<p>In combat, these weapons were generally used for a single shot, as the reloading method was very slow and there was usually no time to reload.<\/p>\n<p>The flintlock pistol remained the most widely used pistol in Europe and beyond for over 200 years. Widely used by armies, especially during the Napoleonic era. In fact, highly sought-after for historical re-enactments.<\/p>\n<h2>Your flintlock left-handed pistol at the best price.<\/h2>\n<p>We offer a wide selection of Denix-made reproductions of historical weapons.<\/p>\n<p>First and foremost,<\/p>\n<ul>\n<li>Visit <a href=\"https:\/\/repliquemangacine.fr\/en\/antique-pistol\/napoleon-gribeauval-1806-pistol\/\">Napoleon 1806 Gribeauval pistol<\/a>.<\/li>\n<li>There's also the sublime line from <a href=\"https:\/\/repliquemangacine.fr\/en\/historical-weapons\/george-washington-pistol-18th-century\/\">George Washington's pistol<\/a> from the 18\u1d49 century.<\/li>\n<li>As well as the <a href=\"https:\/\/repliquemangacine.fr\/en\/assassins-creed\/edward-kenway-italian-flintlock-pistol-assassin-s-creed-iv\/\">Edward Kenway's pistol<\/a> in Assassin's Creed.<\/li>\n<li>And many more to discover in our online store!<\/li>\n<\/ul>\n<p>That's why we've come up with some great gift ideas for all antique gun lovers.<\/p>\n<p>In conclusion, you can use the <strong>Flintlock left-handed pistol<\/strong> for your historical re-enactments or theme parties. But above all, this weapon is a collector's item and a decorative object.<\/p>\n<p>R\u00e9plique Manga Cin\u00e9 is a French family company and official distributor of the brand <a href=\"https:\/\/www.denix.fr\/fr\/catalogue\/armes-historiques-s-xvi-xix\/pistolets\/1127-g\/\" target=\"_blank\" rel=\"noopener noreferrer\">Denix<\/a>.<\/p>\n<h2>What materials are used to make Denix replica weapons?<\/h2>\n<p>Used in historical re-enactments, films, TV series and by collectors. Denix gun reproductions, made from high-quality materials. Carefully crafted and assembled to create realistic collector's weapons.<\/p>\n<p>The metals are in a metal alloy known as Zamac, whose basic composition is zinc in 95%.<br \/>\nThe plastic parts of the replicas are made of molded ABS, offering great resistance.<br \/>\nWood chosen for its beauty and durability, such as mahogany, olive or walnut, will give your butts and barrels an elegant, authentic appearance.<\/p>\n<p>Please note that all Denix reproductions are identical to the originals, like your <strong>Flintlock left-handed pistol<\/strong>.<\/p>","protected":false},"excerpt":{"rendered":"<p>Superb reproduction of the Napoleonic era left-handed flintlock pistol.<\/p>\n<ul>\n<li>Wooden stock and barrel.<\/li>\n<li>Decorated metal barrel and armament.<\/li>\n<li>Napoleon emblem<\/li>\n<li>Loading simulator.<\/li>\n<li>Firing mechanism<\/li>\n<li>No authorization required. Free sale and possession.<\/li>\n<li>Dimensions: 39 cm - Weight: 632 g<\/li>\n<\/ul>","protected":false},"featured_media":53950,"template":"","meta":[],"product_brand":[896],"product_cat":[25,102,52,37,83,28,833],"product_tag":[],"class_list":{"0":"post-53949","1":"product","2":"type-product","3":"status-publish","4":"has-post-thumbnail","6":"product_brand-replique-manga-cine","7":"product_cat-armes-historiques","8":"product_cat-denix","9":"product_cat-pistolet-ancien","10":"product_cat-premier-empire","11":"product_cat-replique-d-armes-1er-empire","12":"product_cat-repliques-darmes","13":"product_cat-repliques-darmes-napoleon","15":"first","16":"instock","17":"sale","18":"taxable","19":"shipping-taxable","20":"purchasable","21":"product-type-simple"},"yoast_head":"<!-- This site is optimized with the Yoast SEO plugin v27.4 - https:\/\/yoast.com\/product\/yoast-seo-wordpress\/ -->\n<title>Pistolet Gaucher \u00e0 silex - R\u00e9pliques armes anciennes Denix - RMC<\/title>\n<meta name=\"description\" content=\"D\u00e9couvrez le Pistolet Gaucher \u00e0 silex Denix au meilleur prix - F\u00fbt en bois - M\u00e9canisme fonctionnel - Ne tire pas - Longueur : 39 cm - Envoi 24\/48h\" \/>\n<meta name=\"robots\" content=\"index, follow, max-snippet:-1, max-image-preview:large, max-video-preview:-1\" \/>\n<link rel=\"canonical\" href=\"https:\/\/repliquemangacine.fr\/en\/replica-napoleon-guns\/left-handed-flintlock-pistol-denix\/\" \/>\n<meta property=\"og:locale\" content=\"en_US\" \/>\n<meta property=\"og:type\" content=\"article\" \/>\n<meta property=\"og:title\" content=\"Pistolet Gaucher \u00e0 silex - R\u00e9pliques armes anciennes Denix - RMC\" \/>\n<meta property=\"og:description\" content=\"D\u00e9couvrez le Pistolet Gaucher \u00e0 silex Denix au meilleur prix - F\u00fbt en bois - M\u00e9canisme fonctionnel - Ne tire pas - Longueur : 39 cm - Envoi 24\/48h\" \/>\n<meta property=\"og:url\" content=\"https:\/\/repliquemangacine.fr\/en\/replica-napoleon-guns\/left-handed-flintlock-pistol-denix\/\" \/>\n<meta property=\"og:site_name\" content=\"R\u00e9plique Manga Cin\u00e9\" \/>\n<meta property=\"article:publisher\" content=\"https:\/\/www.facebook.com\/RepliqueMangaCine\" \/>\n<meta property=\"article:modified_time\" content=\"2026-02-02T21:25:56+00:00\" \/>\n<meta property=\"og:image\" content=\"https:\/\/repliquemangacine.fr\/wp-content\/uploads\/2023\/10\/1127g.jpg\" \/>\n\t<meta property=\"og:image:width\" content=\"500\" \/>\n\t<meta property=\"og:image:height\" content=\"500\" \/>\n\t<meta property=\"og:image:type\" content=\"image\/jpeg\" \/>\n<meta name=\"twitter:card\" content=\"summary_large_image\" \/>\n<meta name=\"twitter:label1\" content=\"Est. reading time\" \/>\n\t<meta name=\"twitter:data1\" content=\"2 minutes\" \/>\n<script type=\"application\/ld+json\" class=\"yoast-schema-graph\">{\"@context\":\"https:\\\/\\\/schema.org\",\"@graph\":[{\"@type\":\"WebPage\",\"@id\":\"https:\\\/\\\/repliquemangacine.fr\\\/repliques-darmes-napoleon\\\/pistolet-gaucher-a-silex-denix\\\/\",\"url\":\"https:\\\/\\\/repliquemangacine.fr\\\/repliques-darmes-napoleon\\\/pistolet-gaucher-a-silex-denix\\\/\",\"name\":\"Pistolet Gaucher \u00e0 silex - R\u00e9pliques armes anciennes Denix - RMC\",\"isPartOf\":{\"@id\":\"https:\\\/\\\/repliquemangacine.fr\\\/#website\"},\"primaryImageOfPage\":{\"@id\":\"https:\\\/\\\/repliquemangacine.fr\\\/repliques-darmes-napoleon\\\/pistolet-gaucher-a-silex-denix\\\/#primaryimage\"},\"image\":{\"@id\":\"https:\\\/\\\/repliquemangacine.fr\\\/repliques-darmes-napoleon\\\/pistolet-gaucher-a-silex-denix\\\/#primaryimage\"},\"thumbnailUrl\":\"https:\\\/\\\/repliquemangacine.fr\\\/wp-content\\\/uploads\\\/2023\\\/10\\\/1127g.jpg\",\"datePublished\":\"2022-10-15T13:25:17+00:00\",\"dateModified\":\"2026-02-02T21:25:56+00:00\",\"description\":\"D\u00e9couvrez le Pistolet Gaucher \u00e0 silex Denix au meilleur prix - F\u00fbt en bois - M\u00e9canisme fonctionnel - Ne tire pas - Longueur : 39 cm - Envoi 24\\\/48h\",\"breadcrumb\":{\"@id\":\"https:\\\/\\\/repliquemangacine.fr\\\/repliques-darmes-napoleon\\\/pistolet-gaucher-a-silex-denix\\\/#breadcrumb\"},\"inLanguage\":\"en-US\",\"potentialAction\":[{\"@type\":\"ReadAction\",\"target\":[\"https:\\\/\\\/repliquemangacine.fr\\\/repliques-darmes-napoleon\\\/pistolet-gaucher-a-silex-denix\\\/\"]}]},{\"@type\":\"ImageObject\",\"inLanguage\":\"en-US\",\"@id\":\"https:\\\/\\\/repliquemangacine.fr\\\/repliques-darmes-napoleon\\\/pistolet-gaucher-a-silex-denix\\\/#primaryimage\",\"url\":\"https:\\\/\\\/repliquemangacine.fr\\\/wp-content\\\/uploads\\\/2023\\\/10\\\/1127g.jpg\",\"contentUrl\":\"https:\\\/\\\/repliquemangacine.fr\\\/wp-content\\\/uploads\\\/2023\\\/10\\\/1127g.jpg\",\"width\":500,\"height\":500,\"caption\":\"Pistolet Gaucher \u00e0 silex denix\"},{\"@type\":\"BreadcrumbList\",\"@id\":\"https:\\\/\\\/repliquemangacine.fr\\\/repliques-darmes-napoleon\\\/pistolet-gaucher-a-silex-denix\\\/#breadcrumb\",\"itemListElement\":[{\"@type\":\"ListItem\",\"position\":1,\"name\":\"Accueil\",\"item\":\"https:\\\/\\\/repliquemangacine.fr\\\/\"},{\"@type\":\"ListItem\",\"position\":2,\"name\":\"Produits\",\"item\":\"https:\\\/\\\/repliquemangacine.fr\\\/boutique\\\/\"},{\"@type\":\"ListItem\",\"position\":3,\"name\":\"Pistolet Gaucher \u00e0 silex\"}]},{\"@type\":\"WebSite\",\"@id\":\"https:\\\/\\\/repliquemangacine.fr\\\/#website\",\"url\":\"https:\\\/\\\/repliquemangacine.fr\\\/\",\"name\":\"R\u00e9plique Manga Cin\u00e9\",\"description\":\"\",\"publisher\":{\"@id\":\"https:\\\/\\\/repliquemangacine.fr\\\/#organization\"},\"potentialAction\":[{\"@type\":\"SearchAction\",\"target\":{\"@type\":\"EntryPoint\",\"urlTemplate\":\"https:\\\/\\\/repliquemangacine.fr\\\/?s={search_term_string}\"},\"query-input\":{\"@type\":\"PropertyValueSpecification\",\"valueRequired\":true,\"valueName\":\"search_term_string\"}}],\"inLanguage\":\"en-US\"},{\"@type\":\"Organization\",\"@id\":\"https:\\\/\\\/repliquemangacine.fr\\\/#organization\",\"name\":\"R\u00e9plique Manga Cin\u00e9\",\"url\":\"https:\\\/\\\/repliquemangacine.fr\\\/\",\"logo\":{\"@type\":\"ImageObject\",\"inLanguage\":\"en-US\",\"@id\":\"https:\\\/\\\/repliquemangacine.fr\\\/#\\\/schema\\\/logo\\\/image\\\/\",\"url\":\"https:\\\/\\\/repliquemangacine.fr\\\/wp-content\\\/uploads\\\/2023\\\/10\\\/RMC-500250.png\",\"contentUrl\":\"https:\\\/\\\/repliquemangacine.fr\\\/wp-content\\\/uploads\\\/2023\\\/10\\\/RMC-500250.png\",\"width\":500,\"height\":250,\"caption\":\"R\u00e9plique Manga Cin\u00e9\"},\"image\":{\"@id\":\"https:\\\/\\\/repliquemangacine.fr\\\/#\\\/schema\\\/logo\\\/image\\\/\"},\"sameAs\":[\"https:\\\/\\\/www.facebook.com\\\/RepliqueMangaCine\",\"https:\\\/\\\/www.instagram.com\\\/repliquemangacine.fr\\\/\"]}]}<\/script>\n<!-- \/ Yoast SEO plugin. -->","yoast_head_json":{"title":"Flintlock Left-Handed Pistol - Denix Antique Guns Replicas - RMC","description":"Discover the Denix Flintlock Left-Handed Pistol at the best price - Wooden barrel - Functional mechanism - Does not fire - Length: 39 cm - Shipment 24\/48h","robots":{"index":"index","follow":"follow","max-snippet":"max-snippet:-1","max-image-preview":"max-image-preview:large","max-video-preview":"max-video-preview:-1"},"canonical":"https:\/\/repliquemangacine.fr\/en\/replica-napoleon-guns\/left-handed-flintlock-pistol-denix\/","og_locale":"en_US","og_type":"article","og_title":"Pistolet Gaucher \u00e0 silex - R\u00e9pliques armes anciennes Denix - RMC","og_description":"D\u00e9couvrez le Pistolet Gaucher \u00e0 silex Denix au meilleur prix - F\u00fbt en bois - M\u00e9canisme fonctionnel - Ne tire pas - Longueur : 39 cm - Envoi 24\/48h","og_url":"https:\/\/repliquemangacine.fr\/en\/replica-napoleon-guns\/left-handed-flintlock-pistol-denix\/","og_site_name":"R\u00e9plique Manga Cin\u00e9","article_publisher":"https:\/\/www.facebook.com\/RepliqueMangaCine","article_modified_time":"2026-02-02T21:25:56+00:00","og_image":[{"width":500,"height":500,"url":"https:\/\/repliquemangacine.fr\/wp-content\/uploads\/2023\/10\/1127g.jpg","type":"image\/jpeg"}],"twitter_card":"summary_large_image","twitter_misc":{"Est. reading time":"2 minutes"},"schema":{"@context":"https:\/\/schema.org","@graph":[{"@type":"WebPage","@id":"https:\/\/repliquemangacine.fr\/repliques-darmes-napoleon\/pistolet-gaucher-a-silex-denix\/","url":"https:\/\/repliquemangacine.fr\/repliques-darmes-napoleon\/pistolet-gaucher-a-silex-denix\/","name":"Flintlock Left-Handed Pistol - Denix Antique Guns Replicas - RMC","isPartOf":{"@id":"https:\/\/repliquemangacine.fr\/#website"},"primaryImageOfPage":{"@id":"https:\/\/repliquemangacine.fr\/repliques-darmes-napoleon\/pistolet-gaucher-a-silex-denix\/#primaryimage"},"image":{"@id":"https:\/\/repliquemangacine.fr\/repliques-darmes-napoleon\/pistolet-gaucher-a-silex-denix\/#primaryimage"},"thumbnailUrl":"https:\/\/repliquemangacine.fr\/wp-content\/uploads\/2023\/10\/1127g.jpg","datePublished":"2022-10-15T13:25:17+00:00","dateModified":"2026-02-02T21:25:56+00:00","description":"Discover the Denix Flintlock Left-Handed Pistol at the best price - Wooden barrel - Functional mechanism - Does not fire - Length: 39 cm - Shipment 24\/48h","breadcrumb":{"@id":"https:\/\/repliquemangacine.fr\/repliques-darmes-napoleon\/pistolet-gaucher-a-silex-denix\/#breadcrumb"},"inLanguage":"en-US","potentialAction":[{"@type":"ReadAction","target":["https:\/\/repliquemangacine.fr\/repliques-darmes-napoleon\/pistolet-gaucher-a-silex-denix\/"]}]},{"@type":"ImageObject","inLanguage":"en-US","@id":"https:\/\/repliquemangacine.fr\/repliques-darmes-napoleon\/pistolet-gaucher-a-silex-denix\/#primaryimage","url":"https:\/\/repliquemangacine.fr\/wp-content\/uploads\/2023\/10\/1127g.jpg","contentUrl":"https:\/\/repliquemangacine.fr\/wp-content\/uploads\/2023\/10\/1127g.jpg","width":500,"height":500,"caption":"Pistolet Gaucher \u00e0 silex denix"},{"@type":"BreadcrumbList","@id":"https:\/\/repliquemangacine.fr\/repliques-darmes-napoleon\/pistolet-gaucher-a-silex-denix\/#breadcrumb","itemListElement":[{"@type":"ListItem","position":1,"name":"Accueil","item":"https:\/\/repliquemangacine.fr\/"},{"@type":"ListItem","position":2,"name":"Produits","item":"https:\/\/repliquemangacine.fr\/boutique\/"},{"@type":"ListItem","position":3,"name":"Pistolet Gaucher \u00e0 silex"}]},{"@type":"WebSite","@id":"https:\/\/repliquemangacine.fr\/#website","url":"https:\/\/repliquemangacine.fr\/","name":"R\u00e9plique Manga Cin\u00e9","description":"","publisher":{"@id":"https:\/\/repliquemangacine.fr\/#organization"},"potentialAction":[{"@type":"SearchAction","target":{"@type":"EntryPoint","urlTemplate":"https:\/\/repliquemangacine.fr\/?s={search_term_string}"},"query-input":{"@type":"PropertyValueSpecification","valueRequired":true,"valueName":"search_term_string"}}],"inLanguage":"en-US"},{"@type":"Organization","@id":"https:\/\/repliquemangacine.fr\/#organization","name":"R\u00e9plique Manga Cin\u00e9","url":"https:\/\/repliquemangacine.fr\/","logo":{"@type":"ImageObject","inLanguage":"en-US","@id":"https:\/\/repliquemangacine.fr\/#\/schema\/logo\/image\/","url":"https:\/\/repliquemangacine.fr\/wp-content\/uploads\/2023\/10\/RMC-500250.png","contentUrl":"https:\/\/repliquemangacine.fr\/wp-content\/uploads\/2023\/10\/RMC-500250.png","width":500,"height":250,"caption":"R\u00e9plique Manga Cin\u00e9"},"image":{"@id":"https:\/\/repliquemangacine.fr\/#\/schema\/logo\/image\/"},"sameAs":["https:\/\/www.facebook.com\/RepliqueMangaCine","https:\/\/www.instagram.com\/repliquemangacine.fr\/"]}]}},"_links":{"self":[{"href":"https:\/\/repliquemangacine.fr\/en\/wp-json\/wp\/v2\/product\/53949","targetHints":{"allow":["GET"]}}],"collection":[{"href":"https:\/\/repliquemangacine.fr\/en\/wp-json\/wp\/v2\/product"}],"about":[{"href":"https:\/\/repliquemangacine.fr\/en\/wp-json\/wp\/v2\/types\/product"}],"wp:featuredmedia":[{"embeddable":true,"href":"https:\/\/repliquemangacine.fr\/en\/wp-json\/wp\/v2\/media\/53950"}],"wp:attachment":[{"href":"https:\/\/repliquemangacine.fr\/en\/wp-json\/wp\/v2\/media?parent=53949"}],"wp:term":[{"taxonomy":"product_brand","embeddable":true,"href":"https:\/\/repliquemangacine.fr\/en\/wp-json\/wp\/v2\/product_brand?post=53949"},{"taxonomy":"product_cat","embeddable":true,"href":"https:\/\/repliquemangacine.fr\/en\/wp-json\/wp\/v2\/product_cat?post=53949"},{"taxonomy":"product_tag","embeddable":true,"href":"https:\/\/repliquemangacine.fr\/en\/wp-json\/wp\/v2\/product_tag?post=53949"}],"curies":[{"name":"wp","href":"https:\/\/api.w.org\/{rel}","templated":true}]}}