





{"id":53784,"date":"2022-10-08T19:15:39","date_gmt":"2022-10-08T17:15:39","guid":{"rendered":"https:\/\/repliquemangacine.fr\/?post_type=product&#038;p=53784"},"modified":"2026-04-16T20:03:19","modified_gmt":"2026-04-16T18:03:19","slug":"sword-rod-assassins-creed","status":"publish","type":"product","link":"https:\/\/repliquemangacine.fr\/en\/armes-assassins-creed\/canne-epee-assassins-creed\/","title":{"rendered":"Assassin's Creed sword cane"},"content":{"rendered":"<h2>Replica of the Assassin's Creed Syndicate Sword Cane.<\/h2>\n<p>To begin with, this <strong>Assassin's Creed sword cane<\/strong> <strong>syndicate<\/strong> is used by <a href=\"https:\/\/assassinscreed.fandom.com\/fr\/wiki\/Jacob_Frye\" target=\"_blank\" rel=\"noopener noreferrer\">Jacob<\/a>gang leader, Master Assassin of the British Brotherhood.<\/p>\n<p>Assassin's Creed: Syndicate is the ninth major opus in the Assassin's Creed series. It follows Assassin's Creed: Unity, released the previous year. Syndicate features Assassins Jacob and Evie Frye, twin Brotherhood members set in Victorian London in the second half of the 19th century.<\/p>\n<p>Sir Jacob Frye, gang leader and Master Assassin of the British Brotherhood. He is Evie Frye's twin brother.<\/p>\n<p>The cane sword, the special weapon used by twins Evie and Jacob Frye. Discreet yet deadly, it could be carried without attracting attention at a time when the carrying of weapons had become forbidden for the urban population.<\/p>\n<h2>Your Assassin's Creed Syndicate Sword Cane at the best price.<\/h2>\n<p>We bring you all the lines of your favorite characters from your favorite video game.<\/p>\n<p>First and foremost,<\/p>\n<ul>\n<li>Visit <a href=\"https:\/\/repliquemangacine.fr\/en\/assassins-creed\/assassin-s-creed-odyssey-replique-lance-brisee-de-leonidas\/\">Leonidas' broken spear<\/a> in Odyssey, used by Kassandra and\/or Alexios.<\/li>\n<li>But also, the two <a href=\"https:\/\/repliquemangacine.fr\/en\/assassins-creed\/axes-assassins-creed-valhalla\/\">Axes used by Eivor<\/a> Varinsdottir in Assassin's Creed Valhalla.<\/li>\n<li>There's also a line from <a href=\"https:\/\/repliquemangacine.fr\/en\/assassins-creed\/pirate-axe-gun-18th-century\/\">Pirates Axe Gun<\/a> in Assassin's Creed Unity.<\/li>\n<li>And many more to discover in our online store!<\/li>\n<\/ul>\n<p>So here's a great gift idea for all Assassin's Creed fans.<\/p>\n<p>In conclusion, you can also use this <strong>Assassin's Creed sword cane<\/strong> <strong>Syndicate<\/strong> for your cosplay parades or theme parties. But above all, it's a collector's item, and a decorative one at that.<\/p>\n<h2>How to maintain the blade of your sword rod?<\/h2>\n<p>Collector's and decorative sword rods are made and assembled in a simplified way. As their use is decorative, they lack the safety features required of a Japanese sword intended for training.<\/p>\n<p>However, your sword cane has a steel blade that needs to be maintained to avoid damage over time. Indeed, when you go to display your katana, your friends will be curious to see the blade and touch it. This is where you need to be careful, as the acidity of your fingers is very harmful to steel, whatever its quality.<\/p>\n<p>However, if this happens, don't panic - all you need is a cloth dampened with a little oil and a wipe of fingerprints. By doing so, you'll keep your sword looking its best for a very long time.<\/p>","protected":false},"excerpt":{"rendered":"<p>Replica of Jacob's Sword in Assassin's Creed Syndicate.<\/p>\n<ul>\n<li>Made entirely of metal.<\/li>\n<li>Vulture head knob in solid steel.<\/li>\n<li>440 stainless steel blade.<\/li>\n<li>At the end of the cane is a non-slip rubber.<\/li>\n<li>Useful for walking.<\/li>\n<li>Blade length: 31cm - Overall length: 96cm - Weight: 800 Grams<\/li>\n<\/ul>","protected":false},"featured_media":53785,"template":"","meta":[],"product_brand":[896],"product_cat":[836,48,23],"product_tag":[],"class_list":{"0":"post-53784","1":"product","2":"type-product","3":"status-publish","4":"has-post-thumbnail","6":"product_brand-replique-manga-cine","7":"product_cat-armes-assassins-creed","8":"product_cat-epees-assassins-creed-armes-assassins-creed","9":"product_cat-repliques-manga-jeux-video","11":"first","12":"instock","13":"taxable","14":"shipping-taxable","15":"purchasable","16":"product-type-simple"},"yoast_head":"<!-- This site is optimized with the Yoast SEO plugin v27.5 - https:\/\/yoast.com\/product\/yoast-seo-wordpress\/ -->\n<title>Canne \u00e9p\u00e9e Assassin&#039;s Creed syndicate - R\u00e9plique Manga Cin\u00e9<\/title>\n<meta name=\"description\" content=\"Achetez vite ! La Canne \u00e9p\u00e9e Assassin&#039;s Creed utilis\u00e9e par Jacob dans l&#039;opus syndicate au meilleur prix. Lame en acier de 31 cm- Longueur totale : 96cm\" \/>\n<meta name=\"robots\" content=\"index, follow, max-snippet:-1, max-image-preview:large, max-video-preview:-1\" \/>\n<link rel=\"canonical\" href=\"https:\/\/repliquemangacine.fr\/en\/weapons-assassins-creed\/sword-rod-assassins-creed\/\" \/>\n<meta property=\"og:locale\" content=\"en_US\" \/>\n<meta property=\"og:type\" content=\"article\" \/>\n<meta property=\"og:title\" content=\"Canne \u00e9p\u00e9e Assassin&#039;s Creed syndicate - R\u00e9plique Manga Cin\u00e9\" \/>\n<meta property=\"og:description\" content=\"Achetez vite ! La Canne \u00e9p\u00e9e Assassin&#039;s Creed utilis\u00e9e par Jacob dans l&#039;opus syndicate au meilleur prix. Lame en acier de 31 cm- Longueur totale : 96cm\" \/>\n<meta property=\"og:url\" content=\"https:\/\/repliquemangacine.fr\/en\/weapons-assassins-creed\/sword-rod-assassins-creed\/\" \/>\n<meta property=\"og:site_name\" content=\"R\u00e9plique Manga Cin\u00e9\" \/>\n<meta property=\"article:publisher\" content=\"https:\/\/www.facebook.com\/RepliqueMangaCine\" \/>\n<meta property=\"article:modified_time\" content=\"2026-04-16T18:03:19+00:00\" \/>\n<meta property=\"og:image\" content=\"https:\/\/repliquemangacine.fr\/wp-content\/uploads\/2023\/10\/Canne-epee-Assassins-Creed-.jpg\" \/>\n\t<meta property=\"og:image:width\" content=\"500\" \/>\n\t<meta property=\"og:image:height\" content=\"500\" \/>\n\t<meta property=\"og:image:type\" content=\"image\/jpeg\" \/>\n<meta name=\"twitter:card\" content=\"summary_large_image\" \/>\n<meta name=\"twitter:label1\" content=\"Est. reading time\" \/>\n\t<meta name=\"twitter:data1\" content=\"2 minutes\" \/>\n<script type=\"application\/ld+json\" class=\"yoast-schema-graph\">{\"@context\":\"https:\\\/\\\/schema.org\",\"@graph\":[{\"@type\":\"WebPage\",\"@id\":\"https:\\\/\\\/repliquemangacine.fr\\\/armes-assassins-creed\\\/canne-epee-assassins-creed\\\/\",\"url\":\"https:\\\/\\\/repliquemangacine.fr\\\/armes-assassins-creed\\\/canne-epee-assassins-creed\\\/\",\"name\":\"Canne \u00e9p\u00e9e Assassin's Creed syndicate - R\u00e9plique Manga Cin\u00e9\",\"isPartOf\":{\"@id\":\"https:\\\/\\\/repliquemangacine.fr\\\/#website\"},\"primaryImageOfPage\":{\"@id\":\"https:\\\/\\\/repliquemangacine.fr\\\/armes-assassins-creed\\\/canne-epee-assassins-creed\\\/#primaryimage\"},\"image\":{\"@id\":\"https:\\\/\\\/repliquemangacine.fr\\\/armes-assassins-creed\\\/canne-epee-assassins-creed\\\/#primaryimage\"},\"thumbnailUrl\":\"https:\\\/\\\/repliquemangacine.fr\\\/wp-content\\\/uploads\\\/2023\\\/10\\\/Canne-epee-Assassins-Creed-.jpg\",\"datePublished\":\"2022-10-08T17:15:39+00:00\",\"dateModified\":\"2026-04-16T18:03:19+00:00\",\"description\":\"Achetez vite ! La Canne \u00e9p\u00e9e Assassin's Creed utilis\u00e9e par Jacob dans l'opus syndicate au meilleur prix. Lame en acier de 31 cm- Longueur totale : 96cm\",\"breadcrumb\":{\"@id\":\"https:\\\/\\\/repliquemangacine.fr\\\/armes-assassins-creed\\\/canne-epee-assassins-creed\\\/#breadcrumb\"},\"inLanguage\":\"en-US\",\"potentialAction\":[{\"@type\":\"ReadAction\",\"target\":[\"https:\\\/\\\/repliquemangacine.fr\\\/armes-assassins-creed\\\/canne-epee-assassins-creed\\\/\"]}]},{\"@type\":\"ImageObject\",\"inLanguage\":\"en-US\",\"@id\":\"https:\\\/\\\/repliquemangacine.fr\\\/armes-assassins-creed\\\/canne-epee-assassins-creed\\\/#primaryimage\",\"url\":\"https:\\\/\\\/repliquemangacine.fr\\\/wp-content\\\/uploads\\\/2023\\\/10\\\/Canne-epee-Assassins-Creed-.jpg\",\"contentUrl\":\"https:\\\/\\\/repliquemangacine.fr\\\/wp-content\\\/uploads\\\/2023\\\/10\\\/Canne-epee-Assassins-Creed-.jpg\",\"width\":500,\"height\":500,\"caption\":\"Canne \u00e9p\u00e9e Assassin's Creed syndicate\"},{\"@type\":\"BreadcrumbList\",\"@id\":\"https:\\\/\\\/repliquemangacine.fr\\\/armes-assassins-creed\\\/canne-epee-assassins-creed\\\/#breadcrumb\",\"itemListElement\":[{\"@type\":\"ListItem\",\"position\":1,\"name\":\"Accueil\",\"item\":\"https:\\\/\\\/repliquemangacine.fr\\\/\"},{\"@type\":\"ListItem\",\"position\":2,\"name\":\"Produits\",\"item\":\"https:\\\/\\\/repliquemangacine.fr\\\/boutique\\\/\"},{\"@type\":\"ListItem\",\"position\":3,\"name\":\"Canne \u00e9p\u00e9e Assassin&#8217;s Creed\"}]},{\"@type\":\"WebSite\",\"@id\":\"https:\\\/\\\/repliquemangacine.fr\\\/#website\",\"url\":\"https:\\\/\\\/repliquemangacine.fr\\\/\",\"name\":\"R\u00e9plique Manga Cin\u00e9\",\"description\":\"\",\"publisher\":{\"@id\":\"https:\\\/\\\/repliquemangacine.fr\\\/#organization\"},\"potentialAction\":[{\"@type\":\"SearchAction\",\"target\":{\"@type\":\"EntryPoint\",\"urlTemplate\":\"https:\\\/\\\/repliquemangacine.fr\\\/?s={search_term_string}\"},\"query-input\":{\"@type\":\"PropertyValueSpecification\",\"valueRequired\":true,\"valueName\":\"search_term_string\"}}],\"inLanguage\":\"en-US\"},{\"@type\":\"Organization\",\"@id\":\"https:\\\/\\\/repliquemangacine.fr\\\/#organization\",\"name\":\"R\u00e9plique Manga Cin\u00e9\",\"url\":\"https:\\\/\\\/repliquemangacine.fr\\\/\",\"logo\":{\"@type\":\"ImageObject\",\"inLanguage\":\"en-US\",\"@id\":\"https:\\\/\\\/repliquemangacine.fr\\\/#\\\/schema\\\/logo\\\/image\\\/\",\"url\":\"https:\\\/\\\/repliquemangacine.fr\\\/wp-content\\\/uploads\\\/2023\\\/10\\\/RMC-500250.png\",\"contentUrl\":\"https:\\\/\\\/repliquemangacine.fr\\\/wp-content\\\/uploads\\\/2023\\\/10\\\/RMC-500250.png\",\"width\":500,\"height\":250,\"caption\":\"R\u00e9plique Manga Cin\u00e9\"},\"image\":{\"@id\":\"https:\\\/\\\/repliquemangacine.fr\\\/#\\\/schema\\\/logo\\\/image\\\/\"},\"sameAs\":[\"https:\\\/\\\/www.facebook.com\\\/RepliqueMangaCine\",\"https:\\\/\\\/www.instagram.com\\\/repliquemangacine.fr\\\/\"]}]}<\/script>\n<!-- \/ Yoast SEO plugin. -->","yoast_head_json":{"title":"Assassin's Creed syndicate sword rod - R\u00e9plique Manga Cin\u00e9","description":"Buy now! The Assassin's Creed sword cane used by Jacob in the syndicate opus at the best price. 31 cm steel blade- Total length: 96cm","robots":{"index":"index","follow":"follow","max-snippet":"max-snippet:-1","max-image-preview":"max-image-preview:large","max-video-preview":"max-video-preview:-1"},"canonical":"https:\/\/repliquemangacine.fr\/en\/weapons-assassins-creed\/sword-rod-assassins-creed\/","og_locale":"en_US","og_type":"article","og_title":"Canne \u00e9p\u00e9e Assassin's Creed syndicate - R\u00e9plique Manga Cin\u00e9","og_description":"Achetez vite ! La Canne \u00e9p\u00e9e Assassin's Creed utilis\u00e9e par Jacob dans l'opus syndicate au meilleur prix. Lame en acier de 31 cm- Longueur totale : 96cm","og_url":"https:\/\/repliquemangacine.fr\/en\/weapons-assassins-creed\/sword-rod-assassins-creed\/","og_site_name":"R\u00e9plique Manga Cin\u00e9","article_publisher":"https:\/\/www.facebook.com\/RepliqueMangaCine","article_modified_time":"2026-04-16T18:03:19+00:00","og_image":[{"width":500,"height":500,"url":"https:\/\/repliquemangacine.fr\/wp-content\/uploads\/2023\/10\/Canne-epee-Assassins-Creed-.jpg","type":"image\/jpeg"}],"twitter_card":"summary_large_image","twitter_misc":{"Est. reading time":"2 minutes"},"schema":{"@context":"https:\/\/schema.org","@graph":[{"@type":"WebPage","@id":"https:\/\/repliquemangacine.fr\/armes-assassins-creed\/canne-epee-assassins-creed\/","url":"https:\/\/repliquemangacine.fr\/armes-assassins-creed\/canne-epee-assassins-creed\/","name":"Assassin's Creed syndicate sword rod - R\u00e9plique Manga Cin\u00e9","isPartOf":{"@id":"https:\/\/repliquemangacine.fr\/#website"},"primaryImageOfPage":{"@id":"https:\/\/repliquemangacine.fr\/armes-assassins-creed\/canne-epee-assassins-creed\/#primaryimage"},"image":{"@id":"https:\/\/repliquemangacine.fr\/armes-assassins-creed\/canne-epee-assassins-creed\/#primaryimage"},"thumbnailUrl":"https:\/\/repliquemangacine.fr\/wp-content\/uploads\/2023\/10\/Canne-epee-Assassins-Creed-.jpg","datePublished":"2022-10-08T17:15:39+00:00","dateModified":"2026-04-16T18:03:19+00:00","description":"Buy now! The Assassin's Creed sword cane used by Jacob in the syndicate opus at the best price. 31 cm steel blade- Total length: 96cm","breadcrumb":{"@id":"https:\/\/repliquemangacine.fr\/armes-assassins-creed\/canne-epee-assassins-creed\/#breadcrumb"},"inLanguage":"en-US","potentialAction":[{"@type":"ReadAction","target":["https:\/\/repliquemangacine.fr\/armes-assassins-creed\/canne-epee-assassins-creed\/"]}]},{"@type":"ImageObject","inLanguage":"en-US","@id":"https:\/\/repliquemangacine.fr\/armes-assassins-creed\/canne-epee-assassins-creed\/#primaryimage","url":"https:\/\/repliquemangacine.fr\/wp-content\/uploads\/2023\/10\/Canne-epee-Assassins-Creed-.jpg","contentUrl":"https:\/\/repliquemangacine.fr\/wp-content\/uploads\/2023\/10\/Canne-epee-Assassins-Creed-.jpg","width":500,"height":500,"caption":"Canne \u00e9p\u00e9e Assassin's Creed syndicate"},{"@type":"BreadcrumbList","@id":"https:\/\/repliquemangacine.fr\/armes-assassins-creed\/canne-epee-assassins-creed\/#breadcrumb","itemListElement":[{"@type":"ListItem","position":1,"name":"Accueil","item":"https:\/\/repliquemangacine.fr\/"},{"@type":"ListItem","position":2,"name":"Produits","item":"https:\/\/repliquemangacine.fr\/boutique\/"},{"@type":"ListItem","position":3,"name":"Canne \u00e9p\u00e9e Assassin&#8217;s Creed"}]},{"@type":"WebSite","@id":"https:\/\/repliquemangacine.fr\/#website","url":"https:\/\/repliquemangacine.fr\/","name":"R\u00e9plique Manga Cin\u00e9","description":"","publisher":{"@id":"https:\/\/repliquemangacine.fr\/#organization"},"potentialAction":[{"@type":"SearchAction","target":{"@type":"EntryPoint","urlTemplate":"https:\/\/repliquemangacine.fr\/?s={search_term_string}"},"query-input":{"@type":"PropertyValueSpecification","valueRequired":true,"valueName":"search_term_string"}}],"inLanguage":"en-US"},{"@type":"Organization","@id":"https:\/\/repliquemangacine.fr\/#organization","name":"R\u00e9plique Manga Cin\u00e9","url":"https:\/\/repliquemangacine.fr\/","logo":{"@type":"ImageObject","inLanguage":"en-US","@id":"https:\/\/repliquemangacine.fr\/#\/schema\/logo\/image\/","url":"https:\/\/repliquemangacine.fr\/wp-content\/uploads\/2023\/10\/RMC-500250.png","contentUrl":"https:\/\/repliquemangacine.fr\/wp-content\/uploads\/2023\/10\/RMC-500250.png","width":500,"height":250,"caption":"R\u00e9plique Manga Cin\u00e9"},"image":{"@id":"https:\/\/repliquemangacine.fr\/#\/schema\/logo\/image\/"},"sameAs":["https:\/\/www.facebook.com\/RepliqueMangaCine","https:\/\/www.instagram.com\/repliquemangacine.fr\/"]}]}},"_links":{"self":[{"href":"https:\/\/repliquemangacine.fr\/en\/wp-json\/wp\/v2\/product\/53784","targetHints":{"allow":["GET"]}}],"collection":[{"href":"https:\/\/repliquemangacine.fr\/en\/wp-json\/wp\/v2\/product"}],"about":[{"href":"https:\/\/repliquemangacine.fr\/en\/wp-json\/wp\/v2\/types\/product"}],"wp:featuredmedia":[{"embeddable":true,"href":"https:\/\/repliquemangacine.fr\/en\/wp-json\/wp\/v2\/media\/53785"}],"wp:attachment":[{"href":"https:\/\/repliquemangacine.fr\/en\/wp-json\/wp\/v2\/media?parent=53784"}],"wp:term":[{"taxonomy":"product_brand","embeddable":true,"href":"https:\/\/repliquemangacine.fr\/en\/wp-json\/wp\/v2\/product_brand?post=53784"},{"taxonomy":"product_cat","embeddable":true,"href":"https:\/\/repliquemangacine.fr\/en\/wp-json\/wp\/v2\/product_cat?post=53784"},{"taxonomy":"product_tag","embeddable":true,"href":"https:\/\/repliquemangacine.fr\/en\/wp-json\/wp\/v2\/product_tag?post=53784"}],"curies":[{"name":"wp","href":"https:\/\/api.w.org\/{rel}","templated":true}]}}