





{"id":53179,"date":"2022-09-16T11:47:59","date_gmt":"2022-09-16T09:47:59","guid":{"rendered":"https:\/\/repliquemangacine.fr\/?post_type=product&#038;p=53179"},"modified":"2025-09-23T18:02:49","modified_gmt":"2025-09-23T16:02:49","slug":"axes-assassins-creed-valhalla","status":"publish","type":"product","link":"https:\/\/repliquemangacine.fr\/en\/armes-assassins-creed\/haches-assassins-creed-valhalla\/","title":{"rendered":"Assassin's Creed Valhalla axes"},"content":{"rendered":"<h2>Assassin's Creed Valhalla axe used by Eivor.<\/h2>\n<p>To begin with, the <strong>Assassin's Creed Valhalla axes<\/strong> are unofficial, but incredibly realistic.<\/p>\n<p><a href=\"https:\/\/assassinscreed.fandom.com\/fr\/wiki\/Assassin's_Creed:_Valhalla\" target=\"_blank\" rel=\"noopener noreferrer\">Assassin's Creed: Valhalla<\/a> is an action-adventure video game developed by Ubisoft Montreal, and is the twelfth installment in the Assassin's Creed series, following Assassin's Creed: Odyssey.<\/p>\n<p>The game takes place in the Viking era, in the 9th century AD. The player can embody Eivor, a Viking character whose gender is determined by the Animus, which represents the male or female memory flow.<\/p>\n<p>Despite Ubisoft's claims, the reality is that Eivor is a woman. Known as Amie-des-loups, she is a skjaldm\u00f6, a Norwegian-born Viking warrior who led a raid to conquer the lands of England, against the four Saxon kings, including Alfred of Wessex.<\/p>\n<h2>Your Assassin's Creed Valhalla Axes at the best price<\/h2>\n<p>We offer a wide selection of replicas of the famous Assassin's Creed video game.<\/p>\n<p>All right,<\/p>\n<ul>\n<li>The famous <a href=\"https:\/\/repliquemangacine.fr\/en\/assassins-creed\/epee-daltair-assassins-creed\/\">Alta\u00efr sword<\/a> in the first part of the series.<\/li>\n<li>There is also the <a href=\"https:\/\/repliquemangacine.fr\/en\/assassins-creed\/assassin-s-creed-odyssey-replique-lance-brisee-de-leonidas\/\">Leonidas' broken spear<\/a> in Assassin's Creed Odyssey.<\/li>\n<li>But also the <a href=\"https:\/\/repliquemangacine.fr\/en\/assassins-creed\/edward-keway-flintlock-pistol-replica-manga-cine\/\">Edward Kenway's pistol<\/a> in Assassin's Creed Black Flag.<\/li>\n<li>And many more to discover in our online store!<\/li>\n<\/ul>\n<p>That's why here are some great gifts for fans of the historic Assassin's Creed series.<\/p>\n<p>In conclusion, you can use both <strong>Assassin's Creed Valhalla axes<\/strong> for your Cosplays parades, or your themed evenings. But above all, his two axes are collector's items and decorations.<\/p>\n<h2>How to maintain the blades of your Eivor axes?<\/h2>\n<p>Collector and decorative axes are made and assembled in a simplified manner. As their use is decorative, they lack the safety features required of a Japanese saber intended for training.<\/p>\n<p>However, your <strong>Assassin's Creed Valhalla axes<\/strong> have a steel blade that needs to be maintained to prevent damage over time. In fact, when you display your katana, your friends will be curious to see the blade and touch it. This is where you need to be careful, as the acidity of your fingers is very harmful to steel, whatever its quality.<\/p>\n<p>However, if this happens, don't panic - all you need is a cloth dampened with a little oil and a wipe of fingerprints. By doing so, you'll keep your sword looking its best for a very long time.<\/p>\n<p><strong>\u00a0<\/strong><\/p>","protected":false},"excerpt":{"rendered":"<p>Set of two Axes used by Eivor in Assassin's Creed Valhalla.<\/p>\n<ul>\n<li>Full-scale, made entirely of metal from the original axes used in the video game.<\/li>\n<li>The axe heads are made of solid steel, painted grey with Celtic decoration.<\/li>\n<li>Decorated solid steel knobs<\/li>\n<li>Steel handles too, covered in brown suede-style leather for one, and decorated ABS for the other.<\/li>\n<li>Length of both axes: approx. 58cm. Head width: approx. 23cm<\/li>\n<li>Weight of two axes: 3k800<\/li>\n<\/ul>","protected":false},"featured_media":53180,"template":"","meta":[],"product_brand":[896],"product_cat":[836,25,24,111,103,57],"product_tag":[],"class_list":{"0":"post-53179","1":"product","2":"type-product","3":"status-publish","4":"has-post-thumbnail","6":"product_brand-replique-manga-cine","7":"product_cat-armes-assassins-creed","8":"product_cat-armes-historiques","9":"product_cat-films-series-tv-vente-de-katana-epee-et-produits-derives","10":"product_cat-haches-serie-vikings","11":"product_cat-armes-et-accessoires-vikings","12":"product_cat-armes-vikings","14":"first","15":"outofstock","16":"taxable","17":"shipping-taxable","18":"purchasable","19":"product-type-simple"},"yoast_head":"<!-- This site is optimized with the Yoast SEO plugin v27.5 - https:\/\/yoast.com\/product\/yoast-seo-wordpress\/ -->\n<title>Haches Assassin&#039;s Creed Valhalla - R\u00e9plique Manga Cin\u00e9<\/title>\n<meta name=\"description\" content=\"Commandez vite ! Les deux Haches Assassin&#039;s Creed Valhalla utilis\u00e9 par Eivor au meilleur prix. Les t\u00eates sont en acier - Longueur totale : 58 cm\" \/>\n<meta name=\"robots\" content=\"index, follow, max-snippet:-1, max-image-preview:large, max-video-preview:-1\" \/>\n<link rel=\"canonical\" href=\"https:\/\/repliquemangacine.fr\/en\/weapons-assassins-creed\/axes-assassins-creed-valhalla\/\" \/>\n<meta property=\"og:locale\" content=\"en_US\" \/>\n<meta property=\"og:type\" content=\"article\" \/>\n<meta property=\"og:title\" content=\"Haches Assassin&#039;s Creed Valhalla - R\u00e9plique Manga Cin\u00e9\" \/>\n<meta property=\"og:description\" content=\"Commandez vite ! Les deux Haches Assassin&#039;s Creed Valhalla utilis\u00e9 par Eivor au meilleur prix. Les t\u00eates sont en acier - Longueur totale : 58 cm\" \/>\n<meta property=\"og:url\" content=\"https:\/\/repliquemangacine.fr\/en\/weapons-assassins-creed\/axes-assassins-creed-valhalla\/\" \/>\n<meta property=\"og:site_name\" content=\"R\u00e9plique Manga Cin\u00e9\" \/>\n<meta property=\"article:publisher\" content=\"https:\/\/www.facebook.com\/RepliqueMangaCine\" \/>\n<meta property=\"article:modified_time\" content=\"2025-09-23T16:02:49+00:00\" \/>\n<meta property=\"og:image\" content=\"https:\/\/repliquemangacine.fr\/wp-content\/uploads\/2023\/10\/Haches-Assassincreed-Vahalla.png\" \/>\n\t<meta property=\"og:image:width\" content=\"500\" \/>\n\t<meta property=\"og:image:height\" content=\"500\" \/>\n\t<meta property=\"og:image:type\" content=\"image\/png\" \/>\n<meta name=\"twitter:card\" content=\"summary_large_image\" \/>\n<meta name=\"twitter:label1\" content=\"Est. reading time\" \/>\n\t<meta name=\"twitter:data1\" content=\"2 minutes\" \/>\n<script type=\"application\/ld+json\" class=\"yoast-schema-graph\">{\"@context\":\"https:\\\/\\\/schema.org\",\"@graph\":[{\"@type\":\"WebPage\",\"@id\":\"https:\\\/\\\/repliquemangacine.fr\\\/armes-assassins-creed\\\/haches-assassins-creed-valhalla\\\/\",\"url\":\"https:\\\/\\\/repliquemangacine.fr\\\/armes-assassins-creed\\\/haches-assassins-creed-valhalla\\\/\",\"name\":\"Haches Assassin's Creed Valhalla - R\u00e9plique Manga Cin\u00e9\",\"isPartOf\":{\"@id\":\"https:\\\/\\\/repliquemangacine.fr\\\/#website\"},\"primaryImageOfPage\":{\"@id\":\"https:\\\/\\\/repliquemangacine.fr\\\/armes-assassins-creed\\\/haches-assassins-creed-valhalla\\\/#primaryimage\"},\"image\":{\"@id\":\"https:\\\/\\\/repliquemangacine.fr\\\/armes-assassins-creed\\\/haches-assassins-creed-valhalla\\\/#primaryimage\"},\"thumbnailUrl\":\"https:\\\/\\\/repliquemangacine.fr\\\/wp-content\\\/uploads\\\/2023\\\/10\\\/Haches-Assassincreed-Vahalla.png\",\"datePublished\":\"2022-09-16T09:47:59+00:00\",\"dateModified\":\"2025-09-23T16:02:49+00:00\",\"description\":\"Commandez vite ! Les deux Haches Assassin's Creed Valhalla utilis\u00e9 par Eivor au meilleur prix. Les t\u00eates sont en acier - Longueur totale : 58 cm\",\"breadcrumb\":{\"@id\":\"https:\\\/\\\/repliquemangacine.fr\\\/armes-assassins-creed\\\/haches-assassins-creed-valhalla\\\/#breadcrumb\"},\"inLanguage\":\"en-US\",\"potentialAction\":[{\"@type\":\"ReadAction\",\"target\":[\"https:\\\/\\\/repliquemangacine.fr\\\/armes-assassins-creed\\\/haches-assassins-creed-valhalla\\\/\"]}]},{\"@type\":\"ImageObject\",\"inLanguage\":\"en-US\",\"@id\":\"https:\\\/\\\/repliquemangacine.fr\\\/armes-assassins-creed\\\/haches-assassins-creed-valhalla\\\/#primaryimage\",\"url\":\"https:\\\/\\\/repliquemangacine.fr\\\/wp-content\\\/uploads\\\/2023\\\/10\\\/Haches-Assassincreed-Vahalla.png\",\"contentUrl\":\"https:\\\/\\\/repliquemangacine.fr\\\/wp-content\\\/uploads\\\/2023\\\/10\\\/Haches-Assassincreed-Vahalla.png\",\"width\":500,\"height\":500,\"caption\":\"Haches Assassin\u2019s Creed Valhalla viking\"},{\"@type\":\"BreadcrumbList\",\"@id\":\"https:\\\/\\\/repliquemangacine.fr\\\/armes-assassins-creed\\\/haches-assassins-creed-valhalla\\\/#breadcrumb\",\"itemListElement\":[{\"@type\":\"ListItem\",\"position\":1,\"name\":\"Accueil\",\"item\":\"https:\\\/\\\/repliquemangacine.fr\\\/\"},{\"@type\":\"ListItem\",\"position\":2,\"name\":\"Produits\",\"item\":\"https:\\\/\\\/repliquemangacine.fr\\\/boutique\\\/\"},{\"@type\":\"ListItem\",\"position\":3,\"name\":\"Haches Assassin&#8217;s Creed Valhalla\"}]},{\"@type\":\"WebSite\",\"@id\":\"https:\\\/\\\/repliquemangacine.fr\\\/#website\",\"url\":\"https:\\\/\\\/repliquemangacine.fr\\\/\",\"name\":\"R\u00e9plique Manga Cin\u00e9\",\"description\":\"\",\"publisher\":{\"@id\":\"https:\\\/\\\/repliquemangacine.fr\\\/#organization\"},\"potentialAction\":[{\"@type\":\"SearchAction\",\"target\":{\"@type\":\"EntryPoint\",\"urlTemplate\":\"https:\\\/\\\/repliquemangacine.fr\\\/?s={search_term_string}\"},\"query-input\":{\"@type\":\"PropertyValueSpecification\",\"valueRequired\":true,\"valueName\":\"search_term_string\"}}],\"inLanguage\":\"en-US\"},{\"@type\":\"Organization\",\"@id\":\"https:\\\/\\\/repliquemangacine.fr\\\/#organization\",\"name\":\"R\u00e9plique Manga Cin\u00e9\",\"url\":\"https:\\\/\\\/repliquemangacine.fr\\\/\",\"logo\":{\"@type\":\"ImageObject\",\"inLanguage\":\"en-US\",\"@id\":\"https:\\\/\\\/repliquemangacine.fr\\\/#\\\/schema\\\/logo\\\/image\\\/\",\"url\":\"https:\\\/\\\/repliquemangacine.fr\\\/wp-content\\\/uploads\\\/2023\\\/10\\\/RMC-500250.png\",\"contentUrl\":\"https:\\\/\\\/repliquemangacine.fr\\\/wp-content\\\/uploads\\\/2023\\\/10\\\/RMC-500250.png\",\"width\":500,\"height\":250,\"caption\":\"R\u00e9plique Manga Cin\u00e9\"},\"image\":{\"@id\":\"https:\\\/\\\/repliquemangacine.fr\\\/#\\\/schema\\\/logo\\\/image\\\/\"},\"sameAs\":[\"https:\\\/\\\/www.facebook.com\\\/RepliqueMangaCine\",\"https:\\\/\\\/www.instagram.com\\\/repliquemangacine.fr\\\/\"]}]}<\/script>\n<!-- \/ Yoast SEO plugin. -->","yoast_head_json":{"title":"Assassin's Creed Valhalla Axes - R\u00e9plique Manga Cin\u00e9","description":"Order now! The two Assassin's Creed Valhalla axes used by Eivor at the best price. Steel heads - Total length: 58 cm","robots":{"index":"index","follow":"follow","max-snippet":"max-snippet:-1","max-image-preview":"max-image-preview:large","max-video-preview":"max-video-preview:-1"},"canonical":"https:\/\/repliquemangacine.fr\/en\/weapons-assassins-creed\/axes-assassins-creed-valhalla\/","og_locale":"en_US","og_type":"article","og_title":"Haches Assassin's Creed Valhalla - R\u00e9plique Manga Cin\u00e9","og_description":"Commandez vite ! Les deux Haches Assassin's Creed Valhalla utilis\u00e9 par Eivor au meilleur prix. Les t\u00eates sont en acier - Longueur totale : 58 cm","og_url":"https:\/\/repliquemangacine.fr\/en\/weapons-assassins-creed\/axes-assassins-creed-valhalla\/","og_site_name":"R\u00e9plique Manga Cin\u00e9","article_publisher":"https:\/\/www.facebook.com\/RepliqueMangaCine","article_modified_time":"2025-09-23T16:02:49+00:00","og_image":[{"width":500,"height":500,"url":"https:\/\/repliquemangacine.fr\/wp-content\/uploads\/2023\/10\/Haches-Assassincreed-Vahalla.png","type":"image\/png"}],"twitter_card":"summary_large_image","twitter_misc":{"Est. reading time":"2 minutes"},"schema":{"@context":"https:\/\/schema.org","@graph":[{"@type":"WebPage","@id":"https:\/\/repliquemangacine.fr\/armes-assassins-creed\/haches-assassins-creed-valhalla\/","url":"https:\/\/repliquemangacine.fr\/armes-assassins-creed\/haches-assassins-creed-valhalla\/","name":"Assassin's Creed Valhalla Axes - R\u00e9plique Manga Cin\u00e9","isPartOf":{"@id":"https:\/\/repliquemangacine.fr\/#website"},"primaryImageOfPage":{"@id":"https:\/\/repliquemangacine.fr\/armes-assassins-creed\/haches-assassins-creed-valhalla\/#primaryimage"},"image":{"@id":"https:\/\/repliquemangacine.fr\/armes-assassins-creed\/haches-assassins-creed-valhalla\/#primaryimage"},"thumbnailUrl":"https:\/\/repliquemangacine.fr\/wp-content\/uploads\/2023\/10\/Haches-Assassincreed-Vahalla.png","datePublished":"2022-09-16T09:47:59+00:00","dateModified":"2025-09-23T16:02:49+00:00","description":"Order now! The two Assassin's Creed Valhalla axes used by Eivor at the best price. Steel heads - Total length: 58 cm","breadcrumb":{"@id":"https:\/\/repliquemangacine.fr\/armes-assassins-creed\/haches-assassins-creed-valhalla\/#breadcrumb"},"inLanguage":"en-US","potentialAction":[{"@type":"ReadAction","target":["https:\/\/repliquemangacine.fr\/armes-assassins-creed\/haches-assassins-creed-valhalla\/"]}]},{"@type":"ImageObject","inLanguage":"en-US","@id":"https:\/\/repliquemangacine.fr\/armes-assassins-creed\/haches-assassins-creed-valhalla\/#primaryimage","url":"https:\/\/repliquemangacine.fr\/wp-content\/uploads\/2023\/10\/Haches-Assassincreed-Vahalla.png","contentUrl":"https:\/\/repliquemangacine.fr\/wp-content\/uploads\/2023\/10\/Haches-Assassincreed-Vahalla.png","width":500,"height":500,"caption":"Haches Assassin\u2019s Creed Valhalla viking"},{"@type":"BreadcrumbList","@id":"https:\/\/repliquemangacine.fr\/armes-assassins-creed\/haches-assassins-creed-valhalla\/#breadcrumb","itemListElement":[{"@type":"ListItem","position":1,"name":"Accueil","item":"https:\/\/repliquemangacine.fr\/"},{"@type":"ListItem","position":2,"name":"Produits","item":"https:\/\/repliquemangacine.fr\/boutique\/"},{"@type":"ListItem","position":3,"name":"Haches Assassin&#8217;s Creed Valhalla"}]},{"@type":"WebSite","@id":"https:\/\/repliquemangacine.fr\/#website","url":"https:\/\/repliquemangacine.fr\/","name":"R\u00e9plique Manga Cin\u00e9","description":"","publisher":{"@id":"https:\/\/repliquemangacine.fr\/#organization"},"potentialAction":[{"@type":"SearchAction","target":{"@type":"EntryPoint","urlTemplate":"https:\/\/repliquemangacine.fr\/?s={search_term_string}"},"query-input":{"@type":"PropertyValueSpecification","valueRequired":true,"valueName":"search_term_string"}}],"inLanguage":"en-US"},{"@type":"Organization","@id":"https:\/\/repliquemangacine.fr\/#organization","name":"R\u00e9plique Manga Cin\u00e9","url":"https:\/\/repliquemangacine.fr\/","logo":{"@type":"ImageObject","inLanguage":"en-US","@id":"https:\/\/repliquemangacine.fr\/#\/schema\/logo\/image\/","url":"https:\/\/repliquemangacine.fr\/wp-content\/uploads\/2023\/10\/RMC-500250.png","contentUrl":"https:\/\/repliquemangacine.fr\/wp-content\/uploads\/2023\/10\/RMC-500250.png","width":500,"height":250,"caption":"R\u00e9plique Manga Cin\u00e9"},"image":{"@id":"https:\/\/repliquemangacine.fr\/#\/schema\/logo\/image\/"},"sameAs":["https:\/\/www.facebook.com\/RepliqueMangaCine","https:\/\/www.instagram.com\/repliquemangacine.fr\/"]}]}},"_links":{"self":[{"href":"https:\/\/repliquemangacine.fr\/en\/wp-json\/wp\/v2\/product\/53179","targetHints":{"allow":["GET"]}}],"collection":[{"href":"https:\/\/repliquemangacine.fr\/en\/wp-json\/wp\/v2\/product"}],"about":[{"href":"https:\/\/repliquemangacine.fr\/en\/wp-json\/wp\/v2\/types\/product"}],"wp:featuredmedia":[{"embeddable":true,"href":"https:\/\/repliquemangacine.fr\/en\/wp-json\/wp\/v2\/media\/53180"}],"wp:attachment":[{"href":"https:\/\/repliquemangacine.fr\/en\/wp-json\/wp\/v2\/media?parent=53179"}],"wp:term":[{"taxonomy":"product_brand","embeddable":true,"href":"https:\/\/repliquemangacine.fr\/en\/wp-json\/wp\/v2\/product_brand?post=53179"},{"taxonomy":"product_cat","embeddable":true,"href":"https:\/\/repliquemangacine.fr\/en\/wp-json\/wp\/v2\/product_cat?post=53179"},{"taxonomy":"product_tag","embeddable":true,"href":"https:\/\/repliquemangacine.fr\/en\/wp-json\/wp\/v2\/product_tag?post=53179"}],"curies":[{"name":"wp","href":"https:\/\/api.w.org\/{rel}","templated":true}]}}