





{"id":52994,"date":"2022-09-09T14:19:21","date_gmt":"2022-09-09T12:19:21","guid":{"rendered":"https:\/\/repliquemangacine.fr\/?post_type=product&#038;p=52994"},"modified":"2026-01-18T20:18:19","modified_gmt":"2026-01-18T19:18:19","slug":"rhaegal-egg-game-of-thrones","status":"publish","type":"product","link":"https:\/\/repliquemangacine.fr\/en\/collectors-et-goodies-game-of-thrones\/oeuf-de-rhaegal-game-of-thrones\/","title":{"rendered":"Rhaegal's egg - Game of Thrones"},"content":{"rendered":"<h2>Dragon Rhaegal's egg in Game of Thrones.<\/h2>\n<p>To begin with, the<strong>Rhaegal Dragon Egg<\/strong> is one of three dragons to have hatched on the vast Dothrak plains, between the arms of Daenerys Targaryen. The egg is distinguished by its green scales. Replica distributed by <a href=\"https:\/\/noblecollection.fr\/game-thrones-oeuf-rhaegal-p-4792.html\" target=\"_blank\" rel=\"noopener noreferrer\">The Noble Collection<\/a><\/p>\n<p>Daenerys Targaryen finds herself in possession of three dragon eggs, given to her at her wedding to Khal Drogon. The generous donor of these eggs, Illyrio Mopatis, is convinced that time has turned them to stone. But Daenerys is about to find out that this is not the case.<\/p>\n<p>To hatch a dragon egg, you need intense flames and a creature that will be burned alive - a life for a life. This is where the Targaryen motto \"Fire and Blood\" comes from.<\/p>\n<h2>Your Rhaegal Dragon Egg at the best price.<\/h2>\n<p>We've got all the lines from your favorite Game of Thrones characters, and coming soon: House of the Dragon lines.<\/p>\n<p>First and foremost,<\/p>\n<ul>\n<li>Visit <a href=\"https:\/\/repliquemangacine.fr\/en\/collectors-jewelry\/3d-targaryen-keyring-game-of-thrones\/\">Targaryens key ring<\/a> in steel finely decorated with dragons.<\/li>\n<li>There are also all the swords from Game of Thrones.<\/li>\n<li>And many more to discover in our online store!<\/li>\n<\/ul>\n<p>So here are some great gift ideas for fans of Game of Thrones and House of the Dragon.<\/p>\n<p>In conclusion, you can expand your collection with this <strong>Rhaegal Dragon Egg<\/strong>. But above all, they are collectors' items and decorative objects.<\/p>\n<h2>Our latest cheap Game of Thrones releases.<\/h2>\n<p>Our aim is to satisfy you, which is why we do everything we can to find the collectibles you're looking for. So don't hesitate to let us know what you think, so that we can continue the adventure together!<\/p>\n<p>First and foremost,<\/p>\n<ul>\n<li>The all-metal mini armor of the Lannister royal guard.<\/li>\n<li>As well as Daenerys HBO dragon eggs<\/li>\n<li>There are also Game of Thrones mugs.<\/li>\n<li>And many more to discover!<\/li>\n<\/ul>\n<p>Coming soon, we'll have the pleasure of offering you Funko pop figurines...<\/p>\n<p>R\u00e9plique Manga Cin\u00e9 is a French family business.<\/p>","protected":false},"excerpt":{"rendered":"<p>Superb replica of the Egg of Rhaegal from the Game of Thrones series.<\/p>\n<ul>\n<li>Product under official HBO \"Game of Thrones\" license<\/li>\n<li>Sculpture entirely in resin.<\/li>\n<li>Hand-painted and decorated.<\/li>\n<li>Supplied with presentation base.<\/li>\n<li>HBO collector's box.<\/li>\n<li>Dimension: 19.5 cm<\/li>\n<\/ul>\n<p>&nbsp;<\/p>","protected":false},"featured_media":52995,"template":"","meta":[],"product_brand":[896],"product_cat":[81,24,47,105],"product_tag":[],"class_list":{"0":"post-52994","1":"product","2":"type-product","3":"status-publish","4":"has-post-thumbnail","6":"product_brand-replique-manga-cine","7":"product_cat-collectors-et-goodies-game-of-thrones","8":"product_cat-films-series-tv-vente-de-katana-epee-et-produits-derives","9":"product_cat-game-of-thrones","10":"product_cat-house-of-the-dragon","12":"first","13":"instock","14":"taxable","15":"shipping-taxable","16":"purchasable","17":"product-type-simple"},"yoast_head":"<!-- This site is optimized with the Yoast SEO plugin v27.5 - https:\/\/yoast.com\/product\/yoast-seo-wordpress\/ -->\n<title>\u0152uf du Dragon Rhaegal - Game of Thrones - R\u00e9plique Manga Cin\u00e9<\/title>\n<meta name=\"description\" content=\"R\u00e9plique \u00e0 l&#039;identique de l&#039;\u0152uf du Dragon Rhaegal dans Game of Thrones. Fait en r\u00e9sine - Peint \u00e0 la main - Licence officielle The Noble Collection\" \/>\n<meta name=\"robots\" content=\"index, follow, max-snippet:-1, max-image-preview:large, max-video-preview:-1\" \/>\n<link rel=\"canonical\" href=\"https:\/\/repliquemangacine.fr\/en\/house-of-the-dragon\/rhaegal-egg-game-of-thrones\/\" \/>\n<meta property=\"og:locale\" content=\"en_US\" \/>\n<meta property=\"og:type\" content=\"article\" \/>\n<meta property=\"og:title\" content=\"\u0152uf du Dragon Rhaegal - Game of Thrones - R\u00e9plique Manga Cin\u00e9\" \/>\n<meta property=\"og:description\" content=\"R\u00e9plique \u00e0 l&#039;identique de l&#039;\u0152uf du Dragon Rhaegal dans Game of Thrones. Fait en r\u00e9sine - Peint \u00e0 la main - Licence officielle The Noble Collection\" \/>\n<meta property=\"og:url\" content=\"https:\/\/repliquemangacine.fr\/en\/house-of-the-dragon\/rhaegal-egg-game-of-thrones\/\" \/>\n<meta property=\"og:site_name\" content=\"R\u00e9plique Manga Cin\u00e9\" \/>\n<meta property=\"article:publisher\" content=\"https:\/\/www.facebook.com\/RepliqueMangaCine\" \/>\n<meta property=\"article:modified_time\" content=\"2026-01-18T19:18:19+00:00\" \/>\n<meta property=\"og:image\" content=\"https:\/\/repliquemangacine.fr\/wp-content\/uploads\/2023\/10\/oeuf-rhaegal.jpg\" \/>\n\t<meta property=\"og:image:width\" content=\"500\" \/>\n\t<meta property=\"og:image:height\" content=\"500\" \/>\n\t<meta property=\"og:image:type\" content=\"image\/jpeg\" \/>\n<meta name=\"twitter:card\" content=\"summary_large_image\" \/>\n<meta name=\"twitter:label1\" content=\"Est. reading time\" \/>\n\t<meta name=\"twitter:data1\" content=\"2 minutes\" \/>\n<script type=\"application\/ld+json\" class=\"yoast-schema-graph\">{\"@context\":\"https:\\\/\\\/schema.org\",\"@graph\":[{\"@type\":\"WebPage\",\"@id\":\"https:\\\/\\\/repliquemangacine.fr\\\/house-of-the-dragon\\\/oeuf-de-rhaegal-game-of-thrones\\\/\",\"url\":\"https:\\\/\\\/repliquemangacine.fr\\\/house-of-the-dragon\\\/oeuf-de-rhaegal-game-of-thrones\\\/\",\"name\":\"\u0152uf du Dragon Rhaegal - Game of Thrones - R\u00e9plique Manga Cin\u00e9\",\"isPartOf\":{\"@id\":\"https:\\\/\\\/repliquemangacine.fr\\\/#website\"},\"primaryImageOfPage\":{\"@id\":\"https:\\\/\\\/repliquemangacine.fr\\\/house-of-the-dragon\\\/oeuf-de-rhaegal-game-of-thrones\\\/#primaryimage\"},\"image\":{\"@id\":\"https:\\\/\\\/repliquemangacine.fr\\\/house-of-the-dragon\\\/oeuf-de-rhaegal-game-of-thrones\\\/#primaryimage\"},\"thumbnailUrl\":\"https:\\\/\\\/repliquemangacine.fr\\\/wp-content\\\/uploads\\\/2023\\\/10\\\/oeuf-rhaegal.jpg\",\"datePublished\":\"2022-09-09T12:19:21+00:00\",\"dateModified\":\"2026-01-18T19:18:19+00:00\",\"description\":\"R\u00e9plique \u00e0 l'identique de l'\u0152uf du Dragon Rhaegal dans Game of Thrones. Fait en r\u00e9sine - Peint \u00e0 la main - Licence officielle The Noble Collection\",\"breadcrumb\":{\"@id\":\"https:\\\/\\\/repliquemangacine.fr\\\/house-of-the-dragon\\\/oeuf-de-rhaegal-game-of-thrones\\\/#breadcrumb\"},\"inLanguage\":\"en-US\",\"potentialAction\":[{\"@type\":\"ReadAction\",\"target\":[\"https:\\\/\\\/repliquemangacine.fr\\\/house-of-the-dragon\\\/oeuf-de-rhaegal-game-of-thrones\\\/\"]}]},{\"@type\":\"ImageObject\",\"inLanguage\":\"en-US\",\"@id\":\"https:\\\/\\\/repliquemangacine.fr\\\/house-of-the-dragon\\\/oeuf-de-rhaegal-game-of-thrones\\\/#primaryimage\",\"url\":\"https:\\\/\\\/repliquemangacine.fr\\\/wp-content\\\/uploads\\\/2023\\\/10\\\/oeuf-rhaegal.jpg\",\"contentUrl\":\"https:\\\/\\\/repliquemangacine.fr\\\/wp-content\\\/uploads\\\/2023\\\/10\\\/oeuf-rhaegal.jpg\",\"width\":500,\"height\":500,\"caption\":\"Oeuf Rhaegal Game of Thrones\"},{\"@type\":\"BreadcrumbList\",\"@id\":\"https:\\\/\\\/repliquemangacine.fr\\\/house-of-the-dragon\\\/oeuf-de-rhaegal-game-of-thrones\\\/#breadcrumb\",\"itemListElement\":[{\"@type\":\"ListItem\",\"position\":1,\"name\":\"Accueil\",\"item\":\"https:\\\/\\\/repliquemangacine.fr\\\/\"},{\"@type\":\"ListItem\",\"position\":2,\"name\":\"Produits\",\"item\":\"https:\\\/\\\/repliquemangacine.fr\\\/boutique\\\/\"},{\"@type\":\"ListItem\",\"position\":3,\"name\":\"Oeuf de Rhaegal &#8211; Game of Thrones\"}]},{\"@type\":\"WebSite\",\"@id\":\"https:\\\/\\\/repliquemangacine.fr\\\/#website\",\"url\":\"https:\\\/\\\/repliquemangacine.fr\\\/\",\"name\":\"R\u00e9plique Manga Cin\u00e9\",\"description\":\"\",\"publisher\":{\"@id\":\"https:\\\/\\\/repliquemangacine.fr\\\/#organization\"},\"potentialAction\":[{\"@type\":\"SearchAction\",\"target\":{\"@type\":\"EntryPoint\",\"urlTemplate\":\"https:\\\/\\\/repliquemangacine.fr\\\/?s={search_term_string}\"},\"query-input\":{\"@type\":\"PropertyValueSpecification\",\"valueRequired\":true,\"valueName\":\"search_term_string\"}}],\"inLanguage\":\"en-US\"},{\"@type\":\"Organization\",\"@id\":\"https:\\\/\\\/repliquemangacine.fr\\\/#organization\",\"name\":\"R\u00e9plique Manga Cin\u00e9\",\"url\":\"https:\\\/\\\/repliquemangacine.fr\\\/\",\"logo\":{\"@type\":\"ImageObject\",\"inLanguage\":\"en-US\",\"@id\":\"https:\\\/\\\/repliquemangacine.fr\\\/#\\\/schema\\\/logo\\\/image\\\/\",\"url\":\"https:\\\/\\\/repliquemangacine.fr\\\/wp-content\\\/uploads\\\/2023\\\/10\\\/RMC-500250.png\",\"contentUrl\":\"https:\\\/\\\/repliquemangacine.fr\\\/wp-content\\\/uploads\\\/2023\\\/10\\\/RMC-500250.png\",\"width\":500,\"height\":250,\"caption\":\"R\u00e9plique Manga Cin\u00e9\"},\"image\":{\"@id\":\"https:\\\/\\\/repliquemangacine.fr\\\/#\\\/schema\\\/logo\\\/image\\\/\"},\"sameAs\":[\"https:\\\/\\\/www.facebook.com\\\/RepliqueMangaCine\",\"https:\\\/\\\/www.instagram.com\\\/repliquemangacine.fr\\\/\"]}]}<\/script>\n<!-- \/ Yoast SEO plugin. -->","yoast_head_json":{"title":"Rhaegal Dragon Egg - Game of Thrones - R\u00e9plique Manga Cin\u00e9","description":"Exact replica of the Rhaegal Dragon Egg from Game of Thrones. Made of resin - Hand-painted - Official license The Noble Collection","robots":{"index":"index","follow":"follow","max-snippet":"max-snippet:-1","max-image-preview":"max-image-preview:large","max-video-preview":"max-video-preview:-1"},"canonical":"https:\/\/repliquemangacine.fr\/en\/house-of-the-dragon\/rhaegal-egg-game-of-thrones\/","og_locale":"en_US","og_type":"article","og_title":"\u0152uf du Dragon Rhaegal - Game of Thrones - R\u00e9plique Manga Cin\u00e9","og_description":"R\u00e9plique \u00e0 l'identique de l'\u0152uf du Dragon Rhaegal dans Game of Thrones. Fait en r\u00e9sine - Peint \u00e0 la main - Licence officielle The Noble Collection","og_url":"https:\/\/repliquemangacine.fr\/en\/house-of-the-dragon\/rhaegal-egg-game-of-thrones\/","og_site_name":"R\u00e9plique Manga Cin\u00e9","article_publisher":"https:\/\/www.facebook.com\/RepliqueMangaCine","article_modified_time":"2026-01-18T19:18:19+00:00","og_image":[{"width":500,"height":500,"url":"https:\/\/repliquemangacine.fr\/wp-content\/uploads\/2023\/10\/oeuf-rhaegal.jpg","type":"image\/jpeg"}],"twitter_card":"summary_large_image","twitter_misc":{"Est. reading time":"2 minutes"},"schema":{"@context":"https:\/\/schema.org","@graph":[{"@type":"WebPage","@id":"https:\/\/repliquemangacine.fr\/house-of-the-dragon\/oeuf-de-rhaegal-game-of-thrones\/","url":"https:\/\/repliquemangacine.fr\/house-of-the-dragon\/oeuf-de-rhaegal-game-of-thrones\/","name":"Rhaegal Dragon Egg - Game of Thrones - R\u00e9plique Manga Cin\u00e9","isPartOf":{"@id":"https:\/\/repliquemangacine.fr\/#website"},"primaryImageOfPage":{"@id":"https:\/\/repliquemangacine.fr\/house-of-the-dragon\/oeuf-de-rhaegal-game-of-thrones\/#primaryimage"},"image":{"@id":"https:\/\/repliquemangacine.fr\/house-of-the-dragon\/oeuf-de-rhaegal-game-of-thrones\/#primaryimage"},"thumbnailUrl":"https:\/\/repliquemangacine.fr\/wp-content\/uploads\/2023\/10\/oeuf-rhaegal.jpg","datePublished":"2022-09-09T12:19:21+00:00","dateModified":"2026-01-18T19:18:19+00:00","description":"Exact replica of the Rhaegal Dragon Egg from Game of Thrones. Made of resin - Hand-painted - Official license The Noble Collection","breadcrumb":{"@id":"https:\/\/repliquemangacine.fr\/house-of-the-dragon\/oeuf-de-rhaegal-game-of-thrones\/#breadcrumb"},"inLanguage":"en-US","potentialAction":[{"@type":"ReadAction","target":["https:\/\/repliquemangacine.fr\/house-of-the-dragon\/oeuf-de-rhaegal-game-of-thrones\/"]}]},{"@type":"ImageObject","inLanguage":"en-US","@id":"https:\/\/repliquemangacine.fr\/house-of-the-dragon\/oeuf-de-rhaegal-game-of-thrones\/#primaryimage","url":"https:\/\/repliquemangacine.fr\/wp-content\/uploads\/2023\/10\/oeuf-rhaegal.jpg","contentUrl":"https:\/\/repliquemangacine.fr\/wp-content\/uploads\/2023\/10\/oeuf-rhaegal.jpg","width":500,"height":500,"caption":"Oeuf Rhaegal Game of Thrones"},{"@type":"BreadcrumbList","@id":"https:\/\/repliquemangacine.fr\/house-of-the-dragon\/oeuf-de-rhaegal-game-of-thrones\/#breadcrumb","itemListElement":[{"@type":"ListItem","position":1,"name":"Accueil","item":"https:\/\/repliquemangacine.fr\/"},{"@type":"ListItem","position":2,"name":"Produits","item":"https:\/\/repliquemangacine.fr\/boutique\/"},{"@type":"ListItem","position":3,"name":"Oeuf de Rhaegal &#8211; Game of Thrones"}]},{"@type":"WebSite","@id":"https:\/\/repliquemangacine.fr\/#website","url":"https:\/\/repliquemangacine.fr\/","name":"R\u00e9plique Manga Cin\u00e9","description":"","publisher":{"@id":"https:\/\/repliquemangacine.fr\/#organization"},"potentialAction":[{"@type":"SearchAction","target":{"@type":"EntryPoint","urlTemplate":"https:\/\/repliquemangacine.fr\/?s={search_term_string}"},"query-input":{"@type":"PropertyValueSpecification","valueRequired":true,"valueName":"search_term_string"}}],"inLanguage":"en-US"},{"@type":"Organization","@id":"https:\/\/repliquemangacine.fr\/#organization","name":"R\u00e9plique Manga Cin\u00e9","url":"https:\/\/repliquemangacine.fr\/","logo":{"@type":"ImageObject","inLanguage":"en-US","@id":"https:\/\/repliquemangacine.fr\/#\/schema\/logo\/image\/","url":"https:\/\/repliquemangacine.fr\/wp-content\/uploads\/2023\/10\/RMC-500250.png","contentUrl":"https:\/\/repliquemangacine.fr\/wp-content\/uploads\/2023\/10\/RMC-500250.png","width":500,"height":250,"caption":"R\u00e9plique Manga Cin\u00e9"},"image":{"@id":"https:\/\/repliquemangacine.fr\/#\/schema\/logo\/image\/"},"sameAs":["https:\/\/www.facebook.com\/RepliqueMangaCine","https:\/\/www.instagram.com\/repliquemangacine.fr\/"]}]}},"_links":{"self":[{"href":"https:\/\/repliquemangacine.fr\/en\/wp-json\/wp\/v2\/product\/52994","targetHints":{"allow":["GET"]}}],"collection":[{"href":"https:\/\/repliquemangacine.fr\/en\/wp-json\/wp\/v2\/product"}],"about":[{"href":"https:\/\/repliquemangacine.fr\/en\/wp-json\/wp\/v2\/types\/product"}],"wp:featuredmedia":[{"embeddable":true,"href":"https:\/\/repliquemangacine.fr\/en\/wp-json\/wp\/v2\/media\/52995"}],"wp:attachment":[{"href":"https:\/\/repliquemangacine.fr\/en\/wp-json\/wp\/v2\/media?parent=52994"}],"wp:term":[{"taxonomy":"product_brand","embeddable":true,"href":"https:\/\/repliquemangacine.fr\/en\/wp-json\/wp\/v2\/product_brand?post=52994"},{"taxonomy":"product_cat","embeddable":true,"href":"https:\/\/repliquemangacine.fr\/en\/wp-json\/wp\/v2\/product_cat?post=52994"},{"taxonomy":"product_tag","embeddable":true,"href":"https:\/\/repliquemangacine.fr\/en\/wp-json\/wp\/v2\/product_tag?post=52994"}],"curies":[{"name":"wp","href":"https:\/\/api.w.org\/{rel}","templated":true}]}}