





{"id":52565,"date":"2022-08-18T17:59:32","date_gmt":"2022-08-18T15:59:32","guid":{"rendered":"https:\/\/repliquemangacine.fr\/?post_type=product&#038;p=52565"},"modified":"2026-02-05T03:11:11","modified_gmt":"2026-02-05T02:11:11","slug":"katana-forge-beatrix-kill-bill","status":"publish","type":"product","link":"https:\/\/repliquemangacine.fr\/en\/katana-kill-bill\/katana-forge-beatrix-kill-bill\/","title":{"rendered":"Katana Forg\u00e9 B\u00e9atrix"},"content":{"rendered":"<h2>Forged Katana Replica Beatrix Kill Bill<\/h2>\n<p>To begin with, the <strong>Katana Forg\u00e9 B\u00e9atrix Kill Bill<\/strong>also known as the <strong>bride's katana<\/strong>forged by the Master <a href=\"https:\/\/www.nautiljon.com\/people\/hattori+hanzo.html\" target=\"_blank\" rel=\"noopener noreferrer\">Hattori Hanzo<\/a>.<\/p>\n<p>After being in a coma for four years, Beatrix Kiddo is thirsty for revenge against the man and his team of assassins, and will stop at nothing to kill Bill.<\/p>\n<p>After forcing her body to recover from its comatose state. Beatrix books a one-way ticket to Okinawa, to find the legendary blacksmith Hattori Hanz\u014d, who made Bill's sword.<\/p>\n<p>She reveals that she needs a katana to get rid of some \"vermin\". Although he has sworn never to make another sword, Hattori agrees to make one for her.<\/p>\n<h2>Your Forged Katana Beatrix Kill Bill at the best price.<\/h2>\n<p>We bring you all the lines used in Quentin Tarentino's Kill Bill films.<\/p>\n<p>First and foremost,<\/p>\n<ul>\n<li>Visit <a href=\"https:\/\/repliquemangacine.fr\/en\/kill-bill\/katana-kill-bill-beatrix\/\">bride's katana<\/a> in non-cutting version.<\/li>\n<li>There is also the <a href=\"https:\/\/repliquemangacine.fr\/en\/kill-bill\/bills-katana\/\">Bill's katana<\/a> in a non-sharp version, but also available in a sharp version.<\/li>\n<li>As well as the <a href=\"https:\/\/repliquemangacine.fr\/en\/katana-kill-bill\/bud-katana\/\">Bud's katana<\/a>Bill's brother<\/li>\n<li>And many more to discover in our online store!<\/li>\n<\/ul>\n<p>That's why this is a great gift idea for all Kill Bill movie fans.<\/p>\n<p>In conclusion, you can also use this <strong>Katana Forg\u00e9 B\u00e9atrix Kill Bill<\/strong> for your cosplay parades or theme parties. But above all, the bride's katana is also a decorative collector's item.<\/p>\n<h2>How to care for the blade of your Hattori Hanzo katana?<\/h2>\n<p>Collector's and decorative katanas are made and assembled in a simplified way. As their use is decorative, they lack the safety features required of a Japanese saber intended for training.<\/p>\n<p>However, your <strong>katana Forged Beatrix Kill Bill<\/strong> to a steel blade that needs to be cared for to avoid damage over time. In fact, when you display your katana, your friends will be curious to see and touch the blade. This is where you need to be careful, as the acidity of your fingers is very harmful to steel, whatever its quality.<\/p>\n<p>However, if this does happen, don't panic - all you need is a cloth dampened with a little oil and a wipe of fingerprints. By doing so, you'll keep your sword looking its best for a very long time.<\/p>","protected":false},"excerpt":{"rendered":"<p>Replica of the bride's katana in Kill Bill by Fudoshin.<\/p>\n<ul>\n<li>1045 steel blade, sharpened and engraved.<\/li>\n<li>Metal guard.<\/li>\n<li>Handle covered with black leather braid.<\/li>\n<li>Black lacquered wooden scabbard with engraving.<\/li>\n<li>Gold edging on the side of the scabbard.<\/li>\n<li>Protective cover.<\/li>\n<li>Fudoshin certificate of authenticity.<\/li>\n<li>Hattori Hanzo signature label.<\/li>\n<li>Blade length: 69 cm - Overall length: 102 cm - Weight 1270 Grs<\/li>\n<\/ul>","protected":false},"featured_media":52566,"template":"","meta":[],"product_brand":[896],"product_cat":[66,24,26,38,71],"product_tag":[],"class_list":{"0":"post-52565","1":"product","2":"type-product","3":"status-publish","4":"has-post-thumbnail","6":"product_brand-replique-manga-cine","7":"product_cat-repliques-d-armes-films-et-series","8":"product_cat-films-series-tv-vente-de-katana-epee-et-produits-derives","9":"product_cat-katana-epee","10":"product_cat-katana-forge","11":"product_cat-katana-kill-bill","13":"first","14":"instock","15":"taxable","16":"shipping-taxable","17":"purchasable","18":"product-type-simple"},"yoast_head":"<!-- This site is optimized with the Yoast SEO plugin v27.5 - https:\/\/yoast.com\/product\/yoast-seo-wordpress\/ -->\n<title>Katana Forg\u00e9 B\u00e9atrix - Katana Kill Bill - R\u00e9plique Manga Cin\u00e9<\/title>\n<meta name=\"description\" content=\"Offrez-lui le Katana Forg\u00e9 B\u00e9atrix dans Kill Bill au meilleur prix - Lame Maru tranchante - Gravures Id\u00e9ogramme - Fourreau laqu\u00e9 - Longueur : 102 cm\" \/>\n<meta name=\"robots\" content=\"index, follow, max-snippet:-1, max-image-preview:large, max-video-preview:-1\" \/>\n<link rel=\"canonical\" href=\"https:\/\/repliquemangacine.fr\/en\/katana-kill-bill\/katana-forge-beatrix-kill-bill\/\" \/>\n<meta property=\"og:locale\" content=\"en_US\" \/>\n<meta property=\"og:type\" content=\"article\" \/>\n<meta property=\"og:title\" content=\"Katana Forg\u00e9 B\u00e9atrix - Katana Kill Bill - R\u00e9plique Manga Cin\u00e9\" \/>\n<meta property=\"og:description\" content=\"Offrez-lui le Katana Forg\u00e9 B\u00e9atrix dans Kill Bill au meilleur prix - Lame Maru tranchante - Gravures Id\u00e9ogramme - Fourreau laqu\u00e9 - Longueur : 102 cm\" \/>\n<meta property=\"og:url\" content=\"https:\/\/repliquemangacine.fr\/en\/katana-kill-bill\/katana-forge-beatrix-kill-bill\/\" \/>\n<meta property=\"og:site_name\" content=\"R\u00e9plique Manga Cin\u00e9\" \/>\n<meta property=\"article:publisher\" content=\"https:\/\/www.facebook.com\/RepliqueMangaCine\" \/>\n<meta property=\"article:modified_time\" content=\"2026-02-05T02:11:11+00:00\" \/>\n<meta property=\"og:image\" content=\"https:\/\/repliquemangacine.fr\/wp-content\/uploads\/2023\/10\/k320.png\" \/>\n\t<meta property=\"og:image:width\" content=\"800\" \/>\n\t<meta property=\"og:image:height\" content=\"800\" \/>\n\t<meta property=\"og:image:type\" content=\"image\/png\" \/>\n<meta name=\"twitter:card\" content=\"summary_large_image\" \/>\n<meta name=\"twitter:label1\" content=\"Est. reading time\" \/>\n\t<meta name=\"twitter:data1\" content=\"2 minutes\" \/>\n<script type=\"application\/ld+json\" class=\"yoast-schema-graph\">{\"@context\":\"https:\\\/\\\/schema.org\",\"@graph\":[{\"@type\":\"WebPage\",\"@id\":\"https:\\\/\\\/repliquemangacine.fr\\\/katana-kill-bill\\\/katana-forge-beatrix-kill-bill\\\/\",\"url\":\"https:\\\/\\\/repliquemangacine.fr\\\/katana-kill-bill\\\/katana-forge-beatrix-kill-bill\\\/\",\"name\":\"Katana Forg\u00e9 B\u00e9atrix - Katana Kill Bill - R\u00e9plique Manga Cin\u00e9\",\"isPartOf\":{\"@id\":\"https:\\\/\\\/repliquemangacine.fr\\\/#website\"},\"primaryImageOfPage\":{\"@id\":\"https:\\\/\\\/repliquemangacine.fr\\\/katana-kill-bill\\\/katana-forge-beatrix-kill-bill\\\/#primaryimage\"},\"image\":{\"@id\":\"https:\\\/\\\/repliquemangacine.fr\\\/katana-kill-bill\\\/katana-forge-beatrix-kill-bill\\\/#primaryimage\"},\"thumbnailUrl\":\"https:\\\/\\\/repliquemangacine.fr\\\/wp-content\\\/uploads\\\/2023\\\/10\\\/k320.png\",\"datePublished\":\"2022-08-18T15:59:32+00:00\",\"dateModified\":\"2026-02-05T02:11:11+00:00\",\"description\":\"Offrez-lui le Katana Forg\u00e9 B\u00e9atrix dans Kill Bill au meilleur prix - Lame Maru tranchante - Gravures Id\u00e9ogramme - Fourreau laqu\u00e9 - Longueur : 102 cm\",\"breadcrumb\":{\"@id\":\"https:\\\/\\\/repliquemangacine.fr\\\/katana-kill-bill\\\/katana-forge-beatrix-kill-bill\\\/#breadcrumb\"},\"inLanguage\":\"en-US\",\"potentialAction\":[{\"@type\":\"ReadAction\",\"target\":[\"https:\\\/\\\/repliquemangacine.fr\\\/katana-kill-bill\\\/katana-forge-beatrix-kill-bill\\\/\"]}]},{\"@type\":\"ImageObject\",\"inLanguage\":\"en-US\",\"@id\":\"https:\\\/\\\/repliquemangacine.fr\\\/katana-kill-bill\\\/katana-forge-beatrix-kill-bill\\\/#primaryimage\",\"url\":\"https:\\\/\\\/repliquemangacine.fr\\\/wp-content\\\/uploads\\\/2023\\\/10\\\/k320.png\",\"contentUrl\":\"https:\\\/\\\/repliquemangacine.fr\\\/wp-content\\\/uploads\\\/2023\\\/10\\\/k320.png\",\"width\":800,\"height\":800,\"caption\":\"Katana Forg\u00e9 B\u00e9atrix kill bill\"},{\"@type\":\"BreadcrumbList\",\"@id\":\"https:\\\/\\\/repliquemangacine.fr\\\/katana-kill-bill\\\/katana-forge-beatrix-kill-bill\\\/#breadcrumb\",\"itemListElement\":[{\"@type\":\"ListItem\",\"position\":1,\"name\":\"Accueil\",\"item\":\"https:\\\/\\\/repliquemangacine.fr\\\/\"},{\"@type\":\"ListItem\",\"position\":2,\"name\":\"Produits\",\"item\":\"https:\\\/\\\/repliquemangacine.fr\\\/boutique\\\/\"},{\"@type\":\"ListItem\",\"position\":3,\"name\":\"Katana Forg\u00e9 B\u00e9atrix\"}]},{\"@type\":\"WebSite\",\"@id\":\"https:\\\/\\\/repliquemangacine.fr\\\/#website\",\"url\":\"https:\\\/\\\/repliquemangacine.fr\\\/\",\"name\":\"R\u00e9plique Manga Cin\u00e9\",\"description\":\"\",\"publisher\":{\"@id\":\"https:\\\/\\\/repliquemangacine.fr\\\/#organization\"},\"potentialAction\":[{\"@type\":\"SearchAction\",\"target\":{\"@type\":\"EntryPoint\",\"urlTemplate\":\"https:\\\/\\\/repliquemangacine.fr\\\/?s={search_term_string}\"},\"query-input\":{\"@type\":\"PropertyValueSpecification\",\"valueRequired\":true,\"valueName\":\"search_term_string\"}}],\"inLanguage\":\"en-US\"},{\"@type\":\"Organization\",\"@id\":\"https:\\\/\\\/repliquemangacine.fr\\\/#organization\",\"name\":\"R\u00e9plique Manga Cin\u00e9\",\"url\":\"https:\\\/\\\/repliquemangacine.fr\\\/\",\"logo\":{\"@type\":\"ImageObject\",\"inLanguage\":\"en-US\",\"@id\":\"https:\\\/\\\/repliquemangacine.fr\\\/#\\\/schema\\\/logo\\\/image\\\/\",\"url\":\"https:\\\/\\\/repliquemangacine.fr\\\/wp-content\\\/uploads\\\/2023\\\/10\\\/RMC-500250.png\",\"contentUrl\":\"https:\\\/\\\/repliquemangacine.fr\\\/wp-content\\\/uploads\\\/2023\\\/10\\\/RMC-500250.png\",\"width\":500,\"height\":250,\"caption\":\"R\u00e9plique Manga Cin\u00e9\"},\"image\":{\"@id\":\"https:\\\/\\\/repliquemangacine.fr\\\/#\\\/schema\\\/logo\\\/image\\\/\"},\"sameAs\":[\"https:\\\/\\\/www.facebook.com\\\/RepliqueMangaCine\",\"https:\\\/\\\/www.instagram.com\\\/repliquemangacine.fr\\\/\"]}]}<\/script>\n<!-- \/ Yoast SEO plugin. -->","yoast_head_json":{"title":"Katana Forg\u00e9 B\u00e9atrix - Katana Kill Bill - R\u00e9plique Manga Cin\u00e9","description":"Offer him the Katana Forg\u00e9 B\u00e9atrix in Kill Bill at the best price - Sharp Maru blade - Ideogram engravings - Lacquered scabbard - Length: 102 cm","robots":{"index":"index","follow":"follow","max-snippet":"max-snippet:-1","max-image-preview":"max-image-preview:large","max-video-preview":"max-video-preview:-1"},"canonical":"https:\/\/repliquemangacine.fr\/en\/katana-kill-bill\/katana-forge-beatrix-kill-bill\/","og_locale":"en_US","og_type":"article","og_title":"Katana Forg\u00e9 B\u00e9atrix - Katana Kill Bill - R\u00e9plique Manga Cin\u00e9","og_description":"Offrez-lui le Katana Forg\u00e9 B\u00e9atrix dans Kill Bill au meilleur prix - Lame Maru tranchante - Gravures Id\u00e9ogramme - Fourreau laqu\u00e9 - Longueur : 102 cm","og_url":"https:\/\/repliquemangacine.fr\/en\/katana-kill-bill\/katana-forge-beatrix-kill-bill\/","og_site_name":"R\u00e9plique Manga Cin\u00e9","article_publisher":"https:\/\/www.facebook.com\/RepliqueMangaCine","article_modified_time":"2026-02-05T02:11:11+00:00","og_image":[{"width":800,"height":800,"url":"https:\/\/repliquemangacine.fr\/wp-content\/uploads\/2023\/10\/k320.png","type":"image\/png"}],"twitter_card":"summary_large_image","twitter_misc":{"Est. reading time":"2 minutes"},"schema":{"@context":"https:\/\/schema.org","@graph":[{"@type":"WebPage","@id":"https:\/\/repliquemangacine.fr\/katana-kill-bill\/katana-forge-beatrix-kill-bill\/","url":"https:\/\/repliquemangacine.fr\/katana-kill-bill\/katana-forge-beatrix-kill-bill\/","name":"Katana Forg\u00e9 B\u00e9atrix - Katana Kill Bill - R\u00e9plique Manga Cin\u00e9","isPartOf":{"@id":"https:\/\/repliquemangacine.fr\/#website"},"primaryImageOfPage":{"@id":"https:\/\/repliquemangacine.fr\/katana-kill-bill\/katana-forge-beatrix-kill-bill\/#primaryimage"},"image":{"@id":"https:\/\/repliquemangacine.fr\/katana-kill-bill\/katana-forge-beatrix-kill-bill\/#primaryimage"},"thumbnailUrl":"https:\/\/repliquemangacine.fr\/wp-content\/uploads\/2023\/10\/k320.png","datePublished":"2022-08-18T15:59:32+00:00","dateModified":"2026-02-05T02:11:11+00:00","description":"Offer him the Katana Forg\u00e9 B\u00e9atrix in Kill Bill at the best price - Sharp Maru blade - Ideogram engravings - Lacquered scabbard - Length: 102 cm","breadcrumb":{"@id":"https:\/\/repliquemangacine.fr\/katana-kill-bill\/katana-forge-beatrix-kill-bill\/#breadcrumb"},"inLanguage":"en-US","potentialAction":[{"@type":"ReadAction","target":["https:\/\/repliquemangacine.fr\/katana-kill-bill\/katana-forge-beatrix-kill-bill\/"]}]},{"@type":"ImageObject","inLanguage":"en-US","@id":"https:\/\/repliquemangacine.fr\/katana-kill-bill\/katana-forge-beatrix-kill-bill\/#primaryimage","url":"https:\/\/repliquemangacine.fr\/wp-content\/uploads\/2023\/10\/k320.png","contentUrl":"https:\/\/repliquemangacine.fr\/wp-content\/uploads\/2023\/10\/k320.png","width":800,"height":800,"caption":"Katana Forg\u00e9 B\u00e9atrix kill bill"},{"@type":"BreadcrumbList","@id":"https:\/\/repliquemangacine.fr\/katana-kill-bill\/katana-forge-beatrix-kill-bill\/#breadcrumb","itemListElement":[{"@type":"ListItem","position":1,"name":"Accueil","item":"https:\/\/repliquemangacine.fr\/"},{"@type":"ListItem","position":2,"name":"Produits","item":"https:\/\/repliquemangacine.fr\/boutique\/"},{"@type":"ListItem","position":3,"name":"Katana Forg\u00e9 B\u00e9atrix"}]},{"@type":"WebSite","@id":"https:\/\/repliquemangacine.fr\/#website","url":"https:\/\/repliquemangacine.fr\/","name":"R\u00e9plique Manga Cin\u00e9","description":"","publisher":{"@id":"https:\/\/repliquemangacine.fr\/#organization"},"potentialAction":[{"@type":"SearchAction","target":{"@type":"EntryPoint","urlTemplate":"https:\/\/repliquemangacine.fr\/?s={search_term_string}"},"query-input":{"@type":"PropertyValueSpecification","valueRequired":true,"valueName":"search_term_string"}}],"inLanguage":"en-US"},{"@type":"Organization","@id":"https:\/\/repliquemangacine.fr\/#organization","name":"R\u00e9plique Manga Cin\u00e9","url":"https:\/\/repliquemangacine.fr\/","logo":{"@type":"ImageObject","inLanguage":"en-US","@id":"https:\/\/repliquemangacine.fr\/#\/schema\/logo\/image\/","url":"https:\/\/repliquemangacine.fr\/wp-content\/uploads\/2023\/10\/RMC-500250.png","contentUrl":"https:\/\/repliquemangacine.fr\/wp-content\/uploads\/2023\/10\/RMC-500250.png","width":500,"height":250,"caption":"R\u00e9plique Manga Cin\u00e9"},"image":{"@id":"https:\/\/repliquemangacine.fr\/#\/schema\/logo\/image\/"},"sameAs":["https:\/\/www.facebook.com\/RepliqueMangaCine","https:\/\/www.instagram.com\/repliquemangacine.fr\/"]}]}},"_links":{"self":[{"href":"https:\/\/repliquemangacine.fr\/en\/wp-json\/wp\/v2\/product\/52565","targetHints":{"allow":["GET"]}}],"collection":[{"href":"https:\/\/repliquemangacine.fr\/en\/wp-json\/wp\/v2\/product"}],"about":[{"href":"https:\/\/repliquemangacine.fr\/en\/wp-json\/wp\/v2\/types\/product"}],"wp:featuredmedia":[{"embeddable":true,"href":"https:\/\/repliquemangacine.fr\/en\/wp-json\/wp\/v2\/media\/52566"}],"wp:attachment":[{"href":"https:\/\/repliquemangacine.fr\/en\/wp-json\/wp\/v2\/media?parent=52565"}],"wp:term":[{"taxonomy":"product_brand","embeddable":true,"href":"https:\/\/repliquemangacine.fr\/en\/wp-json\/wp\/v2\/product_brand?post=52565"},{"taxonomy":"product_cat","embeddable":true,"href":"https:\/\/repliquemangacine.fr\/en\/wp-json\/wp\/v2\/product_cat?post=52565"},{"taxonomy":"product_tag","embeddable":true,"href":"https:\/\/repliquemangacine.fr\/en\/wp-json\/wp\/v2\/product_tag?post=52565"}],"curies":[{"name":"wp","href":"https:\/\/api.w.org\/{rel}","templated":true}]}}