





{"id":52461,"date":"2022-08-15T18:27:18","date_gmt":"2022-08-15T16:27:18","guid":{"rendered":"https:\/\/repliquemangacine.fr\/?post_type=product&#038;p=52461"},"modified":"2026-01-24T23:06:32","modified_gmt":"2026-01-24T22:06:32","slug":"kunai-despace-temps-minato","status":"publish","type":"product","link":"https:\/\/repliquemangacine.fr\/en\/kunai-et-shuriken-naruto\/kunai-despace-temps-minato\/","title":{"rendered":"Kunai Minato"},"content":{"rendered":"<h2>Kunai Minato, Space-time Naruto.<\/h2>\n<p>To begin with, the <strong>Kunai Minato<\/strong> space-time is made of a single piece with three points, just like in the animated manga Naruto.<\/p>\n<p><a href=\"https:\/\/naruto.fandom.com\/fr\/wiki\/Minato_Namikaze\" target=\"_blank\" rel=\"noopener noreferrer\">Minato Namikaze<\/a> nicknamed the \"Yellow Lightning of Konoha\", this legendary ninja became the Fourth Hokage of the village of Konoha. Ninjas from enemy villages were ordered to flee if they came across him. He is Naruto Uzumaki's father. Now considered a legend.<\/p>\n<p>According to Jiraya, Minato is one of the most talented ninjas the world has ever known, considered the Child of Prophecy, the \"savior of the world\".<\/p>\n<p>Famous for his space-time technique, the God of Flying Thunder, which allowed him to teleport to any location with little or no movement. Minato could do this by using his special kunai.<\/p>\n<h2>Your space-time Kunai Minato at the best price.<\/h2>\n<p>We bring you all the lines of your favorite characters in this Naruto animated manga.<\/p>\n<p>First and foremost,<\/p>\n<ul>\n<li>Visit <a href=\"https:\/\/repliquemangacine.fr\/en\/naruto\/katana-sasuke-epee-kusanagi\/\">Katana Sasuke Uchiwa<\/a> which he calls the Kusanagi sword.<\/li>\n<li>As well as the<a href=\"https:\/\/repliquemangacine.fr\/en\/naruto\/katana-kakashi-hatake-anbu-naruto\/\"> shirasaya<\/a> by Kakashi Hatake.<\/li>\n<li>And many more to discover in our online store!<\/li>\n<\/ul>\n<p>That's why here are some great gift ideas for Naruto fans.<\/p>\n<p>In conclusion, you can also use this <strong>Kunai Minato<\/strong> to teleport you to your cosplay shows or theme parties. But above all, the Spacetime Kunai is also a collector's item and a decorative object.<\/p>\n<h2>Discover our latest low-priced Naruto novelties.<\/h2>\n<p>We're always on the lookout for something new to satisfy your needs, so we've got a few little nuggets for you to discover in the near future!<\/p>\n<p>First of all, we're going to have the pleasure of introducing you to some Naruto figurines and other goodies. In the meantime, we've got this big Naruto Kunai with its white handle.<\/p>\n<p>R\u00e9plique Manga Cin\u00e9 is a French family business.<\/p>\n<p><strong>Please note that all our replicas are collectibles and decorative items. You can use them for historical re-enactments, cosplay parades or interior decoration. Consequently, it is not possible to go into public places with these replicas.<\/strong><\/p>","protected":false},"excerpt":{"rendered":"<p>A superb replica of the space-time Kunai used by Minato.<\/p>\n<ul>\n<li>Made entirely of solid steel.<\/li>\n<li>Made in one piece.<\/li>\n<li>Engraving of Minato's seal on the handle.<\/li>\n<li>Total length: 22cm<\/li>\n<\/ul>\n<p>There's no Naruto logo or name on the blade - it's exactly the same as the one in the animated manga.<\/p>","protected":false},"featured_media":52462,"template":"","meta":[],"product_brand":[896],"product_cat":[108,23,42],"product_tag":[],"class_list":{"0":"post-52461","1":"product","2":"type-product","3":"status-publish","4":"has-post-thumbnail","6":"product_brand-replique-manga-cine","7":"product_cat-kunai-et-shuriken-naruto","8":"product_cat-repliques-manga-jeux-video","9":"product_cat-katana-goodies-naruto-kunai","11":"first","12":"instock","13":"taxable","14":"shipping-taxable","15":"purchasable","16":"product-type-simple"},"yoast_head":"<!-- This site is optimized with the Yoast SEO plugin v27.5 - https:\/\/yoast.com\/product\/yoast-seo-wordpress\/ -->\n<title>Kuna\u00ef Minato d&#039;espace temps - Naruto - Boutique en ligne - RMC<\/title>\n<meta name=\"description\" content=\"Commandez vite ! Ce Kuna\u00ef Minato espace temps dans Naruto au meilleur prix. Tout en acier d&#039;une seule pi\u00e8ce. Longueur totale : 22cm - Envoi 24\/48h\" \/>\n<meta name=\"robots\" content=\"index, follow, max-snippet:-1, max-image-preview:large, max-video-preview:-1\" \/>\n<link rel=\"canonical\" href=\"https:\/\/repliquemangacine.fr\/en\/naruto-kunai-and-shuriken\/kunai-despace-temps-minato\/\" \/>\n<meta property=\"og:locale\" content=\"en_US\" \/>\n<meta property=\"og:type\" content=\"article\" \/>\n<meta property=\"og:title\" content=\"Kuna\u00ef Minato d&#039;espace temps - Naruto - Boutique en ligne - RMC\" \/>\n<meta property=\"og:description\" content=\"Commandez vite ! Ce Kuna\u00ef Minato espace temps dans Naruto au meilleur prix. Tout en acier d&#039;une seule pi\u00e8ce. Longueur totale : 22cm - Envoi 24\/48h\" \/>\n<meta property=\"og:url\" content=\"https:\/\/repliquemangacine.fr\/en\/naruto-kunai-and-shuriken\/kunai-despace-temps-minato\/\" \/>\n<meta property=\"og:site_name\" content=\"R\u00e9plique Manga Cin\u00e9\" \/>\n<meta property=\"article:publisher\" content=\"https:\/\/www.facebook.com\/RepliqueMangaCine\" \/>\n<meta property=\"article:modified_time\" content=\"2026-01-24T22:06:32+00:00\" \/>\n<meta property=\"og:image\" content=\"https:\/\/repliquemangacine.fr\/wp-content\/uploads\/2023\/10\/kunai-yondaime.png\" \/>\n\t<meta property=\"og:image:width\" content=\"500\" \/>\n\t<meta property=\"og:image:height\" content=\"500\" \/>\n\t<meta property=\"og:image:type\" content=\"image\/png\" \/>\n<meta name=\"twitter:card\" content=\"summary_large_image\" \/>\n<meta name=\"twitter:label1\" content=\"Est. reading time\" \/>\n\t<meta name=\"twitter:data1\" content=\"2 minutes\" \/>\n<script type=\"application\/ld+json\" class=\"yoast-schema-graph\">{\"@context\":\"https:\\\/\\\/schema.org\",\"@graph\":[{\"@type\":\"WebPage\",\"@id\":\"https:\\\/\\\/repliquemangacine.fr\\\/kunai-et-shuriken-naruto\\\/kunai-despace-temps-minato\\\/\",\"url\":\"https:\\\/\\\/repliquemangacine.fr\\\/kunai-et-shuriken-naruto\\\/kunai-despace-temps-minato\\\/\",\"name\":\"Kuna\u00ef Minato d'espace temps - Naruto - Boutique en ligne - RMC\",\"isPartOf\":{\"@id\":\"https:\\\/\\\/repliquemangacine.fr\\\/#website\"},\"primaryImageOfPage\":{\"@id\":\"https:\\\/\\\/repliquemangacine.fr\\\/kunai-et-shuriken-naruto\\\/kunai-despace-temps-minato\\\/#primaryimage\"},\"image\":{\"@id\":\"https:\\\/\\\/repliquemangacine.fr\\\/kunai-et-shuriken-naruto\\\/kunai-despace-temps-minato\\\/#primaryimage\"},\"thumbnailUrl\":\"https:\\\/\\\/repliquemangacine.fr\\\/wp-content\\\/uploads\\\/2023\\\/10\\\/kunai-yondaime.png\",\"datePublished\":\"2022-08-15T16:27:18+00:00\",\"dateModified\":\"2026-01-24T22:06:32+00:00\",\"description\":\"Commandez vite ! Ce Kuna\u00ef Minato espace temps dans Naruto au meilleur prix. Tout en acier d'une seule pi\u00e8ce. Longueur totale : 22cm - Envoi 24\\\/48h\",\"breadcrumb\":{\"@id\":\"https:\\\/\\\/repliquemangacine.fr\\\/kunai-et-shuriken-naruto\\\/kunai-despace-temps-minato\\\/#breadcrumb\"},\"inLanguage\":\"en-US\",\"potentialAction\":[{\"@type\":\"ReadAction\",\"target\":[\"https:\\\/\\\/repliquemangacine.fr\\\/kunai-et-shuriken-naruto\\\/kunai-despace-temps-minato\\\/\"]}]},{\"@type\":\"ImageObject\",\"inLanguage\":\"en-US\",\"@id\":\"https:\\\/\\\/repliquemangacine.fr\\\/kunai-et-shuriken-naruto\\\/kunai-despace-temps-minato\\\/#primaryimage\",\"url\":\"https:\\\/\\\/repliquemangacine.fr\\\/wp-content\\\/uploads\\\/2023\\\/10\\\/kunai-yondaime.png\",\"contentUrl\":\"https:\\\/\\\/repliquemangacine.fr\\\/wp-content\\\/uploads\\\/2023\\\/10\\\/kunai-yondaime.png\",\"width\":500,\"height\":500,\"caption\":\"Kuna\u00ef d'espace-temps Minato dans naruto\"},{\"@type\":\"BreadcrumbList\",\"@id\":\"https:\\\/\\\/repliquemangacine.fr\\\/kunai-et-shuriken-naruto\\\/kunai-despace-temps-minato\\\/#breadcrumb\",\"itemListElement\":[{\"@type\":\"ListItem\",\"position\":1,\"name\":\"Accueil\",\"item\":\"https:\\\/\\\/repliquemangacine.fr\\\/\"},{\"@type\":\"ListItem\",\"position\":2,\"name\":\"Produits\",\"item\":\"https:\\\/\\\/repliquemangacine.fr\\\/boutique\\\/\"},{\"@type\":\"ListItem\",\"position\":3,\"name\":\"Kuna\u00ef Minato\"}]},{\"@type\":\"WebSite\",\"@id\":\"https:\\\/\\\/repliquemangacine.fr\\\/#website\",\"url\":\"https:\\\/\\\/repliquemangacine.fr\\\/\",\"name\":\"R\u00e9plique Manga Cin\u00e9\",\"description\":\"\",\"publisher\":{\"@id\":\"https:\\\/\\\/repliquemangacine.fr\\\/#organization\"},\"potentialAction\":[{\"@type\":\"SearchAction\",\"target\":{\"@type\":\"EntryPoint\",\"urlTemplate\":\"https:\\\/\\\/repliquemangacine.fr\\\/?s={search_term_string}\"},\"query-input\":{\"@type\":\"PropertyValueSpecification\",\"valueRequired\":true,\"valueName\":\"search_term_string\"}}],\"inLanguage\":\"en-US\"},{\"@type\":\"Organization\",\"@id\":\"https:\\\/\\\/repliquemangacine.fr\\\/#organization\",\"name\":\"R\u00e9plique Manga Cin\u00e9\",\"url\":\"https:\\\/\\\/repliquemangacine.fr\\\/\",\"logo\":{\"@type\":\"ImageObject\",\"inLanguage\":\"en-US\",\"@id\":\"https:\\\/\\\/repliquemangacine.fr\\\/#\\\/schema\\\/logo\\\/image\\\/\",\"url\":\"https:\\\/\\\/repliquemangacine.fr\\\/wp-content\\\/uploads\\\/2023\\\/10\\\/RMC-500250.png\",\"contentUrl\":\"https:\\\/\\\/repliquemangacine.fr\\\/wp-content\\\/uploads\\\/2023\\\/10\\\/RMC-500250.png\",\"width\":500,\"height\":250,\"caption\":\"R\u00e9plique Manga Cin\u00e9\"},\"image\":{\"@id\":\"https:\\\/\\\/repliquemangacine.fr\\\/#\\\/schema\\\/logo\\\/image\\\/\"},\"sameAs\":[\"https:\\\/\\\/www.facebook.com\\\/RepliqueMangaCine\",\"https:\\\/\\\/www.instagram.com\\\/repliquemangacine.fr\\\/\"]}]}<\/script>\n<!-- \/ Yoast SEO plugin. -->","yoast_head_json":{"title":"Kuna\u00ef Minato d'espace temps - Naruto - Online Shop - RMC","description":"Order now! This Kuna\u00ef Minato space-time in Naruto at the best price. All steel in one piece. Total length: 22cm - Shipment 24\/48h","robots":{"index":"index","follow":"follow","max-snippet":"max-snippet:-1","max-image-preview":"max-image-preview:large","max-video-preview":"max-video-preview:-1"},"canonical":"https:\/\/repliquemangacine.fr\/en\/naruto-kunai-and-shuriken\/kunai-despace-temps-minato\/","og_locale":"en_US","og_type":"article","og_title":"Kuna\u00ef Minato d'espace temps - Naruto - Boutique en ligne - RMC","og_description":"Commandez vite ! Ce Kuna\u00ef Minato espace temps dans Naruto au meilleur prix. Tout en acier d'une seule pi\u00e8ce. Longueur totale : 22cm - Envoi 24\/48h","og_url":"https:\/\/repliquemangacine.fr\/en\/naruto-kunai-and-shuriken\/kunai-despace-temps-minato\/","og_site_name":"R\u00e9plique Manga Cin\u00e9","article_publisher":"https:\/\/www.facebook.com\/RepliqueMangaCine","article_modified_time":"2026-01-24T22:06:32+00:00","og_image":[{"width":500,"height":500,"url":"https:\/\/repliquemangacine.fr\/wp-content\/uploads\/2023\/10\/kunai-yondaime.png","type":"image\/png"}],"twitter_card":"summary_large_image","twitter_misc":{"Est. reading time":"2 minutes"},"schema":{"@context":"https:\/\/schema.org","@graph":[{"@type":"WebPage","@id":"https:\/\/repliquemangacine.fr\/kunai-et-shuriken-naruto\/kunai-despace-temps-minato\/","url":"https:\/\/repliquemangacine.fr\/kunai-et-shuriken-naruto\/kunai-despace-temps-minato\/","name":"Kuna\u00ef Minato d'espace temps - Naruto - Online Shop - RMC","isPartOf":{"@id":"https:\/\/repliquemangacine.fr\/#website"},"primaryImageOfPage":{"@id":"https:\/\/repliquemangacine.fr\/kunai-et-shuriken-naruto\/kunai-despace-temps-minato\/#primaryimage"},"image":{"@id":"https:\/\/repliquemangacine.fr\/kunai-et-shuriken-naruto\/kunai-despace-temps-minato\/#primaryimage"},"thumbnailUrl":"https:\/\/repliquemangacine.fr\/wp-content\/uploads\/2023\/10\/kunai-yondaime.png","datePublished":"2022-08-15T16:27:18+00:00","dateModified":"2026-01-24T22:06:32+00:00","description":"Order now! This Kuna\u00ef Minato space-time in Naruto at the best price. All steel in one piece. Total length: 22cm - Shipment 24\/48h","breadcrumb":{"@id":"https:\/\/repliquemangacine.fr\/kunai-et-shuriken-naruto\/kunai-despace-temps-minato\/#breadcrumb"},"inLanguage":"en-US","potentialAction":[{"@type":"ReadAction","target":["https:\/\/repliquemangacine.fr\/kunai-et-shuriken-naruto\/kunai-despace-temps-minato\/"]}]},{"@type":"ImageObject","inLanguage":"en-US","@id":"https:\/\/repliquemangacine.fr\/kunai-et-shuriken-naruto\/kunai-despace-temps-minato\/#primaryimage","url":"https:\/\/repliquemangacine.fr\/wp-content\/uploads\/2023\/10\/kunai-yondaime.png","contentUrl":"https:\/\/repliquemangacine.fr\/wp-content\/uploads\/2023\/10\/kunai-yondaime.png","width":500,"height":500,"caption":"Kuna\u00ef d'espace-temps Minato dans naruto"},{"@type":"BreadcrumbList","@id":"https:\/\/repliquemangacine.fr\/kunai-et-shuriken-naruto\/kunai-despace-temps-minato\/#breadcrumb","itemListElement":[{"@type":"ListItem","position":1,"name":"Accueil","item":"https:\/\/repliquemangacine.fr\/"},{"@type":"ListItem","position":2,"name":"Produits","item":"https:\/\/repliquemangacine.fr\/boutique\/"},{"@type":"ListItem","position":3,"name":"Kuna\u00ef Minato"}]},{"@type":"WebSite","@id":"https:\/\/repliquemangacine.fr\/#website","url":"https:\/\/repliquemangacine.fr\/","name":"R\u00e9plique Manga Cin\u00e9","description":"","publisher":{"@id":"https:\/\/repliquemangacine.fr\/#organization"},"potentialAction":[{"@type":"SearchAction","target":{"@type":"EntryPoint","urlTemplate":"https:\/\/repliquemangacine.fr\/?s={search_term_string}"},"query-input":{"@type":"PropertyValueSpecification","valueRequired":true,"valueName":"search_term_string"}}],"inLanguage":"en-US"},{"@type":"Organization","@id":"https:\/\/repliquemangacine.fr\/#organization","name":"R\u00e9plique Manga Cin\u00e9","url":"https:\/\/repliquemangacine.fr\/","logo":{"@type":"ImageObject","inLanguage":"en-US","@id":"https:\/\/repliquemangacine.fr\/#\/schema\/logo\/image\/","url":"https:\/\/repliquemangacine.fr\/wp-content\/uploads\/2023\/10\/RMC-500250.png","contentUrl":"https:\/\/repliquemangacine.fr\/wp-content\/uploads\/2023\/10\/RMC-500250.png","width":500,"height":250,"caption":"R\u00e9plique Manga Cin\u00e9"},"image":{"@id":"https:\/\/repliquemangacine.fr\/#\/schema\/logo\/image\/"},"sameAs":["https:\/\/www.facebook.com\/RepliqueMangaCine","https:\/\/www.instagram.com\/repliquemangacine.fr\/"]}]}},"_links":{"self":[{"href":"https:\/\/repliquemangacine.fr\/en\/wp-json\/wp\/v2\/product\/52461","targetHints":{"allow":["GET"]}}],"collection":[{"href":"https:\/\/repliquemangacine.fr\/en\/wp-json\/wp\/v2\/product"}],"about":[{"href":"https:\/\/repliquemangacine.fr\/en\/wp-json\/wp\/v2\/types\/product"}],"wp:featuredmedia":[{"embeddable":true,"href":"https:\/\/repliquemangacine.fr\/en\/wp-json\/wp\/v2\/media\/52462"}],"wp:attachment":[{"href":"https:\/\/repliquemangacine.fr\/en\/wp-json\/wp\/v2\/media?parent=52461"}],"wp:term":[{"taxonomy":"product_brand","embeddable":true,"href":"https:\/\/repliquemangacine.fr\/en\/wp-json\/wp\/v2\/product_brand?post=52461"},{"taxonomy":"product_cat","embeddable":true,"href":"https:\/\/repliquemangacine.fr\/en\/wp-json\/wp\/v2\/product_cat?post=52461"},{"taxonomy":"product_tag","embeddable":true,"href":"https:\/\/repliquemangacine.fr\/en\/wp-json\/wp\/v2\/product_tag?post=52461"}],"curies":[{"name":"wp","href":"https:\/\/api.w.org\/{rel}","templated":true}]}}