





{"id":52201,"date":"2022-08-05T12:34:46","date_gmt":"2022-08-05T10:34:46","guid":{"rendered":"https:\/\/repliquemangacine.fr\/?post_type=product&#038;p=52201"},"modified":"2026-04-09T01:42:23","modified_gmt":"2026-04-08T23:42:23","slug":"katana-de-la-mariee-kill-bill-beatrix","status":"publish","type":"product","link":"https:\/\/repliquemangacine.fr\/en\/katana-kill-bill\/katana-de-la-mariee-kill-bill-beatrix\/","title":{"rendered":"Katana de B\u00e9atrix"},"content":{"rendered":"<h2>Bride's Katana - Kill Bill<\/h2>\n<p>To begin with, the <strong>Bride's Katana<\/strong> in Kill Bill, forged by Master Hattori Hanzo.<\/p>\n<p>However, friends of <a href=\"https:\/\/killbill.fandom.com\/wiki\/Beatrix_Kiddo\" target=\"_blank\" rel=\"noopener noreferrer\">Beatrix<\/a> and her fianc\u00e9 are murdered during the wedding rehearsal. She herself was shot in the head.<\/p>\n<p>After being in a coma for four years, Beatrix Kiddo is thirsty for revenge against the man and his team of assassins, and will stop at nothing to kill Bill.<\/p>\n<p>After forcing her body to recover from her condition. Beatrix books a one-way ticket to Okinawa, to find the legendary blacksmith Hattori Hanz\u014d. She reveals to him that she needs a katana to get rid of some \"vermin\". Moreover, despite having sworn never to make another sword, Hattori agrees to make one for her.<\/p>\n<h2>Your Bridal Katana at the best price.<\/h2>\n<p>We bring you all the lines used in Quentin Tarentino's Kill Bill films.<\/p>\n<p>First and foremost,<\/p>\n<ul>\n<li>Visit <a href=\"https:\/\/repliquemangacine.fr\/en\/kill-bill\/katana-forge-beatrix-kill-bill\/\">Beatrix's katana<\/a> in cutting version with Maru blade.<\/li>\n<li>There is also the <a href=\"https:\/\/repliquemangacine.fr\/en\/kill-bill\/bills-katana\/\">Bill's katana<\/a> his former companion and, above all, his target.<\/li>\n<li>And many more to discover in our online store!<\/li>\n<\/ul>\n<p>That's why this is a great gift idea for all Kill Bill movie fans.<\/p>\n<p>In conclusion, you can also use this <strong>Bride's Katana<\/strong> for your cosplay parades or theme parties. But above all, the Beatrix katana is also a collector's item and a decorative object.<\/p>\n<h2>How to maintain the blade of your Kill Bill katana?<\/h2>\n<p>Collector's and decorative katanas are made and assembled in a simplified way. As their use is decorative, they lack the safety features required of a Japanese saber intended for training.<\/p>\n<p>However, your <strong>bride's katana<\/strong> to a steel blade that needs to be cared for to avoid damage over time. In fact, when you display your katana, your friends will be curious to see and touch the blade. This is where you need to be careful, as the acidity of your fingers is very harmful to steel, whatever its quality.<\/p>\n<p>However, if this does happen, don't panic - all you need is a cloth dampened with a little oil and a wipe of fingerprints. By doing so, you'll keep your sword looking its best for a very long time.<\/p>","protected":false},"excerpt":{"rendered":"<p>Bride's Katana in the film Kill Bill.<\/p>\n<ul>\n<li>440 steel blade with engraved ideogram.<\/li>\n<li>Handle covered with black cotton braid.<\/li>\n<li>Black lacquered scabbard with engravings by the Hattori master.<\/li>\n<li>Support de pr\u00e9sentation.<\/li>\n<li>Blade length: 68 cm - Total length: 104 cm<\/li>\n<\/ul>","protected":false},"featured_media":52202,"template":"","meta":[],"product_brand":[896],"product_cat":[66,24,71],"product_tag":[],"class_list":{"0":"post-52201","1":"product","2":"type-product","3":"status-publish","4":"has-post-thumbnail","6":"product_brand-replique-manga-cine","7":"product_cat-repliques-d-armes-films-et-series","8":"product_cat-films-series-tv-vente-de-katana-epee-et-produits-derives","9":"product_cat-katana-kill-bill","11":"first","12":"instock","13":"taxable","14":"shipping-taxable","15":"purchasable","16":"product-type-simple"},"yoast_head":"<!-- This site is optimized with the Yoast SEO plugin v27.5 - https:\/\/yoast.com\/product\/yoast-seo-wordpress\/ -->\n<title>Katana de la mari\u00e9e - Kill Bill Hattori Hanzo - R\u00e9plique Manga Cin\u00e9<\/title>\n<meta name=\"description\" content=\"D\u00e9couvrez le Katana de la mari\u00e9e dans Kill Bill au meilleur prix. Gravures du Ma\u00eetre Hattori Hanzo - Lame acier 440 - Support - Fourreau laqu\u00e9 - 104 cm\" \/>\n<meta name=\"robots\" content=\"index, follow, max-snippet:-1, max-image-preview:large, max-video-preview:-1\" \/>\n<link rel=\"canonical\" href=\"https:\/\/repliquemangacine.fr\/en\/katana-kill-bill\/katana-de-la-mariee-kill-bill-beatrix\/\" \/>\n<meta property=\"og:locale\" content=\"en_US\" \/>\n<meta property=\"og:type\" content=\"article\" \/>\n<meta property=\"og:title\" content=\"Katana de la mari\u00e9e - Kill Bill Hattori Hanzo - R\u00e9plique Manga Cin\u00e9\" \/>\n<meta property=\"og:description\" content=\"D\u00e9couvrez le Katana de la mari\u00e9e dans Kill Bill au meilleur prix. Gravures du Ma\u00eetre Hattori Hanzo - Lame acier 440 - Support - Fourreau laqu\u00e9 - 104 cm\" \/>\n<meta property=\"og:url\" content=\"https:\/\/repliquemangacine.fr\/en\/katana-kill-bill\/katana-de-la-mariee-kill-bill-beatrix\/\" \/>\n<meta property=\"og:site_name\" content=\"R\u00e9plique Manga Cin\u00e9\" \/>\n<meta property=\"article:publisher\" content=\"https:\/\/www.facebook.com\/RepliqueMangaCine\" \/>\n<meta property=\"article:modified_time\" content=\"2026-04-08T23:42:23+00:00\" \/>\n<meta property=\"og:image\" content=\"https:\/\/repliquemangacine.fr\/wp-content\/uploads\/2023\/10\/katana-kill-bill-1.jpg\" \/>\n\t<meta property=\"og:image:width\" content=\"500\" \/>\n\t<meta property=\"og:image:height\" content=\"500\" \/>\n\t<meta property=\"og:image:type\" content=\"image\/jpeg\" \/>\n<meta name=\"twitter:card\" content=\"summary_large_image\" \/>\n<meta name=\"twitter:label1\" content=\"Est. reading time\" \/>\n\t<meta name=\"twitter:data1\" content=\"2 minutes\" \/>\n<script type=\"application\/ld+json\" class=\"yoast-schema-graph\">{\"@context\":\"https:\\\/\\\/schema.org\",\"@graph\":[{\"@type\":\"WebPage\",\"@id\":\"https:\\\/\\\/repliquemangacine.fr\\\/katana-kill-bill\\\/katana-de-la-mariee-kill-bill-beatrix\\\/\",\"url\":\"https:\\\/\\\/repliquemangacine.fr\\\/katana-kill-bill\\\/katana-de-la-mariee-kill-bill-beatrix\\\/\",\"name\":\"Katana de la mari\u00e9e - Kill Bill Hattori Hanzo - R\u00e9plique Manga Cin\u00e9\",\"isPartOf\":{\"@id\":\"https:\\\/\\\/repliquemangacine.fr\\\/#website\"},\"primaryImageOfPage\":{\"@id\":\"https:\\\/\\\/repliquemangacine.fr\\\/katana-kill-bill\\\/katana-de-la-mariee-kill-bill-beatrix\\\/#primaryimage\"},\"image\":{\"@id\":\"https:\\\/\\\/repliquemangacine.fr\\\/katana-kill-bill\\\/katana-de-la-mariee-kill-bill-beatrix\\\/#primaryimage\"},\"thumbnailUrl\":\"https:\\\/\\\/repliquemangacine.fr\\\/wp-content\\\/uploads\\\/2023\\\/10\\\/katana-kill-bill-1.jpg\",\"datePublished\":\"2022-08-05T10:34:46+00:00\",\"dateModified\":\"2026-04-08T23:42:23+00:00\",\"description\":\"D\u00e9couvrez le Katana de la mari\u00e9e dans Kill Bill au meilleur prix. Gravures du Ma\u00eetre Hattori Hanzo - Lame acier 440 - Support - Fourreau laqu\u00e9 - 104 cm\",\"breadcrumb\":{\"@id\":\"https:\\\/\\\/repliquemangacine.fr\\\/katana-kill-bill\\\/katana-de-la-mariee-kill-bill-beatrix\\\/#breadcrumb\"},\"inLanguage\":\"en-US\",\"potentialAction\":[{\"@type\":\"ReadAction\",\"target\":[\"https:\\\/\\\/repliquemangacine.fr\\\/katana-kill-bill\\\/katana-de-la-mariee-kill-bill-beatrix\\\/\"]}]},{\"@type\":\"ImageObject\",\"inLanguage\":\"en-US\",\"@id\":\"https:\\\/\\\/repliquemangacine.fr\\\/katana-kill-bill\\\/katana-de-la-mariee-kill-bill-beatrix\\\/#primaryimage\",\"url\":\"https:\\\/\\\/repliquemangacine.fr\\\/wp-content\\\/uploads\\\/2023\\\/10\\\/katana-kill-bill-1.jpg\",\"contentUrl\":\"https:\\\/\\\/repliquemangacine.fr\\\/wp-content\\\/uploads\\\/2023\\\/10\\\/katana-kill-bill-1.jpg\",\"width\":500,\"height\":500},{\"@type\":\"BreadcrumbList\",\"@id\":\"https:\\\/\\\/repliquemangacine.fr\\\/katana-kill-bill\\\/katana-de-la-mariee-kill-bill-beatrix\\\/#breadcrumb\",\"itemListElement\":[{\"@type\":\"ListItem\",\"position\":1,\"name\":\"Accueil\",\"item\":\"https:\\\/\\\/repliquemangacine.fr\\\/\"},{\"@type\":\"ListItem\",\"position\":2,\"name\":\"Produits\",\"item\":\"https:\\\/\\\/repliquemangacine.fr\\\/boutique\\\/\"},{\"@type\":\"ListItem\",\"position\":3,\"name\":\"Katana de B\u00e9atrix\"}]},{\"@type\":\"WebSite\",\"@id\":\"https:\\\/\\\/repliquemangacine.fr\\\/#website\",\"url\":\"https:\\\/\\\/repliquemangacine.fr\\\/\",\"name\":\"R\u00e9plique Manga Cin\u00e9\",\"description\":\"\",\"publisher\":{\"@id\":\"https:\\\/\\\/repliquemangacine.fr\\\/#organization\"},\"potentialAction\":[{\"@type\":\"SearchAction\",\"target\":{\"@type\":\"EntryPoint\",\"urlTemplate\":\"https:\\\/\\\/repliquemangacine.fr\\\/?s={search_term_string}\"},\"query-input\":{\"@type\":\"PropertyValueSpecification\",\"valueRequired\":true,\"valueName\":\"search_term_string\"}}],\"inLanguage\":\"en-US\"},{\"@type\":\"Organization\",\"@id\":\"https:\\\/\\\/repliquemangacine.fr\\\/#organization\",\"name\":\"R\u00e9plique Manga Cin\u00e9\",\"url\":\"https:\\\/\\\/repliquemangacine.fr\\\/\",\"logo\":{\"@type\":\"ImageObject\",\"inLanguage\":\"en-US\",\"@id\":\"https:\\\/\\\/repliquemangacine.fr\\\/#\\\/schema\\\/logo\\\/image\\\/\",\"url\":\"https:\\\/\\\/repliquemangacine.fr\\\/wp-content\\\/uploads\\\/2023\\\/10\\\/RMC-500250.png\",\"contentUrl\":\"https:\\\/\\\/repliquemangacine.fr\\\/wp-content\\\/uploads\\\/2023\\\/10\\\/RMC-500250.png\",\"width\":500,\"height\":250,\"caption\":\"R\u00e9plique Manga Cin\u00e9\"},\"image\":{\"@id\":\"https:\\\/\\\/repliquemangacine.fr\\\/#\\\/schema\\\/logo\\\/image\\\/\"},\"sameAs\":[\"https:\\\/\\\/www.facebook.com\\\/RepliqueMangaCine\",\"https:\\\/\\\/www.instagram.com\\\/repliquemangacine.fr\\\/\"]}]}<\/script>\n<!-- \/ Yoast SEO plugin. -->","yoast_head_json":{"title":"Bride's Katana - Kill Bill Hattori Hanzo - R\u00e9plique Manga Cin\u00e9","description":"Discover the Bride's Katana in Kill Bill at the best price. Engravings by Master Hattori Hanzo - 440 steel blade - Support - Lacquered scabbard - 104 cm","robots":{"index":"index","follow":"follow","max-snippet":"max-snippet:-1","max-image-preview":"max-image-preview:large","max-video-preview":"max-video-preview:-1"},"canonical":"https:\/\/repliquemangacine.fr\/en\/katana-kill-bill\/katana-de-la-mariee-kill-bill-beatrix\/","og_locale":"en_US","og_type":"article","og_title":"Katana de la mari\u00e9e - Kill Bill Hattori Hanzo - R\u00e9plique Manga Cin\u00e9","og_description":"D\u00e9couvrez le Katana de la mari\u00e9e dans Kill Bill au meilleur prix. Gravures du Ma\u00eetre Hattori Hanzo - Lame acier 440 - Support - Fourreau laqu\u00e9 - 104 cm","og_url":"https:\/\/repliquemangacine.fr\/en\/katana-kill-bill\/katana-de-la-mariee-kill-bill-beatrix\/","og_site_name":"R\u00e9plique Manga Cin\u00e9","article_publisher":"https:\/\/www.facebook.com\/RepliqueMangaCine","article_modified_time":"2026-04-08T23:42:23+00:00","og_image":[{"width":500,"height":500,"url":"https:\/\/repliquemangacine.fr\/wp-content\/uploads\/2023\/10\/katana-kill-bill-1.jpg","type":"image\/jpeg"}],"twitter_card":"summary_large_image","twitter_misc":{"Est. reading time":"2 minutes"},"schema":{"@context":"https:\/\/schema.org","@graph":[{"@type":"WebPage","@id":"https:\/\/repliquemangacine.fr\/katana-kill-bill\/katana-de-la-mariee-kill-bill-beatrix\/","url":"https:\/\/repliquemangacine.fr\/katana-kill-bill\/katana-de-la-mariee-kill-bill-beatrix\/","name":"Bride's Katana - Kill Bill Hattori Hanzo - R\u00e9plique Manga Cin\u00e9","isPartOf":{"@id":"https:\/\/repliquemangacine.fr\/#website"},"primaryImageOfPage":{"@id":"https:\/\/repliquemangacine.fr\/katana-kill-bill\/katana-de-la-mariee-kill-bill-beatrix\/#primaryimage"},"image":{"@id":"https:\/\/repliquemangacine.fr\/katana-kill-bill\/katana-de-la-mariee-kill-bill-beatrix\/#primaryimage"},"thumbnailUrl":"https:\/\/repliquemangacine.fr\/wp-content\/uploads\/2023\/10\/katana-kill-bill-1.jpg","datePublished":"2022-08-05T10:34:46+00:00","dateModified":"2026-04-08T23:42:23+00:00","description":"Discover the Bride's Katana in Kill Bill at the best price. Engravings by Master Hattori Hanzo - 440 steel blade - Support - Lacquered scabbard - 104 cm","breadcrumb":{"@id":"https:\/\/repliquemangacine.fr\/katana-kill-bill\/katana-de-la-mariee-kill-bill-beatrix\/#breadcrumb"},"inLanguage":"en-US","potentialAction":[{"@type":"ReadAction","target":["https:\/\/repliquemangacine.fr\/katana-kill-bill\/katana-de-la-mariee-kill-bill-beatrix\/"]}]},{"@type":"ImageObject","inLanguage":"en-US","@id":"https:\/\/repliquemangacine.fr\/katana-kill-bill\/katana-de-la-mariee-kill-bill-beatrix\/#primaryimage","url":"https:\/\/repliquemangacine.fr\/wp-content\/uploads\/2023\/10\/katana-kill-bill-1.jpg","contentUrl":"https:\/\/repliquemangacine.fr\/wp-content\/uploads\/2023\/10\/katana-kill-bill-1.jpg","width":500,"height":500},{"@type":"BreadcrumbList","@id":"https:\/\/repliquemangacine.fr\/katana-kill-bill\/katana-de-la-mariee-kill-bill-beatrix\/#breadcrumb","itemListElement":[{"@type":"ListItem","position":1,"name":"Accueil","item":"https:\/\/repliquemangacine.fr\/"},{"@type":"ListItem","position":2,"name":"Produits","item":"https:\/\/repliquemangacine.fr\/boutique\/"},{"@type":"ListItem","position":3,"name":"Katana de B\u00e9atrix"}]},{"@type":"WebSite","@id":"https:\/\/repliquemangacine.fr\/#website","url":"https:\/\/repliquemangacine.fr\/","name":"R\u00e9plique Manga Cin\u00e9","description":"","publisher":{"@id":"https:\/\/repliquemangacine.fr\/#organization"},"potentialAction":[{"@type":"SearchAction","target":{"@type":"EntryPoint","urlTemplate":"https:\/\/repliquemangacine.fr\/?s={search_term_string}"},"query-input":{"@type":"PropertyValueSpecification","valueRequired":true,"valueName":"search_term_string"}}],"inLanguage":"en-US"},{"@type":"Organization","@id":"https:\/\/repliquemangacine.fr\/#organization","name":"R\u00e9plique Manga Cin\u00e9","url":"https:\/\/repliquemangacine.fr\/","logo":{"@type":"ImageObject","inLanguage":"en-US","@id":"https:\/\/repliquemangacine.fr\/#\/schema\/logo\/image\/","url":"https:\/\/repliquemangacine.fr\/wp-content\/uploads\/2023\/10\/RMC-500250.png","contentUrl":"https:\/\/repliquemangacine.fr\/wp-content\/uploads\/2023\/10\/RMC-500250.png","width":500,"height":250,"caption":"R\u00e9plique Manga Cin\u00e9"},"image":{"@id":"https:\/\/repliquemangacine.fr\/#\/schema\/logo\/image\/"},"sameAs":["https:\/\/www.facebook.com\/RepliqueMangaCine","https:\/\/www.instagram.com\/repliquemangacine.fr\/"]}]}},"_links":{"self":[{"href":"https:\/\/repliquemangacine.fr\/en\/wp-json\/wp\/v2\/product\/52201","targetHints":{"allow":["GET"]}}],"collection":[{"href":"https:\/\/repliquemangacine.fr\/en\/wp-json\/wp\/v2\/product"}],"about":[{"href":"https:\/\/repliquemangacine.fr\/en\/wp-json\/wp\/v2\/types\/product"}],"wp:featuredmedia":[{"embeddable":true,"href":"https:\/\/repliquemangacine.fr\/en\/wp-json\/wp\/v2\/media\/52202"}],"wp:attachment":[{"href":"https:\/\/repliquemangacine.fr\/en\/wp-json\/wp\/v2\/media?parent=52201"}],"wp:term":[{"taxonomy":"product_brand","embeddable":true,"href":"https:\/\/repliquemangacine.fr\/en\/wp-json\/wp\/v2\/product_brand?post=52201"},{"taxonomy":"product_cat","embeddable":true,"href":"https:\/\/repliquemangacine.fr\/en\/wp-json\/wp\/v2\/product_cat?post=52201"},{"taxonomy":"product_tag","embeddable":true,"href":"https:\/\/repliquemangacine.fr\/en\/wp-json\/wp\/v2\/product_tag?post=52201"}],"curies":[{"name":"wp","href":"https:\/\/api.w.org\/{rel}","templated":true}]}}