





{"id":50654,"date":"2022-05-18T17:20:33","date_gmt":"2022-05-18T15:20:33","guid":{"rendered":"https:\/\/repliquemangacine.fr\/?post_type=product&#038;p=50654"},"modified":"2025-12-01T23:54:33","modified_gmt":"2025-12-01T22:54:33","slug":"replica-wild-tracker-dasuma-naruto-fist","status":"publish","type":"product","link":"https:\/\/repliquemangacine.fr\/en\/kunai-et-shuriken-naruto\/replique-wild-tracker-poing-dasuma-naruto\/","title":{"rendered":"Asuma Naruto fist"},"content":{"rendered":"<h2>Wild Tracker Asuma's fist in Naruto<\/h2>\n<p>To begin with, the <strong>Asuma Naruto fist<\/strong>is his Chakra blade.<\/p>\n<p><a href=\"https:\/\/naruto.fandom.com\/fr\/wiki\/Asuma_Sarutobi\" target=\"_blank\" rel=\"noopener noreferrer\"> Asuma Sarutobi<\/a> is a Konoha j\u00f4nin of the Sarutobi clan, as well as a former member of the Twelve Guardian Ninjas. He's a relaxed person and a heavy smoker. Asuma has great talent, using in the anime the ultimate fire temple technique.<\/p>\n<p>His fighting style revolves mainly around taijutsu, combined with his chakra-bladed brass knuckles. These knuckles are made of a special metal that is able to carry the user's chakra. With his \"Flying Swallow\" technique, he can extend the blades with his chakra to injure an enemy just a few meters away.<\/p>\n<p>He also uses the Katon (Burning Clouds) technique. Asuma spits out a cloud of ash, then clicks his teeth to create a spark, causing a powerful explosion.<\/p>\n<h2>Your Naruto Asuma Fist at the best price.<\/h2>\n<p>We bring you all the lines of your favorite characters in this Naruto animated manga.<\/p>\n<p>First and foremost,<\/p>\n<ul>\n<li>Sasuke Uchiwa's katana features a chokut\u014d he calls <a href=\"https:\/\/repliquemangacine.fr\/en\/naruto\/epee-sasuke-naruto\/\">Kusanagi sword<\/a>.<\/li>\n<li>There are also <a href=\"https:\/\/repliquemangacine.fr\/en\/naruto\/set-of-3-naruto-kunai\/\">three Kunai<\/a> used by Naruto.<\/li>\n<li>And many more to discover in our store!<\/li>\n<\/ul>\n<p>That's why here are some great gift ideas for Naruto fans.<\/p>\n<p>In conclusion, you can also use this <strong>Asuma Naruto's fist<\/strong> for your cosplay parades or theme parties. But above all, the Asuma Naruto Fist is also a decorative collector's item.<\/p>\n<h2>Discover our latest low-priced Naruto novelties.<\/h2>\n<p>We're always on the lookout for something new to satisfy your needs, so we've got a few little nuggets for you to discover in the near future!<\/p>\n<p>You've been asking for them for a while - here they come! Naruto figurines and other goodies at the best price.<\/p>\n<p>R\u00e9plique Manga Cin\u00e9 is a French family business.<\/p>\n<p><strong>Please note that all our replicas are collectibles and decorative items. You can use them for historical re-enactments, cosplay parades or interior decoration. Consequently, it is not possible to go into public places with these replicas.<\/strong><\/p>\n<p>&nbsp;<\/p>\n<p>&nbsp;<\/p>","protected":false},"excerpt":{"rendered":"<p>Superb replica of the Wild Tracker used by Asuma in Naruto.<\/p>\n<ul>\n<li>Pre-sharpened black 440 stainless steel blade.<\/li>\n<li>Handle is covered with black cotton thread.<\/li>\n<li>Icebreaker.<\/li>\n<li>Two kunais<\/li>\n<li>Black cordura holster for belt.<\/li>\n<li>Total length of dagger: 29cm - Total length of each kunai: 18cm<\/li>\n<\/ul>\n<p><strong>\u00a0<\/strong><\/p>\n<p>&nbsp;<\/p>","protected":false},"featured_media":50655,"template":"","meta":[],"product_brand":[896],"product_cat":[108,23,42],"product_tag":[],"class_list":{"0":"post-50654","1":"product","2":"type-product","3":"status-publish","4":"has-post-thumbnail","6":"product_brand-replique-manga-cine","7":"product_cat-kunai-et-shuriken-naruto","8":"product_cat-repliques-manga-jeux-video","9":"product_cat-katana-goodies-naruto-kunai","11":"first","12":"instock","13":"taxable","14":"shipping-taxable","15":"purchasable","16":"product-type-simple"},"yoast_head":"<!-- This site is optimized with the Yoast SEO plugin v27.5 - https:\/\/yoast.com\/product\/yoast-seo-wordpress\/ -->\n<title>Poing Asuma Naruto - Wild Tracker - Boutique en ligne - RMC<\/title>\n<meta name=\"description\" content=\"Achetez vite ! Cette r\u00e9plique du Poing Asuma Naruto. Tout en acier. Livr\u00e9 avec deux petits kuna\u00efs - Longueur totale : 29cm - Envoi 24\/48h\" \/>\n<meta name=\"robots\" content=\"index, follow, max-snippet:-1, max-image-preview:large, max-video-preview:-1\" \/>\n<link rel=\"canonical\" href=\"https:\/\/repliquemangacine.fr\/en\/naruto-kunai-and-shuriken\/replica-wild-tracker-dasuma-naruto-fist\/\" \/>\n<meta property=\"og:locale\" content=\"en_US\" \/>\n<meta property=\"og:type\" content=\"article\" \/>\n<meta property=\"og:title\" content=\"Poing Asuma Naruto - Wild Tracker - Boutique en ligne - RMC\" \/>\n<meta property=\"og:description\" content=\"Achetez vite ! Cette r\u00e9plique du Poing Asuma Naruto. Tout en acier. Livr\u00e9 avec deux petits kuna\u00efs - Longueur totale : 29cm - Envoi 24\/48h\" \/>\n<meta property=\"og:url\" content=\"https:\/\/repliquemangacine.fr\/en\/naruto-kunai-and-shuriken\/replica-wild-tracker-dasuma-naruto-fist\/\" \/>\n<meta property=\"og:site_name\" content=\"R\u00e9plique Manga Cin\u00e9\" \/>\n<meta property=\"article:publisher\" content=\"https:\/\/www.facebook.com\/RepliqueMangaCine\" \/>\n<meta property=\"article:modified_time\" content=\"2025-12-01T22:54:33+00:00\" \/>\n<meta property=\"og:image\" content=\"https:\/\/repliquemangacine.fr\/wp-content\/uploads\/2023\/10\/poing-asuma.jpg\" \/>\n\t<meta property=\"og:image:width\" content=\"800\" \/>\n\t<meta property=\"og:image:height\" content=\"800\" \/>\n\t<meta property=\"og:image:type\" content=\"image\/jpeg\" \/>\n<meta name=\"twitter:card\" content=\"summary_large_image\" \/>\n<meta name=\"twitter:label1\" content=\"Est. reading time\" \/>\n\t<meta name=\"twitter:data1\" content=\"1 minute\" \/>\n<script type=\"application\/ld+json\" class=\"yoast-schema-graph\">{\"@context\":\"https:\\\/\\\/schema.org\",\"@graph\":[{\"@type\":\"WebPage\",\"@id\":\"https:\\\/\\\/repliquemangacine.fr\\\/kunai-et-shuriken-naruto\\\/replique-wild-tracker-poing-dasuma-naruto\\\/\",\"url\":\"https:\\\/\\\/repliquemangacine.fr\\\/kunai-et-shuriken-naruto\\\/replique-wild-tracker-poing-dasuma-naruto\\\/\",\"name\":\"Poing Asuma Naruto - Wild Tracker - Boutique en ligne - RMC\",\"isPartOf\":{\"@id\":\"https:\\\/\\\/repliquemangacine.fr\\\/#website\"},\"primaryImageOfPage\":{\"@id\":\"https:\\\/\\\/repliquemangacine.fr\\\/kunai-et-shuriken-naruto\\\/replique-wild-tracker-poing-dasuma-naruto\\\/#primaryimage\"},\"image\":{\"@id\":\"https:\\\/\\\/repliquemangacine.fr\\\/kunai-et-shuriken-naruto\\\/replique-wild-tracker-poing-dasuma-naruto\\\/#primaryimage\"},\"thumbnailUrl\":\"https:\\\/\\\/repliquemangacine.fr\\\/wp-content\\\/uploads\\\/2023\\\/10\\\/poing-asuma.jpg\",\"datePublished\":\"2022-05-18T15:20:33+00:00\",\"dateModified\":\"2025-12-01T22:54:33+00:00\",\"description\":\"Achetez vite ! Cette r\u00e9plique du Poing Asuma Naruto. Tout en acier. Livr\u00e9 avec deux petits kuna\u00efs - Longueur totale : 29cm - Envoi 24\\\/48h\",\"breadcrumb\":{\"@id\":\"https:\\\/\\\/repliquemangacine.fr\\\/kunai-et-shuriken-naruto\\\/replique-wild-tracker-poing-dasuma-naruto\\\/#breadcrumb\"},\"inLanguage\":\"en-US\",\"potentialAction\":[{\"@type\":\"ReadAction\",\"target\":[\"https:\\\/\\\/repliquemangacine.fr\\\/kunai-et-shuriken-naruto\\\/replique-wild-tracker-poing-dasuma-naruto\\\/\"]}]},{\"@type\":\"ImageObject\",\"inLanguage\":\"en-US\",\"@id\":\"https:\\\/\\\/repliquemangacine.fr\\\/kunai-et-shuriken-naruto\\\/replique-wild-tracker-poing-dasuma-naruto\\\/#primaryimage\",\"url\":\"https:\\\/\\\/repliquemangacine.fr\\\/wp-content\\\/uploads\\\/2023\\\/10\\\/poing-asuma.jpg\",\"contentUrl\":\"https:\\\/\\\/repliquemangacine.fr\\\/wp-content\\\/uploads\\\/2023\\\/10\\\/poing-asuma.jpg\",\"width\":800,\"height\":800,\"caption\":\"couteau wild tracker Asuma Naruto avec ses deux kuna\u00ef\"},{\"@type\":\"BreadcrumbList\",\"@id\":\"https:\\\/\\\/repliquemangacine.fr\\\/kunai-et-shuriken-naruto\\\/replique-wild-tracker-poing-dasuma-naruto\\\/#breadcrumb\",\"itemListElement\":[{\"@type\":\"ListItem\",\"position\":1,\"name\":\"Accueil\",\"item\":\"https:\\\/\\\/repliquemangacine.fr\\\/\"},{\"@type\":\"ListItem\",\"position\":2,\"name\":\"Produits\",\"item\":\"https:\\\/\\\/repliquemangacine.fr\\\/boutique\\\/\"},{\"@type\":\"ListItem\",\"position\":3,\"name\":\"Poing Asuma Naruto\"}]},{\"@type\":\"WebSite\",\"@id\":\"https:\\\/\\\/repliquemangacine.fr\\\/#website\",\"url\":\"https:\\\/\\\/repliquemangacine.fr\\\/\",\"name\":\"R\u00e9plique Manga Cin\u00e9\",\"description\":\"\",\"publisher\":{\"@id\":\"https:\\\/\\\/repliquemangacine.fr\\\/#organization\"},\"potentialAction\":[{\"@type\":\"SearchAction\",\"target\":{\"@type\":\"EntryPoint\",\"urlTemplate\":\"https:\\\/\\\/repliquemangacine.fr\\\/?s={search_term_string}\"},\"query-input\":{\"@type\":\"PropertyValueSpecification\",\"valueRequired\":true,\"valueName\":\"search_term_string\"}}],\"inLanguage\":\"en-US\"},{\"@type\":\"Organization\",\"@id\":\"https:\\\/\\\/repliquemangacine.fr\\\/#organization\",\"name\":\"R\u00e9plique Manga Cin\u00e9\",\"url\":\"https:\\\/\\\/repliquemangacine.fr\\\/\",\"logo\":{\"@type\":\"ImageObject\",\"inLanguage\":\"en-US\",\"@id\":\"https:\\\/\\\/repliquemangacine.fr\\\/#\\\/schema\\\/logo\\\/image\\\/\",\"url\":\"https:\\\/\\\/repliquemangacine.fr\\\/wp-content\\\/uploads\\\/2023\\\/10\\\/RMC-500250.png\",\"contentUrl\":\"https:\\\/\\\/repliquemangacine.fr\\\/wp-content\\\/uploads\\\/2023\\\/10\\\/RMC-500250.png\",\"width\":500,\"height\":250,\"caption\":\"R\u00e9plique Manga Cin\u00e9\"},\"image\":{\"@id\":\"https:\\\/\\\/repliquemangacine.fr\\\/#\\\/schema\\\/logo\\\/image\\\/\"},\"sameAs\":[\"https:\\\/\\\/www.facebook.com\\\/RepliqueMangaCine\",\"https:\\\/\\\/www.instagram.com\\\/repliquemangacine.fr\\\/\"]}]}<\/script>\n<!-- \/ Yoast SEO plugin. -->","yoast_head_json":{"title":"Asuma Naruto Fist - Wild Tracker - Online Shop - RMC","description":"Buy now! This Naruto Asuma Fist replica. All steel. Delivered with two small kuna\u00efs - Total length: 29cm - Shipment 24\/48h","robots":{"index":"index","follow":"follow","max-snippet":"max-snippet:-1","max-image-preview":"max-image-preview:large","max-video-preview":"max-video-preview:-1"},"canonical":"https:\/\/repliquemangacine.fr\/en\/naruto-kunai-and-shuriken\/replica-wild-tracker-dasuma-naruto-fist\/","og_locale":"en_US","og_type":"article","og_title":"Poing Asuma Naruto - Wild Tracker - Boutique en ligne - RMC","og_description":"Achetez vite ! Cette r\u00e9plique du Poing Asuma Naruto. Tout en acier. Livr\u00e9 avec deux petits kuna\u00efs - Longueur totale : 29cm - Envoi 24\/48h","og_url":"https:\/\/repliquemangacine.fr\/en\/naruto-kunai-and-shuriken\/replica-wild-tracker-dasuma-naruto-fist\/","og_site_name":"R\u00e9plique Manga Cin\u00e9","article_publisher":"https:\/\/www.facebook.com\/RepliqueMangaCine","article_modified_time":"2025-12-01T22:54:33+00:00","og_image":[{"width":800,"height":800,"url":"https:\/\/repliquemangacine.fr\/wp-content\/uploads\/2023\/10\/poing-asuma.jpg","type":"image\/jpeg"}],"twitter_card":"summary_large_image","twitter_misc":{"Est. reading time":"1 minute"},"schema":{"@context":"https:\/\/schema.org","@graph":[{"@type":"WebPage","@id":"https:\/\/repliquemangacine.fr\/kunai-et-shuriken-naruto\/replique-wild-tracker-poing-dasuma-naruto\/","url":"https:\/\/repliquemangacine.fr\/kunai-et-shuriken-naruto\/replique-wild-tracker-poing-dasuma-naruto\/","name":"Asuma Naruto Fist - Wild Tracker - Online Shop - RMC","isPartOf":{"@id":"https:\/\/repliquemangacine.fr\/#website"},"primaryImageOfPage":{"@id":"https:\/\/repliquemangacine.fr\/kunai-et-shuriken-naruto\/replique-wild-tracker-poing-dasuma-naruto\/#primaryimage"},"image":{"@id":"https:\/\/repliquemangacine.fr\/kunai-et-shuriken-naruto\/replique-wild-tracker-poing-dasuma-naruto\/#primaryimage"},"thumbnailUrl":"https:\/\/repliquemangacine.fr\/wp-content\/uploads\/2023\/10\/poing-asuma.jpg","datePublished":"2022-05-18T15:20:33+00:00","dateModified":"2025-12-01T22:54:33+00:00","description":"Buy now! This Naruto Asuma Fist replica. All steel. Delivered with two small kuna\u00efs - Total length: 29cm - Shipment 24\/48h","breadcrumb":{"@id":"https:\/\/repliquemangacine.fr\/kunai-et-shuriken-naruto\/replique-wild-tracker-poing-dasuma-naruto\/#breadcrumb"},"inLanguage":"en-US","potentialAction":[{"@type":"ReadAction","target":["https:\/\/repliquemangacine.fr\/kunai-et-shuriken-naruto\/replique-wild-tracker-poing-dasuma-naruto\/"]}]},{"@type":"ImageObject","inLanguage":"en-US","@id":"https:\/\/repliquemangacine.fr\/kunai-et-shuriken-naruto\/replique-wild-tracker-poing-dasuma-naruto\/#primaryimage","url":"https:\/\/repliquemangacine.fr\/wp-content\/uploads\/2023\/10\/poing-asuma.jpg","contentUrl":"https:\/\/repliquemangacine.fr\/wp-content\/uploads\/2023\/10\/poing-asuma.jpg","width":800,"height":800,"caption":"couteau wild tracker Asuma Naruto avec ses deux kuna\u00ef"},{"@type":"BreadcrumbList","@id":"https:\/\/repliquemangacine.fr\/kunai-et-shuriken-naruto\/replique-wild-tracker-poing-dasuma-naruto\/#breadcrumb","itemListElement":[{"@type":"ListItem","position":1,"name":"Accueil","item":"https:\/\/repliquemangacine.fr\/"},{"@type":"ListItem","position":2,"name":"Produits","item":"https:\/\/repliquemangacine.fr\/boutique\/"},{"@type":"ListItem","position":3,"name":"Poing Asuma Naruto"}]},{"@type":"WebSite","@id":"https:\/\/repliquemangacine.fr\/#website","url":"https:\/\/repliquemangacine.fr\/","name":"R\u00e9plique Manga Cin\u00e9","description":"","publisher":{"@id":"https:\/\/repliquemangacine.fr\/#organization"},"potentialAction":[{"@type":"SearchAction","target":{"@type":"EntryPoint","urlTemplate":"https:\/\/repliquemangacine.fr\/?s={search_term_string}"},"query-input":{"@type":"PropertyValueSpecification","valueRequired":true,"valueName":"search_term_string"}}],"inLanguage":"en-US"},{"@type":"Organization","@id":"https:\/\/repliquemangacine.fr\/#organization","name":"R\u00e9plique Manga Cin\u00e9","url":"https:\/\/repliquemangacine.fr\/","logo":{"@type":"ImageObject","inLanguage":"en-US","@id":"https:\/\/repliquemangacine.fr\/#\/schema\/logo\/image\/","url":"https:\/\/repliquemangacine.fr\/wp-content\/uploads\/2023\/10\/RMC-500250.png","contentUrl":"https:\/\/repliquemangacine.fr\/wp-content\/uploads\/2023\/10\/RMC-500250.png","width":500,"height":250,"caption":"R\u00e9plique Manga Cin\u00e9"},"image":{"@id":"https:\/\/repliquemangacine.fr\/#\/schema\/logo\/image\/"},"sameAs":["https:\/\/www.facebook.com\/RepliqueMangaCine","https:\/\/www.instagram.com\/repliquemangacine.fr\/"]}]}},"_links":{"self":[{"href":"https:\/\/repliquemangacine.fr\/en\/wp-json\/wp\/v2\/product\/50654","targetHints":{"allow":["GET"]}}],"collection":[{"href":"https:\/\/repliquemangacine.fr\/en\/wp-json\/wp\/v2\/product"}],"about":[{"href":"https:\/\/repliquemangacine.fr\/en\/wp-json\/wp\/v2\/types\/product"}],"wp:featuredmedia":[{"embeddable":true,"href":"https:\/\/repliquemangacine.fr\/en\/wp-json\/wp\/v2\/media\/50655"}],"wp:attachment":[{"href":"https:\/\/repliquemangacine.fr\/en\/wp-json\/wp\/v2\/media?parent=50654"}],"wp:term":[{"taxonomy":"product_brand","embeddable":true,"href":"https:\/\/repliquemangacine.fr\/en\/wp-json\/wp\/v2\/product_brand?post=50654"},{"taxonomy":"product_cat","embeddable":true,"href":"https:\/\/repliquemangacine.fr\/en\/wp-json\/wp\/v2\/product_cat?post=50654"},{"taxonomy":"product_tag","embeddable":true,"href":"https:\/\/repliquemangacine.fr\/en\/wp-json\/wp\/v2\/product_tag?post=50654"}],"curies":[{"name":"wp","href":"https:\/\/api.w.org\/{rel}","templated":true}]}}