





{"id":50641,"date":"2022-05-18T11:39:18","date_gmt":"2022-05-18T09:39:18","guid":{"rendered":"https:\/\/repliquemangacine.fr\/?post_type=product&#038;p=50641"},"modified":"2025-09-23T18:02:47","modified_gmt":"2025-09-23T16:02:47","slug":"overwatch-mouse-pad-60x40","status":"publish","type":"product","link":"https:\/\/repliquemangacine.fr\/en\/divers-goodies\/tapis-souris-overwatch-60x40\/","title":{"rendered":"Overwatch Mouse Pad"},"content":{"rendered":"<h2>Overwatch Mouse Pad 60\u00d740 - Widowmaker<\/h2>\n<p>To start with, the Overwatch Mouse Pad measures 60 x 40 cm.<\/p>\n<p>The top finish is soft and comfortable for wrists and hands. Heat-treated for precise pointing control. Its soft texture and silky-smooth surface enable more precise mouse movements to maintain excellent speed and control while working or playing.<\/p>\n<p>Hand-stitched locking edge to protect against wear, deformation and delamination. What's more, the bottom surface is made of non-slip rubber, adapting to all flat surfaces.<\/p>\n<p>The coating is waterproof and washable, so no worries if you accidentally spill a drink or other food on the mouse pad.<\/p>\n<p><a href=\"https:\/\/overwatch.fandom.com\/wiki\/Widowmaker\" target=\"_blank\" rel=\"noopener noreferrer\">Widowmaker<\/a>is the archetypal Overwatch sniper.<\/p>\n<h2>Your goodies at the best price.<\/h2>\n<p>We offer a wide selection of katana and sword replicas from your favorite video game Overwatch.<\/p>\n<p>First and foremost,<\/p>\n<ul>\n<li>The katana from <a href=\"https:\/\/repliquemangacine.fr\/en\/other-video-games\/overwatch-sabre-de-genji-blackwatch-epee-lame-de-dragon\/\">Genji Blackwatch<\/a> dragon blade in the Overwatch video game.<\/li>\n<li>There is also the<a href=\"https:\/\/repliquemangacine.fr\/en\/other-video-games\/epee-genji-baihu-nouvel-an-lunaire-overwatch\/\">Baihu sword<\/a> skin of Genji Oni.<\/li>\n<li>As well as the<a href=\"https:\/\/repliquemangacine.fr\/en\/balances\/overwatch-genji-oni-katana-dragon-blade\/\">Genji Oni cyborg sword<\/a> with its very specific guard.<\/li>\n<li>And many more to discover in our online store!<\/li>\n<\/ul>\n<p>That's why this is a great gift idea for all Overwatch fans.<\/p>\n<p>In conclusion, you can use the Overwatch 60\u00d740 Mouse Pad in everyday life or at your gaming parties.<\/p>\n<p>Finally, this mat is heat-treated for precise pointing control.<\/p>\n<p>R\u00e9plique Manga Cin\u00e9 is a French family business<\/p>\n<p>&nbsp;<\/p>","protected":false},"excerpt":{"rendered":"<p>Widowmaker mouse pad in Overwatch<\/p>\n<ul>\n<li>Soft top finish.<\/li>\n<li>Comfortable for wrists and hands.<\/li>\n<li>Heat-treated for precise pointing control.<\/li>\n<li>Hand-sewn locking edge.<\/li>\n<li>Non-slip rubber underside.<\/li>\n<li>Waterproof, washable coating.<\/li>\n<li>Dimensions: 60 X 40 cm<\/li>\n<\/ul>","protected":false},"featured_media":50642,"template":"","meta":[],"product_brand":[896],"product_cat":[98,94,23,67],"product_tag":[],"class_list":{"0":"post-50641","1":"product","2":"type-product","3":"status-publish","4":"has-post-thumbnail","6":"product_brand-replique-manga-cine","7":"product_cat-divers-goodies","8":"product_cat-goodies","9":"product_cat-repliques-manga-jeux-video","10":"product_cat-katana-et-epee-de-jeux-video-autre-jeux-video","12":"first","13":"instock","14":"taxable","15":"shipping-taxable","16":"purchasable","17":"product-type-simple"},"yoast_head":"<!-- This site is optimized with the Yoast SEO plugin v27.4 - https:\/\/yoast.com\/product\/yoast-seo-wordpress\/ -->\n<title>Tapis Souris Overwatch - Boutique en ligne - R\u00e9plique Manga Cin\u00e9<\/title>\n<meta name=\"description\" content=\"Sp\u00e9cial Gamer superbe Tapis Souris Overwatch 60x40 du personnage Widowmaker au meilleur prix - Rev\u00eatement doux - imperm\u00e9able et lavable - Antid\u00e9rapant.\" \/>\n<meta name=\"robots\" content=\"index, follow, max-snippet:-1, max-image-preview:large, max-video-preview:-1\" \/>\n<link rel=\"canonical\" href=\"https:\/\/repliquemangacine.fr\/en\/various-goodies\/overwatch-mouse-pad-60x40\/\" \/>\n<meta property=\"og:locale\" content=\"en_US\" \/>\n<meta property=\"og:type\" content=\"article\" \/>\n<meta property=\"og:title\" content=\"Tapis Souris Overwatch - Boutique en ligne - R\u00e9plique Manga Cin\u00e9\" \/>\n<meta property=\"og:description\" content=\"Sp\u00e9cial Gamer superbe Tapis Souris Overwatch 60x40 du personnage Widowmaker au meilleur prix - Rev\u00eatement doux - imperm\u00e9able et lavable - Antid\u00e9rapant.\" \/>\n<meta property=\"og:url\" content=\"https:\/\/repliquemangacine.fr\/en\/various-goodies\/overwatch-mouse-pad-60x40\/\" \/>\n<meta property=\"og:site_name\" content=\"R\u00e9plique Manga Cin\u00e9\" \/>\n<meta property=\"article:publisher\" content=\"https:\/\/www.facebook.com\/RepliqueMangaCine\" \/>\n<meta property=\"article:modified_time\" content=\"2025-09-23T16:02:47+00:00\" \/>\n<meta property=\"og:image\" content=\"https:\/\/repliquemangacine.fr\/wp-content\/uploads\/2023\/10\/tapis-souris-Overwatch-60X40-cm.jpg\" \/>\n\t<meta property=\"og:image:width\" content=\"600\" \/>\n\t<meta property=\"og:image:height\" content=\"600\" \/>\n\t<meta property=\"og:image:type\" content=\"image\/jpeg\" \/>\n<meta name=\"twitter:card\" content=\"summary_large_image\" \/>\n<meta name=\"twitter:label1\" content=\"Est. reading time\" \/>\n\t<meta name=\"twitter:data1\" content=\"1 minute\" \/>\n<script type=\"application\/ld+json\" class=\"yoast-schema-graph\">{\"@context\":\"https:\\\/\\\/schema.org\",\"@graph\":[{\"@type\":\"WebPage\",\"@id\":\"https:\\\/\\\/repliquemangacine.fr\\\/divers-goodies\\\/tapis-souris-overwatch-60x40\\\/\",\"url\":\"https:\\\/\\\/repliquemangacine.fr\\\/divers-goodies\\\/tapis-souris-overwatch-60x40\\\/\",\"name\":\"Tapis Souris Overwatch - Boutique en ligne - R\u00e9plique Manga Cin\u00e9\",\"isPartOf\":{\"@id\":\"https:\\\/\\\/repliquemangacine.fr\\\/#website\"},\"primaryImageOfPage\":{\"@id\":\"https:\\\/\\\/repliquemangacine.fr\\\/divers-goodies\\\/tapis-souris-overwatch-60x40\\\/#primaryimage\"},\"image\":{\"@id\":\"https:\\\/\\\/repliquemangacine.fr\\\/divers-goodies\\\/tapis-souris-overwatch-60x40\\\/#primaryimage\"},\"thumbnailUrl\":\"https:\\\/\\\/repliquemangacine.fr\\\/wp-content\\\/uploads\\\/2023\\\/10\\\/tapis-souris-Overwatch-60X40-cm.jpg\",\"datePublished\":\"2022-05-18T09:39:18+00:00\",\"dateModified\":\"2025-09-23T16:02:47+00:00\",\"description\":\"Sp\u00e9cial Gamer superbe Tapis Souris Overwatch 60x40 du personnage Widowmaker au meilleur prix - Rev\u00eatement doux - imperm\u00e9able et lavable - Antid\u00e9rapant.\",\"breadcrumb\":{\"@id\":\"https:\\\/\\\/repliquemangacine.fr\\\/divers-goodies\\\/tapis-souris-overwatch-60x40\\\/#breadcrumb\"},\"inLanguage\":\"en-US\",\"potentialAction\":[{\"@type\":\"ReadAction\",\"target\":[\"https:\\\/\\\/repliquemangacine.fr\\\/divers-goodies\\\/tapis-souris-overwatch-60x40\\\/\"]}]},{\"@type\":\"ImageObject\",\"inLanguage\":\"en-US\",\"@id\":\"https:\\\/\\\/repliquemangacine.fr\\\/divers-goodies\\\/tapis-souris-overwatch-60x40\\\/#primaryimage\",\"url\":\"https:\\\/\\\/repliquemangacine.fr\\\/wp-content\\\/uploads\\\/2023\\\/10\\\/tapis-souris-Overwatch-60X40-cm.jpg\",\"contentUrl\":\"https:\\\/\\\/repliquemangacine.fr\\\/wp-content\\\/uploads\\\/2023\\\/10\\\/tapis-souris-Overwatch-60X40-cm.jpg\",\"width\":600,\"height\":600,\"caption\":\"Tapis-souris-Overwatch-60cm antid\u00e9rapant\"},{\"@type\":\"BreadcrumbList\",\"@id\":\"https:\\\/\\\/repliquemangacine.fr\\\/divers-goodies\\\/tapis-souris-overwatch-60x40\\\/#breadcrumb\",\"itemListElement\":[{\"@type\":\"ListItem\",\"position\":1,\"name\":\"Accueil\",\"item\":\"https:\\\/\\\/repliquemangacine.fr\\\/\"},{\"@type\":\"ListItem\",\"position\":2,\"name\":\"Produits\",\"item\":\"https:\\\/\\\/repliquemangacine.fr\\\/boutique\\\/\"},{\"@type\":\"ListItem\",\"position\":3,\"name\":\"Tapis Souris Overwatch\"}]},{\"@type\":\"WebSite\",\"@id\":\"https:\\\/\\\/repliquemangacine.fr\\\/#website\",\"url\":\"https:\\\/\\\/repliquemangacine.fr\\\/\",\"name\":\"R\u00e9plique Manga Cin\u00e9\",\"description\":\"\",\"publisher\":{\"@id\":\"https:\\\/\\\/repliquemangacine.fr\\\/#organization\"},\"potentialAction\":[{\"@type\":\"SearchAction\",\"target\":{\"@type\":\"EntryPoint\",\"urlTemplate\":\"https:\\\/\\\/repliquemangacine.fr\\\/?s={search_term_string}\"},\"query-input\":{\"@type\":\"PropertyValueSpecification\",\"valueRequired\":true,\"valueName\":\"search_term_string\"}}],\"inLanguage\":\"en-US\"},{\"@type\":\"Organization\",\"@id\":\"https:\\\/\\\/repliquemangacine.fr\\\/#organization\",\"name\":\"R\u00e9plique Manga Cin\u00e9\",\"url\":\"https:\\\/\\\/repliquemangacine.fr\\\/\",\"logo\":{\"@type\":\"ImageObject\",\"inLanguage\":\"en-US\",\"@id\":\"https:\\\/\\\/repliquemangacine.fr\\\/#\\\/schema\\\/logo\\\/image\\\/\",\"url\":\"https:\\\/\\\/repliquemangacine.fr\\\/wp-content\\\/uploads\\\/2023\\\/10\\\/RMC-500250.png\",\"contentUrl\":\"https:\\\/\\\/repliquemangacine.fr\\\/wp-content\\\/uploads\\\/2023\\\/10\\\/RMC-500250.png\",\"width\":500,\"height\":250,\"caption\":\"R\u00e9plique Manga Cin\u00e9\"},\"image\":{\"@id\":\"https:\\\/\\\/repliquemangacine.fr\\\/#\\\/schema\\\/logo\\\/image\\\/\"},\"sameAs\":[\"https:\\\/\\\/www.facebook.com\\\/RepliqueMangaCine\",\"https:\\\/\\\/www.instagram.com\\\/repliquemangacine.fr\\\/\"]}]}<\/script>\n<!-- \/ Yoast SEO plugin. -->","yoast_head_json":{"title":"Overwatch Mouse Pad - Online Shop - R\u00e9plique Manga Cin\u00e9","description":"Gamer Special superb Overwatch 60x40 Mouse Pad with Widowmaker character at the best price - Soft coating - waterproof and washable - Non-slip.","robots":{"index":"index","follow":"follow","max-snippet":"max-snippet:-1","max-image-preview":"max-image-preview:large","max-video-preview":"max-video-preview:-1"},"canonical":"https:\/\/repliquemangacine.fr\/en\/various-goodies\/overwatch-mouse-pad-60x40\/","og_locale":"en_US","og_type":"article","og_title":"Tapis Souris Overwatch - Boutique en ligne - R\u00e9plique Manga Cin\u00e9","og_description":"Sp\u00e9cial Gamer superbe Tapis Souris Overwatch 60x40 du personnage Widowmaker au meilleur prix - Rev\u00eatement doux - imperm\u00e9able et lavable - Antid\u00e9rapant.","og_url":"https:\/\/repliquemangacine.fr\/en\/various-goodies\/overwatch-mouse-pad-60x40\/","og_site_name":"R\u00e9plique Manga Cin\u00e9","article_publisher":"https:\/\/www.facebook.com\/RepliqueMangaCine","article_modified_time":"2025-09-23T16:02:47+00:00","og_image":[{"width":600,"height":600,"url":"https:\/\/repliquemangacine.fr\/wp-content\/uploads\/2023\/10\/tapis-souris-Overwatch-60X40-cm.jpg","type":"image\/jpeg"}],"twitter_card":"summary_large_image","twitter_misc":{"Est. reading time":"1 minute"},"schema":{"@context":"https:\/\/schema.org","@graph":[{"@type":"WebPage","@id":"https:\/\/repliquemangacine.fr\/divers-goodies\/tapis-souris-overwatch-60x40\/","url":"https:\/\/repliquemangacine.fr\/divers-goodies\/tapis-souris-overwatch-60x40\/","name":"Overwatch Mouse Pad - Online Shop - R\u00e9plique Manga Cin\u00e9","isPartOf":{"@id":"https:\/\/repliquemangacine.fr\/#website"},"primaryImageOfPage":{"@id":"https:\/\/repliquemangacine.fr\/divers-goodies\/tapis-souris-overwatch-60x40\/#primaryimage"},"image":{"@id":"https:\/\/repliquemangacine.fr\/divers-goodies\/tapis-souris-overwatch-60x40\/#primaryimage"},"thumbnailUrl":"https:\/\/repliquemangacine.fr\/wp-content\/uploads\/2023\/10\/tapis-souris-Overwatch-60X40-cm.jpg","datePublished":"2022-05-18T09:39:18+00:00","dateModified":"2025-09-23T16:02:47+00:00","description":"Gamer Special superb Overwatch 60x40 Mouse Pad with Widowmaker character at the best price - Soft coating - waterproof and washable - Non-slip.","breadcrumb":{"@id":"https:\/\/repliquemangacine.fr\/divers-goodies\/tapis-souris-overwatch-60x40\/#breadcrumb"},"inLanguage":"en-US","potentialAction":[{"@type":"ReadAction","target":["https:\/\/repliquemangacine.fr\/divers-goodies\/tapis-souris-overwatch-60x40\/"]}]},{"@type":"ImageObject","inLanguage":"en-US","@id":"https:\/\/repliquemangacine.fr\/divers-goodies\/tapis-souris-overwatch-60x40\/#primaryimage","url":"https:\/\/repliquemangacine.fr\/wp-content\/uploads\/2023\/10\/tapis-souris-Overwatch-60X40-cm.jpg","contentUrl":"https:\/\/repliquemangacine.fr\/wp-content\/uploads\/2023\/10\/tapis-souris-Overwatch-60X40-cm.jpg","width":600,"height":600,"caption":"Tapis-souris-Overwatch-60cm antid\u00e9rapant"},{"@type":"BreadcrumbList","@id":"https:\/\/repliquemangacine.fr\/divers-goodies\/tapis-souris-overwatch-60x40\/#breadcrumb","itemListElement":[{"@type":"ListItem","position":1,"name":"Accueil","item":"https:\/\/repliquemangacine.fr\/"},{"@type":"ListItem","position":2,"name":"Produits","item":"https:\/\/repliquemangacine.fr\/boutique\/"},{"@type":"ListItem","position":3,"name":"Tapis Souris Overwatch"}]},{"@type":"WebSite","@id":"https:\/\/repliquemangacine.fr\/#website","url":"https:\/\/repliquemangacine.fr\/","name":"R\u00e9plique Manga Cin\u00e9","description":"","publisher":{"@id":"https:\/\/repliquemangacine.fr\/#organization"},"potentialAction":[{"@type":"SearchAction","target":{"@type":"EntryPoint","urlTemplate":"https:\/\/repliquemangacine.fr\/?s={search_term_string}"},"query-input":{"@type":"PropertyValueSpecification","valueRequired":true,"valueName":"search_term_string"}}],"inLanguage":"en-US"},{"@type":"Organization","@id":"https:\/\/repliquemangacine.fr\/#organization","name":"R\u00e9plique Manga Cin\u00e9","url":"https:\/\/repliquemangacine.fr\/","logo":{"@type":"ImageObject","inLanguage":"en-US","@id":"https:\/\/repliquemangacine.fr\/#\/schema\/logo\/image\/","url":"https:\/\/repliquemangacine.fr\/wp-content\/uploads\/2023\/10\/RMC-500250.png","contentUrl":"https:\/\/repliquemangacine.fr\/wp-content\/uploads\/2023\/10\/RMC-500250.png","width":500,"height":250,"caption":"R\u00e9plique Manga Cin\u00e9"},"image":{"@id":"https:\/\/repliquemangacine.fr\/#\/schema\/logo\/image\/"},"sameAs":["https:\/\/www.facebook.com\/RepliqueMangaCine","https:\/\/www.instagram.com\/repliquemangacine.fr\/"]}]}},"_links":{"self":[{"href":"https:\/\/repliquemangacine.fr\/en\/wp-json\/wp\/v2\/product\/50641","targetHints":{"allow":["GET"]}}],"collection":[{"href":"https:\/\/repliquemangacine.fr\/en\/wp-json\/wp\/v2\/product"}],"about":[{"href":"https:\/\/repliquemangacine.fr\/en\/wp-json\/wp\/v2\/types\/product"}],"wp:featuredmedia":[{"embeddable":true,"href":"https:\/\/repliquemangacine.fr\/en\/wp-json\/wp\/v2\/media\/50642"}],"wp:attachment":[{"href":"https:\/\/repliquemangacine.fr\/en\/wp-json\/wp\/v2\/media?parent=50641"}],"wp:term":[{"taxonomy":"product_brand","embeddable":true,"href":"https:\/\/repliquemangacine.fr\/en\/wp-json\/wp\/v2\/product_brand?post=50641"},{"taxonomy":"product_cat","embeddable":true,"href":"https:\/\/repliquemangacine.fr\/en\/wp-json\/wp\/v2\/product_cat?post=50641"},{"taxonomy":"product_tag","embeddable":true,"href":"https:\/\/repliquemangacine.fr\/en\/wp-json\/wp\/v2\/product_tag?post=50641"}],"curies":[{"name":"wp","href":"https:\/\/api.w.org\/{rel}","templated":true}]}}