





{"id":50402,"date":"2022-05-09T14:55:24","date_gmt":"2022-05-09T12:55:24","guid":{"rendered":"https:\/\/repliquemangacine.fr\/?post_type=product&#038;p=50402"},"modified":"2026-02-12T14:17:58","modified_gmt":"2026-02-12T13:17:58","slug":"thranduil-hobbit-short-sword-elven-sword","status":"publish","type":"product","link":"https:\/\/repliquemangacine.fr\/en\/epees-the-hobbit\/epee-courte-de-thranduil-hobbit-sabre-elfique\/","title":{"rendered":"Thranduil short sword"},"content":{"rendered":"<h2>Thranduil's short sword in The Hobbit.<\/h2>\n<p>To begin with, the<strong>Thranduil's short sword<\/strong> is the short version with golden sleeves. Thranduil Greenleaf is a Sindar Elf, King of the Black Forest and father of Legolas.<\/p>\n<p>Thranduil took part in the Battle of the Five Armies. He marches to Erebor with his army to take by force his share of the Lonely Mountain treasure. As he prepares to engage the dwarves of the Iron Mountains who have come to rescue Thorin's Company trapped in Erebor, orcs appear and he joins forces with the dwarves to defeat them.<\/p>\n<p>He fights with rage and bravery, having sworn to kill every orc who gets in his way.<\/p>\n<h2>Your Thranduil short sword at the best price.<\/h2>\n<p>We bring you all the lines of your favorite characters in The Hobbit trilogy.<\/p>\n<p>First and foremost,<\/p>\n<ul>\n<li>The famous <a href=\"https:\/\/repliquemangacine.fr\/en\/swords-the-hobbit\/orcrist-sword-thorin-sword\/\">Orcrist sword<\/a>nicknamed Mordeuse, it's Thorin's oak Ecu sword.<\/li>\n<li>Next, the <a href=\"https:\/\/repliquemangacine.fr\/en\/swords-the-hobbit\/dagues-de-tauriel-the-hobbit\/\">Tauriel's daggers<\/a>the Fighting Elf.<\/li>\n<li>You'll also find some jewelry <a href=\"https:\/\/noblecollection.fr\/\" target=\"_blank\" rel=\"noopener noreferrer\">The Noble Collection.<\/a><\/li>\n<li>And many more to discover in our online store!<\/li>\n<li>So here's a great gift idea for all The Hobbit fans.<\/li>\n<\/ul>\n<p>In conclusion, you can also use this <strong>Thranduil's short sword<\/strong> for your cosplay parades or theme parties. But above all, this Elven sword is also a collector's item and a decorative object.<\/p>\n<h2>How to maintain the blade of your The Hobbit sword?<\/h2>\n<p>Collector's and decorative swords are made and assembled in a simplified way. As their use is decorative, they lack the safety features required of a Japanese sword intended for training.<\/p>\n<p>However, your <strong>Thranduil's short sword<\/strong> to a steel blade that needs to be cared for to avoid damage over time. In fact, when you display your katana, your friends will be curious to see and touch the blade. This is where you need to be careful, as the acidity of your fingers is very harmful to steel, whatever its quality.<\/p>\n<p>However, if this does happen, don't panic - all you need is a cloth dampened with a little oil and a wipe of fingerprints. By doing so, you'll keep your sword looking its best for a very long time.<\/p>","protected":false},"excerpt":{"rendered":"<p>Elven sword used by Thranduil in the golden version of The Hobbit.<\/p>\n<ul>\n<li>440 steel blade with decorations.<\/li>\n<li>Gilded metal handle.<\/li>\n<li>Brown felt-covered scabbard.<\/li>\n<li>Decorated wooden stand.<\/li>\n<li>Total length: 70 cm - Weight: 1.4 Kg<\/li>\n<\/ul>","protected":false},"featured_media":50403,"template":"","meta":[],"product_brand":[896],"product_cat":[69,24,35],"product_tag":[],"class_list":{"0":"post-50402","1":"product","2":"type-product","3":"status-publish","4":"has-post-thumbnail","6":"product_brand-replique-manga-cine","7":"product_cat-epees-the-hobbit","8":"product_cat-films-series-tv-vente-de-katana-epee-et-produits-derives","9":"product_cat-epee-et-bijoux-the-hobbit","11":"first","12":"instock","13":"sale","14":"taxable","15":"shipping-taxable","16":"purchasable","17":"product-type-simple"},"yoast_head":"<!-- This site is optimized with the Yoast SEO plugin v27.4 - https:\/\/yoast.com\/product\/yoast-seo-wordpress\/ -->\n<title>Ep\u00e9e courte Thranduil - The Hobbit - Boutique en ligne - RMC<\/title>\n<meta name=\"description\" content=\"Achetez vite ! L&#039;Ep\u00e9e courte Thranduil dor\u00e9e dans The Hobbit au meilleur prix. Lame en acier - Fourreau - Support bois. Longueur : 70 cm - Envoi 24\/48h\" \/>\n<meta name=\"robots\" content=\"index, follow, max-snippet:-1, max-image-preview:large, max-video-preview:-1\" \/>\n<link rel=\"canonical\" href=\"https:\/\/repliquemangacine.fr\/en\/swords-the-hobbit\/thranduil-hobbit-short-sword-elven-sword\/\" \/>\n<meta property=\"og:locale\" content=\"en_US\" \/>\n<meta property=\"og:type\" content=\"article\" \/>\n<meta property=\"og:title\" content=\"Ep\u00e9e courte Thranduil - The Hobbit - Boutique en ligne - RMC\" \/>\n<meta property=\"og:description\" content=\"Achetez vite ! L&#039;Ep\u00e9e courte Thranduil dor\u00e9e dans The Hobbit au meilleur prix. Lame en acier - Fourreau - Support bois. Longueur : 70 cm - Envoi 24\/48h\" \/>\n<meta property=\"og:url\" content=\"https:\/\/repliquemangacine.fr\/en\/swords-the-hobbit\/thranduil-hobbit-short-sword-elven-sword\/\" \/>\n<meta property=\"og:site_name\" content=\"R\u00e9plique Manga Cin\u00e9\" \/>\n<meta property=\"article:publisher\" content=\"https:\/\/www.facebook.com\/RepliqueMangaCine\" \/>\n<meta property=\"article:modified_time\" content=\"2026-02-12T13:17:58+00:00\" \/>\n<meta property=\"og:image\" content=\"https:\/\/repliquemangacine.fr\/wp-content\/uploads\/2023\/10\/epee-thranduil.jpg\" \/>\n\t<meta property=\"og:image:width\" content=\"800\" \/>\n\t<meta property=\"og:image:height\" content=\"800\" \/>\n\t<meta property=\"og:image:type\" content=\"image\/jpeg\" \/>\n<meta name=\"twitter:card\" content=\"summary_large_image\" \/>\n<meta name=\"twitter:label1\" content=\"Est. reading time\" \/>\n\t<meta name=\"twitter:data1\" content=\"1 minute\" \/>\n<script type=\"application\/ld+json\" class=\"yoast-schema-graph\">{\"@context\":\"https:\\\/\\\/schema.org\",\"@graph\":[{\"@type\":\"WebPage\",\"@id\":\"https:\\\/\\\/repliquemangacine.fr\\\/de\\\/schwerter-the-hobbit\\\/thranduil-hobbit-kurzschwert-elbisches-schwert\\\/\",\"url\":\"https:\\\/\\\/repliquemangacine.fr\\\/de\\\/schwerter-the-hobbit\\\/thranduil-hobbit-kurzschwert-elbisches-schwert\\\/\",\"name\":\"Ep\u00e9e courte Thranduil - The Hobbit - Boutique en ligne - RMC\",\"isPartOf\":{\"@id\":\"https:\\\/\\\/repliquemangacine.fr\\\/#website\"},\"primaryImageOfPage\":{\"@id\":\"https:\\\/\\\/repliquemangacine.fr\\\/de\\\/schwerter-the-hobbit\\\/thranduil-hobbit-kurzschwert-elbisches-schwert\\\/#primaryimage\"},\"image\":{\"@id\":\"https:\\\/\\\/repliquemangacine.fr\\\/de\\\/schwerter-the-hobbit\\\/thranduil-hobbit-kurzschwert-elbisches-schwert\\\/#primaryimage\"},\"thumbnailUrl\":\"https:\\\/\\\/repliquemangacine.fr\\\/wp-content\\\/uploads\\\/2023\\\/10\\\/epee-thranduil.jpg\",\"datePublished\":\"2022-05-09T12:55:24+00:00\",\"dateModified\":\"2026-02-12T13:17:58+00:00\",\"description\":\"Achetez vite ! L'Ep\u00e9e courte Thranduil dor\u00e9e dans The Hobbit au meilleur prix. Lame en acier - Fourreau - Support bois. Longueur : 70 cm - Envoi 24\\\/48h\",\"breadcrumb\":{\"@id\":\"https:\\\/\\\/repliquemangacine.fr\\\/de\\\/schwerter-the-hobbit\\\/thranduil-hobbit-kurzschwert-elbisches-schwert\\\/#breadcrumb\"},\"inLanguage\":\"en-US\",\"potentialAction\":[{\"@type\":\"ReadAction\",\"target\":[\"https:\\\/\\\/repliquemangacine.fr\\\/de\\\/schwerter-the-hobbit\\\/thranduil-hobbit-kurzschwert-elbisches-schwert\\\/\"]}]},{\"@type\":\"ImageObject\",\"inLanguage\":\"en-US\",\"@id\":\"https:\\\/\\\/repliquemangacine.fr\\\/de\\\/schwerter-the-hobbit\\\/thranduil-hobbit-kurzschwert-elbisches-schwert\\\/#primaryimage\",\"url\":\"https:\\\/\\\/repliquemangacine.fr\\\/wp-content\\\/uploads\\\/2023\\\/10\\\/epee-thranduil.jpg\",\"contentUrl\":\"https:\\\/\\\/repliquemangacine.fr\\\/wp-content\\\/uploads\\\/2023\\\/10\\\/epee-thranduil.jpg\",\"width\":800,\"height\":800,\"caption\":\"\u00e9p\u00e9e courte thranduil the hobbit\"},{\"@type\":\"BreadcrumbList\",\"@id\":\"https:\\\/\\\/repliquemangacine.fr\\\/de\\\/schwerter-the-hobbit\\\/thranduil-hobbit-kurzschwert-elbisches-schwert\\\/#breadcrumb\",\"itemListElement\":[{\"@type\":\"ListItem\",\"position\":1,\"name\":\"Accueil\",\"item\":\"https:\\\/\\\/repliquemangacine.fr\\\/\"},{\"@type\":\"ListItem\",\"position\":2,\"name\":\"Produits\",\"item\":\"https:\\\/\\\/repliquemangacine.fr\\\/boutique\\\/\"},{\"@type\":\"ListItem\",\"position\":3,\"name\":\"Ep\u00e9e courte Thranduil\"}]},{\"@type\":\"WebSite\",\"@id\":\"https:\\\/\\\/repliquemangacine.fr\\\/#website\",\"url\":\"https:\\\/\\\/repliquemangacine.fr\\\/\",\"name\":\"R\u00e9plique Manga Cin\u00e9\",\"description\":\"\",\"publisher\":{\"@id\":\"https:\\\/\\\/repliquemangacine.fr\\\/#organization\"},\"potentialAction\":[{\"@type\":\"SearchAction\",\"target\":{\"@type\":\"EntryPoint\",\"urlTemplate\":\"https:\\\/\\\/repliquemangacine.fr\\\/?s={search_term_string}\"},\"query-input\":{\"@type\":\"PropertyValueSpecification\",\"valueRequired\":true,\"valueName\":\"search_term_string\"}}],\"inLanguage\":\"en-US\"},{\"@type\":\"Organization\",\"@id\":\"https:\\\/\\\/repliquemangacine.fr\\\/#organization\",\"name\":\"R\u00e9plique Manga Cin\u00e9\",\"url\":\"https:\\\/\\\/repliquemangacine.fr\\\/\",\"logo\":{\"@type\":\"ImageObject\",\"inLanguage\":\"en-US\",\"@id\":\"https:\\\/\\\/repliquemangacine.fr\\\/#\\\/schema\\\/logo\\\/image\\\/\",\"url\":\"https:\\\/\\\/repliquemangacine.fr\\\/wp-content\\\/uploads\\\/2023\\\/10\\\/RMC-500250.png\",\"contentUrl\":\"https:\\\/\\\/repliquemangacine.fr\\\/wp-content\\\/uploads\\\/2023\\\/10\\\/RMC-500250.png\",\"width\":500,\"height\":250,\"caption\":\"R\u00e9plique Manga Cin\u00e9\"},\"image\":{\"@id\":\"https:\\\/\\\/repliquemangacine.fr\\\/#\\\/schema\\\/logo\\\/image\\\/\"},\"sameAs\":[\"https:\\\/\\\/www.facebook.com\\\/RepliqueMangaCine\",\"https:\\\/\\\/www.instagram.com\\\/repliquemangacine.fr\\\/\"]}]}<\/script>\n<!-- \/ Yoast SEO plugin. -->","yoast_head_json":{"title":"Thranduil short sword - The Hobbit - Online Shop - RMC","description":"Buy now! The golden Thranduil short sword in The Hobbit at the best price. Steel blade - Scabbard - Wooden stand. Length : 70 cm - Shipment 24\/48h","robots":{"index":"index","follow":"follow","max-snippet":"max-snippet:-1","max-image-preview":"max-image-preview:large","max-video-preview":"max-video-preview:-1"},"canonical":"https:\/\/repliquemangacine.fr\/en\/swords-the-hobbit\/thranduil-hobbit-short-sword-elven-sword\/","og_locale":"en_US","og_type":"article","og_title":"Ep\u00e9e courte Thranduil - The Hobbit - Boutique en ligne - RMC","og_description":"Achetez vite ! L'Ep\u00e9e courte Thranduil dor\u00e9e dans The Hobbit au meilleur prix. Lame en acier - Fourreau - Support bois. Longueur : 70 cm - Envoi 24\/48h","og_url":"https:\/\/repliquemangacine.fr\/en\/swords-the-hobbit\/thranduil-hobbit-short-sword-elven-sword\/","og_site_name":"R\u00e9plique Manga Cin\u00e9","article_publisher":"https:\/\/www.facebook.com\/RepliqueMangaCine","article_modified_time":"2026-02-12T13:17:58+00:00","og_image":[{"width":800,"height":800,"url":"https:\/\/repliquemangacine.fr\/wp-content\/uploads\/2023\/10\/epee-thranduil.jpg","type":"image\/jpeg"}],"twitter_card":"summary_large_image","twitter_misc":{"Est. reading time":"1 minute"},"schema":{"@context":"https:\/\/schema.org","@graph":[{"@type":"WebPage","@id":"https:\/\/repliquemangacine.fr\/de\/schwerter-the-hobbit\/thranduil-hobbit-kurzschwert-elbisches-schwert\/","url":"https:\/\/repliquemangacine.fr\/de\/schwerter-the-hobbit\/thranduil-hobbit-kurzschwert-elbisches-schwert\/","name":"Thranduil short sword - The Hobbit - Online Shop - RMC","isPartOf":{"@id":"https:\/\/repliquemangacine.fr\/#website"},"primaryImageOfPage":{"@id":"https:\/\/repliquemangacine.fr\/de\/schwerter-the-hobbit\/thranduil-hobbit-kurzschwert-elbisches-schwert\/#primaryimage"},"image":{"@id":"https:\/\/repliquemangacine.fr\/de\/schwerter-the-hobbit\/thranduil-hobbit-kurzschwert-elbisches-schwert\/#primaryimage"},"thumbnailUrl":"https:\/\/repliquemangacine.fr\/wp-content\/uploads\/2023\/10\/epee-thranduil.jpg","datePublished":"2022-05-09T12:55:24+00:00","dateModified":"2026-02-12T13:17:58+00:00","description":"Buy now! The golden Thranduil short sword in The Hobbit at the best price. Steel blade - Scabbard - Wooden stand. Length : 70 cm - Shipment 24\/48h","breadcrumb":{"@id":"https:\/\/repliquemangacine.fr\/de\/schwerter-the-hobbit\/thranduil-hobbit-kurzschwert-elbisches-schwert\/#breadcrumb"},"inLanguage":"en-US","potentialAction":[{"@type":"ReadAction","target":["https:\/\/repliquemangacine.fr\/de\/schwerter-the-hobbit\/thranduil-hobbit-kurzschwert-elbisches-schwert\/"]}]},{"@type":"ImageObject","inLanguage":"en-US","@id":"https:\/\/repliquemangacine.fr\/de\/schwerter-the-hobbit\/thranduil-hobbit-kurzschwert-elbisches-schwert\/#primaryimage","url":"https:\/\/repliquemangacine.fr\/wp-content\/uploads\/2023\/10\/epee-thranduil.jpg","contentUrl":"https:\/\/repliquemangacine.fr\/wp-content\/uploads\/2023\/10\/epee-thranduil.jpg","width":800,"height":800,"caption":"\u00e9p\u00e9e courte thranduil the hobbit"},{"@type":"BreadcrumbList","@id":"https:\/\/repliquemangacine.fr\/de\/schwerter-the-hobbit\/thranduil-hobbit-kurzschwert-elbisches-schwert\/#breadcrumb","itemListElement":[{"@type":"ListItem","position":1,"name":"Accueil","item":"https:\/\/repliquemangacine.fr\/"},{"@type":"ListItem","position":2,"name":"Produits","item":"https:\/\/repliquemangacine.fr\/boutique\/"},{"@type":"ListItem","position":3,"name":"Ep\u00e9e courte Thranduil"}]},{"@type":"WebSite","@id":"https:\/\/repliquemangacine.fr\/#website","url":"https:\/\/repliquemangacine.fr\/","name":"R\u00e9plique Manga Cin\u00e9","description":"","publisher":{"@id":"https:\/\/repliquemangacine.fr\/#organization"},"potentialAction":[{"@type":"SearchAction","target":{"@type":"EntryPoint","urlTemplate":"https:\/\/repliquemangacine.fr\/?s={search_term_string}"},"query-input":{"@type":"PropertyValueSpecification","valueRequired":true,"valueName":"search_term_string"}}],"inLanguage":"en-US"},{"@type":"Organization","@id":"https:\/\/repliquemangacine.fr\/#organization","name":"R\u00e9plique Manga Cin\u00e9","url":"https:\/\/repliquemangacine.fr\/","logo":{"@type":"ImageObject","inLanguage":"en-US","@id":"https:\/\/repliquemangacine.fr\/#\/schema\/logo\/image\/","url":"https:\/\/repliquemangacine.fr\/wp-content\/uploads\/2023\/10\/RMC-500250.png","contentUrl":"https:\/\/repliquemangacine.fr\/wp-content\/uploads\/2023\/10\/RMC-500250.png","width":500,"height":250,"caption":"R\u00e9plique Manga Cin\u00e9"},"image":{"@id":"https:\/\/repliquemangacine.fr\/#\/schema\/logo\/image\/"},"sameAs":["https:\/\/www.facebook.com\/RepliqueMangaCine","https:\/\/www.instagram.com\/repliquemangacine.fr\/"]}]}},"_links":{"self":[{"href":"https:\/\/repliquemangacine.fr\/en\/wp-json\/wp\/v2\/product\/50402","targetHints":{"allow":["GET"]}}],"collection":[{"href":"https:\/\/repliquemangacine.fr\/en\/wp-json\/wp\/v2\/product"}],"about":[{"href":"https:\/\/repliquemangacine.fr\/en\/wp-json\/wp\/v2\/types\/product"}],"wp:featuredmedia":[{"embeddable":true,"href":"https:\/\/repliquemangacine.fr\/en\/wp-json\/wp\/v2\/media\/50403"}],"wp:attachment":[{"href":"https:\/\/repliquemangacine.fr\/en\/wp-json\/wp\/v2\/media?parent=50402"}],"wp:term":[{"taxonomy":"product_brand","embeddable":true,"href":"https:\/\/repliquemangacine.fr\/en\/wp-json\/wp\/v2\/product_brand?post=50402"},{"taxonomy":"product_cat","embeddable":true,"href":"https:\/\/repliquemangacine.fr\/en\/wp-json\/wp\/v2\/product_cat?post=50402"},{"taxonomy":"product_tag","embeddable":true,"href":"https:\/\/repliquemangacine.fr\/en\/wp-json\/wp\/v2\/product_tag?post=50402"}],"curies":[{"name":"wp","href":"https:\/\/api.w.org\/{rel}","templated":true}]}}