





{"id":50105,"date":"2022-04-28T15:38:18","date_gmt":"2022-04-28T13:38:18","guid":{"rendered":"https:\/\/repliquemangacine.fr\/?post_type=product&#038;p=50105"},"modified":"2026-02-20T17:13:00","modified_gmt":"2026-02-20T16:13:00","slug":"yusuf-kama-wand-fantasy-animals","status":"publish","type":"product","link":"https:\/\/repliquemangacine.fr\/en\/les-animaux-fantastiques\/baguette-yusuf-kama-les-animaux-fantastiques\/","title":{"rendered":"Wand Yusuf Kama Fantastic Animals"},"content":{"rendered":"<h2>Yusuf Kama wand - Fantastic Beasts<\/h2>\n<p>To begin with, the <strong>Yusuf Kama wand<\/strong>, is made of resin with a metal core. He is a pure-blood wizard, son of Mustafa Kama and Laurena Kama. According to the script for the film Fantastic Beasts: The Crimes of Grindelwald, Yusuf Kama was born around 1884.<\/p>\n<p>Devastated by the death of his wife, his father Mustafa makes an Unbreakable Vow with his son. Yusuf vows to kill the person Corvus Lestrange IV loves most of all to avenge his mother.<\/p>\n<p>First, he thinks about eliminating <a href=\"https:\/\/harrypotter.fandom.com\/fr\/wiki\/Leta_Lestrange\" target=\"_blank\" rel=\"noopener noreferrer\">Leta Lestrange<\/a>his half-sister, the daughter of Corvus Lestrange, only to discover that he had never loved her.<\/p>\n<h2>Your inexpensive Yusuf Kama chopstick.<\/h2>\n<p>We offer a wide selection of Fantastic Beasts magic wands with metal cores at low prices.<\/p>\n<p>To get started,<\/p>\n<ul>\n<li>Visit <a href=\"https:\/\/repliquemangacine.fr\/en\/fantastic-animals\/baguette-norbert-dragonneau-metal-core\/\">Norbert Dragonneau's magic wand<\/a> in Fantastic Beasts and Harry Potter.<\/li>\n<li>But also Leta Lestrange in Les Animaux Fantstiques.<\/li>\n<li>And many more to discover in our online store!<\/li>\n<\/ul>\n<p>Here's a great gift idea for all Harry Potter fans!<\/p>\n<p>In conclusion, you can also use this <strong>Yusuf Kama's baton<\/strong> for your cosplays or theme parties. But above all, it's a decorative collector's item.<\/p>\n<p>R\u00e9plique Manga Cin\u00e9 is a French family business.<\/p>\n<h2>How are wizards' wands made?<\/h2>\n<p>A wand is an object made up of two variable elements: wood, usually from a tree, and the so-called wand core, which can come from a variety of magical creatures or plants. It is a tool used by wizards and witches to sharpen their spells and obtain better results when using magic.<\/p>\n<p>Our chopsticks are made of moulded resin, with a metal rod at the heart of the chopstick, which gives your <strong>baguette Yusuf Kama<\/strong> remarkable resistance.<\/p>\n<p>It's worth pointing out that most wizards buy their wand at the age of eleven before beginning their magical education. Young wizards can buy their wand themselves from a vendor, with British students traditionally going to Ollivander's.<\/p>\n<p>&nbsp;<\/p>","protected":false},"excerpt":{"rendered":"<p>Yusuf Kama's wand inspired by the Fantastic Beasts saga.<\/p>\n<ul>\n<li>Resin rod, imitates light brown wood<\/li>\n<li>Metal core.<\/li>\n<li>Collector's character box with blue velvet interior.<\/li>\n<li>Character card.<\/li>\n<li>Length: 35 cm<\/li>\n<\/ul>","protected":false},"featured_media":50106,"template":"","meta":[],"product_brand":[896],"product_cat":[24,104,101],"product_tag":[],"class_list":{"0":"post-50105","1":"product","2":"type-product","3":"status-publish","4":"has-post-thumbnail","6":"product_brand-replique-manga-cine","7":"product_cat-films-series-tv-vente-de-katana-epee-et-produits-derives","8":"product_cat-les-animaux-fantastiques","9":"product_cat-soldes","11":"first","12":"instock","13":"sale","14":"taxable","15":"shipping-taxable","16":"purchasable","17":"product-type-simple"},"yoast_head":"<!-- This site is optimized with the Yoast SEO plugin v27.5 - https:\/\/yoast.com\/product\/yoast-seo-wordpress\/ -->\n<title>Baguette Yusuf Kama - Fantastic Beasts - R\u00e9plique Manga Cin\u00e9<\/title>\n<meta name=\"description\" content=\"Offrez-lui cette baguette de Yusuf Kama dans les animaux fantastiques au meilleur prix. En r\u00e9sine - Peint \u00e0 la main - Noyau m\u00e9tal - Longueur : 35 cm\" \/>\n<meta name=\"robots\" content=\"index, follow, max-snippet:-1, max-image-preview:large, max-video-preview:-1\" \/>\n<link rel=\"canonical\" href=\"https:\/\/repliquemangacine.fr\/en\/fantastic-animals\/yusuf-kama-wand-fantasy-animals\/\" \/>\n<meta property=\"og:locale\" content=\"en_US\" \/>\n<meta property=\"og:type\" content=\"article\" \/>\n<meta property=\"og:title\" content=\"Baguette Yusuf Kama - Fantastic Beasts - R\u00e9plique Manga Cin\u00e9\" \/>\n<meta property=\"og:description\" content=\"Offrez-lui cette baguette de Yusuf Kama dans les animaux fantastiques au meilleur prix. En r\u00e9sine - Peint \u00e0 la main - Noyau m\u00e9tal - Longueur : 35 cm\" \/>\n<meta property=\"og:url\" content=\"https:\/\/repliquemangacine.fr\/en\/fantastic-animals\/yusuf-kama-wand-fantasy-animals\/\" \/>\n<meta property=\"og:site_name\" content=\"R\u00e9plique Manga Cin\u00e9\" \/>\n<meta property=\"article:publisher\" content=\"https:\/\/www.facebook.com\/RepliqueMangaCine\" \/>\n<meta property=\"article:modified_time\" content=\"2026-02-20T16:13:00+00:00\" \/>\n<meta property=\"og:image\" content=\"https:\/\/repliquemangacine.fr\/wp-content\/uploads\/2023\/10\/baguette-yusuf-kama-replique.jpg\" \/>\n\t<meta property=\"og:image:width\" content=\"600\" \/>\n\t<meta property=\"og:image:height\" content=\"600\" \/>\n\t<meta property=\"og:image:type\" content=\"image\/jpeg\" \/>\n<meta name=\"twitter:card\" content=\"summary_large_image\" \/>\n<meta name=\"twitter:label1\" content=\"Est. reading time\" \/>\n\t<meta name=\"twitter:data1\" content=\"2 minutes\" \/>\n<script type=\"application\/ld+json\" class=\"yoast-schema-graph\">{\"@context\":\"https:\\\/\\\/schema.org\",\"@graph\":[{\"@type\":\"WebPage\",\"@id\":\"https:\\\/\\\/repliquemangacine.fr\\\/les-animaux-fantastiques\\\/baguette-yusuf-kama-les-animaux-fantastiques\\\/\",\"url\":\"https:\\\/\\\/repliquemangacine.fr\\\/les-animaux-fantastiques\\\/baguette-yusuf-kama-les-animaux-fantastiques\\\/\",\"name\":\"Baguette Yusuf Kama - Fantastic Beasts - R\u00e9plique Manga Cin\u00e9\",\"isPartOf\":{\"@id\":\"https:\\\/\\\/repliquemangacine.fr\\\/#website\"},\"primaryImageOfPage\":{\"@id\":\"https:\\\/\\\/repliquemangacine.fr\\\/les-animaux-fantastiques\\\/baguette-yusuf-kama-les-animaux-fantastiques\\\/#primaryimage\"},\"image\":{\"@id\":\"https:\\\/\\\/repliquemangacine.fr\\\/les-animaux-fantastiques\\\/baguette-yusuf-kama-les-animaux-fantastiques\\\/#primaryimage\"},\"thumbnailUrl\":\"https:\\\/\\\/repliquemangacine.fr\\\/wp-content\\\/uploads\\\/2023\\\/10\\\/baguette-yusuf-kama-replique.jpg\",\"datePublished\":\"2022-04-28T13:38:18+00:00\",\"dateModified\":\"2026-02-20T16:13:00+00:00\",\"description\":\"Offrez-lui cette baguette de Yusuf Kama dans les animaux fantastiques au meilleur prix. En r\u00e9sine - Peint \u00e0 la main - Noyau m\u00e9tal - Longueur : 35 cm\",\"breadcrumb\":{\"@id\":\"https:\\\/\\\/repliquemangacine.fr\\\/les-animaux-fantastiques\\\/baguette-yusuf-kama-les-animaux-fantastiques\\\/#breadcrumb\"},\"inLanguage\":\"en-US\",\"potentialAction\":[{\"@type\":\"ReadAction\",\"target\":[\"https:\\\/\\\/repliquemangacine.fr\\\/les-animaux-fantastiques\\\/baguette-yusuf-kama-les-animaux-fantastiques\\\/\"]}]},{\"@type\":\"ImageObject\",\"inLanguage\":\"en-US\",\"@id\":\"https:\\\/\\\/repliquemangacine.fr\\\/les-animaux-fantastiques\\\/baguette-yusuf-kama-les-animaux-fantastiques\\\/#primaryimage\",\"url\":\"https:\\\/\\\/repliquemangacine.fr\\\/wp-content\\\/uploads\\\/2023\\\/10\\\/baguette-yusuf-kama-replique.jpg\",\"contentUrl\":\"https:\\\/\\\/repliquemangacine.fr\\\/wp-content\\\/uploads\\\/2023\\\/10\\\/baguette-yusuf-kama-replique.jpg\",\"width\":600,\"height\":600,\"caption\":\"Baguette r\u00e9sine de Yusuf Kama les animaux fantastiques\"},{\"@type\":\"BreadcrumbList\",\"@id\":\"https:\\\/\\\/repliquemangacine.fr\\\/les-animaux-fantastiques\\\/baguette-yusuf-kama-les-animaux-fantastiques\\\/#breadcrumb\",\"itemListElement\":[{\"@type\":\"ListItem\",\"position\":1,\"name\":\"Accueil\",\"item\":\"https:\\\/\\\/repliquemangacine.fr\\\/\"},{\"@type\":\"ListItem\",\"position\":2,\"name\":\"Produits\",\"item\":\"https:\\\/\\\/repliquemangacine.fr\\\/boutique\\\/\"},{\"@type\":\"ListItem\",\"position\":3,\"name\":\"Baguette Yusuf Kama Animaux Fantastiques\"}]},{\"@type\":\"WebSite\",\"@id\":\"https:\\\/\\\/repliquemangacine.fr\\\/#website\",\"url\":\"https:\\\/\\\/repliquemangacine.fr\\\/\",\"name\":\"R\u00e9plique Manga Cin\u00e9\",\"description\":\"\",\"publisher\":{\"@id\":\"https:\\\/\\\/repliquemangacine.fr\\\/#organization\"},\"potentialAction\":[{\"@type\":\"SearchAction\",\"target\":{\"@type\":\"EntryPoint\",\"urlTemplate\":\"https:\\\/\\\/repliquemangacine.fr\\\/?s={search_term_string}\"},\"query-input\":{\"@type\":\"PropertyValueSpecification\",\"valueRequired\":true,\"valueName\":\"search_term_string\"}}],\"inLanguage\":\"en-US\"},{\"@type\":\"Organization\",\"@id\":\"https:\\\/\\\/repliquemangacine.fr\\\/#organization\",\"name\":\"R\u00e9plique Manga Cin\u00e9\",\"url\":\"https:\\\/\\\/repliquemangacine.fr\\\/\",\"logo\":{\"@type\":\"ImageObject\",\"inLanguage\":\"en-US\",\"@id\":\"https:\\\/\\\/repliquemangacine.fr\\\/#\\\/schema\\\/logo\\\/image\\\/\",\"url\":\"https:\\\/\\\/repliquemangacine.fr\\\/wp-content\\\/uploads\\\/2023\\\/10\\\/RMC-500250.png\",\"contentUrl\":\"https:\\\/\\\/repliquemangacine.fr\\\/wp-content\\\/uploads\\\/2023\\\/10\\\/RMC-500250.png\",\"width\":500,\"height\":250,\"caption\":\"R\u00e9plique Manga Cin\u00e9\"},\"image\":{\"@id\":\"https:\\\/\\\/repliquemangacine.fr\\\/#\\\/schema\\\/logo\\\/image\\\/\"},\"sameAs\":[\"https:\\\/\\\/www.facebook.com\\\/RepliqueMangaCine\",\"https:\\\/\\\/www.instagram.com\\\/repliquemangacine.fr\\\/\"]}]}<\/script>\n<!-- \/ Yoast SEO plugin. -->","yoast_head_json":{"title":"Yusuf Kama Wand - Fantastic Beasts - R\u00e9plique Manga Cin\u00e9","description":"Offer him this wand from Yusuf Kama in Fantastic Animals at the best price. Resin - Hand-painted - Metal core - Length: 35 cm","robots":{"index":"index","follow":"follow","max-snippet":"max-snippet:-1","max-image-preview":"max-image-preview:large","max-video-preview":"max-video-preview:-1"},"canonical":"https:\/\/repliquemangacine.fr\/en\/fantastic-animals\/yusuf-kama-wand-fantasy-animals\/","og_locale":"en_US","og_type":"article","og_title":"Baguette Yusuf Kama - Fantastic Beasts - R\u00e9plique Manga Cin\u00e9","og_description":"Offrez-lui cette baguette de Yusuf Kama dans les animaux fantastiques au meilleur prix. En r\u00e9sine - Peint \u00e0 la main - Noyau m\u00e9tal - Longueur : 35 cm","og_url":"https:\/\/repliquemangacine.fr\/en\/fantastic-animals\/yusuf-kama-wand-fantasy-animals\/","og_site_name":"R\u00e9plique Manga Cin\u00e9","article_publisher":"https:\/\/www.facebook.com\/RepliqueMangaCine","article_modified_time":"2026-02-20T16:13:00+00:00","og_image":[{"width":600,"height":600,"url":"https:\/\/repliquemangacine.fr\/wp-content\/uploads\/2023\/10\/baguette-yusuf-kama-replique.jpg","type":"image\/jpeg"}],"twitter_card":"summary_large_image","twitter_misc":{"Est. reading time":"2 minutes"},"schema":{"@context":"https:\/\/schema.org","@graph":[{"@type":"WebPage","@id":"https:\/\/repliquemangacine.fr\/les-animaux-fantastiques\/baguette-yusuf-kama-les-animaux-fantastiques\/","url":"https:\/\/repliquemangacine.fr\/les-animaux-fantastiques\/baguette-yusuf-kama-les-animaux-fantastiques\/","name":"Yusuf Kama Wand - Fantastic Beasts - R\u00e9plique Manga Cin\u00e9","isPartOf":{"@id":"https:\/\/repliquemangacine.fr\/#website"},"primaryImageOfPage":{"@id":"https:\/\/repliquemangacine.fr\/les-animaux-fantastiques\/baguette-yusuf-kama-les-animaux-fantastiques\/#primaryimage"},"image":{"@id":"https:\/\/repliquemangacine.fr\/les-animaux-fantastiques\/baguette-yusuf-kama-les-animaux-fantastiques\/#primaryimage"},"thumbnailUrl":"https:\/\/repliquemangacine.fr\/wp-content\/uploads\/2023\/10\/baguette-yusuf-kama-replique.jpg","datePublished":"2022-04-28T13:38:18+00:00","dateModified":"2026-02-20T16:13:00+00:00","description":"Offer him this wand from Yusuf Kama in Fantastic Animals at the best price. Resin - Hand-painted - Metal core - Length: 35 cm","breadcrumb":{"@id":"https:\/\/repliquemangacine.fr\/les-animaux-fantastiques\/baguette-yusuf-kama-les-animaux-fantastiques\/#breadcrumb"},"inLanguage":"en-US","potentialAction":[{"@type":"ReadAction","target":["https:\/\/repliquemangacine.fr\/les-animaux-fantastiques\/baguette-yusuf-kama-les-animaux-fantastiques\/"]}]},{"@type":"ImageObject","inLanguage":"en-US","@id":"https:\/\/repliquemangacine.fr\/les-animaux-fantastiques\/baguette-yusuf-kama-les-animaux-fantastiques\/#primaryimage","url":"https:\/\/repliquemangacine.fr\/wp-content\/uploads\/2023\/10\/baguette-yusuf-kama-replique.jpg","contentUrl":"https:\/\/repliquemangacine.fr\/wp-content\/uploads\/2023\/10\/baguette-yusuf-kama-replique.jpg","width":600,"height":600,"caption":"Baguette r\u00e9sine de Yusuf Kama les animaux fantastiques"},{"@type":"BreadcrumbList","@id":"https:\/\/repliquemangacine.fr\/les-animaux-fantastiques\/baguette-yusuf-kama-les-animaux-fantastiques\/#breadcrumb","itemListElement":[{"@type":"ListItem","position":1,"name":"Accueil","item":"https:\/\/repliquemangacine.fr\/"},{"@type":"ListItem","position":2,"name":"Produits","item":"https:\/\/repliquemangacine.fr\/boutique\/"},{"@type":"ListItem","position":3,"name":"Baguette Yusuf Kama Animaux Fantastiques"}]},{"@type":"WebSite","@id":"https:\/\/repliquemangacine.fr\/#website","url":"https:\/\/repliquemangacine.fr\/","name":"R\u00e9plique Manga Cin\u00e9","description":"","publisher":{"@id":"https:\/\/repliquemangacine.fr\/#organization"},"potentialAction":[{"@type":"SearchAction","target":{"@type":"EntryPoint","urlTemplate":"https:\/\/repliquemangacine.fr\/?s={search_term_string}"},"query-input":{"@type":"PropertyValueSpecification","valueRequired":true,"valueName":"search_term_string"}}],"inLanguage":"en-US"},{"@type":"Organization","@id":"https:\/\/repliquemangacine.fr\/#organization","name":"R\u00e9plique Manga Cin\u00e9","url":"https:\/\/repliquemangacine.fr\/","logo":{"@type":"ImageObject","inLanguage":"en-US","@id":"https:\/\/repliquemangacine.fr\/#\/schema\/logo\/image\/","url":"https:\/\/repliquemangacine.fr\/wp-content\/uploads\/2023\/10\/RMC-500250.png","contentUrl":"https:\/\/repliquemangacine.fr\/wp-content\/uploads\/2023\/10\/RMC-500250.png","width":500,"height":250,"caption":"R\u00e9plique Manga Cin\u00e9"},"image":{"@id":"https:\/\/repliquemangacine.fr\/#\/schema\/logo\/image\/"},"sameAs":["https:\/\/www.facebook.com\/RepliqueMangaCine","https:\/\/www.instagram.com\/repliquemangacine.fr\/"]}]}},"_links":{"self":[{"href":"https:\/\/repliquemangacine.fr\/en\/wp-json\/wp\/v2\/product\/50105","targetHints":{"allow":["GET"]}}],"collection":[{"href":"https:\/\/repliquemangacine.fr\/en\/wp-json\/wp\/v2\/product"}],"about":[{"href":"https:\/\/repliquemangacine.fr\/en\/wp-json\/wp\/v2\/types\/product"}],"wp:featuredmedia":[{"embeddable":true,"href":"https:\/\/repliquemangacine.fr\/en\/wp-json\/wp\/v2\/media\/50106"}],"wp:attachment":[{"href":"https:\/\/repliquemangacine.fr\/en\/wp-json\/wp\/v2\/media?parent=50105"}],"wp:term":[{"taxonomy":"product_brand","embeddable":true,"href":"https:\/\/repliquemangacine.fr\/en\/wp-json\/wp\/v2\/product_brand?post=50105"},{"taxonomy":"product_cat","embeddable":true,"href":"https:\/\/repliquemangacine.fr\/en\/wp-json\/wp\/v2\/product_cat?post=50105"},{"taxonomy":"product_tag","embeddable":true,"href":"https:\/\/repliquemangacine.fr\/en\/wp-json\/wp\/v2\/product_tag?post=50105"}],"curies":[{"name":"wp","href":"https:\/\/api.w.org\/{rel}","templated":true}]}}