





{"id":50075,"date":"2022-04-28T12:26:25","date_gmt":"2022-04-28T10:26:25","guid":{"rendered":"https:\/\/repliquemangacine.fr\/?post_type=product&#038;p=50075"},"modified":"2026-02-20T17:14:13","modified_gmt":"2026-02-20T16:14:13","slug":"wand-queenie-goldstein-fantastic-animals","status":"publish","type":"product","link":"https:\/\/repliquemangacine.fr\/en\/les-animaux-fantastiques\/baguette-queenie-goldstein-animaux-fantastiques\/","title":{"rendered":"Queenie Baguette"},"content":{"rendered":"<h2>Queenie Goldstein's wand - Fantastic Beasts<\/h2>\n<p>To begin with, the <strong>Queenie Goldstein wand<\/strong>, is made entirely of resin with a central metal core.<\/p>\n<p>Queenie is Porpentina Goldstein's little sister. Described as extremely beautiful, with a big heart and a free spirit. She's also an accomplished Legilimens. Queenie lives with her sister, Tina, in an apartment in New York.<\/p>\n<p>One December evening, Queenie welcomes Norbert Dragonneau and Jacob Kowalski, whom Tina is taking home. She is hospitable to both men, and particularly helpful to Jacob, who is feeling unwell. Over dinner, Queenie gets close to Jacob Kowalski despite her sister's warning not to get too attached.<\/p>\n<p>Queenie bewitches Jacob Kowalski into agreeing to marry her. He doesn't want their budding relationship to be detrimental to the young woman, who could be pursued by the <a href=\"https:\/\/harrypotter.fandom.com\/fr\/wiki\/Congr\u00e8s_magique_des_\u00c9tats-Unis_d'Am\u00e9rique?so=search\" target=\"_blank\" rel=\"noopener noreferrer\">MACUSA<\/a> because she's dating a Non-Maj.<\/p>\n<h2>Your inexpensive Goldstein Queenie Baguette.<\/h2>\n<p>We offer a wide selection of Fantastic Beasts Magic Wands.<\/p>\n<p>First and foremost,<\/p>\n<ul>\n<li>Visit <a href=\"https:\/\/repliquemangacine.fr\/en\/fantastic-animals\/baguette-porpentina-goldstein-fantastic-beasts\/\">Goldstein Porpentina rod<\/a>Queenie's sister in Fantastic Beasts.<\/li>\n<li>But also Rudolph Spielman in Les Animaux Fantstiques.<\/li>\n<li>And many more to discover in our online store!<\/li>\n<\/ul>\n<p>Here's a great gift idea for all Harry Potter fans!<\/p>\n<p>In conclusion, you can also use this <strong>Queenie Goldstein wand<\/strong> for your cosplays or theme parties. But above all, it's a decorative collector's item.<\/p>\n<p>R\u00e9plique Manga Cin\u00e9 is a French family business.<\/p>\n<h2>How are wizards' wands made?<\/h2>\n<p>A wand is an object made up of two variable elements: wood, usually from a tree, and the so-called wand core, which can come from a variety of magical creatures or plants. It is a tool used by wizards and witches to sharpen their spells and obtain better results when using magic.<\/p>\n<p>Our chopsticks are made of moulded resin, with a metal rod at the heart of the chopstick, which gives your <strong>Queenie Goldstein wand<\/strong> remarkable resistance.<\/p>\n<p>It's worth pointing out that most wizards buy their wand at the age of eleven before beginning their magical education. Young wizards can buy their wand themselves from a vendor, with British students traditionally going to Ollivander's.<\/p>","protected":false},"excerpt":{"rendered":"<p>Queenie Goldstein's wand inspired by the Fantastic Beasts saga.<\/p>\n<ul>\n<li>Resin rod, imitates ebony-black wood.<\/li>\n<li>Snail shell handle.<\/li>\n<li>Metal core<\/li>\n<li>Collector's character box with blue velvet interior.<\/li>\n<li>Character card.<\/li>\n<li>Length: 36.5 cm<\/li>\n<\/ul>","protected":false},"featured_media":50076,"template":"","meta":[],"product_brand":[896],"product_cat":[24,104,101],"product_tag":[],"class_list":{"0":"post-50075","1":"product","2":"type-product","3":"status-publish","4":"has-post-thumbnail","6":"product_brand-replique-manga-cine","7":"product_cat-films-series-tv-vente-de-katana-epee-et-produits-derives","8":"product_cat-les-animaux-fantastiques","9":"product_cat-soldes","11":"first","12":"instock","13":"sale","14":"taxable","15":"shipping-taxable","16":"purchasable","17":"product-type-simple"},"yoast_head":"<!-- This site is optimized with the Yoast SEO plugin v27.5 - https:\/\/yoast.com\/product\/yoast-seo-wordpress\/ -->\n<title>Baguette Queenie Goldstein - Les Animaux Fantastiques - RMC<\/title>\n<meta name=\"description\" content=\"D\u00e9couvrez cette baguette Queenie Goldstein dans Les Animaux Fantastiques au meilleur prix. En r\u00e9sine - Noyau en m\u00e9tal - Longueur : 36.5 cm\" \/>\n<meta name=\"robots\" content=\"index, follow, max-snippet:-1, max-image-preview:large, max-video-preview:-1\" \/>\n<link rel=\"canonical\" href=\"https:\/\/repliquemangacine.fr\/en\/fantastic-animals\/wand-queenie-goldstein-fantastic-animals\/\" \/>\n<meta property=\"og:locale\" content=\"en_US\" \/>\n<meta property=\"og:type\" content=\"article\" \/>\n<meta property=\"og:title\" content=\"Baguette Queenie Goldstein - Les Animaux Fantastiques - RMC\" \/>\n<meta property=\"og:description\" content=\"D\u00e9couvrez cette baguette Queenie Goldstein dans Les Animaux Fantastiques au meilleur prix. En r\u00e9sine - Noyau en m\u00e9tal - Longueur : 36.5 cm\" \/>\n<meta property=\"og:url\" content=\"https:\/\/repliquemangacine.fr\/en\/fantastic-animals\/wand-queenie-goldstein-fantastic-animals\/\" \/>\n<meta property=\"og:site_name\" content=\"R\u00e9plique Manga Cin\u00e9\" \/>\n<meta property=\"article:publisher\" content=\"https:\/\/www.facebook.com\/RepliqueMangaCine\" \/>\n<meta property=\"article:modified_time\" content=\"2026-02-20T16:14:13+00:00\" \/>\n<meta property=\"og:image\" content=\"https:\/\/repliquemangacine.fr\/wp-content\/uploads\/2023\/10\/baguette-Queenie-Goldstein.jpg\" \/>\n\t<meta property=\"og:image:width\" content=\"600\" \/>\n\t<meta property=\"og:image:height\" content=\"600\" \/>\n\t<meta property=\"og:image:type\" content=\"image\/jpeg\" \/>\n<meta name=\"twitter:card\" content=\"summary_large_image\" \/>\n<meta name=\"twitter:label1\" content=\"Est. reading time\" \/>\n\t<meta name=\"twitter:data1\" content=\"2 minutes\" \/>\n<script type=\"application\/ld+json\" class=\"yoast-schema-graph\">{\"@context\":\"https:\\\/\\\/schema.org\",\"@graph\":[{\"@type\":\"WebPage\",\"@id\":\"https:\\\/\\\/repliquemangacine.fr\\\/les-animaux-fantastiques\\\/baguette-queenie-goldstein-animaux-fantastiques\\\/\",\"url\":\"https:\\\/\\\/repliquemangacine.fr\\\/les-animaux-fantastiques\\\/baguette-queenie-goldstein-animaux-fantastiques\\\/\",\"name\":\"Baguette Queenie Goldstein - Les Animaux Fantastiques - RMC\",\"isPartOf\":{\"@id\":\"https:\\\/\\\/repliquemangacine.fr\\\/#website\"},\"primaryImageOfPage\":{\"@id\":\"https:\\\/\\\/repliquemangacine.fr\\\/les-animaux-fantastiques\\\/baguette-queenie-goldstein-animaux-fantastiques\\\/#primaryimage\"},\"image\":{\"@id\":\"https:\\\/\\\/repliquemangacine.fr\\\/les-animaux-fantastiques\\\/baguette-queenie-goldstein-animaux-fantastiques\\\/#primaryimage\"},\"thumbnailUrl\":\"https:\\\/\\\/repliquemangacine.fr\\\/wp-content\\\/uploads\\\/2023\\\/10\\\/baguette-Queenie-Goldstein.jpg\",\"datePublished\":\"2022-04-28T10:26:25+00:00\",\"dateModified\":\"2026-02-20T16:14:13+00:00\",\"description\":\"D\u00e9couvrez cette baguette Queenie Goldstein dans Les Animaux Fantastiques au meilleur prix. En r\u00e9sine - Noyau en m\u00e9tal - Longueur : 36.5 cm\",\"breadcrumb\":{\"@id\":\"https:\\\/\\\/repliquemangacine.fr\\\/les-animaux-fantastiques\\\/baguette-queenie-goldstein-animaux-fantastiques\\\/#breadcrumb\"},\"inLanguage\":\"en-US\",\"potentialAction\":[{\"@type\":\"ReadAction\",\"target\":[\"https:\\\/\\\/repliquemangacine.fr\\\/les-animaux-fantastiques\\\/baguette-queenie-goldstein-animaux-fantastiques\\\/\"]}]},{\"@type\":\"ImageObject\",\"inLanguage\":\"en-US\",\"@id\":\"https:\\\/\\\/repliquemangacine.fr\\\/les-animaux-fantastiques\\\/baguette-queenie-goldstein-animaux-fantastiques\\\/#primaryimage\",\"url\":\"https:\\\/\\\/repliquemangacine.fr\\\/wp-content\\\/uploads\\\/2023\\\/10\\\/baguette-Queenie-Goldstein.jpg\",\"contentUrl\":\"https:\\\/\\\/repliquemangacine.fr\\\/wp-content\\\/uploads\\\/2023\\\/10\\\/baguette-Queenie-Goldstein.jpg\",\"width\":600,\"height\":600,\"caption\":\"baguette-Queenie-Goldstein les animaux fantastiques\"},{\"@type\":\"BreadcrumbList\",\"@id\":\"https:\\\/\\\/repliquemangacine.fr\\\/les-animaux-fantastiques\\\/baguette-queenie-goldstein-animaux-fantastiques\\\/#breadcrumb\",\"itemListElement\":[{\"@type\":\"ListItem\",\"position\":1,\"name\":\"Accueil\",\"item\":\"https:\\\/\\\/repliquemangacine.fr\\\/\"},{\"@type\":\"ListItem\",\"position\":2,\"name\":\"Produits\",\"item\":\"https:\\\/\\\/repliquemangacine.fr\\\/boutique\\\/\"},{\"@type\":\"ListItem\",\"position\":3,\"name\":\"Baguette Queenie\"}]},{\"@type\":\"WebSite\",\"@id\":\"https:\\\/\\\/repliquemangacine.fr\\\/#website\",\"url\":\"https:\\\/\\\/repliquemangacine.fr\\\/\",\"name\":\"R\u00e9plique Manga Cin\u00e9\",\"description\":\"\",\"publisher\":{\"@id\":\"https:\\\/\\\/repliquemangacine.fr\\\/#organization\"},\"potentialAction\":[{\"@type\":\"SearchAction\",\"target\":{\"@type\":\"EntryPoint\",\"urlTemplate\":\"https:\\\/\\\/repliquemangacine.fr\\\/?s={search_term_string}\"},\"query-input\":{\"@type\":\"PropertyValueSpecification\",\"valueRequired\":true,\"valueName\":\"search_term_string\"}}],\"inLanguage\":\"en-US\"},{\"@type\":\"Organization\",\"@id\":\"https:\\\/\\\/repliquemangacine.fr\\\/#organization\",\"name\":\"R\u00e9plique Manga Cin\u00e9\",\"url\":\"https:\\\/\\\/repliquemangacine.fr\\\/\",\"logo\":{\"@type\":\"ImageObject\",\"inLanguage\":\"en-US\",\"@id\":\"https:\\\/\\\/repliquemangacine.fr\\\/#\\\/schema\\\/logo\\\/image\\\/\",\"url\":\"https:\\\/\\\/repliquemangacine.fr\\\/wp-content\\\/uploads\\\/2023\\\/10\\\/RMC-500250.png\",\"contentUrl\":\"https:\\\/\\\/repliquemangacine.fr\\\/wp-content\\\/uploads\\\/2023\\\/10\\\/RMC-500250.png\",\"width\":500,\"height\":250,\"caption\":\"R\u00e9plique Manga Cin\u00e9\"},\"image\":{\"@id\":\"https:\\\/\\\/repliquemangacine.fr\\\/#\\\/schema\\\/logo\\\/image\\\/\"},\"sameAs\":[\"https:\\\/\\\/www.facebook.com\\\/RepliqueMangaCine\",\"https:\\\/\\\/www.instagram.com\\\/repliquemangacine.fr\\\/\"]}]}<\/script>\n<!-- \/ Yoast SEO plugin. -->","yoast_head_json":{"title":"Wand Queenie Goldstein - Fantastic Beasts - RMC","description":"Discover this Queenie Goldstein wand from Fantastic Beasts at the best price. Resin - Metal core - Length: 36.5 cm","robots":{"index":"index","follow":"follow","max-snippet":"max-snippet:-1","max-image-preview":"max-image-preview:large","max-video-preview":"max-video-preview:-1"},"canonical":"https:\/\/repliquemangacine.fr\/en\/fantastic-animals\/wand-queenie-goldstein-fantastic-animals\/","og_locale":"en_US","og_type":"article","og_title":"Baguette Queenie Goldstein - Les Animaux Fantastiques - RMC","og_description":"D\u00e9couvrez cette baguette Queenie Goldstein dans Les Animaux Fantastiques au meilleur prix. En r\u00e9sine - Noyau en m\u00e9tal - Longueur : 36.5 cm","og_url":"https:\/\/repliquemangacine.fr\/en\/fantastic-animals\/wand-queenie-goldstein-fantastic-animals\/","og_site_name":"R\u00e9plique Manga Cin\u00e9","article_publisher":"https:\/\/www.facebook.com\/RepliqueMangaCine","article_modified_time":"2026-02-20T16:14:13+00:00","og_image":[{"width":600,"height":600,"url":"https:\/\/repliquemangacine.fr\/wp-content\/uploads\/2023\/10\/baguette-Queenie-Goldstein.jpg","type":"image\/jpeg"}],"twitter_card":"summary_large_image","twitter_misc":{"Est. reading time":"2 minutes"},"schema":{"@context":"https:\/\/schema.org","@graph":[{"@type":"WebPage","@id":"https:\/\/repliquemangacine.fr\/les-animaux-fantastiques\/baguette-queenie-goldstein-animaux-fantastiques\/","url":"https:\/\/repliquemangacine.fr\/les-animaux-fantastiques\/baguette-queenie-goldstein-animaux-fantastiques\/","name":"Wand Queenie Goldstein - Fantastic Beasts - RMC","isPartOf":{"@id":"https:\/\/repliquemangacine.fr\/#website"},"primaryImageOfPage":{"@id":"https:\/\/repliquemangacine.fr\/les-animaux-fantastiques\/baguette-queenie-goldstein-animaux-fantastiques\/#primaryimage"},"image":{"@id":"https:\/\/repliquemangacine.fr\/les-animaux-fantastiques\/baguette-queenie-goldstein-animaux-fantastiques\/#primaryimage"},"thumbnailUrl":"https:\/\/repliquemangacine.fr\/wp-content\/uploads\/2023\/10\/baguette-Queenie-Goldstein.jpg","datePublished":"2022-04-28T10:26:25+00:00","dateModified":"2026-02-20T16:14:13+00:00","description":"Discover this Queenie Goldstein wand from Fantastic Beasts at the best price. Resin - Metal core - Length: 36.5 cm","breadcrumb":{"@id":"https:\/\/repliquemangacine.fr\/les-animaux-fantastiques\/baguette-queenie-goldstein-animaux-fantastiques\/#breadcrumb"},"inLanguage":"en-US","potentialAction":[{"@type":"ReadAction","target":["https:\/\/repliquemangacine.fr\/les-animaux-fantastiques\/baguette-queenie-goldstein-animaux-fantastiques\/"]}]},{"@type":"ImageObject","inLanguage":"en-US","@id":"https:\/\/repliquemangacine.fr\/les-animaux-fantastiques\/baguette-queenie-goldstein-animaux-fantastiques\/#primaryimage","url":"https:\/\/repliquemangacine.fr\/wp-content\/uploads\/2023\/10\/baguette-Queenie-Goldstein.jpg","contentUrl":"https:\/\/repliquemangacine.fr\/wp-content\/uploads\/2023\/10\/baguette-Queenie-Goldstein.jpg","width":600,"height":600,"caption":"baguette-Queenie-Goldstein les animaux fantastiques"},{"@type":"BreadcrumbList","@id":"https:\/\/repliquemangacine.fr\/les-animaux-fantastiques\/baguette-queenie-goldstein-animaux-fantastiques\/#breadcrumb","itemListElement":[{"@type":"ListItem","position":1,"name":"Accueil","item":"https:\/\/repliquemangacine.fr\/"},{"@type":"ListItem","position":2,"name":"Produits","item":"https:\/\/repliquemangacine.fr\/boutique\/"},{"@type":"ListItem","position":3,"name":"Baguette Queenie"}]},{"@type":"WebSite","@id":"https:\/\/repliquemangacine.fr\/#website","url":"https:\/\/repliquemangacine.fr\/","name":"R\u00e9plique Manga Cin\u00e9","description":"","publisher":{"@id":"https:\/\/repliquemangacine.fr\/#organization"},"potentialAction":[{"@type":"SearchAction","target":{"@type":"EntryPoint","urlTemplate":"https:\/\/repliquemangacine.fr\/?s={search_term_string}"},"query-input":{"@type":"PropertyValueSpecification","valueRequired":true,"valueName":"search_term_string"}}],"inLanguage":"en-US"},{"@type":"Organization","@id":"https:\/\/repliquemangacine.fr\/#organization","name":"R\u00e9plique Manga Cin\u00e9","url":"https:\/\/repliquemangacine.fr\/","logo":{"@type":"ImageObject","inLanguage":"en-US","@id":"https:\/\/repliquemangacine.fr\/#\/schema\/logo\/image\/","url":"https:\/\/repliquemangacine.fr\/wp-content\/uploads\/2023\/10\/RMC-500250.png","contentUrl":"https:\/\/repliquemangacine.fr\/wp-content\/uploads\/2023\/10\/RMC-500250.png","width":500,"height":250,"caption":"R\u00e9plique Manga Cin\u00e9"},"image":{"@id":"https:\/\/repliquemangacine.fr\/#\/schema\/logo\/image\/"},"sameAs":["https:\/\/www.facebook.com\/RepliqueMangaCine","https:\/\/www.instagram.com\/repliquemangacine.fr\/"]}]}},"_links":{"self":[{"href":"https:\/\/repliquemangacine.fr\/en\/wp-json\/wp\/v2\/product\/50075","targetHints":{"allow":["GET"]}}],"collection":[{"href":"https:\/\/repliquemangacine.fr\/en\/wp-json\/wp\/v2\/product"}],"about":[{"href":"https:\/\/repliquemangacine.fr\/en\/wp-json\/wp\/v2\/types\/product"}],"wp:featuredmedia":[{"embeddable":true,"href":"https:\/\/repliquemangacine.fr\/en\/wp-json\/wp\/v2\/media\/50076"}],"wp:attachment":[{"href":"https:\/\/repliquemangacine.fr\/en\/wp-json\/wp\/v2\/media?parent=50075"}],"wp:term":[{"taxonomy":"product_brand","embeddable":true,"href":"https:\/\/repliquemangacine.fr\/en\/wp-json\/wp\/v2\/product_brand?post=50075"},{"taxonomy":"product_cat","embeddable":true,"href":"https:\/\/repliquemangacine.fr\/en\/wp-json\/wp\/v2\/product_cat?post=50075"},{"taxonomy":"product_tag","embeddable":true,"href":"https:\/\/repliquemangacine.fr\/en\/wp-json\/wp\/v2\/product_tag?post=50075"}],"curies":[{"name":"wp","href":"https:\/\/api.w.org\/{rel}","templated":true}]}}