





{"id":50034,"date":"2022-04-27T13:34:11","date_gmt":"2022-04-27T11:34:11","guid":{"rendered":"https:\/\/repliquemangacine.fr\/?post_type=product&#038;p=50034"},"modified":"2025-09-23T18:02:45","modified_gmt":"2025-09-23T16:02:45","slug":"fantastic-animals-grindelwald-wand","status":"publish","type":"product","link":"https:\/\/repliquemangacine.fr\/en\/les-animaux-fantastiques\/baguette-grindelwald-les-animaux-fantastiques\/","title":{"rendered":"Grindelwald wand"},"content":{"rendered":"<h2>Gellert Grindelwald wand - Fantastic Beasts<\/h2>\n<p>To begin with, the <strong>Gellert Grindelwald wand<\/strong>, is made of resin, with a metal rod at the heart of the rod for exceptional quality.<\/p>\n<p>The story's main antagonist. He is one of the best-known wizards of his time, but also one of the most dangerous and powerful.<\/p>\n<p>In the 1926 film Fantastic Beasts, Grindelwald wreaks havoc on the magical world. The dark wizard is committing serious crimes and attacks in Europe, endangering the secrecy of magic. The International Confederation of Wizards attempts to stop Grindelwald by mobilizing <a href=\"https:\/\/harrypotter.fandom.com\/fr\/wiki\/Auror?so=search\" target=\"_blank\" rel=\"noopener noreferrer\">Aurors<\/a> international markets.<\/p>\n<p>In Dumbledore's Secrets, Grindelwald is at the height of his powers. Albus Dumbledore tracks him down to stop his rise...<\/p>\n<h2>Your inexpensive Gellert Grindelwald wand.<\/h2>\n<p>We offer a wide selection of Fantastic Beasts Magic Wands.<\/p>\n<p>To get started,<\/p>\n<ul>\n<li>The wand of Porpentina Goldstein, Queenie's sister in Fantastic Beasts.<\/li>\n<li>But also Queenie Goldstein in Les Animaux Fantstiques .<\/li>\n<li>And many more to discover!<\/li>\n<li>Discover also all our <a href=\"https:\/\/repliquemangacine.fr\/en\/character-chopsticks\/\">Harry Potter character wands<\/a><\/li>\n<\/ul>\n<p>Here's a great gift idea for all Harry Potter fans!<\/p>\n<p>In conclusion, you can also use this <strong>Gellert Grindelwald wand<\/strong> for your cosplays or theme parties. But above all, it's a decorative collector's item.<\/p>\n<p>R\u00e9plique Manga Cin\u00e9 is a French family business.<\/p>\n<h2>How are wizards' wands made?<\/h2>\n<p>A wand is an object made up of two variable elements: wood, usually from a tree, and the so-called wand core, which can come from a variety of magical creatures or plants. It is a tool used by wizards and witches to sharpen their spells and obtain better results when using magic.<\/p>\n<p>Our chopsticks are made of moulded resin, with a metal rod at the heart of the chopstick, which gives your <strong>Gellert Grindelwald wand<\/strong> remarkable resistance.<\/p>\n<p>It's worth pointing out that most wizards buy their wand at the age of eleven before beginning their magical education. Young wizards can buy their wand themselves from a vendor, with British students traditionally going to Ollivander's.<\/p>\n<p>&nbsp;<\/p>\n<p>&nbsp;<\/p>","protected":false},"excerpt":{"rendered":"<p>Gellert Grindelwald's wand inspired by the Fantastic Beasts saga.<\/p>\n<ul>\n<li>Resin rod, imitation dark elder wood.<\/li>\n<li>Handle embellished with spheres.<\/li>\n<li>Metal core.<\/li>\n<li>Collector's character box with blue velvet interior.<\/li>\n<li>Character card.<\/li>\n<li>Length: 41.5 cm<\/li>\n<\/ul>\n<p>&nbsp;<\/p>","protected":false},"featured_media":50035,"template":"","meta":[],"product_brand":[896],"product_cat":[24,104,101],"product_tag":[],"class_list":{"0":"post-50034","1":"product","2":"type-product","3":"status-publish","4":"has-post-thumbnail","6":"product_brand-replique-manga-cine","7":"product_cat-films-series-tv-vente-de-katana-epee-et-produits-derives","8":"product_cat-les-animaux-fantastiques","9":"product_cat-soldes","11":"first","12":"instock","13":"sale","14":"taxable","15":"shipping-taxable","16":"purchasable","17":"product-type-simple"},"yoast_head":"<!-- This site is optimized with the Yoast SEO plugin v27.5 - https:\/\/yoast.com\/product\/yoast-seo-wordpress\/ -->\n<title>Baguette Grindelwald - Fantastic Beasts - R\u00e9plique Manga Cin\u00e9<\/title>\n<meta name=\"description\" content=\"D\u00e9couvrez cette baguette Gellert Grindelwald dans Les Animaux Fantastiques au meilleur prix - En r\u00e9sine - Noyau en m\u00e9tal - Longueur : 41.5 cm\" \/>\n<meta name=\"robots\" content=\"index, follow, max-snippet:-1, max-image-preview:large, max-video-preview:-1\" \/>\n<link rel=\"canonical\" href=\"https:\/\/repliquemangacine.fr\/en\/fantastic-animals\/fantastic-animals-grindelwald-wand\/\" \/>\n<meta property=\"og:locale\" content=\"en_US\" \/>\n<meta property=\"og:type\" content=\"article\" \/>\n<meta property=\"og:title\" content=\"Baguette Grindelwald - Fantastic Beasts - R\u00e9plique Manga Cin\u00e9\" \/>\n<meta property=\"og:description\" content=\"D\u00e9couvrez cette baguette Gellert Grindelwald dans Les Animaux Fantastiques au meilleur prix - En r\u00e9sine - Noyau en m\u00e9tal - Longueur : 41.5 cm\" \/>\n<meta property=\"og:url\" content=\"https:\/\/repliquemangacine.fr\/en\/fantastic-animals\/fantastic-animals-grindelwald-wand\/\" \/>\n<meta property=\"og:site_name\" content=\"R\u00e9plique Manga Cin\u00e9\" \/>\n<meta property=\"article:publisher\" content=\"https:\/\/www.facebook.com\/RepliqueMangaCine\" \/>\n<meta property=\"article:modified_time\" content=\"2025-09-23T16:02:45+00:00\" \/>\n<meta property=\"og:image\" content=\"https:\/\/repliquemangacine.fr\/wp-content\/uploads\/2023\/10\/Baguette-Grindewald-Les-Animaux-Fantastiques.jpg\" \/>\n\t<meta property=\"og:image:width\" content=\"600\" \/>\n\t<meta property=\"og:image:height\" content=\"600\" \/>\n\t<meta property=\"og:image:type\" content=\"image\/jpeg\" \/>\n<meta name=\"twitter:card\" content=\"summary_large_image\" \/>\n<meta name=\"twitter:label1\" content=\"Est. reading time\" \/>\n\t<meta name=\"twitter:data1\" content=\"2 minutes\" \/>\n<script type=\"application\/ld+json\" class=\"yoast-schema-graph\">{\"@context\":\"https:\\\/\\\/schema.org\",\"@graph\":[{\"@type\":\"WebPage\",\"@id\":\"https:\\\/\\\/repliquemangacine.fr\\\/les-animaux-fantastiques\\\/baguette-grindelwald-les-animaux-fantastiques\\\/\",\"url\":\"https:\\\/\\\/repliquemangacine.fr\\\/les-animaux-fantastiques\\\/baguette-grindelwald-les-animaux-fantastiques\\\/\",\"name\":\"Baguette Grindelwald - Fantastic Beasts - R\u00e9plique Manga Cin\u00e9\",\"isPartOf\":{\"@id\":\"https:\\\/\\\/repliquemangacine.fr\\\/#website\"},\"primaryImageOfPage\":{\"@id\":\"https:\\\/\\\/repliquemangacine.fr\\\/les-animaux-fantastiques\\\/baguette-grindelwald-les-animaux-fantastiques\\\/#primaryimage\"},\"image\":{\"@id\":\"https:\\\/\\\/repliquemangacine.fr\\\/les-animaux-fantastiques\\\/baguette-grindelwald-les-animaux-fantastiques\\\/#primaryimage\"},\"thumbnailUrl\":\"https:\\\/\\\/repliquemangacine.fr\\\/wp-content\\\/uploads\\\/2023\\\/10\\\/Baguette-Grindewald-Les-Animaux-Fantastiques.jpg\",\"datePublished\":\"2022-04-27T11:34:11+00:00\",\"dateModified\":\"2025-09-23T16:02:45+00:00\",\"description\":\"D\u00e9couvrez cette baguette Gellert Grindelwald dans Les Animaux Fantastiques au meilleur prix - En r\u00e9sine - Noyau en m\u00e9tal - Longueur : 41.5 cm\",\"breadcrumb\":{\"@id\":\"https:\\\/\\\/repliquemangacine.fr\\\/les-animaux-fantastiques\\\/baguette-grindelwald-les-animaux-fantastiques\\\/#breadcrumb\"},\"inLanguage\":\"en-US\",\"potentialAction\":[{\"@type\":\"ReadAction\",\"target\":[\"https:\\\/\\\/repliquemangacine.fr\\\/les-animaux-fantastiques\\\/baguette-grindelwald-les-animaux-fantastiques\\\/\"]}]},{\"@type\":\"ImageObject\",\"inLanguage\":\"en-US\",\"@id\":\"https:\\\/\\\/repliquemangacine.fr\\\/les-animaux-fantastiques\\\/baguette-grindelwald-les-animaux-fantastiques\\\/#primaryimage\",\"url\":\"https:\\\/\\\/repliquemangacine.fr\\\/wp-content\\\/uploads\\\/2023\\\/10\\\/Baguette-Grindewald-Les-Animaux-Fantastiques.jpg\",\"contentUrl\":\"https:\\\/\\\/repliquemangacine.fr\\\/wp-content\\\/uploads\\\/2023\\\/10\\\/Baguette-Grindewald-Les-Animaux-Fantastiques.jpg\",\"width\":600,\"height\":600,\"caption\":\"fantastic beasts r\u00e9plique baguette de Gellert Grindelwald\"},{\"@type\":\"BreadcrumbList\",\"@id\":\"https:\\\/\\\/repliquemangacine.fr\\\/les-animaux-fantastiques\\\/baguette-grindelwald-les-animaux-fantastiques\\\/#breadcrumb\",\"itemListElement\":[{\"@type\":\"ListItem\",\"position\":1,\"name\":\"Accueil\",\"item\":\"https:\\\/\\\/repliquemangacine.fr\\\/\"},{\"@type\":\"ListItem\",\"position\":2,\"name\":\"Produits\",\"item\":\"https:\\\/\\\/repliquemangacine.fr\\\/boutique\\\/\"},{\"@type\":\"ListItem\",\"position\":3,\"name\":\"Baguette Grindelwald\"}]},{\"@type\":\"WebSite\",\"@id\":\"https:\\\/\\\/repliquemangacine.fr\\\/#website\",\"url\":\"https:\\\/\\\/repliquemangacine.fr\\\/\",\"name\":\"R\u00e9plique Manga Cin\u00e9\",\"description\":\"\",\"publisher\":{\"@id\":\"https:\\\/\\\/repliquemangacine.fr\\\/#organization\"},\"potentialAction\":[{\"@type\":\"SearchAction\",\"target\":{\"@type\":\"EntryPoint\",\"urlTemplate\":\"https:\\\/\\\/repliquemangacine.fr\\\/?s={search_term_string}\"},\"query-input\":{\"@type\":\"PropertyValueSpecification\",\"valueRequired\":true,\"valueName\":\"search_term_string\"}}],\"inLanguage\":\"en-US\"},{\"@type\":\"Organization\",\"@id\":\"https:\\\/\\\/repliquemangacine.fr\\\/#organization\",\"name\":\"R\u00e9plique Manga Cin\u00e9\",\"url\":\"https:\\\/\\\/repliquemangacine.fr\\\/\",\"logo\":{\"@type\":\"ImageObject\",\"inLanguage\":\"en-US\",\"@id\":\"https:\\\/\\\/repliquemangacine.fr\\\/#\\\/schema\\\/logo\\\/image\\\/\",\"url\":\"https:\\\/\\\/repliquemangacine.fr\\\/wp-content\\\/uploads\\\/2023\\\/10\\\/RMC-500250.png\",\"contentUrl\":\"https:\\\/\\\/repliquemangacine.fr\\\/wp-content\\\/uploads\\\/2023\\\/10\\\/RMC-500250.png\",\"width\":500,\"height\":250,\"caption\":\"R\u00e9plique Manga Cin\u00e9\"},\"image\":{\"@id\":\"https:\\\/\\\/repliquemangacine.fr\\\/#\\\/schema\\\/logo\\\/image\\\/\"},\"sameAs\":[\"https:\\\/\\\/www.facebook.com\\\/RepliqueMangaCine\",\"https:\\\/\\\/www.instagram.com\\\/repliquemangacine.fr\\\/\"]}]}<\/script>\n<!-- \/ Yoast SEO plugin. -->","yoast_head_json":{"title":"Grindelwald Wand - Fantastic Beasts - R\u00e9plique Manga Cin\u00e9","description":"Discover this Gellert Grindelwald wand in Fantastic Beasts at the best price - Resin - Metal core - Length: 41.5 cm","robots":{"index":"index","follow":"follow","max-snippet":"max-snippet:-1","max-image-preview":"max-image-preview:large","max-video-preview":"max-video-preview:-1"},"canonical":"https:\/\/repliquemangacine.fr\/en\/fantastic-animals\/fantastic-animals-grindelwald-wand\/","og_locale":"en_US","og_type":"article","og_title":"Baguette Grindelwald - Fantastic Beasts - R\u00e9plique Manga Cin\u00e9","og_description":"D\u00e9couvrez cette baguette Gellert Grindelwald dans Les Animaux Fantastiques au meilleur prix - En r\u00e9sine - Noyau en m\u00e9tal - Longueur : 41.5 cm","og_url":"https:\/\/repliquemangacine.fr\/en\/fantastic-animals\/fantastic-animals-grindelwald-wand\/","og_site_name":"R\u00e9plique Manga Cin\u00e9","article_publisher":"https:\/\/www.facebook.com\/RepliqueMangaCine","article_modified_time":"2025-09-23T16:02:45+00:00","og_image":[{"width":600,"height":600,"url":"https:\/\/repliquemangacine.fr\/wp-content\/uploads\/2023\/10\/Baguette-Grindewald-Les-Animaux-Fantastiques.jpg","type":"image\/jpeg"}],"twitter_card":"summary_large_image","twitter_misc":{"Est. reading time":"2 minutes"},"schema":{"@context":"https:\/\/schema.org","@graph":[{"@type":"WebPage","@id":"https:\/\/repliquemangacine.fr\/les-animaux-fantastiques\/baguette-grindelwald-les-animaux-fantastiques\/","url":"https:\/\/repliquemangacine.fr\/les-animaux-fantastiques\/baguette-grindelwald-les-animaux-fantastiques\/","name":"Grindelwald Wand - Fantastic Beasts - R\u00e9plique Manga Cin\u00e9","isPartOf":{"@id":"https:\/\/repliquemangacine.fr\/#website"},"primaryImageOfPage":{"@id":"https:\/\/repliquemangacine.fr\/les-animaux-fantastiques\/baguette-grindelwald-les-animaux-fantastiques\/#primaryimage"},"image":{"@id":"https:\/\/repliquemangacine.fr\/les-animaux-fantastiques\/baguette-grindelwald-les-animaux-fantastiques\/#primaryimage"},"thumbnailUrl":"https:\/\/repliquemangacine.fr\/wp-content\/uploads\/2023\/10\/Baguette-Grindewald-Les-Animaux-Fantastiques.jpg","datePublished":"2022-04-27T11:34:11+00:00","dateModified":"2025-09-23T16:02:45+00:00","description":"Discover this Gellert Grindelwald wand in Fantastic Beasts at the best price - Resin - Metal core - Length: 41.5 cm","breadcrumb":{"@id":"https:\/\/repliquemangacine.fr\/les-animaux-fantastiques\/baguette-grindelwald-les-animaux-fantastiques\/#breadcrumb"},"inLanguage":"en-US","potentialAction":[{"@type":"ReadAction","target":["https:\/\/repliquemangacine.fr\/les-animaux-fantastiques\/baguette-grindelwald-les-animaux-fantastiques\/"]}]},{"@type":"ImageObject","inLanguage":"en-US","@id":"https:\/\/repliquemangacine.fr\/les-animaux-fantastiques\/baguette-grindelwald-les-animaux-fantastiques\/#primaryimage","url":"https:\/\/repliquemangacine.fr\/wp-content\/uploads\/2023\/10\/Baguette-Grindewald-Les-Animaux-Fantastiques.jpg","contentUrl":"https:\/\/repliquemangacine.fr\/wp-content\/uploads\/2023\/10\/Baguette-Grindewald-Les-Animaux-Fantastiques.jpg","width":600,"height":600,"caption":"fantastic beasts r\u00e9plique baguette de Gellert Grindelwald"},{"@type":"BreadcrumbList","@id":"https:\/\/repliquemangacine.fr\/les-animaux-fantastiques\/baguette-grindelwald-les-animaux-fantastiques\/#breadcrumb","itemListElement":[{"@type":"ListItem","position":1,"name":"Accueil","item":"https:\/\/repliquemangacine.fr\/"},{"@type":"ListItem","position":2,"name":"Produits","item":"https:\/\/repliquemangacine.fr\/boutique\/"},{"@type":"ListItem","position":3,"name":"Baguette Grindelwald"}]},{"@type":"WebSite","@id":"https:\/\/repliquemangacine.fr\/#website","url":"https:\/\/repliquemangacine.fr\/","name":"R\u00e9plique Manga Cin\u00e9","description":"","publisher":{"@id":"https:\/\/repliquemangacine.fr\/#organization"},"potentialAction":[{"@type":"SearchAction","target":{"@type":"EntryPoint","urlTemplate":"https:\/\/repliquemangacine.fr\/?s={search_term_string}"},"query-input":{"@type":"PropertyValueSpecification","valueRequired":true,"valueName":"search_term_string"}}],"inLanguage":"en-US"},{"@type":"Organization","@id":"https:\/\/repliquemangacine.fr\/#organization","name":"R\u00e9plique Manga Cin\u00e9","url":"https:\/\/repliquemangacine.fr\/","logo":{"@type":"ImageObject","inLanguage":"en-US","@id":"https:\/\/repliquemangacine.fr\/#\/schema\/logo\/image\/","url":"https:\/\/repliquemangacine.fr\/wp-content\/uploads\/2023\/10\/RMC-500250.png","contentUrl":"https:\/\/repliquemangacine.fr\/wp-content\/uploads\/2023\/10\/RMC-500250.png","width":500,"height":250,"caption":"R\u00e9plique Manga Cin\u00e9"},"image":{"@id":"https:\/\/repliquemangacine.fr\/#\/schema\/logo\/image\/"},"sameAs":["https:\/\/www.facebook.com\/RepliqueMangaCine","https:\/\/www.instagram.com\/repliquemangacine.fr\/"]}]}},"_links":{"self":[{"href":"https:\/\/repliquemangacine.fr\/en\/wp-json\/wp\/v2\/product\/50034","targetHints":{"allow":["GET"]}}],"collection":[{"href":"https:\/\/repliquemangacine.fr\/en\/wp-json\/wp\/v2\/product"}],"about":[{"href":"https:\/\/repliquemangacine.fr\/en\/wp-json\/wp\/v2\/types\/product"}],"wp:featuredmedia":[{"embeddable":true,"href":"https:\/\/repliquemangacine.fr\/en\/wp-json\/wp\/v2\/media\/50035"}],"wp:attachment":[{"href":"https:\/\/repliquemangacine.fr\/en\/wp-json\/wp\/v2\/media?parent=50034"}],"wp:term":[{"taxonomy":"product_brand","embeddable":true,"href":"https:\/\/repliquemangacine.fr\/en\/wp-json\/wp\/v2\/product_brand?post=50034"},{"taxonomy":"product_cat","embeddable":true,"href":"https:\/\/repliquemangacine.fr\/en\/wp-json\/wp\/v2\/product_cat?post=50034"},{"taxonomy":"product_tag","embeddable":true,"href":"https:\/\/repliquemangacine.fr\/en\/wp-json\/wp\/v2\/product_tag?post=50034"}],"curies":[{"name":"wp","href":"https:\/\/api.w.org\/{rel}","templated":true}]}}